{"id":125,"date":"2016-12-19T13:18:23","date_gmt":"2016-12-19T13:18:23","guid":{"rendered":"https:\/\/www.ull.es\/portal\/aulasycatedrasculturales\/?page_id=124"},"modified":"2018-06-11T14:23:38","modified_gmt":"2018-06-11T14:23:38","slug":"aula-turismo-cultural","status":"publish","type":"page","link":"https:\/\/www.ull.es\/portal\/aulasycatedrasculturales\/aula-turismo-cultural\/","title":{"rendered":"Aula Cultural de Turismo Cultural"},"content":{"rendered":"<p>[vc_row][vc_column][vc_empty_space][\/vc_column][\/vc_row][vc_row][vc_column width=\u00bb1\/3&#8243;][vc_single_image image=\u00bb1493&#8243; img_size=\u00bbfull\u00bb][vc_column_text]<strong>Directores: <\/strong>Vicente Manuel Zapata Hern\u00e1ndez y Pedro Manuel Mill\u00e1n del Rosario<\/p>\n<ul>\n<li><i class=\"fa fa-phone\"><\/i>(+34) 922 317 762<\/li>\n<li><i class=\"fa fa-envelope\"><\/i> <a href=\"mailto:vzapata@ull.es\" target=\"_blank\" rel=\"noopener\">vzapata@ull.es<\/a><\/li>\n<\/ul>\n<p>[\/vc_column_text][\/vc_column][vc_column width=\u00bb2\/3&#8243;][vc_column_text]<\/p>\n<h2>Aula Cultural de Turismo Cultural<\/h2>\n<p>[\/vc_column_text][vc_column_text]<\/p>\n<p style=\"text-align: justify;\">El Aula Cultural de Turismo Cultural de la Universidad de La Laguna se formaliza a mediados de los a\u00f1os noventa del siglo XX, a partir de las inquietudes de varias personas relacionadas de una u otra manera con la Universidad, que incorporan en Canarias el concepto y la pr\u00e1ctica del senderismo tem\u00e1tico y cultivan diversas actividades vinculadas con la monta\u00f1a, en una etapa en la que es creciente el inter\u00e9s social por el conocimiento del patrimonio natural y cultural asociado a las actividades recreativas y tur\u00edsticas, particularmente a aqu\u00e9llas que favorecen el desarrollo de rutas a pie.<\/p>\n<p style=\"text-align: justify;\">Desde entonces el Aula ha fomentado el inter\u00e9s por la cultura del viaje, sobre todo en su dimensi\u00f3n experiencial y aventurera, con incursiones en la esfera del monta\u00f1ismo, y tambi\u00e9n, por la pr\u00e1ctica de las actividades senderistas en su vertiente tem\u00e1tica, interpretativa y experiencial, vincul\u00e1ndose asimismo con diversas iniciativas de recuperaci\u00f3n y promoci\u00f3n de caminos tradicionales de modo particular de ra\u00edz comunitaria. Sus dos actividades m\u00e1s importantes y prolongadas en el tiempo se denominan \u2018Escuela de Viajeros\u2019, que se celebra de manera habitual a inicios del verano, y el Seminario sobre \u2018Senderismo tem\u00e1tico, valorizaci\u00f3n del patrimonio y desarrollo local\u2019, que tiene lugar a finales del oto\u00f1o de manera itinerante por la isla de Tenerife.<\/p>\n<p style=\"text-align: justify;\">El Aula ha colaborado y colabora con diversas entidades p\u00fablicas y privadas en el desarrollo de proyectos de inter\u00e9s com\u00fan, como son el Cabildo de Tenerife, la Fundaci\u00f3n Santa Cruz Sostenible, Pir\u00e1mides de G\u00fc\u00edmar, as\u00ed como los ayuntamientos de Tegueste, San Crist\u00f3bal de La Laguna o Santa Cruz de Tenerife, entre otros.<\/p>\n<p>[\/vc_column_text][\/vc_column][\/vc_row]<\/p>\n","protected":false},"excerpt":{"rendered":"<p>[vc_row][vc_column][vc_empty_space][\/vc_column][\/vc_row][vc_row][vc_column width=\u00bb1\/3&#8243;][vc_single_image image=\u00bb1493&#8243; img_size=\u00bbfull\u00bb][vc_column_text]Directores: Vicente Manuel Zapata Hern\u00e1ndez y Pedro Manuel Mill\u00e1n del Rosario (+34) 922 317 762 vzapata@ull.es [\/vc_column_text][\/vc_column][vc_column&#8230;<\/p>\n","protected":false},"author":22,"featured_media":1493,"parent":0,"menu_order":0,"comment_status":"closed","ping_status":"closed","template":"","meta":{"inline_featured_image":false,"footnotes":""},"acf":[],"yoast_head":"<!-- This site is optimized with the Yoast SEO plugin v21.3 - https:\/\/yoast.com\/wordpress\/plugins\/seo\/ -->\n<title>Aula Cultural de Turismo Cultural - Aulas y C\u00e1tedras Culturales<\/title>\n<meta name=\"robots\" content=\"index, follow, max-snippet:-1, max-image-preview:large, max-video-preview:-1\" \/>\n<link rel=\"canonical\" href=\"https:\/\/www.ull.es\/portal\/aulasycatedrasculturales\/aula-turismo-cultural\/\" \/>\n<meta property=\"og:locale\" content=\"es_ES\" \/>\n<meta property=\"og:type\" content=\"article\" \/>\n<meta property=\"og:title\" content=\"Aula Cultural de Turismo Cultural - Aulas y C\u00e1tedras Culturales\" \/>\n<meta property=\"og:description\" content=\"[vc_row][vc_column][vc_empty_space][\/vc_column][\/vc_row][vc_row][vc_column width=\u00bb1\/3&#8243;][vc_single_image image=\u00bb1493&#8243; img_size=\u00bbfull\u00bb][vc_column_text]Directores: Vicente Manuel Zapata Hern\u00e1ndez y Pedro Manuel Mill\u00e1n del Rosario (+34) 922 317 762 vzapata@ull.es [\/vc_column_text][\/vc_column][vc_column...\" \/>\n<meta property=\"og:url\" content=\"https:\/\/www.ull.es\/portal\/aulasycatedrasculturales\/aula-turismo-cultural\/\" \/>\n<meta property=\"og:site_name\" content=\"Aulas y C\u00e1tedras Culturales\" \/>\n<meta property=\"article:modified_time\" content=\"2018-06-11T14:23:38+00:00\" \/>\n<meta property=\"og:image\" content=\"https:\/\/www.ull.es\/portal\/aulasycatedrasculturales\/wp-content\/uploads\/sites\/19\/2016\/12\/aula-turismo-cultural.jpg\" \/>\n\t<meta property=\"og:image:width\" content=\"360\" \/>\n\t<meta property=\"og:image:height\" content=\"360\" \/>\n\t<meta property=\"og:image:type\" content=\"image\/jpeg\" \/>\n<meta name=\"twitter:card\" content=\"summary_large_image\" \/>\n<meta name=\"twitter:label1\" content=\"Tiempo de lectura\" \/>\n\t<meta name=\"twitter:data1\" content=\"2 minutos\" \/>\n<script type=\"application\/ld+json\" class=\"yoast-schema-graph\">{\"@context\":\"https:\/\/schema.org\",\"@graph\":[{\"@type\":\"WebPage\",\"@id\":\"https:\/\/www.ull.es\/portal\/aulasycatedrasculturales\/aula-turismo-cultural\/\",\"url\":\"https:\/\/www.ull.es\/portal\/aulasycatedrasculturales\/aula-turismo-cultural\/\",\"name\":\"Aula Cultural de Turismo Cultural - Aulas y C\u00e1tedras Culturales\",\"isPartOf\":{\"@id\":\"https:\/\/www.ull.es\/portal\/aulasycatedrasculturales\/#website\"},\"datePublished\":\"2016-12-19T13:18:23+00:00\",\"dateModified\":\"2018-06-11T14:23:38+00:00\",\"breadcrumb\":{\"@id\":\"https:\/\/www.ull.es\/portal\/aulasycatedrasculturales\/aula-turismo-cultural\/#breadcrumb\"},\"inLanguage\":\"es\",\"potentialAction\":[{\"@type\":\"ReadAction\",\"target\":[\"https:\/\/www.ull.es\/portal\/aulasycatedrasculturales\/aula-turismo-cultural\/\"]}]},{\"@type\":\"BreadcrumbList\",\"@id\":\"https:\/\/www.ull.es\/portal\/aulasycatedrasculturales\/aula-turismo-cultural\/#breadcrumb\",\"itemListElement\":[{\"@type\":\"ListItem\",\"position\":1,\"name\":\"Portada\",\"item\":\"https:\/\/www.ull.es\/portal\/aulasycatedrasculturales\/\"},{\"@type\":\"ListItem\",\"position\":2,\"name\":\"Aula Cultural de Turismo Cultural\"}]},{\"@type\":\"WebSite\",\"@id\":\"https:\/\/www.ull.es\/portal\/aulasycatedrasculturales\/#website\",\"url\":\"https:\/\/www.ull.es\/portal\/aulasycatedrasculturales\/\",\"name\":\"Aulas y C\u00e1tedras Culturales\",\"description\":\"\",\"potentialAction\":[{\"@type\":\"SearchAction\",\"target\":{\"@type\":\"EntryPoint\",\"urlTemplate\":\"https:\/\/www.ull.es\/portal\/aulasycatedrasculturales\/?s={search_term_string}\"},\"query-input\":\"required name=search_term_string\"}],\"inLanguage\":\"es\"}]}<\/script>\n<!-- \/ Yoast SEO plugin. -->","yoast_head_json":{"title":"Aula Cultural de Turismo Cultural - Aulas y C\u00e1tedras Culturales","robots":{"index":"index","follow":"follow","max-snippet":"max-snippet:-1","max-image-preview":"max-image-preview:large","max-video-preview":"max-video-preview:-1"},"canonical":"https:\/\/www.ull.es\/portal\/aulasycatedrasculturales\/aula-turismo-cultural\/","og_locale":"es_ES","og_type":"article","og_title":"Aula Cultural de Turismo Cultural - Aulas y C\u00e1tedras Culturales","og_description":"[vc_row][vc_column][vc_empty_space][\/vc_column][\/vc_row][vc_row][vc_column width=\u00bb1\/3&#8243;][vc_single_image image=\u00bb1493&#8243; img_size=\u00bbfull\u00bb][vc_column_text]Directores: Vicente Manuel Zapata Hern\u00e1ndez y Pedro Manuel Mill\u00e1n del Rosario (+34) 922 317 762 vzapata@ull.es [\/vc_column_text][\/vc_column][vc_column...","og_url":"https:\/\/www.ull.es\/portal\/aulasycatedrasculturales\/aula-turismo-cultural\/","og_site_name":"Aulas y C\u00e1tedras Culturales","article_modified_time":"2018-06-11T14:23:38+00:00","og_image":[{"width":360,"height":360,"url":"https:\/\/www.ull.es\/portal\/aulasycatedrasculturales\/wp-content\/uploads\/sites\/19\/2016\/12\/aula-turismo-cultural.jpg","type":"image\/jpeg"}],"twitter_card":"summary_large_image","twitter_misc":{"Tiempo de lectura":"2 minutos"},"schema":{"@context":"https:\/\/schema.org","@graph":[{"@type":"WebPage","@id":"https:\/\/www.ull.es\/portal\/aulasycatedrasculturales\/aula-turismo-cultural\/","url":"https:\/\/www.ull.es\/portal\/aulasycatedrasculturales\/aula-turismo-cultural\/","name":"Aula Cultural de Turismo Cultural - Aulas y C\u00e1tedras Culturales","isPartOf":{"@id":"https:\/\/www.ull.es\/portal\/aulasycatedrasculturales\/#website"},"datePublished":"2016-12-19T13:18:23+00:00","dateModified":"2018-06-11T14:23:38+00:00","breadcrumb":{"@id":"https:\/\/www.ull.es\/portal\/aulasycatedrasculturales\/aula-turismo-cultural\/#breadcrumb"},"inLanguage":"es","potentialAction":[{"@type":"ReadAction","target":["https:\/\/www.ull.es\/portal\/aulasycatedrasculturales\/aula-turismo-cultural\/"]}]},{"@type":"BreadcrumbList","@id":"https:\/\/www.ull.es\/portal\/aulasycatedrasculturales\/aula-turismo-cultural\/#breadcrumb","itemListElement":[{"@type":"ListItem","position":1,"name":"Portada","item":"https:\/\/www.ull.es\/portal\/aulasycatedrasculturales\/"},{"@type":"ListItem","position":2,"name":"Aula Cultural de Turismo Cultural"}]},{"@type":"WebSite","@id":"https:\/\/www.ull.es\/portal\/aulasycatedrasculturales\/#website","url":"https:\/\/www.ull.es\/portal\/aulasycatedrasculturales\/","name":"Aulas y C\u00e1tedras Culturales","description":"","potentialAction":[{"@type":"SearchAction","target":{"@type":"EntryPoint","urlTemplate":"https:\/\/www.ull.es\/portal\/aulasycatedrasculturales\/?s={search_term_string}"},"query-input":"required name=search_term_string"}],"inLanguage":"es"}]}},"_links":{"self":[{"href":"https:\/\/www.ull.es\/portal\/aulasycatedrasculturales\/wp-json\/wp\/v2\/pages\/125"}],"collection":[{"href":"https:\/\/www.ull.es\/portal\/aulasycatedrasculturales\/wp-json\/wp\/v2\/pages"}],"about":[{"href":"https:\/\/www.ull.es\/portal\/aulasycatedrasculturales\/wp-json\/wp\/v2\/types\/page"}],"author":[{"embeddable":true,"href":"https:\/\/www.ull.es\/portal\/aulasycatedrasculturales\/wp-json\/wp\/v2\/users\/22"}],"replies":[{"embeddable":true,"href":"https:\/\/www.ull.es\/portal\/aulasycatedrasculturales\/wp-json\/wp\/v2\/comments?post=125"}],"version-history":[{"count":4,"href":"https:\/\/www.ull.es\/portal\/aulasycatedrasculturales\/wp-json\/wp\/v2\/pages\/125\/revisions"}],"predecessor-version":[{"id":1864,"href":"https:\/\/www.ull.es\/portal\/aulasycatedrasculturales\/wp-json\/wp\/v2\/pages\/125\/revisions\/1864"}],"wp:featuredmedia":[{"embeddable":true,"href":"https:\/\/www.ull.es\/portal\/aulasycatedrasculturales\/wp-json\/wp\/v2\/media\/1493"}],"wp:attachment":[{"href":"https:\/\/www.ull.es\/portal\/aulasycatedrasculturales\/wp-json\/wp\/v2\/media?parent=125"}],"curies":[{"name":"wp","href":"https:\/\/api.w.org\/{rel}","templated":true}]}}