{"id":1283,"date":"2017-05-18T08:38:29","date_gmt":"2017-05-18T08:38:29","guid":{"rendered":"http:\/\/catedranew.shidix.es\/?page_id=1283"},"modified":"2018-09-19T12:07:11","modified_gmt":"2018-09-19T12:07:11","slug":"normativa","status":"publish","type":"page","link":"https:\/\/www.ull.es\/portal\/aulasycatedrasculturales\/normativa\/","title":{"rendered":"Normativa"},"content":{"rendered":"<p>[vc_row][vc_column][vc_empty_space][vc_column_text]<\/p>\n<h2><strong>AULAS CULTURALES<\/strong><\/h2>\n<p>[\/vc_column_text][\/vc_column][\/vc_row][vc_row][vc_column][vc_column_text]Las Aulas Culturales de la Universidad de La Laguna (ACULL) son espacios culturales abiertos a la Comunidad Universitaria y a la sociedad en general, que se constituyen como entidades especializadas de car\u00e1cter democr\u00e1tico y participativo, vinculadas org\u00e1nicamente, y a todos los efectos, al Vicerrectorado con competencias en materia de Extensi\u00f3n Universitaria \u00a0como departamento responsable de la pol\u00edtica y proyecci\u00f3n culturales de la ULL.[\/vc_column_text][\/vc_column][\/vc_row][vc_row][vc_column][vc_tta_accordion c_icon=\u00bbchevron\u00bb active_section=\u00bb0&#8243; collapsible_all=\u00bbtrue\u00bb][vc_tta_section title=\u00bbObjetivos\u00bb tab_id=\u00bbobjetivos1&#8243;][vc_column_text]Los objetivos de las ACULL son diversos, debiendo establecerlos cada una de ellas en su correspondiente Documento de Identidad. De modo general, se pueden citar los siguientes:<\/p>\n<ul>\n<li>Promover la dinamizaci\u00f3n cultural en el \u00e1mbito universitario, especializ\u00e1ndose en distintas tem\u00e1ticas.<\/li>\n<li>Contribuir a la descentralizaci\u00f3n de la actividad cultural del Vicerrectorado.<\/li>\n<li>Favorecer la participaci\u00f3n conjunta en actividades culturales de profesores, alumnos y PAS, junto a personas y entidades que no formen parte de la comunidad universitaria.<\/li>\n<\/ul>\n<p>[\/vc_column_text][\/vc_tta_section][vc_tta_section title=\u00bbCreaci\u00f3n, registro y desaparici\u00f3n\u00bb tab_id=\u00bbcreacion1&#8243;][vc_column_text]Las ACULL ser\u00e1n creadas por el Consejo de Gobierno de la ULL, previo acuerdo de la Comisi\u00f3n Delegada con competencias en materia de Extensi\u00f3n Universitaria.<\/p>\n<p>La solicitud de creaci\u00f3n de un Aula deber\u00e1 dirigirse al\/la Vicerrector\/a con competencias en materia de Extensi\u00f3n Universitaria, acompa\u00f1ada preceptivamente de la siguiente documentaci\u00f3n: documento de identidad del Aula (nombre, antecedentes, objetivos, etc.); nombre del Director y Secretario provisionales; relaci\u00f3n de componentes; propuesta de Reglamento de R\u00e9gimen Interior; programa anual de actuaciones; cualquier otra documentaci\u00f3n que se estime conveniente.<\/p>\n<p>En el Vicerrectorado se abrir\u00e1 un Registro de ACULL en el que se inscribir\u00e1n los identificadores de cada Aula, y en especial las variaciones en sus cargos directivos, as\u00ed como todas aquellas modificaciones que se produzcan fruto de su normal funcionamiento.<\/p>\n<p>Cuando un ACULL no realice actividad alguna a lo largo de dos cursos acad\u00e9micos consecutivos, el Vicerrectorado podr\u00e1 proponer a la Comisi\u00f3n Delegada con competencias en materia de Extensi\u00f3n Universitaria \u00a0la desaparici\u00f3n del Aula, que causar\u00e1 baja en el Registro de ACULL cuando lo apruebe el Consejo de Gobierno.[\/vc_column_text][\/vc_tta_section][vc_tta_section title=\u00bbOrganizaci\u00f3n y funcionamiento\u00bb tab_id=\u00bborganizacion1&#8243;][vc_column_text]Las ACULL habr\u00e1n de dotarse de un Reglamento de R\u00e9gimen Interior (RRI), seg\u00fan modelo que se adjunta en el Anexo I, que aprobar\u00e1 el \u00f3rgano que decida la propia Aula y refrendar\u00e1 la Comisi\u00f3n Delegada de Consejo de Gobierno con competencias en materia de Extensi\u00f3n Universitaria, previo dictamen de los servicios jur\u00eddicos de la ULL.<\/p>\n<p>El RRI establecer\u00e1 los \u00f3rganos y los procedimientos que se estimen convenientes con el fin de asegurar la organizaci\u00f3n y el funcionamiento democr\u00e1tico del Aula.<\/p>\n<p>El RRI determinar\u00e1 el procedimiento para la elecci\u00f3n de un Director, que habr\u00e1 de ser miembro de la Comunidad Universitaria y un Secretario de actas del Aula, que ser\u00e1n los interlocutores v\u00e1lidos con el Vicerrectorado. S\u00f3lo en casos excepcionales, suficientemente justificados, podr\u00e1 haber un Codirector externo a la ULL. Los Directores de las Aulas ser\u00e1n nombrados por el\/la Vicerrector\/a con competencias en materia de Extensi\u00f3n Universitaria, dando cuenta de ello a la Comisi\u00f3n Delegada correspondiente.<\/p>\n<p>Se crea una Comisi\u00f3n Asesora de ACULL, integrada por el\/la Vicerrector\/a con competencias en materia de Extensi\u00f3n Universitaria, todos los Directores, el\/la directora\/a del Secretariado de dicho Vicerrectorado, el Jefe de Secci\u00f3n del mismo y el Coordinador de las ACULL. Su objetivo fundamental ser\u00e1 el de asesorar al\/la Vicerrector\/a y coordinar la actividad de las ACULL, dise\u00f1ar las convocatorias anuales de proyectos, proponer la programaci\u00f3n conjunta e informar de cuantos asuntos se estimen de inter\u00e9s en la relaci\u00f3n de las ACULL con el Vicerrectorado. Se reunir\u00e1 con car\u00e1cter ordinario en el mes de diciembre de cada a\u00f1o y con car\u00e1cter extraordinario cuantas veces se requiera para el buen funcionamiento de la ACULL, tanto a petici\u00f3n de la mayor\u00eda de \u00e9stas como del Vicerrectorado, siempre por medio de convocatoria oficial.<\/p>\n<p>Las relaciones de las ACULL con el Vicerrectorado se articular\u00e1n, a efectos de la gesti\u00f3n ordinaria de su programaci\u00f3n, a trav\u00e9s del Coordinador de las ACULL, del \u00c1rea de Gesti\u00f3n Cultural del Vicerrectorado.[\/vc_column_text][\/vc_tta_section][vc_tta_section title=\u00bbProgramaci\u00f3n cultural y dotaci\u00f3n econ\u00f3mica de las ACULL\u00bb tab_id=\u00bbprogramacion1&#8243;][vc_column_text]<\/p>\n<p class=\"textoNormal\" align=\"justify\">Las ACULL tienen autonom\u00eda para elaborar su programaci\u00f3n cultural, cuya planificaci\u00f3n ser\u00e1 anual. El VEU har\u00e1 cada a\u00f1o una convocatoria de proyectos a efectos de subvencionar en parte o en su totalidad, dependiendo de las disponibilidades presupuestarias, la programaci\u00f3n anual de las ACULL. Dicha convocatoria ser\u00e1 resuelta por la Comisi\u00f3n Delegada de Junta de Gobierno con competencias en materia de Extensi\u00f3n Universitaria. Las ACULL elaborar\u00e1n una memoria anual de sus actividades, que ser\u00e1 presentada en el VEU en el plazo que se establezca. La presentaci\u00f3n en forma y plazo de dicha memoria es condici\u00f3n indispensable para concurrir a siguientes convocatorias.<\/p>\n<p class=\"textoNormal\" align=\"justify\">El presupuesto anual de las ACULL estar\u00e1 formado por los recursos que le sean asignados por el VEU y por las subvenciones externas que reciba por su actividad, que en todo caso habr\u00e1n de ser de car\u00e1cter finalista. Igualmente, las ACULL deben realizar cada a\u00f1o un balance econ\u00f3mico de su actividad, cuya memoria detallada se remitir\u00e1 al VEU en el plazo que se establezca. La presentaci\u00f3n en forma y plazo de dicha memoria tambi\u00e9n es condici\u00f3n indispensable para concurrir a siguientes convocatorias.<\/p>\n<p>[\/vc_column_text][\/vc_tta_section][vc_tta_section title=\u00bbDocumentos\u00bb tab_id=\u00bbdocumentos1&#8243;][vc_column_text]<\/p>\n<div class=\"vc_row wpb_row vc_row-fluid\">\n<div class=\"wpb_column vc_column_container vc_col-sm-12\">\n<div class=\"vc_column-inner \">\n<div class=\"wpb_wrapper\">\n<div class=\"wpb_text_column wpb_content_element \">\n<div class=\"wpb_wrapper\">\n<ul>\n<li><a href=\"https:\/\/drive.google.com\/open?id=1uxpAk3hhp20C6limHXKzNEhwotToFLuj\" target=\"_blank\" rel=\"noopener\">Modelo de solicitud de creaci\u00f3n Aula Cultural<\/a><\/li>\n<li><a href=\"https:\/\/www.ull.es\/portal\/aulasycatedrasculturales\/anexo1\/\" target=\"_blank\" rel=\"noopener\">Modelo de Reglamento de r\u00e9gimen interior de la Aulas Culturares<\/a><\/li>\n<\/ul>\n<p>&nbsp;<\/p>\n<\/div>\n<\/div>\n<\/div>\n<\/div>\n<\/div>\n<\/div>\n<p>[\/vc_column_text][\/vc_tta_section][\/vc_tta_accordion][vc_empty_space][vc_column_text]<\/p>\n<h2><b> \u00a0C\u00c1TEDRAS CULTURALES, CIENT\u00cdFICAS Y TECNOL\u00d3GICAS<\/b><\/h2>\n<p>[\/vc_column_text][vc_column_text]Las C\u00e1tedras de la Universidad de La Laguna (CCCTULL) constituyen foros de reflexi\u00f3n, debate, estudio e investigaci\u00f3n de:<\/p>\n<ul>\n<li>La vida y la obra de personas relevantes de las ciencias, las letras y las artes.<\/li>\n<li>Los acontecimientos o fen\u00f3menos m\u00e1s significativos ocurridos durante alg\u00fan per\u00edodo hist\u00f3rico.<\/li>\n<li>Las caracter\u00edsticas de un determinado territorio.<\/li>\n<\/ul>\n<p>Las CCCTULL estar\u00e1n preferentemente patrocinadas por alg\u00fan organismo o instituci\u00f3n de car\u00e1cter p\u00fablico o privado, o incluso por alguna persona con m\u00e9ritos relevantes que desee ser su mecenas.[\/vc_column_text][vc_tta_accordion c_icon=\u00bbchevron\u00bb active_section=\u00bb0&#8243; collapsible_all=\u00bbtrue\u00bb][vc_tta_section title=\u00bbObjetivos\u00bb tab_id=\u00bbobjetivos\u00bb][vc_column_text]Los objetivos de las CCCTULL son diversos, debiendo establecerlos cada una de ellas en su correspondiente Documento de Identidad. De modo general, se pueden citar los siguientes:<\/p>\n<ul>\n<li>Promover y fomentar el estudio, la investigaci\u00f3n y el debate sobre los aspectos de la vida y de la obra de cualquier persona cuyo conocimiento merezca el inter\u00e9s de la comunidad cultural y cient\u00edfica.<\/li>\n<li>Promover y fomentar el estudio, el debate y la investigaci\u00f3n de acontecimientos o fen\u00f3menos de car\u00e1cter relevante ocurridos en alg\u00fan per\u00edodo de la historia.<\/li>\n<li>Promover y fomentar el estudio, el debate y la investigaci\u00f3n de las caracter\u00edsticas, tanto de car\u00e1cter general como particular, que presente un determinado territorio.<\/li>\n<li>Organizar conferencias, exposiciones, jornadas de car\u00e1cter divulgativo, cursos de extensi\u00f3n universitaria, intercambios, ediciones, conmemoraciones, etc., relacionados con la persona, el momento hist\u00f3rico o el territorio de que se trate.<\/li>\n<li>Proponer al Vicerrectorado competente en materia de Extensi\u00f3n Universitaria la aprobaci\u00f3n de la dotaci\u00f3n y convocatoria de becas, premios y concursos, as\u00ed como subvencionar trabajos de investigaci\u00f3n relacionados con la persona, el momento hist\u00f3rico o el territorio de que se trate.<\/li>\n<\/ul>\n<p>[\/vc_column_text][\/vc_tta_section][vc_tta_section title=\u00bbCreaci\u00f3n, registro y desaparici\u00f3n\u00bb tab_id=\u00bbcreacion\u00bb][vc_column_text]Las CCCTULL ser\u00e1n creadas por acuerdo de Consejo de Gobierno de la ULL, a propuesta de la Comisi\u00f3n Delegada con competencias en materia de Extensi\u00f3n Universitaria.<\/p>\n<p>La solicitud de creaci\u00f3n de una C\u00e1tedra deber\u00e1 dirigirse al\/la Vicerrector\/a con competencias en materia de Extensi\u00f3n Universitaria, acompa\u00f1ada preceptivamente de la siguiente documentaci\u00f3n: documento de identidad de la C\u00e1tedra (nombre, antecedentes, objetivos, etc.); nombre del Director; relaci\u00f3n de componentes; instituci\u00f3n, organismo, empresa o persona patrocinadora; programa plurianual de actuaciones; cualquier otra documentaci\u00f3n que se estime conveniente.<\/p>\n<p>En el \u00a0\u00a0Vicerrectorado se abrir\u00e1 un Registro de CCCTULL en el que se inscribir\u00e1n los identificadores de cada C\u00e1tedra, y en especial las variaciones en su direcci\u00f3n, as\u00ed como todas aquellas modificaciones que se produzcan fruto de su normal funcionamiento.<\/p>\n<p>Cuando una C\u00e1tedra no realice actividad alguna a lo largo de tres cursos acad\u00e9micos consecutivos, el Vicerrectorado podr\u00e1 proponer a la Comisi\u00f3n Delegada con competencias en materia de Extensi\u00f3n Universitaria la desaparici\u00f3n de la C\u00e1tedra, que causar\u00e1 baja en el registro de CCCTULL cuando lo apruebe el Consejo de Gobierno.[\/vc_column_text][\/vc_tta_section][vc_tta_section title=\u00bbOrganizaci\u00f3n y funcionamiento\u00bb tab_id=\u00bborganizacion\u00bb][vc_column_text]Las CCCTULL estar\u00e1n vinculadas a todos los efectos al Vicerrectorado con competencias en materia de Extensi\u00f3n Universitaria.<\/p>\n<p>Los Directores de las CCCTULL ser\u00e1n nombrados y cesados por acuerdo del Consejo de Gobierno de la ULL, a propuesta de la Comisi\u00f3n Delegada con competencias en materia de Extensi\u00f3n Universitaria.<\/p>\n<p>Los Directores de las CCCTULL habr\u00e1n de ser miembros del profesorado o del personal de administraci\u00f3n y servicios de la ULL, aunque, cuando las circunstancias lo aconsejen, podr\u00e1 haber un codirector externo a la ULL.[\/vc_column_text][\/vc_tta_section][vc_tta_section title=\u00bbProgramaci\u00f3n cultural y dotaci\u00f3n econ\u00f3mica de las CCCTULL\u00bb tab_id=\u00bbprogramacion\u00bb][vc_column_text]Las CCCTULL tienen autonom\u00eda para elaborar su programaci\u00f3n cultural y cient\u00edfica, cuya planificaci\u00f3n ser\u00e1 plurianual. El Vicerrectorado convocar\u00e1 a principios de cada curso acad\u00e9mico a los Directores de las C\u00e1tedras a fin de programar sus acciones, coordin\u00e1ndolas con las actividades del Vicerrectorado. Los Directores de las CCCTULL elaborar\u00e1n una memoria anual de sus actividades, que ser\u00e1 presentada en el Vicerrectorado en el plazo que se establezca.<\/p>\n<p>El presupuesto anual de las CCCTULL estar\u00e1 formado por los recursos que le sean asignados por su patrocinador, as\u00ed como las subvenciones externas que reciba por su actividad, que en todo caso habr\u00e1n de ser de car\u00e1cter finalista. Igualmente, las CCCTULL deben realizar cada a\u00f1o un balance econ\u00f3mico de su actividad, cuya memoria detallada se remitir\u00e1 al Vicerrectorado en el plazo que se establezca.[\/vc_column_text][\/vc_tta_section][vc_tta_section title=\u00bbDocumentos\u00bb tab_id=\u00bbdocumentos\u00bb][vc_column_text]<\/p>\n<div class=\"vc_row wpb_row vc_row-fluid\">\n<div class=\"wpb_column vc_column_container vc_col-sm-12\">\n<div class=\"vc_column-inner \">\n<div class=\"wpb_wrapper\">\n<div class=\"wpb_text_column wpb_content_element \">\n<div class=\"wpb_wrapper\">\n<ul>\n<li><a href=\"https:\/\/drive.google.com\/open?id=1uxpAk3hhp20C6limHXKzNEhwotToFLuj\" target=\"_blank\" rel=\"noopener noreferrer\" target=\"_blank\" rel=\"noopener\">Modelo de solicitud de creaci\u00f3n de C\u00e1tedra Cultural<\/a><\/li>\n<\/ul>\n<\/div>\n<\/div>\n<\/div>\n<\/div>\n<\/div>\n<\/div>\n<p>[\/vc_column_text][\/vc_tta_section][\/vc_tta_accordion][vc_empty_space][\/vc_column][\/vc_row]<\/p>\n","protected":false},"excerpt":{"rendered":"<p>[vc_row][vc_column][vc_empty_space][vc_column_text] AULAS CULTURALES [\/vc_column_text][\/vc_column][\/vc_row][vc_row][vc_column][vc_column_text]Las Aulas Culturales de la Universidad de La Laguna (ACULL) son espacios culturales abiertos a la Comunidad&#8230;<\/p>\n","protected":false},"author":22,"featured_media":0,"parent":0,"menu_order":0,"comment_status":"closed","ping_status":"closed","template":"","meta":{"inline_featured_image":false,"footnotes":""},"acf":[],"yoast_head":"<!-- This site is optimized with the Yoast SEO plugin v21.3 - https:\/\/yoast.com\/wordpress\/plugins\/seo\/ -->\n<title>Normativa - Aulas y C\u00e1tedras Culturales<\/title>\n<meta name=\"robots\" content=\"index, follow, max-snippet:-1, max-image-preview:large, max-video-preview:-1\" \/>\n<link rel=\"canonical\" href=\"https:\/\/www.ull.es\/portal\/aulasycatedrasculturales\/normativa\/\" \/>\n<meta property=\"og:locale\" content=\"es_ES\" \/>\n<meta property=\"og:type\" content=\"article\" \/>\n<meta property=\"og:title\" content=\"Normativa - Aulas y C\u00e1tedras Culturales\" \/>\n<meta property=\"og:description\" content=\"[vc_row][vc_column][vc_empty_space][vc_column_text] AULAS CULTURALES [\/vc_column_text][\/vc_column][\/vc_row][vc_row][vc_column][vc_column_text]Las Aulas Culturales de la Universidad de La Laguna (ACULL) son espacios culturales abiertos a la Comunidad...\" \/>\n<meta property=\"og:url\" content=\"https:\/\/www.ull.es\/portal\/aulasycatedrasculturales\/normativa\/\" \/>\n<meta property=\"og:site_name\" content=\"Aulas y C\u00e1tedras Culturales\" \/>\n<meta property=\"article:modified_time\" content=\"2018-09-19T12:07:11+00:00\" \/>\n<meta name=\"twitter:card\" content=\"summary_large_image\" \/>\n<meta name=\"twitter:label1\" content=\"Tiempo de lectura\" \/>\n\t<meta name=\"twitter:data1\" content=\"10 minutos\" \/>\n<script type=\"application\/ld+json\" class=\"yoast-schema-graph\">{\"@context\":\"https:\/\/schema.org\",\"@graph\":[{\"@type\":\"WebPage\",\"@id\":\"https:\/\/www.ull.es\/portal\/aulasycatedrasculturales\/normativa\/\",\"url\":\"https:\/\/www.ull.es\/portal\/aulasycatedrasculturales\/normativa\/\",\"name\":\"Normativa - Aulas y C\u00e1tedras Culturales\",\"isPartOf\":{\"@id\":\"https:\/\/www.ull.es\/portal\/aulasycatedrasculturales\/#website\"},\"datePublished\":\"2017-05-18T08:38:29+00:00\",\"dateModified\":\"2018-09-19T12:07:11+00:00\",\"breadcrumb\":{\"@id\":\"https:\/\/www.ull.es\/portal\/aulasycatedrasculturales\/normativa\/#breadcrumb\"},\"inLanguage\":\"es\",\"potentialAction\":[{\"@type\":\"ReadAction\",\"target\":[\"https:\/\/www.ull.es\/portal\/aulasycatedrasculturales\/normativa\/\"]}]},{\"@type\":\"BreadcrumbList\",\"@id\":\"https:\/\/www.ull.es\/portal\/aulasycatedrasculturales\/normativa\/#breadcrumb\",\"itemListElement\":[{\"@type\":\"ListItem\",\"position\":1,\"name\":\"Portada\",\"item\":\"https:\/\/www.ull.es\/portal\/aulasycatedrasculturales\/\"},{\"@type\":\"ListItem\",\"position\":2,\"name\":\"Normativa\"}]},{\"@type\":\"WebSite\",\"@id\":\"https:\/\/www.ull.es\/portal\/aulasycatedrasculturales\/#website\",\"url\":\"https:\/\/www.ull.es\/portal\/aulasycatedrasculturales\/\",\"name\":\"Aulas y C\u00e1tedras Culturales\",\"description\":\"\",\"potentialAction\":[{\"@type\":\"SearchAction\",\"target\":{\"@type\":\"EntryPoint\",\"urlTemplate\":\"https:\/\/www.ull.es\/portal\/aulasycatedrasculturales\/?s={search_term_string}\"},\"query-input\":\"required name=search_term_string\"}],\"inLanguage\":\"es\"}]}<\/script>\n<!-- \/ Yoast SEO plugin. -->","yoast_head_json":{"title":"Normativa - Aulas y C\u00e1tedras Culturales","robots":{"index":"index","follow":"follow","max-snippet":"max-snippet:-1","max-image-preview":"max-image-preview:large","max-video-preview":"max-video-preview:-1"},"canonical":"https:\/\/www.ull.es\/portal\/aulasycatedrasculturales\/normativa\/","og_locale":"es_ES","og_type":"article","og_title":"Normativa - Aulas y C\u00e1tedras Culturales","og_description":"[vc_row][vc_column][vc_empty_space][vc_column_text] AULAS CULTURALES [\/vc_column_text][\/vc_column][\/vc_row][vc_row][vc_column][vc_column_text]Las Aulas Culturales de la Universidad de La Laguna (ACULL) son espacios culturales abiertos a la Comunidad...","og_url":"https:\/\/www.ull.es\/portal\/aulasycatedrasculturales\/normativa\/","og_site_name":"Aulas y C\u00e1tedras Culturales","article_modified_time":"2018-09-19T12:07:11+00:00","twitter_card":"summary_large_image","twitter_misc":{"Tiempo de lectura":"10 minutos"},"schema":{"@context":"https:\/\/schema.org","@graph":[{"@type":"WebPage","@id":"https:\/\/www.ull.es\/portal\/aulasycatedrasculturales\/normativa\/","url":"https:\/\/www.ull.es\/portal\/aulasycatedrasculturales\/normativa\/","name":"Normativa - Aulas y C\u00e1tedras Culturales","isPartOf":{"@id":"https:\/\/www.ull.es\/portal\/aulasycatedrasculturales\/#website"},"datePublished":"2017-05-18T08:38:29+00:00","dateModified":"2018-09-19T12:07:11+00:00","breadcrumb":{"@id":"https:\/\/www.ull.es\/portal\/aulasycatedrasculturales\/normativa\/#breadcrumb"},"inLanguage":"es","potentialAction":[{"@type":"ReadAction","target":["https:\/\/www.ull.es\/portal\/aulasycatedrasculturales\/normativa\/"]}]},{"@type":"BreadcrumbList","@id":"https:\/\/www.ull.es\/portal\/aulasycatedrasculturales\/normativa\/#breadcrumb","itemListElement":[{"@type":"ListItem","position":1,"name":"Portada","item":"https:\/\/www.ull.es\/portal\/aulasycatedrasculturales\/"},{"@type":"ListItem","position":2,"name":"Normativa"}]},{"@type":"WebSite","@id":"https:\/\/www.ull.es\/portal\/aulasycatedrasculturales\/#website","url":"https:\/\/www.ull.es\/portal\/aulasycatedrasculturales\/","name":"Aulas y C\u00e1tedras Culturales","description":"","potentialAction":[{"@type":"SearchAction","target":{"@type":"EntryPoint","urlTemplate":"https:\/\/www.ull.es\/portal\/aulasycatedrasculturales\/?s={search_term_string}"},"query-input":"required name=search_term_string"}],"inLanguage":"es"}]}},"_links":{"self":[{"href":"https:\/\/www.ull.es\/portal\/aulasycatedrasculturales\/wp-json\/wp\/v2\/pages\/1283"}],"collection":[{"href":"https:\/\/www.ull.es\/portal\/aulasycatedrasculturales\/wp-json\/wp\/v2\/pages"}],"about":[{"href":"https:\/\/www.ull.es\/portal\/aulasycatedrasculturales\/wp-json\/wp\/v2\/types\/page"}],"author":[{"embeddable":true,"href":"https:\/\/www.ull.es\/portal\/aulasycatedrasculturales\/wp-json\/wp\/v2\/users\/22"}],"replies":[{"embeddable":true,"href":"https:\/\/www.ull.es\/portal\/aulasycatedrasculturales\/wp-json\/wp\/v2\/comments?post=1283"}],"version-history":[{"count":9,"href":"https:\/\/www.ull.es\/portal\/aulasycatedrasculturales\/wp-json\/wp\/v2\/pages\/1283\/revisions"}],"predecessor-version":[{"id":1907,"href":"https:\/\/www.ull.es\/portal\/aulasycatedrasculturales\/wp-json\/wp\/v2\/pages\/1283\/revisions\/1907"}],"wp:attachment":[{"href":"https:\/\/www.ull.es\/portal\/aulasycatedrasculturales\/wp-json\/wp\/v2\/media?parent=1283"}],"curies":[{"name":"wp","href":"https:\/\/api.w.org\/{rel}","templated":true}]}}