{"id":1342,"date":"2017-05-24T11:21:04","date_gmt":"2017-05-24T11:21:04","guid":{"rendered":"http:\/\/catedranew.shidix.es\/?page_id=1342"},"modified":"2017-09-13T11:55:38","modified_gmt":"2017-09-13T11:55:38","slug":"anexo1","status":"publish","type":"page","link":"https:\/\/www.ull.es\/portal\/aulasycatedrasculturales\/anexo1\/","title":{"rendered":"anexo1"},"content":{"rendered":"<p>[vc_row][vc_column][vc_column_text]<\/p>\n<h1 style=\"text-align: center\"><strong>Anexo I<\/strong><\/h1>\n<p>[\/vc_column_text][vc_empty_space height=\u00bb52px\u00bb][vc_column_text]<\/p>\n<h1><strong>MODELO DE REGLAMENTO DE R\u00c9GIMEN INTERIOR DE LAS AULAS CULTURALES<\/strong><\/h1>\n<p>[\/vc_column_text][vc_column_text]<\/p>\n<h1>\u00bfPor qu\u00e9 se crea el Aula?<\/h1>\n<h2><b><i>CAP\u00cdTULO PRELIMINAR : Del Aula Cultural \u201cX\u201d.<\/i><\/b><\/h2>\n<p>Art. 1: Definici\u00f3n del Aula Cultural.<\/p>\n<p>A tenor de lo establecido en el apartado primero del Reglamento de Creaci\u00f3n, Organizaci\u00f3n y Funcionamiento de las Aulas Culturales de la Universidad de La Laguna, el Aula Cultural \u2026\u2026.. es un espacio cultural abierto a la Comunidad Universitaria y a la sociedad en general, que se constituye como entidad especializada, de car\u00e1cter democr\u00e1tico y participativo, vinculada org\u00e1nicamente, y a todos los efectos, al Vicerrectorado con competencias en materia de Extensi\u00f3n Universitaria, siendo \u00e9ste el departamento responsable de la pol\u00edtica y proyecci\u00f3n culturales de la ULL.<\/p>\n<p>Art. 2: Objetivos del Aula Cultural.<\/p>\n<p>El Aula \u2026\u2026\u2026\u2026 tiene como objetivos:<\/p>\n<ol>\n<li>a) Promover la dinamizaci\u00f3n cultural en el \u00e1mbito universitario, especializ\u00e1ndose en distintas tem\u00e1ticas.<\/li>\n<li>b) Contribuir a la descentralizaci\u00f3n de la actividad cultural del Vicerrectorado.<\/li>\n<li>c) Favorecer la participaci\u00f3n conjunta en actividades culturales de profesores, alumnos y PAS, junto a personas y entidades que no formen parte de la comunidad universitaria.<\/li>\n<\/ol>\n<p>(Incluir otros objetivos particulares del Aula)<\/p>\n<p>Art. 3: Sede del Aula Cultural.<\/p>\n<p>La sede principal del Aula \u2026 se sit\u00faa en \u2026 sin perjuicio de que las necesidades vinculadas al desarrollo de los objetivos del Aula Cultural determinen la existencia de otras sedes.<\/p>\n<h2><b><i>CAP\u00cdTULO PRIMERO: De los \u00f3rganos de gobierno del Aula Cultural.<\/i><\/b><\/h2>\n<p>Art. 4: \u00d3rganos de gobierno:<\/p>\n<p>Direcci\u00f3n<\/p>\n<p>Secretar\u00eda<\/p>\n<p>Asamblea<\/p>\n<p>(Se pueden a\u00f1adir m\u00e1s \u00f3rganos de gobierno en funci\u00f3n de si el aula cultural, en cuesti\u00f3n, consta de distintas secciones o departamentos).<\/p>\n<h3><b>Secci\u00f3n Primera : De la Direcci\u00f3n del Aula<\/b>.<\/h3>\n<p>Art. 5: Direcci\u00f3n del Aula.<\/p>\n<ol>\n<li>El Director del Aula Cultural deber\u00e1 pertenecer a la Comunidad Universitaria.<\/li>\n<li>En casos excepcionales y suficientemente justificados, podr\u00e1 haber un Codirector externo a la ULL.<\/li>\n<\/ol>\n<p>Art. 6: Competencias de la Direcci\u00f3n.<\/p>\n<p>Son competencias del Director:<\/p>\n<ol>\n<li>Convocar y presidir la Asamblea del Aula<\/li>\n<li>La coordinaci\u00f3n de las actividades desarrolladas en el Aula Cultural.<\/li>\n<li>La representaci\u00f3n del Aula Cultural en la Universidad de La Laguna y en el exterior.<\/li>\n<li>Constituirse, junto al Secretario del Aula Cultural, en el interlocutor v\u00e1lido con el Vicerrectorado.<\/li>\n<li>Aquellas competencias que le confiera la normativa universitaria en materia de Aulas Culturales.<\/li>\n<\/ol>\n<p>Art. 7: Elecci\u00f3n de la Direcci\u00f3n.<\/p>\n<ol>\n<li>El Director del Aula Cultural ser\u00e1 elegido por la Asamblea del Aula Cultural.<\/li>\n<li>El proceso electoral ser\u00e1 tutelado por una Comisi\u00f3n Electoral creada al efecto. Se compondr\u00e1 de tres miembros del Aula Cultural, elegidos por sorteo realizado ante el Secretario del Aula Cultural.<\/li>\n<li>La Comisi\u00f3n Electoral abrir\u00e1 un plazo no inferior a siete d\u00edas para la presentaci\u00f3n de candidaturas, que deber\u00e1n incluir una propuesta de equipo gestor o, al menos, al Secretario.<\/li>\n<li>La presentaci\u00f3n de las candidaturas se realizar\u00e1 en el Registro del Vicerrectorado o cualquier otro habilitado por la Ley.<\/li>\n<li>Una vez expirado el plazo de presentaci\u00f3n de candidaturas, y en Convocatoria Extraordinaria realizada al efecto de la Asamblea del Aula Cultural, se elegir\u00e1 al candidato. Ser\u00e1 proclamado Director el candidato que obtenga un mayor n\u00famero de votos.<\/li>\n<li>El voto ser\u00e1 personal y secreto, no pudiendo ser delegado.<\/li>\n<li>En caso de empate, se proceder\u00e1 a una nueva votaci\u00f3n circunscrita a los candidatos implicados.<\/li>\n<li>El resultado se pondr\u00e1 en conocimiento del Vicerrectorado.<\/li>\n<\/ol>\n<p>Art. 8: Duraci\u00f3n del mandato de la Direcci\u00f3n.<\/p>\n<p>El mandato del director tendr\u00e1 una duraci\u00f3n de dos a\u00f1os.<\/p>\n<h3><b>Secci\u00f3n Segunda : De la Secretaria del Aula.<\/b><\/h3>\n<p>Art. 9: Secretar\u00eda del Aula.<\/p>\n<ol>\n<li>El Secretario del Aula Cultural deber\u00e1 ser un miembro de la Comunidad Universitaria. Cesar\u00e1 en su cargo al finalizar el mandato del Director del Aula que le propuso.<\/li>\n<\/ol>\n<p>Art. 10: Competencias de la Secretar\u00eda.<\/p>\n<p>Son Competencias del Secretario:<\/p>\n<ol>\n<li>a) Custodiar los sellos, signos y emblemas del aula y la emisora.<\/li>\n<li>b) Levantar acta de las reuniones de la Asamblea.<\/li>\n<li>c) Llevar el libro de registro de miembros del Aula.<\/li>\n<li>d) Dar fe de todas aquellas cuestiones para las que sea requerida su presencia.<\/li>\n<li>e) Aquellas que se dimanen de la normativa aplicable en materia de Aulas Culturales.<\/li>\n<\/ol>\n<h3><b>Secci\u00f3n Tercera : De la Asamblea del Aula<\/b>.<\/h3>\n<p>Art. 11: Asamblea de miembros.<\/p>\n<p>Art. 12: Competencias de la Asamblea.<\/p>\n<h2><b><i>CAP\u00cdTULO SEGUNDO: De la condici\u00f3n de miembro del Aula<\/i><\/b>.<\/h2>\n<h3><b>Secci\u00f3n cuarta : Del acceso a la condici\u00f3n de miembro<\/b>.<\/h3>\n<p>Art. 13: La condici\u00f3n de miembro del Aula Cultural<\/p>\n<ol>\n<li>Las Aulas Culturales son espacios abiertos a la Comunidad Universitaria y a la Sociedad.<\/li>\n<li>La condici\u00f3n de miembro del Aula Cultural se adquiere previa solicitud al Director del Aula y tras su oportuna aprobaci\u00f3n por la Asamblea del Aula. Habr\u00e1 un libro-registro de miembros del Aula que estar\u00e1 bajo la custodia del Secretario del Aula.<\/li>\n<\/ol>\n<h3><b>Secci\u00f3n quinta : De los derechos y deberes de los miembros<\/b>.<\/h3>\n<p>Art. 14: Derechos de los miembros del Aula.<\/p>\n<p>Art. 15: Deberes de los miembros del Aula.<\/p>\n<h3><b>Secci\u00f3n sexta : De la suspensi\u00f3n y p\u00e9rdida de la condici\u00f3n de miembro del Aula<\/b>.<\/h3>\n<p>Art. 16: Suspensi\u00f3n de la condici\u00f3n de miembro.<\/p>\n<p>Art. 17: P\u00e9rdida de la condici\u00f3n de miembro.<\/p>\n<h2><b><i>CAP\u00cdTULO TERCERO: Del r\u00e9gimen sancionador<\/i><\/b>.<\/h2>\n<h3><b>Secci\u00f3n s\u00e9ptima: De las faltas<\/b>.<\/h3>\n<h3><b>Secci\u00f3n octava: De las sanciones<\/b>.<\/h3>\n<h2><b><i>CAP\u00cdTULO CUARTO: De la reforma del presente reglamento<\/i><\/b>.<\/h2>\n<p><b><i>DISPOSICI\u00d3N FINAL<\/i><\/b>: El presente reglamento entrar\u00e1 en vigor al d\u00eda siguiente de su aprobaci\u00f3n por el Consejo de Gobierno de la Universidad de La Laguna.[\/vc_column_text][\/vc_column][vc_column][\/vc_column][\/vc_row][vc_row][vc_column][\/vc_column][\/vc_row]<\/p>\n","protected":false},"excerpt":{"rendered":"<p>[vc_row][vc_column][vc_column_text] Anexo I [\/vc_column_text][vc_empty_space height=\u00bb52px\u00bb][vc_column_text] MODELO DE REGLAMENTO DE R\u00c9GIMEN INTERIOR DE LAS AULAS CULTURALES [\/vc_column_text][vc_column_text] \u00bfPor qu\u00e9 se crea&#8230;<\/p>\n","protected":false},"author":22,"featured_media":0,"parent":0,"menu_order":0,"comment_status":"closed","ping_status":"closed","template":"","meta":{"inline_featured_image":false,"footnotes":""},"acf":[],"yoast_head":"<!-- This site is optimized with the Yoast SEO plugin v21.3 - https:\/\/yoast.com\/wordpress\/plugins\/seo\/ -->\n<title>anexo1 - Aulas y C\u00e1tedras Culturales<\/title>\n<meta name=\"robots\" content=\"index, follow, max-snippet:-1, max-image-preview:large, max-video-preview:-1\" \/>\n<link rel=\"canonical\" href=\"https:\/\/www.ull.es\/portal\/aulasycatedrasculturales\/anexo1\/\" \/>\n<meta property=\"og:locale\" content=\"es_ES\" \/>\n<meta property=\"og:type\" content=\"article\" \/>\n<meta property=\"og:title\" content=\"anexo1 - Aulas y C\u00e1tedras Culturales\" \/>\n<meta property=\"og:description\" content=\"[vc_row][vc_column][vc_column_text] Anexo I [\/vc_column_text][vc_empty_space height=\u00bb52px\u00bb][vc_column_text] MODELO DE REGLAMENTO DE R\u00c9GIMEN INTERIOR DE LAS AULAS CULTURALES [\/vc_column_text][vc_column_text] \u00bfPor qu\u00e9 se crea...\" \/>\n<meta property=\"og:url\" content=\"https:\/\/www.ull.es\/portal\/aulasycatedrasculturales\/anexo1\/\" \/>\n<meta property=\"og:site_name\" content=\"Aulas y C\u00e1tedras Culturales\" \/>\n<meta property=\"article:modified_time\" content=\"2017-09-13T11:55:38+00:00\" \/>\n<meta name=\"twitter:card\" content=\"summary_large_image\" \/>\n<meta name=\"twitter:label1\" content=\"Tiempo de lectura\" \/>\n\t<meta name=\"twitter:data1\" content=\"5 minutos\" \/>\n<script type=\"application\/ld+json\" class=\"yoast-schema-graph\">{\"@context\":\"https:\/\/schema.org\",\"@graph\":[{\"@type\":\"WebPage\",\"@id\":\"https:\/\/www.ull.es\/portal\/aulasycatedrasculturales\/anexo1\/\",\"url\":\"https:\/\/www.ull.es\/portal\/aulasycatedrasculturales\/anexo1\/\",\"name\":\"anexo1 - Aulas y C\u00e1tedras Culturales\",\"isPartOf\":{\"@id\":\"https:\/\/www.ull.es\/portal\/aulasycatedrasculturales\/#website\"},\"datePublished\":\"2017-05-24T11:21:04+00:00\",\"dateModified\":\"2017-09-13T11:55:38+00:00\",\"breadcrumb\":{\"@id\":\"https:\/\/www.ull.es\/portal\/aulasycatedrasculturales\/anexo1\/#breadcrumb\"},\"inLanguage\":\"es\",\"potentialAction\":[{\"@type\":\"ReadAction\",\"target\":[\"https:\/\/www.ull.es\/portal\/aulasycatedrasculturales\/anexo1\/\"]}]},{\"@type\":\"BreadcrumbList\",\"@id\":\"https:\/\/www.ull.es\/portal\/aulasycatedrasculturales\/anexo1\/#breadcrumb\",\"itemListElement\":[{\"@type\":\"ListItem\",\"position\":1,\"name\":\"Portada\",\"item\":\"https:\/\/www.ull.es\/portal\/aulasycatedrasculturales\/\"},{\"@type\":\"ListItem\",\"position\":2,\"name\":\"anexo1\"}]},{\"@type\":\"WebSite\",\"@id\":\"https:\/\/www.ull.es\/portal\/aulasycatedrasculturales\/#website\",\"url\":\"https:\/\/www.ull.es\/portal\/aulasycatedrasculturales\/\",\"name\":\"Aulas y C\u00e1tedras Culturales\",\"description\":\"\",\"potentialAction\":[{\"@type\":\"SearchAction\",\"target\":{\"@type\":\"EntryPoint\",\"urlTemplate\":\"https:\/\/www.ull.es\/portal\/aulasycatedrasculturales\/?s={search_term_string}\"},\"query-input\":\"required name=search_term_string\"}],\"inLanguage\":\"es\"}]}<\/script>\n<!-- \/ Yoast SEO plugin. -->","yoast_head_json":{"title":"anexo1 - Aulas y C\u00e1tedras Culturales","robots":{"index":"index","follow":"follow","max-snippet":"max-snippet:-1","max-image-preview":"max-image-preview:large","max-video-preview":"max-video-preview:-1"},"canonical":"https:\/\/www.ull.es\/portal\/aulasycatedrasculturales\/anexo1\/","og_locale":"es_ES","og_type":"article","og_title":"anexo1 - Aulas y C\u00e1tedras Culturales","og_description":"[vc_row][vc_column][vc_column_text] Anexo I [\/vc_column_text][vc_empty_space height=\u00bb52px\u00bb][vc_column_text] MODELO DE REGLAMENTO DE R\u00c9GIMEN INTERIOR DE LAS AULAS CULTURALES [\/vc_column_text][vc_column_text] \u00bfPor qu\u00e9 se crea...","og_url":"https:\/\/www.ull.es\/portal\/aulasycatedrasculturales\/anexo1\/","og_site_name":"Aulas y C\u00e1tedras Culturales","article_modified_time":"2017-09-13T11:55:38+00:00","twitter_card":"summary_large_image","twitter_misc":{"Tiempo de lectura":"5 minutos"},"schema":{"@context":"https:\/\/schema.org","@graph":[{"@type":"WebPage","@id":"https:\/\/www.ull.es\/portal\/aulasycatedrasculturales\/anexo1\/","url":"https:\/\/www.ull.es\/portal\/aulasycatedrasculturales\/anexo1\/","name":"anexo1 - Aulas y C\u00e1tedras Culturales","isPartOf":{"@id":"https:\/\/www.ull.es\/portal\/aulasycatedrasculturales\/#website"},"datePublished":"2017-05-24T11:21:04+00:00","dateModified":"2017-09-13T11:55:38+00:00","breadcrumb":{"@id":"https:\/\/www.ull.es\/portal\/aulasycatedrasculturales\/anexo1\/#breadcrumb"},"inLanguage":"es","potentialAction":[{"@type":"ReadAction","target":["https:\/\/www.ull.es\/portal\/aulasycatedrasculturales\/anexo1\/"]}]},{"@type":"BreadcrumbList","@id":"https:\/\/www.ull.es\/portal\/aulasycatedrasculturales\/anexo1\/#breadcrumb","itemListElement":[{"@type":"ListItem","position":1,"name":"Portada","item":"https:\/\/www.ull.es\/portal\/aulasycatedrasculturales\/"},{"@type":"ListItem","position":2,"name":"anexo1"}]},{"@type":"WebSite","@id":"https:\/\/www.ull.es\/portal\/aulasycatedrasculturales\/#website","url":"https:\/\/www.ull.es\/portal\/aulasycatedrasculturales\/","name":"Aulas y C\u00e1tedras Culturales","description":"","potentialAction":[{"@type":"SearchAction","target":{"@type":"EntryPoint","urlTemplate":"https:\/\/www.ull.es\/portal\/aulasycatedrasculturales\/?s={search_term_string}"},"query-input":"required name=search_term_string"}],"inLanguage":"es"}]}},"_links":{"self":[{"href":"https:\/\/www.ull.es\/portal\/aulasycatedrasculturales\/wp-json\/wp\/v2\/pages\/1342"}],"collection":[{"href":"https:\/\/www.ull.es\/portal\/aulasycatedrasculturales\/wp-json\/wp\/v2\/pages"}],"about":[{"href":"https:\/\/www.ull.es\/portal\/aulasycatedrasculturales\/wp-json\/wp\/v2\/types\/page"}],"author":[{"embeddable":true,"href":"https:\/\/www.ull.es\/portal\/aulasycatedrasculturales\/wp-json\/wp\/v2\/users\/22"}],"replies":[{"embeddable":true,"href":"https:\/\/www.ull.es\/portal\/aulasycatedrasculturales\/wp-json\/wp\/v2\/comments?post=1342"}],"version-history":[{"count":8,"href":"https:\/\/www.ull.es\/portal\/aulasycatedrasculturales\/wp-json\/wp\/v2\/pages\/1342\/revisions"}],"predecessor-version":[{"id":1675,"href":"https:\/\/www.ull.es\/portal\/aulasycatedrasculturales\/wp-json\/wp\/v2\/pages\/1342\/revisions\/1675"}],"wp:attachment":[{"href":"https:\/\/www.ull.es\/portal\/aulasycatedrasculturales\/wp-json\/wp\/v2\/media?parent=1342"}],"curies":[{"name":"wp","href":"https:\/\/api.w.org\/{rel}","templated":true}]}}