{"id":1688,"date":"2017-09-21T11:01:13","date_gmt":"2017-09-21T11:01:13","guid":{"rendered":"https:\/\/www.ull.es\/portal\/aulasycatedrasculturales\/?page_id=1688"},"modified":"2023-01-18T09:53:25","modified_gmt":"2023-01-18T09:53:25","slug":"convocatoria-aulas-catedras-culturales","status":"publish","type":"page","link":"https:\/\/www.ull.es\/portal\/aulasycatedrasculturales\/convocatoria-aulas-catedras-culturales\/","title":{"rendered":"Convocatoria Aulas y C\u00e1tedras Culturales"},"content":{"rendered":"<p>[vc_row][vc_column][vc_column_text]<\/p>\n<h2 style=\"text-align: left;\"><strong>Convocatoria Aulas y C\u00e1tedras Culturales 2023<\/strong><\/h2>\n<p>[\/vc_column_text][vc_empty_space][vc_column_text]<a href=\"https:\/\/drive.google.com\/file\/d\/18f9R8R4jxtHfA4RUcOICysbbKcrJ2G11\/view\" target=\"_blank\" rel=\"noopener\" target=\"_blank\" rel=\"noopener\">Bases de la convocatoria de proyectos para 2023<\/a><\/p>\n<ul>\n<li><a href=\"https:\/\/drive.google.com\/file\/d\/1g8uHnPfpPI9UpdLSDtdZCCgTuaIZMvo5\/view?usp=share_link\" target=\"_blank\" rel=\"noopener\" target=\"_blank\" rel=\"noopener\">Anexo I. Solicitud de financiaci\u00f3n<\/a><\/li>\n<li><a href=\"https:\/\/drive.google.com\/file\/d\/1L_cXqW4edseANQdVmc5AmTQ25vwu9pqI\/view?usp=share_link\" target=\"_blank\" rel=\"noopener\" target=\"_blank\" rel=\"noopener\">Anexo II. Proyecto de actividades 2023<\/a><\/li>\n<\/ul>\n<p>[\/vc_column_text][vc_empty_space][vc_column_text]<\/p>\n<h2 style=\"text-align: left;\"><strong>Convocatoria Aulas y C\u00e1tedras Culturales 2022<\/strong><\/h2>\n<p>[\/vc_column_text][vc_empty_space][vc_column_text]<a href=\"https:\/\/drive.google.com\/file\/d\/13rTDwid0uBpE4lpuQrnjxBg5GF0E3l9W\/view?usp=sharing\" target=\"_blank\" rel=\"noopener\" target=\"_blank\" rel=\"noopener\">Bases de la convocatoria de proyectos para 2022<\/a><\/p>\n<ul>\n<li><a href=\"https:\/\/drive.google.com\/file\/d\/1DywkH1hAhkihcVvpBkJZjGwpRdL59N-0\/view?usp=sharing\" target=\"_blank\" rel=\"noopener\" target=\"_blank\" rel=\"noopener\">Anexo I:Solicitud de financiaci\u00f3n<\/a><\/li>\n<li><a href=\"https:\/\/drive.google.com\/file\/d\/1pyMniNzoi8tzmglYRw_iFaUSt7MmM2Zp\/view?usp=sharing\" target=\"_blank\" rel=\"noopener\" target=\"_blank\" rel=\"noopener\">Anexo II: Proyecto de actividades 2022<\/a><\/li>\n<li><a href=\"https:\/\/drive.google.com\/file\/d\/146UsAVX6_9X568DzaTsVAXT_Pn3_Inwz\/view?usp=sharing\" target=\"_blank\" rel=\"noopener\" target=\"_blank\" rel=\"noopener\">Anexo III: Criterios de valoraci\u00f3n<\/a><\/li>\n<\/ul>\n<p><a href=\"https:\/\/drive.google.com\/file\/d\/1211II9qzDV6uLgMt3s0_0hn-098BuSSE\/view?usp=sharing\" target=\"_blank\" rel=\"noopener\" target=\"_blank\" rel=\"noopener\">Resoluci\u00f3n Provisional de financiaci\u00f3n proyectos de actividades Aulas y C\u00e1tedras de Cultura 2022<\/a><\/p>\n<p><a href=\"https:\/\/drive.google.com\/file\/d\/1Be9HHoyym8PxCTUiuw4MDhTMYDm093Et\/view?usp=sharing\" target=\"_blank\" rel=\"noopener\" target=\"_blank\" rel=\"noopener\">Resoluci\u00f3n Definitiva de financiaci\u00f3n proyectos de actividades Aulas y C\u00e1tedras de Cultura 2022<\/a>[\/vc_column_text][vc_empty_space][vc_column_text]<\/p>\n<h2 style=\"text-align: left;\"><strong>Convocatoria Aulas y C\u00e1tedras Culturales 2021<\/strong><\/h2>\n<p>[\/vc_column_text][vc_empty_space][vc_column_text]<a href=\"https:\/\/drive.google.com\/file\/d\/1xgH_vvJ0i0oupvRQUDyk1Fd6EfKsoP1f\/view\" target=\"_blank\" rel=\"noopener noreferrer\" target=\"_blank\" rel=\"noopener\">Bases de la convocatoria de proyectos para 2021<\/a><\/p>\n<ul>\n<li><a href=\"https:\/\/drive.google.com\/file\/d\/1rl5k0h1UK2fqAZadOaNaqm9C7v-FOXun\/view?usp=sharing\" target=\"_blank\" rel=\"noopener noreferrer\" target=\"_blank\" rel=\"noopener\">Anexo I:Solicitud de financiaci\u00f3n<\/a><\/li>\n<li><a href=\"https:\/\/drive.google.com\/file\/d\/1beu96GgrLRjKRjr9FC78ooVvgpds0nX3\/view?usp=sharing\" target=\"_blank\" rel=\"noopener noreferrer\" target=\"_blank\" rel=\"noopener\">Anexo II: Proyecto de actividades 2021<\/a><\/li>\n<li><a href=\"https:\/\/drive.google.com\/file\/d\/1NjpYDHj6tjb3lGKA6tBXPUHgA5fLwoCk\/view?usp=sharing\" target=\"_blank\" rel=\"noopener noreferrer\" target=\"_blank\" rel=\"noopener\">Anexo III: Memoria anual de actividades<\/a><\/li>\n<\/ul>\n<p>[\/vc_column_text][\/vc_column][\/vc_row][vc_row][vc_column][\/vc_column][\/vc_row]<\/p>\n","protected":false},"excerpt":{"rendered":"<p>[vc_row][vc_column][vc_column_text] Convocatoria Aulas y C\u00e1tedras Culturales 2023 [\/vc_column_text][vc_empty_space][vc_column_text]Bases de la convocatoria de proyectos para 2023 Anexo I. Solicitud de financiaci\u00f3n&#8230;<\/p>\n","protected":false},"author":22,"featured_media":0,"parent":0,"menu_order":0,"comment_status":"closed","ping_status":"closed","template":"","meta":{"inline_featured_image":false,"footnotes":""},"acf":[],"yoast_head":"<!-- This site is optimized with the Yoast SEO plugin v21.3 - https:\/\/yoast.com\/wordpress\/plugins\/seo\/ -->\n<title>Convocatoria Aulas y C\u00e1tedras Culturales - Aulas y C\u00e1tedras Culturales<\/title>\n<meta name=\"robots\" content=\"index, follow, max-snippet:-1, max-image-preview:large, max-video-preview:-1\" \/>\n<link rel=\"canonical\" href=\"https:\/\/www.ull.es\/portal\/aulasycatedrasculturales\/convocatoria-aulas-catedras-culturales\/\" \/>\n<meta property=\"og:locale\" content=\"es_ES\" \/>\n<meta property=\"og:type\" content=\"article\" \/>\n<meta property=\"og:title\" content=\"Convocatoria Aulas y C\u00e1tedras Culturales - Aulas y C\u00e1tedras Culturales\" \/>\n<meta property=\"og:description\" content=\"[vc_row][vc_column][vc_column_text] Convocatoria Aulas y C\u00e1tedras Culturales 2023 [\/vc_column_text][vc_empty_space][vc_column_text]Bases de la convocatoria de proyectos para 2023 Anexo I. Solicitud de financiaci\u00f3n...\" \/>\n<meta property=\"og:url\" content=\"https:\/\/www.ull.es\/portal\/aulasycatedrasculturales\/convocatoria-aulas-catedras-culturales\/\" \/>\n<meta property=\"og:site_name\" content=\"Aulas y C\u00e1tedras Culturales\" \/>\n<meta property=\"article:modified_time\" content=\"2023-01-18T09:53:25+00:00\" \/>\n<meta name=\"twitter:card\" content=\"summary_large_image\" \/>\n<meta name=\"twitter:label1\" content=\"Tiempo de lectura\" \/>\n\t<meta name=\"twitter:data1\" content=\"1 minuto\" \/>\n<script type=\"application\/ld+json\" class=\"yoast-schema-graph\">{\"@context\":\"https:\/\/schema.org\",\"@graph\":[{\"@type\":\"WebPage\",\"@id\":\"https:\/\/www.ull.es\/portal\/aulasycatedrasculturales\/convocatoria-aulas-catedras-culturales\/\",\"url\":\"https:\/\/www.ull.es\/portal\/aulasycatedrasculturales\/convocatoria-aulas-catedras-culturales\/\",\"name\":\"Convocatoria Aulas y C\u00e1tedras Culturales - Aulas y C\u00e1tedras Culturales\",\"isPartOf\":{\"@id\":\"https:\/\/www.ull.es\/portal\/aulasycatedrasculturales\/#website\"},\"datePublished\":\"2017-09-21T11:01:13+00:00\",\"dateModified\":\"2023-01-18T09:53:25+00:00\",\"breadcrumb\":{\"@id\":\"https:\/\/www.ull.es\/portal\/aulasycatedrasculturales\/convocatoria-aulas-catedras-culturales\/#breadcrumb\"},\"inLanguage\":\"es\",\"potentialAction\":[{\"@type\":\"ReadAction\",\"target\":[\"https:\/\/www.ull.es\/portal\/aulasycatedrasculturales\/convocatoria-aulas-catedras-culturales\/\"]}]},{\"@type\":\"BreadcrumbList\",\"@id\":\"https:\/\/www.ull.es\/portal\/aulasycatedrasculturales\/convocatoria-aulas-catedras-culturales\/#breadcrumb\",\"itemListElement\":[{\"@type\":\"ListItem\",\"position\":1,\"name\":\"Portada\",\"item\":\"https:\/\/www.ull.es\/portal\/aulasycatedrasculturales\/\"},{\"@type\":\"ListItem\",\"position\":2,\"name\":\"Convocatoria Aulas y C\u00e1tedras Culturales\"}]},{\"@type\":\"WebSite\",\"@id\":\"https:\/\/www.ull.es\/portal\/aulasycatedrasculturales\/#website\",\"url\":\"https:\/\/www.ull.es\/portal\/aulasycatedrasculturales\/\",\"name\":\"Aulas y C\u00e1tedras Culturales\",\"description\":\"\",\"potentialAction\":[{\"@type\":\"SearchAction\",\"target\":{\"@type\":\"EntryPoint\",\"urlTemplate\":\"https:\/\/www.ull.es\/portal\/aulasycatedrasculturales\/?s={search_term_string}\"},\"query-input\":\"required name=search_term_string\"}],\"inLanguage\":\"es\"}]}<\/script>\n<!-- \/ Yoast SEO plugin. -->","yoast_head_json":{"title":"Convocatoria Aulas y C\u00e1tedras Culturales - Aulas y C\u00e1tedras Culturales","robots":{"index":"index","follow":"follow","max-snippet":"max-snippet:-1","max-image-preview":"max-image-preview:large","max-video-preview":"max-video-preview:-1"},"canonical":"https:\/\/www.ull.es\/portal\/aulasycatedrasculturales\/convocatoria-aulas-catedras-culturales\/","og_locale":"es_ES","og_type":"article","og_title":"Convocatoria Aulas y C\u00e1tedras Culturales - Aulas y C\u00e1tedras Culturales","og_description":"[vc_row][vc_column][vc_column_text] Convocatoria Aulas y C\u00e1tedras Culturales 2023 [\/vc_column_text][vc_empty_space][vc_column_text]Bases de la convocatoria de proyectos para 2023 Anexo I. Solicitud de financiaci\u00f3n...","og_url":"https:\/\/www.ull.es\/portal\/aulasycatedrasculturales\/convocatoria-aulas-catedras-culturales\/","og_site_name":"Aulas y C\u00e1tedras Culturales","article_modified_time":"2023-01-18T09:53:25+00:00","twitter_card":"summary_large_image","twitter_misc":{"Tiempo de lectura":"1 minuto"},"schema":{"@context":"https:\/\/schema.org","@graph":[{"@type":"WebPage","@id":"https:\/\/www.ull.es\/portal\/aulasycatedrasculturales\/convocatoria-aulas-catedras-culturales\/","url":"https:\/\/www.ull.es\/portal\/aulasycatedrasculturales\/convocatoria-aulas-catedras-culturales\/","name":"Convocatoria Aulas y C\u00e1tedras Culturales - Aulas y C\u00e1tedras Culturales","isPartOf":{"@id":"https:\/\/www.ull.es\/portal\/aulasycatedrasculturales\/#website"},"datePublished":"2017-09-21T11:01:13+00:00","dateModified":"2023-01-18T09:53:25+00:00","breadcrumb":{"@id":"https:\/\/www.ull.es\/portal\/aulasycatedrasculturales\/convocatoria-aulas-catedras-culturales\/#breadcrumb"},"inLanguage":"es","potentialAction":[{"@type":"ReadAction","target":["https:\/\/www.ull.es\/portal\/aulasycatedrasculturales\/convocatoria-aulas-catedras-culturales\/"]}]},{"@type":"BreadcrumbList","@id":"https:\/\/www.ull.es\/portal\/aulasycatedrasculturales\/convocatoria-aulas-catedras-culturales\/#breadcrumb","itemListElement":[{"@type":"ListItem","position":1,"name":"Portada","item":"https:\/\/www.ull.es\/portal\/aulasycatedrasculturales\/"},{"@type":"ListItem","position":2,"name":"Convocatoria Aulas y C\u00e1tedras Culturales"}]},{"@type":"WebSite","@id":"https:\/\/www.ull.es\/portal\/aulasycatedrasculturales\/#website","url":"https:\/\/www.ull.es\/portal\/aulasycatedrasculturales\/","name":"Aulas y C\u00e1tedras Culturales","description":"","potentialAction":[{"@type":"SearchAction","target":{"@type":"EntryPoint","urlTemplate":"https:\/\/www.ull.es\/portal\/aulasycatedrasculturales\/?s={search_term_string}"},"query-input":"required name=search_term_string"}],"inLanguage":"es"}]}},"_links":{"self":[{"href":"https:\/\/www.ull.es\/portal\/aulasycatedrasculturales\/wp-json\/wp\/v2\/pages\/1688"}],"collection":[{"href":"https:\/\/www.ull.es\/portal\/aulasycatedrasculturales\/wp-json\/wp\/v2\/pages"}],"about":[{"href":"https:\/\/www.ull.es\/portal\/aulasycatedrasculturales\/wp-json\/wp\/v2\/types\/page"}],"author":[{"embeddable":true,"href":"https:\/\/www.ull.es\/portal\/aulasycatedrasculturales\/wp-json\/wp\/v2\/users\/22"}],"replies":[{"embeddable":true,"href":"https:\/\/www.ull.es\/portal\/aulasycatedrasculturales\/wp-json\/wp\/v2\/comments?post=1688"}],"version-history":[{"count":32,"href":"https:\/\/www.ull.es\/portal\/aulasycatedrasculturales\/wp-json\/wp\/v2\/pages\/1688\/revisions"}],"predecessor-version":[{"id":2265,"href":"https:\/\/www.ull.es\/portal\/aulasycatedrasculturales\/wp-json\/wp\/v2\/pages\/1688\/revisions\/2265"}],"wp:attachment":[{"href":"https:\/\/www.ull.es\/portal\/aulasycatedrasculturales\/wp-json\/wp\/v2\/media?parent=1688"}],"curies":[{"name":"wp","href":"https:\/\/api.w.org\/{rel}","templated":true}]}}