{"id":172,"date":"2016-12-22T10:08:18","date_gmt":"2016-12-22T10:08:18","guid":{"rendered":"https:\/\/www.ull.es\/portal\/aulasycatedrasculturales\/?page_id=172"},"modified":"2025-01-22T09:52:21","modified_gmt":"2025-01-22T09:52:21","slug":"catedra-cultural-la-laguna-patrimonio-mundial","status":"publish","type":"page","link":"https:\/\/www.ull.es\/portal\/aulasycatedrasculturales\/catedra-cultural-la-laguna-patrimonio-mundial\/","title":{"rendered":"C\u00e1tedra Cultural: La Laguna, Patrimonio Mundial"},"content":{"rendered":"<p>[vc_row][vc_column][vc_empty_space][\/vc_column][\/vc_row][vc_row][vc_column width=\u00bb1\/3&#8243;][vc_single_image image=\u00bb1974&#8243; img_size=\u00bbfull\u00bb][vc_column_text]<strong>Directores: Felipe A. Monz\u00f3n Pe\u00f1ate<\/strong>\u00a0y Jos\u00e9 Juan Cano Delgado<\/p>\n<p><a href=\"mailto:fmonzo@ull.edu.es\" target=\"_blank\" rel=\"noopener\" target=\"_blank\" rel=\"noopener\">fmonzon@ull.es<\/a><\/p>\n<p><strong>Secretario: <\/strong>Daniel Garc\u00eda Pulido<\/p>\n<ul>\n<li><i class=\"fa fa-phone\"><\/i> (+34) 922 31 97 29<\/li>\n<li><i class=\"fa fa-phone\"><\/i> (+34) 922 31 96 43 ( Porter\u00eda)<\/li>\n<\/ul>\n<p>[\/vc_column_text][vc_empty_space][vc_column_text]\n<style>\n    .events-group .bg-size {\n        background-position: center;\n        background-size: cover;\n        width: 100%;\n        height: 48px;\n    }\n    .events-group .list-group-item-text {\n        font-size: 13px;\n    }\n    .events-group .col-md-3 {\n        padding-right: 0;\n    }\n    .events-group .list-group-item-date {\n        font-size: 11px;\n        color: #A4A4A4;\n        margin-bottom: 2px;\n        text-transform: uppercase;\n    }\n\n    .mensaje.alert-warning{\n        font-size: 12px;\n        margin: 14px !important;\n        padding: 4px 8px;\n        color: #cca60b;\n    }\n\n<\/style>\n\n<div class=\"panel panel-default\">\n    <div class=\"panel-heading\">\n        <h3 class=\"panel-title\">Eventos<\/h3>\n    <\/div>\n\n    <div class=\"list-group events-group\">\n\n        <div class=\"mensaje alert alert-warning\">No hay eventos disponibles.<\/div>\n    <\/div>\n\n\n<\/div>\n[\/vc_column_text][\/vc_column][vc_column width=\u00bb2\/3&#8243;][vc_column_text]<\/p>\n<h2>C\u00e1tedra Cultural: La Laguna, Patrimonio Mundial<\/h2>\n<p>[\/vc_column_text][vc_column_text]<\/p>\n<p align=\"justify\">En la propuesta inicial de creaci\u00f3n de esta C\u00e1tedra Cultural, a\u00f1o 2011, hay tres aspectos fundamentales que debemos resaltar:<\/p>\n<p>a) la interrelaci\u00f3n institucional con el Ayuntamiento de San Crist\u00f3bal de La Laguna.<\/p>\n<p>b) las labores de investigaci\u00f3n y difusi\u00f3n de los valores patrimoniales y culturales del conjunto del municipio de La Laguna, as\u00ed como del resto del Archipi\u00e9lago Canario o del \u00e1mbito americano (especialmente en aquellos pa\u00edses latinoamericanos donde la presencia isle\u00f1a ha sido muy significativa).<\/p>\n<p>c) Tareas de investigaci\u00f3n y difusi\u00f3n de los citados valores patrimoniales, espec\u00edficamente entre los centros educativos del municipio lagunero, adem\u00e1s de los del resto de Canarias.<\/p>\n<p align=\"justify\">Se contemplan tambi\u00e9n las de asesoramiento a aquellas instituciones, fundaciones, entidades privadas o vecinos\/as que lo demanden. No se debe obviar que la sede de la C\u00e1tedra Cultural: La Laguna, Patrimonio Mundial se halla en el M\u00f3dulo A, planta principal, de la Facultad de Educaci\u00f3n.<\/p>\n<p>[\/vc_column_text][\/vc_column][\/vc_row]<\/p>\n","protected":false},"excerpt":{"rendered":"<p>[vc_row][vc_column][vc_empty_space][\/vc_column][\/vc_row][vc_row][vc_column width=\u00bb1\/3&#8243;][vc_single_image image=\u00bb1974&#8243; img_size=\u00bbfull\u00bb][vc_column_text]Directores: Felipe A. Monz\u00f3n Pe\u00f1ate\u00a0y Jos\u00e9 Juan Cano Delgado fmonzon@ull.es Secretario: Daniel Garc\u00eda Pulido (+34) 922 31&#8230;<\/p>\n","protected":false},"author":22,"featured_media":1974,"parent":0,"menu_order":0,"comment_status":"closed","ping_status":"closed","template":"","meta":{"inline_featured_image":false,"footnotes":""},"acf":[],"yoast_head":"<!-- This site is optimized with the Yoast SEO plugin v21.3 - https:\/\/yoast.com\/wordpress\/plugins\/seo\/ -->\n<title>C\u00e1tedra Cultural: La Laguna, Patrimonio Mundial - Aulas y C\u00e1tedras Culturales<\/title>\n<meta name=\"robots\" content=\"index, follow, max-snippet:-1, max-image-preview:large, max-video-preview:-1\" \/>\n<link rel=\"canonical\" href=\"https:\/\/www.ull.es\/portal\/aulasycatedrasculturales\/catedra-cultural-la-laguna-patrimonio-mundial\/\" \/>\n<meta property=\"og:locale\" content=\"es_ES\" \/>\n<meta property=\"og:type\" content=\"article\" \/>\n<meta property=\"og:title\" content=\"C\u00e1tedra Cultural: La Laguna, Patrimonio Mundial - Aulas y C\u00e1tedras Culturales\" \/>\n<meta property=\"og:description\" content=\"[vc_row][vc_column][vc_empty_space][\/vc_column][\/vc_row][vc_row][vc_column width=\u00bb1\/3&#8243;][vc_single_image image=\u00bb1974&#8243; img_size=\u00bbfull\u00bb][vc_column_text]Directores: Felipe A. Monz\u00f3n Pe\u00f1ate\u00a0y Jos\u00e9 Juan Cano Delgado fmonzon@ull.es Secretario: Daniel Garc\u00eda Pulido (+34) 922 31...\" \/>\n<meta property=\"og:url\" content=\"https:\/\/www.ull.es\/portal\/aulasycatedrasculturales\/catedra-cultural-la-laguna-patrimonio-mundial\/\" \/>\n<meta property=\"og:site_name\" content=\"Aulas y C\u00e1tedras Culturales\" \/>\n<meta property=\"article:modified_time\" content=\"2025-01-22T09:52:21+00:00\" \/>\n<meta property=\"og:image\" content=\"https:\/\/www.ull.es\/portal\/aulasycatedrasculturales\/wp-content\/uploads\/sites\/19\/2018\/12\/C\u00e1tedra-cultural-la-laguna.jpg\" \/>\n\t<meta property=\"og:image:width\" content=\"360\" \/>\n\t<meta property=\"og:image:height\" content=\"360\" \/>\n\t<meta property=\"og:image:type\" content=\"image\/jpeg\" \/>\n<meta name=\"twitter:card\" content=\"summary_large_image\" \/>\n<meta name=\"twitter:label1\" content=\"Tiempo de lectura\" \/>\n\t<meta name=\"twitter:data1\" content=\"1 minuto\" \/>\n<script type=\"application\/ld+json\" class=\"yoast-schema-graph\">{\"@context\":\"https:\/\/schema.org\",\"@graph\":[{\"@type\":\"WebPage\",\"@id\":\"https:\/\/www.ull.es\/portal\/aulasycatedrasculturales\/catedra-cultural-la-laguna-patrimonio-mundial\/\",\"url\":\"https:\/\/www.ull.es\/portal\/aulasycatedrasculturales\/catedra-cultural-la-laguna-patrimonio-mundial\/\",\"name\":\"C\u00e1tedra Cultural: La Laguna, Patrimonio Mundial - Aulas y C\u00e1tedras Culturales\",\"isPartOf\":{\"@id\":\"https:\/\/www.ull.es\/portal\/aulasycatedrasculturales\/#website\"},\"datePublished\":\"2016-12-22T10:08:18+00:00\",\"dateModified\":\"2025-01-22T09:52:21+00:00\",\"breadcrumb\":{\"@id\":\"https:\/\/www.ull.es\/portal\/aulasycatedrasculturales\/catedra-cultural-la-laguna-patrimonio-mundial\/#breadcrumb\"},\"inLanguage\":\"es\",\"potentialAction\":[{\"@type\":\"ReadAction\",\"target\":[\"https:\/\/www.ull.es\/portal\/aulasycatedrasculturales\/catedra-cultural-la-laguna-patrimonio-mundial\/\"]}]},{\"@type\":\"BreadcrumbList\",\"@id\":\"https:\/\/www.ull.es\/portal\/aulasycatedrasculturales\/catedra-cultural-la-laguna-patrimonio-mundial\/#breadcrumb\",\"itemListElement\":[{\"@type\":\"ListItem\",\"position\":1,\"name\":\"Portada\",\"item\":\"https:\/\/www.ull.es\/portal\/aulasycatedrasculturales\/\"},{\"@type\":\"ListItem\",\"position\":2,\"name\":\"C\u00e1tedra Cultural: La Laguna, Patrimonio Mundial\"}]},{\"@type\":\"WebSite\",\"@id\":\"https:\/\/www.ull.es\/portal\/aulasycatedrasculturales\/#website\",\"url\":\"https:\/\/www.ull.es\/portal\/aulasycatedrasculturales\/\",\"name\":\"Aulas y C\u00e1tedras Culturales\",\"description\":\"\",\"potentialAction\":[{\"@type\":\"SearchAction\",\"target\":{\"@type\":\"EntryPoint\",\"urlTemplate\":\"https:\/\/www.ull.es\/portal\/aulasycatedrasculturales\/?s={search_term_string}\"},\"query-input\":\"required name=search_term_string\"}],\"inLanguage\":\"es\"}]}<\/script>\n<!-- \/ Yoast SEO plugin. -->","yoast_head_json":{"title":"C\u00e1tedra Cultural: La Laguna, Patrimonio Mundial - Aulas y C\u00e1tedras Culturales","robots":{"index":"index","follow":"follow","max-snippet":"max-snippet:-1","max-image-preview":"max-image-preview:large","max-video-preview":"max-video-preview:-1"},"canonical":"https:\/\/www.ull.es\/portal\/aulasycatedrasculturales\/catedra-cultural-la-laguna-patrimonio-mundial\/","og_locale":"es_ES","og_type":"article","og_title":"C\u00e1tedra Cultural: La Laguna, Patrimonio Mundial - Aulas y C\u00e1tedras Culturales","og_description":"[vc_row][vc_column][vc_empty_space][\/vc_column][\/vc_row][vc_row][vc_column width=\u00bb1\/3&#8243;][vc_single_image image=\u00bb1974&#8243; img_size=\u00bbfull\u00bb][vc_column_text]Directores: Felipe A. Monz\u00f3n Pe\u00f1ate\u00a0y Jos\u00e9 Juan Cano Delgado fmonzon@ull.es Secretario: Daniel Garc\u00eda Pulido (+34) 922 31...","og_url":"https:\/\/www.ull.es\/portal\/aulasycatedrasculturales\/catedra-cultural-la-laguna-patrimonio-mundial\/","og_site_name":"Aulas y C\u00e1tedras Culturales","article_modified_time":"2025-01-22T09:52:21+00:00","og_image":[{"width":360,"height":360,"url":"https:\/\/www.ull.es\/portal\/aulasycatedrasculturales\/wp-content\/uploads\/sites\/19\/2018\/12\/C\u00e1tedra-cultural-la-laguna.jpg","type":"image\/jpeg"}],"twitter_card":"summary_large_image","twitter_misc":{"Tiempo de lectura":"1 minuto"},"schema":{"@context":"https:\/\/schema.org","@graph":[{"@type":"WebPage","@id":"https:\/\/www.ull.es\/portal\/aulasycatedrasculturales\/catedra-cultural-la-laguna-patrimonio-mundial\/","url":"https:\/\/www.ull.es\/portal\/aulasycatedrasculturales\/catedra-cultural-la-laguna-patrimonio-mundial\/","name":"C\u00e1tedra Cultural: La Laguna, Patrimonio Mundial - Aulas y C\u00e1tedras Culturales","isPartOf":{"@id":"https:\/\/www.ull.es\/portal\/aulasycatedrasculturales\/#website"},"datePublished":"2016-12-22T10:08:18+00:00","dateModified":"2025-01-22T09:52:21+00:00","breadcrumb":{"@id":"https:\/\/www.ull.es\/portal\/aulasycatedrasculturales\/catedra-cultural-la-laguna-patrimonio-mundial\/#breadcrumb"},"inLanguage":"es","potentialAction":[{"@type":"ReadAction","target":["https:\/\/www.ull.es\/portal\/aulasycatedrasculturales\/catedra-cultural-la-laguna-patrimonio-mundial\/"]}]},{"@type":"BreadcrumbList","@id":"https:\/\/www.ull.es\/portal\/aulasycatedrasculturales\/catedra-cultural-la-laguna-patrimonio-mundial\/#breadcrumb","itemListElement":[{"@type":"ListItem","position":1,"name":"Portada","item":"https:\/\/www.ull.es\/portal\/aulasycatedrasculturales\/"},{"@type":"ListItem","position":2,"name":"C\u00e1tedra Cultural: La Laguna, Patrimonio Mundial"}]},{"@type":"WebSite","@id":"https:\/\/www.ull.es\/portal\/aulasycatedrasculturales\/#website","url":"https:\/\/www.ull.es\/portal\/aulasycatedrasculturales\/","name":"Aulas y C\u00e1tedras Culturales","description":"","potentialAction":[{"@type":"SearchAction","target":{"@type":"EntryPoint","urlTemplate":"https:\/\/www.ull.es\/portal\/aulasycatedrasculturales\/?s={search_term_string}"},"query-input":"required name=search_term_string"}],"inLanguage":"es"}]}},"_links":{"self":[{"href":"https:\/\/www.ull.es\/portal\/aulasycatedrasculturales\/wp-json\/wp\/v2\/pages\/172"}],"collection":[{"href":"https:\/\/www.ull.es\/portal\/aulasycatedrasculturales\/wp-json\/wp\/v2\/pages"}],"about":[{"href":"https:\/\/www.ull.es\/portal\/aulasycatedrasculturales\/wp-json\/wp\/v2\/types\/page"}],"author":[{"embeddable":true,"href":"https:\/\/www.ull.es\/portal\/aulasycatedrasculturales\/wp-json\/wp\/v2\/users\/22"}],"replies":[{"embeddable":true,"href":"https:\/\/www.ull.es\/portal\/aulasycatedrasculturales\/wp-json\/wp\/v2\/comments?post=172"}],"version-history":[{"count":11,"href":"https:\/\/www.ull.es\/portal\/aulasycatedrasculturales\/wp-json\/wp\/v2\/pages\/172\/revisions"}],"predecessor-version":[{"id":2361,"href":"https:\/\/www.ull.es\/portal\/aulasycatedrasculturales\/wp-json\/wp\/v2\/pages\/172\/revisions\/2361"}],"wp:featuredmedia":[{"embeddable":true,"href":"https:\/\/www.ull.es\/portal\/aulasycatedrasculturales\/wp-json\/wp\/v2\/media\/1974"}],"wp:attachment":[{"href":"https:\/\/www.ull.es\/portal\/aulasycatedrasculturales\/wp-json\/wp\/v2\/media?parent=172"}],"curies":[{"name":"wp","href":"https:\/\/api.w.org\/{rel}","templated":true}]}}