{"id":175,"date":"2016-12-22T10:15:17","date_gmt":"2016-12-22T10:15:17","guid":{"rendered":"https:\/\/www.ull.es\/portal\/aulasycatedrasculturales\/?page_id=175"},"modified":"2024-04-03T10:00:55","modified_gmt":"2024-04-03T10:00:55","slug":"catedra-cultural-pedro-garcia-cabrera","status":"publish","type":"page","link":"https:\/\/www.ull.es\/portal\/aulasycatedrasculturales\/catedra-cultural-pedro-garcia-cabrera\/","title":{"rendered":"C\u00e1tedra Cultural Pedro Garc\u00eda Cabrera"},"content":{"rendered":"<p>[vc_row][vc_column][vc_empty_space][\/vc_column][\/vc_row][vc_row][vc_column width=\u00bb1\/3&#8243;][vc_gallery interval=\u00bb3&#8243; images=\u00bb1959&#8243; img_size=\u00bb360&#215;360&#8243; onclick=\u00bb\u00bb][vc_column_text]<strong>Director:<\/strong> Guadalberto Hern\u00e1ndez<br \/>\n<strong>Codirector:<\/strong> Rafael Alonso Sol\u00eds<\/p>\n<ul>\n<li><i class=\"fa fa-phone\"><\/i> (+34) 922 31 93 64<\/li>\n<li><i class=\"fa fa-envelope\"><\/i> <a href=\"mailto:guadalberto@ull.es\" target=\"_blank\" rel=\"noopener noreferrer\" target=\"_blank\" rel=\"noopener\">guadalberto@ull.es<\/a><\/li>\n<li><i class=\"fa fa-envelope\"><\/i> <a href=\"mailto:ghernan@ull.es\" target=\"_blank\" rel=\"noopener noreferrer\" target=\"_blank\" rel=\"noopener\">ghernan@ull.es<\/a><\/li>\n<li><i class=\"fa fa-external-link\"><\/i> <a href=\"http:\/\/www.catedrapedrogarciacabrera.com\/\" target=\"_blank\" rel=\"noopener\" target=\"_blank\" rel=\"noopener\">C\u00e1tedra Pedro Garc\u00eda Cabrera<\/a><\/li>\n<li><a href=\"https:\/\/www.facebook.com\/CatedraPGC\" target=\"_blank\" rel=\"noopener\" target=\"_blank\" rel=\"noopener\">Facebook<\/a><\/li>\n<\/ul>\n<p>[\/vc_column_text][\/vc_column][vc_column width=\u00bb2\/3&#8243;][vc_column_text]<\/p>\n<h2>C\u00e1tedra Cultural Pedro Garc\u00eda Cabrera<\/h2>\n<p>[\/vc_column_text][vc_column_text]<span style=\"font-weight: 400;\">La C\u00e1tedra Cultural Pedro Garc\u00eda Cabrera, tras un per\u00edodo de silencio, reinici\u00f3 sus actividades en 2011 con el objeto de profundizar en algunos aspectos de la creaci\u00f3n humana, promover el debate en torno al proceso creativo y contribuir a la animaci\u00f3n de un foro en el que se discutan aspectos significativos de la creaci\u00f3n en el mundo de las artes, las ciencias y las letras. A pesar de la separaci\u00f3n artificial que la tradici\u00f3n burocr\u00e1tica ha aplicado a \u00ablas dos culturas\u00bb, el arte y la ciencia no son sino caminos que nacen en un mismo lugar y sue\u00f1an con llegar al mismo sitio. Consecuentemente, las <\/span><a href=\"https:\/\/www.catedrapedrogarciacabrera.com\/\" target=\"_blank\" rel=\"noopener\" target=\"_blank\" rel=\"noopener\"><span style=\"font-weight: 400;\">actividades<\/span><\/a><span style=\"font-weight: 400;\"> de la C\u00e1tedra PGC se desarrollan en torno a tres ejes:\u00a0<\/span><\/p>\n<ul>\n<li style=\"font-weight: 400;\" aria-level=\"1\"><span style=\"font-weight: 400;\">El apoyo a la investigaci\u00f3n y la difusi\u00f3n de la obra de Pedro Garc\u00eda Cabrera.<\/span><\/li>\n<li style=\"font-weight: 400;\" aria-level=\"1\"><span style=\"font-weight: 400;\">La organizaci\u00f3n de mesas redondas sobre temas de actualidad en el \u00e1mbito art\u00edstico, cultural, cient\u00edfico, tecnol\u00f3gico y social<\/span><\/li>\n<li style=\"font-weight: 400;\" aria-level=\"1\"><span style=\"font-weight: 400;\">La divulgaci\u00f3n de la creaci\u00f3n cient\u00edfica y human\u00edstica.<\/span><\/li>\n<\/ul>\n<p><span style=\"font-weight: 400;\">Desconocemos a qu\u00e9 principios responde ese crepitar de la materia que se atreve a sospechar el abrazo de los n\u00fameros al deslizarse por una curvatura del tiempo o del espacio, el ritmo al que se mueve el polis\u00f3n de la luna cuando sale a pasear, o la intensidad con que los aromas de romero ayudan a percibir los colores, interpretar los sonidos e intuir la relaci\u00f3n que existe entre el amor y el odio, entre la carcajada y la congoja, entre el miedo y la decisi\u00f3n. Mientras que la ciencia se aproxima a la realidad desde el rigor del dise\u00f1o experimental, el arte y la literatura lo hacen desde la asociaci\u00f3n ingeniosa de sue\u00f1os y palabras, de suspiros del aire y verbos enamorados que se multiplican hasta inventarse los m\u00faltiples universos que tal vez convivan en las entra\u00f1as del vac\u00edo.\u00a0<\/span><\/p>\n<p><span style=\"font-weight: 400;\">Cierta tradici\u00f3n bab\u00e9lica tiende a contraponer ciencia y arte, n\u00fameros y palabras, como si no se tratasen de aspectos complementarios del mismo impulso humano, como si la actividad cient\u00edfica no procediese de la misma inquietud, agitada por id\u00e9ntica persecuci\u00f3n del hallazgo y ambici\u00f3n del reconocimiento, o como si la creaci\u00f3n art\u00edstica y literaria no respondiese a la misma exigencia de precisi\u00f3n, a la fuerza articuladora que habita al tiempo en las palabras y en los n\u00fameros, la que dota de potencia vital a los verbos y de capacidad reproductora a las mol\u00e9culas. Si se contemplan sin sectarismo, es posible reconocer que las reacciones qu\u00edmicas, los reflejos neurales y las oraciones gramaticales tal vez posean la misma estructura funcional y compartan id\u00e9ntica vocaci\u00f3n: destapar las vasijas donde se guardan los misterios, abrir los cofres donde se esconden los secretos.\u00a0\u00a0\u00a0\u00a0<\/span><\/p>\n<p><span style=\"font-weight: 400;\">Con el objetivo de aportar esfuerzos a esa tarea, la C\u00e1tedra Pedro Garc\u00eda Cabrera pretende ofrecer la palabra a creadores procedentes de \u00e1mbitos diversos que hayan contribuido a la comprensi\u00f3n del mundo desde \u00e1reas diferentes, pero siempre desde la pretensi\u00f3n de la belleza y el af\u00e1n del descubrimiento. Al fin y al cabo, para saber que en la mar no florecen los naranjos, es preciso buscar sus frutos con pureza, con esperanza y sin prejuicios.\u00a0\u00a0\u00a0<\/span>[\/vc_column_text][\/vc_column][\/vc_row]<\/p>\n","protected":false},"excerpt":{"rendered":"<p>[vc_row][vc_column][vc_empty_space][\/vc_column][\/vc_row][vc_row][vc_column width=\u00bb1\/3&#8243;][vc_gallery interval=\u00bb3&#8243; images=\u00bb1959&#8243; img_size=\u00bb360&#215;360&#8243; onclick=\u00bb\u00bb][vc_column_text]Director: Guadalberto Hern\u00e1ndez Codirector: Rafael Alonso Sol\u00eds (+34) 922 31 93 64 guadalberto@ull.es ghernan@ull.es C\u00e1tedra&#8230;<\/p>\n","protected":false},"author":22,"featured_media":1959,"parent":0,"menu_order":0,"comment_status":"closed","ping_status":"closed","template":"","meta":{"inline_featured_image":false,"footnotes":""},"acf":[],"yoast_head":"<!-- This site is optimized with the Yoast SEO plugin v21.3 - https:\/\/yoast.com\/wordpress\/plugins\/seo\/ -->\n<title>C\u00e1tedra Cultural Pedro Garc\u00eda Cabrera - Aulas y C\u00e1tedras Culturales<\/title>\n<meta name=\"robots\" content=\"index, follow, max-snippet:-1, max-image-preview:large, max-video-preview:-1\" \/>\n<link rel=\"canonical\" href=\"https:\/\/www.ull.es\/portal\/aulasycatedrasculturales\/catedra-cultural-pedro-garcia-cabrera\/\" \/>\n<meta property=\"og:locale\" content=\"es_ES\" \/>\n<meta property=\"og:type\" content=\"article\" \/>\n<meta property=\"og:title\" content=\"C\u00e1tedra Cultural Pedro Garc\u00eda Cabrera - Aulas y C\u00e1tedras Culturales\" \/>\n<meta property=\"og:description\" content=\"[vc_row][vc_column][vc_empty_space][\/vc_column][\/vc_row][vc_row][vc_column width=\u00bb1\/3&#8243;][vc_gallery interval=\u00bb3&#8243; images=\u00bb1959&#8243; img_size=\u00bb360&#215;360&#8243; onclick=\u00bb\u00bb][vc_column_text]Director: Guadalberto Hern\u00e1ndez Codirector: Rafael Alonso Sol\u00eds (+34) 922 31 93 64 guadalberto@ull.es ghernan@ull.es C\u00e1tedra...\" \/>\n<meta property=\"og:url\" content=\"https:\/\/www.ull.es\/portal\/aulasycatedrasculturales\/catedra-cultural-pedro-garcia-cabrera\/\" \/>\n<meta property=\"og:site_name\" content=\"Aulas y C\u00e1tedras Culturales\" \/>\n<meta property=\"article:modified_time\" content=\"2024-04-03T10:00:55+00:00\" \/>\n<meta property=\"og:image\" content=\"https:\/\/www.ull.es\/portal\/aulasycatedrasculturales\/wp-content\/uploads\/sites\/19\/2018\/12\/c\u00e1tedra-pedro-garc\u00eda-cabrera.jpg\" \/>\n\t<meta property=\"og:image:width\" content=\"360\" \/>\n\t<meta property=\"og:image:height\" content=\"360\" \/>\n\t<meta property=\"og:image:type\" content=\"image\/jpeg\" \/>\n<meta name=\"twitter:card\" content=\"summary_large_image\" \/>\n<meta name=\"twitter:label1\" content=\"Tiempo de lectura\" \/>\n\t<meta name=\"twitter:data1\" content=\"3 minutos\" \/>\n<script type=\"application\/ld+json\" class=\"yoast-schema-graph\">{\"@context\":\"https:\/\/schema.org\",\"@graph\":[{\"@type\":\"WebPage\",\"@id\":\"https:\/\/www.ull.es\/portal\/aulasycatedrasculturales\/catedra-cultural-pedro-garcia-cabrera\/\",\"url\":\"https:\/\/www.ull.es\/portal\/aulasycatedrasculturales\/catedra-cultural-pedro-garcia-cabrera\/\",\"name\":\"C\u00e1tedra Cultural Pedro Garc\u00eda Cabrera - Aulas y C\u00e1tedras Culturales\",\"isPartOf\":{\"@id\":\"https:\/\/www.ull.es\/portal\/aulasycatedrasculturales\/#website\"},\"datePublished\":\"2016-12-22T10:15:17+00:00\",\"dateModified\":\"2024-04-03T10:00:55+00:00\",\"breadcrumb\":{\"@id\":\"https:\/\/www.ull.es\/portal\/aulasycatedrasculturales\/catedra-cultural-pedro-garcia-cabrera\/#breadcrumb\"},\"inLanguage\":\"es\",\"potentialAction\":[{\"@type\":\"ReadAction\",\"target\":[\"https:\/\/www.ull.es\/portal\/aulasycatedrasculturales\/catedra-cultural-pedro-garcia-cabrera\/\"]}]},{\"@type\":\"BreadcrumbList\",\"@id\":\"https:\/\/www.ull.es\/portal\/aulasycatedrasculturales\/catedra-cultural-pedro-garcia-cabrera\/#breadcrumb\",\"itemListElement\":[{\"@type\":\"ListItem\",\"position\":1,\"name\":\"Portada\",\"item\":\"https:\/\/www.ull.es\/portal\/aulasycatedrasculturales\/\"},{\"@type\":\"ListItem\",\"position\":2,\"name\":\"C\u00e1tedra Cultural Pedro Garc\u00eda Cabrera\"}]},{\"@type\":\"WebSite\",\"@id\":\"https:\/\/www.ull.es\/portal\/aulasycatedrasculturales\/#website\",\"url\":\"https:\/\/www.ull.es\/portal\/aulasycatedrasculturales\/\",\"name\":\"Aulas y C\u00e1tedras Culturales\",\"description\":\"\",\"potentialAction\":[{\"@type\":\"SearchAction\",\"target\":{\"@type\":\"EntryPoint\",\"urlTemplate\":\"https:\/\/www.ull.es\/portal\/aulasycatedrasculturales\/?s={search_term_string}\"},\"query-input\":\"required name=search_term_string\"}],\"inLanguage\":\"es\"}]}<\/script>\n<!-- \/ Yoast SEO plugin. -->","yoast_head_json":{"title":"C\u00e1tedra Cultural Pedro Garc\u00eda Cabrera - Aulas y C\u00e1tedras Culturales","robots":{"index":"index","follow":"follow","max-snippet":"max-snippet:-1","max-image-preview":"max-image-preview:large","max-video-preview":"max-video-preview:-1"},"canonical":"https:\/\/www.ull.es\/portal\/aulasycatedrasculturales\/catedra-cultural-pedro-garcia-cabrera\/","og_locale":"es_ES","og_type":"article","og_title":"C\u00e1tedra Cultural Pedro Garc\u00eda Cabrera - Aulas y C\u00e1tedras Culturales","og_description":"[vc_row][vc_column][vc_empty_space][\/vc_column][\/vc_row][vc_row][vc_column width=\u00bb1\/3&#8243;][vc_gallery interval=\u00bb3&#8243; images=\u00bb1959&#8243; img_size=\u00bb360&#215;360&#8243; onclick=\u00bb\u00bb][vc_column_text]Director: Guadalberto Hern\u00e1ndez Codirector: Rafael Alonso Sol\u00eds (+34) 922 31 93 64 guadalberto@ull.es ghernan@ull.es C\u00e1tedra...","og_url":"https:\/\/www.ull.es\/portal\/aulasycatedrasculturales\/catedra-cultural-pedro-garcia-cabrera\/","og_site_name":"Aulas y C\u00e1tedras Culturales","article_modified_time":"2024-04-03T10:00:55+00:00","og_image":[{"width":360,"height":360,"url":"https:\/\/www.ull.es\/portal\/aulasycatedrasculturales\/wp-content\/uploads\/sites\/19\/2018\/12\/c\u00e1tedra-pedro-garc\u00eda-cabrera.jpg","type":"image\/jpeg"}],"twitter_card":"summary_large_image","twitter_misc":{"Tiempo de lectura":"3 minutos"},"schema":{"@context":"https:\/\/schema.org","@graph":[{"@type":"WebPage","@id":"https:\/\/www.ull.es\/portal\/aulasycatedrasculturales\/catedra-cultural-pedro-garcia-cabrera\/","url":"https:\/\/www.ull.es\/portal\/aulasycatedrasculturales\/catedra-cultural-pedro-garcia-cabrera\/","name":"C\u00e1tedra Cultural Pedro Garc\u00eda Cabrera - Aulas y C\u00e1tedras Culturales","isPartOf":{"@id":"https:\/\/www.ull.es\/portal\/aulasycatedrasculturales\/#website"},"datePublished":"2016-12-22T10:15:17+00:00","dateModified":"2024-04-03T10:00:55+00:00","breadcrumb":{"@id":"https:\/\/www.ull.es\/portal\/aulasycatedrasculturales\/catedra-cultural-pedro-garcia-cabrera\/#breadcrumb"},"inLanguage":"es","potentialAction":[{"@type":"ReadAction","target":["https:\/\/www.ull.es\/portal\/aulasycatedrasculturales\/catedra-cultural-pedro-garcia-cabrera\/"]}]},{"@type":"BreadcrumbList","@id":"https:\/\/www.ull.es\/portal\/aulasycatedrasculturales\/catedra-cultural-pedro-garcia-cabrera\/#breadcrumb","itemListElement":[{"@type":"ListItem","position":1,"name":"Portada","item":"https:\/\/www.ull.es\/portal\/aulasycatedrasculturales\/"},{"@type":"ListItem","position":2,"name":"C\u00e1tedra Cultural Pedro Garc\u00eda Cabrera"}]},{"@type":"WebSite","@id":"https:\/\/www.ull.es\/portal\/aulasycatedrasculturales\/#website","url":"https:\/\/www.ull.es\/portal\/aulasycatedrasculturales\/","name":"Aulas y C\u00e1tedras Culturales","description":"","potentialAction":[{"@type":"SearchAction","target":{"@type":"EntryPoint","urlTemplate":"https:\/\/www.ull.es\/portal\/aulasycatedrasculturales\/?s={search_term_string}"},"query-input":"required name=search_term_string"}],"inLanguage":"es"}]}},"_links":{"self":[{"href":"https:\/\/www.ull.es\/portal\/aulasycatedrasculturales\/wp-json\/wp\/v2\/pages\/175"}],"collection":[{"href":"https:\/\/www.ull.es\/portal\/aulasycatedrasculturales\/wp-json\/wp\/v2\/pages"}],"about":[{"href":"https:\/\/www.ull.es\/portal\/aulasycatedrasculturales\/wp-json\/wp\/v2\/types\/page"}],"author":[{"embeddable":true,"href":"https:\/\/www.ull.es\/portal\/aulasycatedrasculturales\/wp-json\/wp\/v2\/users\/22"}],"replies":[{"embeddable":true,"href":"https:\/\/www.ull.es\/portal\/aulasycatedrasculturales\/wp-json\/wp\/v2\/comments?post=175"}],"version-history":[{"count":25,"href":"https:\/\/www.ull.es\/portal\/aulasycatedrasculturales\/wp-json\/wp\/v2\/pages\/175\/revisions"}],"predecessor-version":[{"id":2332,"href":"https:\/\/www.ull.es\/portal\/aulasycatedrasculturales\/wp-json\/wp\/v2\/pages\/175\/revisions\/2332"}],"wp:featuredmedia":[{"embeddable":true,"href":"https:\/\/www.ull.es\/portal\/aulasycatedrasculturales\/wp-json\/wp\/v2\/media\/1959"}],"wp:attachment":[{"href":"https:\/\/www.ull.es\/portal\/aulasycatedrasculturales\/wp-json\/wp\/v2\/media?parent=175"}],"curies":[{"name":"wp","href":"https:\/\/api.w.org\/{rel}","templated":true}]}}