{"id":186,"date":"2016-12-29T13:08:45","date_gmt":"2016-12-29T13:08:45","guid":{"rendered":"https:\/\/www.ull.es\/portal\/aulasycatedrasculturales\/?page_id=186"},"modified":"2025-01-13T11:27:11","modified_gmt":"2025-01-13T11:27:11","slug":"aula-cultural-educacion-y-sociedad","status":"publish","type":"page","link":"https:\/\/www.ull.es\/portal\/aulasycatedrasculturales\/aula-cultural-educacion-y-sociedad\/","title":{"rendered":"Aula Cultural de Educaci\u00f3n y Sociedad"},"content":{"rendered":"<p>[vc_row][vc_column][vc_empty_space][\/vc_column][\/vc_row][vc_row][vc_column width=\u00bb1\/3&#8243;][vc_single_image image=\u00bb1412&#8243; img_size=\u00bbfull\u00bb][vc_column_text]<strong>Director:<\/strong>Fulgencio S\u00e1nchez Vera<br \/>\n<strong>Secretario: <\/strong>Antonio Adelfo Delgado N\u00fa\u00f1ez<\/p>\n<ul>\n<li>(+34) 922 31 92 43<\/li>\n<li><a href=\"mailto:fsanchev@ull.edu.es\" target=\"_blank\" rel=\"noopener\">fsanchev@ull.es<\/a><\/li>\n<li><i class=\"fa fa-external-link\"><\/i> <a href=\"http:\/\/www.gied.ull.es\/aula_cultural\/\" target=\"_blank\" rel=\"noopener\">web<\/a><\/li>\n<\/ul>\n<p>[\/vc_column_text][\/vc_column][vc_column width=\u00bb2\/3&#8243;][vc_column_text]<\/p>\n<h2>Aula Cultural de Educaci\u00f3n y Sociedad<\/h2>\n<p>[\/vc_column_text][vc_column_text]El Aula Cultural de Educaci\u00f3n y Sociedad es un espacio cultural abierto a la comunidad universitaria y a la sociedad en general. Nace con vocaci\u00f3n de servicio, constituyendo un lugar de encuentro en el que desde la reflexi\u00f3n cr\u00edtica se pretende lograr los siguientes objetivos:<\/p>\n<ul>\n<li>Promover la dinamizaci\u00f3n cultural en relaci\u00f3n al tema de Educaci\u00f3n y Sociedad, en el \u00e1mbito universitario y en el de la sociedad.<\/li>\n<li>Fomentar la investigaci\u00f3n, el estudio, la reflexi\u00f3n y el debate sobre temas educativos y sociales.<\/li>\n<li>Organizar actividades (conferencias, debates, seminarios, cursos de extensi\u00f3n universitaria, jornadas, dise\u00f1o y elaboraci\u00f3n de recursos, exposiciones, publicaciones, conmemoraciones, etc.) relacionadas con la educaci\u00f3n y la sociedad.<\/li>\n<li>Favorecer la participaci\u00f3n en actividades culturales de miembros de la comunidad universitaria junto a personas y entidades no pertenecientes a ella.<\/li>\n<li>Contribuir a la actividad cultural promovida por la Universidad de La Laguna.<\/li>\n<li>Colaborar con la Facultad de Educaci\u00f3n en las cuestiones que le sean solicitadas.<\/li>\n<li>Elaborar informes y ofrecer asesoramiento en la tem\u00e1tica del Aula a instituciones (Rectorado, Facultades, editoriales, asociaciones, empresas, ONG, etc.) p\u00fablicas y privadas.<\/li>\n<li>Ofertar un servicio de tutor\u00eda profesional al profesorado de todos los niveles educativos.<\/li>\n<li>Proponer al Vicerrectorado competente en materia de Extensi\u00f3n Universitaria y a la Facultad de Educaci\u00f3n cuantas cuestiones puedan considerarse de inter\u00e9s para mejorar la calidad educativa y social.<\/li>\n<\/ul>\n<p>[\/vc_column_text][\/vc_column][\/vc_row]<\/p>\n","protected":false},"excerpt":{"rendered":"<p>[vc_row][vc_column][vc_empty_space][\/vc_column][\/vc_row][vc_row][vc_column width=\u00bb1\/3&#8243;][vc_single_image image=\u00bb1412&#8243; img_size=\u00bbfull\u00bb][vc_column_text]Director:Fulgencio S\u00e1nchez Vera Secretario: Antonio Adelfo Delgado N\u00fa\u00f1ez (+34) 922 31 92 43 fsanchev@ull.es web [\/vc_column_text][\/vc_column][vc_column width=\u00bb2\/3&#8243;][vc_column_text]&#8230;<\/p>\n","protected":false},"author":22,"featured_media":1412,"parent":0,"menu_order":0,"comment_status":"closed","ping_status":"closed","template":"","meta":{"inline_featured_image":false,"footnotes":""},"acf":[],"yoast_head":"<!-- This site is optimized with the Yoast SEO plugin v21.3 - https:\/\/yoast.com\/wordpress\/plugins\/seo\/ -->\n<title>Aula Cultural de Educaci\u00f3n y Sociedad - Aulas y C\u00e1tedras Culturales<\/title>\n<meta name=\"robots\" content=\"index, follow, max-snippet:-1, max-image-preview:large, max-video-preview:-1\" \/>\n<link rel=\"canonical\" href=\"https:\/\/www.ull.es\/portal\/aulasycatedrasculturales\/aula-cultural-educacion-y-sociedad\/\" \/>\n<meta property=\"og:locale\" content=\"es_ES\" \/>\n<meta property=\"og:type\" content=\"article\" \/>\n<meta property=\"og:title\" content=\"Aula Cultural de Educaci\u00f3n y Sociedad - Aulas y C\u00e1tedras Culturales\" \/>\n<meta property=\"og:description\" content=\"[vc_row][vc_column][vc_empty_space][\/vc_column][\/vc_row][vc_row][vc_column width=\u00bb1\/3&#8243;][vc_single_image image=\u00bb1412&#8243; img_size=\u00bbfull\u00bb][vc_column_text]Director:Fulgencio S\u00e1nchez Vera Secretario: Antonio Adelfo Delgado N\u00fa\u00f1ez (+34) 922 31 92 43 fsanchev@ull.es web [\/vc_column_text][\/vc_column][vc_column width=\u00bb2\/3&#8243;][vc_column_text]...\" \/>\n<meta property=\"og:url\" content=\"https:\/\/www.ull.es\/portal\/aulasycatedrasculturales\/aula-cultural-educacion-y-sociedad\/\" \/>\n<meta property=\"og:site_name\" content=\"Aulas y C\u00e1tedras Culturales\" \/>\n<meta property=\"article:modified_time\" content=\"2025-01-13T11:27:11+00:00\" \/>\n<meta property=\"og:image\" content=\"https:\/\/www.ull.es\/portal\/aulasycatedrasculturales\/wp-content\/uploads\/sites\/19\/2016\/12\/aula-cultural-edu.jpg\" \/>\n\t<meta property=\"og:image:width\" content=\"300\" \/>\n\t<meta property=\"og:image:height\" content=\"247\" \/>\n\t<meta property=\"og:image:type\" content=\"image\/jpeg\" \/>\n<meta name=\"twitter:card\" content=\"summary_large_image\" \/>\n<meta name=\"twitter:label1\" content=\"Tiempo de lectura\" \/>\n\t<meta name=\"twitter:data1\" content=\"2 minutos\" \/>\n<script type=\"application\/ld+json\" class=\"yoast-schema-graph\">{\"@context\":\"https:\/\/schema.org\",\"@graph\":[{\"@type\":\"WebPage\",\"@id\":\"https:\/\/www.ull.es\/portal\/aulasycatedrasculturales\/aula-cultural-educacion-y-sociedad\/\",\"url\":\"https:\/\/www.ull.es\/portal\/aulasycatedrasculturales\/aula-cultural-educacion-y-sociedad\/\",\"name\":\"Aula Cultural de Educaci\u00f3n y Sociedad - Aulas y C\u00e1tedras Culturales\",\"isPartOf\":{\"@id\":\"https:\/\/www.ull.es\/portal\/aulasycatedrasculturales\/#website\"},\"datePublished\":\"2016-12-29T13:08:45+00:00\",\"dateModified\":\"2025-01-13T11:27:11+00:00\",\"breadcrumb\":{\"@id\":\"https:\/\/www.ull.es\/portal\/aulasycatedrasculturales\/aula-cultural-educacion-y-sociedad\/#breadcrumb\"},\"inLanguage\":\"es\",\"potentialAction\":[{\"@type\":\"ReadAction\",\"target\":[\"https:\/\/www.ull.es\/portal\/aulasycatedrasculturales\/aula-cultural-educacion-y-sociedad\/\"]}]},{\"@type\":\"BreadcrumbList\",\"@id\":\"https:\/\/www.ull.es\/portal\/aulasycatedrasculturales\/aula-cultural-educacion-y-sociedad\/#breadcrumb\",\"itemListElement\":[{\"@type\":\"ListItem\",\"position\":1,\"name\":\"Portada\",\"item\":\"https:\/\/www.ull.es\/portal\/aulasycatedrasculturales\/\"},{\"@type\":\"ListItem\",\"position\":2,\"name\":\"Aula Cultural de Educaci\u00f3n y Sociedad\"}]},{\"@type\":\"WebSite\",\"@id\":\"https:\/\/www.ull.es\/portal\/aulasycatedrasculturales\/#website\",\"url\":\"https:\/\/www.ull.es\/portal\/aulasycatedrasculturales\/\",\"name\":\"Aulas y C\u00e1tedras Culturales\",\"description\":\"\",\"potentialAction\":[{\"@type\":\"SearchAction\",\"target\":{\"@type\":\"EntryPoint\",\"urlTemplate\":\"https:\/\/www.ull.es\/portal\/aulasycatedrasculturales\/?s={search_term_string}\"},\"query-input\":\"required name=search_term_string\"}],\"inLanguage\":\"es\"}]}<\/script>\n<!-- \/ Yoast SEO plugin. -->","yoast_head_json":{"title":"Aula Cultural de Educaci\u00f3n y Sociedad - Aulas y C\u00e1tedras Culturales","robots":{"index":"index","follow":"follow","max-snippet":"max-snippet:-1","max-image-preview":"max-image-preview:large","max-video-preview":"max-video-preview:-1"},"canonical":"https:\/\/www.ull.es\/portal\/aulasycatedrasculturales\/aula-cultural-educacion-y-sociedad\/","og_locale":"es_ES","og_type":"article","og_title":"Aula Cultural de Educaci\u00f3n y Sociedad - Aulas y C\u00e1tedras Culturales","og_description":"[vc_row][vc_column][vc_empty_space][\/vc_column][\/vc_row][vc_row][vc_column width=\u00bb1\/3&#8243;][vc_single_image image=\u00bb1412&#8243; img_size=\u00bbfull\u00bb][vc_column_text]Director:Fulgencio S\u00e1nchez Vera Secretario: Antonio Adelfo Delgado N\u00fa\u00f1ez (+34) 922 31 92 43 fsanchev@ull.es web [\/vc_column_text][\/vc_column][vc_column width=\u00bb2\/3&#8243;][vc_column_text]...","og_url":"https:\/\/www.ull.es\/portal\/aulasycatedrasculturales\/aula-cultural-educacion-y-sociedad\/","og_site_name":"Aulas y C\u00e1tedras Culturales","article_modified_time":"2025-01-13T11:27:11+00:00","og_image":[{"width":300,"height":247,"url":"https:\/\/www.ull.es\/portal\/aulasycatedrasculturales\/wp-content\/uploads\/sites\/19\/2016\/12\/aula-cultural-edu.jpg","type":"image\/jpeg"}],"twitter_card":"summary_large_image","twitter_misc":{"Tiempo de lectura":"2 minutos"},"schema":{"@context":"https:\/\/schema.org","@graph":[{"@type":"WebPage","@id":"https:\/\/www.ull.es\/portal\/aulasycatedrasculturales\/aula-cultural-educacion-y-sociedad\/","url":"https:\/\/www.ull.es\/portal\/aulasycatedrasculturales\/aula-cultural-educacion-y-sociedad\/","name":"Aula Cultural de Educaci\u00f3n y Sociedad - Aulas y C\u00e1tedras Culturales","isPartOf":{"@id":"https:\/\/www.ull.es\/portal\/aulasycatedrasculturales\/#website"},"datePublished":"2016-12-29T13:08:45+00:00","dateModified":"2025-01-13T11:27:11+00:00","breadcrumb":{"@id":"https:\/\/www.ull.es\/portal\/aulasycatedrasculturales\/aula-cultural-educacion-y-sociedad\/#breadcrumb"},"inLanguage":"es","potentialAction":[{"@type":"ReadAction","target":["https:\/\/www.ull.es\/portal\/aulasycatedrasculturales\/aula-cultural-educacion-y-sociedad\/"]}]},{"@type":"BreadcrumbList","@id":"https:\/\/www.ull.es\/portal\/aulasycatedrasculturales\/aula-cultural-educacion-y-sociedad\/#breadcrumb","itemListElement":[{"@type":"ListItem","position":1,"name":"Portada","item":"https:\/\/www.ull.es\/portal\/aulasycatedrasculturales\/"},{"@type":"ListItem","position":2,"name":"Aula Cultural de Educaci\u00f3n y Sociedad"}]},{"@type":"WebSite","@id":"https:\/\/www.ull.es\/portal\/aulasycatedrasculturales\/#website","url":"https:\/\/www.ull.es\/portal\/aulasycatedrasculturales\/","name":"Aulas y C\u00e1tedras Culturales","description":"","potentialAction":[{"@type":"SearchAction","target":{"@type":"EntryPoint","urlTemplate":"https:\/\/www.ull.es\/portal\/aulasycatedrasculturales\/?s={search_term_string}"},"query-input":"required name=search_term_string"}],"inLanguage":"es"}]}},"_links":{"self":[{"href":"https:\/\/www.ull.es\/portal\/aulasycatedrasculturales\/wp-json\/wp\/v2\/pages\/186"}],"collection":[{"href":"https:\/\/www.ull.es\/portal\/aulasycatedrasculturales\/wp-json\/wp\/v2\/pages"}],"about":[{"href":"https:\/\/www.ull.es\/portal\/aulasycatedrasculturales\/wp-json\/wp\/v2\/types\/page"}],"author":[{"embeddable":true,"href":"https:\/\/www.ull.es\/portal\/aulasycatedrasculturales\/wp-json\/wp\/v2\/users\/22"}],"replies":[{"embeddable":true,"href":"https:\/\/www.ull.es\/portal\/aulasycatedrasculturales\/wp-json\/wp\/v2\/comments?post=186"}],"version-history":[{"count":7,"href":"https:\/\/www.ull.es\/portal\/aulasycatedrasculturales\/wp-json\/wp\/v2\/pages\/186\/revisions"}],"predecessor-version":[{"id":2354,"href":"https:\/\/www.ull.es\/portal\/aulasycatedrasculturales\/wp-json\/wp\/v2\/pages\/186\/revisions\/2354"}],"wp:featuredmedia":[{"embeddable":true,"href":"https:\/\/www.ull.es\/portal\/aulasycatedrasculturales\/wp-json\/wp\/v2\/media\/1412"}],"wp:attachment":[{"href":"https:\/\/www.ull.es\/portal\/aulasycatedrasculturales\/wp-json\/wp\/v2\/media?parent=186"}],"curies":[{"name":"wp","href":"https:\/\/api.w.org\/{rel}","templated":true}]}}