{"id":188,"date":"2016-12-29T13:10:37","date_gmt":"2016-12-29T13:10:37","guid":{"rendered":"https:\/\/www.ull.es\/portal\/aulasycatedrasculturales\/?page_id=188"},"modified":"2026-01-07T10:36:54","modified_gmt":"2026-01-07T10:36:54","slug":"fotografia","status":"publish","type":"page","link":"https:\/\/www.ull.es\/portal\/aulasycatedrasculturales\/fotografia\/","title":{"rendered":"Aula Cultural de Fotograf\u00eda"},"content":{"rendered":"<p>[vc_row][vc_column][vc_empty_space][\/vc_column][\/vc_row][vc_row][vc_column width=\u00bb1\/3&#8243;][vc_single_image image=\u00bb2311&#8243; img_size=\u00bbfull\u00bb][vc_column_text]<strong>Directora: <\/strong>Teresa Arozena Bonnet<\/p>\n<p><a href=\"mailto:tarozena@ull.edu.es\" target=\"_blank\" rel=\"noopener\">tarozena@ull.es<\/a><\/p>\n<p>Tel. +34 922 316 502 \u00a0Ext. 6312<\/p>\n<p><strong>Secretario: <\/strong>Adri\u00e1n Alem\u00e1n Bastarrica<\/p>\n<p><a href=\"mailto:adrbas@ull.edu.es\" target=\"_blank\" rel=\"noopener\">adrbas@ull.es<\/a><\/p>\n<ul>\n<li><i class=\"fa fa-external-link\"><\/i><a href=\"https:\/\/www.instagram.com\/acfoto_ull\/\" target=\"_blank\" rel=\"noopener\" target=\"_blank\" rel=\"noopener\">P\u00e1gina web<\/a><\/li>\n<\/ul>\n<p>[\/vc_column_text][\/vc_column][vc_column width=\u00bb2\/3&#8243;][vc_column_text]<\/p>\n<h2>Aula Cultural de Fotograf\u00eda<\/h2>\n<p>[\/vc_column_text][vc_column_text]El Aula Cultural de Fotograf\u00eda pretende infundir nueva vida a las iniciativas para el conocimiento y la difusi\u00f3n de las pr\u00e1cticas fotogr\u00e1ficas en el marco de la sociedad contempor\u00e1nea, en el que la imagen fotogr\u00e1fica se manifiesta como un medio vertebral.\u00a0Entre sus objetivos se encuentran la organizaci\u00f3n de seminarios, talleres, cursos, conferencias, visitas, y otras actividades relacionadas con la reflexion investigaci\u00f3n y difusi\u00f3n de la cultura fotogr\u00e1fica, la creaci\u00f3n de sinergias y colaboraciones con quienes desde cualquier \u00e1mbito del conocimiento investiguen \/ divulguen en torno al medio fotogr\u00e1fico, y la realizaci\u00f3n de proyectos de investigaci\u00f3n centrados en los diferentes \u00e1mbitos de la fotograf\u00eda.<\/p>\n<p>[\/vc_column_text][\/vc_column][\/vc_row]<\/p>\n","protected":false},"excerpt":{"rendered":"<p>[vc_row][vc_column][vc_empty_space][\/vc_column][\/vc_row][vc_row][vc_column width=\u00bb1\/3&#8243;][vc_single_image image=\u00bb2311&#8243; img_size=\u00bbfull\u00bb][vc_column_text]Directora: Teresa Arozena Bonnet tarozena@ull.es Tel. +34 922 316 502 \u00a0Ext. 6312 Secretario: Adri\u00e1n Alem\u00e1n Bastarrica adrbas@ull.es&#8230;<\/p>\n","protected":false},"author":22,"featured_media":1448,"parent":0,"menu_order":0,"comment_status":"closed","ping_status":"closed","template":"","meta":{"inline_featured_image":false,"footnotes":""},"acf":[],"yoast_head":"<!-- This site is optimized with the Yoast SEO plugin v21.3 - https:\/\/yoast.com\/wordpress\/plugins\/seo\/ -->\n<title>Aula Cultural de Fotograf\u00eda - Aulas y C\u00e1tedras Culturales<\/title>\n<meta name=\"robots\" content=\"index, follow, max-snippet:-1, max-image-preview:large, max-video-preview:-1\" \/>\n<link rel=\"canonical\" href=\"https:\/\/www.ull.es\/portal\/aulasycatedrasculturales\/fotografia\/\" \/>\n<meta property=\"og:locale\" content=\"es_ES\" \/>\n<meta property=\"og:type\" content=\"article\" \/>\n<meta property=\"og:title\" content=\"Aula Cultural de Fotograf\u00eda - Aulas y C\u00e1tedras Culturales\" \/>\n<meta property=\"og:description\" content=\"[vc_row][vc_column][vc_empty_space][\/vc_column][\/vc_row][vc_row][vc_column width=\u00bb1\/3&#8243;][vc_single_image image=\u00bb2311&#8243; img_size=\u00bbfull\u00bb][vc_column_text]Directora: Teresa Arozena Bonnet tarozena@ull.es Tel. +34 922 316 502 \u00a0Ext. 6312 Secretario: Adri\u00e1n Alem\u00e1n Bastarrica adrbas@ull.es...\" \/>\n<meta property=\"og:url\" content=\"https:\/\/www.ull.es\/portal\/aulasycatedrasculturales\/fotografia\/\" \/>\n<meta property=\"og:site_name\" content=\"Aulas y C\u00e1tedras Culturales\" \/>\n<meta property=\"article:modified_time\" content=\"2026-01-07T10:36:54+00:00\" \/>\n<meta property=\"og:image\" content=\"https:\/\/www.ull.es\/portal\/aulasycatedrasculturales\/wp-content\/uploads\/sites\/19\/2016\/12\/aula-foto.jpg\" \/>\n\t<meta property=\"og:image:width\" content=\"300\" \/>\n\t<meta property=\"og:image:height\" content=\"300\" \/>\n\t<meta property=\"og:image:type\" content=\"image\/jpeg\" \/>\n<meta name=\"twitter:card\" content=\"summary_large_image\" \/>\n<meta name=\"twitter:label1\" content=\"Tiempo de lectura\" \/>\n\t<meta name=\"twitter:data1\" content=\"1 minuto\" \/>\n<script type=\"application\/ld+json\" class=\"yoast-schema-graph\">{\"@context\":\"https:\/\/schema.org\",\"@graph\":[{\"@type\":\"WebPage\",\"@id\":\"https:\/\/www.ull.es\/portal\/aulasycatedrasculturales\/fotografia\/\",\"url\":\"https:\/\/www.ull.es\/portal\/aulasycatedrasculturales\/fotografia\/\",\"name\":\"Aula Cultural de Fotograf\u00eda - Aulas y C\u00e1tedras Culturales\",\"isPartOf\":{\"@id\":\"https:\/\/www.ull.es\/portal\/aulasycatedrasculturales\/#website\"},\"datePublished\":\"2016-12-29T13:10:37+00:00\",\"dateModified\":\"2026-01-07T10:36:54+00:00\",\"breadcrumb\":{\"@id\":\"https:\/\/www.ull.es\/portal\/aulasycatedrasculturales\/fotografia\/#breadcrumb\"},\"inLanguage\":\"es\",\"potentialAction\":[{\"@type\":\"ReadAction\",\"target\":[\"https:\/\/www.ull.es\/portal\/aulasycatedrasculturales\/fotografia\/\"]}]},{\"@type\":\"BreadcrumbList\",\"@id\":\"https:\/\/www.ull.es\/portal\/aulasycatedrasculturales\/fotografia\/#breadcrumb\",\"itemListElement\":[{\"@type\":\"ListItem\",\"position\":1,\"name\":\"Portada\",\"item\":\"https:\/\/www.ull.es\/portal\/aulasycatedrasculturales\/\"},{\"@type\":\"ListItem\",\"position\":2,\"name\":\"Aula Cultural de Fotograf\u00eda\"}]},{\"@type\":\"WebSite\",\"@id\":\"https:\/\/www.ull.es\/portal\/aulasycatedrasculturales\/#website\",\"url\":\"https:\/\/www.ull.es\/portal\/aulasycatedrasculturales\/\",\"name\":\"Aulas y C\u00e1tedras Culturales\",\"description\":\"\",\"potentialAction\":[{\"@type\":\"SearchAction\",\"target\":{\"@type\":\"EntryPoint\",\"urlTemplate\":\"https:\/\/www.ull.es\/portal\/aulasycatedrasculturales\/?s={search_term_string}\"},\"query-input\":\"required name=search_term_string\"}],\"inLanguage\":\"es\"}]}<\/script>\n<!-- \/ Yoast SEO plugin. -->","yoast_head_json":{"title":"Aula Cultural de Fotograf\u00eda - Aulas y C\u00e1tedras Culturales","robots":{"index":"index","follow":"follow","max-snippet":"max-snippet:-1","max-image-preview":"max-image-preview:large","max-video-preview":"max-video-preview:-1"},"canonical":"https:\/\/www.ull.es\/portal\/aulasycatedrasculturales\/fotografia\/","og_locale":"es_ES","og_type":"article","og_title":"Aula Cultural de Fotograf\u00eda - Aulas y C\u00e1tedras Culturales","og_description":"[vc_row][vc_column][vc_empty_space][\/vc_column][\/vc_row][vc_row][vc_column width=\u00bb1\/3&#8243;][vc_single_image image=\u00bb2311&#8243; img_size=\u00bbfull\u00bb][vc_column_text]Directora: Teresa Arozena Bonnet tarozena@ull.es Tel. +34 922 316 502 \u00a0Ext. 6312 Secretario: Adri\u00e1n Alem\u00e1n Bastarrica adrbas@ull.es...","og_url":"https:\/\/www.ull.es\/portal\/aulasycatedrasculturales\/fotografia\/","og_site_name":"Aulas y C\u00e1tedras Culturales","article_modified_time":"2026-01-07T10:36:54+00:00","og_image":[{"width":300,"height":300,"url":"https:\/\/www.ull.es\/portal\/aulasycatedrasculturales\/wp-content\/uploads\/sites\/19\/2016\/12\/aula-foto.jpg","type":"image\/jpeg"}],"twitter_card":"summary_large_image","twitter_misc":{"Tiempo de lectura":"1 minuto"},"schema":{"@context":"https:\/\/schema.org","@graph":[{"@type":"WebPage","@id":"https:\/\/www.ull.es\/portal\/aulasycatedrasculturales\/fotografia\/","url":"https:\/\/www.ull.es\/portal\/aulasycatedrasculturales\/fotografia\/","name":"Aula Cultural de Fotograf\u00eda - Aulas y C\u00e1tedras Culturales","isPartOf":{"@id":"https:\/\/www.ull.es\/portal\/aulasycatedrasculturales\/#website"},"datePublished":"2016-12-29T13:10:37+00:00","dateModified":"2026-01-07T10:36:54+00:00","breadcrumb":{"@id":"https:\/\/www.ull.es\/portal\/aulasycatedrasculturales\/fotografia\/#breadcrumb"},"inLanguage":"es","potentialAction":[{"@type":"ReadAction","target":["https:\/\/www.ull.es\/portal\/aulasycatedrasculturales\/fotografia\/"]}]},{"@type":"BreadcrumbList","@id":"https:\/\/www.ull.es\/portal\/aulasycatedrasculturales\/fotografia\/#breadcrumb","itemListElement":[{"@type":"ListItem","position":1,"name":"Portada","item":"https:\/\/www.ull.es\/portal\/aulasycatedrasculturales\/"},{"@type":"ListItem","position":2,"name":"Aula Cultural de Fotograf\u00eda"}]},{"@type":"WebSite","@id":"https:\/\/www.ull.es\/portal\/aulasycatedrasculturales\/#website","url":"https:\/\/www.ull.es\/portal\/aulasycatedrasculturales\/","name":"Aulas y C\u00e1tedras Culturales","description":"","potentialAction":[{"@type":"SearchAction","target":{"@type":"EntryPoint","urlTemplate":"https:\/\/www.ull.es\/portal\/aulasycatedrasculturales\/?s={search_term_string}"},"query-input":"required name=search_term_string"}],"inLanguage":"es"}]}},"_links":{"self":[{"href":"https:\/\/www.ull.es\/portal\/aulasycatedrasculturales\/wp-json\/wp\/v2\/pages\/188"}],"collection":[{"href":"https:\/\/www.ull.es\/portal\/aulasycatedrasculturales\/wp-json\/wp\/v2\/pages"}],"about":[{"href":"https:\/\/www.ull.es\/portal\/aulasycatedrasculturales\/wp-json\/wp\/v2\/types\/page"}],"author":[{"embeddable":true,"href":"https:\/\/www.ull.es\/portal\/aulasycatedrasculturales\/wp-json\/wp\/v2\/users\/22"}],"replies":[{"embeddable":true,"href":"https:\/\/www.ull.es\/portal\/aulasycatedrasculturales\/wp-json\/wp\/v2\/comments?post=188"}],"version-history":[{"count":16,"href":"https:\/\/www.ull.es\/portal\/aulasycatedrasculturales\/wp-json\/wp\/v2\/pages\/188\/revisions"}],"predecessor-version":[{"id":2395,"href":"https:\/\/www.ull.es\/portal\/aulasycatedrasculturales\/wp-json\/wp\/v2\/pages\/188\/revisions\/2395"}],"wp:featuredmedia":[{"embeddable":true,"href":"https:\/\/www.ull.es\/portal\/aulasycatedrasculturales\/wp-json\/wp\/v2\/media\/1448"}],"wp:attachment":[{"href":"https:\/\/www.ull.es\/portal\/aulasycatedrasculturales\/wp-json\/wp\/v2\/media?parent=188"}],"curies":[{"name":"wp","href":"https:\/\/api.w.org\/{rel}","templated":true}]}}