{"id":1896,"date":"2018-07-05T08:35:36","date_gmt":"2018-07-05T08:35:36","guid":{"rendered":"https:\/\/www.ull.es\/portal\/aulasycatedrasculturales\/?page_id=1896"},"modified":"2022-12-20T09:23:38","modified_gmt":"2022-12-20T09:23:38","slug":"catedra-cultural-globalizacion-migraciones-y-nuevas-ciudadanias","status":"publish","type":"page","link":"https:\/\/www.ull.es\/portal\/aulasycatedrasculturales\/catedra-cultural-globalizacion-migraciones-y-nuevas-ciudadanias\/","title":{"rendered":"Globalizaci\u00f3n, migraciones y nuevas ciudadan\u00edas"},"content":{"rendered":"<p>[vc_row][vc_column][vc_empty_space][\/vc_column][\/vc_row][vc_row][vc_column width=\u00bb1\/3&#8243;][vc_single_image image=\u00bb1901&#8243; img_size=\u00bbfull\u00bb][vc_column_text]<strong>Directora:<\/strong>\u00a0Carmen Ascanio S\u00e1nchez<br \/>\n<strong>Co-Director:<\/strong> Sami Na\u00efr.<\/p>\n<ul>\n<li><i class=\"fa fa-envelope\"><\/i> <a href=\"mailto:cascanio@ull.es\" target=\"_blank\" rel=\"noopener\"> cascanio@ull.es<\/a><\/li>\n<li><i class=\"fa fa-phone\"><\/i> (+34) 922 31 74 46<\/li>\n<li><i class=\"fa fa-globe\"><\/i> <a href=\"https:\/\/www.ull.es\/catedras\/globalizacion-migraciones-ciudadanias\/\" target=\"_blank\" rel=\"noopener noreferrer\" target=\"_blank\" rel=\"noopener\">P\u00e1gina web<\/a><\/li>\n<\/ul>\n<p>[\/vc_column_text][\/vc_column][vc_column width=\u00bb2\/3&#8243;][vc_column_text]<\/p>\n<h2>Globalizaci\u00f3n, migraciones y nuevas ciudadan\u00edas<\/h2>\n<p>[\/vc_column_text][vc_column_text]Los procesos de globalizaci\u00f3n est\u00e1n transformando numerosos aspectos de la vida de las poblaciones y generando m\u00faltiples debates sobre sus consecuencias. Esta C\u00e1tedra Cultural surge desde diversos grupos de investigaci\u00f3n que vienen trabajando dichas tem\u00e1ticas y de la estancia realizada por el profesor Sami Nair en la Universidad de La Laguna que ha reforzado intereses comunes. Su objetivo es generar un espacio de encuentro, dialogo, investigaci\u00f3n y acci\u00f3n colectiva en torno a temas de relevancia y proyecci\u00f3n social, relacionados con los procesos de globalizaci\u00f3n y su incidencia en el desarrollo de las migraciones internacionales y la conformaci\u00f3n de nuevas ciudadan\u00edas. Se plantea incentivar la visibilidad del potencial investigador y cr\u00edtico de la ULL, compartir y reforzar redes de trabajo a distintos niveles y escalas, potenciar el papel de la Universidad en el \u00e1mbito Atl\u00e1ntico y propiciar el desarrollo de espacios de encuentro con la realidad social y sus protagonistas, de modo que se pueda incorporar a m\u00e1s actores en la definici\u00f3n, la realizaci\u00f3n y la difusi\u00f3n de las actividades impulsadas que sean de inter\u00e9s compartido.[\/vc_column_text][\/vc_column][\/vc_row]<\/p>\n","protected":false},"excerpt":{"rendered":"<p>[vc_row][vc_column][vc_empty_space][\/vc_column][\/vc_row][vc_row][vc_column width=\u00bb1\/3&#8243;][vc_single_image image=\u00bb1901&#8243; img_size=\u00bbfull\u00bb][vc_column_text]Directora:\u00a0Carmen Ascanio S\u00e1nchez Co-Director: Sami Na\u00efr. cascanio@ull.es (+34) 922 31 74 46 P\u00e1gina web [\/vc_column_text][\/vc_column][vc_column width=\u00bb2\/3&#8243;][vc_column_text] Globalizaci\u00f3n,&#8230;<\/p>\n","protected":false},"author":22,"featured_media":1901,"parent":0,"menu_order":0,"comment_status":"closed","ping_status":"closed","template":"","meta":{"inline_featured_image":false,"footnotes":""},"acf":[],"yoast_head":"<!-- This site is optimized with the Yoast SEO plugin v21.3 - https:\/\/yoast.com\/wordpress\/plugins\/seo\/ -->\n<title>Globalizaci\u00f3n, migraciones y nuevas ciudadan\u00edas - Aulas y C\u00e1tedras Culturales<\/title>\n<meta name=\"robots\" content=\"index, follow, max-snippet:-1, max-image-preview:large, max-video-preview:-1\" \/>\n<link rel=\"canonical\" href=\"https:\/\/www.ull.es\/portal\/aulasycatedrasculturales\/catedra-cultural-globalizacion-migraciones-y-nuevas-ciudadanias\/\" \/>\n<meta property=\"og:locale\" content=\"es_ES\" \/>\n<meta property=\"og:type\" content=\"article\" \/>\n<meta property=\"og:title\" content=\"Globalizaci\u00f3n, migraciones y nuevas ciudadan\u00edas - Aulas y C\u00e1tedras Culturales\" \/>\n<meta property=\"og:description\" content=\"[vc_row][vc_column][vc_empty_space][\/vc_column][\/vc_row][vc_row][vc_column width=\u00bb1\/3&#8243;][vc_single_image image=\u00bb1901&#8243; img_size=\u00bbfull\u00bb][vc_column_text]Directora:\u00a0Carmen Ascanio S\u00e1nchez Co-Director: Sami Na\u00efr. cascanio@ull.es (+34) 922 31 74 46 P\u00e1gina web [\/vc_column_text][\/vc_column][vc_column width=\u00bb2\/3&#8243;][vc_column_text] Globalizaci\u00f3n,...\" \/>\n<meta property=\"og:url\" content=\"https:\/\/www.ull.es\/portal\/aulasycatedrasculturales\/catedra-cultural-globalizacion-migraciones-y-nuevas-ciudadanias\/\" \/>\n<meta property=\"og:site_name\" content=\"Aulas y C\u00e1tedras Culturales\" \/>\n<meta property=\"article:modified_time\" content=\"2022-12-20T09:23:38+00:00\" \/>\n<meta property=\"og:image\" content=\"https:\/\/www.ull.es\/portal\/aulasycatedrasculturales\/wp-content\/uploads\/sites\/19\/2018\/07\/catedra-cultural-globalizaci\u00f3n.jpg\" \/>\n\t<meta property=\"og:image:width\" content=\"500\" \/>\n\t<meta property=\"og:image:height\" content=\"294\" \/>\n\t<meta property=\"og:image:type\" content=\"image\/jpeg\" \/>\n<meta name=\"twitter:card\" content=\"summary_large_image\" \/>\n<meta name=\"twitter:label1\" content=\"Tiempo de lectura\" \/>\n\t<meta name=\"twitter:data1\" content=\"1 minuto\" \/>\n<script type=\"application\/ld+json\" class=\"yoast-schema-graph\">{\"@context\":\"https:\/\/schema.org\",\"@graph\":[{\"@type\":\"WebPage\",\"@id\":\"https:\/\/www.ull.es\/portal\/aulasycatedrasculturales\/catedra-cultural-globalizacion-migraciones-y-nuevas-ciudadanias\/\",\"url\":\"https:\/\/www.ull.es\/portal\/aulasycatedrasculturales\/catedra-cultural-globalizacion-migraciones-y-nuevas-ciudadanias\/\",\"name\":\"Globalizaci\u00f3n, migraciones y nuevas ciudadan\u00edas - Aulas y C\u00e1tedras Culturales\",\"isPartOf\":{\"@id\":\"https:\/\/www.ull.es\/portal\/aulasycatedrasculturales\/#website\"},\"datePublished\":\"2018-07-05T08:35:36+00:00\",\"dateModified\":\"2022-12-20T09:23:38+00:00\",\"breadcrumb\":{\"@id\":\"https:\/\/www.ull.es\/portal\/aulasycatedrasculturales\/catedra-cultural-globalizacion-migraciones-y-nuevas-ciudadanias\/#breadcrumb\"},\"inLanguage\":\"es\",\"potentialAction\":[{\"@type\":\"ReadAction\",\"target\":[\"https:\/\/www.ull.es\/portal\/aulasycatedrasculturales\/catedra-cultural-globalizacion-migraciones-y-nuevas-ciudadanias\/\"]}]},{\"@type\":\"BreadcrumbList\",\"@id\":\"https:\/\/www.ull.es\/portal\/aulasycatedrasculturales\/catedra-cultural-globalizacion-migraciones-y-nuevas-ciudadanias\/#breadcrumb\",\"itemListElement\":[{\"@type\":\"ListItem\",\"position\":1,\"name\":\"Portada\",\"item\":\"https:\/\/www.ull.es\/portal\/aulasycatedrasculturales\/\"},{\"@type\":\"ListItem\",\"position\":2,\"name\":\"Globalizaci\u00f3n, migraciones y nuevas ciudadan\u00edas\"}]},{\"@type\":\"WebSite\",\"@id\":\"https:\/\/www.ull.es\/portal\/aulasycatedrasculturales\/#website\",\"url\":\"https:\/\/www.ull.es\/portal\/aulasycatedrasculturales\/\",\"name\":\"Aulas y C\u00e1tedras Culturales\",\"description\":\"\",\"potentialAction\":[{\"@type\":\"SearchAction\",\"target\":{\"@type\":\"EntryPoint\",\"urlTemplate\":\"https:\/\/www.ull.es\/portal\/aulasycatedrasculturales\/?s={search_term_string}\"},\"query-input\":\"required name=search_term_string\"}],\"inLanguage\":\"es\"}]}<\/script>\n<!-- \/ Yoast SEO plugin. -->","yoast_head_json":{"title":"Globalizaci\u00f3n, migraciones y nuevas ciudadan\u00edas - Aulas y C\u00e1tedras Culturales","robots":{"index":"index","follow":"follow","max-snippet":"max-snippet:-1","max-image-preview":"max-image-preview:large","max-video-preview":"max-video-preview:-1"},"canonical":"https:\/\/www.ull.es\/portal\/aulasycatedrasculturales\/catedra-cultural-globalizacion-migraciones-y-nuevas-ciudadanias\/","og_locale":"es_ES","og_type":"article","og_title":"Globalizaci\u00f3n, migraciones y nuevas ciudadan\u00edas - Aulas y C\u00e1tedras Culturales","og_description":"[vc_row][vc_column][vc_empty_space][\/vc_column][\/vc_row][vc_row][vc_column width=\u00bb1\/3&#8243;][vc_single_image image=\u00bb1901&#8243; img_size=\u00bbfull\u00bb][vc_column_text]Directora:\u00a0Carmen Ascanio S\u00e1nchez Co-Director: Sami Na\u00efr. cascanio@ull.es (+34) 922 31 74 46 P\u00e1gina web [\/vc_column_text][\/vc_column][vc_column width=\u00bb2\/3&#8243;][vc_column_text] Globalizaci\u00f3n,...","og_url":"https:\/\/www.ull.es\/portal\/aulasycatedrasculturales\/catedra-cultural-globalizacion-migraciones-y-nuevas-ciudadanias\/","og_site_name":"Aulas y C\u00e1tedras Culturales","article_modified_time":"2022-12-20T09:23:38+00:00","og_image":[{"width":500,"height":294,"url":"https:\/\/www.ull.es\/portal\/aulasycatedrasculturales\/wp-content\/uploads\/sites\/19\/2018\/07\/catedra-cultural-globalizaci\u00f3n.jpg","type":"image\/jpeg"}],"twitter_card":"summary_large_image","twitter_misc":{"Tiempo de lectura":"1 minuto"},"schema":{"@context":"https:\/\/schema.org","@graph":[{"@type":"WebPage","@id":"https:\/\/www.ull.es\/portal\/aulasycatedrasculturales\/catedra-cultural-globalizacion-migraciones-y-nuevas-ciudadanias\/","url":"https:\/\/www.ull.es\/portal\/aulasycatedrasculturales\/catedra-cultural-globalizacion-migraciones-y-nuevas-ciudadanias\/","name":"Globalizaci\u00f3n, migraciones y nuevas ciudadan\u00edas - Aulas y C\u00e1tedras Culturales","isPartOf":{"@id":"https:\/\/www.ull.es\/portal\/aulasycatedrasculturales\/#website"},"datePublished":"2018-07-05T08:35:36+00:00","dateModified":"2022-12-20T09:23:38+00:00","breadcrumb":{"@id":"https:\/\/www.ull.es\/portal\/aulasycatedrasculturales\/catedra-cultural-globalizacion-migraciones-y-nuevas-ciudadanias\/#breadcrumb"},"inLanguage":"es","potentialAction":[{"@type":"ReadAction","target":["https:\/\/www.ull.es\/portal\/aulasycatedrasculturales\/catedra-cultural-globalizacion-migraciones-y-nuevas-ciudadanias\/"]}]},{"@type":"BreadcrumbList","@id":"https:\/\/www.ull.es\/portal\/aulasycatedrasculturales\/catedra-cultural-globalizacion-migraciones-y-nuevas-ciudadanias\/#breadcrumb","itemListElement":[{"@type":"ListItem","position":1,"name":"Portada","item":"https:\/\/www.ull.es\/portal\/aulasycatedrasculturales\/"},{"@type":"ListItem","position":2,"name":"Globalizaci\u00f3n, migraciones y nuevas ciudadan\u00edas"}]},{"@type":"WebSite","@id":"https:\/\/www.ull.es\/portal\/aulasycatedrasculturales\/#website","url":"https:\/\/www.ull.es\/portal\/aulasycatedrasculturales\/","name":"Aulas y C\u00e1tedras Culturales","description":"","potentialAction":[{"@type":"SearchAction","target":{"@type":"EntryPoint","urlTemplate":"https:\/\/www.ull.es\/portal\/aulasycatedrasculturales\/?s={search_term_string}"},"query-input":"required name=search_term_string"}],"inLanguage":"es"}]}},"_links":{"self":[{"href":"https:\/\/www.ull.es\/portal\/aulasycatedrasculturales\/wp-json\/wp\/v2\/pages\/1896"}],"collection":[{"href":"https:\/\/www.ull.es\/portal\/aulasycatedrasculturales\/wp-json\/wp\/v2\/pages"}],"about":[{"href":"https:\/\/www.ull.es\/portal\/aulasycatedrasculturales\/wp-json\/wp\/v2\/types\/page"}],"author":[{"embeddable":true,"href":"https:\/\/www.ull.es\/portal\/aulasycatedrasculturales\/wp-json\/wp\/v2\/users\/22"}],"replies":[{"embeddable":true,"href":"https:\/\/www.ull.es\/portal\/aulasycatedrasculturales\/wp-json\/wp\/v2\/comments?post=1896"}],"version-history":[{"count":9,"href":"https:\/\/www.ull.es\/portal\/aulasycatedrasculturales\/wp-json\/wp\/v2\/pages\/1896\/revisions"}],"predecessor-version":[{"id":2262,"href":"https:\/\/www.ull.es\/portal\/aulasycatedrasculturales\/wp-json\/wp\/v2\/pages\/1896\/revisions\/2262"}],"wp:featuredmedia":[{"embeddable":true,"href":"https:\/\/www.ull.es\/portal\/aulasycatedrasculturales\/wp-json\/wp\/v2\/media\/1901"}],"wp:attachment":[{"href":"https:\/\/www.ull.es\/portal\/aulasycatedrasculturales\/wp-json\/wp\/v2\/media?parent=1896"}],"curies":[{"name":"wp","href":"https:\/\/api.w.org\/{rel}","templated":true}]}}