{"id":196,"date":"2016-12-29T13:25:57","date_gmt":"2016-12-29T13:25:57","guid":{"rendered":"https:\/\/www.ull.es\/portal\/aulasycatedrasculturales\/?page_id=196"},"modified":"2022-01-12T08:30:47","modified_gmt":"2022-01-12T08:30:47","slug":"aula-pensamiento-artistico-contemporaneo","status":"publish","type":"page","link":"https:\/\/www.ull.es\/portal\/aulasycatedrasculturales\/aula-pensamiento-artistico-contemporaneo\/","title":{"rendered":"Aula Cultural de Pensamiento Art\u00edstico Contempor\u00e1neo"},"content":{"rendered":"<p>[vc_row][vc_column][vc_empty_space][\/vc_column][\/vc_row][vc_row][vc_column width=\u00bb1\/3&#8243;][vc_single_image image=\u00bb1486&#8243; img_size=\u00bbfull\u00bb][vc_column_text]<strong>Director:<\/strong> Ram\u00f3n Salas Lamami\u00e9<\/p>\n<ul>\n<li>Departamento de Bellas Artes<\/li>\n<li><a href=\"mailto:rsalas@ull.edu.es\" target=\"_blank\" rel=\"noopener\">rsalas@ull.edu.es<\/a><\/li>\n<li>(+34) 922 31 97 51<\/li>\n<li><a href=\"http:\/\/acpacull.webs.ull.es\" target=\"_blank\" rel=\"noopener\">Web<\/a><\/li>\n<\/ul>\n<p><strong>Secretario:<\/strong> Daniel Villegas Gonz\u00e1lez<\/p>\n<ul>\n<li>Departamento de Bellas Artes<\/li>\n<li><a href=\"mailto:dvillega@ull.edu.es\" target=\"_blank\" rel=\"noopener\">dvillega@ull.edu.es<\/a><\/li>\n<\/ul>\n<p>[\/vc_column_text][\/vc_column][vc_column width=\u00bb2\/3&#8243;][vc_column_text]<\/p>\n<h2><strong>Aula Cultural de Pensamiento Art\u00edstico Contempor\u00e1neo<\/strong><\/h2>\n<p>[\/vc_column_text][vc_column_text]<\/p>\n<p style=\"text-align: justify;\">El Aula de Pensamiento Art\u00edstico Contempor\u00e1neo se consagra a la organizaci\u00f3n de actividades con personas y entidades intra y extrauniversitarias relacionadas con el arte contempor\u00e1neo, entendido no meramente como arte coet\u00e1neo sino como el conjunto de pr\u00e1cticas &#8211; materiales y discursivas &#8211; que tratan de dar respuesta desde el arte a los problemas culturales que nos plantea el mundo contempor\u00e1neo.<\/p>\n<p>[\/vc_column_text][\/vc_column][\/vc_row]<\/p>\n","protected":false},"excerpt":{"rendered":"<p>[vc_row][vc_column][vc_empty_space][\/vc_column][\/vc_row][vc_row][vc_column width=\u00bb1\/3&#8243;][vc_single_image image=\u00bb1486&#8243; img_size=\u00bbfull\u00bb][vc_column_text]Director: Ram\u00f3n Salas Lamami\u00e9 Departamento de Bellas Artes rsalas@ull.edu.es (+34) 922 31 97 51 Web Secretario: Daniel&#8230;<\/p>\n","protected":false},"author":22,"featured_media":1486,"parent":0,"menu_order":0,"comment_status":"closed","ping_status":"closed","template":"","meta":{"inline_featured_image":false,"footnotes":""},"acf":[],"yoast_head":"<!-- This site is optimized with the Yoast SEO plugin v21.3 - https:\/\/yoast.com\/wordpress\/plugins\/seo\/ -->\n<title>Aula Cultural de Pensamiento Art\u00edstico Contempor\u00e1neo - Aulas y C\u00e1tedras Culturales<\/title>\n<meta name=\"robots\" content=\"index, follow, max-snippet:-1, max-image-preview:large, max-video-preview:-1\" \/>\n<link rel=\"canonical\" href=\"https:\/\/www.ull.es\/portal\/aulasycatedrasculturales\/aula-pensamiento-artistico-contemporaneo\/\" \/>\n<meta property=\"og:locale\" content=\"es_ES\" \/>\n<meta property=\"og:type\" content=\"article\" \/>\n<meta property=\"og:title\" content=\"Aula Cultural de Pensamiento Art\u00edstico Contempor\u00e1neo - Aulas y C\u00e1tedras Culturales\" \/>\n<meta property=\"og:description\" content=\"[vc_row][vc_column][vc_empty_space][\/vc_column][\/vc_row][vc_row][vc_column width=\u00bb1\/3&#8243;][vc_single_image image=\u00bb1486&#8243; img_size=\u00bbfull\u00bb][vc_column_text]Director: Ram\u00f3n Salas Lamami\u00e9 Departamento de Bellas Artes rsalas@ull.edu.es (+34) 922 31 97 51 Web Secretario: Daniel...\" \/>\n<meta property=\"og:url\" content=\"https:\/\/www.ull.es\/portal\/aulasycatedrasculturales\/aula-pensamiento-artistico-contemporaneo\/\" \/>\n<meta property=\"og:site_name\" content=\"Aulas y C\u00e1tedras Culturales\" \/>\n<meta property=\"article:modified_time\" content=\"2022-01-12T08:30:47+00:00\" \/>\n<meta property=\"og:image\" content=\"https:\/\/www.ull.es\/portal\/aulasycatedrasculturales\/wp-content\/uploads\/sites\/19\/2016\/12\/aula_pensamiento.jpg\" \/>\n\t<meta property=\"og:image:width\" content=\"285\" \/>\n\t<meta property=\"og:image:height\" content=\"300\" \/>\n\t<meta property=\"og:image:type\" content=\"image\/jpeg\" \/>\n<meta name=\"twitter:card\" content=\"summary_large_image\" \/>\n<meta name=\"twitter:label1\" content=\"Tiempo de lectura\" \/>\n\t<meta name=\"twitter:data1\" content=\"1 minuto\" \/>\n<script type=\"application\/ld+json\" class=\"yoast-schema-graph\">{\"@context\":\"https:\/\/schema.org\",\"@graph\":[{\"@type\":\"WebPage\",\"@id\":\"https:\/\/www.ull.es\/portal\/aulasycatedrasculturales\/aula-pensamiento-artistico-contemporaneo\/\",\"url\":\"https:\/\/www.ull.es\/portal\/aulasycatedrasculturales\/aula-pensamiento-artistico-contemporaneo\/\",\"name\":\"Aula Cultural de Pensamiento Art\u00edstico Contempor\u00e1neo - Aulas y C\u00e1tedras Culturales\",\"isPartOf\":{\"@id\":\"https:\/\/www.ull.es\/portal\/aulasycatedrasculturales\/#website\"},\"datePublished\":\"2016-12-29T13:25:57+00:00\",\"dateModified\":\"2022-01-12T08:30:47+00:00\",\"breadcrumb\":{\"@id\":\"https:\/\/www.ull.es\/portal\/aulasycatedrasculturales\/aula-pensamiento-artistico-contemporaneo\/#breadcrumb\"},\"inLanguage\":\"es\",\"potentialAction\":[{\"@type\":\"ReadAction\",\"target\":[\"https:\/\/www.ull.es\/portal\/aulasycatedrasculturales\/aula-pensamiento-artistico-contemporaneo\/\"]}]},{\"@type\":\"BreadcrumbList\",\"@id\":\"https:\/\/www.ull.es\/portal\/aulasycatedrasculturales\/aula-pensamiento-artistico-contemporaneo\/#breadcrumb\",\"itemListElement\":[{\"@type\":\"ListItem\",\"position\":1,\"name\":\"Portada\",\"item\":\"https:\/\/www.ull.es\/portal\/aulasycatedrasculturales\/\"},{\"@type\":\"ListItem\",\"position\":2,\"name\":\"Aula Cultural de Pensamiento Art\u00edstico Contempor\u00e1neo\"}]},{\"@type\":\"WebSite\",\"@id\":\"https:\/\/www.ull.es\/portal\/aulasycatedrasculturales\/#website\",\"url\":\"https:\/\/www.ull.es\/portal\/aulasycatedrasculturales\/\",\"name\":\"Aulas y C\u00e1tedras Culturales\",\"description\":\"\",\"potentialAction\":[{\"@type\":\"SearchAction\",\"target\":{\"@type\":\"EntryPoint\",\"urlTemplate\":\"https:\/\/www.ull.es\/portal\/aulasycatedrasculturales\/?s={search_term_string}\"},\"query-input\":\"required name=search_term_string\"}],\"inLanguage\":\"es\"}]}<\/script>\n<!-- \/ Yoast SEO plugin. -->","yoast_head_json":{"title":"Aula Cultural de Pensamiento Art\u00edstico Contempor\u00e1neo - Aulas y C\u00e1tedras Culturales","robots":{"index":"index","follow":"follow","max-snippet":"max-snippet:-1","max-image-preview":"max-image-preview:large","max-video-preview":"max-video-preview:-1"},"canonical":"https:\/\/www.ull.es\/portal\/aulasycatedrasculturales\/aula-pensamiento-artistico-contemporaneo\/","og_locale":"es_ES","og_type":"article","og_title":"Aula Cultural de Pensamiento Art\u00edstico Contempor\u00e1neo - Aulas y C\u00e1tedras Culturales","og_description":"[vc_row][vc_column][vc_empty_space][\/vc_column][\/vc_row][vc_row][vc_column width=\u00bb1\/3&#8243;][vc_single_image image=\u00bb1486&#8243; img_size=\u00bbfull\u00bb][vc_column_text]Director: Ram\u00f3n Salas Lamami\u00e9 Departamento de Bellas Artes rsalas@ull.edu.es (+34) 922 31 97 51 Web Secretario: Daniel...","og_url":"https:\/\/www.ull.es\/portal\/aulasycatedrasculturales\/aula-pensamiento-artistico-contemporaneo\/","og_site_name":"Aulas y C\u00e1tedras Culturales","article_modified_time":"2022-01-12T08:30:47+00:00","og_image":[{"width":285,"height":300,"url":"https:\/\/www.ull.es\/portal\/aulasycatedrasculturales\/wp-content\/uploads\/sites\/19\/2016\/12\/aula_pensamiento.jpg","type":"image\/jpeg"}],"twitter_card":"summary_large_image","twitter_misc":{"Tiempo de lectura":"1 minuto"},"schema":{"@context":"https:\/\/schema.org","@graph":[{"@type":"WebPage","@id":"https:\/\/www.ull.es\/portal\/aulasycatedrasculturales\/aula-pensamiento-artistico-contemporaneo\/","url":"https:\/\/www.ull.es\/portal\/aulasycatedrasculturales\/aula-pensamiento-artistico-contemporaneo\/","name":"Aula Cultural de Pensamiento Art\u00edstico Contempor\u00e1neo - Aulas y C\u00e1tedras Culturales","isPartOf":{"@id":"https:\/\/www.ull.es\/portal\/aulasycatedrasculturales\/#website"},"datePublished":"2016-12-29T13:25:57+00:00","dateModified":"2022-01-12T08:30:47+00:00","breadcrumb":{"@id":"https:\/\/www.ull.es\/portal\/aulasycatedrasculturales\/aula-pensamiento-artistico-contemporaneo\/#breadcrumb"},"inLanguage":"es","potentialAction":[{"@type":"ReadAction","target":["https:\/\/www.ull.es\/portal\/aulasycatedrasculturales\/aula-pensamiento-artistico-contemporaneo\/"]}]},{"@type":"BreadcrumbList","@id":"https:\/\/www.ull.es\/portal\/aulasycatedrasculturales\/aula-pensamiento-artistico-contemporaneo\/#breadcrumb","itemListElement":[{"@type":"ListItem","position":1,"name":"Portada","item":"https:\/\/www.ull.es\/portal\/aulasycatedrasculturales\/"},{"@type":"ListItem","position":2,"name":"Aula Cultural de Pensamiento Art\u00edstico Contempor\u00e1neo"}]},{"@type":"WebSite","@id":"https:\/\/www.ull.es\/portal\/aulasycatedrasculturales\/#website","url":"https:\/\/www.ull.es\/portal\/aulasycatedrasculturales\/","name":"Aulas y C\u00e1tedras Culturales","description":"","potentialAction":[{"@type":"SearchAction","target":{"@type":"EntryPoint","urlTemplate":"https:\/\/www.ull.es\/portal\/aulasycatedrasculturales\/?s={search_term_string}"},"query-input":"required name=search_term_string"}],"inLanguage":"es"}]}},"_links":{"self":[{"href":"https:\/\/www.ull.es\/portal\/aulasycatedrasculturales\/wp-json\/wp\/v2\/pages\/196"}],"collection":[{"href":"https:\/\/www.ull.es\/portal\/aulasycatedrasculturales\/wp-json\/wp\/v2\/pages"}],"about":[{"href":"https:\/\/www.ull.es\/portal\/aulasycatedrasculturales\/wp-json\/wp\/v2\/types\/page"}],"author":[{"embeddable":true,"href":"https:\/\/www.ull.es\/portal\/aulasycatedrasculturales\/wp-json\/wp\/v2\/users\/22"}],"replies":[{"embeddable":true,"href":"https:\/\/www.ull.es\/portal\/aulasycatedrasculturales\/wp-json\/wp\/v2\/comments?post=196"}],"version-history":[{"count":11,"href":"https:\/\/www.ull.es\/portal\/aulasycatedrasculturales\/wp-json\/wp\/v2\/pages\/196\/revisions"}],"predecessor-version":[{"id":2240,"href":"https:\/\/www.ull.es\/portal\/aulasycatedrasculturales\/wp-json\/wp\/v2\/pages\/196\/revisions\/2240"}],"wp:featuredmedia":[{"embeddable":true,"href":"https:\/\/www.ull.es\/portal\/aulasycatedrasculturales\/wp-json\/wp\/v2\/media\/1486"}],"wp:attachment":[{"href":"https:\/\/www.ull.es\/portal\/aulasycatedrasculturales\/wp-json\/wp\/v2\/media?parent=196"}],"curies":[{"name":"wp","href":"https:\/\/api.w.org\/{rel}","templated":true}]}}