{"id":1994,"date":"2019-02-22T12:06:45","date_gmt":"2019-02-22T12:06:45","guid":{"rendered":"https:\/\/www.ull.es\/portal\/aulasycatedrasculturales\/?page_id=1994"},"modified":"2025-01-15T09:39:36","modified_gmt":"2025-01-15T09:39:36","slug":"catedra-cultural-pedro-molina-ramos-de-estudios-campesinos","status":"publish","type":"page","link":"https:\/\/www.ull.es\/portal\/aulasycatedrasculturales\/catedra-cultural-pedro-molina-ramos-de-estudios-campesinos\/","title":{"rendered":"C\u00e1tedra Cultural Pedro Molina Ramos de Estudios Campesinos"},"content":{"rendered":"<p>[vc_row][vc_column width=\u00bb2\/3&#8243;][vc_empty_space][\/vc_column][vc_column width=\u00bb1\/3&#8243;][\/vc_column][\/vc_row][vc_row][vc_column width=\u00bb1\/3&#8243;][vc_single_image image=\u00bb1997&#8243; img_size=\u00bbfull\u00bb][vc_column_text]<strong>Director: <\/strong>Antonio Perdomo Molina<\/p>\n<ul>\n<li><i class=\"fa fa-envelope\"><\/i><a href=\"mailto:apmolina@ull.es\" target=\"_blank\" rel=\"noopener\"> apmolina@ull.es<\/a><\/li>\n<\/ul>\n<p>[\/vc_column_text][\/vc_column][vc_column width=\u00bb2\/3&#8243;][vc_column_text]<\/p>\n<h2><strong>C\u00e1tedra Cultural Pedro Molina Ramos de Estudios Campesinos<\/strong><\/h2>\n<p>[\/vc_column_text][vc_column_text]Pedro Molina Ramos nace en 1959 en San Crist\u00f3bal de La Laguna, en el barrio de San L\u00e1zaro donde vivi\u00f3 hasta su muerte. Hijo y nieto de ganaderos, aprendi\u00f3 de ellos, no solo el manejo de los animales, sino algo m\u00e1s importante, la significaci\u00f3n social de la figura del ganadero, proveedor de bienes y servicios para la sociedad y poseedor de un gran tesoro: nuestra cultura tradicional ganadera.<br \/>\nSu inquietud y su gran capacidad organizativa le llev\u00f3 a ser promotor, desde muy joven, de muchas y significadas actuaciones, que han dejado huella hasta la actualidad, tales como la organizaci\u00f3n de la Primera Feria Exposici\u00f3n de Ganado en 1977.<br \/>\nUno de los aspectos m\u00e1s destacables de Pedro Molina fue, sin duda, la dignificaci\u00f3n de la profesi\u00f3n ganadera que, otrora fue marginada, asociada a una parte de la poblaci\u00f3n que no ten\u00eda otra alternativa y, por tanto, la abandonaban desde que pod\u00edan.<br \/>\nSu trayectoria profesional fue muy amplia y dif\u00edcil de resumir, por su capacidad de trabajo, voluntad y creatividad siendo, con toda seguridad, una de las personas que m\u00e1s sab\u00eda de ganader\u00eda en Canarias, lo que motiv\u00f3 que ostentase la presidencia de diferentes organizaciones como la Sociedad Cooperativa del Campo \u201cLa Candelaria\u201d, de la Asociaci\u00f3n de Ganaderos de Tenerife, de la Cooperativa de Agricultores y Ganaderos de Tenerife, de la Federaci\u00f3n de Arrastre Canario, de la Asociaci\u00f3n de Criadores de la Raza Bovina Canaria, de la Federaci\u00f3n Canaria de Desarrollo Rural, as\u00ed como otros cargos vinculados al sector primario.[\/vc_column_text][vc_column_text]<strong>El objetivo general<\/strong> de la c\u00e1tedra \u201cPedro Molina de Estudios Campesinos\u201d es la promoci\u00f3n del desarrollo rural desde la perspectiva de la agroecolog\u00eda, en su dimensi\u00f3n t\u00e9cnica y socioecon\u00f3mica, tomando como base el conocimiento y las estructuras de producci\u00f3n campesina, con la participaci\u00f3n activa de los agentes implicados.<br \/>\n<strong>Los objetivos espec\u00edficos son:<\/strong><br \/>\n1.Estudio de los sistemas de producci\u00f3n agraria con estructura campesina como base para el desarrollo rural. Integraci\u00f3n agricultura \u2013 ganader\u00eda \u2013 medio ambiente. Integraci\u00f3n de los aspectos t\u00e9cnicos, socioecon\u00f3micos, hist\u00f3ricos y culturales.<br \/>\n2.Estudio del uso de los recursos locales (naturales, forrajeros, gen\u00e9ticos y culturales) desde la perspectiva t\u00e9cnica, socioecon\u00f3mica, hist\u00f3rica y cultural.<br \/>\n3.Promover la participaci\u00f3n activa de todos los agentes implicados en el sistema agroalimentario en los procesos de investigaci\u00f3n y formaci\u00f3n.<br \/>\n4.Formaci\u00f3n y promoci\u00f3n del desarrollo rural desde la perspectiva campesina, la autosuficiencia y la soberan\u00eda alimentaria.<\/p>\n<p>Sobre las tem\u00e1ticas que abordar\u00e1 la C\u00e1tedra, seg\u00fan sus objetivos (agroecolog\u00eda, procesos participativos, agricultura y ganader\u00eda, desarrollo rural, recursos gen\u00e9ticos, recursos culturales, etc), se desarrollaran diferentes actividades, tales como:<\/p>\n<ul>\n<li>Jornadas t\u00e9cnicas.<\/li>\n<li>Jornadas divulgativas.<\/li>\n<li>Talleres y conferencias.<\/li>\n<li>Mesas redondas.<\/li>\n<li>Debates.<\/li>\n<li>Visitas de intercambio.<\/li>\n<li>Apoyo a trabajos de investigaci\u00f3n<\/li>\n<\/ul>\n<p>[\/vc_column_text][\/vc_column][\/vc_row]<\/p>\n","protected":false},"excerpt":{"rendered":"<p>[vc_row][vc_column width=\u00bb2\/3&#8243;][vc_empty_space][\/vc_column][vc_column width=\u00bb1\/3&#8243;][\/vc_column][\/vc_row][vc_row][vc_column width=\u00bb1\/3&#8243;][vc_single_image image=\u00bb1997&#8243; img_size=\u00bbfull\u00bb][vc_column_text]Director: Antonio Perdomo Molina apmolina@ull.es [\/vc_column_text][\/vc_column][vc_column width=\u00bb2\/3&#8243;][vc_column_text] C\u00e1tedra Cultural Pedro Molina Ramos de Estudios Campesinos&#8230;<\/p>\n","protected":false},"author":22,"featured_media":0,"parent":0,"menu_order":0,"comment_status":"closed","ping_status":"closed","template":"","meta":{"inline_featured_image":false,"footnotes":""},"acf":[],"yoast_head":"<!-- This site is optimized with the Yoast SEO plugin v21.3 - https:\/\/yoast.com\/wordpress\/plugins\/seo\/ -->\n<title>C\u00e1tedra Cultural Pedro Molina Ramos de Estudios Campesinos - Aulas y C\u00e1tedras Culturales<\/title>\n<meta name=\"robots\" content=\"index, follow, max-snippet:-1, max-image-preview:large, max-video-preview:-1\" \/>\n<link rel=\"canonical\" href=\"https:\/\/www.ull.es\/portal\/aulasycatedrasculturales\/catedra-cultural-pedro-molina-ramos-de-estudios-campesinos\/\" \/>\n<meta property=\"og:locale\" content=\"es_ES\" \/>\n<meta property=\"og:type\" content=\"article\" \/>\n<meta property=\"og:title\" content=\"C\u00e1tedra Cultural Pedro Molina Ramos de Estudios Campesinos - Aulas y C\u00e1tedras Culturales\" \/>\n<meta property=\"og:description\" content=\"[vc_row][vc_column width=\u00bb2\/3&#8243;][vc_empty_space][\/vc_column][vc_column width=\u00bb1\/3&#8243;][\/vc_column][\/vc_row][vc_row][vc_column width=\u00bb1\/3&#8243;][vc_single_image image=\u00bb1997&#8243; img_size=\u00bbfull\u00bb][vc_column_text]Director: Antonio Perdomo Molina apmolina@ull.es [\/vc_column_text][\/vc_column][vc_column width=\u00bb2\/3&#8243;][vc_column_text] C\u00e1tedra Cultural Pedro Molina Ramos de Estudios Campesinos...\" \/>\n<meta property=\"og:url\" content=\"https:\/\/www.ull.es\/portal\/aulasycatedrasculturales\/catedra-cultural-pedro-molina-ramos-de-estudios-campesinos\/\" \/>\n<meta property=\"og:site_name\" content=\"Aulas y C\u00e1tedras Culturales\" \/>\n<meta property=\"article:modified_time\" content=\"2025-01-15T09:39:36+00:00\" \/>\n<meta name=\"twitter:card\" content=\"summary_large_image\" \/>\n<meta name=\"twitter:label1\" content=\"Tiempo de lectura\" \/>\n\t<meta name=\"twitter:data1\" content=\"3 minutos\" \/>\n<script type=\"application\/ld+json\" class=\"yoast-schema-graph\">{\"@context\":\"https:\/\/schema.org\",\"@graph\":[{\"@type\":\"WebPage\",\"@id\":\"https:\/\/www.ull.es\/portal\/aulasycatedrasculturales\/catedra-cultural-pedro-molina-ramos-de-estudios-campesinos\/\",\"url\":\"https:\/\/www.ull.es\/portal\/aulasycatedrasculturales\/catedra-cultural-pedro-molina-ramos-de-estudios-campesinos\/\",\"name\":\"C\u00e1tedra Cultural Pedro Molina Ramos de Estudios Campesinos - Aulas y C\u00e1tedras Culturales\",\"isPartOf\":{\"@id\":\"https:\/\/www.ull.es\/portal\/aulasycatedrasculturales\/#website\"},\"datePublished\":\"2019-02-22T12:06:45+00:00\",\"dateModified\":\"2025-01-15T09:39:36+00:00\",\"breadcrumb\":{\"@id\":\"https:\/\/www.ull.es\/portal\/aulasycatedrasculturales\/catedra-cultural-pedro-molina-ramos-de-estudios-campesinos\/#breadcrumb\"},\"inLanguage\":\"es\",\"potentialAction\":[{\"@type\":\"ReadAction\",\"target\":[\"https:\/\/www.ull.es\/portal\/aulasycatedrasculturales\/catedra-cultural-pedro-molina-ramos-de-estudios-campesinos\/\"]}]},{\"@type\":\"BreadcrumbList\",\"@id\":\"https:\/\/www.ull.es\/portal\/aulasycatedrasculturales\/catedra-cultural-pedro-molina-ramos-de-estudios-campesinos\/#breadcrumb\",\"itemListElement\":[{\"@type\":\"ListItem\",\"position\":1,\"name\":\"Portada\",\"item\":\"https:\/\/www.ull.es\/portal\/aulasycatedrasculturales\/\"},{\"@type\":\"ListItem\",\"position\":2,\"name\":\"C\u00e1tedra Cultural Pedro Molina Ramos de Estudios Campesinos\"}]},{\"@type\":\"WebSite\",\"@id\":\"https:\/\/www.ull.es\/portal\/aulasycatedrasculturales\/#website\",\"url\":\"https:\/\/www.ull.es\/portal\/aulasycatedrasculturales\/\",\"name\":\"Aulas y C\u00e1tedras Culturales\",\"description\":\"\",\"potentialAction\":[{\"@type\":\"SearchAction\",\"target\":{\"@type\":\"EntryPoint\",\"urlTemplate\":\"https:\/\/www.ull.es\/portal\/aulasycatedrasculturales\/?s={search_term_string}\"},\"query-input\":\"required name=search_term_string\"}],\"inLanguage\":\"es\"}]}<\/script>\n<!-- \/ Yoast SEO plugin. -->","yoast_head_json":{"title":"C\u00e1tedra Cultural Pedro Molina Ramos de Estudios Campesinos - Aulas y C\u00e1tedras Culturales","robots":{"index":"index","follow":"follow","max-snippet":"max-snippet:-1","max-image-preview":"max-image-preview:large","max-video-preview":"max-video-preview:-1"},"canonical":"https:\/\/www.ull.es\/portal\/aulasycatedrasculturales\/catedra-cultural-pedro-molina-ramos-de-estudios-campesinos\/","og_locale":"es_ES","og_type":"article","og_title":"C\u00e1tedra Cultural Pedro Molina Ramos de Estudios Campesinos - Aulas y C\u00e1tedras Culturales","og_description":"[vc_row][vc_column width=\u00bb2\/3&#8243;][vc_empty_space][\/vc_column][vc_column width=\u00bb1\/3&#8243;][\/vc_column][\/vc_row][vc_row][vc_column width=\u00bb1\/3&#8243;][vc_single_image image=\u00bb1997&#8243; img_size=\u00bbfull\u00bb][vc_column_text]Director: Antonio Perdomo Molina apmolina@ull.es [\/vc_column_text][\/vc_column][vc_column width=\u00bb2\/3&#8243;][vc_column_text] C\u00e1tedra Cultural Pedro Molina Ramos de Estudios Campesinos...","og_url":"https:\/\/www.ull.es\/portal\/aulasycatedrasculturales\/catedra-cultural-pedro-molina-ramos-de-estudios-campesinos\/","og_site_name":"Aulas y C\u00e1tedras Culturales","article_modified_time":"2025-01-15T09:39:36+00:00","twitter_card":"summary_large_image","twitter_misc":{"Tiempo de lectura":"3 minutos"},"schema":{"@context":"https:\/\/schema.org","@graph":[{"@type":"WebPage","@id":"https:\/\/www.ull.es\/portal\/aulasycatedrasculturales\/catedra-cultural-pedro-molina-ramos-de-estudios-campesinos\/","url":"https:\/\/www.ull.es\/portal\/aulasycatedrasculturales\/catedra-cultural-pedro-molina-ramos-de-estudios-campesinos\/","name":"C\u00e1tedra Cultural Pedro Molina Ramos de Estudios Campesinos - Aulas y C\u00e1tedras Culturales","isPartOf":{"@id":"https:\/\/www.ull.es\/portal\/aulasycatedrasculturales\/#website"},"datePublished":"2019-02-22T12:06:45+00:00","dateModified":"2025-01-15T09:39:36+00:00","breadcrumb":{"@id":"https:\/\/www.ull.es\/portal\/aulasycatedrasculturales\/catedra-cultural-pedro-molina-ramos-de-estudios-campesinos\/#breadcrumb"},"inLanguage":"es","potentialAction":[{"@type":"ReadAction","target":["https:\/\/www.ull.es\/portal\/aulasycatedrasculturales\/catedra-cultural-pedro-molina-ramos-de-estudios-campesinos\/"]}]},{"@type":"BreadcrumbList","@id":"https:\/\/www.ull.es\/portal\/aulasycatedrasculturales\/catedra-cultural-pedro-molina-ramos-de-estudios-campesinos\/#breadcrumb","itemListElement":[{"@type":"ListItem","position":1,"name":"Portada","item":"https:\/\/www.ull.es\/portal\/aulasycatedrasculturales\/"},{"@type":"ListItem","position":2,"name":"C\u00e1tedra Cultural Pedro Molina Ramos de Estudios Campesinos"}]},{"@type":"WebSite","@id":"https:\/\/www.ull.es\/portal\/aulasycatedrasculturales\/#website","url":"https:\/\/www.ull.es\/portal\/aulasycatedrasculturales\/","name":"Aulas y C\u00e1tedras Culturales","description":"","potentialAction":[{"@type":"SearchAction","target":{"@type":"EntryPoint","urlTemplate":"https:\/\/www.ull.es\/portal\/aulasycatedrasculturales\/?s={search_term_string}"},"query-input":"required name=search_term_string"}],"inLanguage":"es"}]}},"_links":{"self":[{"href":"https:\/\/www.ull.es\/portal\/aulasycatedrasculturales\/wp-json\/wp\/v2\/pages\/1994"}],"collection":[{"href":"https:\/\/www.ull.es\/portal\/aulasycatedrasculturales\/wp-json\/wp\/v2\/pages"}],"about":[{"href":"https:\/\/www.ull.es\/portal\/aulasycatedrasculturales\/wp-json\/wp\/v2\/types\/page"}],"author":[{"embeddable":true,"href":"https:\/\/www.ull.es\/portal\/aulasycatedrasculturales\/wp-json\/wp\/v2\/users\/22"}],"replies":[{"embeddable":true,"href":"https:\/\/www.ull.es\/portal\/aulasycatedrasculturales\/wp-json\/wp\/v2\/comments?post=1994"}],"version-history":[{"count":10,"href":"https:\/\/www.ull.es\/portal\/aulasycatedrasculturales\/wp-json\/wp\/v2\/pages\/1994\/revisions"}],"predecessor-version":[{"id":2360,"href":"https:\/\/www.ull.es\/portal\/aulasycatedrasculturales\/wp-json\/wp\/v2\/pages\/1994\/revisions\/2360"}],"wp:attachment":[{"href":"https:\/\/www.ull.es\/portal\/aulasycatedrasculturales\/wp-json\/wp\/v2\/media?parent=1994"}],"curies":[{"name":"wp","href":"https:\/\/api.w.org\/{rel}","templated":true}]}}