{"id":2006,"date":"2019-03-06T08:20:53","date_gmt":"2019-03-06T08:20:53","guid":{"rendered":"https:\/\/www.ull.es\/portal\/aulasycatedrasculturales\/?page_id=2006"},"modified":"2024-01-12T14:02:39","modified_gmt":"2024-01-12T14:02:39","slug":"aula-cultural-altas-capacidades","status":"publish","type":"page","link":"https:\/\/www.ull.es\/portal\/aulasycatedrasculturales\/aula-cultural-altas-capacidades\/","title":{"rendered":"Aula Cultural Altas Capacidades y Talentos"},"content":{"rendered":"<p>[vc_row][vc_column][vc_empty_space][\/vc_column][\/vc_row][vc_row][vc_column width=\u00bb1\/3&#8243;][vc_single_image image=\u00bb2012&#8243; img_size=\u00bbfull\u00bb][vc_column_text]<strong>Directora:<\/strong>Elena Rodr\u00edguez Naveiras<\/p>\n<ul>\n<li><i class=\"fa fa-envelope\"><\/i> <a href=\"mailto:aborges@ull.es\" target=\"_blank\" rel=\"noopener\" target=\"_blank\" rel=\"noopener\">naveiras@ull.es<\/a><\/li>\n<\/ul>\n<p>[\/vc_column_text][\/vc_column][vc_column width=\u00bb2\/3&#8243;][vc_column_text]<\/p>\n<h2><strong>Aula Cultural Altas Capacidades y Talentos<br \/>\n<\/strong><\/h2>\n<p>[\/vc_column_text][vc_column_text]<\/p>\n<p style=\"font-weight: 400;\">La poblaci\u00f3n con altas capacidades intelectuales constituye un colectivo poseedor de unos rasgos espec\u00edficos que producen demandas tambi\u00e9n espec\u00edficas y que requieren de una respuesta educativa distinta, si bien no siempre reciben la atenci\u00f3n educativa que precisan.<\/p>\n<p style=\"font-weight: 400;\">La Universidad de La Laguna ha venido haciendo diversas acciones para este alumnado, en cuatro l\u00edneas de acci\u00f3n: respuesta educativa, formaci\u00f3n, difusi\u00f3n e investigaci\u00f3n.<\/p>\n<p style=\"font-weight: 400;\">La respuesta educativa extraescolar este alumnado se oferta desde el curso 2003-04, cuando el Grupo de Investigaci\u00f3n Aplicada en Ciencias del Comportamiento (GIACCO) inici\u00f3 la implementaci\u00f3n del Programa Integral para Altas Capacidades (PIPAC), que se imparte anualmente de octubre a junio, destinado al alumnado infantil y adolescente de altas capacidades y sus familias, con el objetivo de contribuir a su desarrollo integral, incorporando un enfoque tanto socioafectivo como cognitivo. Este a\u00f1o se realiza su XVI edici\u00f3n.<\/p>\n<p style=\"font-weight: 400;\">Durante el curso 2017-18 se inici\u00f3 el segundo programa, COMPARTE-ULL, dirigido a la promoci\u00f3n de vocaciones cient\u00edficas para alumnado de primaria y secundaria (6 a 16 a\u00f1os). La responsabilidad de este programa recae en la Escuela de Doctorado y Estudios de Posgrado de la ULL, la asociaci\u00f3n para altas capacidades Comparte y GIACCO. La novedad de este programa es que, teniendo un formato de mentor\u00eda, los encargados de los talleres son estudiantes de doctorado que, con ello, realizan una actividad preceptiva en su formaci\u00f3n doctoral y, por otra parte, les ayuda a obtener la competencia exigida de transmitir sus conocimientos a p\u00fablicos diversos.<\/p>\n<p style=\"font-weight: 400;\">El tercer programa, CONTIGO, se orienta a la detecci\u00f3n, identificaci\u00f3n y respuesta educativa de alumnado no universitario vulnerable, en colaboraci\u00f3n con el IASS.<\/p>\n<p style=\"font-weight: 400;\">En el presente curso acad\u00e9mico, fruto de la colaboraci\u00f3n del Vicerrectorado de Alumnado y de su asesor\u00eda Educativa con los promotores previos de programas para alumnado de altas capacidades (la Escuela de Doctorado y Estudios de Posgrado de la ULL, la asociaci\u00f3n para altas capacidades Comparte y GIACCO) se ha puesto en marcha el programa ATENEA-ULL, destinado al alumnado universitario de la ULL con altas capacidades, con el objetivo de incrementar su motivaci\u00f3n e iniciarles en la investigaci\u00f3n cient\u00edfica.<\/p>\n<p style=\"font-weight: 400;\">En el campo de la formaci\u00f3n, se han impartido cursos sobre altas capacidades en los que ofertaba la Fundaci\u00f3n Empresa Universidad de La Laguna, Pude, en varias ediciones, cursos de verano (Lanzarote y Adeje), cursos para profesionales de la educaci\u00f3n y la psicolog\u00eda (tres ediciones), cursos para profesorado no universitario financiado por el Cabildo (cuatro ediciones), para progenitores y profesorado, financiado por la Direcci\u00f3n General del Menor del Gobierno de Canarias, as\u00ed como un curso para profesorado universitario, en el marco del programa de Formaci\u00f3n de Profesorado. Est\u00e1 en preparaci\u00f3n un MOOC formativo, sobre altas capacidades intelectuales.<\/p>\n<p style=\"font-weight: 400;\">En lo referente a la difusi\u00f3n, se han llevado a cabo tres ediciones de las Jornadas Internacionales sobre Panor\u00e1mica de Intervenci\u00f3n en Altas Capacidades, que re\u00fane bienalmente en la ULL a expertos de Europa y Am\u00e9rica, cuya <a href=\"http:\/\/2panoramica.gtisd.net\/\" target=\"_blank\" rel=\"noopener\">cuarta edici\u00f3n est\u00e1 programada del 19 al 21 junio de 2019<\/a>. Adem\u00e1s, los miembros integrantes de GIACCO y el conjunto de estudiantes en formaci\u00f3n que forman su voluntariado acude regularmente a congresos nacionales e internacionales, contribuyendo con ponencias, simposios, comunicaciones y poster, que difunden la rigurosa investigaci\u00f3n que se lleva a cabo en este campo en la universidad de La Laguna. Finalmente, tambi\u00e9n se acude a la invitaci\u00f3n de los medios de comunicaci\u00f3n, para informar en televisi\u00f3n, radio y prensa.<\/p>\n<p style=\"font-weight: 400;\">\u00a0\u00a0\u00a0\u00a0\u00a0\u00a0\u00a0\u00a0\u00a0\u00a0\u00a0 En el campo de la investigaci\u00f3n, se cuenta con una red internacional (Red Internacional de Investigaci\u00f3n, Intervenci\u00f3n y Evaluaci\u00f3n en Altas Capacidades, <a href=\"http:\/\/reineva.gtisd.net\/\" target=\"_blank\" rel=\"noopener\">REINEVA<\/a>), que incorpora investigadores y profesionales de cinco pa\u00edses de Europa y tres americanos, que posibilita la realizaci\u00f3n de proyectos de investigaci\u00f3n conjuntos. Se han le\u00eddo sobre esta tem\u00e1tica cuatro tesis doctorales, diversos TFG y TFM, se cuenta con una revista especializada, <a href=\"http:\/\/www.talincrea.cucs.udg.mx\/\" target=\"_blank\" rel=\"noopener\">TALINCREA<\/a> \u00a0que, aunque su sede es la mexicana Universidad de Guadalajara, la direcci\u00f3n recae en una profesora de la ULL, adem\u00e1s de publicar regularmente libros, cap\u00edtulos de libros y art\u00edculos cient\u00edficos.\u00a0 En la actualidad est\u00e1n en curso dos tesis doctorales sobre esta tem\u00e1tica, una de ellas en cotutela con la Universidad de San Carlos de Brasil.<\/p>\n<p style=\"font-weight: 400;\">\u00a0\u00a0\u00a0\u00a0\u00a0\u00a0\u00a0\u00a0\u00a0\u00a0\u00a0 En resumen, todas estas actividades forman parte del Aula Cultural.<\/p>\n<p>[\/vc_column_text][\/vc_column][\/vc_row]<\/p>\n","protected":false},"excerpt":{"rendered":"<p>[vc_row][vc_column][vc_empty_space][\/vc_column][\/vc_row][vc_row][vc_column width=\u00bb1\/3&#8243;][vc_single_image image=\u00bb2012&#8243; img_size=\u00bbfull\u00bb][vc_column_text]Directora:Elena Rodr\u00edguez Naveiras naveiras@ull.es [\/vc_column_text][\/vc_column][vc_column width=\u00bb2\/3&#8243;][vc_column_text] Aula Cultural Altas Capacidades y Talentos [\/vc_column_text][vc_column_text] La poblaci\u00f3n con altas&#8230;<\/p>\n","protected":false},"author":22,"featured_media":1872,"parent":0,"menu_order":0,"comment_status":"closed","ping_status":"closed","template":"","meta":{"inline_featured_image":false,"footnotes":""},"acf":[],"yoast_head":"<!-- This site is optimized with the Yoast SEO plugin v21.3 - https:\/\/yoast.com\/wordpress\/plugins\/seo\/ -->\n<title>Aula Cultural Altas Capacidades y Talentos - Aulas y C\u00e1tedras Culturales<\/title>\n<meta name=\"robots\" content=\"index, follow, max-snippet:-1, max-image-preview:large, max-video-preview:-1\" \/>\n<link rel=\"canonical\" href=\"https:\/\/www.ull.es\/portal\/aulasycatedrasculturales\/aula-cultural-altas-capacidades\/\" \/>\n<meta property=\"og:locale\" content=\"es_ES\" \/>\n<meta property=\"og:type\" content=\"article\" \/>\n<meta property=\"og:title\" content=\"Aula Cultural Altas Capacidades y Talentos - Aulas y C\u00e1tedras Culturales\" \/>\n<meta property=\"og:description\" content=\"[vc_row][vc_column][vc_empty_space][\/vc_column][\/vc_row][vc_row][vc_column width=\u00bb1\/3&#8243;][vc_single_image image=\u00bb2012&#8243; img_size=\u00bbfull\u00bb][vc_column_text]Directora:Elena Rodr\u00edguez Naveiras naveiras@ull.es [\/vc_column_text][\/vc_column][vc_column width=\u00bb2\/3&#8243;][vc_column_text] Aula Cultural Altas Capacidades y Talentos [\/vc_column_text][vc_column_text] La poblaci\u00f3n con altas...\" \/>\n<meta property=\"og:url\" content=\"https:\/\/www.ull.es\/portal\/aulasycatedrasculturales\/aula-cultural-altas-capacidades\/\" \/>\n<meta property=\"og:site_name\" content=\"Aulas y C\u00e1tedras Culturales\" \/>\n<meta property=\"article:modified_time\" content=\"2024-01-12T14:02:39+00:00\" \/>\n<meta property=\"og:image\" content=\"https:\/\/www.ull.es\/portal\/aulasycatedrasculturales\/wp-content\/uploads\/sites\/19\/2018\/06\/ull.jpg\" \/>\n\t<meta property=\"og:image:width\" content=\"360\" \/>\n\t<meta property=\"og:image:height\" content=\"360\" \/>\n\t<meta property=\"og:image:type\" content=\"image\/jpeg\" \/>\n<meta name=\"twitter:card\" content=\"summary_large_image\" \/>\n<meta name=\"twitter:label1\" content=\"Tiempo de lectura\" \/>\n\t<meta name=\"twitter:data1\" content=\"4 minutos\" \/>\n<script type=\"application\/ld+json\" class=\"yoast-schema-graph\">{\"@context\":\"https:\/\/schema.org\",\"@graph\":[{\"@type\":\"WebPage\",\"@id\":\"https:\/\/www.ull.es\/portal\/aulasycatedrasculturales\/aula-cultural-altas-capacidades\/\",\"url\":\"https:\/\/www.ull.es\/portal\/aulasycatedrasculturales\/aula-cultural-altas-capacidades\/\",\"name\":\"Aula Cultural Altas Capacidades y Talentos - Aulas y C\u00e1tedras Culturales\",\"isPartOf\":{\"@id\":\"https:\/\/www.ull.es\/portal\/aulasycatedrasculturales\/#website\"},\"datePublished\":\"2019-03-06T08:20:53+00:00\",\"dateModified\":\"2024-01-12T14:02:39+00:00\",\"breadcrumb\":{\"@id\":\"https:\/\/www.ull.es\/portal\/aulasycatedrasculturales\/aula-cultural-altas-capacidades\/#breadcrumb\"},\"inLanguage\":\"es\",\"potentialAction\":[{\"@type\":\"ReadAction\",\"target\":[\"https:\/\/www.ull.es\/portal\/aulasycatedrasculturales\/aula-cultural-altas-capacidades\/\"]}]},{\"@type\":\"BreadcrumbList\",\"@id\":\"https:\/\/www.ull.es\/portal\/aulasycatedrasculturales\/aula-cultural-altas-capacidades\/#breadcrumb\",\"itemListElement\":[{\"@type\":\"ListItem\",\"position\":1,\"name\":\"Portada\",\"item\":\"https:\/\/www.ull.es\/portal\/aulasycatedrasculturales\/\"},{\"@type\":\"ListItem\",\"position\":2,\"name\":\"Aula Cultural Altas Capacidades y Talentos\"}]},{\"@type\":\"WebSite\",\"@id\":\"https:\/\/www.ull.es\/portal\/aulasycatedrasculturales\/#website\",\"url\":\"https:\/\/www.ull.es\/portal\/aulasycatedrasculturales\/\",\"name\":\"Aulas y C\u00e1tedras Culturales\",\"description\":\"\",\"potentialAction\":[{\"@type\":\"SearchAction\",\"target\":{\"@type\":\"EntryPoint\",\"urlTemplate\":\"https:\/\/www.ull.es\/portal\/aulasycatedrasculturales\/?s={search_term_string}\"},\"query-input\":\"required name=search_term_string\"}],\"inLanguage\":\"es\"}]}<\/script>\n<!-- \/ Yoast SEO plugin. -->","yoast_head_json":{"title":"Aula Cultural Altas Capacidades y Talentos - Aulas y C\u00e1tedras Culturales","robots":{"index":"index","follow":"follow","max-snippet":"max-snippet:-1","max-image-preview":"max-image-preview:large","max-video-preview":"max-video-preview:-1"},"canonical":"https:\/\/www.ull.es\/portal\/aulasycatedrasculturales\/aula-cultural-altas-capacidades\/","og_locale":"es_ES","og_type":"article","og_title":"Aula Cultural Altas Capacidades y Talentos - Aulas y C\u00e1tedras Culturales","og_description":"[vc_row][vc_column][vc_empty_space][\/vc_column][\/vc_row][vc_row][vc_column width=\u00bb1\/3&#8243;][vc_single_image image=\u00bb2012&#8243; img_size=\u00bbfull\u00bb][vc_column_text]Directora:Elena Rodr\u00edguez Naveiras naveiras@ull.es [\/vc_column_text][\/vc_column][vc_column width=\u00bb2\/3&#8243;][vc_column_text] Aula Cultural Altas Capacidades y Talentos [\/vc_column_text][vc_column_text] La poblaci\u00f3n con altas...","og_url":"https:\/\/www.ull.es\/portal\/aulasycatedrasculturales\/aula-cultural-altas-capacidades\/","og_site_name":"Aulas y C\u00e1tedras Culturales","article_modified_time":"2024-01-12T14:02:39+00:00","og_image":[{"width":360,"height":360,"url":"https:\/\/www.ull.es\/portal\/aulasycatedrasculturales\/wp-content\/uploads\/sites\/19\/2018\/06\/ull.jpg","type":"image\/jpeg"}],"twitter_card":"summary_large_image","twitter_misc":{"Tiempo de lectura":"4 minutos"},"schema":{"@context":"https:\/\/schema.org","@graph":[{"@type":"WebPage","@id":"https:\/\/www.ull.es\/portal\/aulasycatedrasculturales\/aula-cultural-altas-capacidades\/","url":"https:\/\/www.ull.es\/portal\/aulasycatedrasculturales\/aula-cultural-altas-capacidades\/","name":"Aula Cultural Altas Capacidades y Talentos - Aulas y C\u00e1tedras Culturales","isPartOf":{"@id":"https:\/\/www.ull.es\/portal\/aulasycatedrasculturales\/#website"},"datePublished":"2019-03-06T08:20:53+00:00","dateModified":"2024-01-12T14:02:39+00:00","breadcrumb":{"@id":"https:\/\/www.ull.es\/portal\/aulasycatedrasculturales\/aula-cultural-altas-capacidades\/#breadcrumb"},"inLanguage":"es","potentialAction":[{"@type":"ReadAction","target":["https:\/\/www.ull.es\/portal\/aulasycatedrasculturales\/aula-cultural-altas-capacidades\/"]}]},{"@type":"BreadcrumbList","@id":"https:\/\/www.ull.es\/portal\/aulasycatedrasculturales\/aula-cultural-altas-capacidades\/#breadcrumb","itemListElement":[{"@type":"ListItem","position":1,"name":"Portada","item":"https:\/\/www.ull.es\/portal\/aulasycatedrasculturales\/"},{"@type":"ListItem","position":2,"name":"Aula Cultural Altas Capacidades y Talentos"}]},{"@type":"WebSite","@id":"https:\/\/www.ull.es\/portal\/aulasycatedrasculturales\/#website","url":"https:\/\/www.ull.es\/portal\/aulasycatedrasculturales\/","name":"Aulas y C\u00e1tedras Culturales","description":"","potentialAction":[{"@type":"SearchAction","target":{"@type":"EntryPoint","urlTemplate":"https:\/\/www.ull.es\/portal\/aulasycatedrasculturales\/?s={search_term_string}"},"query-input":"required name=search_term_string"}],"inLanguage":"es"}]}},"_links":{"self":[{"href":"https:\/\/www.ull.es\/portal\/aulasycatedrasculturales\/wp-json\/wp\/v2\/pages\/2006"}],"collection":[{"href":"https:\/\/www.ull.es\/portal\/aulasycatedrasculturales\/wp-json\/wp\/v2\/pages"}],"about":[{"href":"https:\/\/www.ull.es\/portal\/aulasycatedrasculturales\/wp-json\/wp\/v2\/types\/page"}],"author":[{"embeddable":true,"href":"https:\/\/www.ull.es\/portal\/aulasycatedrasculturales\/wp-json\/wp\/v2\/users\/22"}],"replies":[{"embeddable":true,"href":"https:\/\/www.ull.es\/portal\/aulasycatedrasculturales\/wp-json\/wp\/v2\/comments?post=2006"}],"version-history":[{"count":9,"href":"https:\/\/www.ull.es\/portal\/aulasycatedrasculturales\/wp-json\/wp\/v2\/pages\/2006\/revisions"}],"predecessor-version":[{"id":2298,"href":"https:\/\/www.ull.es\/portal\/aulasycatedrasculturales\/wp-json\/wp\/v2\/pages\/2006\/revisions\/2298"}],"wp:featuredmedia":[{"embeddable":true,"href":"https:\/\/www.ull.es\/portal\/aulasycatedrasculturales\/wp-json\/wp\/v2\/media\/1872"}],"wp:attachment":[{"href":"https:\/\/www.ull.es\/portal\/aulasycatedrasculturales\/wp-json\/wp\/v2\/media?parent=2006"}],"curies":[{"name":"wp","href":"https:\/\/api.w.org\/{rel}","templated":true}]}}