{"id":2020,"date":"2019-03-14T08:17:31","date_gmt":"2019-03-14T08:17:31","guid":{"rendered":"https:\/\/www.ull.es\/portal\/aulasycatedrasculturales\/?page_id=2020"},"modified":"2022-01-17T10:26:45","modified_gmt":"2022-01-17T10:26:45","slug":"aula-cultural-de-jardineria","status":"publish","type":"page","link":"https:\/\/www.ull.es\/portal\/aulasycatedrasculturales\/aula-cultural-de-jardineria\/","title":{"rendered":"Aula cultural de Jardiner\u00eda"},"content":{"rendered":"<p>[vc_row][vc_column][vc_empty_space][\/vc_column][\/vc_row][vc_row][vc_column width=\u00bb1\/3&#8243;][vc_single_image image=\u00bb2023&#8243; img_size=\u00bbfull\u00bb][vc_column_text]<strong>Director: <\/strong>Pablo Jos\u00e9 V\u00e1zquez Gil<\/p>\n<ul>\n<li><i class=\"fa fa-envelope\"><\/i> <a href=\"mailto:pjvgil@ull.es\" target=\"_blank\" rel=\"noopener\" target=\"_blank\" rel=\"noopener\">pjvgil@ull.es<\/a><\/li>\n<\/ul>\n<p><strong>Codirector: <\/strong>Clemente de Nicol\u00e1s Lozano[\/vc_column_text][\/vc_column][vc_column width=\u00bb2\/3&#8243;][vc_column_text]<\/p>\n<h2><strong>Aula Cultural de Jardiner\u00eda, Biodiversidad y Permacultura<br \/>\n<\/strong><\/h2>\n<p>[\/vc_column_text][vc_column_text]Los componentes de esta aula somos conscientes del potencial que tiene la Jardiner\u00eda, La Biodiversidad y la Permacultura como herramientas pedag\u00f3gicas estrechamente vinculadas entre s\u00ed, orientadas a ir logrando la vida arm\u00f3nica del ser humano con el planeta y el resto de las formas de vida que lo habitan.<\/p>\n<p>La Divulgaci\u00f3n de buenas pr\u00e1cticas en la Jardiner\u00eda P\u00fablica y privada, la Conservaci\u00f3n de la Biodiversidad y la concepci\u00f3n de los espacios humanos desde los criterios permaculturales nos impulsan a desarrollar diferentes acciones y actividades tanto formativas como de investigaci\u00f3n dirigi\u00e9ndolas a todas las edades y dentro y fuera del \u00e1mbito universitario.<\/p>\n<p>Durante a\u00f1os varios miembros de la comunidad de la Universidad de La Laguna y personas indirectamente vinculadas a la misma, han venido realizando diferentes actividades formativas en el \u00e1mbito de la agricultura ecol\u00f3gica, la biodiversidad natural y cultivada de las Islas Canarias, la educaci\u00f3n integral del ser humano, la gesti\u00f3n sostenible de la materia org\u00e1nica, las energ\u00edas renovables y el desarrollo sostenible en general.<\/p>\n<p>Nuestros Objetivos Generales son los siguientes:<\/p>\n<ul>\n<li>Promover la dinamizaci\u00f3n cultural en relaci\u00f3n con la Jardiner\u00eda, la Biodiversidad y la Permacultura, en el \u00e1mbito universitario y en el de la sociedad.<\/li>\n<li>Fomentar la investigaci\u00f3n, el estudio, la reflexi\u00f3n y el debate sobre temas de Jardiner\u00eda, Biodiversidad y Permacultura.<\/li>\n<li>Organizar actividades (conferencias, debates, cursos de extensi\u00f3n universitaria, jornadas, dise\u00f1o, implementaci\u00f3n y ejecuci\u00f3n de proyectos, elaboraci\u00f3n de recursos, exposiciones, publicaciones, conmemoraciones, etc.) relacionadas con la Jardiner\u00eda, la Biodiversidad y la Permacultura.<\/li>\n<li>Favorecer la participaci\u00f3n en actividades de miembros de la comunidad universitaria junto a personas y entidades no pertenecientes a ella.<\/li>\n<li>Contribuir a la actividad cultural promovida por la Universidad de La Laguna (ULL).<\/li>\n<li>Colaborar con la ULL en las cuestiones que le sean solicitadas.<\/li>\n<li>Elaborar informes y ofrecer asesoramiento en la tem\u00e1tica del Aula a instituciones (Rectorado, Facultades, editoriales, asociaciones, empresas, ONG, etc.) p\u00fablicas y privadas.<\/li>\n<li>Ofertar un servicio de tutor\u00eda profesional al profesorado de todos los niveles educativos.<\/li>\n<li>Proponer al vicerrectorado competente en materia de Extensi\u00f3n Universitaria cuantas cuestiones puedan considerarse de inter\u00e9s para mejorar la calidad educativa, medioambiental y social.<\/li>\n<\/ul>\n<p>[\/vc_column_text][\/vc_column][\/vc_row][vc_row][vc_column width=\u00bb1\/4&#8243;][vc_single_image image=\u00bb2044&#8243; img_size=\u00bb400&#215;320&#8243;][\/vc_column][vc_column width=\u00bb1\/4&#8243;][vc_single_image image=\u00bb2046&#8243; img_size=\u00bb400&#215;320&#8243;][\/vc_column][vc_column width=\u00bb1\/4&#8243;][vc_single_image image=\u00bb2043&#8243; img_size=\u00bb400&#215;320&#8243;][\/vc_column][vc_column width=\u00bb1\/4&#8243;][vc_single_image image=\u00bb2045&#8243; img_size=\u00bb400&#215;320&#8243;][\/vc_column][\/vc_row]<\/p>\n","protected":false},"excerpt":{"rendered":"<p>[vc_row][vc_column][vc_empty_space][\/vc_column][\/vc_row][vc_row][vc_column width=\u00bb1\/3&#8243;][vc_single_image image=\u00bb2023&#8243; img_size=\u00bbfull\u00bb][vc_column_text]Director: Pablo Jos\u00e9 V\u00e1zquez Gil pjvgil@ull.es Codirector: Clemente de Nicol\u00e1s Lozano[\/vc_column_text][\/vc_column][vc_column width=\u00bb2\/3&#8243;][vc_column_text] Aula Cultural de Jardiner\u00eda, Biodiversidad&#8230;<\/p>\n","protected":false},"author":22,"featured_media":0,"parent":0,"menu_order":0,"comment_status":"closed","ping_status":"closed","template":"","meta":{"inline_featured_image":false,"footnotes":""},"acf":[],"yoast_head":"<!-- This site is optimized with the Yoast SEO plugin v21.3 - https:\/\/yoast.com\/wordpress\/plugins\/seo\/ -->\n<title>Aula cultural de Jardiner\u00eda - Aulas y C\u00e1tedras Culturales<\/title>\n<meta name=\"robots\" content=\"index, follow, max-snippet:-1, max-image-preview:large, max-video-preview:-1\" \/>\n<link rel=\"canonical\" href=\"https:\/\/www.ull.es\/portal\/aulasycatedrasculturales\/aula-cultural-de-jardineria\/\" \/>\n<meta property=\"og:locale\" content=\"es_ES\" \/>\n<meta property=\"og:type\" content=\"article\" \/>\n<meta property=\"og:title\" content=\"Aula cultural de Jardiner\u00eda - Aulas y C\u00e1tedras Culturales\" \/>\n<meta property=\"og:description\" content=\"[vc_row][vc_column][vc_empty_space][\/vc_column][\/vc_row][vc_row][vc_column width=\u00bb1\/3&#8243;][vc_single_image image=\u00bb2023&#8243; img_size=\u00bbfull\u00bb][vc_column_text]Director: Pablo Jos\u00e9 V\u00e1zquez Gil pjvgil@ull.es Codirector: Clemente de Nicol\u00e1s Lozano[\/vc_column_text][\/vc_column][vc_column width=\u00bb2\/3&#8243;][vc_column_text] Aula Cultural de Jardiner\u00eda, Biodiversidad...\" \/>\n<meta property=\"og:url\" content=\"https:\/\/www.ull.es\/portal\/aulasycatedrasculturales\/aula-cultural-de-jardineria\/\" \/>\n<meta property=\"og:site_name\" content=\"Aulas y C\u00e1tedras Culturales\" \/>\n<meta property=\"article:modified_time\" content=\"2022-01-17T10:26:45+00:00\" \/>\n<meta name=\"twitter:card\" content=\"summary_large_image\" \/>\n<meta name=\"twitter:label1\" content=\"Tiempo de lectura\" \/>\n\t<meta name=\"twitter:data1\" content=\"2 minutos\" \/>\n<script type=\"application\/ld+json\" class=\"yoast-schema-graph\">{\"@context\":\"https:\/\/schema.org\",\"@graph\":[{\"@type\":\"WebPage\",\"@id\":\"https:\/\/www.ull.es\/portal\/aulasycatedrasculturales\/aula-cultural-de-jardineria\/\",\"url\":\"https:\/\/www.ull.es\/portal\/aulasycatedrasculturales\/aula-cultural-de-jardineria\/\",\"name\":\"Aula cultural de Jardiner\u00eda - Aulas y C\u00e1tedras Culturales\",\"isPartOf\":{\"@id\":\"https:\/\/www.ull.es\/portal\/aulasycatedrasculturales\/#website\"},\"datePublished\":\"2019-03-14T08:17:31+00:00\",\"dateModified\":\"2022-01-17T10:26:45+00:00\",\"breadcrumb\":{\"@id\":\"https:\/\/www.ull.es\/portal\/aulasycatedrasculturales\/aula-cultural-de-jardineria\/#breadcrumb\"},\"inLanguage\":\"es\",\"potentialAction\":[{\"@type\":\"ReadAction\",\"target\":[\"https:\/\/www.ull.es\/portal\/aulasycatedrasculturales\/aula-cultural-de-jardineria\/\"]}]},{\"@type\":\"BreadcrumbList\",\"@id\":\"https:\/\/www.ull.es\/portal\/aulasycatedrasculturales\/aula-cultural-de-jardineria\/#breadcrumb\",\"itemListElement\":[{\"@type\":\"ListItem\",\"position\":1,\"name\":\"Portada\",\"item\":\"https:\/\/www.ull.es\/portal\/aulasycatedrasculturales\/\"},{\"@type\":\"ListItem\",\"position\":2,\"name\":\"Aula cultural de Jardiner\u00eda\"}]},{\"@type\":\"WebSite\",\"@id\":\"https:\/\/www.ull.es\/portal\/aulasycatedrasculturales\/#website\",\"url\":\"https:\/\/www.ull.es\/portal\/aulasycatedrasculturales\/\",\"name\":\"Aulas y C\u00e1tedras Culturales\",\"description\":\"\",\"potentialAction\":[{\"@type\":\"SearchAction\",\"target\":{\"@type\":\"EntryPoint\",\"urlTemplate\":\"https:\/\/www.ull.es\/portal\/aulasycatedrasculturales\/?s={search_term_string}\"},\"query-input\":\"required name=search_term_string\"}],\"inLanguage\":\"es\"}]}<\/script>\n<!-- \/ Yoast SEO plugin. -->","yoast_head_json":{"title":"Aula cultural de Jardiner\u00eda - Aulas y C\u00e1tedras Culturales","robots":{"index":"index","follow":"follow","max-snippet":"max-snippet:-1","max-image-preview":"max-image-preview:large","max-video-preview":"max-video-preview:-1"},"canonical":"https:\/\/www.ull.es\/portal\/aulasycatedrasculturales\/aula-cultural-de-jardineria\/","og_locale":"es_ES","og_type":"article","og_title":"Aula cultural de Jardiner\u00eda - Aulas y C\u00e1tedras Culturales","og_description":"[vc_row][vc_column][vc_empty_space][\/vc_column][\/vc_row][vc_row][vc_column width=\u00bb1\/3&#8243;][vc_single_image image=\u00bb2023&#8243; img_size=\u00bbfull\u00bb][vc_column_text]Director: Pablo Jos\u00e9 V\u00e1zquez Gil pjvgil@ull.es Codirector: Clemente de Nicol\u00e1s Lozano[\/vc_column_text][\/vc_column][vc_column width=\u00bb2\/3&#8243;][vc_column_text] Aula Cultural de Jardiner\u00eda, Biodiversidad...","og_url":"https:\/\/www.ull.es\/portal\/aulasycatedrasculturales\/aula-cultural-de-jardineria\/","og_site_name":"Aulas y C\u00e1tedras Culturales","article_modified_time":"2022-01-17T10:26:45+00:00","twitter_card":"summary_large_image","twitter_misc":{"Tiempo de lectura":"2 minutos"},"schema":{"@context":"https:\/\/schema.org","@graph":[{"@type":"WebPage","@id":"https:\/\/www.ull.es\/portal\/aulasycatedrasculturales\/aula-cultural-de-jardineria\/","url":"https:\/\/www.ull.es\/portal\/aulasycatedrasculturales\/aula-cultural-de-jardineria\/","name":"Aula cultural de Jardiner\u00eda - Aulas y C\u00e1tedras Culturales","isPartOf":{"@id":"https:\/\/www.ull.es\/portal\/aulasycatedrasculturales\/#website"},"datePublished":"2019-03-14T08:17:31+00:00","dateModified":"2022-01-17T10:26:45+00:00","breadcrumb":{"@id":"https:\/\/www.ull.es\/portal\/aulasycatedrasculturales\/aula-cultural-de-jardineria\/#breadcrumb"},"inLanguage":"es","potentialAction":[{"@type":"ReadAction","target":["https:\/\/www.ull.es\/portal\/aulasycatedrasculturales\/aula-cultural-de-jardineria\/"]}]},{"@type":"BreadcrumbList","@id":"https:\/\/www.ull.es\/portal\/aulasycatedrasculturales\/aula-cultural-de-jardineria\/#breadcrumb","itemListElement":[{"@type":"ListItem","position":1,"name":"Portada","item":"https:\/\/www.ull.es\/portal\/aulasycatedrasculturales\/"},{"@type":"ListItem","position":2,"name":"Aula cultural de Jardiner\u00eda"}]},{"@type":"WebSite","@id":"https:\/\/www.ull.es\/portal\/aulasycatedrasculturales\/#website","url":"https:\/\/www.ull.es\/portal\/aulasycatedrasculturales\/","name":"Aulas y C\u00e1tedras Culturales","description":"","potentialAction":[{"@type":"SearchAction","target":{"@type":"EntryPoint","urlTemplate":"https:\/\/www.ull.es\/portal\/aulasycatedrasculturales\/?s={search_term_string}"},"query-input":"required name=search_term_string"}],"inLanguage":"es"}]}},"_links":{"self":[{"href":"https:\/\/www.ull.es\/portal\/aulasycatedrasculturales\/wp-json\/wp\/v2\/pages\/2020"}],"collection":[{"href":"https:\/\/www.ull.es\/portal\/aulasycatedrasculturales\/wp-json\/wp\/v2\/pages"}],"about":[{"href":"https:\/\/www.ull.es\/portal\/aulasycatedrasculturales\/wp-json\/wp\/v2\/types\/page"}],"author":[{"embeddable":true,"href":"https:\/\/www.ull.es\/portal\/aulasycatedrasculturales\/wp-json\/wp\/v2\/users\/22"}],"replies":[{"embeddable":true,"href":"https:\/\/www.ull.es\/portal\/aulasycatedrasculturales\/wp-json\/wp\/v2\/comments?post=2020"}],"version-history":[{"count":16,"href":"https:\/\/www.ull.es\/portal\/aulasycatedrasculturales\/wp-json\/wp\/v2\/pages\/2020\/revisions"}],"predecessor-version":[{"id":2242,"href":"https:\/\/www.ull.es\/portal\/aulasycatedrasculturales\/wp-json\/wp\/v2\/pages\/2020\/revisions\/2242"}],"wp:attachment":[{"href":"https:\/\/www.ull.es\/portal\/aulasycatedrasculturales\/wp-json\/wp\/v2\/media?parent=2020"}],"curies":[{"name":"wp","href":"https:\/\/api.w.org\/{rel}","templated":true}]}}