{"id":2083,"date":"2020-02-10T10:01:11","date_gmt":"2020-02-10T10:01:11","guid":{"rendered":"https:\/\/www.ull.es\/portal\/aulasycatedrasculturales\/?page_id=2083"},"modified":"2024-04-03T09:10:41","modified_gmt":"2024-04-03T09:10:41","slug":"matematica-divulgativa-de-la-ull","status":"publish","type":"page","link":"https:\/\/www.ull.es\/portal\/aulasycatedrasculturales\/matematica-divulgativa-de-la-ull\/","title":{"rendered":"Matem\u00e1tica Divulgativa de la ULL"},"content":{"rendered":"<p>[vc_row][vc_column][vc_empty_space][\/vc_column][\/vc_row][vc_row][vc_column width=\u00bb1\/3&#8243;][vc_single_image image=\u00bb2094&#8243; img_size=\u00bbfull\u00bb][vc_column_text]<strong>Director: <\/strong> Edith Padr\u00f3n Fern\u00e1ndez<\/p>\n<ul>\n<li><i class=\"fa fa-external-link\"><\/i><a href=\" http:\/\/matdivu.webs.ull.es\/\" target=\"_blank\" rel=\"noopener\">\u00a0P\u00e1gina web<\/a><\/li>\n<\/ul>\n<ul>\n<li><i class=\"fa fa-phone\"><\/i> (+34) 922 31 81 62<\/li>\n<\/ul>\n<ul>\n<li><i class=\"fa fa-envelope\"><\/i> <a href=\"mepadron@ull.edu.es\" target=\"_blank\" rel=\"noopener noreferrer\" target=\"_blank\" rel=\"noopener\">mepadron@ull.edu.es<\/a><\/li>\n<\/ul>\n<p>[\/vc_column_text][\/vc_column][vc_column width=\u00bb2\/3&#8243;][vc_column_text]<\/p>\n<h2><strong>Matem\u00e1tica Divulgativa de la ULL<\/strong><\/h2>\n<p>[\/vc_column_text][vc_column_text]<\/p>\n<p align=\"justify\"><span style=\"color: #3d3d3d;\">Matem\u00e1tica Divulgativa de la Universidad de La Laguna es un aula cultural que tiene como objetivos acercar a la sociedad el conocimiento matem\u00e1tico como una herramienta \u00fatil en el avance social y tecnol\u00f3gico, promover el aprecio de la sociedad por las matem\u00e1ticas con la organizaci\u00f3n de diversas actividades, desarrollar actividades formativas en torno a la divulgaci\u00f3n de las matem\u00e1ticas, proporcionar asesoramiento a medios de comunicaci\u00f3n sobre temas relacionados con las matem\u00e1ticas y poner de manifiesto ante los organismos p\u00fablicos la consideraci\u00f3n que deben tener las matem\u00e1ticas.<\/span><\/p>\n<p>[\/vc_column_text][\/vc_column][\/vc_row]<\/p>\n","protected":false},"excerpt":{"rendered":"<p>[vc_row][vc_column][vc_empty_space][\/vc_column][\/vc_row][vc_row][vc_column width=\u00bb1\/3&#8243;][vc_single_image image=\u00bb2094&#8243; img_size=\u00bbfull\u00bb][vc_column_text]Director: Edith Padr\u00f3n Fern\u00e1ndez \u00a0P\u00e1gina web (+34) 922 31 81 62 mepadron@ull.edu.es [\/vc_column_text][\/vc_column][vc_column width=\u00bb2\/3&#8243;][vc_column_text] Matem\u00e1tica Divulgativa de&#8230;<\/p>\n","protected":false},"author":22,"featured_media":0,"parent":0,"menu_order":0,"comment_status":"closed","ping_status":"closed","template":"","meta":{"inline_featured_image":false,"footnotes":""},"acf":[],"yoast_head":"<!-- This site is optimized with the Yoast SEO plugin v21.3 - https:\/\/yoast.com\/wordpress\/plugins\/seo\/ -->\n<title>Matem\u00e1tica Divulgativa de la ULL - Aulas y C\u00e1tedras Culturales<\/title>\n<meta name=\"robots\" content=\"index, follow, max-snippet:-1, max-image-preview:large, max-video-preview:-1\" \/>\n<link rel=\"canonical\" href=\"https:\/\/www.ull.es\/portal\/aulasycatedrasculturales\/matematica-divulgativa-de-la-ull\/\" \/>\n<meta property=\"og:locale\" content=\"es_ES\" \/>\n<meta property=\"og:type\" content=\"article\" \/>\n<meta property=\"og:title\" content=\"Matem\u00e1tica Divulgativa de la ULL - Aulas y C\u00e1tedras Culturales\" \/>\n<meta property=\"og:description\" content=\"[vc_row][vc_column][vc_empty_space][\/vc_column][\/vc_row][vc_row][vc_column width=\u00bb1\/3&#8243;][vc_single_image image=\u00bb2094&#8243; img_size=\u00bbfull\u00bb][vc_column_text]Director: Edith Padr\u00f3n Fern\u00e1ndez \u00a0P\u00e1gina web (+34) 922 31 81 62 mepadron@ull.edu.es [\/vc_column_text][\/vc_column][vc_column width=\u00bb2\/3&#8243;][vc_column_text] Matem\u00e1tica Divulgativa de...\" \/>\n<meta property=\"og:url\" content=\"https:\/\/www.ull.es\/portal\/aulasycatedrasculturales\/matematica-divulgativa-de-la-ull\/\" \/>\n<meta property=\"og:site_name\" content=\"Aulas y C\u00e1tedras Culturales\" \/>\n<meta property=\"article:modified_time\" content=\"2024-04-03T09:10:41+00:00\" \/>\n<meta name=\"twitter:card\" content=\"summary_large_image\" \/>\n<meta name=\"twitter:label1\" content=\"Tiempo de lectura\" \/>\n\t<meta name=\"twitter:data1\" content=\"1 minuto\" \/>\n<script type=\"application\/ld+json\" class=\"yoast-schema-graph\">{\"@context\":\"https:\/\/schema.org\",\"@graph\":[{\"@type\":\"WebPage\",\"@id\":\"https:\/\/www.ull.es\/portal\/aulasycatedrasculturales\/matematica-divulgativa-de-la-ull\/\",\"url\":\"https:\/\/www.ull.es\/portal\/aulasycatedrasculturales\/matematica-divulgativa-de-la-ull\/\",\"name\":\"Matem\u00e1tica Divulgativa de la ULL - Aulas y C\u00e1tedras Culturales\",\"isPartOf\":{\"@id\":\"https:\/\/www.ull.es\/portal\/aulasycatedrasculturales\/#website\"},\"datePublished\":\"2020-02-10T10:01:11+00:00\",\"dateModified\":\"2024-04-03T09:10:41+00:00\",\"breadcrumb\":{\"@id\":\"https:\/\/www.ull.es\/portal\/aulasycatedrasculturales\/matematica-divulgativa-de-la-ull\/#breadcrumb\"},\"inLanguage\":\"es\",\"potentialAction\":[{\"@type\":\"ReadAction\",\"target\":[\"https:\/\/www.ull.es\/portal\/aulasycatedrasculturales\/matematica-divulgativa-de-la-ull\/\"]}]},{\"@type\":\"BreadcrumbList\",\"@id\":\"https:\/\/www.ull.es\/portal\/aulasycatedrasculturales\/matematica-divulgativa-de-la-ull\/#breadcrumb\",\"itemListElement\":[{\"@type\":\"ListItem\",\"position\":1,\"name\":\"Portada\",\"item\":\"https:\/\/www.ull.es\/portal\/aulasycatedrasculturales\/\"},{\"@type\":\"ListItem\",\"position\":2,\"name\":\"Matem\u00e1tica Divulgativa de la ULL\"}]},{\"@type\":\"WebSite\",\"@id\":\"https:\/\/www.ull.es\/portal\/aulasycatedrasculturales\/#website\",\"url\":\"https:\/\/www.ull.es\/portal\/aulasycatedrasculturales\/\",\"name\":\"Aulas y C\u00e1tedras Culturales\",\"description\":\"\",\"potentialAction\":[{\"@type\":\"SearchAction\",\"target\":{\"@type\":\"EntryPoint\",\"urlTemplate\":\"https:\/\/www.ull.es\/portal\/aulasycatedrasculturales\/?s={search_term_string}\"},\"query-input\":\"required name=search_term_string\"}],\"inLanguage\":\"es\"}]}<\/script>\n<!-- \/ Yoast SEO plugin. -->","yoast_head_json":{"title":"Matem\u00e1tica Divulgativa de la ULL - Aulas y C\u00e1tedras Culturales","robots":{"index":"index","follow":"follow","max-snippet":"max-snippet:-1","max-image-preview":"max-image-preview:large","max-video-preview":"max-video-preview:-1"},"canonical":"https:\/\/www.ull.es\/portal\/aulasycatedrasculturales\/matematica-divulgativa-de-la-ull\/","og_locale":"es_ES","og_type":"article","og_title":"Matem\u00e1tica Divulgativa de la ULL - Aulas y C\u00e1tedras Culturales","og_description":"[vc_row][vc_column][vc_empty_space][\/vc_column][\/vc_row][vc_row][vc_column width=\u00bb1\/3&#8243;][vc_single_image image=\u00bb2094&#8243; img_size=\u00bbfull\u00bb][vc_column_text]Director: Edith Padr\u00f3n Fern\u00e1ndez \u00a0P\u00e1gina web (+34) 922 31 81 62 mepadron@ull.edu.es [\/vc_column_text][\/vc_column][vc_column width=\u00bb2\/3&#8243;][vc_column_text] Matem\u00e1tica Divulgativa de...","og_url":"https:\/\/www.ull.es\/portal\/aulasycatedrasculturales\/matematica-divulgativa-de-la-ull\/","og_site_name":"Aulas y C\u00e1tedras Culturales","article_modified_time":"2024-04-03T09:10:41+00:00","twitter_card":"summary_large_image","twitter_misc":{"Tiempo de lectura":"1 minuto"},"schema":{"@context":"https:\/\/schema.org","@graph":[{"@type":"WebPage","@id":"https:\/\/www.ull.es\/portal\/aulasycatedrasculturales\/matematica-divulgativa-de-la-ull\/","url":"https:\/\/www.ull.es\/portal\/aulasycatedrasculturales\/matematica-divulgativa-de-la-ull\/","name":"Matem\u00e1tica Divulgativa de la ULL - Aulas y C\u00e1tedras Culturales","isPartOf":{"@id":"https:\/\/www.ull.es\/portal\/aulasycatedrasculturales\/#website"},"datePublished":"2020-02-10T10:01:11+00:00","dateModified":"2024-04-03T09:10:41+00:00","breadcrumb":{"@id":"https:\/\/www.ull.es\/portal\/aulasycatedrasculturales\/matematica-divulgativa-de-la-ull\/#breadcrumb"},"inLanguage":"es","potentialAction":[{"@type":"ReadAction","target":["https:\/\/www.ull.es\/portal\/aulasycatedrasculturales\/matematica-divulgativa-de-la-ull\/"]}]},{"@type":"BreadcrumbList","@id":"https:\/\/www.ull.es\/portal\/aulasycatedrasculturales\/matematica-divulgativa-de-la-ull\/#breadcrumb","itemListElement":[{"@type":"ListItem","position":1,"name":"Portada","item":"https:\/\/www.ull.es\/portal\/aulasycatedrasculturales\/"},{"@type":"ListItem","position":2,"name":"Matem\u00e1tica Divulgativa de la ULL"}]},{"@type":"WebSite","@id":"https:\/\/www.ull.es\/portal\/aulasycatedrasculturales\/#website","url":"https:\/\/www.ull.es\/portal\/aulasycatedrasculturales\/","name":"Aulas y C\u00e1tedras Culturales","description":"","potentialAction":[{"@type":"SearchAction","target":{"@type":"EntryPoint","urlTemplate":"https:\/\/www.ull.es\/portal\/aulasycatedrasculturales\/?s={search_term_string}"},"query-input":"required name=search_term_string"}],"inLanguage":"es"}]}},"_links":{"self":[{"href":"https:\/\/www.ull.es\/portal\/aulasycatedrasculturales\/wp-json\/wp\/v2\/pages\/2083"}],"collection":[{"href":"https:\/\/www.ull.es\/portal\/aulasycatedrasculturales\/wp-json\/wp\/v2\/pages"}],"about":[{"href":"https:\/\/www.ull.es\/portal\/aulasycatedrasculturales\/wp-json\/wp\/v2\/types\/page"}],"author":[{"embeddable":true,"href":"https:\/\/www.ull.es\/portal\/aulasycatedrasculturales\/wp-json\/wp\/v2\/users\/22"}],"replies":[{"embeddable":true,"href":"https:\/\/www.ull.es\/portal\/aulasycatedrasculturales\/wp-json\/wp\/v2\/comments?post=2083"}],"version-history":[{"count":7,"href":"https:\/\/www.ull.es\/portal\/aulasycatedrasculturales\/wp-json\/wp\/v2\/pages\/2083\/revisions"}],"predecessor-version":[{"id":2329,"href":"https:\/\/www.ull.es\/portal\/aulasycatedrasculturales\/wp-json\/wp\/v2\/pages\/2083\/revisions\/2329"}],"wp:attachment":[{"href":"https:\/\/www.ull.es\/portal\/aulasycatedrasculturales\/wp-json\/wp\/v2\/media?parent=2083"}],"curies":[{"name":"wp","href":"https:\/\/api.w.org\/{rel}","templated":true}]}}