{"id":2098,"date":"2020-02-28T08:17:38","date_gmt":"2020-02-28T08:17:38","guid":{"rendered":"https:\/\/www.ull.es\/portal\/aulasycatedrasculturales\/?page_id=2098"},"modified":"2021-04-06T11:01:57","modified_gmt":"2021-04-06T11:01:57","slug":"catedra-cultural-wolfredo-wilpret","status":"publish","type":"page","link":"https:\/\/www.ull.es\/portal\/aulasycatedrasculturales\/catedra-cultural-wolfredo-wilpret\/","title":{"rendered":"C\u00e1tedra Cultural Cient\u00edfica Jard\u00edn Bot\u00e1nico Wolfredo Wildpret"},"content":{"rendered":"<p>[vc_row][vc_column][vc_empty_space][\/vc_column][\/vc_row][vc_row][vc_column width=\u00bb1\/3&#8243;][vc_single_image image=\u00bb2100&#8243; img_size=\u00bbfull\u00bb alignment=\u00bbcenter\u00bb][vc_column_text]<\/p>\n<p align=\"justify\"><strong>Directora: <\/strong>Victoria Eugenia Mart\u00edn Osorio<\/p>\n<ul>\n<li><i class=\"fa fa-envelope\"><\/i> <a href=\"mailto:vemartin@ull.edu.es\" target=\"_blank\" rel=\"noopener\">vemartin@ull.edu.es<\/a><\/li>\n<\/ul>\n<p>[\/vc_column_text][\/vc_column][vc_column width=\u00bb2\/3&#8243;][vc_column_text]<\/p>\n<h2>C\u00e1tedra Cultural Cient\u00edfica Jard\u00edn Bot\u00e1nico Wolfredo Wildpret<\/h2>\n<p>[\/vc_column_text][vc_column_text]Las C\u00e1tedras de la Universidad de La Laguna constituyen foros de reflexi\u00f3n, debate, estudio e investigaci\u00f3n, bien sobre personas relevantes de las ciencias y de la cultura o bien, sobre las caracter\u00edsticas de un determinado territorio. En esta ocasi\u00f3n se unen el reconocimiento al Prof. Wildpret con una vida acad\u00e9mica dedicada al estudio, conservaci\u00f3n e investigaci\u00f3n sobre la Bot\u00e1nica Canaria y por otro, la conservaci\u00f3n del patrimonio bot\u00e1nico de los jardines de la Universidad de La Laguna.<\/p>\n<p>Los objetivos a conseguir dentro del marco de la C\u00e1tedra Jard\u00edn Bot\u00e1nico Wolfredo Wildpret de la ULL son tres:<\/p>\n<ul>\n<li>La <strong>conservaci\u00f3n<\/strong> de la diversidad vegetal existente en los campus de la ULL.<\/li>\n<li>La <strong>investigaci\u00f3n<\/strong> sobre la diversidad vegetal que se expone en los jardines.<\/li>\n<li>La <strong>ense\u00f1anza y divulgaci\u00f3n<\/strong> de la diversidad vegetal entre los miembros de la propia Universidad y para la sociedad en general.<\/li>\n<\/ul>\n<p>El proyecto contribuye a la transferencia de conocimiento a la sociedad y a que los objetivos de la Agenda 2030 de las Naciones Unidas, se integren en las acciones de los ejes estrat\u00e9gicos universitarios, en concreto los objetivos que tratan sobre, <em>Educaci\u00f3n de calidad<\/em>, <em>Ciudades y comunidades sostenibles<\/em>, <em>Vida de ecosistemas terrestre<\/em> y <em>Acci\u00f3n por el clima<\/em>.[\/vc_column_text][\/vc_column][\/vc_row]<\/p>\n","protected":false},"excerpt":{"rendered":"<p>[vc_row][vc_column][vc_empty_space][\/vc_column][\/vc_row][vc_row][vc_column width=\u00bb1\/3&#8243;][vc_single_image image=\u00bb2100&#8243; img_size=\u00bbfull\u00bb alignment=\u00bbcenter\u00bb][vc_column_text] Directora: Victoria Eugenia Mart\u00edn Osorio vemartin@ull.edu.es [\/vc_column_text][\/vc_column][vc_column width=\u00bb2\/3&#8243;][vc_column_text] C\u00e1tedra Cultural Cient\u00edfica Jard\u00edn Bot\u00e1nico Wolfredo Wildpret&#8230;<\/p>\n","protected":false},"author":22,"featured_media":2100,"parent":0,"menu_order":0,"comment_status":"closed","ping_status":"closed","template":"","meta":{"inline_featured_image":false,"footnotes":""},"acf":[],"yoast_head":"<!-- This site is optimized with the Yoast SEO plugin v21.3 - https:\/\/yoast.com\/wordpress\/plugins\/seo\/ -->\n<title>C\u00e1tedra Cultural Cient\u00edfica Jard\u00edn Bot\u00e1nico Wolfredo Wildpret - Aulas y C\u00e1tedras Culturales<\/title>\n<meta name=\"robots\" content=\"index, follow, max-snippet:-1, max-image-preview:large, max-video-preview:-1\" \/>\n<link rel=\"canonical\" href=\"https:\/\/www.ull.es\/portal\/aulasycatedrasculturales\/catedra-cultural-wolfredo-wilpret\/\" \/>\n<meta property=\"og:locale\" content=\"es_ES\" \/>\n<meta property=\"og:type\" content=\"article\" \/>\n<meta property=\"og:title\" content=\"C\u00e1tedra Cultural Cient\u00edfica Jard\u00edn Bot\u00e1nico Wolfredo Wildpret - Aulas y C\u00e1tedras Culturales\" \/>\n<meta property=\"og:description\" content=\"[vc_row][vc_column][vc_empty_space][\/vc_column][\/vc_row][vc_row][vc_column width=\u00bb1\/3&#8243;][vc_single_image image=\u00bb2100&#8243; img_size=\u00bbfull\u00bb alignment=\u00bbcenter\u00bb][vc_column_text] Directora: Victoria Eugenia Mart\u00edn Osorio vemartin@ull.edu.es [\/vc_column_text][\/vc_column][vc_column width=\u00bb2\/3&#8243;][vc_column_text] C\u00e1tedra Cultural Cient\u00edfica Jard\u00edn Bot\u00e1nico Wolfredo Wildpret...\" \/>\n<meta property=\"og:url\" content=\"https:\/\/www.ull.es\/portal\/aulasycatedrasculturales\/catedra-cultural-wolfredo-wilpret\/\" \/>\n<meta property=\"og:site_name\" content=\"Aulas y C\u00e1tedras Culturales\" \/>\n<meta property=\"article:modified_time\" content=\"2021-04-06T11:01:57+00:00\" \/>\n<meta property=\"og:image\" content=\"https:\/\/www.ull.es\/portal\/aulasycatedrasculturales\/wp-content\/uploads\/sites\/19\/2020\/02\/logo.jpg\" \/>\n\t<meta property=\"og:image:width\" content=\"1600\" \/>\n\t<meta property=\"og:image:height\" content=\"1600\" \/>\n\t<meta property=\"og:image:type\" content=\"image\/jpeg\" \/>\n<meta name=\"twitter:card\" content=\"summary_large_image\" \/>\n<meta name=\"twitter:label1\" content=\"Tiempo de lectura\" \/>\n\t<meta name=\"twitter:data1\" content=\"1 minuto\" \/>\n<script type=\"application\/ld+json\" class=\"yoast-schema-graph\">{\"@context\":\"https:\/\/schema.org\",\"@graph\":[{\"@type\":\"WebPage\",\"@id\":\"https:\/\/www.ull.es\/portal\/aulasycatedrasculturales\/catedra-cultural-wolfredo-wilpret\/\",\"url\":\"https:\/\/www.ull.es\/portal\/aulasycatedrasculturales\/catedra-cultural-wolfredo-wilpret\/\",\"name\":\"C\u00e1tedra Cultural Cient\u00edfica Jard\u00edn Bot\u00e1nico Wolfredo Wildpret - Aulas y C\u00e1tedras Culturales\",\"isPartOf\":{\"@id\":\"https:\/\/www.ull.es\/portal\/aulasycatedrasculturales\/#website\"},\"datePublished\":\"2020-02-28T08:17:38+00:00\",\"dateModified\":\"2021-04-06T11:01:57+00:00\",\"breadcrumb\":{\"@id\":\"https:\/\/www.ull.es\/portal\/aulasycatedrasculturales\/catedra-cultural-wolfredo-wilpret\/#breadcrumb\"},\"inLanguage\":\"es\",\"potentialAction\":[{\"@type\":\"ReadAction\",\"target\":[\"https:\/\/www.ull.es\/portal\/aulasycatedrasculturales\/catedra-cultural-wolfredo-wilpret\/\"]}]},{\"@type\":\"BreadcrumbList\",\"@id\":\"https:\/\/www.ull.es\/portal\/aulasycatedrasculturales\/catedra-cultural-wolfredo-wilpret\/#breadcrumb\",\"itemListElement\":[{\"@type\":\"ListItem\",\"position\":1,\"name\":\"Portada\",\"item\":\"https:\/\/www.ull.es\/portal\/aulasycatedrasculturales\/\"},{\"@type\":\"ListItem\",\"position\":2,\"name\":\"C\u00e1tedra Cultural Cient\u00edfica Jard\u00edn Bot\u00e1nico Wolfredo Wildpret\"}]},{\"@type\":\"WebSite\",\"@id\":\"https:\/\/www.ull.es\/portal\/aulasycatedrasculturales\/#website\",\"url\":\"https:\/\/www.ull.es\/portal\/aulasycatedrasculturales\/\",\"name\":\"Aulas y C\u00e1tedras Culturales\",\"description\":\"\",\"potentialAction\":[{\"@type\":\"SearchAction\",\"target\":{\"@type\":\"EntryPoint\",\"urlTemplate\":\"https:\/\/www.ull.es\/portal\/aulasycatedrasculturales\/?s={search_term_string}\"},\"query-input\":\"required name=search_term_string\"}],\"inLanguage\":\"es\"}]}<\/script>\n<!-- \/ Yoast SEO plugin. -->","yoast_head_json":{"title":"C\u00e1tedra Cultural Cient\u00edfica Jard\u00edn Bot\u00e1nico Wolfredo Wildpret - Aulas y C\u00e1tedras Culturales","robots":{"index":"index","follow":"follow","max-snippet":"max-snippet:-1","max-image-preview":"max-image-preview:large","max-video-preview":"max-video-preview:-1"},"canonical":"https:\/\/www.ull.es\/portal\/aulasycatedrasculturales\/catedra-cultural-wolfredo-wilpret\/","og_locale":"es_ES","og_type":"article","og_title":"C\u00e1tedra Cultural Cient\u00edfica Jard\u00edn Bot\u00e1nico Wolfredo Wildpret - Aulas y C\u00e1tedras Culturales","og_description":"[vc_row][vc_column][vc_empty_space][\/vc_column][\/vc_row][vc_row][vc_column width=\u00bb1\/3&#8243;][vc_single_image image=\u00bb2100&#8243; img_size=\u00bbfull\u00bb alignment=\u00bbcenter\u00bb][vc_column_text] Directora: Victoria Eugenia Mart\u00edn Osorio vemartin@ull.edu.es [\/vc_column_text][\/vc_column][vc_column width=\u00bb2\/3&#8243;][vc_column_text] C\u00e1tedra Cultural Cient\u00edfica Jard\u00edn Bot\u00e1nico Wolfredo Wildpret...","og_url":"https:\/\/www.ull.es\/portal\/aulasycatedrasculturales\/catedra-cultural-wolfredo-wilpret\/","og_site_name":"Aulas y C\u00e1tedras Culturales","article_modified_time":"2021-04-06T11:01:57+00:00","og_image":[{"width":1600,"height":1600,"url":"https:\/\/www.ull.es\/portal\/aulasycatedrasculturales\/wp-content\/uploads\/sites\/19\/2020\/02\/logo.jpg","type":"image\/jpeg"}],"twitter_card":"summary_large_image","twitter_misc":{"Tiempo de lectura":"1 minuto"},"schema":{"@context":"https:\/\/schema.org","@graph":[{"@type":"WebPage","@id":"https:\/\/www.ull.es\/portal\/aulasycatedrasculturales\/catedra-cultural-wolfredo-wilpret\/","url":"https:\/\/www.ull.es\/portal\/aulasycatedrasculturales\/catedra-cultural-wolfredo-wilpret\/","name":"C\u00e1tedra Cultural Cient\u00edfica Jard\u00edn Bot\u00e1nico Wolfredo Wildpret - Aulas y C\u00e1tedras Culturales","isPartOf":{"@id":"https:\/\/www.ull.es\/portal\/aulasycatedrasculturales\/#website"},"datePublished":"2020-02-28T08:17:38+00:00","dateModified":"2021-04-06T11:01:57+00:00","breadcrumb":{"@id":"https:\/\/www.ull.es\/portal\/aulasycatedrasculturales\/catedra-cultural-wolfredo-wilpret\/#breadcrumb"},"inLanguage":"es","potentialAction":[{"@type":"ReadAction","target":["https:\/\/www.ull.es\/portal\/aulasycatedrasculturales\/catedra-cultural-wolfredo-wilpret\/"]}]},{"@type":"BreadcrumbList","@id":"https:\/\/www.ull.es\/portal\/aulasycatedrasculturales\/catedra-cultural-wolfredo-wilpret\/#breadcrumb","itemListElement":[{"@type":"ListItem","position":1,"name":"Portada","item":"https:\/\/www.ull.es\/portal\/aulasycatedrasculturales\/"},{"@type":"ListItem","position":2,"name":"C\u00e1tedra Cultural Cient\u00edfica Jard\u00edn Bot\u00e1nico Wolfredo Wildpret"}]},{"@type":"WebSite","@id":"https:\/\/www.ull.es\/portal\/aulasycatedrasculturales\/#website","url":"https:\/\/www.ull.es\/portal\/aulasycatedrasculturales\/","name":"Aulas y C\u00e1tedras Culturales","description":"","potentialAction":[{"@type":"SearchAction","target":{"@type":"EntryPoint","urlTemplate":"https:\/\/www.ull.es\/portal\/aulasycatedrasculturales\/?s={search_term_string}"},"query-input":"required name=search_term_string"}],"inLanguage":"es"}]}},"_links":{"self":[{"href":"https:\/\/www.ull.es\/portal\/aulasycatedrasculturales\/wp-json\/wp\/v2\/pages\/2098"}],"collection":[{"href":"https:\/\/www.ull.es\/portal\/aulasycatedrasculturales\/wp-json\/wp\/v2\/pages"}],"about":[{"href":"https:\/\/www.ull.es\/portal\/aulasycatedrasculturales\/wp-json\/wp\/v2\/types\/page"}],"author":[{"embeddable":true,"href":"https:\/\/www.ull.es\/portal\/aulasycatedrasculturales\/wp-json\/wp\/v2\/users\/22"}],"replies":[{"embeddable":true,"href":"https:\/\/www.ull.es\/portal\/aulasycatedrasculturales\/wp-json\/wp\/v2\/comments?post=2098"}],"version-history":[{"count":4,"href":"https:\/\/www.ull.es\/portal\/aulasycatedrasculturales\/wp-json\/wp\/v2\/pages\/2098\/revisions"}],"predecessor-version":[{"id":2176,"href":"https:\/\/www.ull.es\/portal\/aulasycatedrasculturales\/wp-json\/wp\/v2\/pages\/2098\/revisions\/2176"}],"wp:featuredmedia":[{"embeddable":true,"href":"https:\/\/www.ull.es\/portal\/aulasycatedrasculturales\/wp-json\/wp\/v2\/media\/2100"}],"wp:attachment":[{"href":"https:\/\/www.ull.es\/portal\/aulasycatedrasculturales\/wp-json\/wp\/v2\/media?parent=2098"}],"curies":[{"name":"wp","href":"https:\/\/api.w.org\/{rel}","templated":true}]}}