{"id":2107,"date":"2020-08-04T09:21:21","date_gmt":"2020-08-04T09:21:21","guid":{"rendered":"https:\/\/www.ull.es\/portal\/aulasycatedrasculturales\/?page_id=2107"},"modified":"2021-02-22T14:19:13","modified_gmt":"2021-02-22T14:19:13","slug":"derecho-registral-bienvenido-oliver","status":"publish","type":"page","link":"https:\/\/www.ull.es\/portal\/aulasycatedrasculturales\/derecho-registral-bienvenido-oliver\/","title":{"rendered":"C\u00e1tedra Cultural de Derecho Registral Bienvenido Oliver"},"content":{"rendered":"<p>[vc_row][vc_column][vc_empty_space][\/vc_column][\/vc_row][vc_row][vc_column width=\u00bb1\/3&#8243;][vc_single_image image=\u00bb2115&#8243; img_size=\u00bbfull\u00bb][vc_column_text][\/vc_column_text][vc_column_text]<strong>Directora:<\/strong> Mar\u00eda Elena S\u00e1nchez Jord\u00e1n por la Universidad de La Laguna<\/p>\n<p><span style=\"font-weight: 400;\"><strong>Director:<\/strong> Jos\u00e9 Mar\u00eda Sieira Gil por el Colegio de Registradores<\/span><\/p>\n<ul>\n<li><i class=\"fa fa-phone\"><\/i> (+34) 922 31 74 18<\/li>\n<li><i class=\"fa fa-envelope\"><\/i><a href=\"mailto:mejordan@ull.es\" target=\"_blank\" rel=\"noopener noreferrer\" target=\"_blank\" rel=\"noopener\">mejordan@ull.es<\/a><a href=\"mailto:cboliver@ull.es\" target=\"_blank\" rel=\"noopener\">\u00a0<\/a><\/li>\n<li><i class=\"fa fa-external-link\"><\/i> <a href=\"https:\/\/www.ull.es\/catedras\/catedra-derecho-registral-bienvenido-oliver\/\" target=\"_blank\" rel=\"noopener noreferrer\" target=\"_blank\" rel=\"noopener\">P\u00e1gina web<\/a><\/li>\n<\/ul>\n<p>[\/vc_column_text][\/vc_column][vc_column width=\u00bb2\/3&#8243;][vc_column_text]<\/p>\n<h2>C\u00e1tedra Cultural de Derecho Registral<br \/>\nBienvenido Oliver<\/h2>\n<p>[\/vc_column_text][vc_column_text]La C\u00e1tedra cultural \u00abBienvenido Oliver\u00bb tiene su origen en los acuerdos de colaboraci\u00f3n entre el Ilustre Colegio de Registradores de la Propiedad, Mercantiles y de Bienes Muebles y diversas Universidades espa\u00f1olas con el objetivo de promover el estudio de Derecho registral por medio de la organizaci\u00f3n conjunta de actividades de ense\u00f1anza e investigaci\u00f3n.<\/p>\n<p>El objetivo fundamental de esta c\u00e1tedra es profundizar en la docencia, el estudio y la investigaci\u00f3n en el Derecho inmobiliario registral, por una parte, y en el Derecho de sociedades, por otra, complementando de esta manera la ense\u00f1anza reglada que se ofrece en el Grado en Derecho.[\/vc_column_text][\/vc_column][\/vc_row]<\/p>\n","protected":false},"excerpt":{"rendered":"<p>[vc_row][vc_column][vc_empty_space][\/vc_column][\/vc_row][vc_row][vc_column width=\u00bb1\/3&#8243;][vc_single_image image=\u00bb2115&#8243; img_size=\u00bbfull\u00bb][vc_column_text][\/vc_column_text][vc_column_text]Directora: Mar\u00eda Elena S\u00e1nchez Jord\u00e1n por la Universidad de La Laguna Director: Jos\u00e9 Mar\u00eda Sieira Gil por&#8230;<\/p>\n","protected":false},"author":22,"featured_media":1872,"parent":0,"menu_order":0,"comment_status":"closed","ping_status":"closed","template":"","meta":{"inline_featured_image":false,"footnotes":""},"acf":[],"yoast_head":"<!-- This site is optimized with the Yoast SEO plugin v21.3 - https:\/\/yoast.com\/wordpress\/plugins\/seo\/ -->\n<title>C\u00e1tedra Cultural de Derecho Registral Bienvenido Oliver - Aulas y C\u00e1tedras Culturales<\/title>\n<meta name=\"robots\" content=\"index, follow, max-snippet:-1, max-image-preview:large, max-video-preview:-1\" \/>\n<link rel=\"canonical\" href=\"https:\/\/www.ull.es\/portal\/aulasycatedrasculturales\/derecho-registral-bienvenido-oliver\/\" \/>\n<meta property=\"og:locale\" content=\"es_ES\" \/>\n<meta property=\"og:type\" content=\"article\" \/>\n<meta property=\"og:title\" content=\"C\u00e1tedra Cultural de Derecho Registral Bienvenido Oliver - Aulas y C\u00e1tedras Culturales\" \/>\n<meta property=\"og:description\" content=\"[vc_row][vc_column][vc_empty_space][\/vc_column][\/vc_row][vc_row][vc_column width=\u00bb1\/3&#8243;][vc_single_image image=\u00bb2115&#8243; img_size=\u00bbfull\u00bb][vc_column_text][\/vc_column_text][vc_column_text]Directora: Mar\u00eda Elena S\u00e1nchez Jord\u00e1n por la Universidad de La Laguna Director: Jos\u00e9 Mar\u00eda Sieira Gil por...\" \/>\n<meta property=\"og:url\" content=\"https:\/\/www.ull.es\/portal\/aulasycatedrasculturales\/derecho-registral-bienvenido-oliver\/\" \/>\n<meta property=\"og:site_name\" content=\"Aulas y C\u00e1tedras Culturales\" \/>\n<meta property=\"article:modified_time\" content=\"2021-02-22T14:19:13+00:00\" \/>\n<meta property=\"og:image\" content=\"https:\/\/www.ull.es\/portal\/aulasycatedrasculturales\/wp-content\/uploads\/sites\/19\/2018\/06\/ull.jpg\" \/>\n\t<meta property=\"og:image:width\" content=\"360\" \/>\n\t<meta property=\"og:image:height\" content=\"360\" \/>\n\t<meta property=\"og:image:type\" content=\"image\/jpeg\" \/>\n<meta name=\"twitter:card\" content=\"summary_large_image\" \/>\n<meta name=\"twitter:label1\" content=\"Tiempo de lectura\" \/>\n\t<meta name=\"twitter:data1\" content=\"1 minuto\" \/>\n<script type=\"application\/ld+json\" class=\"yoast-schema-graph\">{\"@context\":\"https:\/\/schema.org\",\"@graph\":[{\"@type\":\"WebPage\",\"@id\":\"https:\/\/www.ull.es\/portal\/aulasycatedrasculturales\/derecho-registral-bienvenido-oliver\/\",\"url\":\"https:\/\/www.ull.es\/portal\/aulasycatedrasculturales\/derecho-registral-bienvenido-oliver\/\",\"name\":\"C\u00e1tedra Cultural de Derecho Registral Bienvenido Oliver - Aulas y C\u00e1tedras Culturales\",\"isPartOf\":{\"@id\":\"https:\/\/www.ull.es\/portal\/aulasycatedrasculturales\/#website\"},\"datePublished\":\"2020-08-04T09:21:21+00:00\",\"dateModified\":\"2021-02-22T14:19:13+00:00\",\"breadcrumb\":{\"@id\":\"https:\/\/www.ull.es\/portal\/aulasycatedrasculturales\/derecho-registral-bienvenido-oliver\/#breadcrumb\"},\"inLanguage\":\"es\",\"potentialAction\":[{\"@type\":\"ReadAction\",\"target\":[\"https:\/\/www.ull.es\/portal\/aulasycatedrasculturales\/derecho-registral-bienvenido-oliver\/\"]}]},{\"@type\":\"BreadcrumbList\",\"@id\":\"https:\/\/www.ull.es\/portal\/aulasycatedrasculturales\/derecho-registral-bienvenido-oliver\/#breadcrumb\",\"itemListElement\":[{\"@type\":\"ListItem\",\"position\":1,\"name\":\"Portada\",\"item\":\"https:\/\/www.ull.es\/portal\/aulasycatedrasculturales\/\"},{\"@type\":\"ListItem\",\"position\":2,\"name\":\"C\u00e1tedra Cultural de Derecho Registral Bienvenido Oliver\"}]},{\"@type\":\"WebSite\",\"@id\":\"https:\/\/www.ull.es\/portal\/aulasycatedrasculturales\/#website\",\"url\":\"https:\/\/www.ull.es\/portal\/aulasycatedrasculturales\/\",\"name\":\"Aulas y C\u00e1tedras Culturales\",\"description\":\"\",\"potentialAction\":[{\"@type\":\"SearchAction\",\"target\":{\"@type\":\"EntryPoint\",\"urlTemplate\":\"https:\/\/www.ull.es\/portal\/aulasycatedrasculturales\/?s={search_term_string}\"},\"query-input\":\"required name=search_term_string\"}],\"inLanguage\":\"es\"}]}<\/script>\n<!-- \/ Yoast SEO plugin. -->","yoast_head_json":{"title":"C\u00e1tedra Cultural de Derecho Registral Bienvenido Oliver - Aulas y C\u00e1tedras Culturales","robots":{"index":"index","follow":"follow","max-snippet":"max-snippet:-1","max-image-preview":"max-image-preview:large","max-video-preview":"max-video-preview:-1"},"canonical":"https:\/\/www.ull.es\/portal\/aulasycatedrasculturales\/derecho-registral-bienvenido-oliver\/","og_locale":"es_ES","og_type":"article","og_title":"C\u00e1tedra Cultural de Derecho Registral Bienvenido Oliver - Aulas y C\u00e1tedras Culturales","og_description":"[vc_row][vc_column][vc_empty_space][\/vc_column][\/vc_row][vc_row][vc_column width=\u00bb1\/3&#8243;][vc_single_image image=\u00bb2115&#8243; img_size=\u00bbfull\u00bb][vc_column_text][\/vc_column_text][vc_column_text]Directora: Mar\u00eda Elena S\u00e1nchez Jord\u00e1n por la Universidad de La Laguna Director: Jos\u00e9 Mar\u00eda Sieira Gil por...","og_url":"https:\/\/www.ull.es\/portal\/aulasycatedrasculturales\/derecho-registral-bienvenido-oliver\/","og_site_name":"Aulas y C\u00e1tedras Culturales","article_modified_time":"2021-02-22T14:19:13+00:00","og_image":[{"width":360,"height":360,"url":"https:\/\/www.ull.es\/portal\/aulasycatedrasculturales\/wp-content\/uploads\/sites\/19\/2018\/06\/ull.jpg","type":"image\/jpeg"}],"twitter_card":"summary_large_image","twitter_misc":{"Tiempo de lectura":"1 minuto"},"schema":{"@context":"https:\/\/schema.org","@graph":[{"@type":"WebPage","@id":"https:\/\/www.ull.es\/portal\/aulasycatedrasculturales\/derecho-registral-bienvenido-oliver\/","url":"https:\/\/www.ull.es\/portal\/aulasycatedrasculturales\/derecho-registral-bienvenido-oliver\/","name":"C\u00e1tedra Cultural de Derecho Registral Bienvenido Oliver - Aulas y C\u00e1tedras Culturales","isPartOf":{"@id":"https:\/\/www.ull.es\/portal\/aulasycatedrasculturales\/#website"},"datePublished":"2020-08-04T09:21:21+00:00","dateModified":"2021-02-22T14:19:13+00:00","breadcrumb":{"@id":"https:\/\/www.ull.es\/portal\/aulasycatedrasculturales\/derecho-registral-bienvenido-oliver\/#breadcrumb"},"inLanguage":"es","potentialAction":[{"@type":"ReadAction","target":["https:\/\/www.ull.es\/portal\/aulasycatedrasculturales\/derecho-registral-bienvenido-oliver\/"]}]},{"@type":"BreadcrumbList","@id":"https:\/\/www.ull.es\/portal\/aulasycatedrasculturales\/derecho-registral-bienvenido-oliver\/#breadcrumb","itemListElement":[{"@type":"ListItem","position":1,"name":"Portada","item":"https:\/\/www.ull.es\/portal\/aulasycatedrasculturales\/"},{"@type":"ListItem","position":2,"name":"C\u00e1tedra Cultural de Derecho Registral Bienvenido Oliver"}]},{"@type":"WebSite","@id":"https:\/\/www.ull.es\/portal\/aulasycatedrasculturales\/#website","url":"https:\/\/www.ull.es\/portal\/aulasycatedrasculturales\/","name":"Aulas y C\u00e1tedras Culturales","description":"","potentialAction":[{"@type":"SearchAction","target":{"@type":"EntryPoint","urlTemplate":"https:\/\/www.ull.es\/portal\/aulasycatedrasculturales\/?s={search_term_string}"},"query-input":"required name=search_term_string"}],"inLanguage":"es"}]}},"_links":{"self":[{"href":"https:\/\/www.ull.es\/portal\/aulasycatedrasculturales\/wp-json\/wp\/v2\/pages\/2107"}],"collection":[{"href":"https:\/\/www.ull.es\/portal\/aulasycatedrasculturales\/wp-json\/wp\/v2\/pages"}],"about":[{"href":"https:\/\/www.ull.es\/portal\/aulasycatedrasculturales\/wp-json\/wp\/v2\/types\/page"}],"author":[{"embeddable":true,"href":"https:\/\/www.ull.es\/portal\/aulasycatedrasculturales\/wp-json\/wp\/v2\/users\/22"}],"replies":[{"embeddable":true,"href":"https:\/\/www.ull.es\/portal\/aulasycatedrasculturales\/wp-json\/wp\/v2\/comments?post=2107"}],"version-history":[{"count":13,"href":"https:\/\/www.ull.es\/portal\/aulasycatedrasculturales\/wp-json\/wp\/v2\/pages\/2107\/revisions"}],"predecessor-version":[{"id":2165,"href":"https:\/\/www.ull.es\/portal\/aulasycatedrasculturales\/wp-json\/wp\/v2\/pages\/2107\/revisions\/2165"}],"wp:featuredmedia":[{"embeddable":true,"href":"https:\/\/www.ull.es\/portal\/aulasycatedrasculturales\/wp-json\/wp\/v2\/media\/1872"}],"wp:attachment":[{"href":"https:\/\/www.ull.es\/portal\/aulasycatedrasculturales\/wp-json\/wp\/v2\/media?parent=2107"}],"curies":[{"name":"wp","href":"https:\/\/api.w.org\/{rel}","templated":true}]}}