{"id":2203,"date":"2021-05-18T13:02:36","date_gmt":"2021-05-18T13:02:36","guid":{"rendered":"https:\/\/www.ull.es\/portal\/aulasycatedrasculturales\/?page_id=2203"},"modified":"2021-05-19T13:02:55","modified_gmt":"2021-05-19T13:02:55","slug":"catedra-cultural-de-gestion-y-politicas-culturales-universidad-de-la-laguna-federacion-canaria-de-municipios","status":"publish","type":"page","link":"https:\/\/www.ull.es\/portal\/aulasycatedrasculturales\/catedra-cultural-de-gestion-y-politicas-culturales-universidad-de-la-laguna-federacion-canaria-de-municipios\/","title":{"rendered":"C\u00e1tedra Cultural de Gesti\u00f3n y Pol\u00edticas Culturales Universidad de La Laguna-Federaci\u00f3n Canaria de Municipios"},"content":{"rendered":"<p>[vc_row][vc_column][vc_empty_space][\/vc_column][\/vc_row][vc_row][vc_column width=\u00bb1\/3&#8243;][vc_single_image image=\u00bb2209&#8243; img_size=\u00bbfull\u00bb][vc_column_text]<b>Director:<\/b><span style=\"font-weight: 400;\"> Jos\u00e9 Antonio Ramos Arteaga (Universidad)<\/span><\/p>\n<p><b>Codirector<\/b><span style=\"font-weight: 400;\">: Tom\u00e1s Antonio Afonso Gonz\u00e1lez (Administraci\u00f3n P\u00fablica)<\/span><\/p>\n<p><b>Codirector:<\/b><span style=\"font-weight: 400;\"> Alejandro Mart\u00edn Perera (Consultor\u00eda privada)<\/span><\/p>\n<p>[\/vc_column_text][\/vc_column][vc_column width=\u00bb2\/3&#8243;][vc_column_text]<\/p>\n<h2><strong>C\u00e1tedra Cultural de Gesti\u00f3n y Pol\u00edticas Culturales Universidad de La Laguna-Federaci\u00f3n Canaria de Municipios<br \/>\n<\/strong><\/h2>\n<p>[\/vc_column_text][vc_column_text]<span style=\"font-weight: 400;\">La c\u00e1tedra tiene como finalidad fundamental la promoci\u00f3n, desarrollo y potenciaci\u00f3n del sector de la Cultura en la Comunidad Canaria, en su dimensi\u00f3n social y econ\u00f3mica. Teniendo como raz\u00f3n de ser el movimiento municipalista, que es el mayor proveedor de servicios y actividades culturales dada su proximidad a la ciudadan\u00eda y presupuestos destinados en el conjunto del sistema de la administraci\u00f3n en las islas.<\/span><\/p>\n<p><span style=\"font-weight: 400;\">La <\/span><span style=\"font-weight: 400;\">C\u00e1tedra Cultural de Gesti\u00f3n y Pol\u00edticas Culturales FECAM-ULL, se plantea <\/span><span style=\"font-weight: 400;\">como espacio de confluencia entre la universidad, la administraci\u00f3n p\u00fablica local y la iniciativa privada, donde se pondr\u00e1 en valor el an\u00e1lisis, la investigaci\u00f3n y la elaboraci\u00f3n de conocimiento sobre la realidad del sector en el \u00e1mbito local.<\/span><\/p>\n<p><span style=\"font-weight: 400;\">Gracias al impulso de la Federaci\u00f3n Canaria de Municipios, la c\u00e1tedra viene a sumar, nunca a restar o dividir sus relaciones con todos los operadores culturales existentes en el territorio, incorporando un mayor peso al pensamiento y la investigaci\u00f3n en este \u00e1mbito p\u00fablico del cual ha carecido hasta el momento.<\/span><\/p>\n<p><span style=\"font-weight: 400;\">Entre sus principales objetivos est\u00e1:<\/span><\/p>\n<ul>\n<li style=\"font-weight: 400;\" aria-level=\"1\"><span style=\"font-weight: 400;\">Analizar la gesti\u00f3n de las propias pol\u00edticas culturales a trav\u00e9s de los elementos de planificaci\u00f3n existentes, las estructuras organizativas, modelos de gesti\u00f3n, la funci\u00f3n de los agentes culturales o los ciclos de las pol\u00edticas entre otros aspectos.<\/span><\/li>\n<li style=\"font-weight: 400;\" aria-level=\"1\"><span style=\"font-weight: 400;\">Examinar la implementaci\u00f3n y resultados de las pol\u00edticas culturales desarrollados en el territorio local canario.\u00a0<\/span><\/li>\n<li style=\"font-weight: 400;\" aria-level=\"1\"><span style=\"font-weight: 400;\">Reconocer el \u00e1mbito local como unidad b\u00e1sica de confluencia de lo p\u00fablico con la ciudadan\u00eda,\u00a0<\/span><\/li>\n<li style=\"font-weight: 400;\" aria-level=\"1\"><span style=\"font-weight: 400;\">Proponer y alinear en el ejercicio de las pol\u00edticas culturales y la\u00a0 gesti\u00f3n cultural, criterios de sostenibilidad, los conceptos de desarrollo humano y econ\u00f3mico.<\/span><\/li>\n<li style=\"font-weight: 400;\" aria-level=\"1\"><span style=\"font-weight: 400;\">Desarrollo e innovaci\u00f3n (I+D+i) teniendo como eje vertebrador el \u00e1mbito local.<\/span><\/li>\n<\/ul>\n<p>[\/vc_column_text][vc_single_image image=\u00bb2211&#8243; img_size=\u00bbfull\u00bb][\/vc_column][\/vc_row]<\/p>\n","protected":false},"excerpt":{"rendered":"<p>[vc_row][vc_column][vc_empty_space][\/vc_column][\/vc_row][vc_row][vc_column width=\u00bb1\/3&#8243;][vc_single_image image=\u00bb2209&#8243; img_size=\u00bbfull\u00bb][vc_column_text]Director: Jos\u00e9 Antonio Ramos Arteaga (Universidad) Codirector: Tom\u00e1s Antonio Afonso Gonz\u00e1lez (Administraci\u00f3n P\u00fablica) Codirector: Alejandro Mart\u00edn Perera&#8230;<\/p>\n","protected":false},"author":22,"featured_media":0,"parent":0,"menu_order":0,"comment_status":"closed","ping_status":"closed","template":"","meta":{"inline_featured_image":false,"footnotes":""},"acf":[],"yoast_head":"<!-- This site is optimized with the Yoast SEO plugin v21.3 - https:\/\/yoast.com\/wordpress\/plugins\/seo\/ -->\n<title>C\u00e1tedra Cultural de Gesti\u00f3n y Pol\u00edticas Culturales Universidad de La Laguna-Federaci\u00f3n Canaria de Municipios - Aulas y C\u00e1tedras Culturales<\/title>\n<meta name=\"robots\" content=\"index, follow, max-snippet:-1, max-image-preview:large, max-video-preview:-1\" \/>\n<link rel=\"canonical\" href=\"https:\/\/www.ull.es\/portal\/aulasycatedrasculturales\/catedra-cultural-de-gestion-y-politicas-culturales-universidad-de-la-laguna-federacion-canaria-de-municipios\/\" \/>\n<meta property=\"og:locale\" content=\"es_ES\" \/>\n<meta property=\"og:type\" content=\"article\" \/>\n<meta property=\"og:title\" content=\"C\u00e1tedra Cultural de Gesti\u00f3n y Pol\u00edticas Culturales Universidad de La Laguna-Federaci\u00f3n Canaria de Municipios - Aulas y C\u00e1tedras Culturales\" \/>\n<meta property=\"og:description\" content=\"[vc_row][vc_column][vc_empty_space][\/vc_column][\/vc_row][vc_row][vc_column width=\u00bb1\/3&#8243;][vc_single_image image=\u00bb2209&#8243; img_size=\u00bbfull\u00bb][vc_column_text]Director: Jos\u00e9 Antonio Ramos Arteaga (Universidad) Codirector: Tom\u00e1s Antonio Afonso Gonz\u00e1lez (Administraci\u00f3n P\u00fablica) Codirector: Alejandro Mart\u00edn Perera...\" \/>\n<meta property=\"og:url\" content=\"https:\/\/www.ull.es\/portal\/aulasycatedrasculturales\/catedra-cultural-de-gestion-y-politicas-culturales-universidad-de-la-laguna-federacion-canaria-de-municipios\/\" \/>\n<meta property=\"og:site_name\" content=\"Aulas y C\u00e1tedras Culturales\" \/>\n<meta property=\"article:modified_time\" content=\"2021-05-19T13:02:55+00:00\" \/>\n<meta name=\"twitter:card\" content=\"summary_large_image\" \/>\n<meta name=\"twitter:label1\" content=\"Tiempo de lectura\" \/>\n\t<meta name=\"twitter:data1\" content=\"2 minutos\" \/>\n<script type=\"application\/ld+json\" class=\"yoast-schema-graph\">{\"@context\":\"https:\/\/schema.org\",\"@graph\":[{\"@type\":\"WebPage\",\"@id\":\"https:\/\/www.ull.es\/portal\/aulasycatedrasculturales\/catedra-cultural-de-gestion-y-politicas-culturales-universidad-de-la-laguna-federacion-canaria-de-municipios\/\",\"url\":\"https:\/\/www.ull.es\/portal\/aulasycatedrasculturales\/catedra-cultural-de-gestion-y-politicas-culturales-universidad-de-la-laguna-federacion-canaria-de-municipios\/\",\"name\":\"C\u00e1tedra Cultural de Gesti\u00f3n y Pol\u00edticas Culturales Universidad de La Laguna-Federaci\u00f3n Canaria de Municipios - Aulas y C\u00e1tedras Culturales\",\"isPartOf\":{\"@id\":\"https:\/\/www.ull.es\/portal\/aulasycatedrasculturales\/#website\"},\"datePublished\":\"2021-05-18T13:02:36+00:00\",\"dateModified\":\"2021-05-19T13:02:55+00:00\",\"breadcrumb\":{\"@id\":\"https:\/\/www.ull.es\/portal\/aulasycatedrasculturales\/catedra-cultural-de-gestion-y-politicas-culturales-universidad-de-la-laguna-federacion-canaria-de-municipios\/#breadcrumb\"},\"inLanguage\":\"es\",\"potentialAction\":[{\"@type\":\"ReadAction\",\"target\":[\"https:\/\/www.ull.es\/portal\/aulasycatedrasculturales\/catedra-cultural-de-gestion-y-politicas-culturales-universidad-de-la-laguna-federacion-canaria-de-municipios\/\"]}]},{\"@type\":\"BreadcrumbList\",\"@id\":\"https:\/\/www.ull.es\/portal\/aulasycatedrasculturales\/catedra-cultural-de-gestion-y-politicas-culturales-universidad-de-la-laguna-federacion-canaria-de-municipios\/#breadcrumb\",\"itemListElement\":[{\"@type\":\"ListItem\",\"position\":1,\"name\":\"Portada\",\"item\":\"https:\/\/www.ull.es\/portal\/aulasycatedrasculturales\/\"},{\"@type\":\"ListItem\",\"position\":2,\"name\":\"C\u00e1tedra Cultural de Gesti\u00f3n y Pol\u00edticas Culturales Universidad de La Laguna-Federaci\u00f3n Canaria de Municipios\"}]},{\"@type\":\"WebSite\",\"@id\":\"https:\/\/www.ull.es\/portal\/aulasycatedrasculturales\/#website\",\"url\":\"https:\/\/www.ull.es\/portal\/aulasycatedrasculturales\/\",\"name\":\"Aulas y C\u00e1tedras Culturales\",\"description\":\"\",\"potentialAction\":[{\"@type\":\"SearchAction\",\"target\":{\"@type\":\"EntryPoint\",\"urlTemplate\":\"https:\/\/www.ull.es\/portal\/aulasycatedrasculturales\/?s={search_term_string}\"},\"query-input\":\"required name=search_term_string\"}],\"inLanguage\":\"es\"}]}<\/script>\n<!-- \/ Yoast SEO plugin. -->","yoast_head_json":{"title":"C\u00e1tedra Cultural de Gesti\u00f3n y Pol\u00edticas Culturales Universidad de La Laguna-Federaci\u00f3n Canaria de Municipios - Aulas y C\u00e1tedras Culturales","robots":{"index":"index","follow":"follow","max-snippet":"max-snippet:-1","max-image-preview":"max-image-preview:large","max-video-preview":"max-video-preview:-1"},"canonical":"https:\/\/www.ull.es\/portal\/aulasycatedrasculturales\/catedra-cultural-de-gestion-y-politicas-culturales-universidad-de-la-laguna-federacion-canaria-de-municipios\/","og_locale":"es_ES","og_type":"article","og_title":"C\u00e1tedra Cultural de Gesti\u00f3n y Pol\u00edticas Culturales Universidad de La Laguna-Federaci\u00f3n Canaria de Municipios - Aulas y C\u00e1tedras Culturales","og_description":"[vc_row][vc_column][vc_empty_space][\/vc_column][\/vc_row][vc_row][vc_column width=\u00bb1\/3&#8243;][vc_single_image image=\u00bb2209&#8243; img_size=\u00bbfull\u00bb][vc_column_text]Director: Jos\u00e9 Antonio Ramos Arteaga (Universidad) Codirector: Tom\u00e1s Antonio Afonso Gonz\u00e1lez (Administraci\u00f3n P\u00fablica) Codirector: Alejandro Mart\u00edn Perera...","og_url":"https:\/\/www.ull.es\/portal\/aulasycatedrasculturales\/catedra-cultural-de-gestion-y-politicas-culturales-universidad-de-la-laguna-federacion-canaria-de-municipios\/","og_site_name":"Aulas y C\u00e1tedras Culturales","article_modified_time":"2021-05-19T13:02:55+00:00","twitter_card":"summary_large_image","twitter_misc":{"Tiempo de lectura":"2 minutos"},"schema":{"@context":"https:\/\/schema.org","@graph":[{"@type":"WebPage","@id":"https:\/\/www.ull.es\/portal\/aulasycatedrasculturales\/catedra-cultural-de-gestion-y-politicas-culturales-universidad-de-la-laguna-federacion-canaria-de-municipios\/","url":"https:\/\/www.ull.es\/portal\/aulasycatedrasculturales\/catedra-cultural-de-gestion-y-politicas-culturales-universidad-de-la-laguna-federacion-canaria-de-municipios\/","name":"C\u00e1tedra Cultural de Gesti\u00f3n y Pol\u00edticas Culturales Universidad de La Laguna-Federaci\u00f3n Canaria de Municipios - Aulas y C\u00e1tedras Culturales","isPartOf":{"@id":"https:\/\/www.ull.es\/portal\/aulasycatedrasculturales\/#website"},"datePublished":"2021-05-18T13:02:36+00:00","dateModified":"2021-05-19T13:02:55+00:00","breadcrumb":{"@id":"https:\/\/www.ull.es\/portal\/aulasycatedrasculturales\/catedra-cultural-de-gestion-y-politicas-culturales-universidad-de-la-laguna-federacion-canaria-de-municipios\/#breadcrumb"},"inLanguage":"es","potentialAction":[{"@type":"ReadAction","target":["https:\/\/www.ull.es\/portal\/aulasycatedrasculturales\/catedra-cultural-de-gestion-y-politicas-culturales-universidad-de-la-laguna-federacion-canaria-de-municipios\/"]}]},{"@type":"BreadcrumbList","@id":"https:\/\/www.ull.es\/portal\/aulasycatedrasculturales\/catedra-cultural-de-gestion-y-politicas-culturales-universidad-de-la-laguna-federacion-canaria-de-municipios\/#breadcrumb","itemListElement":[{"@type":"ListItem","position":1,"name":"Portada","item":"https:\/\/www.ull.es\/portal\/aulasycatedrasculturales\/"},{"@type":"ListItem","position":2,"name":"C\u00e1tedra Cultural de Gesti\u00f3n y Pol\u00edticas Culturales Universidad de La Laguna-Federaci\u00f3n Canaria de Municipios"}]},{"@type":"WebSite","@id":"https:\/\/www.ull.es\/portal\/aulasycatedrasculturales\/#website","url":"https:\/\/www.ull.es\/portal\/aulasycatedrasculturales\/","name":"Aulas y C\u00e1tedras Culturales","description":"","potentialAction":[{"@type":"SearchAction","target":{"@type":"EntryPoint","urlTemplate":"https:\/\/www.ull.es\/portal\/aulasycatedrasculturales\/?s={search_term_string}"},"query-input":"required name=search_term_string"}],"inLanguage":"es"}]}},"_links":{"self":[{"href":"https:\/\/www.ull.es\/portal\/aulasycatedrasculturales\/wp-json\/wp\/v2\/pages\/2203"}],"collection":[{"href":"https:\/\/www.ull.es\/portal\/aulasycatedrasculturales\/wp-json\/wp\/v2\/pages"}],"about":[{"href":"https:\/\/www.ull.es\/portal\/aulasycatedrasculturales\/wp-json\/wp\/v2\/types\/page"}],"author":[{"embeddable":true,"href":"https:\/\/www.ull.es\/portal\/aulasycatedrasculturales\/wp-json\/wp\/v2\/users\/22"}],"replies":[{"embeddable":true,"href":"https:\/\/www.ull.es\/portal\/aulasycatedrasculturales\/wp-json\/wp\/v2\/comments?post=2203"}],"version-history":[{"count":5,"href":"https:\/\/www.ull.es\/portal\/aulasycatedrasculturales\/wp-json\/wp\/v2\/pages\/2203\/revisions"}],"predecessor-version":[{"id":2212,"href":"https:\/\/www.ull.es\/portal\/aulasycatedrasculturales\/wp-json\/wp\/v2\/pages\/2203\/revisions\/2212"}],"wp:attachment":[{"href":"https:\/\/www.ull.es\/portal\/aulasycatedrasculturales\/wp-json\/wp\/v2\/media?parent=2203"}],"curies":[{"name":"wp","href":"https:\/\/api.w.org\/{rel}","templated":true}]}}