{"id":2233,"date":"2021-12-20T13:27:02","date_gmt":"2021-12-20T13:27:02","guid":{"rendered":"https:\/\/www.ull.es\/portal\/aulasycatedrasculturales\/?page_id=2233"},"modified":"2025-01-13T11:46:04","modified_gmt":"2025-01-13T11:46:04","slug":"aula-cultural-de-musica-coral-manuel-borguno","status":"publish","type":"page","link":"https:\/\/www.ull.es\/portal\/aulasycatedrasculturales\/aula-cultural-de-musica-coral-manuel-borguno\/","title":{"rendered":"Aula Cultural de M\u00fasica Coral \u00abManuel Borgu\u00f1\u00f3\u00bb"},"content":{"rendered":"<p>[vc_row][vc_column][vc_empty_space][\/vc_column][\/vc_row][vc_row][vc_column width=\u00bb1\/3&#8243;][vc_single_image image=\u00bb2234&#8243; img_size=\u00bbfull\u00bb][vc_column_text]<strong>Directora: <\/strong>Pilar Gil Fr\u00edas<\/p>\n<p><strong>Secretario: <\/strong>Roberto Souco<\/p>\n<ul>\n<li><a href=\"mailto:pgilfria@ull.es\" target=\"_blank\" rel=\"noopener\">pgilfria@ull.es<\/a><\/li>\n<li>(+34) 922 31 96 52<\/li>\n<\/ul>\n<p>[\/vc_column_text][\/vc_column][vc_column width=\u00bb2\/3&#8243;][vc_column_text]<\/p>\n<h2><strong>Aula Cultural de M\u00fasica Coral \u00abManuel Borgu\u00f1\u00f3\u00bb<\/strong><\/h2>\n<p>[\/vc_column_text][vc_column_text]En la Facultad de Educaci\u00f3n se forman los maestros y maestras especialistas en educaci\u00f3n musical. En los \u00faltimos a\u00f1os si bien se advierte un cierto incremento en el inter\u00e9s y desarrollo de coros escolares, tambi\u00e9n hemos constatado una visible (y audible) pauperizaci\u00f3n de esta actividad coral, agravada ahora por la COVID. Am\u00e9n de una sensible demanda para poder gestionar adecuadamente, tanto en lo referente a la importancia y el espacio que el coro debe ocupar en el horario escolar, como a la necesidad de una formaci\u00f3n m\u00e1s profunda, que ahonde en el rigor con el que ya se aborda la formaci\u00f3n universitaria de los futuros profesores, haciendo \u00e9sta m\u00e1s rica y diversa para aquellas personas que dentro de los colegios quieran llevar a cabo esta actividad.<\/p>\n<p>El aula permite formar mejor a ese alumnado que tendr\u00eda en este espacio un lugar para mejorar su instrucci\u00f3n como coralistas y futuros dinamizadores de un coro escolar. Hay que destacar que en la Universidad de La Laguna hay una larga tradici\u00f3n coral como demuestra la existencia de excelentes agrupaciones corales. Sin embargo, los coros est\u00e1n sufriendo la carencia de nuevas voces que se incorporen y contin\u00faen esa tradici\u00f3n. El aula se dotar\u00e1 de un coro formativo que servir\u00e1 de preparaci\u00f3n y cantera para apuntalar el futuro de nuestros coros. El canto coral cubre una necesidad educativa ya que desarrolla la memoria y canaliza emociones. Mediante la pr\u00e1ctica de la actividad m\u00fasica coral, que es altamente transversal, ya que recorre pr\u00e1cticamente todo el curr\u00edculo, y sostenible, ya que contamos con el instrumento que nos viene de serie, nuestro cuerpo y nuestra voz, se aprende a dominar la respiraci\u00f3n con indudables beneficios f\u00edsicos y ps\u00edquicos. Adem\u00e1s cubre una necesidad l\u00fadica y cultural que permite la diversi\u00f3n y el acceso a una importante acervo cultural.[\/vc_column_text][\/vc_column][\/vc_row]<\/p>\n","protected":false},"excerpt":{"rendered":"<p>[vc_row][vc_column][vc_empty_space][\/vc_column][\/vc_row][vc_row][vc_column width=\u00bb1\/3&#8243;][vc_single_image image=\u00bb2234&#8243; img_size=\u00bbfull\u00bb][vc_column_text]Directora: Pilar Gil Fr\u00edas Secretario: Roberto Souco pgilfria@ull.es (+34) 922 31 96 52 [\/vc_column_text][\/vc_column][vc_column width=\u00bb2\/3&#8243;][vc_column_text] Aula Cultural&#8230;<\/p>\n","protected":false},"author":65,"featured_media":0,"parent":0,"menu_order":0,"comment_status":"closed","ping_status":"closed","template":"","meta":{"inline_featured_image":false,"footnotes":""},"acf":[],"yoast_head":"<!-- This site is optimized with the Yoast SEO plugin v21.3 - https:\/\/yoast.com\/wordpress\/plugins\/seo\/ -->\n<title>Aula Cultural de M\u00fasica Coral &quot;Manuel Borgu\u00f1\u00f3&quot; - Aulas y C\u00e1tedras Culturales<\/title>\n<meta name=\"robots\" content=\"index, follow, max-snippet:-1, max-image-preview:large, max-video-preview:-1\" \/>\n<link rel=\"canonical\" href=\"https:\/\/www.ull.es\/portal\/aulasycatedrasculturales\/aula-cultural-de-musica-coral-manuel-borguno\/\" \/>\n<meta property=\"og:locale\" content=\"es_ES\" \/>\n<meta property=\"og:type\" content=\"article\" \/>\n<meta property=\"og:title\" content=\"Aula Cultural de M\u00fasica Coral &quot;Manuel Borgu\u00f1\u00f3&quot; - Aulas y C\u00e1tedras Culturales\" \/>\n<meta property=\"og:description\" content=\"[vc_row][vc_column][vc_empty_space][\/vc_column][\/vc_row][vc_row][vc_column width=\u00bb1\/3&#8243;][vc_single_image image=\u00bb2234&#8243; img_size=\u00bbfull\u00bb][vc_column_text]Directora: Pilar Gil Fr\u00edas Secretario: Roberto Souco pgilfria@ull.es (+34) 922 31 96 52 [\/vc_column_text][\/vc_column][vc_column width=\u00bb2\/3&#8243;][vc_column_text] Aula Cultural...\" \/>\n<meta property=\"og:url\" content=\"https:\/\/www.ull.es\/portal\/aulasycatedrasculturales\/aula-cultural-de-musica-coral-manuel-borguno\/\" \/>\n<meta property=\"og:site_name\" content=\"Aulas y C\u00e1tedras Culturales\" \/>\n<meta property=\"article:modified_time\" content=\"2025-01-13T11:46:04+00:00\" \/>\n<meta name=\"twitter:card\" content=\"summary_large_image\" \/>\n<meta name=\"twitter:label1\" content=\"Tiempo de lectura\" \/>\n\t<meta name=\"twitter:data1\" content=\"2 minutos\" \/>\n<script type=\"application\/ld+json\" class=\"yoast-schema-graph\">{\"@context\":\"https:\/\/schema.org\",\"@graph\":[{\"@type\":\"WebPage\",\"@id\":\"https:\/\/www.ull.es\/portal\/aulasycatedrasculturales\/aula-cultural-de-musica-coral-manuel-borguno\/\",\"url\":\"https:\/\/www.ull.es\/portal\/aulasycatedrasculturales\/aula-cultural-de-musica-coral-manuel-borguno\/\",\"name\":\"Aula Cultural de M\u00fasica Coral \\\"Manuel Borgu\u00f1\u00f3\\\" - Aulas y C\u00e1tedras Culturales\",\"isPartOf\":{\"@id\":\"https:\/\/www.ull.es\/portal\/aulasycatedrasculturales\/#website\"},\"datePublished\":\"2021-12-20T13:27:02+00:00\",\"dateModified\":\"2025-01-13T11:46:04+00:00\",\"breadcrumb\":{\"@id\":\"https:\/\/www.ull.es\/portal\/aulasycatedrasculturales\/aula-cultural-de-musica-coral-manuel-borguno\/#breadcrumb\"},\"inLanguage\":\"es\",\"potentialAction\":[{\"@type\":\"ReadAction\",\"target\":[\"https:\/\/www.ull.es\/portal\/aulasycatedrasculturales\/aula-cultural-de-musica-coral-manuel-borguno\/\"]}]},{\"@type\":\"BreadcrumbList\",\"@id\":\"https:\/\/www.ull.es\/portal\/aulasycatedrasculturales\/aula-cultural-de-musica-coral-manuel-borguno\/#breadcrumb\",\"itemListElement\":[{\"@type\":\"ListItem\",\"position\":1,\"name\":\"Portada\",\"item\":\"https:\/\/www.ull.es\/portal\/aulasycatedrasculturales\/\"},{\"@type\":\"ListItem\",\"position\":2,\"name\":\"Aula Cultural de M\u00fasica Coral \u00abManuel Borgu\u00f1\u00f3\u00bb\"}]},{\"@type\":\"WebSite\",\"@id\":\"https:\/\/www.ull.es\/portal\/aulasycatedrasculturales\/#website\",\"url\":\"https:\/\/www.ull.es\/portal\/aulasycatedrasculturales\/\",\"name\":\"Aulas y C\u00e1tedras Culturales\",\"description\":\"\",\"potentialAction\":[{\"@type\":\"SearchAction\",\"target\":{\"@type\":\"EntryPoint\",\"urlTemplate\":\"https:\/\/www.ull.es\/portal\/aulasycatedrasculturales\/?s={search_term_string}\"},\"query-input\":\"required name=search_term_string\"}],\"inLanguage\":\"es\"}]}<\/script>\n<!-- \/ Yoast SEO plugin. -->","yoast_head_json":{"title":"Aula Cultural de M\u00fasica Coral \"Manuel Borgu\u00f1\u00f3\" - Aulas y C\u00e1tedras Culturales","robots":{"index":"index","follow":"follow","max-snippet":"max-snippet:-1","max-image-preview":"max-image-preview:large","max-video-preview":"max-video-preview:-1"},"canonical":"https:\/\/www.ull.es\/portal\/aulasycatedrasculturales\/aula-cultural-de-musica-coral-manuel-borguno\/","og_locale":"es_ES","og_type":"article","og_title":"Aula Cultural de M\u00fasica Coral \"Manuel Borgu\u00f1\u00f3\" - Aulas y C\u00e1tedras Culturales","og_description":"[vc_row][vc_column][vc_empty_space][\/vc_column][\/vc_row][vc_row][vc_column width=\u00bb1\/3&#8243;][vc_single_image image=\u00bb2234&#8243; img_size=\u00bbfull\u00bb][vc_column_text]Directora: Pilar Gil Fr\u00edas Secretario: Roberto Souco pgilfria@ull.es (+34) 922 31 96 52 [\/vc_column_text][\/vc_column][vc_column width=\u00bb2\/3&#8243;][vc_column_text] Aula Cultural...","og_url":"https:\/\/www.ull.es\/portal\/aulasycatedrasculturales\/aula-cultural-de-musica-coral-manuel-borguno\/","og_site_name":"Aulas y C\u00e1tedras Culturales","article_modified_time":"2025-01-13T11:46:04+00:00","twitter_card":"summary_large_image","twitter_misc":{"Tiempo de lectura":"2 minutos"},"schema":{"@context":"https:\/\/schema.org","@graph":[{"@type":"WebPage","@id":"https:\/\/www.ull.es\/portal\/aulasycatedrasculturales\/aula-cultural-de-musica-coral-manuel-borguno\/","url":"https:\/\/www.ull.es\/portal\/aulasycatedrasculturales\/aula-cultural-de-musica-coral-manuel-borguno\/","name":"Aula Cultural de M\u00fasica Coral \"Manuel Borgu\u00f1\u00f3\" - Aulas y C\u00e1tedras Culturales","isPartOf":{"@id":"https:\/\/www.ull.es\/portal\/aulasycatedrasculturales\/#website"},"datePublished":"2021-12-20T13:27:02+00:00","dateModified":"2025-01-13T11:46:04+00:00","breadcrumb":{"@id":"https:\/\/www.ull.es\/portal\/aulasycatedrasculturales\/aula-cultural-de-musica-coral-manuel-borguno\/#breadcrumb"},"inLanguage":"es","potentialAction":[{"@type":"ReadAction","target":["https:\/\/www.ull.es\/portal\/aulasycatedrasculturales\/aula-cultural-de-musica-coral-manuel-borguno\/"]}]},{"@type":"BreadcrumbList","@id":"https:\/\/www.ull.es\/portal\/aulasycatedrasculturales\/aula-cultural-de-musica-coral-manuel-borguno\/#breadcrumb","itemListElement":[{"@type":"ListItem","position":1,"name":"Portada","item":"https:\/\/www.ull.es\/portal\/aulasycatedrasculturales\/"},{"@type":"ListItem","position":2,"name":"Aula Cultural de M\u00fasica Coral \u00abManuel Borgu\u00f1\u00f3\u00bb"}]},{"@type":"WebSite","@id":"https:\/\/www.ull.es\/portal\/aulasycatedrasculturales\/#website","url":"https:\/\/www.ull.es\/portal\/aulasycatedrasculturales\/","name":"Aulas y C\u00e1tedras Culturales","description":"","potentialAction":[{"@type":"SearchAction","target":{"@type":"EntryPoint","urlTemplate":"https:\/\/www.ull.es\/portal\/aulasycatedrasculturales\/?s={search_term_string}"},"query-input":"required name=search_term_string"}],"inLanguage":"es"}]}},"_links":{"self":[{"href":"https:\/\/www.ull.es\/portal\/aulasycatedrasculturales\/wp-json\/wp\/v2\/pages\/2233"}],"collection":[{"href":"https:\/\/www.ull.es\/portal\/aulasycatedrasculturales\/wp-json\/wp\/v2\/pages"}],"about":[{"href":"https:\/\/www.ull.es\/portal\/aulasycatedrasculturales\/wp-json\/wp\/v2\/types\/page"}],"author":[{"embeddable":true,"href":"https:\/\/www.ull.es\/portal\/aulasycatedrasculturales\/wp-json\/wp\/v2\/users\/65"}],"replies":[{"embeddable":true,"href":"https:\/\/www.ull.es\/portal\/aulasycatedrasculturales\/wp-json\/wp\/v2\/comments?post=2233"}],"version-history":[{"count":5,"href":"https:\/\/www.ull.es\/portal\/aulasycatedrasculturales\/wp-json\/wp\/v2\/pages\/2233\/revisions"}],"predecessor-version":[{"id":2357,"href":"https:\/\/www.ull.es\/portal\/aulasycatedrasculturales\/wp-json\/wp\/v2\/pages\/2233\/revisions\/2357"}],"wp:attachment":[{"href":"https:\/\/www.ull.es\/portal\/aulasycatedrasculturales\/wp-json\/wp\/v2\/media?parent=2233"}],"curies":[{"name":"wp","href":"https:\/\/api.w.org\/{rel}","templated":true}]}}