{"id":2270,"date":"2023-02-10T09:21:39","date_gmt":"2023-02-10T09:21:39","guid":{"rendered":"https:\/\/www.ull.es\/portal\/aulasycatedrasculturales\/?page_id=2270"},"modified":"2024-04-03T12:35:58","modified_gmt":"2024-04-03T12:35:58","slug":"catedra-cultural-estudios-autonomicos-constitucionales","status":"publish","type":"page","link":"https:\/\/www.ull.es\/portal\/aulasycatedrasculturales\/catedra-cultural-estudios-autonomicos-constitucionales\/","title":{"rendered":"C\u00e1tedra Cultural de Estudios Auton\u00f3micos y Constitucionales"},"content":{"rendered":"<p>[vc_row][vc_column][vc_empty_space][\/vc_column][\/vc_row][vc_row][vc_column width=\u00bb1\/3&#8243;][vc_single_image image=\u00bb2272&#8243; img_size=\u00bb350 x 350&#8243;][vc_column_text]<strong>Director:<\/strong> Antonio Marcelo Dom\u00ednguez Vila<\/p>\n<p><strong>Secretario:<\/strong> Daniel L\u00f3pez Rubio<\/p>\n<ul>\n<li><a href=\"mailto:catedragtrujillo@ull.edu.es\" target=\"_blank\" rel=\"noopener\">catedragtrujillo@ull.edu.es<\/a><\/li>\n<li>922317413<\/li>\n<\/ul>\n<p>[\/vc_column_text][\/vc_column][vc_column width=\u00bb2\/3&#8243;][vc_column_text]<\/p>\n<h2>C\u00e1tedra Cultural de Estudios Auton\u00f3micos y Constitucionales Gumersindo Trujillo<\/h2>\n<p>[\/vc_column_text][vc_column_text]<\/p>\n<p style=\"text-align: justify;\">La C\u00e1tedra Cultural de Estudios Auton\u00f3micos y Constitucionales Gumersindo Trujillo se crea en el a\u00f1o 2022 y tiene entre sus objetivos impulsar la realizaci\u00f3n de programas y actos de investigaci\u00f3n y difusi\u00f3n de conocimiento en las materias propias del Derecho Constitucional, y muy especialmente del Derecho auton\u00f3mico canario. En esencia, pretende servir<br \/>\ncomo base institucional que agilice la convocatoria de seminarios, congresos, reuniones cient\u00edficas y otras actividades investigadoras y formativas y que canalice la difusi\u00f3n y transferencia de conocimientos, para continuar as\u00ed con la ingente labor docente e investigadora realizada por el profesor Gumersindo Trujillo en el \u00c1rea de Derecho Constitucional de la Universidad de La Laguna. Igualmente, la C\u00e1tedra trata de fomentar el estudio, la investigaci\u00f3n y el debate sobre la obra del excelso jurista canario Gumersindo Trujillo. La C\u00e1tedra cuenta con el patrocinio del Parlamento de Canarias, el Gobierno de Canarias y el Consejo Consultivo de Canarias, y est\u00e1 dirigida por el Doctor Don Antonio Dom\u00ednguez Vila, Profesor Titular de Derecho Constitucional de la Universidad de La Laguna, siendo su secretario el Doctor Don Daniel L\u00f3pez Rubio, profesor Contratado Doctor de Derecho Constitucional de la Universidad de La Laguna.<\/p>\n<p>[\/vc_column_text][\/vc_column][\/vc_row]<\/p>\n","protected":false},"excerpt":{"rendered":"<p>[vc_row][vc_column][vc_empty_space][\/vc_column][\/vc_row][vc_row][vc_column width=\u00bb1\/3&#8243;][vc_single_image image=\u00bb2272&#8243; img_size=\u00bb350 x 350&#8243;][vc_column_text]Director: Antonio Marcelo Dom\u00ednguez Vila Secretario: Daniel L\u00f3pez Rubio catedragtrujillo@ull.edu.es 922317413 [\/vc_column_text][\/vc_column][vc_column width=\u00bb2\/3&#8243;][vc_column_text] C\u00e1tedra Cultural&#8230;<\/p>\n","protected":false},"author":97,"featured_media":1972,"parent":0,"menu_order":0,"comment_status":"closed","ping_status":"closed","template":"","meta":{"inline_featured_image":false,"footnotes":""},"acf":[],"yoast_head":"<!-- This site is optimized with the Yoast SEO plugin v21.3 - https:\/\/yoast.com\/wordpress\/plugins\/seo\/ -->\n<title>C\u00e1tedra Cultural de Estudios Auton\u00f3micos y Constitucionales - Aulas y C\u00e1tedras Culturales<\/title>\n<meta name=\"robots\" content=\"index, follow, max-snippet:-1, max-image-preview:large, max-video-preview:-1\" \/>\n<link rel=\"canonical\" href=\"https:\/\/www.ull.es\/portal\/aulasycatedrasculturales\/catedra-cultural-estudios-autonomicos-constitucionales\/\" \/>\n<meta property=\"og:locale\" content=\"es_ES\" \/>\n<meta property=\"og:type\" content=\"article\" \/>\n<meta property=\"og:title\" content=\"C\u00e1tedra Cultural de Estudios Auton\u00f3micos y Constitucionales - Aulas y C\u00e1tedras Culturales\" \/>\n<meta property=\"og:description\" content=\"[vc_row][vc_column][vc_empty_space][\/vc_column][\/vc_row][vc_row][vc_column width=\u00bb1\/3&#8243;][vc_single_image image=\u00bb2272&#8243; img_size=\u00bb350 x 350&#8243;][vc_column_text]Director: Antonio Marcelo Dom\u00ednguez Vila Secretario: Daniel L\u00f3pez Rubio catedragtrujillo@ull.edu.es 922317413 [\/vc_column_text][\/vc_column][vc_column width=\u00bb2\/3&#8243;][vc_column_text] C\u00e1tedra Cultural...\" \/>\n<meta property=\"og:url\" content=\"https:\/\/www.ull.es\/portal\/aulasycatedrasculturales\/catedra-cultural-estudios-autonomicos-constitucionales\/\" \/>\n<meta property=\"og:site_name\" content=\"Aulas y C\u00e1tedras Culturales\" \/>\n<meta property=\"article:modified_time\" content=\"2024-04-03T12:35:58+00:00\" \/>\n<meta property=\"og:image\" content=\"https:\/\/www.ull.es\/portal\/aulasycatedrasculturales\/wp-content\/uploads\/sites\/19\/2018\/12\/c\u00e1tedra-estudios-bereberes.jpg\" \/>\n\t<meta property=\"og:image:width\" content=\"360\" \/>\n\t<meta property=\"og:image:height\" content=\"360\" \/>\n\t<meta property=\"og:image:type\" content=\"image\/jpeg\" \/>\n<meta name=\"twitter:card\" content=\"summary_large_image\" \/>\n<meta name=\"twitter:label1\" content=\"Tiempo de lectura\" \/>\n\t<meta name=\"twitter:data1\" content=\"1 minuto\" \/>\n<script type=\"application\/ld+json\" class=\"yoast-schema-graph\">{\"@context\":\"https:\/\/schema.org\",\"@graph\":[{\"@type\":\"WebPage\",\"@id\":\"https:\/\/www.ull.es\/portal\/aulasycatedrasculturales\/catedra-cultural-estudios-autonomicos-constitucionales\/\",\"url\":\"https:\/\/www.ull.es\/portal\/aulasycatedrasculturales\/catedra-cultural-estudios-autonomicos-constitucionales\/\",\"name\":\"C\u00e1tedra Cultural de Estudios Auton\u00f3micos y Constitucionales - Aulas y C\u00e1tedras Culturales\",\"isPartOf\":{\"@id\":\"https:\/\/www.ull.es\/portal\/aulasycatedrasculturales\/#website\"},\"datePublished\":\"2023-02-10T09:21:39+00:00\",\"dateModified\":\"2024-04-03T12:35:58+00:00\",\"breadcrumb\":{\"@id\":\"https:\/\/www.ull.es\/portal\/aulasycatedrasculturales\/catedra-cultural-estudios-autonomicos-constitucionales\/#breadcrumb\"},\"inLanguage\":\"es\",\"potentialAction\":[{\"@type\":\"ReadAction\",\"target\":[\"https:\/\/www.ull.es\/portal\/aulasycatedrasculturales\/catedra-cultural-estudios-autonomicos-constitucionales\/\"]}]},{\"@type\":\"BreadcrumbList\",\"@id\":\"https:\/\/www.ull.es\/portal\/aulasycatedrasculturales\/catedra-cultural-estudios-autonomicos-constitucionales\/#breadcrumb\",\"itemListElement\":[{\"@type\":\"ListItem\",\"position\":1,\"name\":\"Portada\",\"item\":\"https:\/\/www.ull.es\/portal\/aulasycatedrasculturales\/\"},{\"@type\":\"ListItem\",\"position\":2,\"name\":\"C\u00e1tedra Cultural de Estudios Auton\u00f3micos y Constitucionales\"}]},{\"@type\":\"WebSite\",\"@id\":\"https:\/\/www.ull.es\/portal\/aulasycatedrasculturales\/#website\",\"url\":\"https:\/\/www.ull.es\/portal\/aulasycatedrasculturales\/\",\"name\":\"Aulas y C\u00e1tedras Culturales\",\"description\":\"\",\"potentialAction\":[{\"@type\":\"SearchAction\",\"target\":{\"@type\":\"EntryPoint\",\"urlTemplate\":\"https:\/\/www.ull.es\/portal\/aulasycatedrasculturales\/?s={search_term_string}\"},\"query-input\":\"required name=search_term_string\"}],\"inLanguage\":\"es\"}]}<\/script>\n<!-- \/ Yoast SEO plugin. -->","yoast_head_json":{"title":"C\u00e1tedra Cultural de Estudios Auton\u00f3micos y Constitucionales - Aulas y C\u00e1tedras Culturales","robots":{"index":"index","follow":"follow","max-snippet":"max-snippet:-1","max-image-preview":"max-image-preview:large","max-video-preview":"max-video-preview:-1"},"canonical":"https:\/\/www.ull.es\/portal\/aulasycatedrasculturales\/catedra-cultural-estudios-autonomicos-constitucionales\/","og_locale":"es_ES","og_type":"article","og_title":"C\u00e1tedra Cultural de Estudios Auton\u00f3micos y Constitucionales - Aulas y C\u00e1tedras Culturales","og_description":"[vc_row][vc_column][vc_empty_space][\/vc_column][\/vc_row][vc_row][vc_column width=\u00bb1\/3&#8243;][vc_single_image image=\u00bb2272&#8243; img_size=\u00bb350 x 350&#8243;][vc_column_text]Director: Antonio Marcelo Dom\u00ednguez Vila Secretario: Daniel L\u00f3pez Rubio catedragtrujillo@ull.edu.es 922317413 [\/vc_column_text][\/vc_column][vc_column width=\u00bb2\/3&#8243;][vc_column_text] C\u00e1tedra Cultural...","og_url":"https:\/\/www.ull.es\/portal\/aulasycatedrasculturales\/catedra-cultural-estudios-autonomicos-constitucionales\/","og_site_name":"Aulas y C\u00e1tedras Culturales","article_modified_time":"2024-04-03T12:35:58+00:00","og_image":[{"width":360,"height":360,"url":"https:\/\/www.ull.es\/portal\/aulasycatedrasculturales\/wp-content\/uploads\/sites\/19\/2018\/12\/c\u00e1tedra-estudios-bereberes.jpg","type":"image\/jpeg"}],"twitter_card":"summary_large_image","twitter_misc":{"Tiempo de lectura":"1 minuto"},"schema":{"@context":"https:\/\/schema.org","@graph":[{"@type":"WebPage","@id":"https:\/\/www.ull.es\/portal\/aulasycatedrasculturales\/catedra-cultural-estudios-autonomicos-constitucionales\/","url":"https:\/\/www.ull.es\/portal\/aulasycatedrasculturales\/catedra-cultural-estudios-autonomicos-constitucionales\/","name":"C\u00e1tedra Cultural de Estudios Auton\u00f3micos y Constitucionales - Aulas y C\u00e1tedras Culturales","isPartOf":{"@id":"https:\/\/www.ull.es\/portal\/aulasycatedrasculturales\/#website"},"datePublished":"2023-02-10T09:21:39+00:00","dateModified":"2024-04-03T12:35:58+00:00","breadcrumb":{"@id":"https:\/\/www.ull.es\/portal\/aulasycatedrasculturales\/catedra-cultural-estudios-autonomicos-constitucionales\/#breadcrumb"},"inLanguage":"es","potentialAction":[{"@type":"ReadAction","target":["https:\/\/www.ull.es\/portal\/aulasycatedrasculturales\/catedra-cultural-estudios-autonomicos-constitucionales\/"]}]},{"@type":"BreadcrumbList","@id":"https:\/\/www.ull.es\/portal\/aulasycatedrasculturales\/catedra-cultural-estudios-autonomicos-constitucionales\/#breadcrumb","itemListElement":[{"@type":"ListItem","position":1,"name":"Portada","item":"https:\/\/www.ull.es\/portal\/aulasycatedrasculturales\/"},{"@type":"ListItem","position":2,"name":"C\u00e1tedra Cultural de Estudios Auton\u00f3micos y Constitucionales"}]},{"@type":"WebSite","@id":"https:\/\/www.ull.es\/portal\/aulasycatedrasculturales\/#website","url":"https:\/\/www.ull.es\/portal\/aulasycatedrasculturales\/","name":"Aulas y C\u00e1tedras Culturales","description":"","potentialAction":[{"@type":"SearchAction","target":{"@type":"EntryPoint","urlTemplate":"https:\/\/www.ull.es\/portal\/aulasycatedrasculturales\/?s={search_term_string}"},"query-input":"required name=search_term_string"}],"inLanguage":"es"}]}},"_links":{"self":[{"href":"https:\/\/www.ull.es\/portal\/aulasycatedrasculturales\/wp-json\/wp\/v2\/pages\/2270"}],"collection":[{"href":"https:\/\/www.ull.es\/portal\/aulasycatedrasculturales\/wp-json\/wp\/v2\/pages"}],"about":[{"href":"https:\/\/www.ull.es\/portal\/aulasycatedrasculturales\/wp-json\/wp\/v2\/types\/page"}],"author":[{"embeddable":true,"href":"https:\/\/www.ull.es\/portal\/aulasycatedrasculturales\/wp-json\/wp\/v2\/users\/97"}],"replies":[{"embeddable":true,"href":"https:\/\/www.ull.es\/portal\/aulasycatedrasculturales\/wp-json\/wp\/v2\/comments?post=2270"}],"version-history":[{"count":5,"href":"https:\/\/www.ull.es\/portal\/aulasycatedrasculturales\/wp-json\/wp\/v2\/pages\/2270\/revisions"}],"predecessor-version":[{"id":2339,"href":"https:\/\/www.ull.es\/portal\/aulasycatedrasculturales\/wp-json\/wp\/v2\/pages\/2270\/revisions\/2339"}],"wp:featuredmedia":[{"embeddable":true,"href":"https:\/\/www.ull.es\/portal\/aulasycatedrasculturales\/wp-json\/wp\/v2\/media\/1972"}],"wp:attachment":[{"href":"https:\/\/www.ull.es\/portal\/aulasycatedrasculturales\/wp-json\/wp\/v2\/media?parent=2270"}],"curies":[{"name":"wp","href":"https:\/\/api.w.org\/{rel}","templated":true}]}}