{"id":228,"date":"2017-01-02T09:09:51","date_gmt":"2017-01-02T09:09:51","guid":{"rendered":"https:\/\/www.ull.es\/portal\/aulasycatedrasculturales\/?page_id=228"},"modified":"2024-04-02T12:35:49","modified_gmt":"2024-04-02T12:35:49","slug":"aula-de-diseno","status":"publish","type":"page","link":"https:\/\/www.ull.es\/portal\/aulasycatedrasculturales\/aula-de-diseno\/","title":{"rendered":"Aula Cultural de Dise\u00f1o"},"content":{"rendered":"<p>[vc_row][vc_column][vc_empty_space][\/vc_column][\/vc_row][vc_row][vc_column width=\u00bb1\/3&#8243;][vc_single_image image=\u00bb1443&#8243; img_size=\u00bbfull\u00bb][vc_column_text]<strong>Directora: <\/strong>Noa Real Garc\u00eda<\/p>\n<ul>\n<li><i class=\"fa fa-phone\"><\/i>(+34) 922 31 97 34<\/li>\n<li><a href=\"mailto:nrealgar@ull.edu.es\" target=\"_blank\" rel=\"noopener\" target=\"_blank\" rel=\"noopener\">nrealgar@ull.es<\/a><\/li>\n<\/ul>\n<p><strong>Secretaria<\/strong>: Haridian D\u00edaz Mesa<\/p>\n<ul>\n<li><i class=\"fa fa-phone\"><\/i>(+34) 922 31 78 93<\/li>\n<li><a href=\"mailto:hdiazmes@ull.edu.es\" target=\"_blank\" rel=\"noopener\" target=\"_blank\" rel=\"noopener\">hdiazmes@ull.es<\/a><\/li>\n<\/ul>\n<p>[\/vc_column_text][\/vc_column][vc_column width=\u00bb2\/3&#8243;][vc_column_text]<\/p>\n<h2>Aula Cultural de Dise\u00f1o<\/h2>\n<p>[\/vc_column_text][vc_column_text]<\/p>\n<p style=\"text-align: justify;\">El Aula Cultural de Dise\u00f1o est\u00e1 formada por un grupo de profesores, alumnado y profesionales del \u00e1mbito del dise\u00f1o que desean promover la cultura del Dise\u00f1o a trav\u00e9s de una serie de acciones:<\/p>\n<p>1. Organizaci\u00f3n de seminarios, talleres, cursos, conferencias, visitas, \u2026<\/p>\n<p>2. Realizaci\u00f3n de proyectos de investigaci\u00f3n vinculados a los diferentes \u00e1mbitos del Dise\u00f1o.<\/p>\n<p>3. Realizaci\u00f3n de actividades de difusi\u00f3n de la cultura del Dise\u00f1o junto con empresas, profesionales y asociaciones del sector.<\/p>\n<p>4. Colaboraciones con quienes desde cualquier \u00e1mbito del conocimiento investiguen o divulguen temas relacionados con el Dise\u00f1o.<\/p>\n<p>5. Participaci\u00f3n junto con especialistas y otros profesionales del sector en eventos dirigidos al p\u00fablico en general.[\/vc_column_text][\/vc_column][\/vc_row]<\/p>\n","protected":false},"excerpt":{"rendered":"<p>[vc_row][vc_column][vc_empty_space][\/vc_column][\/vc_row][vc_row][vc_column width=\u00bb1\/3&#8243;][vc_single_image image=\u00bb1443&#8243; img_size=\u00bbfull\u00bb][vc_column_text]Directora: Noa Real Garc\u00eda (+34) 922 31 97 34 nrealgar@ull.es Secretaria: Haridian D\u00edaz Mesa (+34) 922 31&#8230;<\/p>\n","protected":false},"author":22,"featured_media":1443,"parent":0,"menu_order":0,"comment_status":"closed","ping_status":"closed","template":"","meta":{"inline_featured_image":false,"footnotes":""},"acf":[],"yoast_head":"<!-- This site is optimized with the Yoast SEO plugin v21.3 - https:\/\/yoast.com\/wordpress\/plugins\/seo\/ -->\n<title>Aula Cultural de Dise\u00f1o - Aulas y C\u00e1tedras Culturales<\/title>\n<meta name=\"robots\" content=\"index, follow, max-snippet:-1, max-image-preview:large, max-video-preview:-1\" \/>\n<link rel=\"canonical\" href=\"https:\/\/www.ull.es\/portal\/aulasycatedrasculturales\/aula-de-diseno\/\" \/>\n<meta property=\"og:locale\" content=\"es_ES\" \/>\n<meta property=\"og:type\" content=\"article\" \/>\n<meta property=\"og:title\" content=\"Aula Cultural de Dise\u00f1o - Aulas y C\u00e1tedras Culturales\" \/>\n<meta property=\"og:description\" content=\"[vc_row][vc_column][vc_empty_space][\/vc_column][\/vc_row][vc_row][vc_column width=\u00bb1\/3&#8243;][vc_single_image image=\u00bb1443&#8243; img_size=\u00bbfull\u00bb][vc_column_text]Directora: Noa Real Garc\u00eda (+34) 922 31 97 34 nrealgar@ull.es Secretaria: Haridian D\u00edaz Mesa (+34) 922 31...\" \/>\n<meta property=\"og:url\" content=\"https:\/\/www.ull.es\/portal\/aulasycatedrasculturales\/aula-de-diseno\/\" \/>\n<meta property=\"og:site_name\" content=\"Aulas y C\u00e1tedras Culturales\" \/>\n<meta property=\"article:modified_time\" content=\"2024-04-02T12:35:49+00:00\" \/>\n<meta property=\"og:image\" content=\"https:\/\/www.ull.es\/portal\/aulasycatedrasculturales\/wp-content\/uploads\/sites\/19\/2017\/01\/aula-diseno.jpg\" \/>\n\t<meta property=\"og:image:width\" content=\"300\" \/>\n\t<meta property=\"og:image:height\" content=\"300\" \/>\n\t<meta property=\"og:image:type\" content=\"image\/jpeg\" \/>\n<meta name=\"twitter:card\" content=\"summary_large_image\" \/>\n<meta name=\"twitter:label1\" content=\"Tiempo de lectura\" \/>\n\t<meta name=\"twitter:data1\" content=\"1 minuto\" \/>\n<script type=\"application\/ld+json\" class=\"yoast-schema-graph\">{\"@context\":\"https:\/\/schema.org\",\"@graph\":[{\"@type\":\"WebPage\",\"@id\":\"https:\/\/www.ull.es\/portal\/aulasycatedrasculturales\/aula-de-diseno\/\",\"url\":\"https:\/\/www.ull.es\/portal\/aulasycatedrasculturales\/aula-de-diseno\/\",\"name\":\"Aula Cultural de Dise\u00f1o - Aulas y C\u00e1tedras Culturales\",\"isPartOf\":{\"@id\":\"https:\/\/www.ull.es\/portal\/aulasycatedrasculturales\/#website\"},\"datePublished\":\"2017-01-02T09:09:51+00:00\",\"dateModified\":\"2024-04-02T12:35:49+00:00\",\"breadcrumb\":{\"@id\":\"https:\/\/www.ull.es\/portal\/aulasycatedrasculturales\/aula-de-diseno\/#breadcrumb\"},\"inLanguage\":\"es\",\"potentialAction\":[{\"@type\":\"ReadAction\",\"target\":[\"https:\/\/www.ull.es\/portal\/aulasycatedrasculturales\/aula-de-diseno\/\"]}]},{\"@type\":\"BreadcrumbList\",\"@id\":\"https:\/\/www.ull.es\/portal\/aulasycatedrasculturales\/aula-de-diseno\/#breadcrumb\",\"itemListElement\":[{\"@type\":\"ListItem\",\"position\":1,\"name\":\"Portada\",\"item\":\"https:\/\/www.ull.es\/portal\/aulasycatedrasculturales\/\"},{\"@type\":\"ListItem\",\"position\":2,\"name\":\"Aula Cultural de Dise\u00f1o\"}]},{\"@type\":\"WebSite\",\"@id\":\"https:\/\/www.ull.es\/portal\/aulasycatedrasculturales\/#website\",\"url\":\"https:\/\/www.ull.es\/portal\/aulasycatedrasculturales\/\",\"name\":\"Aulas y C\u00e1tedras Culturales\",\"description\":\"\",\"potentialAction\":[{\"@type\":\"SearchAction\",\"target\":{\"@type\":\"EntryPoint\",\"urlTemplate\":\"https:\/\/www.ull.es\/portal\/aulasycatedrasculturales\/?s={search_term_string}\"},\"query-input\":\"required name=search_term_string\"}],\"inLanguage\":\"es\"}]}<\/script>\n<!-- \/ Yoast SEO plugin. -->","yoast_head_json":{"title":"Aula Cultural de Dise\u00f1o - Aulas y C\u00e1tedras Culturales","robots":{"index":"index","follow":"follow","max-snippet":"max-snippet:-1","max-image-preview":"max-image-preview:large","max-video-preview":"max-video-preview:-1"},"canonical":"https:\/\/www.ull.es\/portal\/aulasycatedrasculturales\/aula-de-diseno\/","og_locale":"es_ES","og_type":"article","og_title":"Aula Cultural de Dise\u00f1o - Aulas y C\u00e1tedras Culturales","og_description":"[vc_row][vc_column][vc_empty_space][\/vc_column][\/vc_row][vc_row][vc_column width=\u00bb1\/3&#8243;][vc_single_image image=\u00bb1443&#8243; img_size=\u00bbfull\u00bb][vc_column_text]Directora: Noa Real Garc\u00eda (+34) 922 31 97 34 nrealgar@ull.es Secretaria: Haridian D\u00edaz Mesa (+34) 922 31...","og_url":"https:\/\/www.ull.es\/portal\/aulasycatedrasculturales\/aula-de-diseno\/","og_site_name":"Aulas y C\u00e1tedras Culturales","article_modified_time":"2024-04-02T12:35:49+00:00","og_image":[{"width":300,"height":300,"url":"https:\/\/www.ull.es\/portal\/aulasycatedrasculturales\/wp-content\/uploads\/sites\/19\/2017\/01\/aula-diseno.jpg","type":"image\/jpeg"}],"twitter_card":"summary_large_image","twitter_misc":{"Tiempo de lectura":"1 minuto"},"schema":{"@context":"https:\/\/schema.org","@graph":[{"@type":"WebPage","@id":"https:\/\/www.ull.es\/portal\/aulasycatedrasculturales\/aula-de-diseno\/","url":"https:\/\/www.ull.es\/portal\/aulasycatedrasculturales\/aula-de-diseno\/","name":"Aula Cultural de Dise\u00f1o - Aulas y C\u00e1tedras Culturales","isPartOf":{"@id":"https:\/\/www.ull.es\/portal\/aulasycatedrasculturales\/#website"},"datePublished":"2017-01-02T09:09:51+00:00","dateModified":"2024-04-02T12:35:49+00:00","breadcrumb":{"@id":"https:\/\/www.ull.es\/portal\/aulasycatedrasculturales\/aula-de-diseno\/#breadcrumb"},"inLanguage":"es","potentialAction":[{"@type":"ReadAction","target":["https:\/\/www.ull.es\/portal\/aulasycatedrasculturales\/aula-de-diseno\/"]}]},{"@type":"BreadcrumbList","@id":"https:\/\/www.ull.es\/portal\/aulasycatedrasculturales\/aula-de-diseno\/#breadcrumb","itemListElement":[{"@type":"ListItem","position":1,"name":"Portada","item":"https:\/\/www.ull.es\/portal\/aulasycatedrasculturales\/"},{"@type":"ListItem","position":2,"name":"Aula Cultural de Dise\u00f1o"}]},{"@type":"WebSite","@id":"https:\/\/www.ull.es\/portal\/aulasycatedrasculturales\/#website","url":"https:\/\/www.ull.es\/portal\/aulasycatedrasculturales\/","name":"Aulas y C\u00e1tedras Culturales","description":"","potentialAction":[{"@type":"SearchAction","target":{"@type":"EntryPoint","urlTemplate":"https:\/\/www.ull.es\/portal\/aulasycatedrasculturales\/?s={search_term_string}"},"query-input":"required name=search_term_string"}],"inLanguage":"es"}]}},"_links":{"self":[{"href":"https:\/\/www.ull.es\/portal\/aulasycatedrasculturales\/wp-json\/wp\/v2\/pages\/228"}],"collection":[{"href":"https:\/\/www.ull.es\/portal\/aulasycatedrasculturales\/wp-json\/wp\/v2\/pages"}],"about":[{"href":"https:\/\/www.ull.es\/portal\/aulasycatedrasculturales\/wp-json\/wp\/v2\/types\/page"}],"author":[{"embeddable":true,"href":"https:\/\/www.ull.es\/portal\/aulasycatedrasculturales\/wp-json\/wp\/v2\/users\/22"}],"replies":[{"embeddable":true,"href":"https:\/\/www.ull.es\/portal\/aulasycatedrasculturales\/wp-json\/wp\/v2\/comments?post=228"}],"version-history":[{"count":9,"href":"https:\/\/www.ull.es\/portal\/aulasycatedrasculturales\/wp-json\/wp\/v2\/pages\/228\/revisions"}],"predecessor-version":[{"id":2317,"href":"https:\/\/www.ull.es\/portal\/aulasycatedrasculturales\/wp-json\/wp\/v2\/pages\/228\/revisions\/2317"}],"wp:featuredmedia":[{"embeddable":true,"href":"https:\/\/www.ull.es\/portal\/aulasycatedrasculturales\/wp-json\/wp\/v2\/media\/1443"}],"wp:attachment":[{"href":"https:\/\/www.ull.es\/portal\/aulasycatedrasculturales\/wp-json\/wp\/v2\/media?parent=228"}],"curies":[{"name":"wp","href":"https:\/\/api.w.org\/{rel}","templated":true}]}}