{"id":2365,"date":"2025-02-12T17:53:56","date_gmt":"2025-02-12T17:53:56","guid":{"rendered":"https:\/\/www.ull.es\/portal\/aulasycatedrasculturales\/?page_id=2365"},"modified":"2025-02-12T17:58:23","modified_gmt":"2025-02-12T17:58:23","slug":"aula-cultural-centro-de-investigacion-y-practicas-artisticas","status":"publish","type":"page","link":"https:\/\/www.ull.es\/portal\/aulasycatedrasculturales\/aula-cultural-centro-de-investigacion-y-practicas-artisticas\/","title":{"rendered":"Aula Cultural Centro de Investigaci\u00f3n y Pr\u00e1cticas Art\u00edsticas"},"content":{"rendered":"<p>[vc_row][vc_column width=\u00bb2\/3&#8243;][vc_empty_space][\/vc_column][vc_column width=\u00bb1\/3&#8243;][\/vc_column][\/vc_row][vc_row][vc_column width=\u00bb1\/3&#8243;][vc_single_image image=\u00bb2367&#8243; img_size=\u00bbfull\u00bb][vc_column_text]<strong>Director: <\/strong>Javier Sicilia Rodr\u00edguez<br \/>\n<strong>Secretaria<\/strong>: Itahisa P\u00e9rez Conesa<\/p>\n<ul>\n<li><i class=\"fa fa-envelope\"><\/i> <a href=\"mailto:jsicilir@ull.edu.es\" target=\"_blank\" rel=\"noopener\">jsicilir@ull.edu.es<\/a><\/li>\n<\/ul>\n<ul>\n<li><i class=\"fa fa-envelope\"><\/i> <a href=\"mailto:iperecon@ull.edu.es\" target=\"_blank\" rel=\"noopener\">iperecon@ull.edu.es<\/a><\/li>\n<\/ul>\n<p>[\/vc_column_text][\/vc_column][vc_column width=\u00bb2\/3&#8243;][vc_column_text]<\/p>\n<h2><strong>Aula Cultural Centro de Investigaci\u00f3n y Pr\u00e1cticas Art\u00edsticas<br \/>\n<\/strong><\/h2>\n<p>[\/vc_column_text][vc_column_text]<\/p>\n<p style=\"text-align: justify;\">El Aula Cultural Centro de Investigaci\u00f3n y Pr\u00e1cticas Art\u00edsticas surge como un espacio dedicado a la promoci\u00f3n y colaboraci\u00f3n en el \u00e1mbito del arte contempor\u00e1neo. Se presenta como un punto de encuentro para personas pertenecientes al \u00e1mbito de lo art\u00edstico, la gesti\u00f3n cultural y profesional, tanto en el contexto auton\u00f3mico, nacional e internacional, que buscan explorar y promover el potencial de producci\u00f3n, cooperaci\u00f3n, reflexi\u00f3n y debate vinculado al espacio art\u00edstico contempor\u00e1neo.<\/p>\n<p style=\"text-align: justify;\">Pretende ser un catalizador para la investigaci\u00f3n y la innovaci\u00f3n, as\u00ed como un puente entre diferentes disciplinas art\u00edsticas y \u00e1reas de conocimiento, posicion\u00e1ndose como un lugar dedicado a la exploraci\u00f3n y an\u00e1lisis del arte contempor\u00e1neo en toda su complejidad. M\u00e1s all\u00e1 de ser un mero reflejo de la \u00e9poca actual, se concibe dicho campo como un amplio terreno de pr\u00e1cticas tanto materiales como discursivas, que se esfuerzan por abordar los desaf\u00edos culturales que nos plantea el mundo contempor\u00e1neo.<\/p>\n<p style=\"text-align: justify;\">El objetivo de este espacio es el de fomentar la divulgaci\u00f3n y la generaci\u00f3n de redes en la gesti\u00f3n, proyectos, pr\u00e1ctica y producci\u00f3n art\u00edstica, enfatizando la importancia de compartir conocimientos, experiencias y recursos para enriquecer el panorama cultural y fomentar la colaboraci\u00f3n entre artistas y profesionales de la cultura.<\/p>\n<p style=\"text-align: justify;\">En el Aula Cultural Centro de Investigaci\u00f3n y Pr\u00e1cticas Art\u00edsticas, se gesta un amplio abanico de actividades que incluyen talleres, conferencias, mesas redondas, exposiciones y residencias art\u00edsticas. Estas acciones est\u00e1n dise\u00f1adas para proporcionar un espacio de aprendizaje, reflexi\u00f3n y experimentaci\u00f3n, donde las participantes puedan explorar nuevas ideas, t\u00e9cnicas y enfoques en el arte contempor\u00e1neo.<\/p>\n<p>[\/vc_column_text][\/vc_column][\/vc_row]<\/p>\n","protected":false},"excerpt":{"rendered":"<p>[vc_row][vc_column width=\u00bb2\/3&#8243;][vc_empty_space][\/vc_column][vc_column width=\u00bb1\/3&#8243;][\/vc_column][\/vc_row][vc_row][vc_column width=\u00bb1\/3&#8243;][vc_single_image image=\u00bb2367&#8243; img_size=\u00bbfull\u00bb][vc_column_text]Director: Javier Sicilia Rodr\u00edguez Secretaria: Itahisa P\u00e9rez Conesa jsicilir@ull.edu.es iperecon@ull.edu.es [\/vc_column_text][\/vc_column][vc_column width=\u00bb2\/3&#8243;][vc_column_text] Aula Cultural Centro&#8230;<\/p>\n","protected":false},"author":102,"featured_media":2367,"parent":0,"menu_order":0,"comment_status":"closed","ping_status":"closed","template":"","meta":{"inline_featured_image":false,"footnotes":""},"acf":[],"yoast_head":"<!-- This site is optimized with the Yoast SEO plugin v21.3 - https:\/\/yoast.com\/wordpress\/plugins\/seo\/ -->\n<title>Aula Cultural Centro de Investigaci\u00f3n y Pr\u00e1cticas Art\u00edsticas - Aulas y C\u00e1tedras Culturales<\/title>\n<meta name=\"robots\" content=\"index, follow, max-snippet:-1, max-image-preview:large, max-video-preview:-1\" \/>\n<link rel=\"canonical\" href=\"https:\/\/www.ull.es\/portal\/aulasycatedrasculturales\/aula-cultural-centro-de-investigacion-y-practicas-artisticas\/\" \/>\n<meta property=\"og:locale\" content=\"es_ES\" \/>\n<meta property=\"og:type\" content=\"article\" \/>\n<meta property=\"og:title\" content=\"Aula Cultural Centro de Investigaci\u00f3n y Pr\u00e1cticas Art\u00edsticas - Aulas y C\u00e1tedras Culturales\" \/>\n<meta property=\"og:description\" content=\"[vc_row][vc_column width=\u00bb2\/3&#8243;][vc_empty_space][\/vc_column][vc_column width=\u00bb1\/3&#8243;][\/vc_column][\/vc_row][vc_row][vc_column width=\u00bb1\/3&#8243;][vc_single_image image=\u00bb2367&#8243; img_size=\u00bbfull\u00bb][vc_column_text]Director: Javier Sicilia Rodr\u00edguez Secretaria: Itahisa P\u00e9rez Conesa jsicilir@ull.edu.es iperecon@ull.edu.es [\/vc_column_text][\/vc_column][vc_column width=\u00bb2\/3&#8243;][vc_column_text] Aula Cultural Centro...\" \/>\n<meta property=\"og:url\" content=\"https:\/\/www.ull.es\/portal\/aulasycatedrasculturales\/aula-cultural-centro-de-investigacion-y-practicas-artisticas\/\" \/>\n<meta property=\"og:site_name\" content=\"Aulas y C\u00e1tedras Culturales\" \/>\n<meta property=\"article:modified_time\" content=\"2025-02-12T17:58:23+00:00\" \/>\n<meta property=\"og:image\" content=\"https:\/\/www.ull.es\/portal\/aulasycatedrasculturales\/wp-content\/uploads\/sites\/19\/2025\/02\/imagen_para_el_aula_cultura.jpg\" \/>\n\t<meta property=\"og:image:width\" content=\"1203\" \/>\n\t<meta property=\"og:image:height\" content=\"843\" \/>\n\t<meta property=\"og:image:type\" content=\"image\/jpeg\" \/>\n<meta name=\"twitter:card\" content=\"summary_large_image\" \/>\n<meta name=\"twitter:label1\" content=\"Tiempo de lectura\" \/>\n\t<meta name=\"twitter:data1\" content=\"2 minutos\" \/>\n<script type=\"application\/ld+json\" class=\"yoast-schema-graph\">{\"@context\":\"https:\/\/schema.org\",\"@graph\":[{\"@type\":\"WebPage\",\"@id\":\"https:\/\/www.ull.es\/portal\/aulasycatedrasculturales\/aula-cultural-centro-de-investigacion-y-practicas-artisticas\/\",\"url\":\"https:\/\/www.ull.es\/portal\/aulasycatedrasculturales\/aula-cultural-centro-de-investigacion-y-practicas-artisticas\/\",\"name\":\"Aula Cultural Centro de Investigaci\u00f3n y Pr\u00e1cticas Art\u00edsticas - Aulas y C\u00e1tedras Culturales\",\"isPartOf\":{\"@id\":\"https:\/\/www.ull.es\/portal\/aulasycatedrasculturales\/#website\"},\"datePublished\":\"2025-02-12T17:53:56+00:00\",\"dateModified\":\"2025-02-12T17:58:23+00:00\",\"breadcrumb\":{\"@id\":\"https:\/\/www.ull.es\/portal\/aulasycatedrasculturales\/aula-cultural-centro-de-investigacion-y-practicas-artisticas\/#breadcrumb\"},\"inLanguage\":\"es\",\"potentialAction\":[{\"@type\":\"ReadAction\",\"target\":[\"https:\/\/www.ull.es\/portal\/aulasycatedrasculturales\/aula-cultural-centro-de-investigacion-y-practicas-artisticas\/\"]}]},{\"@type\":\"BreadcrumbList\",\"@id\":\"https:\/\/www.ull.es\/portal\/aulasycatedrasculturales\/aula-cultural-centro-de-investigacion-y-practicas-artisticas\/#breadcrumb\",\"itemListElement\":[{\"@type\":\"ListItem\",\"position\":1,\"name\":\"Portada\",\"item\":\"https:\/\/www.ull.es\/portal\/aulasycatedrasculturales\/\"},{\"@type\":\"ListItem\",\"position\":2,\"name\":\"Aula Cultural Centro de Investigaci\u00f3n y Pr\u00e1cticas Art\u00edsticas\"}]},{\"@type\":\"WebSite\",\"@id\":\"https:\/\/www.ull.es\/portal\/aulasycatedrasculturales\/#website\",\"url\":\"https:\/\/www.ull.es\/portal\/aulasycatedrasculturales\/\",\"name\":\"Aulas y C\u00e1tedras Culturales\",\"description\":\"\",\"potentialAction\":[{\"@type\":\"SearchAction\",\"target\":{\"@type\":\"EntryPoint\",\"urlTemplate\":\"https:\/\/www.ull.es\/portal\/aulasycatedrasculturales\/?s={search_term_string}\"},\"query-input\":\"required name=search_term_string\"}],\"inLanguage\":\"es\"}]}<\/script>\n<!-- \/ Yoast SEO plugin. -->","yoast_head_json":{"title":"Aula Cultural Centro de Investigaci\u00f3n y Pr\u00e1cticas Art\u00edsticas - Aulas y C\u00e1tedras Culturales","robots":{"index":"index","follow":"follow","max-snippet":"max-snippet:-1","max-image-preview":"max-image-preview:large","max-video-preview":"max-video-preview:-1"},"canonical":"https:\/\/www.ull.es\/portal\/aulasycatedrasculturales\/aula-cultural-centro-de-investigacion-y-practicas-artisticas\/","og_locale":"es_ES","og_type":"article","og_title":"Aula Cultural Centro de Investigaci\u00f3n y Pr\u00e1cticas Art\u00edsticas - Aulas y C\u00e1tedras Culturales","og_description":"[vc_row][vc_column width=\u00bb2\/3&#8243;][vc_empty_space][\/vc_column][vc_column width=\u00bb1\/3&#8243;][\/vc_column][\/vc_row][vc_row][vc_column width=\u00bb1\/3&#8243;][vc_single_image image=\u00bb2367&#8243; img_size=\u00bbfull\u00bb][vc_column_text]Director: Javier Sicilia Rodr\u00edguez Secretaria: Itahisa P\u00e9rez Conesa jsicilir@ull.edu.es iperecon@ull.edu.es [\/vc_column_text][\/vc_column][vc_column width=\u00bb2\/3&#8243;][vc_column_text] Aula Cultural Centro...","og_url":"https:\/\/www.ull.es\/portal\/aulasycatedrasculturales\/aula-cultural-centro-de-investigacion-y-practicas-artisticas\/","og_site_name":"Aulas y C\u00e1tedras Culturales","article_modified_time":"2025-02-12T17:58:23+00:00","og_image":[{"width":1203,"height":843,"url":"https:\/\/www.ull.es\/portal\/aulasycatedrasculturales\/wp-content\/uploads\/sites\/19\/2025\/02\/imagen_para_el_aula_cultura.jpg","type":"image\/jpeg"}],"twitter_card":"summary_large_image","twitter_misc":{"Tiempo de lectura":"2 minutos"},"schema":{"@context":"https:\/\/schema.org","@graph":[{"@type":"WebPage","@id":"https:\/\/www.ull.es\/portal\/aulasycatedrasculturales\/aula-cultural-centro-de-investigacion-y-practicas-artisticas\/","url":"https:\/\/www.ull.es\/portal\/aulasycatedrasculturales\/aula-cultural-centro-de-investigacion-y-practicas-artisticas\/","name":"Aula Cultural Centro de Investigaci\u00f3n y Pr\u00e1cticas Art\u00edsticas - Aulas y C\u00e1tedras Culturales","isPartOf":{"@id":"https:\/\/www.ull.es\/portal\/aulasycatedrasculturales\/#website"},"datePublished":"2025-02-12T17:53:56+00:00","dateModified":"2025-02-12T17:58:23+00:00","breadcrumb":{"@id":"https:\/\/www.ull.es\/portal\/aulasycatedrasculturales\/aula-cultural-centro-de-investigacion-y-practicas-artisticas\/#breadcrumb"},"inLanguage":"es","potentialAction":[{"@type":"ReadAction","target":["https:\/\/www.ull.es\/portal\/aulasycatedrasculturales\/aula-cultural-centro-de-investigacion-y-practicas-artisticas\/"]}]},{"@type":"BreadcrumbList","@id":"https:\/\/www.ull.es\/portal\/aulasycatedrasculturales\/aula-cultural-centro-de-investigacion-y-practicas-artisticas\/#breadcrumb","itemListElement":[{"@type":"ListItem","position":1,"name":"Portada","item":"https:\/\/www.ull.es\/portal\/aulasycatedrasculturales\/"},{"@type":"ListItem","position":2,"name":"Aula Cultural Centro de Investigaci\u00f3n y Pr\u00e1cticas Art\u00edsticas"}]},{"@type":"WebSite","@id":"https:\/\/www.ull.es\/portal\/aulasycatedrasculturales\/#website","url":"https:\/\/www.ull.es\/portal\/aulasycatedrasculturales\/","name":"Aulas y C\u00e1tedras Culturales","description":"","potentialAction":[{"@type":"SearchAction","target":{"@type":"EntryPoint","urlTemplate":"https:\/\/www.ull.es\/portal\/aulasycatedrasculturales\/?s={search_term_string}"},"query-input":"required name=search_term_string"}],"inLanguage":"es"}]}},"_links":{"self":[{"href":"https:\/\/www.ull.es\/portal\/aulasycatedrasculturales\/wp-json\/wp\/v2\/pages\/2365"}],"collection":[{"href":"https:\/\/www.ull.es\/portal\/aulasycatedrasculturales\/wp-json\/wp\/v2\/pages"}],"about":[{"href":"https:\/\/www.ull.es\/portal\/aulasycatedrasculturales\/wp-json\/wp\/v2\/types\/page"}],"author":[{"embeddable":true,"href":"https:\/\/www.ull.es\/portal\/aulasycatedrasculturales\/wp-json\/wp\/v2\/users\/102"}],"replies":[{"embeddable":true,"href":"https:\/\/www.ull.es\/portal\/aulasycatedrasculturales\/wp-json\/wp\/v2\/comments?post=2365"}],"version-history":[{"count":4,"href":"https:\/\/www.ull.es\/portal\/aulasycatedrasculturales\/wp-json\/wp\/v2\/pages\/2365\/revisions"}],"predecessor-version":[{"id":2370,"href":"https:\/\/www.ull.es\/portal\/aulasycatedrasculturales\/wp-json\/wp\/v2\/pages\/2365\/revisions\/2370"}],"wp:featuredmedia":[{"embeddable":true,"href":"https:\/\/www.ull.es\/portal\/aulasycatedrasculturales\/wp-json\/wp\/v2\/media\/2367"}],"wp:attachment":[{"href":"https:\/\/www.ull.es\/portal\/aulasycatedrasculturales\/wp-json\/wp\/v2\/media?parent=2365"}],"curies":[{"name":"wp","href":"https:\/\/api.w.org\/{rel}","templated":true}]}}