{"id":273,"date":"2017-01-02T10:43:13","date_gmt":"2017-01-02T10:43:13","guid":{"rendered":"https:\/\/www.ull.es\/portal\/aulasycatedrasculturales\/?page_id=273"},"modified":"2025-09-24T13:14:05","modified_gmt":"2025-09-24T13:14:05","slug":"catedra-cultural-reduccion-de-riesgos-de-desastres-ciudades-resilientes","status":"publish","type":"page","link":"https:\/\/www.ull.es\/portal\/aulasycatedrasculturales\/catedra-cultural-reduccion-de-riesgos-de-desastres-ciudades-resilientes\/","title":{"rendered":"C\u00e1tedra Cultural Reducci\u00f3n de Riesgos de Desastres y Ciudades Resilientes"},"content":{"rendered":"<p>[vc_row][vc_column][vc_empty_space][\/vc_column][\/vc_row][vc_row][vc_column width=\u00bb1\/3&#8243;][vc_gallery interval=\u00bb5&#8243; images=\u00bb1532&#8243; img_size=\u00bbfull\u00bb onclick=\u00bb\u00bb][vc_column_text]<strong>Director: <\/strong>Pedro Dorta Antequera<\/p>\n<ul>\n<li><i class=\"fa fa-phone\"><\/i> (+34) 922 31 77 54<\/li>\n<li><i class=\"fa fa-envelope\"><\/i> <a href=\"mailto:pdorta@ull.es\" target=\"_blank\" rel=\"noopener\">pdorta@ull.es<\/a><\/li>\n<li><i class=\"fa fa-external-link\"><\/i> <a href=\"https:\/\/resiliencia.webs.ull.es\/index.html\" target=\"_blank\" rel=\"noopener\">Web<\/a><\/li>\n<li><i class=\"fa fa-facebook\"><\/i> <a href=\"https:\/\/www.facebook.com\/CatedraResiliencia\" target=\"_blank\" rel=\"noopener\">Facebook<\/a><\/li>\n<li><i class=\"fa fa-twitter\"><\/i> <a href=\"https:\/\/twitter.com\/CatedraRRD\" target=\"_blank\" rel=\"noopener\">Twitter<\/a><\/li>\n<\/ul>\n<p>[\/vc_column_text][\/vc_column][vc_column width=\u00bb2\/3&#8243;][vc_column_text]<\/p>\n<h2>C\u00e1tedra Cultural Reducci\u00f3n de Riesgos de Desastres y Ciudades Resilientes<\/h2>\n<p>[\/vc_column_text][vc_column_text]<\/p>\n<p style=\"text-align: justify;\">La C\u00e1tedra Reducci\u00f3n de Riesgos de Desastres y Ciudades Resilientes surge para dar respuesta a la creciente necesidad de aunar recursos, y crear sinergias entre los diferentes agentes sociales, Gobierno, Universidad, Empresas, Asociaciones, Ciudadanos para desarrollar comunidades capaces de reducir el riesgo y crear una sociedad resiliente frente a los desastres.<\/p>\n<p style=\"text-align: justify;\">De esta manera, sus objetivos fundamentales son la promoci\u00f3n y el fomento de la formaci\u00f3n, el estudio, la investigaci\u00f3n y el debate en el \u00e1mbito universitario y social, con una perspectiva internacional, especializ\u00e1ndose en la reducci\u00f3n de los riesgos de desastres y la implantaci\u00f3n de planes de acci\u00f3n y de resiliencia en las ciudades. Todo ello en el marco de acci\u00f3n de la Estrategia Internacional de Reducci\u00f3n de Desastres de Naciones Unidas.<\/p>\n<p style=\"text-align: justify;\">En este sentido, la C\u00e1tedra mantiene contactos permanentes con la <a href=\"http:\/\/www.unisdr.org\" target=\"_blank\" rel=\"noopener\" target=\"_blank\" rel=\"noopener\">Oficina de Reducci\u00f3n de Riesgos de Desastres de Naciones Unidas<\/a>\u00a0 y desarrolla todo tipo de acciones formativas, divulgativas y de investigaci\u00f3n en ese \u00e1mbito. Las labores de la C\u00e1tedra son desarrolladas con el est\u00edmulo constante de la participaci\u00f3n ciudadana.<\/p>\n<p style=\"text-align: justify;\">La C\u00e1tedra cuenta con numerosas publicaciones especializadas y comunicaciones a congresos nacionales e internacionales. Participa frecuentemente en medios de comunicaci\u00f3n y est\u00e1 presente en las principales redes sociales<\/p>\n<p>[\/vc_column_text][\/vc_column][\/vc_row]<\/p>\n","protected":false},"excerpt":{"rendered":"<p>[vc_row][vc_column][vc_empty_space][\/vc_column][\/vc_row][vc_row][vc_column width=\u00bb1\/3&#8243;][vc_gallery interval=\u00bb5&#8243; images=\u00bb1532&#8243; img_size=\u00bbfull\u00bb onclick=\u00bb\u00bb][vc_column_text]Director: Pedro Dorta Antequera (+34) 922 31 77 54 pdorta@ull.es Web Facebook Twitter [\/vc_column_text][\/vc_column][vc_column width=\u00bb2\/3&#8243;][vc_column_text]&#8230;<\/p>\n","protected":false},"author":22,"featured_media":1532,"parent":0,"menu_order":0,"comment_status":"closed","ping_status":"closed","template":"","meta":{"inline_featured_image":false,"footnotes":""},"acf":[],"yoast_head":"<!-- This site is optimized with the Yoast SEO plugin v21.3 - https:\/\/yoast.com\/wordpress\/plugins\/seo\/ -->\n<title>C\u00e1tedra Cultural Reducci\u00f3n de Riesgos de Desastres y Ciudades Resilientes - Aulas y C\u00e1tedras Culturales<\/title>\n<meta name=\"robots\" content=\"index, follow, max-snippet:-1, max-image-preview:large, max-video-preview:-1\" \/>\n<link rel=\"canonical\" href=\"https:\/\/www.ull.es\/portal\/aulasycatedrasculturales\/catedra-cultural-reduccion-de-riesgos-de-desastres-ciudades-resilientes\/\" \/>\n<meta property=\"og:locale\" content=\"es_ES\" \/>\n<meta property=\"og:type\" content=\"article\" \/>\n<meta property=\"og:title\" content=\"C\u00e1tedra Cultural Reducci\u00f3n de Riesgos de Desastres y Ciudades Resilientes - Aulas y C\u00e1tedras Culturales\" \/>\n<meta property=\"og:description\" content=\"[vc_row][vc_column][vc_empty_space][\/vc_column][\/vc_row][vc_row][vc_column width=\u00bb1\/3&#8243;][vc_gallery interval=\u00bb5&#8243; images=\u00bb1532&#8243; img_size=\u00bbfull\u00bb onclick=\u00bb\u00bb][vc_column_text]Director: Pedro Dorta Antequera (+34) 922 31 77 54 pdorta@ull.es Web Facebook Twitter [\/vc_column_text][\/vc_column][vc_column width=\u00bb2\/3&#8243;][vc_column_text]...\" \/>\n<meta property=\"og:url\" content=\"https:\/\/www.ull.es\/portal\/aulasycatedrasculturales\/catedra-cultural-reduccion-de-riesgos-de-desastres-ciudades-resilientes\/\" \/>\n<meta property=\"og:site_name\" content=\"Aulas y C\u00e1tedras Culturales\" \/>\n<meta property=\"article:modified_time\" content=\"2025-09-24T13:14:05+00:00\" \/>\n<meta property=\"og:image\" content=\"https:\/\/www.ull.es\/portal\/aulasycatedrasculturales\/wp-content\/uploads\/sites\/19\/2017\/01\/catedra-resiliente1.jpg\" \/>\n\t<meta property=\"og:image:width\" content=\"298\" \/>\n\t<meta property=\"og:image:height\" content=\"300\" \/>\n\t<meta property=\"og:image:type\" content=\"image\/jpeg\" \/>\n<meta name=\"twitter:card\" content=\"summary_large_image\" \/>\n<meta name=\"twitter:label1\" content=\"Tiempo de lectura\" \/>\n\t<meta name=\"twitter:data1\" content=\"2 minutos\" \/>\n<script type=\"application\/ld+json\" class=\"yoast-schema-graph\">{\"@context\":\"https:\/\/schema.org\",\"@graph\":[{\"@type\":\"WebPage\",\"@id\":\"https:\/\/www.ull.es\/portal\/aulasycatedrasculturales\/catedra-cultural-reduccion-de-riesgos-de-desastres-ciudades-resilientes\/\",\"url\":\"https:\/\/www.ull.es\/portal\/aulasycatedrasculturales\/catedra-cultural-reduccion-de-riesgos-de-desastres-ciudades-resilientes\/\",\"name\":\"C\u00e1tedra Cultural Reducci\u00f3n de Riesgos de Desastres y Ciudades Resilientes - Aulas y C\u00e1tedras Culturales\",\"isPartOf\":{\"@id\":\"https:\/\/www.ull.es\/portal\/aulasycatedrasculturales\/#website\"},\"datePublished\":\"2017-01-02T10:43:13+00:00\",\"dateModified\":\"2025-09-24T13:14:05+00:00\",\"breadcrumb\":{\"@id\":\"https:\/\/www.ull.es\/portal\/aulasycatedrasculturales\/catedra-cultural-reduccion-de-riesgos-de-desastres-ciudades-resilientes\/#breadcrumb\"},\"inLanguage\":\"es\",\"potentialAction\":[{\"@type\":\"ReadAction\",\"target\":[\"https:\/\/www.ull.es\/portal\/aulasycatedrasculturales\/catedra-cultural-reduccion-de-riesgos-de-desastres-ciudades-resilientes\/\"]}]},{\"@type\":\"BreadcrumbList\",\"@id\":\"https:\/\/www.ull.es\/portal\/aulasycatedrasculturales\/catedra-cultural-reduccion-de-riesgos-de-desastres-ciudades-resilientes\/#breadcrumb\",\"itemListElement\":[{\"@type\":\"ListItem\",\"position\":1,\"name\":\"Portada\",\"item\":\"https:\/\/www.ull.es\/portal\/aulasycatedrasculturales\/\"},{\"@type\":\"ListItem\",\"position\":2,\"name\":\"C\u00e1tedra Cultural Reducci\u00f3n de Riesgos de Desastres y Ciudades Resilientes\"}]},{\"@type\":\"WebSite\",\"@id\":\"https:\/\/www.ull.es\/portal\/aulasycatedrasculturales\/#website\",\"url\":\"https:\/\/www.ull.es\/portal\/aulasycatedrasculturales\/\",\"name\":\"Aulas y C\u00e1tedras Culturales\",\"description\":\"\",\"potentialAction\":[{\"@type\":\"SearchAction\",\"target\":{\"@type\":\"EntryPoint\",\"urlTemplate\":\"https:\/\/www.ull.es\/portal\/aulasycatedrasculturales\/?s={search_term_string}\"},\"query-input\":\"required name=search_term_string\"}],\"inLanguage\":\"es\"}]}<\/script>\n<!-- \/ Yoast SEO plugin. -->","yoast_head_json":{"title":"C\u00e1tedra Cultural Reducci\u00f3n de Riesgos de Desastres y Ciudades Resilientes - Aulas y C\u00e1tedras Culturales","robots":{"index":"index","follow":"follow","max-snippet":"max-snippet:-1","max-image-preview":"max-image-preview:large","max-video-preview":"max-video-preview:-1"},"canonical":"https:\/\/www.ull.es\/portal\/aulasycatedrasculturales\/catedra-cultural-reduccion-de-riesgos-de-desastres-ciudades-resilientes\/","og_locale":"es_ES","og_type":"article","og_title":"C\u00e1tedra Cultural Reducci\u00f3n de Riesgos de Desastres y Ciudades Resilientes - Aulas y C\u00e1tedras Culturales","og_description":"[vc_row][vc_column][vc_empty_space][\/vc_column][\/vc_row][vc_row][vc_column width=\u00bb1\/3&#8243;][vc_gallery interval=\u00bb5&#8243; images=\u00bb1532&#8243; img_size=\u00bbfull\u00bb onclick=\u00bb\u00bb][vc_column_text]Director: Pedro Dorta Antequera (+34) 922 31 77 54 pdorta@ull.es Web Facebook Twitter [\/vc_column_text][\/vc_column][vc_column width=\u00bb2\/3&#8243;][vc_column_text]...","og_url":"https:\/\/www.ull.es\/portal\/aulasycatedrasculturales\/catedra-cultural-reduccion-de-riesgos-de-desastres-ciudades-resilientes\/","og_site_name":"Aulas y C\u00e1tedras Culturales","article_modified_time":"2025-09-24T13:14:05+00:00","og_image":[{"width":298,"height":300,"url":"https:\/\/www.ull.es\/portal\/aulasycatedrasculturales\/wp-content\/uploads\/sites\/19\/2017\/01\/catedra-resiliente1.jpg","type":"image\/jpeg"}],"twitter_card":"summary_large_image","twitter_misc":{"Tiempo de lectura":"2 minutos"},"schema":{"@context":"https:\/\/schema.org","@graph":[{"@type":"WebPage","@id":"https:\/\/www.ull.es\/portal\/aulasycatedrasculturales\/catedra-cultural-reduccion-de-riesgos-de-desastres-ciudades-resilientes\/","url":"https:\/\/www.ull.es\/portal\/aulasycatedrasculturales\/catedra-cultural-reduccion-de-riesgos-de-desastres-ciudades-resilientes\/","name":"C\u00e1tedra Cultural Reducci\u00f3n de Riesgos de Desastres y Ciudades Resilientes - Aulas y C\u00e1tedras Culturales","isPartOf":{"@id":"https:\/\/www.ull.es\/portal\/aulasycatedrasculturales\/#website"},"datePublished":"2017-01-02T10:43:13+00:00","dateModified":"2025-09-24T13:14:05+00:00","breadcrumb":{"@id":"https:\/\/www.ull.es\/portal\/aulasycatedrasculturales\/catedra-cultural-reduccion-de-riesgos-de-desastres-ciudades-resilientes\/#breadcrumb"},"inLanguage":"es","potentialAction":[{"@type":"ReadAction","target":["https:\/\/www.ull.es\/portal\/aulasycatedrasculturales\/catedra-cultural-reduccion-de-riesgos-de-desastres-ciudades-resilientes\/"]}]},{"@type":"BreadcrumbList","@id":"https:\/\/www.ull.es\/portal\/aulasycatedrasculturales\/catedra-cultural-reduccion-de-riesgos-de-desastres-ciudades-resilientes\/#breadcrumb","itemListElement":[{"@type":"ListItem","position":1,"name":"Portada","item":"https:\/\/www.ull.es\/portal\/aulasycatedrasculturales\/"},{"@type":"ListItem","position":2,"name":"C\u00e1tedra Cultural Reducci\u00f3n de Riesgos de Desastres y Ciudades Resilientes"}]},{"@type":"WebSite","@id":"https:\/\/www.ull.es\/portal\/aulasycatedrasculturales\/#website","url":"https:\/\/www.ull.es\/portal\/aulasycatedrasculturales\/","name":"Aulas y C\u00e1tedras Culturales","description":"","potentialAction":[{"@type":"SearchAction","target":{"@type":"EntryPoint","urlTemplate":"https:\/\/www.ull.es\/portal\/aulasycatedrasculturales\/?s={search_term_string}"},"query-input":"required name=search_term_string"}],"inLanguage":"es"}]}},"_links":{"self":[{"href":"https:\/\/www.ull.es\/portal\/aulasycatedrasculturales\/wp-json\/wp\/v2\/pages\/273"}],"collection":[{"href":"https:\/\/www.ull.es\/portal\/aulasycatedrasculturales\/wp-json\/wp\/v2\/pages"}],"about":[{"href":"https:\/\/www.ull.es\/portal\/aulasycatedrasculturales\/wp-json\/wp\/v2\/types\/page"}],"author":[{"embeddable":true,"href":"https:\/\/www.ull.es\/portal\/aulasycatedrasculturales\/wp-json\/wp\/v2\/users\/22"}],"replies":[{"embeddable":true,"href":"https:\/\/www.ull.es\/portal\/aulasycatedrasculturales\/wp-json\/wp\/v2\/comments?post=273"}],"version-history":[{"count":9,"href":"https:\/\/www.ull.es\/portal\/aulasycatedrasculturales\/wp-json\/wp\/v2\/pages\/273\/revisions"}],"predecessor-version":[{"id":2385,"href":"https:\/\/www.ull.es\/portal\/aulasycatedrasculturales\/wp-json\/wp\/v2\/pages\/273\/revisions\/2385"}],"wp:featuredmedia":[{"embeddable":true,"href":"https:\/\/www.ull.es\/portal\/aulasycatedrasculturales\/wp-json\/wp\/v2\/media\/1532"}],"wp:attachment":[{"href":"https:\/\/www.ull.es\/portal\/aulasycatedrasculturales\/wp-json\/wp\/v2\/media?parent=273"}],"curies":[{"name":"wp","href":"https:\/\/api.w.org\/{rel}","templated":true}]}}