{"id":280,"date":"2017-01-02T10:51:23","date_gmt":"2017-01-02T10:51:23","guid":{"rendered":"https:\/\/www.ull.es\/portal\/aulasycatedrasculturales\/?page_id=280"},"modified":"2017-07-12T08:07:49","modified_gmt":"2017-07-12T08:07:49","slug":"catedra-cultural-telesforo-bravo","status":"publish","type":"page","link":"https:\/\/www.ull.es\/portal\/aulasycatedrasculturales\/catedra-cultural-telesforo-bravo\/","title":{"rendered":"C\u00e1tedra Cultural Telesforo Bravo"},"content":{"rendered":"<p>[vc_row][vc_column][vc_empty_space][\/vc_column][\/vc_row][vc_row][vc_column width=\u00bb1\/3&#8243;][vc_single_image image=\u00bb1535&#8243; img_size=\u00bbfull\u00bb][vc_column_text]<strong>Directores: <\/strong>Ram\u00f3n Casillas Ruiz y Jaime Coello Bravo<\/p>\n<ul>\n<li><i class=\"fa fa-phone\"><\/i> (+34) 922 31 83 73<\/li>\n<li><i class=\"fa fa-envelope\"><\/i> <a href=\"mailto:rcasilla@ull.es\" target=\"_blank\" rel=\"noopener\">rcasilla@ull.es<\/a><\/li>\n<\/ul>\n<p>[\/vc_column_text][\/vc_column][vc_column width=\u00bb2\/3&#8243;][vc_column_text]<\/p>\n<h2>C\u00e1tedra Cultural Telesforo Bravo<\/h2>\n<p>[\/vc_column_text][vc_column_text]<\/p>\n<p style=\"text-align: justify\">La C\u00e1tedra pretende promover y fomentar el estudio, la investigaci\u00f3n y el debate tanto sobre los aspectos de la vida y de la obra de Telesforo Bravo Exp\u00f3sito como sobre el estudio, el debate y la investigaci\u00f3n de las caracter\u00edsticas de la Naturaleza Canaria, con especial hincapi\u00e9 en sus aspectos geol\u00f3gicos (vulcanol\u00f3gicos, paleontol\u00f3gicos e hidrogeol\u00f3gicos); a trav\u00e9s de la organizaci\u00f3n de conferencias, exposiciones, jornadas de car\u00e1cter divulgativo, cursos de extensi\u00f3n universitaria, intercambios, ediciones, conmemoraciones, etc.<\/p>\n<p>[\/vc_column_text][\/vc_column][\/vc_row]<\/p>\n","protected":false},"excerpt":{"rendered":"<p>[vc_row][vc_column][vc_empty_space][\/vc_column][\/vc_row][vc_row][vc_column width=\u00bb1\/3&#8243;][vc_single_image image=\u00bb1535&#8243; img_size=\u00bbfull\u00bb][vc_column_text]Directores: Ram\u00f3n Casillas Ruiz y Jaime Coello Bravo (+34) 922 31 83 73 rcasilla@ull.es [\/vc_column_text][\/vc_column][vc_column width=\u00bb2\/3&#8243;][vc_column_text] C\u00e1tedra&#8230;<\/p>\n","protected":false},"author":22,"featured_media":1535,"parent":0,"menu_order":0,"comment_status":"closed","ping_status":"closed","template":"","meta":{"inline_featured_image":false,"footnotes":""},"acf":[],"yoast_head":"<!-- This site is optimized with the Yoast SEO plugin v21.3 - https:\/\/yoast.com\/wordpress\/plugins\/seo\/ -->\n<title>C\u00e1tedra Cultural Telesforo Bravo - Aulas y C\u00e1tedras Culturales<\/title>\n<meta name=\"robots\" content=\"index, follow, max-snippet:-1, max-image-preview:large, max-video-preview:-1\" \/>\n<link rel=\"canonical\" href=\"https:\/\/www.ull.es\/portal\/aulasycatedrasculturales\/catedra-cultural-telesforo-bravo\/\" \/>\n<meta property=\"og:locale\" content=\"es_ES\" \/>\n<meta property=\"og:type\" content=\"article\" \/>\n<meta property=\"og:title\" content=\"C\u00e1tedra Cultural Telesforo Bravo - Aulas y C\u00e1tedras Culturales\" \/>\n<meta property=\"og:description\" content=\"[vc_row][vc_column][vc_empty_space][\/vc_column][\/vc_row][vc_row][vc_column width=\u00bb1\/3&#8243;][vc_single_image image=\u00bb1535&#8243; img_size=\u00bbfull\u00bb][vc_column_text]Directores: Ram\u00f3n Casillas Ruiz y Jaime Coello Bravo (+34) 922 31 83 73 rcasilla@ull.es [\/vc_column_text][\/vc_column][vc_column width=\u00bb2\/3&#8243;][vc_column_text] C\u00e1tedra...\" \/>\n<meta property=\"og:url\" content=\"https:\/\/www.ull.es\/portal\/aulasycatedrasculturales\/catedra-cultural-telesforo-bravo\/\" \/>\n<meta property=\"og:site_name\" content=\"Aulas y C\u00e1tedras Culturales\" \/>\n<meta property=\"article:modified_time\" content=\"2017-07-12T08:07:49+00:00\" \/>\n<meta property=\"og:image\" content=\"https:\/\/www.ull.es\/portal\/aulasycatedrasculturales\/wp-content\/uploads\/sites\/19\/2017\/01\/catedra-telesforo.jpg\" \/>\n\t<meta property=\"og:image:width\" content=\"388\" \/>\n\t<meta property=\"og:image:height\" content=\"386\" \/>\n\t<meta property=\"og:image:type\" content=\"image\/jpeg\" \/>\n<meta name=\"twitter:card\" content=\"summary_large_image\" \/>\n<meta name=\"twitter:label1\" content=\"Tiempo de lectura\" \/>\n\t<meta name=\"twitter:data1\" content=\"1 minuto\" \/>\n<script type=\"application\/ld+json\" class=\"yoast-schema-graph\">{\"@context\":\"https:\/\/schema.org\",\"@graph\":[{\"@type\":\"WebPage\",\"@id\":\"https:\/\/www.ull.es\/portal\/aulasycatedrasculturales\/catedra-cultural-telesforo-bravo\/\",\"url\":\"https:\/\/www.ull.es\/portal\/aulasycatedrasculturales\/catedra-cultural-telesforo-bravo\/\",\"name\":\"C\u00e1tedra Cultural Telesforo Bravo - Aulas y C\u00e1tedras Culturales\",\"isPartOf\":{\"@id\":\"https:\/\/www.ull.es\/portal\/aulasycatedrasculturales\/#website\"},\"datePublished\":\"2017-01-02T10:51:23+00:00\",\"dateModified\":\"2017-07-12T08:07:49+00:00\",\"breadcrumb\":{\"@id\":\"https:\/\/www.ull.es\/portal\/aulasycatedrasculturales\/catedra-cultural-telesforo-bravo\/#breadcrumb\"},\"inLanguage\":\"es\",\"potentialAction\":[{\"@type\":\"ReadAction\",\"target\":[\"https:\/\/www.ull.es\/portal\/aulasycatedrasculturales\/catedra-cultural-telesforo-bravo\/\"]}]},{\"@type\":\"BreadcrumbList\",\"@id\":\"https:\/\/www.ull.es\/portal\/aulasycatedrasculturales\/catedra-cultural-telesforo-bravo\/#breadcrumb\",\"itemListElement\":[{\"@type\":\"ListItem\",\"position\":1,\"name\":\"Portada\",\"item\":\"https:\/\/www.ull.es\/portal\/aulasycatedrasculturales\/\"},{\"@type\":\"ListItem\",\"position\":2,\"name\":\"C\u00e1tedra Cultural Telesforo Bravo\"}]},{\"@type\":\"WebSite\",\"@id\":\"https:\/\/www.ull.es\/portal\/aulasycatedrasculturales\/#website\",\"url\":\"https:\/\/www.ull.es\/portal\/aulasycatedrasculturales\/\",\"name\":\"Aulas y C\u00e1tedras Culturales\",\"description\":\"\",\"potentialAction\":[{\"@type\":\"SearchAction\",\"target\":{\"@type\":\"EntryPoint\",\"urlTemplate\":\"https:\/\/www.ull.es\/portal\/aulasycatedrasculturales\/?s={search_term_string}\"},\"query-input\":\"required name=search_term_string\"}],\"inLanguage\":\"es\"}]}<\/script>\n<!-- \/ Yoast SEO plugin. -->","yoast_head_json":{"title":"C\u00e1tedra Cultural Telesforo Bravo - Aulas y C\u00e1tedras Culturales","robots":{"index":"index","follow":"follow","max-snippet":"max-snippet:-1","max-image-preview":"max-image-preview:large","max-video-preview":"max-video-preview:-1"},"canonical":"https:\/\/www.ull.es\/portal\/aulasycatedrasculturales\/catedra-cultural-telesforo-bravo\/","og_locale":"es_ES","og_type":"article","og_title":"C\u00e1tedra Cultural Telesforo Bravo - Aulas y C\u00e1tedras Culturales","og_description":"[vc_row][vc_column][vc_empty_space][\/vc_column][\/vc_row][vc_row][vc_column width=\u00bb1\/3&#8243;][vc_single_image image=\u00bb1535&#8243; img_size=\u00bbfull\u00bb][vc_column_text]Directores: Ram\u00f3n Casillas Ruiz y Jaime Coello Bravo (+34) 922 31 83 73 rcasilla@ull.es [\/vc_column_text][\/vc_column][vc_column width=\u00bb2\/3&#8243;][vc_column_text] C\u00e1tedra...","og_url":"https:\/\/www.ull.es\/portal\/aulasycatedrasculturales\/catedra-cultural-telesforo-bravo\/","og_site_name":"Aulas y C\u00e1tedras Culturales","article_modified_time":"2017-07-12T08:07:49+00:00","og_image":[{"width":388,"height":386,"url":"https:\/\/www.ull.es\/portal\/aulasycatedrasculturales\/wp-content\/uploads\/sites\/19\/2017\/01\/catedra-telesforo.jpg","type":"image\/jpeg"}],"twitter_card":"summary_large_image","twitter_misc":{"Tiempo de lectura":"1 minuto"},"schema":{"@context":"https:\/\/schema.org","@graph":[{"@type":"WebPage","@id":"https:\/\/www.ull.es\/portal\/aulasycatedrasculturales\/catedra-cultural-telesforo-bravo\/","url":"https:\/\/www.ull.es\/portal\/aulasycatedrasculturales\/catedra-cultural-telesforo-bravo\/","name":"C\u00e1tedra Cultural Telesforo Bravo - Aulas y C\u00e1tedras Culturales","isPartOf":{"@id":"https:\/\/www.ull.es\/portal\/aulasycatedrasculturales\/#website"},"datePublished":"2017-01-02T10:51:23+00:00","dateModified":"2017-07-12T08:07:49+00:00","breadcrumb":{"@id":"https:\/\/www.ull.es\/portal\/aulasycatedrasculturales\/catedra-cultural-telesforo-bravo\/#breadcrumb"},"inLanguage":"es","potentialAction":[{"@type":"ReadAction","target":["https:\/\/www.ull.es\/portal\/aulasycatedrasculturales\/catedra-cultural-telesforo-bravo\/"]}]},{"@type":"BreadcrumbList","@id":"https:\/\/www.ull.es\/portal\/aulasycatedrasculturales\/catedra-cultural-telesforo-bravo\/#breadcrumb","itemListElement":[{"@type":"ListItem","position":1,"name":"Portada","item":"https:\/\/www.ull.es\/portal\/aulasycatedrasculturales\/"},{"@type":"ListItem","position":2,"name":"C\u00e1tedra Cultural Telesforo Bravo"}]},{"@type":"WebSite","@id":"https:\/\/www.ull.es\/portal\/aulasycatedrasculturales\/#website","url":"https:\/\/www.ull.es\/portal\/aulasycatedrasculturales\/","name":"Aulas y C\u00e1tedras Culturales","description":"","potentialAction":[{"@type":"SearchAction","target":{"@type":"EntryPoint","urlTemplate":"https:\/\/www.ull.es\/portal\/aulasycatedrasculturales\/?s={search_term_string}"},"query-input":"required name=search_term_string"}],"inLanguage":"es"}]}},"_links":{"self":[{"href":"https:\/\/www.ull.es\/portal\/aulasycatedrasculturales\/wp-json\/wp\/v2\/pages\/280"}],"collection":[{"href":"https:\/\/www.ull.es\/portal\/aulasycatedrasculturales\/wp-json\/wp\/v2\/pages"}],"about":[{"href":"https:\/\/www.ull.es\/portal\/aulasycatedrasculturales\/wp-json\/wp\/v2\/types\/page"}],"author":[{"embeddable":true,"href":"https:\/\/www.ull.es\/portal\/aulasycatedrasculturales\/wp-json\/wp\/v2\/users\/22"}],"replies":[{"embeddable":true,"href":"https:\/\/www.ull.es\/portal\/aulasycatedrasculturales\/wp-json\/wp\/v2\/comments?post=280"}],"version-history":[{"count":2,"href":"https:\/\/www.ull.es\/portal\/aulasycatedrasculturales\/wp-json\/wp\/v2\/pages\/280\/revisions"}],"predecessor-version":[{"id":1649,"href":"https:\/\/www.ull.es\/portal\/aulasycatedrasculturales\/wp-json\/wp\/v2\/pages\/280\/revisions\/1649"}],"wp:featuredmedia":[{"embeddable":true,"href":"https:\/\/www.ull.es\/portal\/aulasycatedrasculturales\/wp-json\/wp\/v2\/media\/1535"}],"wp:attachment":[{"href":"https:\/\/www.ull.es\/portal\/aulasycatedrasculturales\/wp-json\/wp\/v2\/media?parent=280"}],"curies":[{"name":"wp","href":"https:\/\/api.w.org\/{rel}","templated":true}]}}