{"id":290,"date":"2017-01-02T11:51:10","date_gmt":"2017-01-02T11:51:10","guid":{"rendered":"https:\/\/www.ull.es\/portal\/aulasycatedrasculturales\/?page_id=290"},"modified":"2019-05-13T09:13:49","modified_gmt":"2019-05-13T09:13:49","slug":"catedra-internacional-investigacion-hermeneutica-critica","status":"publish","type":"page","link":"https:\/\/www.ull.es\/portal\/aulasycatedrasculturales\/catedra-internacional-investigacion-hermeneutica-critica\/","title":{"rendered":"C\u00e1tedra Internacional de Investigaci\u00f3n en Hermen\u00e9utica Cr\u00edtica HERCRITIA"},"content":{"rendered":"<p>[vc_row][vc_column][vc_empty_space][\/vc_column][\/vc_row][vc_row][vc_column width=\u00bb1\/3&#8243;][vc_single_image image=\u00bb2039&#8243; img_size=\u00bb360&#215;360&#8243;][vc_column_text]<strong>Director:<\/strong> Ciro Mesa Moreno<br \/>\n<strong>Subdirectora:<\/strong> \u00c1ngela Sierra Gonz\u00e1lez<\/p>\n<ul>\n<li><i class=\"fa fa-phone\"><\/i> (+34) 922 31 78 82<\/li>\n<li><i class=\"fa fa-envelope\"><\/i> <a href=\"mailto:cmesa@ull.es\" target=\"_blank\" rel=\"noopener\">cmesa@ull.es<\/a><\/li>\n<li><i class=\"fa fa-envelope\"><\/i> <a href=\"mailto:asierrgo@ull.es\" target=\"_blank\" rel=\"noopener\">asierrgo@ull.es<\/a><\/li>\n<\/ul>\n<p>[\/vc_column_text][\/vc_column][vc_column width=\u00bb2\/3&#8243;][vc_column_text]<\/p>\n<h2>C\u00e1tedra Internacional de Investigaci\u00f3n en Hermen\u00e9utica Cr\u00edtica (HERCRITIA)<\/h2>\n<p>[\/vc_column_text][vc_column_text]<\/p>\n<p style=\"text-align: justify;\">La C\u00e1tedra Internacional de Investigaci\u00f3n en Hermen\u00e9utica Cr\u00edtica (HERCRITIA) surgi\u00f3 en 2012 y su fundaci\u00f3n surgi\u00f3 por el esfuerzo compartido de la UNED y de la ULL.<\/p>\n<p style=\"text-align: justify;\">En la actualidad, fue aprobada en Consejo de Gobierno simult\u00e1neamente en las dos universidades y, hoy en d\u00eda, se han adherido a la C\u00e1tedra Cultural las siguientes universidades: Universidad de Torino, Universidad Aut\u00f3noma de M\u00e9xico, Universidad de La Plata (Argentina) y Universidad de Vilnius, Lituania.<\/p>\n<p style=\"text-align: justify;\">Ha llevado a cabo m\u00e1s de veinte encuentros acad\u00e9micos en diversos lugares y publicado tres libros.<\/p>\n<p>[\/vc_column_text][\/vc_column][\/vc_row]<\/p>\n","protected":false},"excerpt":{"rendered":"<p>[vc_row][vc_column][vc_empty_space][\/vc_column][\/vc_row][vc_row][vc_column width=\u00bb1\/3&#8243;][vc_single_image image=\u00bb2039&#8243; img_size=\u00bb360&#215;360&#8243;][vc_column_text]Director: Ciro Mesa Moreno Subdirectora: \u00c1ngela Sierra Gonz\u00e1lez (+34) 922 31 78 82 cmesa@ull.es asierrgo@ull.es [\/vc_column_text][\/vc_column][vc_column width=\u00bb2\/3&#8243;][vc_column_text]&#8230;<\/p>\n","protected":false},"author":22,"featured_media":2039,"parent":0,"menu_order":0,"comment_status":"closed","ping_status":"closed","template":"","meta":{"inline_featured_image":false,"footnotes":""},"acf":[],"yoast_head":"<!-- This site is optimized with the Yoast SEO plugin v21.3 - https:\/\/yoast.com\/wordpress\/plugins\/seo\/ -->\n<title>C\u00e1tedra Internacional de Investigaci\u00f3n en Hermen\u00e9utica Cr\u00edtica HERCRITIA - Aulas y C\u00e1tedras Culturales<\/title>\n<meta name=\"robots\" content=\"index, follow, max-snippet:-1, max-image-preview:large, max-video-preview:-1\" \/>\n<link rel=\"canonical\" href=\"https:\/\/www.ull.es\/portal\/aulasycatedrasculturales\/catedra-internacional-investigacion-hermeneutica-critica\/\" \/>\n<meta property=\"og:locale\" content=\"es_ES\" \/>\n<meta property=\"og:type\" content=\"article\" \/>\n<meta property=\"og:title\" content=\"C\u00e1tedra Internacional de Investigaci\u00f3n en Hermen\u00e9utica Cr\u00edtica HERCRITIA - Aulas y C\u00e1tedras Culturales\" \/>\n<meta property=\"og:description\" content=\"[vc_row][vc_column][vc_empty_space][\/vc_column][\/vc_row][vc_row][vc_column width=\u00bb1\/3&#8243;][vc_single_image image=\u00bb2039&#8243; img_size=\u00bb360&#215;360&#8243;][vc_column_text]Director: Ciro Mesa Moreno Subdirectora: \u00c1ngela Sierra Gonz\u00e1lez (+34) 922 31 78 82 cmesa@ull.es asierrgo@ull.es [\/vc_column_text][\/vc_column][vc_column width=\u00bb2\/3&#8243;][vc_column_text]...\" \/>\n<meta property=\"og:url\" content=\"https:\/\/www.ull.es\/portal\/aulasycatedrasculturales\/catedra-internacional-investigacion-hermeneutica-critica\/\" \/>\n<meta property=\"og:site_name\" content=\"Aulas y C\u00e1tedras Culturales\" \/>\n<meta property=\"article:modified_time\" content=\"2019-05-13T09:13:49+00:00\" \/>\n<meta property=\"og:image\" content=\"https:\/\/www.ull.es\/portal\/aulasycatedrasculturales\/wp-content\/uploads\/sites\/19\/2019\/05\/c\u00e1tedra-internacional-de-investigaci\u00f3n-en-Hermen\u00e9utica-Cr\u00edtica.jpg\" \/>\n\t<meta property=\"og:image:width\" content=\"360\" \/>\n\t<meta property=\"og:image:height\" content=\"360\" \/>\n\t<meta property=\"og:image:type\" content=\"image\/jpeg\" \/>\n<meta name=\"twitter:card\" content=\"summary_large_image\" \/>\n<meta name=\"twitter:label1\" content=\"Tiempo de lectura\" \/>\n\t<meta name=\"twitter:data1\" content=\"1 minuto\" \/>\n<script type=\"application\/ld+json\" class=\"yoast-schema-graph\">{\"@context\":\"https:\/\/schema.org\",\"@graph\":[{\"@type\":\"WebPage\",\"@id\":\"https:\/\/www.ull.es\/portal\/aulasycatedrasculturales\/catedra-internacional-investigacion-hermeneutica-critica\/\",\"url\":\"https:\/\/www.ull.es\/portal\/aulasycatedrasculturales\/catedra-internacional-investigacion-hermeneutica-critica\/\",\"name\":\"C\u00e1tedra Internacional de Investigaci\u00f3n en Hermen\u00e9utica Cr\u00edtica HERCRITIA - Aulas y C\u00e1tedras Culturales\",\"isPartOf\":{\"@id\":\"https:\/\/www.ull.es\/portal\/aulasycatedrasculturales\/#website\"},\"datePublished\":\"2017-01-02T11:51:10+00:00\",\"dateModified\":\"2019-05-13T09:13:49+00:00\",\"breadcrumb\":{\"@id\":\"https:\/\/www.ull.es\/portal\/aulasycatedrasculturales\/catedra-internacional-investigacion-hermeneutica-critica\/#breadcrumb\"},\"inLanguage\":\"es\",\"potentialAction\":[{\"@type\":\"ReadAction\",\"target\":[\"https:\/\/www.ull.es\/portal\/aulasycatedrasculturales\/catedra-internacional-investigacion-hermeneutica-critica\/\"]}]},{\"@type\":\"BreadcrumbList\",\"@id\":\"https:\/\/www.ull.es\/portal\/aulasycatedrasculturales\/catedra-internacional-investigacion-hermeneutica-critica\/#breadcrumb\",\"itemListElement\":[{\"@type\":\"ListItem\",\"position\":1,\"name\":\"Portada\",\"item\":\"https:\/\/www.ull.es\/portal\/aulasycatedrasculturales\/\"},{\"@type\":\"ListItem\",\"position\":2,\"name\":\"C\u00e1tedra Internacional de Investigaci\u00f3n en Hermen\u00e9utica Cr\u00edtica HERCRITIA\"}]},{\"@type\":\"WebSite\",\"@id\":\"https:\/\/www.ull.es\/portal\/aulasycatedrasculturales\/#website\",\"url\":\"https:\/\/www.ull.es\/portal\/aulasycatedrasculturales\/\",\"name\":\"Aulas y C\u00e1tedras Culturales\",\"description\":\"\",\"potentialAction\":[{\"@type\":\"SearchAction\",\"target\":{\"@type\":\"EntryPoint\",\"urlTemplate\":\"https:\/\/www.ull.es\/portal\/aulasycatedrasculturales\/?s={search_term_string}\"},\"query-input\":\"required name=search_term_string\"}],\"inLanguage\":\"es\"}]}<\/script>\n<!-- \/ Yoast SEO plugin. -->","yoast_head_json":{"title":"C\u00e1tedra Internacional de Investigaci\u00f3n en Hermen\u00e9utica Cr\u00edtica HERCRITIA - Aulas y C\u00e1tedras Culturales","robots":{"index":"index","follow":"follow","max-snippet":"max-snippet:-1","max-image-preview":"max-image-preview:large","max-video-preview":"max-video-preview:-1"},"canonical":"https:\/\/www.ull.es\/portal\/aulasycatedrasculturales\/catedra-internacional-investigacion-hermeneutica-critica\/","og_locale":"es_ES","og_type":"article","og_title":"C\u00e1tedra Internacional de Investigaci\u00f3n en Hermen\u00e9utica Cr\u00edtica HERCRITIA - Aulas y C\u00e1tedras Culturales","og_description":"[vc_row][vc_column][vc_empty_space][\/vc_column][\/vc_row][vc_row][vc_column width=\u00bb1\/3&#8243;][vc_single_image image=\u00bb2039&#8243; img_size=\u00bb360&#215;360&#8243;][vc_column_text]Director: Ciro Mesa Moreno Subdirectora: \u00c1ngela Sierra Gonz\u00e1lez (+34) 922 31 78 82 cmesa@ull.es asierrgo@ull.es [\/vc_column_text][\/vc_column][vc_column width=\u00bb2\/3&#8243;][vc_column_text]...","og_url":"https:\/\/www.ull.es\/portal\/aulasycatedrasculturales\/catedra-internacional-investigacion-hermeneutica-critica\/","og_site_name":"Aulas y C\u00e1tedras Culturales","article_modified_time":"2019-05-13T09:13:49+00:00","og_image":[{"width":360,"height":360,"url":"https:\/\/www.ull.es\/portal\/aulasycatedrasculturales\/wp-content\/uploads\/sites\/19\/2019\/05\/c\u00e1tedra-internacional-de-investigaci\u00f3n-en-Hermen\u00e9utica-Cr\u00edtica.jpg","type":"image\/jpeg"}],"twitter_card":"summary_large_image","twitter_misc":{"Tiempo de lectura":"1 minuto"},"schema":{"@context":"https:\/\/schema.org","@graph":[{"@type":"WebPage","@id":"https:\/\/www.ull.es\/portal\/aulasycatedrasculturales\/catedra-internacional-investigacion-hermeneutica-critica\/","url":"https:\/\/www.ull.es\/portal\/aulasycatedrasculturales\/catedra-internacional-investigacion-hermeneutica-critica\/","name":"C\u00e1tedra Internacional de Investigaci\u00f3n en Hermen\u00e9utica Cr\u00edtica HERCRITIA - Aulas y C\u00e1tedras Culturales","isPartOf":{"@id":"https:\/\/www.ull.es\/portal\/aulasycatedrasculturales\/#website"},"datePublished":"2017-01-02T11:51:10+00:00","dateModified":"2019-05-13T09:13:49+00:00","breadcrumb":{"@id":"https:\/\/www.ull.es\/portal\/aulasycatedrasculturales\/catedra-internacional-investigacion-hermeneutica-critica\/#breadcrumb"},"inLanguage":"es","potentialAction":[{"@type":"ReadAction","target":["https:\/\/www.ull.es\/portal\/aulasycatedrasculturales\/catedra-internacional-investigacion-hermeneutica-critica\/"]}]},{"@type":"BreadcrumbList","@id":"https:\/\/www.ull.es\/portal\/aulasycatedrasculturales\/catedra-internacional-investigacion-hermeneutica-critica\/#breadcrumb","itemListElement":[{"@type":"ListItem","position":1,"name":"Portada","item":"https:\/\/www.ull.es\/portal\/aulasycatedrasculturales\/"},{"@type":"ListItem","position":2,"name":"C\u00e1tedra Internacional de Investigaci\u00f3n en Hermen\u00e9utica Cr\u00edtica HERCRITIA"}]},{"@type":"WebSite","@id":"https:\/\/www.ull.es\/portal\/aulasycatedrasculturales\/#website","url":"https:\/\/www.ull.es\/portal\/aulasycatedrasculturales\/","name":"Aulas y C\u00e1tedras Culturales","description":"","potentialAction":[{"@type":"SearchAction","target":{"@type":"EntryPoint","urlTemplate":"https:\/\/www.ull.es\/portal\/aulasycatedrasculturales\/?s={search_term_string}"},"query-input":"required name=search_term_string"}],"inLanguage":"es"}]}},"_links":{"self":[{"href":"https:\/\/www.ull.es\/portal\/aulasycatedrasculturales\/wp-json\/wp\/v2\/pages\/290"}],"collection":[{"href":"https:\/\/www.ull.es\/portal\/aulasycatedrasculturales\/wp-json\/wp\/v2\/pages"}],"about":[{"href":"https:\/\/www.ull.es\/portal\/aulasycatedrasculturales\/wp-json\/wp\/v2\/types\/page"}],"author":[{"embeddable":true,"href":"https:\/\/www.ull.es\/portal\/aulasycatedrasculturales\/wp-json\/wp\/v2\/users\/22"}],"replies":[{"embeddable":true,"href":"https:\/\/www.ull.es\/portal\/aulasycatedrasculturales\/wp-json\/wp\/v2\/comments?post=290"}],"version-history":[{"count":9,"href":"https:\/\/www.ull.es\/portal\/aulasycatedrasculturales\/wp-json\/wp\/v2\/pages\/290\/revisions"}],"predecessor-version":[{"id":2041,"href":"https:\/\/www.ull.es\/portal\/aulasycatedrasculturales\/wp-json\/wp\/v2\/pages\/290\/revisions\/2041"}],"wp:featuredmedia":[{"embeddable":true,"href":"https:\/\/www.ull.es\/portal\/aulasycatedrasculturales\/wp-json\/wp\/v2\/media\/2039"}],"wp:attachment":[{"href":"https:\/\/www.ull.es\/portal\/aulasycatedrasculturales\/wp-json\/wp\/v2\/media?parent=290"}],"curies":[{"name":"wp","href":"https:\/\/api.w.org\/{rel}","templated":true}]}}