{"id":318,"date":"2017-02-14T11:17:53","date_gmt":"2017-02-14T11:17:53","guid":{"rendered":"http:\/\/catedranew.shidix.es\/?page_id=318"},"modified":"2025-06-25T07:25:15","modified_gmt":"2025-06-25T07:25:15","slug":"aulas","status":"publish","type":"page","link":"https:\/\/www.ull.es\/portal\/aulasycatedrasculturales\/aulas\/","title":{"rendered":"Aulas Culturales"},"content":{"rendered":"<p>[vc_row][vc_column][vc_empty_space][vc_column_text]<\/p>\n<h2>EXPRESI\u00d3N ART\u00cdSTICA Y LITERATURA<\/h2>\n<ul>\n<li><a href=\"https:\/\/www.ull.es\/portal\/aulasycatedrasculturales\/aula-cultural-centro-de-investigacion-y-practicas-artisticas\/\" target=\"_blank\" rel=\"noopener\" target=\"_blank\" rel=\"noopener\">Aula Cultural Centro de Investigaci\u00f3n y Pr\u00e1cticas Art\u00edsticas<\/a><\/li>\n<li><a href=\"https:\/\/www.ull.es\/portal\/aulasycatedrasculturales\/aula-artes-escenicas\" target=\"_blank\" rel=\"noopener\">Aula Cultural de Artes Esc\u00e9nicas<\/a><\/li>\n<li><a href=\"https:\/\/www.ull.es\/portal\/aulasycatedrasculturales\/aula-de-cine\" target=\"_blank\" rel=\"noopener\">Aula Cultural de Cine<\/a><\/li>\n<li><a href=\"https:\/\/www.ull.es\/portal\/aulasycatedrasculturales\/aula-de-diseno\" target=\"_blank\" rel=\"noopener\">Aula Cultural de Dise\u00f1o<\/a><\/li>\n<li><a href=\"https:\/\/www.ull.es\/portal\/aulasycatedrasculturales\/aula-musica\" target=\"_blank\" rel=\"noopener\">Aula Cultural de M\u00fasica<\/a><\/li>\n<li><a href=\"https:\/\/www.ull.es\/portal\/aulasycatedrasculturales\/aula-de-cultura-de-digitalizacion-tecnologica-ia\/\" target=\"_blank\" rel=\"noopener\">Aula de Cultura de Digitalizaci\u00f3n Tecnol\u00f3gica e Inteligencia Artificial en Comunicaci\u00f3n Social<\/a><\/li>\n<li><a href=\"https:\/\/www.ull.es\/portal\/aulasycatedrasculturales\/fotografia\" target=\"_blank\" rel=\"noopener\">Aula Cultural de Fotograf\u00eda<\/a><\/li>\n<li><a href=\"https:\/\/www.ull.es\/portal\/aulasycatedrasculturales\/aula-pensamiento-artistico-contemporaneo\" target=\"_blank\" rel=\"noopener\">Aula Cultural de Pensamiento Art\u00edstico Contempor\u00e1neo<\/a><\/li>\n<li><a href=\"https:\/\/www.ull.es\/portal\/aulasycatedrasculturales\/aula-de-lengua-y-literatura\" target=\"_blank\" rel=\"noopener\">Aula Cultural de Lengua y Literatura<\/a><\/li>\n<li><a href=\"https:\/\/www.ull.es\/portal\/aulasycatedrasculturales\/aula-cultura-digital-interactiva\" target=\"_blank\" rel=\"noopener\">Aula de Cultura Digital Interactiva<\/a><\/li>\n<\/ul>\n<h2>DIVULGACI\u00d3N Y COMUNICACI\u00d3N<\/h2>\n<ul>\n<li><a href=\"https:\/\/www.ull.es\/portal\/aulasycatedrasculturales\/aula-cultural-de-divulgacion-cientifica\" target=\"_blank\" rel=\"noopener\">Aula Cultural de Divulgaci\u00f3n Cient\u00edfica<\/a><\/li>\n<li><a href=\"https:\/\/www.ull.es\/portal\/aulasycatedrasculturales\/aula-cultural-cassiopeia\" target=\"_blank\" rel=\"noopener\">Aula Cultural Cassiopeia<\/a><\/li>\n<li><a href=\"https:\/\/www.ull.es\/portal\/aulasycatedrasculturales\/aula-seminario-de-psicomotricidad\" target=\"_blank\" rel=\"noopener\">Aula Cultural Seminario de Psicomotricidad<\/a><\/li>\n<li><a href=\"https:\/\/www.ull.es\/portal\/aulasycatedrasculturales\/pensamiento-computacional\" target=\"_blank\" rel=\"noopener\">Aula Cultural Pensamiento Computacional<\/a><\/li>\n<li><a href=\"https:\/\/www.ull.es\/portal\/aulasycatedrasculturales\/aula-cultural-radio-campus\" target=\"_blank\" rel=\"noopener\">Aula Cultural Radio Campus<\/a><\/li>\n<li><a href=\"https:\/\/www.ull.es\/portal\/aulasycatedrasculturales\/comunicacion\" target=\"_blank\" rel=\"noopener\">Aula Cultural de Comunicaci\u00f3n<\/a><\/li>\n<li><a href=\"https:\/\/www.ull.es\/portal\/aulasycatedrasculturales\/aula-de-narracion-oral\" target=\"_blank\" rel=\"noopener\">Aula Cultural de Narraci\u00f3n Oral<\/a><\/li>\n<li><a href=\"https:\/\/www.ull.es\/portal\/aulasycatedrasculturales\/matematica-divulgativa-de-la-ull\/\" target=\"_blank\" rel=\"noopener\">Aula Cultural de Matem\u00e1tica Divulgativa<\/a><\/li>\n<\/ul>\n<h2>CULTURA Y TRADICIONES<\/h2>\n<ul>\n<li><a href=\"https:\/\/www.ull.es\/portal\/aulasycatedrasculturales\/aula-cultural-de-etnografia\" target=\"_blank\" rel=\"noopener\">Aula Cultural de Etnograf\u00eda<\/a><\/li>\n<li><a href=\"https:\/\/www.ull.es\/portal\/aulasycatedrasculturales\/aula-museo-de-la-educacion\" target=\"_blank\" rel=\"noopener\">Aula Cultural Museo de la Educaci\u00f3n<\/a><\/li>\n<li><a href=\"https:\/\/www.ull.es\/portal\/aulasycatedrasculturales\/aula-de-museos-y-conservacion-del-patrimonio\" target=\"_blank\" rel=\"noopener\">Aula Cultural de Museos y Conservaci\u00f3n del Patrimonio<\/a><\/li>\n<li><a href=\"https:\/\/www.ull.es\/portal\/aulasycatedrasculturales\/aula-cultural-de-juegos-y-deportes-autoctonos-y-tradicionales-canarios-adac-ull\/\" target=\"_blank\" rel=\"noopener\">Aula Cultura de Juegos y Deportes Aut\u00f3ctonos y Tradicionales Canarios<\/a><\/li>\n<li><a href=\"https:\/\/www.ull.es\/portal\/aulasycatedrasculturales\/aula-turismo-cultural\" target=\"_blank\" rel=\"noopener\">Aula Cultural de Turismo Cultural<\/a><\/li>\n<li><a href=\"https:\/\/www.ull.es\/portal\/aulasycatedrasculturales\/aula-cultural-de-musica-coral-manuel-borguno\/\" target=\"_blank\" rel=\"noopener\" target=\"_blank\" rel=\"noopener\">Aula Cultural de M\u00fasica Coral \u00abManuel Borgu\u00f1\u00f3\u00bb<\/a><\/li>\n<\/ul>\n<h2>FILOSOF\u00cdA, PARTICIPACI\u00d3N Y MEDIO AMBIENTE<\/h2>\n<ul>\n<li><a href=\"https:\/\/www.ull.es\/portal\/aulasycatedrasculturales\/aula-de-participacion-ciudadana\" target=\"_blank\" rel=\"noopener\">Aula Cultural de Participaci\u00f3n Ciudadana<\/a><\/li>\n<li><a href=\"https:\/\/www.ull.es\/portal\/aulasycatedrasculturales\/aula-filosofia\" target=\"_blank\" rel=\"noopener\">Aula Cultural de Filosof\u00eda<\/a><\/li>\n<li><a href=\"https:\/\/www.ull.es\/portal\/aulasycatedrasculturales\/aula-de-tecnica-del-agua-el-terreno-y-la-energia\" target=\"_blank\" rel=\"noopener\">Aula Cultural del Agua<\/a><\/li>\n<li><a href=\"https:\/\/www.ull.es\/portal\/aulasycatedrasculturales\/aula-cultural-educacion-y-sociedad\" target=\"_blank\" rel=\"noopener\">Aula Cultural de Educaci\u00f3n y Sociedad<\/a><\/li>\n<li><a href=\"https:\/\/www.ull.es\/portal\/aulasycatedrasculturales\/aula-cultural-altas-capacidades\/\" target=\"_blank\" rel=\"noopener\">Aula Cultural Altas Capacidades<\/a><\/li>\n<li><a href=\"https:\/\/www.ull.es\/portal\/aulasycatedrasculturales\/aula-cultural-de-jardineria\/\" target=\"_blank\" rel=\"noopener\">Aula Cultural de Jardiner\u00eda, Biodiversidad y Permacultura<\/a><\/li>\n<li><a href=\"https:\/\/www.ull.es\/cultura\/aula-cultural-carpinteria\/\" target=\"_blank\" rel=\"noopener\">Aula Cultural de Carpinter\u00eda Tradicional y Patrimonial<\/a><\/li>\n<li><a href=\"https:\/\/www.ull.es\/portal\/aulasycatedrasculturales\/aula-cultural-de-diversidad-lgtbiq\/\" target=\"_blank\" rel=\"noopener\">Aula Cultural de Diversidad LGTBIQ+<\/a><\/li>\n<\/ul>\n<p>[\/vc_column_text][\/vc_column][\/vc_row][vc_row][vc_column][\/vc_column][\/vc_row]<\/p>\n","protected":false},"excerpt":{"rendered":"<p>[vc_row][vc_column][vc_empty_space][vc_column_text] EXPRESI\u00d3N ART\u00cdSTICA Y LITERATURA Aula Cultural Centro de Investigaci\u00f3n y Pr\u00e1cticas Art\u00edsticas Aula Cultural de Artes Esc\u00e9nicas Aula Cultural&#8230;<\/p>\n","protected":false},"author":22,"featured_media":0,"parent":0,"menu_order":0,"comment_status":"closed","ping_status":"closed","template":"","meta":{"inline_featured_image":false,"footnotes":""},"acf":[],"yoast_head":"<!-- This site is optimized with the Yoast SEO plugin v21.3 - https:\/\/yoast.com\/wordpress\/plugins\/seo\/ -->\n<title>Aulas Culturales - Aulas y C\u00e1tedras Culturales<\/title>\n<meta name=\"robots\" content=\"index, follow, max-snippet:-1, max-image-preview:large, max-video-preview:-1\" \/>\n<link rel=\"canonical\" href=\"https:\/\/www.ull.es\/portal\/aulasycatedrasculturales\/aulas\/\" \/>\n<meta property=\"og:locale\" content=\"es_ES\" \/>\n<meta property=\"og:type\" content=\"article\" \/>\n<meta property=\"og:title\" content=\"Aulas Culturales - Aulas y C\u00e1tedras Culturales\" \/>\n<meta property=\"og:description\" content=\"[vc_row][vc_column][vc_empty_space][vc_column_text] EXPRESI\u00d3N ART\u00cdSTICA Y LITERATURA Aula Cultural Centro de Investigaci\u00f3n y Pr\u00e1cticas Art\u00edsticas Aula Cultural de Artes Esc\u00e9nicas Aula Cultural...\" \/>\n<meta property=\"og:url\" content=\"https:\/\/www.ull.es\/portal\/aulasycatedrasculturales\/aulas\/\" \/>\n<meta property=\"og:site_name\" content=\"Aulas y C\u00e1tedras Culturales\" \/>\n<meta property=\"article:modified_time\" content=\"2025-06-25T07:25:15+00:00\" \/>\n<meta name=\"twitter:card\" content=\"summary_large_image\" \/>\n<meta name=\"twitter:label1\" content=\"Tiempo de lectura\" \/>\n\t<meta name=\"twitter:data1\" content=\"1 minuto\" \/>\n<script type=\"application\/ld+json\" class=\"yoast-schema-graph\">{\"@context\":\"https:\/\/schema.org\",\"@graph\":[{\"@type\":\"WebPage\",\"@id\":\"https:\/\/www.ull.es\/portal\/aulasycatedrasculturales\/aulas\/\",\"url\":\"https:\/\/www.ull.es\/portal\/aulasycatedrasculturales\/aulas\/\",\"name\":\"Aulas Culturales - Aulas y C\u00e1tedras Culturales\",\"isPartOf\":{\"@id\":\"https:\/\/www.ull.es\/portal\/aulasycatedrasculturales\/#website\"},\"datePublished\":\"2017-02-14T11:17:53+00:00\",\"dateModified\":\"2025-06-25T07:25:15+00:00\",\"breadcrumb\":{\"@id\":\"https:\/\/www.ull.es\/portal\/aulasycatedrasculturales\/aulas\/#breadcrumb\"},\"inLanguage\":\"es\",\"potentialAction\":[{\"@type\":\"ReadAction\",\"target\":[\"https:\/\/www.ull.es\/portal\/aulasycatedrasculturales\/aulas\/\"]}]},{\"@type\":\"BreadcrumbList\",\"@id\":\"https:\/\/www.ull.es\/portal\/aulasycatedrasculturales\/aulas\/#breadcrumb\",\"itemListElement\":[{\"@type\":\"ListItem\",\"position\":1,\"name\":\"Portada\",\"item\":\"https:\/\/www.ull.es\/portal\/aulasycatedrasculturales\/\"},{\"@type\":\"ListItem\",\"position\":2,\"name\":\"Aulas Culturales\"}]},{\"@type\":\"WebSite\",\"@id\":\"https:\/\/www.ull.es\/portal\/aulasycatedrasculturales\/#website\",\"url\":\"https:\/\/www.ull.es\/portal\/aulasycatedrasculturales\/\",\"name\":\"Aulas y C\u00e1tedras Culturales\",\"description\":\"\",\"potentialAction\":[{\"@type\":\"SearchAction\",\"target\":{\"@type\":\"EntryPoint\",\"urlTemplate\":\"https:\/\/www.ull.es\/portal\/aulasycatedrasculturales\/?s={search_term_string}\"},\"query-input\":\"required name=search_term_string\"}],\"inLanguage\":\"es\"}]}<\/script>\n<!-- \/ Yoast SEO plugin. -->","yoast_head_json":{"title":"Aulas Culturales - Aulas y C\u00e1tedras Culturales","robots":{"index":"index","follow":"follow","max-snippet":"max-snippet:-1","max-image-preview":"max-image-preview:large","max-video-preview":"max-video-preview:-1"},"canonical":"https:\/\/www.ull.es\/portal\/aulasycatedrasculturales\/aulas\/","og_locale":"es_ES","og_type":"article","og_title":"Aulas Culturales - Aulas y C\u00e1tedras Culturales","og_description":"[vc_row][vc_column][vc_empty_space][vc_column_text] EXPRESI\u00d3N ART\u00cdSTICA Y LITERATURA Aula Cultural Centro de Investigaci\u00f3n y Pr\u00e1cticas Art\u00edsticas Aula Cultural de Artes Esc\u00e9nicas Aula Cultural...","og_url":"https:\/\/www.ull.es\/portal\/aulasycatedrasculturales\/aulas\/","og_site_name":"Aulas y C\u00e1tedras Culturales","article_modified_time":"2025-06-25T07:25:15+00:00","twitter_card":"summary_large_image","twitter_misc":{"Tiempo de lectura":"1 minuto"},"schema":{"@context":"https:\/\/schema.org","@graph":[{"@type":"WebPage","@id":"https:\/\/www.ull.es\/portal\/aulasycatedrasculturales\/aulas\/","url":"https:\/\/www.ull.es\/portal\/aulasycatedrasculturales\/aulas\/","name":"Aulas Culturales - Aulas y C\u00e1tedras Culturales","isPartOf":{"@id":"https:\/\/www.ull.es\/portal\/aulasycatedrasculturales\/#website"},"datePublished":"2017-02-14T11:17:53+00:00","dateModified":"2025-06-25T07:25:15+00:00","breadcrumb":{"@id":"https:\/\/www.ull.es\/portal\/aulasycatedrasculturales\/aulas\/#breadcrumb"},"inLanguage":"es","potentialAction":[{"@type":"ReadAction","target":["https:\/\/www.ull.es\/portal\/aulasycatedrasculturales\/aulas\/"]}]},{"@type":"BreadcrumbList","@id":"https:\/\/www.ull.es\/portal\/aulasycatedrasculturales\/aulas\/#breadcrumb","itemListElement":[{"@type":"ListItem","position":1,"name":"Portada","item":"https:\/\/www.ull.es\/portal\/aulasycatedrasculturales\/"},{"@type":"ListItem","position":2,"name":"Aulas Culturales"}]},{"@type":"WebSite","@id":"https:\/\/www.ull.es\/portal\/aulasycatedrasculturales\/#website","url":"https:\/\/www.ull.es\/portal\/aulasycatedrasculturales\/","name":"Aulas y C\u00e1tedras Culturales","description":"","potentialAction":[{"@type":"SearchAction","target":{"@type":"EntryPoint","urlTemplate":"https:\/\/www.ull.es\/portal\/aulasycatedrasculturales\/?s={search_term_string}"},"query-input":"required name=search_term_string"}],"inLanguage":"es"}]}},"_links":{"self":[{"href":"https:\/\/www.ull.es\/portal\/aulasycatedrasculturales\/wp-json\/wp\/v2\/pages\/318"}],"collection":[{"href":"https:\/\/www.ull.es\/portal\/aulasycatedrasculturales\/wp-json\/wp\/v2\/pages"}],"about":[{"href":"https:\/\/www.ull.es\/portal\/aulasycatedrasculturales\/wp-json\/wp\/v2\/types\/page"}],"author":[{"embeddable":true,"href":"https:\/\/www.ull.es\/portal\/aulasycatedrasculturales\/wp-json\/wp\/v2\/users\/22"}],"replies":[{"embeddable":true,"href":"https:\/\/www.ull.es\/portal\/aulasycatedrasculturales\/wp-json\/wp\/v2\/comments?post=318"}],"version-history":[{"count":28,"href":"https:\/\/www.ull.es\/portal\/aulasycatedrasculturales\/wp-json\/wp\/v2\/pages\/318\/revisions"}],"predecessor-version":[{"id":2374,"href":"https:\/\/www.ull.es\/portal\/aulasycatedrasculturales\/wp-json\/wp\/v2\/pages\/318\/revisions\/2374"}],"wp:attachment":[{"href":"https:\/\/www.ull.es\/portal\/aulasycatedrasculturales\/wp-json\/wp\/v2\/media?parent=318"}],"curies":[{"name":"wp","href":"https:\/\/api.w.org\/{rel}","templated":true}]}}