{"id":32,"date":"2016-10-17T10:30:51","date_gmt":"2016-10-17T10:30:51","guid":{"rendered":"http:\/\/catedra.shidix.es\/?page_id=7"},"modified":"2025-02-05T10:55:09","modified_gmt":"2025-02-05T10:55:09","slug":"catedras","status":"publish","type":"page","link":"https:\/\/www.ull.es\/portal\/aulasycatedrasculturales\/catedras\/","title":{"rendered":"C\u00e1tedras Culturales"},"content":{"rendered":"<p>[vc_row][vc_column][vc_empty_space][\/vc_column][\/vc_row][vc_row][vc_column][vc_column_text]<\/p>\n<h2>ARTE Y LITERATURA<\/h2>\n<ul>\n<li><a href=\"https:\/\/www.ull.es\/portal\/aulasycatedrasculturales\/catedra-cultural-cesar-manrique\/\" target=\"_blank\" rel=\"noopener\">C\u00e9sar Manrique<\/a><\/li>\n<li><a href=\"https:\/\/www.ull.es\/portal\/aulasycatedrasculturales\/catedra-cultural-miguel-de-unamuno\/\" target=\"_blank\" rel=\"noopener\">Miguel de Unamuno<\/a><\/li>\n<li><a href=\"https:\/\/www.ull.es\/portal\/aulasycatedrasculturales\/catedra-cultural-padre-anchieta\/\" target=\"_blank\" rel=\"noopener\">Padre Anchieta<\/a><\/li>\n<li><a href=\"https:\/\/www.ull.es\/portal\/aulasycatedrasculturales\/catedra-cultural-pedro-garcia-cabrera\/\" target=\"_blank\" rel=\"noopener\">Pedro Garc\u00eda Cabrera<\/a><\/li>\n<li><a href=\"https:\/\/www.ull.es\/portal\/aulasycatedrasculturales\/catedra-cultural-viera-y-clavijo\/\" target=\"_blank\" rel=\"noopener\"> Viera y Clavijo<\/a><\/li>\n<li><a href=\"https:\/\/www.ull.es\/portal\/aulasycatedrasculturales\/catedra-cultura-leopoldo-panero\/\" target=\"_blank\" rel=\"noopener\">Leopoldo Panero<\/a><\/li>\n<li><a href=\"https:\/\/www.ull.es\/portal\/aulasycatedrasculturales\/catedra-cultural-pedro-bencomo\/\" target=\"_blank\" rel=\"noopener\">Pedro Bencomo<\/a><\/li>\n<li><a href=\"https:\/\/www.ull.es\/portal\/aulasycatedrasculturales\/catedra-cultural-jose-aguiar\/\" target=\"_blank\" rel=\"noopener\">Jos\u00e9 Aguiar<\/a><\/li>\n<li><a href=\"https:\/\/www.ull.es\/portal\/aulasycatedrasculturales\/catedra-cultural-antonio-lozano-de-genero-criminal\/\" target=\"_blank\" rel=\"noopener\">Antonio Lozano (G\u00e9nero Criminal)<\/a><\/li>\n<\/ul>\n<h2>CULTURA, HISTORIA Y SOCIEDAD<\/h2>\n<ul>\n<li><a href=\"https:\/\/www.ull.es\/portal\/aulasycatedrasculturales\/estudios-bereberes-de-la-ull\/\" target=\"_blank\" rel=\"noopener\">Estudios Bereberes<\/a><\/li>\n<li><a href=\"https:\/\/www.ull.es\/portal\/aulasycatedrasculturales\/catedra-cultural-general-gutierrez\/\" target=\"_blank\" rel=\"noopener\">General Guti\u00e9rrez<\/a><\/li>\n<li><a href=\"https:\/\/www.ull.es\/portal\/aulasycatedrasculturales\/catedra-cultural-reduccion-de-riesgos-de-desastres-ciudades-resilientes\/\" target=\"_blank\" rel=\"noopener\">Reducci\u00f3n del Riego de desastres y Ciudades resilientes <\/a><\/li>\n<li><a href=\"https:\/\/www.ull.es\/portal\/aulasycatedrasculturales\/catedra-de-convivencia-y-seguridad\/\" target=\"_blank\" rel=\"noopener\">Convivencia y seguridad<\/a><\/li>\n<li><a href=\"https:\/\/www.ull.es\/portal\/aulasycatedrasculturales\/francisco-tomas-y-valiente\/\" target=\"_blank\" rel=\"noopener\">Tom\u00e1s y Valiente<\/a><\/li>\n<li><a href=\"https:\/\/www.ull.es\/portal\/aulasycatedrasculturales\/catedra-cultural-francisco-de-miranda\/\" target=\"_blank\" rel=\"noopener\">Francisco de Miranda<\/a><\/li>\n<li><a href=\"https:\/\/www.ull.es\/portal\/aulasycatedrasculturales\/catedra-cultural-alexander-von-humboldt\/\" target=\"_blank\" rel=\"noopener\">Alexander Von Humboldt<\/a><\/li>\n<li><a href=\"https:\/\/www.ull.es\/catedras\/globalizacion-migraciones-ciudadanias\/\" target=\"_blank\" rel=\"noopener noreferrer\" target=\"_blank\" rel=\"noopener\">Globalizaci\u00f3n, migraciones y nuevas ciudadan\u00edas<\/a><\/li>\n<li><a href=\"https:\/\/www.ull.es\/portal\/aulasycatedrasculturales\/catedra-cultural-pedro-molina-ramos-de-estudios-campesinos\/\" target=\"_blank\" rel=\"noopener\">Pedro Molina Ramos<\/a><\/li>\n<li><a href=\"https:\/\/www.ull.es\/portal\/aulasycatedrasculturales\/catedra-cultural-wolfredo-wilpret\/\" target=\"_blank\" rel=\"noopener noreferrer\" target=\"_blank\" rel=\"noopener\">Jard\u00edn Bot\u00e1nico Woldredo Wilpret<\/a><\/li>\n<li><a href=\"https:\/\/www.ull.es\/portal\/aulasycatedrasculturales\/derecho-registral-bienvenido-oliver\/\" target=\"_blank\" rel=\"noopener\">Derecho Registral Bienvenido Oliver<\/a><\/li>\n<li><a href=\"https:\/\/www.ull.es\/portal\/aulasycatedrasculturales\/catedra-cultural-de-gestion-y-politicas-culturales-universidad-de-la-laguna-federacion-canaria-de-municipios\/\" target=\"_blank\" rel=\"noopener\">Gesti\u00f3n y Pol\u00edticas Culturales Universidad de La Laguna-Federaci\u00f3n Canaria de Municipio<\/a><\/li>\n<\/ul>\n<h2>FILOSOF\u00cdA Y PATRIMONIO<\/h2>\n<ul>\n<li><a href=\"https:\/\/www.ull.es\/portal\/aulasycatedrasculturales\/catedra-cultural-telesforo-bravo\/\" target=\"_blank\" rel=\"noopener\">Telesforo Bravo<\/a><\/li>\n<li><a href=\"https:\/\/www.ull.es\/portal\/aulasycatedrasculturales\/catedra-cultural-antonio-bello\/\" target=\"_blank\" rel=\"noopener\">Agroecolog\u00eda Antonio Bello<\/a><\/li>\n<li><a href=\"https:\/\/www.ull.es\/portal\/aulasycatedrasculturales\/catedra-cultural-la-laguna-patrimonio-mundial\/\" target=\"_blank\" rel=\"noopener\">La Laguna Patrimonio Mundial<\/a><\/li>\n<li><a href=\"https:\/\/www.ull.es\/portal\/aulasycatedrasculturales\/catedra-internacional-investigacion-hermeneutica-critica\/\" target=\"_blank\" rel=\"noopener\">Hermen\u00e9utica Cr\u00edtica<\/a><\/li>\n<li><a href=\"https:\/\/www.ull.es\/portal\/aulasycatedrasculturales\/catedra-cultural-javier-muguerza\/\" target=\"_blank\" rel=\"noopener\">Javier Murguerza<\/a><\/li>\n<\/ul>\n<p>[\/vc_column_text][\/vc_column][\/vc_row]<\/p>\n","protected":false},"excerpt":{"rendered":"<p>[vc_row][vc_column][vc_empty_space][\/vc_column][\/vc_row][vc_row][vc_column][vc_column_text] ARTE Y LITERATURA C\u00e9sar Manrique Miguel de Unamuno Padre Anchieta Pedro Garc\u00eda Cabrera Viera y Clavijo Leopoldo Panero Pedro&#8230;<\/p>\n","protected":false},"author":22,"featured_media":36,"parent":0,"menu_order":0,"comment_status":"closed","ping_status":"closed","template":"","meta":{"inline_featured_image":false,"footnotes":""},"acf":[],"yoast_head":"<!-- This site is optimized with the Yoast SEO plugin v21.3 - https:\/\/yoast.com\/wordpress\/plugins\/seo\/ -->\n<title>C\u00e1tedras Culturales - Aulas y C\u00e1tedras Culturales<\/title>\n<meta name=\"robots\" content=\"index, follow, max-snippet:-1, max-image-preview:large, max-video-preview:-1\" \/>\n<link rel=\"canonical\" href=\"https:\/\/www.ull.es\/portal\/aulasycatedrasculturales\/catedras\/\" \/>\n<meta property=\"og:locale\" content=\"es_ES\" \/>\n<meta property=\"og:type\" content=\"article\" \/>\n<meta property=\"og:title\" content=\"C\u00e1tedras Culturales - Aulas y C\u00e1tedras Culturales\" \/>\n<meta property=\"og:description\" content=\"[vc_row][vc_column][vc_empty_space][\/vc_column][\/vc_row][vc_row][vc_column][vc_column_text] ARTE Y LITERATURA C\u00e9sar Manrique Miguel de Unamuno Padre Anchieta Pedro Garc\u00eda Cabrera Viera y Clavijo Leopoldo Panero Pedro...\" \/>\n<meta property=\"og:url\" content=\"https:\/\/www.ull.es\/portal\/aulasycatedrasculturales\/catedras\/\" \/>\n<meta property=\"og:site_name\" content=\"Aulas y C\u00e1tedras Culturales\" \/>\n<meta property=\"article:modified_time\" content=\"2025-02-05T10:55:09+00:00\" \/>\n<meta name=\"twitter:card\" content=\"summary_large_image\" \/>\n<meta name=\"twitter:label1\" content=\"Tiempo de lectura\" \/>\n\t<meta name=\"twitter:data1\" content=\"1 minuto\" \/>\n<script type=\"application\/ld+json\" class=\"yoast-schema-graph\">{\"@context\":\"https:\/\/schema.org\",\"@graph\":[{\"@type\":\"WebPage\",\"@id\":\"https:\/\/www.ull.es\/portal\/aulasycatedrasculturales\/catedras\/\",\"url\":\"https:\/\/www.ull.es\/portal\/aulasycatedrasculturales\/catedras\/\",\"name\":\"C\u00e1tedras Culturales - Aulas y C\u00e1tedras Culturales\",\"isPartOf\":{\"@id\":\"https:\/\/www.ull.es\/portal\/aulasycatedrasculturales\/#website\"},\"datePublished\":\"2016-10-17T10:30:51+00:00\",\"dateModified\":\"2025-02-05T10:55:09+00:00\",\"breadcrumb\":{\"@id\":\"https:\/\/www.ull.es\/portal\/aulasycatedrasculturales\/catedras\/#breadcrumb\"},\"inLanguage\":\"es\",\"potentialAction\":[{\"@type\":\"ReadAction\",\"target\":[\"https:\/\/www.ull.es\/portal\/aulasycatedrasculturales\/catedras\/\"]}]},{\"@type\":\"BreadcrumbList\",\"@id\":\"https:\/\/www.ull.es\/portal\/aulasycatedrasculturales\/catedras\/#breadcrumb\",\"itemListElement\":[{\"@type\":\"ListItem\",\"position\":1,\"name\":\"Portada\",\"item\":\"https:\/\/www.ull.es\/portal\/aulasycatedrasculturales\/\"},{\"@type\":\"ListItem\",\"position\":2,\"name\":\"C\u00e1tedras Culturales\"}]},{\"@type\":\"WebSite\",\"@id\":\"https:\/\/www.ull.es\/portal\/aulasycatedrasculturales\/#website\",\"url\":\"https:\/\/www.ull.es\/portal\/aulasycatedrasculturales\/\",\"name\":\"Aulas y C\u00e1tedras Culturales\",\"description\":\"\",\"potentialAction\":[{\"@type\":\"SearchAction\",\"target\":{\"@type\":\"EntryPoint\",\"urlTemplate\":\"https:\/\/www.ull.es\/portal\/aulasycatedrasculturales\/?s={search_term_string}\"},\"query-input\":\"required name=search_term_string\"}],\"inLanguage\":\"es\"}]}<\/script>\n<!-- \/ Yoast SEO plugin. -->","yoast_head_json":{"title":"C\u00e1tedras Culturales - Aulas y C\u00e1tedras Culturales","robots":{"index":"index","follow":"follow","max-snippet":"max-snippet:-1","max-image-preview":"max-image-preview:large","max-video-preview":"max-video-preview:-1"},"canonical":"https:\/\/www.ull.es\/portal\/aulasycatedrasculturales\/catedras\/","og_locale":"es_ES","og_type":"article","og_title":"C\u00e1tedras Culturales - Aulas y C\u00e1tedras Culturales","og_description":"[vc_row][vc_column][vc_empty_space][\/vc_column][\/vc_row][vc_row][vc_column][vc_column_text] ARTE Y LITERATURA C\u00e9sar Manrique Miguel de Unamuno Padre Anchieta Pedro Garc\u00eda Cabrera Viera y Clavijo Leopoldo Panero Pedro...","og_url":"https:\/\/www.ull.es\/portal\/aulasycatedrasculturales\/catedras\/","og_site_name":"Aulas y C\u00e1tedras Culturales","article_modified_time":"2025-02-05T10:55:09+00:00","twitter_card":"summary_large_image","twitter_misc":{"Tiempo de lectura":"1 minuto"},"schema":{"@context":"https:\/\/schema.org","@graph":[{"@type":"WebPage","@id":"https:\/\/www.ull.es\/portal\/aulasycatedrasculturales\/catedras\/","url":"https:\/\/www.ull.es\/portal\/aulasycatedrasculturales\/catedras\/","name":"C\u00e1tedras Culturales - Aulas y C\u00e1tedras Culturales","isPartOf":{"@id":"https:\/\/www.ull.es\/portal\/aulasycatedrasculturales\/#website"},"datePublished":"2016-10-17T10:30:51+00:00","dateModified":"2025-02-05T10:55:09+00:00","breadcrumb":{"@id":"https:\/\/www.ull.es\/portal\/aulasycatedrasculturales\/catedras\/#breadcrumb"},"inLanguage":"es","potentialAction":[{"@type":"ReadAction","target":["https:\/\/www.ull.es\/portal\/aulasycatedrasculturales\/catedras\/"]}]},{"@type":"BreadcrumbList","@id":"https:\/\/www.ull.es\/portal\/aulasycatedrasculturales\/catedras\/#breadcrumb","itemListElement":[{"@type":"ListItem","position":1,"name":"Portada","item":"https:\/\/www.ull.es\/portal\/aulasycatedrasculturales\/"},{"@type":"ListItem","position":2,"name":"C\u00e1tedras Culturales"}]},{"@type":"WebSite","@id":"https:\/\/www.ull.es\/portal\/aulasycatedrasculturales\/#website","url":"https:\/\/www.ull.es\/portal\/aulasycatedrasculturales\/","name":"Aulas y C\u00e1tedras Culturales","description":"","potentialAction":[{"@type":"SearchAction","target":{"@type":"EntryPoint","urlTemplate":"https:\/\/www.ull.es\/portal\/aulasycatedrasculturales\/?s={search_term_string}"},"query-input":"required name=search_term_string"}],"inLanguage":"es"}]}},"_links":{"self":[{"href":"https:\/\/www.ull.es\/portal\/aulasycatedrasculturales\/wp-json\/wp\/v2\/pages\/32"}],"collection":[{"href":"https:\/\/www.ull.es\/portal\/aulasycatedrasculturales\/wp-json\/wp\/v2\/pages"}],"about":[{"href":"https:\/\/www.ull.es\/portal\/aulasycatedrasculturales\/wp-json\/wp\/v2\/types\/page"}],"author":[{"embeddable":true,"href":"https:\/\/www.ull.es\/portal\/aulasycatedrasculturales\/wp-json\/wp\/v2\/users\/22"}],"replies":[{"embeddable":true,"href":"https:\/\/www.ull.es\/portal\/aulasycatedrasculturales\/wp-json\/wp\/v2\/comments?post=32"}],"version-history":[{"count":29,"href":"https:\/\/www.ull.es\/portal\/aulasycatedrasculturales\/wp-json\/wp\/v2\/pages\/32\/revisions"}],"predecessor-version":[{"id":2362,"href":"https:\/\/www.ull.es\/portal\/aulasycatedrasculturales\/wp-json\/wp\/v2\/pages\/32\/revisions\/2362"}],"wp:featuredmedia":[{"embeddable":true,"href":"https:\/\/www.ull.es\/portal\/aulasycatedrasculturales\/wp-json\/"}],"wp:attachment":[{"href":"https:\/\/www.ull.es\/portal\/aulasycatedrasculturales\/wp-json\/wp\/v2\/media?parent=32"}],"curies":[{"name":"wp","href":"https:\/\/api.w.org\/{rel}","templated":true}]}}