{"id":80,"date":"2016-12-19T10:40:02","date_gmt":"2016-12-19T10:40:02","guid":{"rendered":"https:\/\/www.ull.es\/portal\/aulasycatedrasculturales\/?page_id=80"},"modified":"2019-02-14T10:40:46","modified_gmt":"2019-02-14T10:40:46","slug":"aula-cultural-de-enoturismo-y-turismo-gastronomico-de-la-universidad-de-la-laguna","status":"publish","type":"page","link":"https:\/\/www.ull.es\/portal\/aulasycatedrasculturales\/aula-cultural-de-enoturismo-y-turismo-gastronomico-de-la-universidad-de-la-laguna\/","title":{"rendered":"Aula Cultural de Enoturismo y Turismo Gastron\u00f3mico"},"content":{"rendered":"<p>[vc_row][vc_column width=\u00bb2\/3&#8243;][vc_empty_space][\/vc_column][vc_column width=\u00bb1\/3&#8243;][\/vc_column][\/vc_row][vc_row][vc_column width=\u00bb1\/3&#8243;][vc_gallery interval=\u00bb3&#8243; images=\u00bb1415&#8243; img_size=\u00bb360&#215;360&#8243;][vc_column_text]<strong>Director: <\/strong>Gonzalo Brito Millares.<br \/>\n<strong>Codirector: <\/strong>Gabriel Santos Garc\u00eda<strong><br \/>\n<\/strong><\/p>\n<ul>\n<li><i class=\"fa fa-phone\"><\/i> (+34) 922 31 62 98<\/li>\n<li><i class=\"fa fa-envelope\"><\/i> <a href=\"mailto:aenogas@ull.es\" target=\"_blank\" rel=\"noopener\">aenogas@ull.es<\/a><\/li>\n<li><i class=\"fa fa-external-link\"><\/i> <a href=\"http:\/\/www.gestionenoturistica.com\" target=\"_blank\" rel=\"noopener\">web<\/a><\/li>\n<\/ul>\n<p>[\/vc_column_text][\/vc_column][vc_column width=\u00bb2\/3&#8243;][vc_column_text]<\/p>\n<h2>Aula Cultural de Enoturismo y Turismo Gastron\u00f3mico<\/h2>\n<p>[\/vc_column_text][vc_column_text]<\/p>\n<p style=\"text-align: justify;\">El Aula Cultural de Enoturismo y Turismo Gastron\u00f3mico de la Universidad de La Laguna, nace con el objetivo de liderar e impulsar la investigaci\u00f3n y la transferencia de conocimiento en los \u00e1mbitos de actuaci\u00f3n del Aula: enoturismo y turismo gastron\u00f3mico.<\/p>\n<p style=\"text-align: justify;\">Esta iniciativa no solo es pionera por su tem\u00e1tica, donde las administraciones y el sector privado colaboran con la Universidad.<\/p>\n<p style=\"text-align: justify;\">Este Aula tiene la voluntad de conectar el talento, los conocimientos y los recursos en enoturismo y turismo gastron\u00f3mico con el objetivo de mejorar la competitividad y la valorizaci\u00f3n de los productos agroalimentarios locales, realizando proyectos de investigaci\u00f3n, actividades de formaci\u00f3n y acciones de difusi\u00f3n y transferencia del conocimiento. Todo, con la visi\u00f3n de convertirse, como Entidad, en un modelo referente de colaboraci\u00f3n que trabaja para la mejorar y la evoluci\u00f3n permanente en el \u00e1mbito del enoturismo y el turismo gastron\u00f3mico.<\/p>\n<p>[\/vc_column_text][\/vc_column][\/vc_row]<\/p>\n","protected":false},"excerpt":{"rendered":"<p>[vc_row][vc_column width=\u00bb2\/3&#8243;][vc_empty_space][\/vc_column][vc_column width=\u00bb1\/3&#8243;][\/vc_column][\/vc_row][vc_row][vc_column width=\u00bb1\/3&#8243;][vc_gallery interval=\u00bb3&#8243; images=\u00bb1415&#8243; img_size=\u00bb360&#215;360&#8243;][vc_column_text]Director: Gonzalo Brito Millares. Codirector: Gabriel Santos Garc\u00eda (+34) 922 31 62 98 aenogas@ull.es&#8230;<\/p>\n","protected":false},"author":22,"featured_media":1415,"parent":0,"menu_order":0,"comment_status":"closed","ping_status":"closed","template":"","meta":{"inline_featured_image":false,"footnotes":""},"acf":[],"yoast_head":"<!-- This site is optimized with the Yoast SEO plugin v21.3 - https:\/\/yoast.com\/wordpress\/plugins\/seo\/ -->\n<title>Aula Cultural de Enoturismo y Turismo Gastron\u00f3mico - Aulas y C\u00e1tedras Culturales<\/title>\n<meta name=\"robots\" content=\"index, follow, max-snippet:-1, max-image-preview:large, max-video-preview:-1\" \/>\n<link rel=\"canonical\" href=\"https:\/\/www.ull.es\/portal\/aulasycatedrasculturales\/aula-cultural-de-enoturismo-y-turismo-gastronomico-de-la-universidad-de-la-laguna\/\" \/>\n<meta property=\"og:locale\" content=\"es_ES\" \/>\n<meta property=\"og:type\" content=\"article\" \/>\n<meta property=\"og:title\" content=\"Aula Cultural de Enoturismo y Turismo Gastron\u00f3mico - Aulas y C\u00e1tedras Culturales\" \/>\n<meta property=\"og:description\" content=\"[vc_row][vc_column width=\u00bb2\/3&#8243;][vc_empty_space][\/vc_column][vc_column width=\u00bb1\/3&#8243;][\/vc_column][\/vc_row][vc_row][vc_column width=\u00bb1\/3&#8243;][vc_gallery interval=\u00bb3&#8243; images=\u00bb1415&#8243; img_size=\u00bb360&#215;360&#8243;][vc_column_text]Director: Gonzalo Brito Millares. Codirector: Gabriel Santos Garc\u00eda (+34) 922 31 62 98 aenogas@ull.es...\" \/>\n<meta property=\"og:url\" content=\"https:\/\/www.ull.es\/portal\/aulasycatedrasculturales\/aula-cultural-de-enoturismo-y-turismo-gastronomico-de-la-universidad-de-la-laguna\/\" \/>\n<meta property=\"og:site_name\" content=\"Aulas y C\u00e1tedras Culturales\" \/>\n<meta property=\"article:modified_time\" content=\"2019-02-14T10:40:46+00:00\" \/>\n<meta property=\"og:image\" content=\"https:\/\/www.ull.es\/portal\/aulasycatedrasculturales\/wp-content\/uploads\/sites\/19\/2016\/12\/aula-eno2.jpg\" \/>\n\t<meta property=\"og:image:width\" content=\"360\" \/>\n\t<meta property=\"og:image:height\" content=\"360\" \/>\n\t<meta property=\"og:image:type\" content=\"image\/jpeg\" \/>\n<meta name=\"twitter:card\" content=\"summary_large_image\" \/>\n<meta name=\"twitter:label1\" content=\"Tiempo de lectura\" \/>\n\t<meta name=\"twitter:data1\" content=\"1 minuto\" \/>\n<script type=\"application\/ld+json\" class=\"yoast-schema-graph\">{\"@context\":\"https:\/\/schema.org\",\"@graph\":[{\"@type\":\"WebPage\",\"@id\":\"https:\/\/www.ull.es\/portal\/aulasycatedrasculturales\/aula-cultural-de-enoturismo-y-turismo-gastronomico-de-la-universidad-de-la-laguna\/\",\"url\":\"https:\/\/www.ull.es\/portal\/aulasycatedrasculturales\/aula-cultural-de-enoturismo-y-turismo-gastronomico-de-la-universidad-de-la-laguna\/\",\"name\":\"Aula Cultural de Enoturismo y Turismo Gastron\u00f3mico - Aulas y C\u00e1tedras Culturales\",\"isPartOf\":{\"@id\":\"https:\/\/www.ull.es\/portal\/aulasycatedrasculturales\/#website\"},\"datePublished\":\"2016-12-19T10:40:02+00:00\",\"dateModified\":\"2019-02-14T10:40:46+00:00\",\"breadcrumb\":{\"@id\":\"https:\/\/www.ull.es\/portal\/aulasycatedrasculturales\/aula-cultural-de-enoturismo-y-turismo-gastronomico-de-la-universidad-de-la-laguna\/#breadcrumb\"},\"inLanguage\":\"es\",\"potentialAction\":[{\"@type\":\"ReadAction\",\"target\":[\"https:\/\/www.ull.es\/portal\/aulasycatedrasculturales\/aula-cultural-de-enoturismo-y-turismo-gastronomico-de-la-universidad-de-la-laguna\/\"]}]},{\"@type\":\"BreadcrumbList\",\"@id\":\"https:\/\/www.ull.es\/portal\/aulasycatedrasculturales\/aula-cultural-de-enoturismo-y-turismo-gastronomico-de-la-universidad-de-la-laguna\/#breadcrumb\",\"itemListElement\":[{\"@type\":\"ListItem\",\"position\":1,\"name\":\"Portada\",\"item\":\"https:\/\/www.ull.es\/portal\/aulasycatedrasculturales\/\"},{\"@type\":\"ListItem\",\"position\":2,\"name\":\"Aula Cultural de Enoturismo y Turismo Gastron\u00f3mico\"}]},{\"@type\":\"WebSite\",\"@id\":\"https:\/\/www.ull.es\/portal\/aulasycatedrasculturales\/#website\",\"url\":\"https:\/\/www.ull.es\/portal\/aulasycatedrasculturales\/\",\"name\":\"Aulas y C\u00e1tedras Culturales\",\"description\":\"\",\"potentialAction\":[{\"@type\":\"SearchAction\",\"target\":{\"@type\":\"EntryPoint\",\"urlTemplate\":\"https:\/\/www.ull.es\/portal\/aulasycatedrasculturales\/?s={search_term_string}\"},\"query-input\":\"required name=search_term_string\"}],\"inLanguage\":\"es\"}]}<\/script>\n<!-- \/ Yoast SEO plugin. -->","yoast_head_json":{"title":"Aula Cultural de Enoturismo y Turismo Gastron\u00f3mico - Aulas y C\u00e1tedras Culturales","robots":{"index":"index","follow":"follow","max-snippet":"max-snippet:-1","max-image-preview":"max-image-preview:large","max-video-preview":"max-video-preview:-1"},"canonical":"https:\/\/www.ull.es\/portal\/aulasycatedrasculturales\/aula-cultural-de-enoturismo-y-turismo-gastronomico-de-la-universidad-de-la-laguna\/","og_locale":"es_ES","og_type":"article","og_title":"Aula Cultural de Enoturismo y Turismo Gastron\u00f3mico - Aulas y C\u00e1tedras Culturales","og_description":"[vc_row][vc_column width=\u00bb2\/3&#8243;][vc_empty_space][\/vc_column][vc_column width=\u00bb1\/3&#8243;][\/vc_column][\/vc_row][vc_row][vc_column width=\u00bb1\/3&#8243;][vc_gallery interval=\u00bb3&#8243; images=\u00bb1415&#8243; img_size=\u00bb360&#215;360&#8243;][vc_column_text]Director: Gonzalo Brito Millares. Codirector: Gabriel Santos Garc\u00eda (+34) 922 31 62 98 aenogas@ull.es...","og_url":"https:\/\/www.ull.es\/portal\/aulasycatedrasculturales\/aula-cultural-de-enoturismo-y-turismo-gastronomico-de-la-universidad-de-la-laguna\/","og_site_name":"Aulas y C\u00e1tedras Culturales","article_modified_time":"2019-02-14T10:40:46+00:00","og_image":[{"width":360,"height":360,"url":"https:\/\/www.ull.es\/portal\/aulasycatedrasculturales\/wp-content\/uploads\/sites\/19\/2016\/12\/aula-eno2.jpg","type":"image\/jpeg"}],"twitter_card":"summary_large_image","twitter_misc":{"Tiempo de lectura":"1 minuto"},"schema":{"@context":"https:\/\/schema.org","@graph":[{"@type":"WebPage","@id":"https:\/\/www.ull.es\/portal\/aulasycatedrasculturales\/aula-cultural-de-enoturismo-y-turismo-gastronomico-de-la-universidad-de-la-laguna\/","url":"https:\/\/www.ull.es\/portal\/aulasycatedrasculturales\/aula-cultural-de-enoturismo-y-turismo-gastronomico-de-la-universidad-de-la-laguna\/","name":"Aula Cultural de Enoturismo y Turismo Gastron\u00f3mico - Aulas y C\u00e1tedras Culturales","isPartOf":{"@id":"https:\/\/www.ull.es\/portal\/aulasycatedrasculturales\/#website"},"datePublished":"2016-12-19T10:40:02+00:00","dateModified":"2019-02-14T10:40:46+00:00","breadcrumb":{"@id":"https:\/\/www.ull.es\/portal\/aulasycatedrasculturales\/aula-cultural-de-enoturismo-y-turismo-gastronomico-de-la-universidad-de-la-laguna\/#breadcrumb"},"inLanguage":"es","potentialAction":[{"@type":"ReadAction","target":["https:\/\/www.ull.es\/portal\/aulasycatedrasculturales\/aula-cultural-de-enoturismo-y-turismo-gastronomico-de-la-universidad-de-la-laguna\/"]}]},{"@type":"BreadcrumbList","@id":"https:\/\/www.ull.es\/portal\/aulasycatedrasculturales\/aula-cultural-de-enoturismo-y-turismo-gastronomico-de-la-universidad-de-la-laguna\/#breadcrumb","itemListElement":[{"@type":"ListItem","position":1,"name":"Portada","item":"https:\/\/www.ull.es\/portal\/aulasycatedrasculturales\/"},{"@type":"ListItem","position":2,"name":"Aula Cultural de Enoturismo y Turismo Gastron\u00f3mico"}]},{"@type":"WebSite","@id":"https:\/\/www.ull.es\/portal\/aulasycatedrasculturales\/#website","url":"https:\/\/www.ull.es\/portal\/aulasycatedrasculturales\/","name":"Aulas y C\u00e1tedras Culturales","description":"","potentialAction":[{"@type":"SearchAction","target":{"@type":"EntryPoint","urlTemplate":"https:\/\/www.ull.es\/portal\/aulasycatedrasculturales\/?s={search_term_string}"},"query-input":"required name=search_term_string"}],"inLanguage":"es"}]}},"_links":{"self":[{"href":"https:\/\/www.ull.es\/portal\/aulasycatedrasculturales\/wp-json\/wp\/v2\/pages\/80"}],"collection":[{"href":"https:\/\/www.ull.es\/portal\/aulasycatedrasculturales\/wp-json\/wp\/v2\/pages"}],"about":[{"href":"https:\/\/www.ull.es\/portal\/aulasycatedrasculturales\/wp-json\/wp\/v2\/types\/page"}],"author":[{"embeddable":true,"href":"https:\/\/www.ull.es\/portal\/aulasycatedrasculturales\/wp-json\/wp\/v2\/users\/22"}],"replies":[{"embeddable":true,"href":"https:\/\/www.ull.es\/portal\/aulasycatedrasculturales\/wp-json\/wp\/v2\/comments?post=80"}],"version-history":[{"count":6,"href":"https:\/\/www.ull.es\/portal\/aulasycatedrasculturales\/wp-json\/wp\/v2\/pages\/80\/revisions"}],"predecessor-version":[{"id":1991,"href":"https:\/\/www.ull.es\/portal\/aulasycatedrasculturales\/wp-json\/wp\/v2\/pages\/80\/revisions\/1991"}],"wp:featuredmedia":[{"embeddable":true,"href":"https:\/\/www.ull.es\/portal\/aulasycatedrasculturales\/wp-json\/wp\/v2\/media\/1415"}],"wp:attachment":[{"href":"https:\/\/www.ull.es\/portal\/aulasycatedrasculturales\/wp-json\/wp\/v2\/media?parent=80"}],"curies":[{"name":"wp","href":"https:\/\/api.w.org\/{rel}","templated":true}]}}