{"id":93,"date":"2016-12-19T11:15:06","date_gmt":"2016-12-19T11:15:06","guid":{"rendered":"https:\/\/www.ull.es\/portal\/aulasycatedrasculturales\/?page_id=93"},"modified":"2026-04-17T09:12:54","modified_gmt":"2026-04-17T09:12:54","slug":"aula-cultural-de-juegos-y-deportes-autoctonos-y-tradicionales-canarios-adac-ull","status":"publish","type":"page","link":"https:\/\/www.ull.es\/portal\/aulasycatedrasculturales\/aula-cultural-de-juegos-y-deportes-autoctonos-y-tradicionales-canarios-adac-ull\/","title":{"rendered":"Aula Cultural de Juegos y Deportes Aut\u00f3ctonos y Tradicionales Canarios"},"content":{"rendered":"<p>[vc_row][vc_column][vc_empty_space][\/vc_column][\/vc_row][vc_row][vc_column width=\u00bb1\/3&#8243;][vc_single_image image=\u00bb1397&#8243; img_size=\u00bb360&#215;360&#8243;][vc_column_text]<strong>Directores:<\/strong> Jos\u00e9 Borges Hern\u00e1ndez y Alejandro Rodr\u00edguez<b><br \/>\n<\/b><\/p>\n<ul>\n<li><i class=\"fa fa-phone\"><\/i> (+34) 922 31 94 36<\/li>\n<li><i class=\"fa fa-envelope\"><\/i> <a href=\"mailto:nmarrero@ull.es\" target=\"_blank\" rel=\"noopener\">nmarrero@ull.es <\/a><\/li>\n<li><i class=\"fa fa-external-link\"><\/i> <a href=\"http:\/\/www.adac-ull.es\/\" target=\"_blank\" rel=\"noopener\">web<\/a><\/li>\n<li>\u00a0<a href=\"https:\/\/www.facebook.com\/ADAC-1510251965937334\/\" target=\"_blank\" rel=\"noopener\">Facebook<\/a><\/li>\n<\/ul>\n<p>[\/vc_column_text][\/vc_column][vc_column width=\u00bb2\/3&#8243;][vc_column_text]<\/p>\n<h2>Aula Cultural de Juegos y Deportes Aut\u00f3ctonos y Tradicionales Canarios<\/h2>\n<p>[\/vc_column_text][vc_column_text]Proyecto de acci\u00f3n sobre los Juegos y Deportes Aut\u00f3ctonos y Tradicionales de Canarias con tres l\u00edneas simult\u00e1neas de ejecuci\u00f3n.<\/p>\n<p>Fomento de acciones de investigaci\u00f3n, promoci\u00f3n o docencia, a trav\u00e9s de la implementaci\u00f3n de becas y ayudas.<\/p>\n<p>Publicitaci\u00f3n y puesta en com\u00fan de las acciones emprendidas o los proyectos elaborados en este sentido por las distintas entidades, asociaciones y practicantes implicados, mediante la organizaci\u00f3n de jornadas t\u00e9cnicas y congresos.<\/p>\n<p>Asunci\u00f3n directa de acciones de promoci\u00f3n, b\u00e1sicamente la organizaci\u00f3n de talleres y cursos de aproximaci\u00f3n.[\/vc_column_text][\/vc_column][\/vc_row]<\/p>\n","protected":false},"excerpt":{"rendered":"<p>[vc_row][vc_column][vc_empty_space][\/vc_column][\/vc_row][vc_row][vc_column width=\u00bb1\/3&#8243;][vc_single_image image=\u00bb1397&#8243; img_size=\u00bb360&#215;360&#8243;][vc_column_text]Directores: Jos\u00e9 Borges Hern\u00e1ndez y Alejandro Rodr\u00edguez (+34) 922 31 94 36 nmarrero@ull.es web \u00a0Facebook [\/vc_column_text][\/vc_column][vc_column width=\u00bb2\/3&#8243;][vc_column_text]&#8230;<\/p>\n","protected":false},"author":22,"featured_media":1397,"parent":0,"menu_order":0,"comment_status":"closed","ping_status":"closed","template":"","meta":{"inline_featured_image":false,"footnotes":""},"acf":[],"yoast_head":"<!-- This site is optimized with the Yoast SEO plugin v21.3 - https:\/\/yoast.com\/wordpress\/plugins\/seo\/ -->\n<title>Aula Cultural de Juegos y Deportes Aut\u00f3ctonos y Tradicionales Canarios - Aulas y C\u00e1tedras Culturales<\/title>\n<meta name=\"robots\" content=\"index, follow, max-snippet:-1, max-image-preview:large, max-video-preview:-1\" \/>\n<link rel=\"canonical\" href=\"https:\/\/www.ull.es\/portal\/aulasycatedrasculturales\/aula-cultural-de-juegos-y-deportes-autoctonos-y-tradicionales-canarios-adac-ull\/\" \/>\n<meta property=\"og:locale\" content=\"es_ES\" \/>\n<meta property=\"og:type\" content=\"article\" \/>\n<meta property=\"og:title\" content=\"Aula Cultural de Juegos y Deportes Aut\u00f3ctonos y Tradicionales Canarios - Aulas y C\u00e1tedras Culturales\" \/>\n<meta property=\"og:description\" content=\"[vc_row][vc_column][vc_empty_space][\/vc_column][\/vc_row][vc_row][vc_column width=\u00bb1\/3&#8243;][vc_single_image image=\u00bb1397&#8243; img_size=\u00bb360&#215;360&#8243;][vc_column_text]Directores: Jos\u00e9 Borges Hern\u00e1ndez y Alejandro Rodr\u00edguez (+34) 922 31 94 36 nmarrero@ull.es web \u00a0Facebook [\/vc_column_text][\/vc_column][vc_column width=\u00bb2\/3&#8243;][vc_column_text]...\" \/>\n<meta property=\"og:url\" content=\"https:\/\/www.ull.es\/portal\/aulasycatedrasculturales\/aula-cultural-de-juegos-y-deportes-autoctonos-y-tradicionales-canarios-adac-ull\/\" \/>\n<meta property=\"og:site_name\" content=\"Aulas y C\u00e1tedras Culturales\" \/>\n<meta property=\"article:modified_time\" content=\"2026-04-17T09:12:54+00:00\" \/>\n<meta property=\"og:image\" content=\"https:\/\/www.ull.es\/portal\/aulasycatedrasculturales\/wp-content\/uploads\/sites\/19\/2016\/12\/aula_juegosautoc.jpg\" \/>\n\t<meta property=\"og:image:width\" content=\"360\" \/>\n\t<meta property=\"og:image:height\" content=\"360\" \/>\n\t<meta property=\"og:image:type\" content=\"image\/jpeg\" \/>\n<meta name=\"twitter:card\" content=\"summary_large_image\" \/>\n<meta name=\"twitter:label1\" content=\"Tiempo de lectura\" \/>\n\t<meta name=\"twitter:data1\" content=\"1 minuto\" \/>\n<script type=\"application\/ld+json\" class=\"yoast-schema-graph\">{\"@context\":\"https:\/\/schema.org\",\"@graph\":[{\"@type\":\"WebPage\",\"@id\":\"https:\/\/www.ull.es\/portal\/aulasycatedrasculturales\/aula-cultural-de-juegos-y-deportes-autoctonos-y-tradicionales-canarios-adac-ull\/\",\"url\":\"https:\/\/www.ull.es\/portal\/aulasycatedrasculturales\/aula-cultural-de-juegos-y-deportes-autoctonos-y-tradicionales-canarios-adac-ull\/\",\"name\":\"Aula Cultural de Juegos y Deportes Aut\u00f3ctonos y Tradicionales Canarios - Aulas y C\u00e1tedras Culturales\",\"isPartOf\":{\"@id\":\"https:\/\/www.ull.es\/portal\/aulasycatedrasculturales\/#website\"},\"datePublished\":\"2016-12-19T11:15:06+00:00\",\"dateModified\":\"2026-04-17T09:12:54+00:00\",\"breadcrumb\":{\"@id\":\"https:\/\/www.ull.es\/portal\/aulasycatedrasculturales\/aula-cultural-de-juegos-y-deportes-autoctonos-y-tradicionales-canarios-adac-ull\/#breadcrumb\"},\"inLanguage\":\"es\",\"potentialAction\":[{\"@type\":\"ReadAction\",\"target\":[\"https:\/\/www.ull.es\/portal\/aulasycatedrasculturales\/aula-cultural-de-juegos-y-deportes-autoctonos-y-tradicionales-canarios-adac-ull\/\"]}]},{\"@type\":\"BreadcrumbList\",\"@id\":\"https:\/\/www.ull.es\/portal\/aulasycatedrasculturales\/aula-cultural-de-juegos-y-deportes-autoctonos-y-tradicionales-canarios-adac-ull\/#breadcrumb\",\"itemListElement\":[{\"@type\":\"ListItem\",\"position\":1,\"name\":\"Portada\",\"item\":\"https:\/\/www.ull.es\/portal\/aulasycatedrasculturales\/\"},{\"@type\":\"ListItem\",\"position\":2,\"name\":\"Aula Cultural de Juegos y Deportes Aut\u00f3ctonos y Tradicionales Canarios\"}]},{\"@type\":\"WebSite\",\"@id\":\"https:\/\/www.ull.es\/portal\/aulasycatedrasculturales\/#website\",\"url\":\"https:\/\/www.ull.es\/portal\/aulasycatedrasculturales\/\",\"name\":\"Aulas y C\u00e1tedras Culturales\",\"description\":\"\",\"potentialAction\":[{\"@type\":\"SearchAction\",\"target\":{\"@type\":\"EntryPoint\",\"urlTemplate\":\"https:\/\/www.ull.es\/portal\/aulasycatedrasculturales\/?s={search_term_string}\"},\"query-input\":\"required name=search_term_string\"}],\"inLanguage\":\"es\"}]}<\/script>\n<!-- \/ Yoast SEO plugin. -->","yoast_head_json":{"title":"Aula Cultural de Juegos y Deportes Aut\u00f3ctonos y Tradicionales Canarios - Aulas y C\u00e1tedras Culturales","robots":{"index":"index","follow":"follow","max-snippet":"max-snippet:-1","max-image-preview":"max-image-preview:large","max-video-preview":"max-video-preview:-1"},"canonical":"https:\/\/www.ull.es\/portal\/aulasycatedrasculturales\/aula-cultural-de-juegos-y-deportes-autoctonos-y-tradicionales-canarios-adac-ull\/","og_locale":"es_ES","og_type":"article","og_title":"Aula Cultural de Juegos y Deportes Aut\u00f3ctonos y Tradicionales Canarios - Aulas y C\u00e1tedras Culturales","og_description":"[vc_row][vc_column][vc_empty_space][\/vc_column][\/vc_row][vc_row][vc_column width=\u00bb1\/3&#8243;][vc_single_image image=\u00bb1397&#8243; img_size=\u00bb360&#215;360&#8243;][vc_column_text]Directores: Jos\u00e9 Borges Hern\u00e1ndez y Alejandro Rodr\u00edguez (+34) 922 31 94 36 nmarrero@ull.es web \u00a0Facebook [\/vc_column_text][\/vc_column][vc_column width=\u00bb2\/3&#8243;][vc_column_text]...","og_url":"https:\/\/www.ull.es\/portal\/aulasycatedrasculturales\/aula-cultural-de-juegos-y-deportes-autoctonos-y-tradicionales-canarios-adac-ull\/","og_site_name":"Aulas y C\u00e1tedras Culturales","article_modified_time":"2026-04-17T09:12:54+00:00","og_image":[{"width":360,"height":360,"url":"https:\/\/www.ull.es\/portal\/aulasycatedrasculturales\/wp-content\/uploads\/sites\/19\/2016\/12\/aula_juegosautoc.jpg","type":"image\/jpeg"}],"twitter_card":"summary_large_image","twitter_misc":{"Tiempo de lectura":"1 minuto"},"schema":{"@context":"https:\/\/schema.org","@graph":[{"@type":"WebPage","@id":"https:\/\/www.ull.es\/portal\/aulasycatedrasculturales\/aula-cultural-de-juegos-y-deportes-autoctonos-y-tradicionales-canarios-adac-ull\/","url":"https:\/\/www.ull.es\/portal\/aulasycatedrasculturales\/aula-cultural-de-juegos-y-deportes-autoctonos-y-tradicionales-canarios-adac-ull\/","name":"Aula Cultural de Juegos y Deportes Aut\u00f3ctonos y Tradicionales Canarios - Aulas y C\u00e1tedras Culturales","isPartOf":{"@id":"https:\/\/www.ull.es\/portal\/aulasycatedrasculturales\/#website"},"datePublished":"2016-12-19T11:15:06+00:00","dateModified":"2026-04-17T09:12:54+00:00","breadcrumb":{"@id":"https:\/\/www.ull.es\/portal\/aulasycatedrasculturales\/aula-cultural-de-juegos-y-deportes-autoctonos-y-tradicionales-canarios-adac-ull\/#breadcrumb"},"inLanguage":"es","potentialAction":[{"@type":"ReadAction","target":["https:\/\/www.ull.es\/portal\/aulasycatedrasculturales\/aula-cultural-de-juegos-y-deportes-autoctonos-y-tradicionales-canarios-adac-ull\/"]}]},{"@type":"BreadcrumbList","@id":"https:\/\/www.ull.es\/portal\/aulasycatedrasculturales\/aula-cultural-de-juegos-y-deportes-autoctonos-y-tradicionales-canarios-adac-ull\/#breadcrumb","itemListElement":[{"@type":"ListItem","position":1,"name":"Portada","item":"https:\/\/www.ull.es\/portal\/aulasycatedrasculturales\/"},{"@type":"ListItem","position":2,"name":"Aula Cultural de Juegos y Deportes Aut\u00f3ctonos y Tradicionales Canarios"}]},{"@type":"WebSite","@id":"https:\/\/www.ull.es\/portal\/aulasycatedrasculturales\/#website","url":"https:\/\/www.ull.es\/portal\/aulasycatedrasculturales\/","name":"Aulas y C\u00e1tedras Culturales","description":"","potentialAction":[{"@type":"SearchAction","target":{"@type":"EntryPoint","urlTemplate":"https:\/\/www.ull.es\/portal\/aulasycatedrasculturales\/?s={search_term_string}"},"query-input":"required name=search_term_string"}],"inLanguage":"es"}]}},"_links":{"self":[{"href":"https:\/\/www.ull.es\/portal\/aulasycatedrasculturales\/wp-json\/wp\/v2\/pages\/93"}],"collection":[{"href":"https:\/\/www.ull.es\/portal\/aulasycatedrasculturales\/wp-json\/wp\/v2\/pages"}],"about":[{"href":"https:\/\/www.ull.es\/portal\/aulasycatedrasculturales\/wp-json\/wp\/v2\/types\/page"}],"author":[{"embeddable":true,"href":"https:\/\/www.ull.es\/portal\/aulasycatedrasculturales\/wp-json\/wp\/v2\/users\/22"}],"replies":[{"embeddable":true,"href":"https:\/\/www.ull.es\/portal\/aulasycatedrasculturales\/wp-json\/wp\/v2\/comments?post=93"}],"version-history":[{"count":11,"href":"https:\/\/www.ull.es\/portal\/aulasycatedrasculturales\/wp-json\/wp\/v2\/pages\/93\/revisions"}],"predecessor-version":[{"id":2398,"href":"https:\/\/www.ull.es\/portal\/aulasycatedrasculturales\/wp-json\/wp\/v2\/pages\/93\/revisions\/2398"}],"wp:featuredmedia":[{"embeddable":true,"href":"https:\/\/www.ull.es\/portal\/aulasycatedrasculturales\/wp-json\/wp\/v2\/media\/1397"}],"wp:attachment":[{"href":"https:\/\/www.ull.es\/portal\/aulasycatedrasculturales\/wp-json\/wp\/v2\/media?parent=93"}],"curies":[{"name":"wp","href":"https:\/\/api.w.org\/{rel}","templated":true}]}}