{"id":96,"date":"2016-12-19T11:22:48","date_gmt":"2016-12-19T11:22:48","guid":{"rendered":"https:\/\/www.ull.es\/portal\/aulasycatedrasculturales\/?page_id=96"},"modified":"2024-04-03T12:15:48","modified_gmt":"2024-04-03T12:15:48","slug":"aula-de-cultura-de-digitalizacion-tecnologica-ia","status":"publish","type":"page","link":"https:\/\/www.ull.es\/portal\/aulasycatedrasculturales\/aula-de-cultura-de-digitalizacion-tecnologica-ia\/","title":{"rendered":"Aula de Cultura de Digitalizaci\u00f3n Tecnol\u00f3gica e Inteligencia Artificial en Comunicaci\u00f3n Social"},"content":{"rendered":"<p>[vc_row][vc_column][vc_empty_space][\/vc_column][\/vc_row][vc_row][vc_column width=\u00bb1\/3&#8243;][vc_single_image image=\u00bb2335&#8243; img_size=\u00bbfull\u00bb][vc_column_text]<strong>Directora:<\/strong> Mar\u00eda Dolores Meneses Fern\u00e1ndez<\/p>\n<ul>\n<li><i class=\"fa fa-phone\"><\/i>(+34) 922 31 62 35<\/li>\n<li><i class=\"fa fa-envelope\"><\/i> <a href=\"mailto:dmeneses@ull.es\" target=\"_blank\" rel=\"noopener\">dmeneses@ull.es<\/a><\/li>\n<\/ul>\n<p>[\/vc_column_text][\/vc_column][vc_column width=\u00bb2\/3&#8243;][vc_column_text]<\/p>\n<h2>Aula de Cultura de Digitalizaci\u00f3n Tecnol\u00f3gica\u00a0e Inteligencia Artificial en Comunicaci\u00f3n Social<\/h2>\n<p>[\/vc_column_text][vc_column_text]<\/p>\n<p style=\"text-align: justify;\">DITECA es un Aula Cultural de la Universidad de La Laguna creada en 2013-2014. Tiene como objetivo fundamental contribuir a la formaci\u00f3n de la sociedad canaria. Para ello organiza seminarios, charlas y talleres dedicados a tratar en aspectos diversos relacionados con la comunicaci\u00f3n social. Prioriza la comunicaci\u00f3n p\u00fablica de las ciencias y las tecnolog\u00edas, abarcando todos los campos del saber cient\u00edfico- tecnol\u00f3gico. En el \u00e1mbito tecnol\u00f3gico, el equipo de DITECA realiza actividades sobre la realidad aumentada, la realidad virtual, los c\u00f3digos QR y el dise\u00f1o gr\u00e1fico, y su aplicaci\u00f3n en entornos profesionales relacionados con los medios de comunicaci\u00f3n y el periodismo.<br \/>\nConcede tambi\u00e9n gran importancia a los componentes deontol\u00f3gicos y de \u00e9tica profesional que afectan al ejercicio de las distintas vertientes laborales de la comunicaci\u00f3n social.<\/p>\n<p style=\"text-align: justify;\">Las actividades formativas y culturales de DITECA est\u00e1n destinadas a la comunidad universitaria, al mundo profesional y a la sociedad en general.<\/p>\n<p style=\"text-align: justify;\">DITECA es el Aula Cultural que edita el Bolet\u00edn+D+i+d de la ULL, un medio en Internet elaborado por alumnos del Grado en Periodismo de nuestra Universidad.<\/p>\n<p style=\"text-align: justify;\">En las actividades formativas organizadas se cuenta siempre con ponentes cualificados, sean especialistas y expertos seleccionados en el \u00e1mbito universitario espa\u00f1ol o en el sector profesional.<\/p>\n<p>[\/vc_column_text][\/vc_column][\/vc_row]<\/p>\n","protected":false},"excerpt":{"rendered":"<p>[vc_row][vc_column][vc_empty_space][\/vc_column][\/vc_row][vc_row][vc_column width=\u00bb1\/3&#8243;][vc_single_image image=\u00bb2335&#8243; img_size=\u00bbfull\u00bb][vc_column_text]Directora: Mar\u00eda Dolores Meneses Fern\u00e1ndez (+34) 922 31 62 35 dmeneses@ull.es [\/vc_column_text][\/vc_column][vc_column width=\u00bb2\/3&#8243;][vc_column_text] Aula de Cultura de&#8230;<\/p>\n","protected":false},"author":22,"featured_media":1955,"parent":0,"menu_order":0,"comment_status":"closed","ping_status":"closed","template":"","meta":{"inline_featured_image":false,"footnotes":""},"acf":[],"yoast_head":"<!-- This site is optimized with the Yoast SEO plugin v21.3 - https:\/\/yoast.com\/wordpress\/plugins\/seo\/ -->\n<title>Aula de Cultura de Digitalizaci\u00f3n Tecnol\u00f3gica e Inteligencia Artificial en Comunicaci\u00f3n Social - Aulas y C\u00e1tedras Culturales<\/title>\n<meta name=\"robots\" content=\"index, follow, max-snippet:-1, max-image-preview:large, max-video-preview:-1\" \/>\n<link rel=\"canonical\" href=\"https:\/\/www.ull.es\/portal\/aulasycatedrasculturales\/aula-de-cultura-de-digitalizacion-tecnologica-ia\/\" \/>\n<meta property=\"og:locale\" content=\"es_ES\" \/>\n<meta property=\"og:type\" content=\"article\" \/>\n<meta property=\"og:title\" content=\"Aula de Cultura de Digitalizaci\u00f3n Tecnol\u00f3gica e Inteligencia Artificial en Comunicaci\u00f3n Social - Aulas y C\u00e1tedras Culturales\" \/>\n<meta property=\"og:description\" content=\"[vc_row][vc_column][vc_empty_space][\/vc_column][\/vc_row][vc_row][vc_column width=\u00bb1\/3&#8243;][vc_single_image image=\u00bb2335&#8243; img_size=\u00bbfull\u00bb][vc_column_text]Directora: Mar\u00eda Dolores Meneses Fern\u00e1ndez (+34) 922 31 62 35 dmeneses@ull.es [\/vc_column_text][\/vc_column][vc_column width=\u00bb2\/3&#8243;][vc_column_text] Aula de Cultura de...\" \/>\n<meta property=\"og:url\" content=\"https:\/\/www.ull.es\/portal\/aulasycatedrasculturales\/aula-de-cultura-de-digitalizacion-tecnologica-ia\/\" \/>\n<meta property=\"og:site_name\" content=\"Aulas y C\u00e1tedras Culturales\" \/>\n<meta property=\"article:modified_time\" content=\"2024-04-03T12:15:48+00:00\" \/>\n<meta property=\"og:image\" content=\"https:\/\/www.ull.es\/portal\/aulasycatedrasculturales\/wp-content\/uploads\/sites\/19\/2018\/12\/DITECA.jpg\" \/>\n\t<meta property=\"og:image:width\" content=\"360\" \/>\n\t<meta property=\"og:image:height\" content=\"360\" \/>\n\t<meta property=\"og:image:type\" content=\"image\/jpeg\" \/>\n<meta name=\"twitter:card\" content=\"summary_large_image\" \/>\n<meta name=\"twitter:label1\" content=\"Tiempo de lectura\" \/>\n\t<meta name=\"twitter:data1\" content=\"2 minutos\" \/>\n<script type=\"application\/ld+json\" class=\"yoast-schema-graph\">{\"@context\":\"https:\/\/schema.org\",\"@graph\":[{\"@type\":\"WebPage\",\"@id\":\"https:\/\/www.ull.es\/portal\/aulasycatedrasculturales\/aula-de-cultura-de-digitalizacion-tecnologica-ia\/\",\"url\":\"https:\/\/www.ull.es\/portal\/aulasycatedrasculturales\/aula-de-cultura-de-digitalizacion-tecnologica-ia\/\",\"name\":\"Aula de Cultura de Digitalizaci\u00f3n Tecnol\u00f3gica e Inteligencia Artificial en Comunicaci\u00f3n Social - Aulas y C\u00e1tedras Culturales\",\"isPartOf\":{\"@id\":\"https:\/\/www.ull.es\/portal\/aulasycatedrasculturales\/#website\"},\"datePublished\":\"2016-12-19T11:22:48+00:00\",\"dateModified\":\"2024-04-03T12:15:48+00:00\",\"breadcrumb\":{\"@id\":\"https:\/\/www.ull.es\/portal\/aulasycatedrasculturales\/aula-de-cultura-de-digitalizacion-tecnologica-ia\/#breadcrumb\"},\"inLanguage\":\"es\",\"potentialAction\":[{\"@type\":\"ReadAction\",\"target\":[\"https:\/\/www.ull.es\/portal\/aulasycatedrasculturales\/aula-de-cultura-de-digitalizacion-tecnologica-ia\/\"]}]},{\"@type\":\"BreadcrumbList\",\"@id\":\"https:\/\/www.ull.es\/portal\/aulasycatedrasculturales\/aula-de-cultura-de-digitalizacion-tecnologica-ia\/#breadcrumb\",\"itemListElement\":[{\"@type\":\"ListItem\",\"position\":1,\"name\":\"Portada\",\"item\":\"https:\/\/www.ull.es\/portal\/aulasycatedrasculturales\/\"},{\"@type\":\"ListItem\",\"position\":2,\"name\":\"Aula de Cultura de Digitalizaci\u00f3n Tecnol\u00f3gica e Inteligencia Artificial en Comunicaci\u00f3n Social\"}]},{\"@type\":\"WebSite\",\"@id\":\"https:\/\/www.ull.es\/portal\/aulasycatedrasculturales\/#website\",\"url\":\"https:\/\/www.ull.es\/portal\/aulasycatedrasculturales\/\",\"name\":\"Aulas y C\u00e1tedras Culturales\",\"description\":\"\",\"potentialAction\":[{\"@type\":\"SearchAction\",\"target\":{\"@type\":\"EntryPoint\",\"urlTemplate\":\"https:\/\/www.ull.es\/portal\/aulasycatedrasculturales\/?s={search_term_string}\"},\"query-input\":\"required name=search_term_string\"}],\"inLanguage\":\"es\"}]}<\/script>\n<!-- \/ Yoast SEO plugin. -->","yoast_head_json":{"title":"Aula de Cultura de Digitalizaci\u00f3n Tecnol\u00f3gica e Inteligencia Artificial en Comunicaci\u00f3n Social - Aulas y C\u00e1tedras Culturales","robots":{"index":"index","follow":"follow","max-snippet":"max-snippet:-1","max-image-preview":"max-image-preview:large","max-video-preview":"max-video-preview:-1"},"canonical":"https:\/\/www.ull.es\/portal\/aulasycatedrasculturales\/aula-de-cultura-de-digitalizacion-tecnologica-ia\/","og_locale":"es_ES","og_type":"article","og_title":"Aula de Cultura de Digitalizaci\u00f3n Tecnol\u00f3gica e Inteligencia Artificial en Comunicaci\u00f3n Social - Aulas y C\u00e1tedras Culturales","og_description":"[vc_row][vc_column][vc_empty_space][\/vc_column][\/vc_row][vc_row][vc_column width=\u00bb1\/3&#8243;][vc_single_image image=\u00bb2335&#8243; img_size=\u00bbfull\u00bb][vc_column_text]Directora: Mar\u00eda Dolores Meneses Fern\u00e1ndez (+34) 922 31 62 35 dmeneses@ull.es [\/vc_column_text][\/vc_column][vc_column width=\u00bb2\/3&#8243;][vc_column_text] Aula de Cultura de...","og_url":"https:\/\/www.ull.es\/portal\/aulasycatedrasculturales\/aula-de-cultura-de-digitalizacion-tecnologica-ia\/","og_site_name":"Aulas y C\u00e1tedras Culturales","article_modified_time":"2024-04-03T12:15:48+00:00","og_image":[{"width":360,"height":360,"url":"https:\/\/www.ull.es\/portal\/aulasycatedrasculturales\/wp-content\/uploads\/sites\/19\/2018\/12\/DITECA.jpg","type":"image\/jpeg"}],"twitter_card":"summary_large_image","twitter_misc":{"Tiempo de lectura":"2 minutos"},"schema":{"@context":"https:\/\/schema.org","@graph":[{"@type":"WebPage","@id":"https:\/\/www.ull.es\/portal\/aulasycatedrasculturales\/aula-de-cultura-de-digitalizacion-tecnologica-ia\/","url":"https:\/\/www.ull.es\/portal\/aulasycatedrasculturales\/aula-de-cultura-de-digitalizacion-tecnologica-ia\/","name":"Aula de Cultura de Digitalizaci\u00f3n Tecnol\u00f3gica e Inteligencia Artificial en Comunicaci\u00f3n Social - Aulas y C\u00e1tedras Culturales","isPartOf":{"@id":"https:\/\/www.ull.es\/portal\/aulasycatedrasculturales\/#website"},"datePublished":"2016-12-19T11:22:48+00:00","dateModified":"2024-04-03T12:15:48+00:00","breadcrumb":{"@id":"https:\/\/www.ull.es\/portal\/aulasycatedrasculturales\/aula-de-cultura-de-digitalizacion-tecnologica-ia\/#breadcrumb"},"inLanguage":"es","potentialAction":[{"@type":"ReadAction","target":["https:\/\/www.ull.es\/portal\/aulasycatedrasculturales\/aula-de-cultura-de-digitalizacion-tecnologica-ia\/"]}]},{"@type":"BreadcrumbList","@id":"https:\/\/www.ull.es\/portal\/aulasycatedrasculturales\/aula-de-cultura-de-digitalizacion-tecnologica-ia\/#breadcrumb","itemListElement":[{"@type":"ListItem","position":1,"name":"Portada","item":"https:\/\/www.ull.es\/portal\/aulasycatedrasculturales\/"},{"@type":"ListItem","position":2,"name":"Aula de Cultura de Digitalizaci\u00f3n Tecnol\u00f3gica e Inteligencia Artificial en Comunicaci\u00f3n Social"}]},{"@type":"WebSite","@id":"https:\/\/www.ull.es\/portal\/aulasycatedrasculturales\/#website","url":"https:\/\/www.ull.es\/portal\/aulasycatedrasculturales\/","name":"Aulas y C\u00e1tedras Culturales","description":"","potentialAction":[{"@type":"SearchAction","target":{"@type":"EntryPoint","urlTemplate":"https:\/\/www.ull.es\/portal\/aulasycatedrasculturales\/?s={search_term_string}"},"query-input":"required name=search_term_string"}],"inLanguage":"es"}]}},"_links":{"self":[{"href":"https:\/\/www.ull.es\/portal\/aulasycatedrasculturales\/wp-json\/wp\/v2\/pages\/96"}],"collection":[{"href":"https:\/\/www.ull.es\/portal\/aulasycatedrasculturales\/wp-json\/wp\/v2\/pages"}],"about":[{"href":"https:\/\/www.ull.es\/portal\/aulasycatedrasculturales\/wp-json\/wp\/v2\/types\/page"}],"author":[{"embeddable":true,"href":"https:\/\/www.ull.es\/portal\/aulasycatedrasculturales\/wp-json\/wp\/v2\/users\/22"}],"replies":[{"embeddable":true,"href":"https:\/\/www.ull.es\/portal\/aulasycatedrasculturales\/wp-json\/wp\/v2\/comments?post=96"}],"version-history":[{"count":7,"href":"https:\/\/www.ull.es\/portal\/aulasycatedrasculturales\/wp-json\/wp\/v2\/pages\/96\/revisions"}],"predecessor-version":[{"id":2336,"href":"https:\/\/www.ull.es\/portal\/aulasycatedrasculturales\/wp-json\/wp\/v2\/pages\/96\/revisions\/2336"}],"wp:featuredmedia":[{"embeddable":true,"href":"https:\/\/www.ull.es\/portal\/aulasycatedrasculturales\/wp-json\/wp\/v2\/media\/1955"}],"wp:attachment":[{"href":"https:\/\/www.ull.es\/portal\/aulasycatedrasculturales\/wp-json\/wp\/v2\/media?parent=96"}],"curies":[{"name":"wp","href":"https:\/\/api.w.org\/{rel}","templated":true}]}}