{"id":65,"date":"2020-02-07T11:39:49","date_gmt":"2020-02-07T11:39:49","guid":{"rendered":"https:\/\/www.ull.es\/portal\/boletininnovacion\/?page_id=65"},"modified":"2020-06-17T12:44:24","modified_gmt":"2020-06-17T12:44:24","slug":"innovacion-en-marcha","status":"publish","type":"page","link":"https:\/\/www.ull.es\/portal\/boletininnovacion\/innovacion-en-marcha\/","title":{"rendered":"Innovaci\u00f3n en Marcha"},"content":{"rendered":"<p>[vc_row][vc_column][vc_empty_space height=\u00bb40px\u00bb][\/vc_column][\/vc_row][vc_row full_width=\u00bbstretch_row\u00bb gap=\u00bb1&#8243; equal_height=\u00bbyes\u00bb][vc_column css_animation=\u00bbfadeInLeft\u00bb width=\u00bb1\/4&#8243; css=\u00bb.vc_custom_1581084709591{padding-bottom: 7% !important;background-color: #eaeaea !important;}\u00bb][vc_column_text css_animation=\u00bbnone\u00bb]<\/p>\n<h2 class=\"post_title entry-title\">Innovaci\u00f3n docente vs. Zona de confort<\/h2>\n<p>[\/vc_column_text][\/vc_column][vc_column css_animation=\u00bbfadeInRight\u00bb width=\u00bb2\/4&#8243; css=\u00bb.vc_custom_1581084489854{background-color: #eaeaea !important;}\u00bb][vc_column_text]<span style=\"font-weight: 400\">Los tiempos cambian. Hace una d\u00e9cada era impensable que las nuevas tecnolog\u00edas fueran a estar tan presentes en nuestro d\u00eda a d\u00eda. Tanto es as\u00ed que las nuevas generaciones ya vienen con alg\u00fan aparato electr\u00f3nico debajo del brazo. Los llamados millenials y la famosa Generaci\u00f3n Z exigen cada vez m\u00e1s un cambio en la docencia tradicional. <\/span>[\/vc_column_text][vc_btn title=\u00bbM\u00e1s informaci\u00f3n\u00bb align=\u00bbleft\u00bb button_block=\u00bbtrue\u00bb el_class=\u00bbboton-marcha\u00bb link=\u00bburl:https%3A%2F%2Fwww.ull.es%2Fportal%2Fboletininnovacion%2Finnovacion-en-marcha%2Finnovacion-docente-vs-zona-de-confort%2F|||\u00bb][\/vc_column][vc_column css_animation=\u00bbfadeInRight\u00bb width=\u00bb1\/4&#8243; css=\u00bb.vc_custom_1589808060219{background-image: url(https:\/\/www.ull.es\/portal\/boletininnovacion\/wp-content\/uploads\/sites\/37\/2020\/05\/1A.jpg?id=402) !important;background-position: center !important;background-repeat: no-repeat !important;background-size: cover !important;}\u00bb][vc_empty_space height=\u00bb100px\u00bb][\/vc_column][\/vc_row][vc_row][vc_column][vc_empty_space][\/vc_column][\/vc_row][vc_row full_width=\u00bbstretch_row\u00bb gap=\u00bb1&#8243; equal_height=\u00bbyes\u00bb][vc_column css_animation=\u00bbfadeInLeft\u00bb width=\u00bb1\/4&#8243; css=\u00bb.vc_custom_1581084709591{padding-bottom: 7% !important;background-color: #eaeaea !important;}\u00bb][vc_column_text css_animation=\u00bbnone\u00bb]<\/p>\n<h2 class=\"post_title entry-title\">T\u00fa alumno, yo profesor<\/h2>\n<p>[\/vc_column_text][\/vc_column][vc_column css_animation=\u00bbfadeInRight\u00bb width=\u00bb2\/4&#8243; css=\u00bb.vc_custom_1581084489854{background-color: #eaeaea !important;}\u00bb][vc_column_text]<span style=\"font-weight: 400\">Docentes de la Escuela Polit\u00e9cnica Superior de Ingenier\u00eda de la ULL impulsan una metodolog\u00eda basada en la docencia colaborativa, que permite al alumnado obtener m\u00e1s responsabilidades sobre su propio aprendizaje. <\/span>[\/vc_column_text][vc_btn title=\u00bbM\u00e1s informaci\u00f3n\u00bb align=\u00bbleft\u00bb button_block=\u00bbtrue\u00bb el_class=\u00bbboton-marcha\u00bb link=\u00bburl:https%3A%2F%2Fwww.ull.es%2Fportal%2Fboletininnovacion%2Finnovacion-en-marcha%2Ftu-alumno-yo-profesor%2F|||\u00bb][\/vc_column][vc_column css_animation=\u00bbfadeInRight\u00bb width=\u00bb1\/4&#8243; css=\u00bb.vc_custom_1589807778271{background-image: url(https:\/\/www.ull.es\/portal\/boletininnovacion\/wp-content\/uploads\/sites\/37\/2020\/05\/colaboracion6.jpg?id=306) !important;background-position: center !important;background-repeat: no-repeat !important;background-size: cover !important;}\u00bb][vc_empty_space height=\u00bb100px\u00bb][\/vc_column][\/vc_row][vc_row][vc_column][vc_empty_space][\/vc_column][\/vc_row][vc_row full_width=\u00bbstretch_row\u00bb gap=\u00bb1&#8243; equal_height=\u00bbyes\u00bb][vc_column css_animation=\u00bbfadeInLeft\u00bb width=\u00bb1\/4&#8243; css=\u00bb.vc_custom_1581084709591{padding-bottom: 7% !important;background-color: #eaeaea !important;}\u00bb][vc_column_text css_animation=\u00bbnone\u00bb]<\/p>\n<h2 class=\"post_title entry-title\">Se puede hacer ciencia con \u00a1\u00a1\u00a1un palo!!!<\/h2>\n<p>[\/vc_column_text][\/vc_column][vc_column css_animation=\u00bbfadeInRight\u00bb width=\u00bb2\/4&#8243; css=\u00bb.vc_custom_1581084489854{background-color: #eaeaea !important;}\u00bb][vc_column_text]<span style=\"font-weight: 400\">Hace unos a\u00f1os, un anuncio consigui\u00f3 hacerse viral al mostrar la euforia de un ni\u00f1o al recibir un palo como regalo. S\u00ed, as\u00ed es, un simple palo. El ni\u00f1o, entusiasmado, gritaba: \u201c\u00a1\u00a1\u00a1un palo!!!\u2019\u2019 una y otra vez, una frase que estuvo entre las bromas de la gente durante muchos meses despu\u00e9s.<\/span>[\/vc_column_text][vc_btn title=\u00bbM\u00e1s informaci\u00f3n\u00bb align=\u00bbleft\u00bb button_block=\u00bbtrue\u00bb el_class=\u00bbboton-marcha\u00bb link=\u00bburl:https%3A%2F%2Fwww.ull.es%2Fportal%2Fboletininnovacion%2Finnovacion-en-marcha%2Fse-puede-hacer-ciencia-con-un-palo%2F|||\u00bb][\/vc_column][vc_column css_animation=\u00bbfadeInRight\u00bb width=\u00bb1\/4&#8243; css=\u00bb.vc_custom_1589807788280{background-image: url(https:\/\/www.ull.es\/portal\/boletininnovacion\/wp-content\/uploads\/sites\/37\/2020\/05\/ciencia1.jpg?id=359) !important;background-position: center !important;background-repeat: no-repeat !important;background-size: cover !important;}\u00bb][vc_empty_space height=\u00bb100px\u00bb][\/vc_column][\/vc_row]<\/p>\n","protected":false},"excerpt":{"rendered":"<p>[vc_row][vc_column][vc_empty_space height=\u00bb40px\u00bb][\/vc_column][\/vc_row][vc_row full_width=\u00bbstretch_row\u00bb gap=\u00bb1&#8243; equal_height=\u00bbyes\u00bb][vc_column css_animation=\u00bbfadeInLeft\u00bb width=\u00bb1\/4&#8243; css=\u00bb.vc_custom_1581084709591{padding-bottom: 7% !important;background-color: #eaeaea !important;}\u00bb][vc_column_text css_animation=\u00bbnone\u00bb] Innovaci\u00f3n docente vs. Zona de confort [\/vc_column_text][\/vc_column][vc_column css_animation=\u00bbfadeInRight\u00bb width=\u00bb2\/4&#8243; css=\u00bb.vc_custom_1581084489854{background-color: #eaeaea !important;}\u00bb][vc_column_text]Los tiempos cambian. Hace una d\u00e9cada era impensable que las nuevas tecnolog\u00edas fueran a estar tan presentes en nuestro d\u00eda a d\u00eda. Tanto es as\u00ed que las nuevas generaciones ya vienen&#8230;<\/p>\n","protected":false},"author":41,"featured_media":0,"parent":0,"menu_order":0,"comment_status":"closed","ping_status":"closed","template":"templates\/cienciaull.php","meta":{"inline_featured_image":false,"footnotes":""},"acf":[],"yoast_head":"<!-- This site is optimized with the Yoast SEO plugin v21.3 - https:\/\/yoast.com\/wordpress\/plugins\/seo\/ -->\n<title>Innovaci\u00f3n en Marcha - Bolet\u00edn de Innovaci\u00f3n<\/title>\n<meta name=\"robots\" content=\"index, follow, max-snippet:-1, max-image-preview:large, max-video-preview:-1\" \/>\n<link rel=\"canonical\" href=\"https:\/\/www.ull.es\/portal\/boletininnovacion\/innovacion-en-marcha\/\" \/>\n<meta property=\"og:locale\" content=\"es_ES\" \/>\n<meta property=\"og:type\" content=\"article\" \/>\n<meta property=\"og:title\" content=\"Innovaci\u00f3n en Marcha - Bolet\u00edn de Innovaci\u00f3n\" \/>\n<meta property=\"og:description\" content=\"[vc_row][vc_column][vc_empty_space height=\u00bb40px\u00bb][\/vc_column][\/vc_row][vc_row full_width=\u00bbstretch_row\u00bb gap=\u00bb1&#8243; equal_height=\u00bbyes\u00bb][vc_column css_animation=\u00bbfadeInLeft\u00bb width=\u00bb1\/4&#8243; css=\u00bb.vc_custom_1581084709591{padding-bottom: 7% !important;background-color: #eaeaea !important;}\u00bb][vc_column_text css_animation=\u00bbnone\u00bb] Innovaci\u00f3n docente vs. Zona de confort [\/vc_column_text][\/vc_column][vc_column css_animation=\u00bbfadeInRight\u00bb width=\u00bb2\/4&#8243; css=\u00bb.vc_custom_1581084489854{background-color: #eaeaea !important;}\u00bb][vc_column_text]Los tiempos cambian. Hace una d\u00e9cada era impensable que las nuevas tecnolog\u00edas fueran a estar tan presentes en nuestro d\u00eda a d\u00eda. Tanto es as\u00ed que las nuevas generaciones ya vienen...\" \/>\n<meta property=\"og:url\" content=\"https:\/\/www.ull.es\/portal\/boletininnovacion\/innovacion-en-marcha\/\" \/>\n<meta property=\"og:site_name\" content=\"Bolet\u00edn de Innovaci\u00f3n\" \/>\n<meta property=\"article:modified_time\" content=\"2020-06-17T12:44:24+00:00\" \/>\n<meta name=\"twitter:card\" content=\"summary_large_image\" \/>\n<meta name=\"twitter:label1\" content=\"Tiempo de lectura\" \/>\n\t<meta name=\"twitter:data1\" content=\"3 minutos\" \/>\n<script type=\"application\/ld+json\" class=\"yoast-schema-graph\">{\"@context\":\"https:\/\/schema.org\",\"@graph\":[{\"@type\":\"WebPage\",\"@id\":\"https:\/\/www.ull.es\/portal\/boletininnovacion\/innovacion-en-marcha\/\",\"url\":\"https:\/\/www.ull.es\/portal\/boletininnovacion\/innovacion-en-marcha\/\",\"name\":\"Innovaci\u00f3n en Marcha - Bolet\u00edn de Innovaci\u00f3n\",\"isPartOf\":{\"@id\":\"https:\/\/www.ull.es\/portal\/boletininnovacion\/#website\"},\"datePublished\":\"2020-02-07T11:39:49+00:00\",\"dateModified\":\"2020-06-17T12:44:24+00:00\",\"breadcrumb\":{\"@id\":\"https:\/\/www.ull.es\/portal\/boletininnovacion\/innovacion-en-marcha\/#breadcrumb\"},\"inLanguage\":\"es\",\"potentialAction\":[{\"@type\":\"ReadAction\",\"target\":[\"https:\/\/www.ull.es\/portal\/boletininnovacion\/innovacion-en-marcha\/\"]}]},{\"@type\":\"BreadcrumbList\",\"@id\":\"https:\/\/www.ull.es\/portal\/boletininnovacion\/innovacion-en-marcha\/#breadcrumb\",\"itemListElement\":[{\"@type\":\"ListItem\",\"position\":1,\"name\":\"Portada\",\"item\":\"https:\/\/www.ull.es\/portal\/boletininnovacion\/\"},{\"@type\":\"ListItem\",\"position\":2,\"name\":\"Innovaci\u00f3n en Marcha\"}]},{\"@type\":\"WebSite\",\"@id\":\"https:\/\/www.ull.es\/portal\/boletininnovacion\/#website\",\"url\":\"https:\/\/www.ull.es\/portal\/boletininnovacion\/\",\"name\":\"Bolet\u00edn de Innovaci\u00f3n\",\"description\":\"\",\"potentialAction\":[{\"@type\":\"SearchAction\",\"target\":{\"@type\":\"EntryPoint\",\"urlTemplate\":\"https:\/\/www.ull.es\/portal\/boletininnovacion\/?s={search_term_string}\"},\"query-input\":\"required name=search_term_string\"}],\"inLanguage\":\"es\"}]}<\/script>\n<!-- \/ Yoast SEO plugin. -->","yoast_head_json":{"title":"Innovaci\u00f3n en Marcha - Bolet\u00edn de Innovaci\u00f3n","robots":{"index":"index","follow":"follow","max-snippet":"max-snippet:-1","max-image-preview":"max-image-preview:large","max-video-preview":"max-video-preview:-1"},"canonical":"https:\/\/www.ull.es\/portal\/boletininnovacion\/innovacion-en-marcha\/","og_locale":"es_ES","og_type":"article","og_title":"Innovaci\u00f3n en Marcha - Bolet\u00edn de Innovaci\u00f3n","og_description":"[vc_row][vc_column][vc_empty_space height=\u00bb40px\u00bb][\/vc_column][\/vc_row][vc_row full_width=\u00bbstretch_row\u00bb gap=\u00bb1&#8243; equal_height=\u00bbyes\u00bb][vc_column css_animation=\u00bbfadeInLeft\u00bb width=\u00bb1\/4&#8243; css=\u00bb.vc_custom_1581084709591{padding-bottom: 7% !important;background-color: #eaeaea !important;}\u00bb][vc_column_text css_animation=\u00bbnone\u00bb] Innovaci\u00f3n docente vs. Zona de confort [\/vc_column_text][\/vc_column][vc_column css_animation=\u00bbfadeInRight\u00bb width=\u00bb2\/4&#8243; css=\u00bb.vc_custom_1581084489854{background-color: #eaeaea !important;}\u00bb][vc_column_text]Los tiempos cambian. Hace una d\u00e9cada era impensable que las nuevas tecnolog\u00edas fueran a estar tan presentes en nuestro d\u00eda a d\u00eda. Tanto es as\u00ed que las nuevas generaciones ya vienen...","og_url":"https:\/\/www.ull.es\/portal\/boletininnovacion\/innovacion-en-marcha\/","og_site_name":"Bolet\u00edn de Innovaci\u00f3n","article_modified_time":"2020-06-17T12:44:24+00:00","twitter_card":"summary_large_image","twitter_misc":{"Tiempo de lectura":"3 minutos"},"schema":{"@context":"https:\/\/schema.org","@graph":[{"@type":"WebPage","@id":"https:\/\/www.ull.es\/portal\/boletininnovacion\/innovacion-en-marcha\/","url":"https:\/\/www.ull.es\/portal\/boletininnovacion\/innovacion-en-marcha\/","name":"Innovaci\u00f3n en Marcha - Bolet\u00edn de Innovaci\u00f3n","isPartOf":{"@id":"https:\/\/www.ull.es\/portal\/boletininnovacion\/#website"},"datePublished":"2020-02-07T11:39:49+00:00","dateModified":"2020-06-17T12:44:24+00:00","breadcrumb":{"@id":"https:\/\/www.ull.es\/portal\/boletininnovacion\/innovacion-en-marcha\/#breadcrumb"},"inLanguage":"es","potentialAction":[{"@type":"ReadAction","target":["https:\/\/www.ull.es\/portal\/boletininnovacion\/innovacion-en-marcha\/"]}]},{"@type":"BreadcrumbList","@id":"https:\/\/www.ull.es\/portal\/boletininnovacion\/innovacion-en-marcha\/#breadcrumb","itemListElement":[{"@type":"ListItem","position":1,"name":"Portada","item":"https:\/\/www.ull.es\/portal\/boletininnovacion\/"},{"@type":"ListItem","position":2,"name":"Innovaci\u00f3n en Marcha"}]},{"@type":"WebSite","@id":"https:\/\/www.ull.es\/portal\/boletininnovacion\/#website","url":"https:\/\/www.ull.es\/portal\/boletininnovacion\/","name":"Bolet\u00edn de Innovaci\u00f3n","description":"","potentialAction":[{"@type":"SearchAction","target":{"@type":"EntryPoint","urlTemplate":"https:\/\/www.ull.es\/portal\/boletininnovacion\/?s={search_term_string}"},"query-input":"required name=search_term_string"}],"inLanguage":"es"}]}},"_links":{"self":[{"href":"https:\/\/www.ull.es\/portal\/boletininnovacion\/wp-json\/wp\/v2\/pages\/65"}],"collection":[{"href":"https:\/\/www.ull.es\/portal\/boletininnovacion\/wp-json\/wp\/v2\/pages"}],"about":[{"href":"https:\/\/www.ull.es\/portal\/boletininnovacion\/wp-json\/wp\/v2\/types\/page"}],"author":[{"embeddable":true,"href":"https:\/\/www.ull.es\/portal\/boletininnovacion\/wp-json\/wp\/v2\/users\/41"}],"replies":[{"embeddable":true,"href":"https:\/\/www.ull.es\/portal\/boletininnovacion\/wp-json\/wp\/v2\/comments?post=65"}],"version-history":[{"count":23,"href":"https:\/\/www.ull.es\/portal\/boletininnovacion\/wp-json\/wp\/v2\/pages\/65\/revisions"}],"predecessor-version":[{"id":403,"href":"https:\/\/www.ull.es\/portal\/boletininnovacion\/wp-json\/wp\/v2\/pages\/65\/revisions\/403"}],"wp:attachment":[{"href":"https:\/\/www.ull.es\/portal\/boletininnovacion\/wp-json\/wp\/v2\/media?parent=65"}],"curies":[{"name":"wp","href":"https:\/\/api.w.org\/{rel}","templated":true}]}}