{"id":112,"date":"2021-03-24T18:46:05","date_gmt":"2021-03-24T18:46:05","guid":{"rendered":"https:\/\/www.ull.es\/portal\/boletininnovacion2\/?page_id=112"},"modified":"2021-05-20T14:37:32","modified_gmt":"2021-05-20T14:37:32","slug":"el-equipo-un-impulso-para-el-desarrollo","status":"publish","type":"page","link":"https:\/\/www.ull.es\/portal\/boletininnovacion2\/el-equipo-un-impulso-para-el-desarrollo\/","title":{"rendered":"El equipo, un impulso para el desarrollo"},"content":{"rendered":"<p>[vc_row][vc_column][vc_empty_space][\/vc_column][\/vc_row][vc_row full_width=\u00bbstretch_row\u00bb equal_height=\u00bbyes\u00bb][vc_column width=\u00bb1\/2&#8243; css=\u00bb.vc_custom_1616617689750{background-image: url(https:\/\/www.ull.es\/portal\/boletininnovacion2\/wp-content\/uploads\/sites\/45\/2021\/03\/desarollo-viodejuegos.jpg?id=119) !important;background-position: center !important;background-repeat: no-repeat !important;background-size: cover !important;}\u00bb][vc_empty_space height=\u00bb400px\u00bb][\/vc_column][vc_column width=\u00bb1\/2&#8243; css=\u00bb.vc_custom_1616593459031{background-color: #9f416b !important;}\u00bb][vc_column_text]<\/p>\n<h1><span style=\"font-weight: 400;color: #ffffff\"> El equipo, un impulso para el desarrollo<\/span><\/h1>\n<p><span style=\"font-weight: 400;font-size: 20px;color: #ffffff\">La coordinaci\u00f3n y creaci\u00f3n de equipo en el M.U. en Desarrollo de Videojuegos<br \/>\n<\/span>[\/vc_column_text][\/vc_column][\/vc_row][vc_row][vc_column][vc_empty_space][\/vc_column][\/vc_row][vc_row][vc_column][vc_empty_space][vc_column_text]<span style=\"font-weight: 400\">El trabajo en equipo es una de las habilidades m\u00e1s valiosas en el \u00e1mbito laboral y es esencial para las din\u00e1micas organizacionales.\u00a0 Una buena coordinaci\u00f3n del equipo de trabajo permite aprovechar al m\u00e1ximo el capital humano del que se dispone. Sin embargo, esto es un desaf\u00edo y los l\u00edderes de equipo en todos los niveles deben estar preparados. Cada miembro del equipo es responsable de una parte de todo el trabajo. Solo cuando todos los miembros del equipo cumplen con sus funciones se puede lograr el objetivo. El trabajo grupal es algo m\u00e1s que la suma de las contribuciones individuales de cada miembro.<\/span><\/p>\n<p><span style=\"font-weight: 400\">La creaci\u00f3n y coordinaci\u00f3n de equipos tambi\u00e9n se extrapola al mundo universitario, aqu\u00ed se podr\u00e1 abordar el desarrollo de un equipo a trav\u00e9s del caso del <\/span><a href=\"https:\/\/www.ull.es\/masteres\/desarrollo-videojuegos\/\" target=\"_blank\" rel=\"noopener\"><span style=\"font-weight: 400\">M\u00e1ster Universitario (M.U.) en Desarrollo de Videojuegos<\/span><\/a><span style=\"font-weight: 400\"> en la Universidad de La Laguna (ULL). Estos estudios presentan unas caracter\u00edsticas eminentemente pr\u00e1cticas que necesita que el equipo que lo dirija pueda coordinar las diferentes disciplinas que lo componen. De esta manera, el alumnado con titulaciones del \u00e1mbito de la inform\u00e1tica y de las tecnolog\u00edas de la informaci\u00f3n pueden centrarse en los m\u00e9todos y t\u00e9cnicas del desarrollo de videojuegos.<\/span><\/p>\n<p><span style=\"font-weight: 400\">El M.U. en Desarrollo de Videojuegos es de car\u00e1cter profesionalizante y est\u00e1 dise\u00f1ado para brindar valor a la creciente industria nacional de los videojuegos.\u00a0 De forma que se les ayuda a satisfacer sus necesidades de capacitaci\u00f3n y poder desarrollarse profesionalmente es sinton\u00eda con las tendencias del sector en los \u00faltimos a\u00f1os.<\/span>[\/vc_column_text][vc_empty_space][\/vc_column][\/vc_row][vc_row][vc_column][vc_empty_space][\/vc_column][\/vc_row][vc_row equal_height=\u00bbyes\u00bb css=\u00bb.vc_custom_1616594513922{background-color: #9f416b !important;}\u00bb][vc_column css=\u00bb.vc_custom_1616594417780{background-position: center !important;background-repeat: no-repeat !important;background-size: cover !important;}\u00bb][vc_column_text]<span style=\"font-weight: 400;font-size: 20px;color: #ffffff\">Un equipo multidisciplinar <\/span>[\/vc_column_text][\/vc_column][\/vc_row][vc_row][vc_column][vc_empty_space][vc_row_inner equal_height=\u00bbyes\u00bb content_placement=\u00bbmiddle\u00bb gap=\u00bb2&#8243;][vc_column_inner width=\u00bb1\/2&#8243;][vc_column_text]<span style=\"font-weight: 400\">Como muchos otros campos creativos, el desarrollo de videojuegos es una tarea multidisciplinar que puede involucrar desde unas pocas personas hasta miles. Es por eso que en la planificaci\u00f3n de este M.U. los miembros del equipo docente optaron por un aprendizaje basado en el desarrollo de proyectos que puedan ejecutarse no solo en una asignatura, sino en varias. Al distribuirse en m\u00faltiples materias se crean proyectos con mayor entidad que pueden componer el portafolio profesional de estudiantado. En todo este proceso el alumnado debe utilizar herramientas de colaboraci\u00f3n similares a las que se utilizan en el mundo profesional.<\/span>[\/vc_column_text][\/vc_column_inner][vc_column_inner width=\u00bb1\/2&#8243;][vc_single_image image=\u00bb113&#8243; img_size=\u00bbfull\u00bb][\/vc_column_inner][\/vc_row_inner][vc_empty_space][vc_column_text]<span style=\"font-weight: 400\">Para que esto sea posible se plante\u00f3 el objetivo adicional de encontrar f\u00f3rmulas que favorezcan la coordinaci\u00f3n transversal entre todas las disciplinas, porque todas las ramas que componen la titulaci\u00f3n se relacionan en el proyecto. As\u00ed lo refiere <\/span><a href=\"https:\/\/www.ull.es\/apps\/guias\/guias\/view_teacher_niu\/572\/(%3FPjmtorres.*)\/\" target=\"_blank\" rel=\"noopener\"><span style=\"font-weight: 400\">Jes\u00fas Torres<\/span><\/a><span style=\"font-weight: 400\">, docente en la ULL y Director Acad\u00e9mico del M.U. en Desarrollo de Videojuegos.\u00a0<\/span><\/p>\n<p><span style=\"font-weight: 400\">Con respecto a la creaci\u00f3n y desarrollo del equipo se estableci\u00f3 a nivel organizativo que el trabajo se desempe\u00f1ar\u00eda de la manera m\u00e1s horizontal posible. De manera esquem\u00e1tica se puede observar el proceso:<\/span>[\/vc_column_text][vc_empty_space][\/vc_column][\/vc_row][vc_row][vc_column][vc_empty_space][\/vc_column][\/vc_row][vc_row equal_height=\u00bbyes\u00bb css=\u00bb.vc_custom_1616594513922{background-color: #9f416b !important;}\u00bb][vc_column css=\u00bb.vc_custom_1616594417780{background-position: center !important;background-repeat: no-repeat !important;background-size: cover !important;}\u00bb][vc_column_text]<span style=\"font-weight: 400;font-size: 20px;color: #ffffff\">Momentos caf\u00e9 como pegamento social<\/span>[\/vc_column_text][\/vc_column][\/vc_row][vc_row][vc_column][vc_empty_space][vc_row_inner equal_height=\u00bbyes\u00bb content_placement=\u00bbmiddle\u00bb gap=\u00bb2&#8243;][vc_column_inner width=\u00bb1\/2&#8243;][vc_video link=\u00bbhttps:\/\/youtu.be\/QcuYjK6Q7sc\u00bb][vc_column_text]<\/p>\n<p style=\"text-align: center\"><span style=\"font-weight: 400;font-size: 10px\">T\u00e9cnicas de filtraci\u00f3n por membrana<\/span><\/p>\n<p>[\/vc_column_text][\/vc_column_inner][vc_column_inner width=\u00bb1\/2&#8243;][vc_column_text]<span style=\"font-weight: 400\">Las gestiones cotidianas de organizaci\u00f3n o la formaci\u00f3n de equipos no suelen destacarse en la labor de la docencia, estas cuestiones no parecen tener nada que ver con la ense\u00f1anza. Sin embargo,\u00a0 Torres afirma que \u201clamentablemente, no se le da a la creaci\u00f3n de equipo la importancia que se merece. Una relevancia que s\u00ed se reconoce en otras organizaciones\u201d. En las circunstancias actuales deber\u00eda reconocerse a\u00fan m\u00e1s su importancia,\u00a0 puesto que cada vez es m\u00e1s dif\u00edcil conseguir esos \u00abmomentos caf\u00e9 que act\u00faan como pegamento social\u201d. <\/span>[\/vc_column_text][\/vc_column_inner][\/vc_row_inner][vc_empty_space][vc_column_text]<span style=\"font-weight: 400\">Crear un sistema de trabajo de coordinaci\u00f3n y cooperaci\u00f3n facilita la toma de decisiones sobre la metodolog\u00eda de las actividades a realizar en todas las materias. Por ejemplo, las ideas de videojuegos conceptualizadas en Dise\u00f1o de Videojuegos fueran implementadas en asignaturas posteriores, como Fundamentos del Desarrollo de Videojuegos o Desarrollo de Videojuegos 3D. Tambi\u00e9n, utilizar los primeros proyectos en Fundamentos del Desarrollo de Videojuegos para seguir trabajando sobre ellos en asignaturas del segundo cuatrimestre. Por ejemplo, para migrarlos a otras plataformas o agregar una interfaz de usuario en el tema correspondiente.<\/span><\/p>\n<p><span style=\"font-weight: 400\">La forma en la que concluy\u00f3 el pasado curso dificult\u00f3 la consecuci\u00f3n de los objetivos marcados inicialmente, pero a\u00fan as\u00ed los primeros pasos de este proyecto han supuesto una avance y comienzo significativo para el futuro de este m\u00e1ster.Sin embargo, con el tiempo Jes\u00fas T. y su equipo esperan lograr una mayor cohesi\u00f3n entre las asignaturas y los proyectos desarrollados en ellas. No es sencilla, pero \u201cest\u00e1n aprendiendo a hacerlo\u201d.\u00a0<\/span><\/p>\n<p><span style=\"font-weight: 400\">El \u00e9xito de un equipo de trabajo depende en gran medida de factores humanos. El equipo es un engranaje formado por personas y sus capacidades, y debe ser guiado en base a la cooperaci\u00f3n y coordinaci\u00f3n para lograr los objetivos marcados por el proyecto. Para lograrlo las herramientas de comunicaci\u00f3n influyen en el proceso, y as\u00ed lo muestra J. Torres.<\/span>[\/vc_column_text][\/vc_column][\/vc_row][vc_row][vc_column][vc_empty_space][\/vc_column][\/vc_row][vc_row equal_height=\u00bbyes\u00bb css=\u00bb.vc_custom_1616594513922{background-color: #9f416b !important;}\u00bb][vc_column css=\u00bb.vc_custom_1616594417780{background-position: center !important;background-repeat: no-repeat !important;background-size: cover !important;}\u00bb][vc_column_text]<span style=\"font-weight: 400;font-size: 20px;color: #ffffff\">Breve CV docente del autor del proyecto<br \/>\n<\/span>[\/vc_column_text][\/vc_column][\/vc_row][vc_row][vc_column][vc_empty_space][\/vc_column][\/vc_row][vc_row gap=\u00bb2&#8243; equal_height=\u00bbyes\u00bb content_placement=\u00bbtop\u00bb][vc_column width=\u00bb1\/2&#8243; css=\u00bb.vc_custom_1616603326604{padding-top: 3% !important;padding-right: 2% !important;padding-bottom: 3% !important;padding-left: 2% !important;background-color: #d6d6d6 !important;}\u00bb][vc_empty_space height=\u00bb20px\u00bb][vc_single_image image=\u00bb117&#8243; img_size=\u00bb300&#215;361&#8243; alignment=\u00bbcenter\u00bb css_animation=\u00bbzoomIn\u00bb][vc_empty_space height=\u00bb10px\u00bb][vc_empty_space height=\u00bb20px\u00bb][\/vc_column][vc_column width=\u00bb1\/2&#8243;][vc_empty_space height=\u00bb20px\u00bb][vc_column_text]<a href=\"https:\/\/www.ull.es\/apps\/guias\/guias\/view_teacher_niu\/572\/(%3FPjmtorres.*)\/\" target=\"_blank\" rel=\"noopener\"><b>Jes\u00fas Miguel Torres Jorge<\/b><\/a><\/p>\n<p><span style=\"font-weight: 400\">Profesor Doctor del \u00e1rea de Ingenier\u00eda de Sistemas y Autom\u00e1tica del Dpto. de Ingenier\u00eda Inform\u00e1tica y de Sistemas y Director Acad\u00e9mico del M.U. en Desarrollo de Videojuegos.<\/span>[\/vc_column_text][vc_empty_space height=\u00bb20px\u00bb][\/vc_column][\/vc_row]<\/p>\n","protected":false},"excerpt":{"rendered":"<p>[vc_row][vc_column][vc_empty_space][\/vc_column][\/vc_row][vc_row full_width=\u00bbstretch_row\u00bb equal_height=\u00bbyes\u00bb][vc_column width=\u00bb1\/2&#8243; css=\u00bb.vc_custom_1616617689750{background-image: url(https:\/\/www.ull.es\/portal\/boletininnovacion2\/wp-content\/uploads\/sites\/45\/2021\/03\/desarollo-viodejuegos.jpg?id=119) !important;background-position: center !important;background-repeat: no-repeat !important;background-size: cover !important;}\u00bb][vc_empty_space height=\u00bb400px\u00bb][\/vc_column][vc_column width=\u00bb1\/2&#8243; css=\u00bb.vc_custom_1616593459031{background-color: #9f416b !important;}\u00bb][vc_column_text] El equipo, un impulso para el desarrollo La coordinaci\u00f3n y creaci\u00f3n de equipo en el M.U. en Desarrollo de Videojuegos [\/vc_column_text][\/vc_column][\/vc_row][vc_row][vc_column][vc_empty_space][\/vc_column][\/vc_row][vc_row][vc_column][vc_empty_space][vc_column_text]El trabajo en equipo es una de las habilidades m\u00e1s valiosas en el \u00e1mbito laboral y es&#8230;<\/p>\n","protected":false},"author":41,"featured_media":0,"parent":0,"menu_order":0,"comment_status":"closed","ping_status":"closed","template":"templates\/template-no-title.php","meta":{"inline_featured_image":false,"footnotes":""},"acf":[],"yoast_head":"<!-- This site is optimized with the Yoast SEO plugin v21.3 - https:\/\/yoast.com\/wordpress\/plugins\/seo\/ -->\n<title>El equipo, un impulso para el desarrollo - Boletin de Innovaci\u00f3n<\/title>\n<meta name=\"robots\" content=\"index, follow, max-snippet:-1, max-image-preview:large, max-video-preview:-1\" \/>\n<link rel=\"canonical\" href=\"https:\/\/www.ull.es\/portal\/boletininnovacion2\/el-equipo-un-impulso-para-el-desarrollo\/\" \/>\n<meta property=\"og:locale\" content=\"es_ES\" \/>\n<meta property=\"og:type\" content=\"article\" \/>\n<meta property=\"og:title\" content=\"El equipo, un impulso para el desarrollo - Boletin de Innovaci\u00f3n\" \/>\n<meta property=\"og:description\" content=\"[vc_row][vc_column][vc_empty_space][\/vc_column][\/vc_row][vc_row full_width=\u00bbstretch_row\u00bb equal_height=\u00bbyes\u00bb][vc_column width=\u00bb1\/2&#8243; css=\u00bb.vc_custom_1616617689750{background-image: url(https:\/\/www.ull.es\/portal\/boletininnovacion2\/wp-content\/uploads\/sites\/45\/2021\/03\/desarollo-viodejuegos.jpg?id=119) !important;background-position: center !important;background-repeat: no-repeat !important;background-size: cover !important;}\u00bb][vc_empty_space height=\u00bb400px\u00bb][\/vc_column][vc_column width=\u00bb1\/2&#8243; css=\u00bb.vc_custom_1616593459031{background-color: #9f416b !important;}\u00bb][vc_column_text] El equipo, un impulso para el desarrollo La coordinaci\u00f3n y creaci\u00f3n de equipo en el M.U. en Desarrollo de Videojuegos [\/vc_column_text][\/vc_column][\/vc_row][vc_row][vc_column][vc_empty_space][\/vc_column][\/vc_row][vc_row][vc_column][vc_empty_space][vc_column_text]El trabajo en equipo es una de las habilidades m\u00e1s valiosas en el \u00e1mbito laboral y es...\" \/>\n<meta property=\"og:url\" content=\"https:\/\/www.ull.es\/portal\/boletininnovacion2\/el-equipo-un-impulso-para-el-desarrollo\/\" \/>\n<meta property=\"og:site_name\" content=\"Boletin de Innovaci\u00f3n\" \/>\n<meta property=\"article:modified_time\" content=\"2021-05-20T14:37:32+00:00\" \/>\n<meta name=\"twitter:card\" content=\"summary_large_image\" \/>\n<meta name=\"twitter:label1\" content=\"Tiempo de lectura\" \/>\n\t<meta name=\"twitter:data1\" content=\"4 minutos\" \/>\n<script type=\"application\/ld+json\" class=\"yoast-schema-graph\">{\"@context\":\"https:\/\/schema.org\",\"@graph\":[{\"@type\":\"WebPage\",\"@id\":\"https:\/\/www.ull.es\/portal\/boletininnovacion2\/el-equipo-un-impulso-para-el-desarrollo\/\",\"url\":\"https:\/\/www.ull.es\/portal\/boletininnovacion2\/el-equipo-un-impulso-para-el-desarrollo\/\",\"name\":\"El equipo, un impulso para el desarrollo - Boletin de Innovaci\u00f3n\",\"isPartOf\":{\"@id\":\"https:\/\/www.ull.es\/portal\/boletininnovacion2\/#website\"},\"datePublished\":\"2021-03-24T18:46:05+00:00\",\"dateModified\":\"2021-05-20T14:37:32+00:00\",\"breadcrumb\":{\"@id\":\"https:\/\/www.ull.es\/portal\/boletininnovacion2\/el-equipo-un-impulso-para-el-desarrollo\/#breadcrumb\"},\"inLanguage\":\"es\",\"potentialAction\":[{\"@type\":\"ReadAction\",\"target\":[\"https:\/\/www.ull.es\/portal\/boletininnovacion2\/el-equipo-un-impulso-para-el-desarrollo\/\"]}]},{\"@type\":\"BreadcrumbList\",\"@id\":\"https:\/\/www.ull.es\/portal\/boletininnovacion2\/el-equipo-un-impulso-para-el-desarrollo\/#breadcrumb\",\"itemListElement\":[{\"@type\":\"ListItem\",\"position\":1,\"name\":\"Portada\",\"item\":\"https:\/\/www.ull.es\/portal\/boletininnovacion2\/\"},{\"@type\":\"ListItem\",\"position\":2,\"name\":\"El equipo, un impulso para el desarrollo\"}]},{\"@type\":\"WebSite\",\"@id\":\"https:\/\/www.ull.es\/portal\/boletininnovacion2\/#website\",\"url\":\"https:\/\/www.ull.es\/portal\/boletininnovacion2\/\",\"name\":\"Boletin de Innovaci\u00f3n\",\"description\":\"\",\"potentialAction\":[{\"@type\":\"SearchAction\",\"target\":{\"@type\":\"EntryPoint\",\"urlTemplate\":\"https:\/\/www.ull.es\/portal\/boletininnovacion2\/?s={search_term_string}\"},\"query-input\":\"required name=search_term_string\"}],\"inLanguage\":\"es\"}]}<\/script>\n<!-- \/ Yoast SEO plugin. -->","yoast_head_json":{"title":"El equipo, un impulso para el desarrollo - Boletin de Innovaci\u00f3n","robots":{"index":"index","follow":"follow","max-snippet":"max-snippet:-1","max-image-preview":"max-image-preview:large","max-video-preview":"max-video-preview:-1"},"canonical":"https:\/\/www.ull.es\/portal\/boletininnovacion2\/el-equipo-un-impulso-para-el-desarrollo\/","og_locale":"es_ES","og_type":"article","og_title":"El equipo, un impulso para el desarrollo - Boletin de Innovaci\u00f3n","og_description":"[vc_row][vc_column][vc_empty_space][\/vc_column][\/vc_row][vc_row full_width=\u00bbstretch_row\u00bb equal_height=\u00bbyes\u00bb][vc_column width=\u00bb1\/2&#8243; css=\u00bb.vc_custom_1616617689750{background-image: url(https:\/\/www.ull.es\/portal\/boletininnovacion2\/wp-content\/uploads\/sites\/45\/2021\/03\/desarollo-viodejuegos.jpg?id=119) !important;background-position: center !important;background-repeat: no-repeat !important;background-size: cover !important;}\u00bb][vc_empty_space height=\u00bb400px\u00bb][\/vc_column][vc_column width=\u00bb1\/2&#8243; css=\u00bb.vc_custom_1616593459031{background-color: #9f416b !important;}\u00bb][vc_column_text] El equipo, un impulso para el desarrollo La coordinaci\u00f3n y creaci\u00f3n de equipo en el M.U. en Desarrollo de Videojuegos [\/vc_column_text][\/vc_column][\/vc_row][vc_row][vc_column][vc_empty_space][\/vc_column][\/vc_row][vc_row][vc_column][vc_empty_space][vc_column_text]El trabajo en equipo es una de las habilidades m\u00e1s valiosas en el \u00e1mbito laboral y es...","og_url":"https:\/\/www.ull.es\/portal\/boletininnovacion2\/el-equipo-un-impulso-para-el-desarrollo\/","og_site_name":"Boletin de Innovaci\u00f3n","article_modified_time":"2021-05-20T14:37:32+00:00","twitter_card":"summary_large_image","twitter_misc":{"Tiempo de lectura":"4 minutos"},"schema":{"@context":"https:\/\/schema.org","@graph":[{"@type":"WebPage","@id":"https:\/\/www.ull.es\/portal\/boletininnovacion2\/el-equipo-un-impulso-para-el-desarrollo\/","url":"https:\/\/www.ull.es\/portal\/boletininnovacion2\/el-equipo-un-impulso-para-el-desarrollo\/","name":"El equipo, un impulso para el desarrollo - Boletin de Innovaci\u00f3n","isPartOf":{"@id":"https:\/\/www.ull.es\/portal\/boletininnovacion2\/#website"},"datePublished":"2021-03-24T18:46:05+00:00","dateModified":"2021-05-20T14:37:32+00:00","breadcrumb":{"@id":"https:\/\/www.ull.es\/portal\/boletininnovacion2\/el-equipo-un-impulso-para-el-desarrollo\/#breadcrumb"},"inLanguage":"es","potentialAction":[{"@type":"ReadAction","target":["https:\/\/www.ull.es\/portal\/boletininnovacion2\/el-equipo-un-impulso-para-el-desarrollo\/"]}]},{"@type":"BreadcrumbList","@id":"https:\/\/www.ull.es\/portal\/boletininnovacion2\/el-equipo-un-impulso-para-el-desarrollo\/#breadcrumb","itemListElement":[{"@type":"ListItem","position":1,"name":"Portada","item":"https:\/\/www.ull.es\/portal\/boletininnovacion2\/"},{"@type":"ListItem","position":2,"name":"El equipo, un impulso para el desarrollo"}]},{"@type":"WebSite","@id":"https:\/\/www.ull.es\/portal\/boletininnovacion2\/#website","url":"https:\/\/www.ull.es\/portal\/boletininnovacion2\/","name":"Boletin de Innovaci\u00f3n","description":"","potentialAction":[{"@type":"SearchAction","target":{"@type":"EntryPoint","urlTemplate":"https:\/\/www.ull.es\/portal\/boletininnovacion2\/?s={search_term_string}"},"query-input":"required name=search_term_string"}],"inLanguage":"es"}]}},"_links":{"self":[{"href":"https:\/\/www.ull.es\/portal\/boletininnovacion2\/wp-json\/wp\/v2\/pages\/112"}],"collection":[{"href":"https:\/\/www.ull.es\/portal\/boletininnovacion2\/wp-json\/wp\/v2\/pages"}],"about":[{"href":"https:\/\/www.ull.es\/portal\/boletininnovacion2\/wp-json\/wp\/v2\/types\/page"}],"author":[{"embeddable":true,"href":"https:\/\/www.ull.es\/portal\/boletininnovacion2\/wp-json\/wp\/v2\/users\/41"}],"replies":[{"embeddable":true,"href":"https:\/\/www.ull.es\/portal\/boletininnovacion2\/wp-json\/wp\/v2\/comments?post=112"}],"version-history":[{"count":6,"href":"https:\/\/www.ull.es\/portal\/boletininnovacion2\/wp-json\/wp\/v2\/pages\/112\/revisions"}],"predecessor-version":[{"id":341,"href":"https:\/\/www.ull.es\/portal\/boletininnovacion2\/wp-json\/wp\/v2\/pages\/112\/revisions\/341"}],"wp:attachment":[{"href":"https:\/\/www.ull.es\/portal\/boletininnovacion2\/wp-json\/wp\/v2\/media?parent=112"}],"curies":[{"name":"wp","href":"https:\/\/api.w.org\/{rel}","templated":true}]}}