{"id":176,"date":"2021-03-26T12:00:18","date_gmt":"2021-03-26T12:00:18","guid":{"rendered":"https:\/\/www.ull.es\/portal\/boletininnovacion2\/?page_id=176"},"modified":"2021-04-30T11:22:35","modified_gmt":"2021-04-30T11:22:35","slug":"formacion-en-marcha","status":"publish","type":"page","link":"https:\/\/www.ull.es\/portal\/boletininnovacion2\/formacion-en-marcha\/","title":{"rendered":"Formaci\u00f3n en marcha"},"content":{"rendered":"<p>[vc_row][vc_column][vc_empty_space][\/vc_column][\/vc_row][vc_row equal_height=\u00bbyes\u00bb css=\u00bb.vc_custom_1616594513922{background-color: #9f416b !important;}\u00bb][vc_column css=\u00bb.vc_custom_1616594417780{background-position: center !important;background-repeat: no-repeat !important;background-size: cover !important;}\u00bb][vc_column_text]<span style=\"font-weight: 400;font-size: 20px;color: #ffffff\">Formaci\u00f3n en marcha<\/span>[\/vc_column_text][\/vc_column][\/vc_row][vc_row gap=\u00bb5&#8243; equal_height=\u00bbyes\u00bb][vc_column width=\u00bb1\/2&#8243; css=\u00bb.vc_custom_1616608878017{background-color: #d6d6d6 !important;}\u00bb][vc_row_inner el_class=\u00bbalto-titulo\u00bb][vc_column_inner][vc_column_text]<\/p>\n<h2><span style=\"font-weight: 400\">Ingl\u00e9s Nivel Avanzado I (B2.1-B2-2)<\/span><\/h2>\n<p>[\/vc_column_text][\/vc_column_inner][\/vc_row_inner][vc_separator color=\u00bbpurple\u00bb][vc_row_inner el_class=\u00bbalto-texto2&#8243;][vc_column_inner][vc_column_text]<strong>Fechas:<\/strong> del 5 de mayo al 21 de junio 2021<\/p>\n<p><strong>Modalidad:<\/strong> semipresencial<\/p>\n<p><strong>Horas lectivas:<\/strong> 80 horas<\/p>\n<p><strong>Plazas:<\/strong> 16<\/p>\n<p><strong>Ponentes:<\/strong> Mar\u00eda Luisa Cap\u00f3n Mouriz. Servicio de Idiomas ULL[\/vc_column_text][\/vc_column_inner][\/vc_row_inner][vc_separator color=\u00bbpurple\u00bb][vc_empty_space height=\u00bb10px\u00bb][vc_btn title=\u00bbVer m\u00e1s informaci\u00f3n\u00bb size=\u00bblg\u00bb custom_onclick=\u00bbtrue\u00bb link=\u00bburl:https%3A%2F%2Fdrive.google.com%2Ffile%2Fd%2F199XO8Sn7wdrXynPxr3h-eYcOmbsHcYBy%2Fview|target:_blank\u00bb][\/vc_column][vc_column width=\u00bb1\/2&#8243; css=\u00bb.vc_custom_1616665881098{background-color: #d6d6d6 !important;}\u00bb][vc_row_inner el_class=\u00bbalto-titulo\u00bb][vc_column_inner][vc_column_text]<\/p>\n<h2><span style=\"font-weight: 400\">Flipped learning y la evaluaci\u00f3n del alumnado<\/span><\/h2>\n<p>[\/vc_column_text][\/vc_column_inner][\/vc_row_inner][vc_separator color=\u00bbpurple\u00bb][vc_row_inner el_class=\u00bbalto-texto2&#8243;][vc_column_inner][vc_column_text]<strong>Fechas:<\/strong> del 10 al 13 de mayo de 2021<\/p>\n<p><strong>Modalidad:<\/strong> semipresencial<\/p>\n<p><strong>Horas lectivas:<\/strong> 15 horas<\/p>\n<p><strong>Plazas:<\/strong> 25<\/p>\n<p><strong>Ponentes:<\/strong> Helena Bonache Recio, Cristina Ruiz Pacheco y Alexandra Chas Villar (Universidad de La Laguna)[\/vc_column_text][\/vc_column_inner][\/vc_row_inner][vc_separator color=\u00bbpurple\u00bb][vc_empty_space height=\u00bb10px\u00bb][vc_btn title=\u00bbVer m\u00e1s informaci\u00f3n\u00bb size=\u00bblg\u00bb link=\u00bburl:https%3A%2F%2Fdrive.google.com%2Ffile%2Fd%2F1hu1FX-oIWXQge1dfcinlyLwMfn_5LpjY%2Fview|target:_blank\u00bb][\/vc_column][\/vc_row][vc_row gap=\u00bb5&#8243; equal_height=\u00bbyes\u00bb][vc_column width=\u00bb1\/2&#8243; css=\u00bb.vc_custom_1616608878017{background-color: #d6d6d6 !important;}\u00bb][vc_row_inner el_class=\u00bbalto-titulo\u00bb][vc_column_inner][vc_column_text]<\/p>\n<h2><span style=\"font-weight: 400\"> EMI II: Communication Strategies<\/span><\/h2>\n<p>[\/vc_column_text][\/vc_column_inner][\/vc_row_inner][vc_separator color=\u00bbpurple\u00bb][vc_row_inner el_class=\u00bbalto-texto2&#8243;][vc_column_inner][vc_column_text]<strong>Fechas:<\/strong> del 11 de mayo al 10 de junio 2021<\/p>\n<p><strong>Modalidad:<\/strong> semipresencial<\/p>\n<p><strong>Horas lectivas:<\/strong> 30 horas<\/p>\n<p><strong>Plazas:<\/strong> 16<\/p>\n<p><strong>Ponentes:<\/strong> Mar\u00eda Luisa Cap\u00f3n Mouriz. Servicio de Idiomas ULL[\/vc_column_text][\/vc_column_inner][\/vc_row_inner][vc_separator color=\u00bbpurple\u00bb][vc_empty_space height=\u00bb10px\u00bb][vc_btn title=\u00bbVer m\u00e1s informaci\u00f3n\u00bb size=\u00bblg\u00bb custom_onclick=\u00bbtrue\u00bb link=\u00bburl:https%3A%2F%2Fdrive.google.com%2Ffile%2Fd%2F1tLUtmuQ-aEdbShMDhe5f0cOo2tLvDqAN%2Fview|target:_blank\u00bb][\/vc_column][vc_column width=\u00bb1\/2&#8243; css=\u00bb.vc_custom_1616665881098{background-color: #d6d6d6 !important;}\u00bb][vc_row_inner el_class=\u00bbalto-titulo\u00bb][vc_column_inner][vc_column_text]<\/p>\n<h2><span style=\"font-weight: 400\">English Speaking Workshops [C1-C2]<\/span><\/h2>\n<p>[\/vc_column_text][\/vc_column_inner][\/vc_row_inner][vc_separator color=\u00bbpurple\u00bb][vc_row_inner el_class=\u00bbalto-texto2&#8243;][vc_column_inner][vc_column_text]<strong>Fechas:<\/strong> del 13 de mayo al 15 de junio de 2021<\/p>\n<p><strong>Modalidad:<\/strong> semipresencial<\/p>\n<p><strong>Horas lectivas:<\/strong> 20 horas<\/p>\n<p><strong>Plazas:<\/strong> 16<\/p>\n<p><strong>Ponentes:<\/strong> Mar\u00eda Luisa Cap\u00f3n Mouriz. Servicio de Idiomas ULL[\/vc_column_text][\/vc_column_inner][\/vc_row_inner][vc_separator color=\u00bbpurple\u00bb][vc_empty_space height=\u00bb10px\u00bb][vc_btn title=\u00bbVer m\u00e1s informaci\u00f3n\u00bb size=\u00bblg\u00bb link=\u00bburl:https%3A%2F%2Fdrive.google.com%2Ffile%2Fd%2F1MBrBvRX_Km9xJloPyKV_EZJPNdlvKHSu%2Fview|target:_blank\u00bb][\/vc_column][\/vc_row][vc_row gap=\u00bb5&#8243; equal_height=\u00bbyes\u00bb][vc_column width=\u00bb1\/2&#8243; css=\u00bb.vc_custom_1616608878017{background-color: #d6d6d6 !important;}\u00bb][vc_row_inner el_class=\u00bbalto-titulo\u00bb][vc_column_inner][vc_column_text]<\/p>\n<h2><span style=\"font-weight: 400\"> Grammar for academic writing [B2-C1]<\/span><\/h2>\n<p>[\/vc_column_text][\/vc_column_inner][\/vc_row_inner][vc_separator color=\u00bbpurple\u00bb][vc_row_inner el_class=\u00bbalto-texto2&#8243;][vc_column_inner][vc_column_text]<strong>Fechas:<\/strong> del 12 de mayo al 14 de julio<\/p>\n<p><strong>Modalidad:<\/strong> semipresencial<\/p>\n<p><strong>Horas lectivas:<\/strong> 40 horas<\/p>\n<p><strong>Plazas:<\/strong> 16<\/p>\n<p><strong>Ponentes:<\/strong> Mar\u00eda Luisa Cap\u00f3n Mouriz. Servicio de Idiomas ULL[\/vc_column_text][\/vc_column_inner][\/vc_row_inner][vc_separator color=\u00bbpurple\u00bb][vc_empty_space height=\u00bb10px\u00bb][vc_btn title=\u00bbVer m\u00e1s informaci\u00f3n\u00bb size=\u00bblg\u00bb custom_onclick=\u00bbtrue\u00bb link=\u00bburl:https%3A%2F%2Fdrive.google.com%2Ffile%2Fd%2F1tHUXR7RECs8kRqIXM78uvKHN02BGzrPq%2Fview|target:_blank\u00bb][\/vc_column][vc_column width=\u00bb1\/2&#8243; css=\u00bb.vc_custom_1616665881098{background-color: #d6d6d6 !important;}\u00bb][vc_row_inner el_class=\u00bbalto-titulo\u00bb][vc_column_inner][vc_column_text]<\/p>\n<h2><span style=\"font-weight: 400\">Iniciaci\u00f3n al uso del aula virtual en la docencia universitaria<\/span><\/h2>\n<p>[\/vc_column_text][\/vc_column_inner][\/vc_row_inner][vc_separator color=\u00bbpurple\u00bb][vc_row_inner el_class=\u00bbalto-texto2&#8243;][vc_column_inner][vc_column_text]<strong>Fechas:<\/strong> del 8 al 21 de junio de 2021<\/p>\n<p><strong>Modalidad:<\/strong> virtual<\/p>\n<p><strong>Horas lectivas:<\/strong> 40 horas<\/p>\n<p><strong>Plazas:<\/strong> 40<\/p>\n<p><strong>Ponentes:<\/strong> Fatima Castro Le\u00f3n, Alicia Garc\u00eda Esp\u00f3sito y Alberto Rodr\u00edguez Orihuela.[\/vc_column_text][\/vc_column_inner][\/vc_row_inner][vc_separator color=\u00bbpurple\u00bb][vc_empty_space height=\u00bb20px\u00bb][\/vc_column][\/vc_row][vc_row gap=\u00bb5&#8243; equal_height=\u00bbyes\u00bb][vc_column width=\u00bb1\/2&#8243; css=\u00bb.vc_custom_1616608878017{background-color: #d6d6d6 !important;}\u00bb][vc_row_inner el_class=\u00bbalto-titulo\u00bb][vc_column_inner][vc_column_text]<\/p>\n<h2><span style=\"font-weight: 400\"> Autorregulaci\u00f3n, feedback y anal\u00edticas de aprendizaje<\/span><\/h2>\n<p>[\/vc_column_text][\/vc_column_inner][\/vc_row_inner][vc_separator color=\u00bbpurple\u00bb][vc_row_inner el_class=\u00bbalto-texto2&#8243;][vc_column_inner][vc_column_text]<strong>Fechas:<\/strong> del 7 al 20 de junio 2021<\/p>\n<p><strong>Modalidad:<\/strong> semipresencial<\/p>\n<p><strong>Horas lectivas:<\/strong> 15 horas<\/p>\n<p><strong>Plazas:<\/strong> 25<\/p>\n<p><strong>Ponentes:<\/strong> Juan Jos\u00e9 Sosa Alonso y Victor Manuel Hern\u00e1ndez Rivero (Universidad de La Laguna)[\/vc_column_text][\/vc_column_inner][\/vc_row_inner][vc_separator color=\u00bbpurple\u00bb][vc_empty_space height=\u00bb20px\u00bb][\/vc_column][vc_column width=\u00bb1\/2&#8243; css=\u00bb.vc_custom_1616665881098{background-color: #d6d6d6 !important;}\u00bb][vc_row_inner el_class=\u00bbalto-titulo\u00bb][vc_column_inner][vc_column_text]<\/p>\n<h2><span style=\"font-weight: 400\">Experto Universitario en Docencia Universitaria (EDU-ULL)<\/span><\/h2>\n<p>[\/vc_column_text][\/vc_column_inner][\/vc_row_inner][vc_separator color=\u00bbpurple\u00bb][vc_row_inner el_class=\u00bbalto-texto2&#8243;][vc_column_inner][vc_column_text]<strong>Fechas:<\/strong> Febrero, marzo, abril(7 semanas), junio, julio (4 semanas), septiembre (4 semanas)<br \/>\n*El horario de los cursos ser\u00e1 viernes tarde (4h); s\u00e1bado ma\u00f1ana (4h) y mi\u00e9rcoles tarde (2h)<\/p>\n<p><strong>Modalidad:<\/strong> presencial<\/p>\n<p><strong>Cr\u00e9ditos:<\/strong> 30 ECTS<\/p>\n<p><strong>Plazas:<\/strong> 30<\/p>\n<p><strong>Ponentes:<\/strong> Pedro Ricardo \u00c1lvarez P\u00e9rez[\/vc_column_text][\/vc_column_inner][\/vc_row_inner][vc_separator color=\u00bbpurple\u00bb][vc_empty_space height=\u00bb10px\u00bb][vc_btn title=\u00bbVer m\u00e1s informaci\u00f3n\u00bb size=\u00bblg\u00bb custom_onclick=\u00bbtrue\u00bb link=\u00bburl:https%3A%2F%2Fwww.ull.es%2Fportal%2Fboletininnovacion2%2Fwp-content%2Fuploads%2Fsites%2F45%2F2021%2F04%2FExperto-Universitario-en-Docencia-Universitaria-.pdf|target:_blank\u00bb][\/vc_column][\/vc_row][vc_row gap=\u00bb5&#8243; equal_height=\u00bbyes\u00bb][vc_column width=\u00bb1\/2&#8243; css=\u00bb.vc_custom_1616608878017{background-color: #d6d6d6 !important;}\u00bb][vc_row_inner el_class=\u00bbalto-titulo\u00bb][vc_column_inner][vc_column_text]<\/p>\n<h2><span style=\"font-weight: 400\"> Certificado de Formaci\u00f3n Espec\u00edfica en Competencias Digitales para la Docencia Universitaria (FCD-ULL)<\/span><\/h2>\n<p>[\/vc_column_text][\/vc_column_inner][\/vc_row_inner][vc_separator color=\u00bbpurple\u00bb][vc_row_inner el_class=\u00bbalto-texto2&#8243;][vc_column_inner][vc_column_text]<strong>Fechas:<\/strong> Febrero &#8211; Marzo (6 semanas)<\/p>\n<p><strong>Modalidad:<\/strong> semipresencial<\/p>\n<p><strong>Cr\u00e9ditos:<\/strong> 15 ECTS<\/p>\n<p><strong>Plazas:<\/strong> 30<\/p>\n<p><strong>Precio:<\/strong>\u00a01091,16 \u20ac (el profesorado de la Universidad de La Laguna admitido al curso, quedar\u00e1 exento del pago de las tasas)[\/vc_column_text][\/vc_column_inner][\/vc_row_inner][vc_separator color=\u00bbpurple\u00bb][vc_empty_space height=\u00bb10px\u00bb][vc_btn title=\u00bbVer m\u00e1s informaci\u00f3n\u00bb size=\u00bblg\u00bb custom_onclick=\u00bbtrue\u00bb link=\u00bburl:https%3A%2F%2Fwww.ull.es%2Fportal%2Fboletininnovacion2%2Fwp-content%2Fuploads%2Fsites%2F45%2F2021%2F04%2FCertificado-de-Formacion-Especifica-en-Competencias-Digitales-para-la-Docencia-Universitaria-.pdf|target:_blank\u00bb][\/vc_column][vc_column width=\u00bb1\/2&#8243;][\/vc_column][\/vc_row][vc_row][vc_column][vc_empty_space][\/vc_column][\/vc_row]<\/p>\n","protected":false},"excerpt":{"rendered":"<p>[vc_row][vc_column][vc_empty_space][\/vc_column][\/vc_row][vc_row equal_height=\u00bbyes\u00bb css=\u00bb.vc_custom_1616594513922{background-color: #9f416b !important;}\u00bb][vc_column css=\u00bb.vc_custom_1616594417780{background-position: center !important;background-repeat: no-repeat !important;background-size: cover !important;}\u00bb][vc_column_text]Formaci\u00f3n en marcha[\/vc_column_text][\/vc_column][\/vc_row][vc_row gap=\u00bb5&#8243; equal_height=\u00bbyes\u00bb][vc_column width=\u00bb1\/2&#8243; css=\u00bb.vc_custom_1616608878017{background-color: #d6d6d6 !important;}\u00bb][vc_row_inner el_class=\u00bbalto-titulo\u00bb][vc_column_inner][vc_column_text] Ingl\u00e9s Nivel Avanzado I (B2.1-B2-2) [\/vc_column_text][\/vc_column_inner][\/vc_row_inner][vc_separator color=\u00bbpurple\u00bb][vc_row_inner el_class=\u00bbalto-texto2&#8243;][vc_column_inner][vc_column_text]Fechas: del 5 de mayo al 21 de junio 2021 Modalidad: semipresencial Horas lectivas: 80 horas Plazas: 16 Ponentes: Mar\u00eda Luisa Cap\u00f3n Mouriz. Servicio de Idiomas ULL[\/vc_column_text][\/vc_column_inner][\/vc_row_inner][vc_separator&#8230;<\/p>\n","protected":false},"author":41,"featured_media":0,"parent":0,"menu_order":0,"comment_status":"closed","ping_status":"closed","template":"templates\/template-no-title.php","meta":{"inline_featured_image":false,"footnotes":""},"acf":[],"yoast_head":"<!-- This site is optimized with the Yoast SEO plugin v21.3 - https:\/\/yoast.com\/wordpress\/plugins\/seo\/ -->\n<title>Formaci\u00f3n en marcha - Boletin de Innovaci\u00f3n<\/title>\n<meta name=\"robots\" content=\"index, follow, max-snippet:-1, max-image-preview:large, max-video-preview:-1\" \/>\n<link rel=\"canonical\" href=\"https:\/\/www.ull.es\/portal\/boletininnovacion2\/formacion-en-marcha\/\" \/>\n<meta property=\"og:locale\" content=\"es_ES\" \/>\n<meta property=\"og:type\" content=\"article\" \/>\n<meta property=\"og:title\" content=\"Formaci\u00f3n en marcha - Boletin de Innovaci\u00f3n\" \/>\n<meta property=\"og:description\" content=\"[vc_row][vc_column][vc_empty_space][\/vc_column][\/vc_row][vc_row equal_height=\u00bbyes\u00bb css=\u00bb.vc_custom_1616594513922{background-color: #9f416b !important;}\u00bb][vc_column css=\u00bb.vc_custom_1616594417780{background-position: center !important;background-repeat: no-repeat !important;background-size: cover !important;}\u00bb][vc_column_text]Formaci\u00f3n en marcha[\/vc_column_text][\/vc_column][\/vc_row][vc_row gap=\u00bb5&#8243; equal_height=\u00bbyes\u00bb][vc_column width=\u00bb1\/2&#8243; css=\u00bb.vc_custom_1616608878017{background-color: #d6d6d6 !important;}\u00bb][vc_row_inner el_class=\u00bbalto-titulo\u00bb][vc_column_inner][vc_column_text] Ingl\u00e9s Nivel Avanzado I (B2.1-B2-2) [\/vc_column_text][\/vc_column_inner][\/vc_row_inner][vc_separator color=\u00bbpurple\u00bb][vc_row_inner el_class=\u00bbalto-texto2&#8243;][vc_column_inner][vc_column_text]Fechas: del 5 de mayo al 21 de junio 2021 Modalidad: semipresencial Horas lectivas: 80 horas Plazas: 16 Ponentes: Mar\u00eda Luisa Cap\u00f3n Mouriz. Servicio de Idiomas ULL[\/vc_column_text][\/vc_column_inner][\/vc_row_inner][vc_separator...\" \/>\n<meta property=\"og:url\" content=\"https:\/\/www.ull.es\/portal\/boletininnovacion2\/formacion-en-marcha\/\" \/>\n<meta property=\"og:site_name\" content=\"Boletin de Innovaci\u00f3n\" \/>\n<meta property=\"article:modified_time\" content=\"2021-04-30T11:22:35+00:00\" \/>\n<meta name=\"twitter:card\" content=\"summary_large_image\" \/>\n<meta name=\"twitter:label1\" content=\"Tiempo de lectura\" \/>\n\t<meta name=\"twitter:data1\" content=\"3 minutos\" \/>\n<script type=\"application\/ld+json\" class=\"yoast-schema-graph\">{\"@context\":\"https:\/\/schema.org\",\"@graph\":[{\"@type\":\"WebPage\",\"@id\":\"https:\/\/www.ull.es\/portal\/boletininnovacion2\/formacion-en-marcha\/\",\"url\":\"https:\/\/www.ull.es\/portal\/boletininnovacion2\/formacion-en-marcha\/\",\"name\":\"Formaci\u00f3n en marcha - Boletin de Innovaci\u00f3n\",\"isPartOf\":{\"@id\":\"https:\/\/www.ull.es\/portal\/boletininnovacion2\/#website\"},\"datePublished\":\"2021-03-26T12:00:18+00:00\",\"dateModified\":\"2021-04-30T11:22:35+00:00\",\"breadcrumb\":{\"@id\":\"https:\/\/www.ull.es\/portal\/boletininnovacion2\/formacion-en-marcha\/#breadcrumb\"},\"inLanguage\":\"es\",\"potentialAction\":[{\"@type\":\"ReadAction\",\"target\":[\"https:\/\/www.ull.es\/portal\/boletininnovacion2\/formacion-en-marcha\/\"]}]},{\"@type\":\"BreadcrumbList\",\"@id\":\"https:\/\/www.ull.es\/portal\/boletininnovacion2\/formacion-en-marcha\/#breadcrumb\",\"itemListElement\":[{\"@type\":\"ListItem\",\"position\":1,\"name\":\"Portada\",\"item\":\"https:\/\/www.ull.es\/portal\/boletininnovacion2\/\"},{\"@type\":\"ListItem\",\"position\":2,\"name\":\"Formaci\u00f3n en marcha\"}]},{\"@type\":\"WebSite\",\"@id\":\"https:\/\/www.ull.es\/portal\/boletininnovacion2\/#website\",\"url\":\"https:\/\/www.ull.es\/portal\/boletininnovacion2\/\",\"name\":\"Boletin de Innovaci\u00f3n\",\"description\":\"\",\"potentialAction\":[{\"@type\":\"SearchAction\",\"target\":{\"@type\":\"EntryPoint\",\"urlTemplate\":\"https:\/\/www.ull.es\/portal\/boletininnovacion2\/?s={search_term_string}\"},\"query-input\":\"required name=search_term_string\"}],\"inLanguage\":\"es\"}]}<\/script>\n<!-- \/ Yoast SEO plugin. -->","yoast_head_json":{"title":"Formaci\u00f3n en marcha - Boletin de Innovaci\u00f3n","robots":{"index":"index","follow":"follow","max-snippet":"max-snippet:-1","max-image-preview":"max-image-preview:large","max-video-preview":"max-video-preview:-1"},"canonical":"https:\/\/www.ull.es\/portal\/boletininnovacion2\/formacion-en-marcha\/","og_locale":"es_ES","og_type":"article","og_title":"Formaci\u00f3n en marcha - Boletin de Innovaci\u00f3n","og_description":"[vc_row][vc_column][vc_empty_space][\/vc_column][\/vc_row][vc_row equal_height=\u00bbyes\u00bb css=\u00bb.vc_custom_1616594513922{background-color: #9f416b !important;}\u00bb][vc_column css=\u00bb.vc_custom_1616594417780{background-position: center !important;background-repeat: no-repeat !important;background-size: cover !important;}\u00bb][vc_column_text]Formaci\u00f3n en marcha[\/vc_column_text][\/vc_column][\/vc_row][vc_row gap=\u00bb5&#8243; equal_height=\u00bbyes\u00bb][vc_column width=\u00bb1\/2&#8243; css=\u00bb.vc_custom_1616608878017{background-color: #d6d6d6 !important;}\u00bb][vc_row_inner el_class=\u00bbalto-titulo\u00bb][vc_column_inner][vc_column_text] Ingl\u00e9s Nivel Avanzado I (B2.1-B2-2) [\/vc_column_text][\/vc_column_inner][\/vc_row_inner][vc_separator color=\u00bbpurple\u00bb][vc_row_inner el_class=\u00bbalto-texto2&#8243;][vc_column_inner][vc_column_text]Fechas: del 5 de mayo al 21 de junio 2021 Modalidad: semipresencial Horas lectivas: 80 horas Plazas: 16 Ponentes: Mar\u00eda Luisa Cap\u00f3n Mouriz. Servicio de Idiomas ULL[\/vc_column_text][\/vc_column_inner][\/vc_row_inner][vc_separator...","og_url":"https:\/\/www.ull.es\/portal\/boletininnovacion2\/formacion-en-marcha\/","og_site_name":"Boletin de Innovaci\u00f3n","article_modified_time":"2021-04-30T11:22:35+00:00","twitter_card":"summary_large_image","twitter_misc":{"Tiempo de lectura":"3 minutos"},"schema":{"@context":"https:\/\/schema.org","@graph":[{"@type":"WebPage","@id":"https:\/\/www.ull.es\/portal\/boletininnovacion2\/formacion-en-marcha\/","url":"https:\/\/www.ull.es\/portal\/boletininnovacion2\/formacion-en-marcha\/","name":"Formaci\u00f3n en marcha - Boletin de Innovaci\u00f3n","isPartOf":{"@id":"https:\/\/www.ull.es\/portal\/boletininnovacion2\/#website"},"datePublished":"2021-03-26T12:00:18+00:00","dateModified":"2021-04-30T11:22:35+00:00","breadcrumb":{"@id":"https:\/\/www.ull.es\/portal\/boletininnovacion2\/formacion-en-marcha\/#breadcrumb"},"inLanguage":"es","potentialAction":[{"@type":"ReadAction","target":["https:\/\/www.ull.es\/portal\/boletininnovacion2\/formacion-en-marcha\/"]}]},{"@type":"BreadcrumbList","@id":"https:\/\/www.ull.es\/portal\/boletininnovacion2\/formacion-en-marcha\/#breadcrumb","itemListElement":[{"@type":"ListItem","position":1,"name":"Portada","item":"https:\/\/www.ull.es\/portal\/boletininnovacion2\/"},{"@type":"ListItem","position":2,"name":"Formaci\u00f3n en marcha"}]},{"@type":"WebSite","@id":"https:\/\/www.ull.es\/portal\/boletininnovacion2\/#website","url":"https:\/\/www.ull.es\/portal\/boletininnovacion2\/","name":"Boletin de Innovaci\u00f3n","description":"","potentialAction":[{"@type":"SearchAction","target":{"@type":"EntryPoint","urlTemplate":"https:\/\/www.ull.es\/portal\/boletininnovacion2\/?s={search_term_string}"},"query-input":"required name=search_term_string"}],"inLanguage":"es"}]}},"_links":{"self":[{"href":"https:\/\/www.ull.es\/portal\/boletininnovacion2\/wp-json\/wp\/v2\/pages\/176"}],"collection":[{"href":"https:\/\/www.ull.es\/portal\/boletininnovacion2\/wp-json\/wp\/v2\/pages"}],"about":[{"href":"https:\/\/www.ull.es\/portal\/boletininnovacion2\/wp-json\/wp\/v2\/types\/page"}],"author":[{"embeddable":true,"href":"https:\/\/www.ull.es\/portal\/boletininnovacion2\/wp-json\/wp\/v2\/users\/41"}],"replies":[{"embeddable":true,"href":"https:\/\/www.ull.es\/portal\/boletininnovacion2\/wp-json\/wp\/v2\/comments?post=176"}],"version-history":[{"count":12,"href":"https:\/\/www.ull.es\/portal\/boletininnovacion2\/wp-json\/wp\/v2\/pages\/176\/revisions"}],"predecessor-version":[{"id":222,"href":"https:\/\/www.ull.es\/portal\/boletininnovacion2\/wp-json\/wp\/v2\/pages\/176\/revisions\/222"}],"wp:attachment":[{"href":"https:\/\/www.ull.es\/portal\/boletininnovacion2\/wp-json\/wp\/v2\/media?parent=176"}],"curies":[{"name":"wp","href":"https:\/\/api.w.org\/{rel}","templated":true}]}}