{"id":223,"date":"2021-04-30T11:30:29","date_gmt":"2021-04-30T11:30:29","guid":{"rendered":"https:\/\/www.ull.es\/portal\/boletininnovacion2\/?page_id=223"},"modified":"2021-04-30T11:36:59","modified_gmt":"2021-04-30T11:36:59","slug":"david-perez-jorge-profesor-de-la-ull-elegido-como-el-segundo-mejor-docente-de-espana","status":"publish","type":"page","link":"https:\/\/www.ull.es\/portal\/boletininnovacion2\/david-perez-jorge-profesor-de-la-ull-elegido-como-el-segundo-mejor-docente-de-espana\/","title":{"rendered":"David P\u00e9rez Jorge, profesor de la ULL, elegido como el segundo mejor docente de Espa\u00f1a"},"content":{"rendered":"<p>[vc_row][vc_column][vc_empty_space][\/vc_column][\/vc_row][vc_row full_width=\u00bbstretch_row\u00bb equal_height=\u00bbyes\u00bb][vc_column width=\u00bb1\/2&#8243; css=\u00bb.vc_custom_1619782325414{background-image: url(https:\/\/www.ull.es\/portal\/boletininnovacion2\/wp-content\/uploads\/sites\/45\/2021\/04\/david.jpg?id=226) !important;background-position: center !important;background-repeat: no-repeat !important;background-size: cover !important;}\u00bb][vc_empty_space height=\u00bb400px\u00bb][\/vc_column][vc_column width=\u00bb1\/2&#8243; css=\u00bb.vc_custom_1616593459031{background-color: #9f416b !important;}\u00bb][vc_column_text]<\/p>\n<h1><span style=\"font-weight: 400;color: #ffffff\">David P\u00e9rez Jorge, profesor de la ULL, elegido como el segundo mejor docente de Espa\u00f1a<br \/>\n<\/span><\/h1>\n<p><span style=\"font-weight: 400;font-size: 20px;color: #ffffff\">La valoraci\u00f3n del alumnado, la mayor garant\u00eda de una buena docencia<br \/>\n<\/span>[\/vc_column_text][\/vc_column][\/vc_row][vc_row][vc_column][vc_empty_space][\/vc_column][\/vc_row][vc_row][vc_column][vc_empty_space][vc_column_text]<span style=\"font-weight: 400\">David P\u00e9rez Jorge, profesor de la Universidad de La Laguna, ha sido calificado como el segundo mejor profesor de Espa\u00f1a en el \u00e1mbito de la educaci\u00f3n superior. El docente ha obtenido dicho reconocimiento en la cuarta edici\u00f3n de los premios otorgados por la Plataforma EDUCA y la Obra Social ABANCA. Este certamen basa sus premios en las valoraciones que el alumnado puede presentar a trav\u00e9s de su web oficial, d\u00f3nde se valora la buena praxis del docente en cuesti\u00f3n. De esta forma, los premios son otorgados por el propio alumnado, que valora as\u00ed la labor del profesorado. As\u00ed pues, P\u00e9rez Jorge ha sido el segundo docente del pa\u00eds con m\u00e1s valoraciones positivas del estudiantado, superado \u00fanicamente por Javier Cach\u00f3n Zagalaz, de la Universidad de Ja\u00e9n.<\/span><\/p>\n<p><span style=\"font-weight: 400\">David P\u00e9rez Jorge es licenciado en Pedagog\u00eda por la Universidad de La Laguna, as\u00ed como Graduado en Educaci\u00f3n Primera y Doctor en Filosof\u00eda y Ciencias de la Educaci\u00f3n, por el mismo centro acad\u00e9mico. Adem\u00e1s, cuenta con una decena de t\u00edtulos de posgrado, como el M\u00e1ster Universitario Educar en Diversidad; Experto en Evaluaci\u00f3n de la Calidad de la Educaci\u00f3n Universitarias o el M\u00e1ster en Competencias Educativas e Intervenci\u00f3n con Menores, entre otros.<\/span><\/p>\n<p><span style=\"font-weight: 400\">Actualmente, David P\u00e9rez es profesor del Departamento de Did\u00e1ctica e Investigaci\u00f3n Educativa de la Universidad de La Laguna, y tambi\u00e9n ejerce como docente en la UNED, en materias relacionadas con el dise\u00f1o y desarrollo de programas educativos, procesos psicol\u00f3gicos y bases del aprendizaje. Desde el a\u00f1o 2006 investiga en el campo de las competencias docentes y de aprendizaje del profesorado y el alumnado. A partir de 2012 enfoc\u00f3 su l\u00ednea de investigaci\u00f3n en la educaci\u00f3n para la diversidad, los procesos de orientaci\u00f3n acad\u00e9mica y asesoramiento educativo en el campo de la educaci\u00f3n para la salud. Actualmente dirige el M\u00e1ster Universitario en Intervenci\u00f3n Psicopedag\u00f3gica en contextos de Educaci\u00f3n Formal y No Formal de la Universidad de La Laguna. Adem\u00e1s de su labor en la Universidad de La Laguna, colabora en algunas universidades de Creta, Cracovia, Praga, Chile y otras dentro de Espa\u00f1a.<\/span><\/p>\n<p><span style=\"font-weight: 400\">\u201cHa sido un premio de los m\u00e1s importantes de mi vida, porque supone un reconocimiento del alumnado al trabajo y entrega diaria. Mi experiencia docente ha sido muy larga y dilatada en el \u00e1mbito no universitario, de hecho, di clase durante veinte a\u00f1os en Primaria y Secundaria y siempre sent\u00ed el calor, apoyo y reconocimiento tanto de compa\u00f1eros como de padres y madres, pero especialmente llevo en el coraz\u00f3n el constante agradecimiento y cari\u00f1o de mi alumnado\u201d, asegura el docente premiado.<\/span>[\/vc_column_text][vc_empty_space][\/vc_column][\/vc_row][vc_row equal_height=\u00bbyes\u00bb css=\u00bb.vc_custom_1616594513922{background-color: #9f416b !important;}\u00bb][vc_column css=\u00bb.vc_custom_1616594417780{background-position: center !important;background-repeat: no-repeat !important;background-size: cover !important;}\u00bb][vc_column_text]<span style=\"font-weight: 400;font-size: 20px;color: #ffffff\">La importancia de la continua formaci\u00f3n del profesorado<br \/>\n<\/span>[\/vc_column_text][\/vc_column][\/vc_row][vc_row][vc_column][vc_row_inner equal_height=\u00bbyes\u00bb content_placement=\u00bbmiddle\u00bb gap=\u00bb2&#8243;][vc_column_inner width=\u00bb1\/2&#8243;][vc_column_text]<span style=\"font-weight: 400\">Hace ocho a\u00f1os que entr\u00f3 a tiempo completo en la universidad. \u201cA\u00fan recuerdo la cari\u00f1osa despedida de mi colegio, con un pasillo humano aplaudiendo hasta la puerta el d\u00eda que me fui, para afrontar el reto que supon\u00eda llegar a la universidad y formar a los futuros maestros y pedagogos. Este es un premio compartido con todos ellos porque sin la huella que cada uno ha dejado en m\u00ed, nada de esto hubiera sido posible\u201d, comenta David P\u00e9rez. \u201cM\u00e1s all\u00e1 de lo que significa el premio, lo que realmente me llena de este reconocimiento es sentir que lo que ense\u00f1o y c\u00f3mo lo ense\u00f1o interesa y gusta a mi alumnado\u201d. El profesor es consciente de su corta carrera universitaria. \u201cNo hay mayor reto para un docente que seguir sintiendo las ganas de aprender, esta es hoy mi m\u00e1xima. Gracias a mi universidad, a mi alumnado y gracias a todos los que me alentaron a vivir el reto y la responsabilidad de ense\u00f1ar\u201d.<\/span><\/p>\n<p><span style=\"font-weight: 400\">Estos premios son un m\u00e9todo excelente para que el alumnado pueda agradecer y resaltar las buenas pr\u00e1cticas docentes, consiguiendo as\u00ed el reconocimiento a la labor profesional del profesorado y concediendo al estudiantado una voz para dejar constancia de su experiencia acad\u00e9mica.<\/span>[\/vc_column_text][\/vc_column_inner][vc_column_inner width=\u00bb1\/2&#8243;][vc_single_image image=\u00bb228&#8243; img_size=\u00bbfull\u00bb][\/vc_column_inner][\/vc_row_inner][vc_empty_space][\/vc_column][\/vc_row]<\/p>\n","protected":false},"excerpt":{"rendered":"<p>[vc_row][vc_column][vc_empty_space][\/vc_column][\/vc_row][vc_row full_width=\u00bbstretch_row\u00bb equal_height=\u00bbyes\u00bb][vc_column width=\u00bb1\/2&#8243; css=\u00bb.vc_custom_1619782325414{background-image: url(https:\/\/www.ull.es\/portal\/boletininnovacion2\/wp-content\/uploads\/sites\/45\/2021\/04\/david.jpg?id=226) !important;background-position: center !important;background-repeat: no-repeat !important;background-size: cover !important;}\u00bb][vc_empty_space height=\u00bb400px\u00bb][\/vc_column][vc_column width=\u00bb1\/2&#8243; css=\u00bb.vc_custom_1616593459031{background-color: #9f416b !important;}\u00bb][vc_column_text] David P\u00e9rez Jorge, profesor de la ULL, elegido como el segundo mejor docente de Espa\u00f1a La valoraci\u00f3n del alumnado, la mayor garant\u00eda de una buena docencia [\/vc_column_text][\/vc_column][\/vc_row][vc_row][vc_column][vc_empty_space][\/vc_column][\/vc_row][vc_row][vc_column][vc_empty_space][vc_column_text]David P\u00e9rez Jorge, profesor de la Universidad de La Laguna, ha&#8230;<\/p>\n","protected":false},"author":41,"featured_media":0,"parent":0,"menu_order":0,"comment_status":"closed","ping_status":"closed","template":"templates\/template-no-title.php","meta":{"inline_featured_image":false,"footnotes":""},"acf":[],"yoast_head":"<!-- This site is optimized with the Yoast SEO plugin v21.3 - https:\/\/yoast.com\/wordpress\/plugins\/seo\/ -->\n<title>David P\u00e9rez Jorge, profesor de la ULL, elegido como el segundo mejor docente de Espa\u00f1a - Boletin de Innovaci\u00f3n<\/title>\n<meta name=\"robots\" content=\"index, follow, max-snippet:-1, max-image-preview:large, max-video-preview:-1\" \/>\n<link rel=\"canonical\" href=\"https:\/\/www.ull.es\/portal\/boletininnovacion2\/david-perez-jorge-profesor-de-la-ull-elegido-como-el-segundo-mejor-docente-de-espana\/\" \/>\n<meta property=\"og:locale\" content=\"es_ES\" \/>\n<meta property=\"og:type\" content=\"article\" \/>\n<meta property=\"og:title\" content=\"David P\u00e9rez Jorge, profesor de la ULL, elegido como el segundo mejor docente de Espa\u00f1a - Boletin de Innovaci\u00f3n\" \/>\n<meta property=\"og:description\" content=\"[vc_row][vc_column][vc_empty_space][\/vc_column][\/vc_row][vc_row full_width=\u00bbstretch_row\u00bb equal_height=\u00bbyes\u00bb][vc_column width=\u00bb1\/2&#8243; css=\u00bb.vc_custom_1619782325414{background-image: url(https:\/\/www.ull.es\/portal\/boletininnovacion2\/wp-content\/uploads\/sites\/45\/2021\/04\/david.jpg?id=226) !important;background-position: center !important;background-repeat: no-repeat !important;background-size: cover !important;}\u00bb][vc_empty_space height=\u00bb400px\u00bb][\/vc_column][vc_column width=\u00bb1\/2&#8243; css=\u00bb.vc_custom_1616593459031{background-color: #9f416b !important;}\u00bb][vc_column_text] David P\u00e9rez Jorge, profesor de la ULL, elegido como el segundo mejor docente de Espa\u00f1a La valoraci\u00f3n del alumnado, la mayor garant\u00eda de una buena docencia [\/vc_column_text][\/vc_column][\/vc_row][vc_row][vc_column][vc_empty_space][\/vc_column][\/vc_row][vc_row][vc_column][vc_empty_space][vc_column_text]David P\u00e9rez Jorge, profesor de la Universidad de La Laguna, ha...\" \/>\n<meta property=\"og:url\" content=\"https:\/\/www.ull.es\/portal\/boletininnovacion2\/david-perez-jorge-profesor-de-la-ull-elegido-como-el-segundo-mejor-docente-de-espana\/\" \/>\n<meta property=\"og:site_name\" content=\"Boletin de Innovaci\u00f3n\" \/>\n<meta property=\"article:modified_time\" content=\"2021-04-30T11:36:59+00:00\" \/>\n<meta name=\"twitter:card\" content=\"summary_large_image\" \/>\n<meta name=\"twitter:label1\" content=\"Tiempo de lectura\" \/>\n\t<meta name=\"twitter:data1\" content=\"4 minutos\" \/>\n<script type=\"application\/ld+json\" class=\"yoast-schema-graph\">{\"@context\":\"https:\/\/schema.org\",\"@graph\":[{\"@type\":\"WebPage\",\"@id\":\"https:\/\/www.ull.es\/portal\/boletininnovacion2\/david-perez-jorge-profesor-de-la-ull-elegido-como-el-segundo-mejor-docente-de-espana\/\",\"url\":\"https:\/\/www.ull.es\/portal\/boletininnovacion2\/david-perez-jorge-profesor-de-la-ull-elegido-como-el-segundo-mejor-docente-de-espana\/\",\"name\":\"David P\u00e9rez Jorge, profesor de la ULL, elegido como el segundo mejor docente de Espa\u00f1a - Boletin de Innovaci\u00f3n\",\"isPartOf\":{\"@id\":\"https:\/\/www.ull.es\/portal\/boletininnovacion2\/#website\"},\"datePublished\":\"2021-04-30T11:30:29+00:00\",\"dateModified\":\"2021-04-30T11:36:59+00:00\",\"breadcrumb\":{\"@id\":\"https:\/\/www.ull.es\/portal\/boletininnovacion2\/david-perez-jorge-profesor-de-la-ull-elegido-como-el-segundo-mejor-docente-de-espana\/#breadcrumb\"},\"inLanguage\":\"es\",\"potentialAction\":[{\"@type\":\"ReadAction\",\"target\":[\"https:\/\/www.ull.es\/portal\/boletininnovacion2\/david-perez-jorge-profesor-de-la-ull-elegido-como-el-segundo-mejor-docente-de-espana\/\"]}]},{\"@type\":\"BreadcrumbList\",\"@id\":\"https:\/\/www.ull.es\/portal\/boletininnovacion2\/david-perez-jorge-profesor-de-la-ull-elegido-como-el-segundo-mejor-docente-de-espana\/#breadcrumb\",\"itemListElement\":[{\"@type\":\"ListItem\",\"position\":1,\"name\":\"Portada\",\"item\":\"https:\/\/www.ull.es\/portal\/boletininnovacion2\/\"},{\"@type\":\"ListItem\",\"position\":2,\"name\":\"David P\u00e9rez Jorge, profesor de la ULL, elegido como el segundo mejor docente de Espa\u00f1a\"}]},{\"@type\":\"WebSite\",\"@id\":\"https:\/\/www.ull.es\/portal\/boletininnovacion2\/#website\",\"url\":\"https:\/\/www.ull.es\/portal\/boletininnovacion2\/\",\"name\":\"Boletin de Innovaci\u00f3n\",\"description\":\"\",\"potentialAction\":[{\"@type\":\"SearchAction\",\"target\":{\"@type\":\"EntryPoint\",\"urlTemplate\":\"https:\/\/www.ull.es\/portal\/boletininnovacion2\/?s={search_term_string}\"},\"query-input\":\"required name=search_term_string\"}],\"inLanguage\":\"es\"}]}<\/script>\n<!-- \/ Yoast SEO plugin. -->","yoast_head_json":{"title":"David P\u00e9rez Jorge, profesor de la ULL, elegido como el segundo mejor docente de Espa\u00f1a - Boletin de Innovaci\u00f3n","robots":{"index":"index","follow":"follow","max-snippet":"max-snippet:-1","max-image-preview":"max-image-preview:large","max-video-preview":"max-video-preview:-1"},"canonical":"https:\/\/www.ull.es\/portal\/boletininnovacion2\/david-perez-jorge-profesor-de-la-ull-elegido-como-el-segundo-mejor-docente-de-espana\/","og_locale":"es_ES","og_type":"article","og_title":"David P\u00e9rez Jorge, profesor de la ULL, elegido como el segundo mejor docente de Espa\u00f1a - Boletin de Innovaci\u00f3n","og_description":"[vc_row][vc_column][vc_empty_space][\/vc_column][\/vc_row][vc_row full_width=\u00bbstretch_row\u00bb equal_height=\u00bbyes\u00bb][vc_column width=\u00bb1\/2&#8243; css=\u00bb.vc_custom_1619782325414{background-image: url(https:\/\/www.ull.es\/portal\/boletininnovacion2\/wp-content\/uploads\/sites\/45\/2021\/04\/david.jpg?id=226) !important;background-position: center !important;background-repeat: no-repeat !important;background-size: cover !important;}\u00bb][vc_empty_space height=\u00bb400px\u00bb][\/vc_column][vc_column width=\u00bb1\/2&#8243; css=\u00bb.vc_custom_1616593459031{background-color: #9f416b !important;}\u00bb][vc_column_text] David P\u00e9rez Jorge, profesor de la ULL, elegido como el segundo mejor docente de Espa\u00f1a La valoraci\u00f3n del alumnado, la mayor garant\u00eda de una buena docencia [\/vc_column_text][\/vc_column][\/vc_row][vc_row][vc_column][vc_empty_space][\/vc_column][\/vc_row][vc_row][vc_column][vc_empty_space][vc_column_text]David P\u00e9rez Jorge, profesor de la Universidad de La Laguna, ha...","og_url":"https:\/\/www.ull.es\/portal\/boletininnovacion2\/david-perez-jorge-profesor-de-la-ull-elegido-como-el-segundo-mejor-docente-de-espana\/","og_site_name":"Boletin de Innovaci\u00f3n","article_modified_time":"2021-04-30T11:36:59+00:00","twitter_card":"summary_large_image","twitter_misc":{"Tiempo de lectura":"4 minutos"},"schema":{"@context":"https:\/\/schema.org","@graph":[{"@type":"WebPage","@id":"https:\/\/www.ull.es\/portal\/boletininnovacion2\/david-perez-jorge-profesor-de-la-ull-elegido-como-el-segundo-mejor-docente-de-espana\/","url":"https:\/\/www.ull.es\/portal\/boletininnovacion2\/david-perez-jorge-profesor-de-la-ull-elegido-como-el-segundo-mejor-docente-de-espana\/","name":"David P\u00e9rez Jorge, profesor de la ULL, elegido como el segundo mejor docente de Espa\u00f1a - Boletin de Innovaci\u00f3n","isPartOf":{"@id":"https:\/\/www.ull.es\/portal\/boletininnovacion2\/#website"},"datePublished":"2021-04-30T11:30:29+00:00","dateModified":"2021-04-30T11:36:59+00:00","breadcrumb":{"@id":"https:\/\/www.ull.es\/portal\/boletininnovacion2\/david-perez-jorge-profesor-de-la-ull-elegido-como-el-segundo-mejor-docente-de-espana\/#breadcrumb"},"inLanguage":"es","potentialAction":[{"@type":"ReadAction","target":["https:\/\/www.ull.es\/portal\/boletininnovacion2\/david-perez-jorge-profesor-de-la-ull-elegido-como-el-segundo-mejor-docente-de-espana\/"]}]},{"@type":"BreadcrumbList","@id":"https:\/\/www.ull.es\/portal\/boletininnovacion2\/david-perez-jorge-profesor-de-la-ull-elegido-como-el-segundo-mejor-docente-de-espana\/#breadcrumb","itemListElement":[{"@type":"ListItem","position":1,"name":"Portada","item":"https:\/\/www.ull.es\/portal\/boletininnovacion2\/"},{"@type":"ListItem","position":2,"name":"David P\u00e9rez Jorge, profesor de la ULL, elegido como el segundo mejor docente de Espa\u00f1a"}]},{"@type":"WebSite","@id":"https:\/\/www.ull.es\/portal\/boletininnovacion2\/#website","url":"https:\/\/www.ull.es\/portal\/boletininnovacion2\/","name":"Boletin de Innovaci\u00f3n","description":"","potentialAction":[{"@type":"SearchAction","target":{"@type":"EntryPoint","urlTemplate":"https:\/\/www.ull.es\/portal\/boletininnovacion2\/?s={search_term_string}"},"query-input":"required name=search_term_string"}],"inLanguage":"es"}]}},"_links":{"self":[{"href":"https:\/\/www.ull.es\/portal\/boletininnovacion2\/wp-json\/wp\/v2\/pages\/223"}],"collection":[{"href":"https:\/\/www.ull.es\/portal\/boletininnovacion2\/wp-json\/wp\/v2\/pages"}],"about":[{"href":"https:\/\/www.ull.es\/portal\/boletininnovacion2\/wp-json\/wp\/v2\/types\/page"}],"author":[{"embeddable":true,"href":"https:\/\/www.ull.es\/portal\/boletininnovacion2\/wp-json\/wp\/v2\/users\/41"}],"replies":[{"embeddable":true,"href":"https:\/\/www.ull.es\/portal\/boletininnovacion2\/wp-json\/wp\/v2\/comments?post=223"}],"version-history":[{"count":5,"href":"https:\/\/www.ull.es\/portal\/boletininnovacion2\/wp-json\/wp\/v2\/pages\/223\/revisions"}],"predecessor-version":[{"id":252,"href":"https:\/\/www.ull.es\/portal\/boletininnovacion2\/wp-json\/wp\/v2\/pages\/223\/revisions\/252"}],"wp:attachment":[{"href":"https:\/\/www.ull.es\/portal\/boletininnovacion2\/wp-json\/wp\/v2\/media?parent=223"}],"curies":[{"name":"wp","href":"https:\/\/api.w.org\/{rel}","templated":true}]}}