{"id":237,"date":"2021-04-30T11:59:22","date_gmt":"2021-04-30T11:59:22","guid":{"rendered":"https:\/\/www.ull.es\/portal\/boletininnovacion2\/?page_id=237"},"modified":"2021-04-30T12:00:34","modified_gmt":"2021-04-30T12:00:34","slug":"x-premio-a-la-innovacion-y-transferencia-educativa-al-proyecto-el-aprendizaje-servicio-universitario-en-el-ambito-de-la-actividad-fisica-y-deporte-y-su-aplicacion-en-contextos-socioeducativos","status":"publish","type":"page","link":"https:\/\/www.ull.es\/portal\/boletininnovacion2\/x-premio-a-la-innovacion-y-transferencia-educativa-al-proyecto-el-aprendizaje-servicio-universitario-en-el-ambito-de-la-actividad-fisica-y-deporte-y-su-aplicacion-en-contextos-socioeducativos\/","title":{"rendered":"X Premio a la Innovaci\u00f3n y Transferencia Educativa al proyecto \u201cEl aprendizaje-servicio universitario en el \u00e1mbito de la actividad f\u00edsica y deporte y su aplicaci\u00f3n en contextos socioeducativos vulnerados\u201d"},"content":{"rendered":"<p>[vc_row][vc_column][vc_empty_space][\/vc_column][\/vc_row][vc_row full_width=\u00bbstretch_row\u00bb equal_height=\u00bbyes\u00bb][vc_column width=\u00bb1\/2&#8243; css=\u00bb.vc_custom_1619783944295{background-image: url(https:\/\/www.ull.es\/portal\/boletininnovacion2\/wp-content\/uploads\/sites\/45\/2021\/04\/20-image-2021.jpg?id=238) !important;background-position: center !important;background-repeat: no-repeat !important;background-size: cover !important;}\u00bb][vc_empty_space height=\u00bb400px\u00bb][\/vc_column][vc_column width=\u00bb1\/2&#8243; css=\u00bb.vc_custom_1616593459031{background-color: #9f416b !important;}\u00bb][vc_column_text]<\/p>\n<h1><span style=\"font-weight: 400;color: #ffffff\">X Premio a la Innovaci\u00f3n y Transferencia Educativa al proyecto \u201cEl aprendizaje-servicio universitario en el \u00e1mbito de la actividad f\u00edsica y deporte y su aplicaci\u00f3n en contextos socioeducativos vulnerados\u201d<br \/>\n<\/span><\/h1>\n<p><span style=\"font-weight: 400;font-size: 20px;color: #ffffff\">Nuestro equipo de la Universidad de La Laguna gana el I Premio con un proyecto de aprendizaje-servicio en la actividad f\u00edsica y deporte<br \/>\n<\/span>[\/vc_column_text][\/vc_column][\/vc_row][vc_row][vc_column][vc_empty_space][\/vc_column][\/vc_row][vc_row][vc_column][vc_empty_space][vc_column_text]Este 11 de marzo de 2021 se ha celebrado, en el Paraninfo Universitario de la Universidad de La Laguna, el acto del D\u00eda Institucional, en el que se ha galardonado con el X Premio a la Innovaci\u00f3n y Transferencia Educativa al proyecto \u201cEl aprendizaje-servicio universitario en el \u00e1mbito de la actividad f\u00edsica y deporte y su aplicaci\u00f3n en contextos socioeducativos vulnerados\u201d. Se trata de un trabajo realizado por los compa\u00f1eros y compa\u00f1eras de la Universidad de La Laguna: Miguel Fern\u00e1ndez Cabrera, Francisco Jim\u00e9nez Jim\u00e9nez, Antonio G\u00f3mez Rijo, Patricia Pintor D\u00edaz, Judith Hern\u00e1ndez S\u00e1nchez, Vicente Navarro Adelantado, Jos\u00e9 Pablo Borges Hern\u00e1ndez, Abraham Garc\u00eda Fari\u00f1a y Adelto Hern\u00e1ndez \u00c1lvarez. El tribunal evaluador ha considerado \u201cel inter\u00e9s y relevancia de la metodolog\u00eda de Aprendizaje por Servicio empleada, en la que los objetivos formativos se han conseguido por medio del trabajo del alumnado con colectivos de personas vulnerables y en riesgo de exclusi\u00f3n social\u201d.<\/p>\n<p>[\/vc_column_text][vc_empty_space][\/vc_column][\/vc_row]<\/p>\n","protected":false},"excerpt":{"rendered":"<p>[vc_row][vc_column][vc_empty_space][\/vc_column][\/vc_row][vc_row full_width=\u00bbstretch_row\u00bb equal_height=\u00bbyes\u00bb][vc_column width=\u00bb1\/2&#8243; css=\u00bb.vc_custom_1619783944295{background-image: url(https:\/\/www.ull.es\/portal\/boletininnovacion2\/wp-content\/uploads\/sites\/45\/2021\/04\/20-image-2021.jpg?id=238) !important;background-position: center !important;background-repeat: no-repeat !important;background-size: cover !important;}\u00bb][vc_empty_space height=\u00bb400px\u00bb][\/vc_column][vc_column width=\u00bb1\/2&#8243; css=\u00bb.vc_custom_1616593459031{background-color: #9f416b !important;}\u00bb][vc_column_text] X Premio a la Innovaci\u00f3n y Transferencia Educativa al proyecto \u201cEl aprendizaje-servicio universitario en el \u00e1mbito de la actividad f\u00edsica y deporte y su aplicaci\u00f3n en contextos socioeducativos vulnerados\u201d Nuestro equipo de la Universidad de La Laguna&#8230;<\/p>\n","protected":false},"author":41,"featured_media":0,"parent":0,"menu_order":0,"comment_status":"closed","ping_status":"closed","template":"templates\/template-no-title.php","meta":{"inline_featured_image":false,"footnotes":""},"acf":[],"yoast_head":"<!-- This site is optimized with the Yoast SEO plugin v21.3 - https:\/\/yoast.com\/wordpress\/plugins\/seo\/ -->\n<title>X Premio a la Innovaci\u00f3n y Transferencia Educativa al proyecto \u201cEl aprendizaje-servicio universitario en el \u00e1mbito de la actividad f\u00edsica y deporte y su aplicaci\u00f3n en contextos socioeducativos vulnerados\u201d - Boletin de Innovaci\u00f3n<\/title>\n<meta name=\"robots\" content=\"index, follow, max-snippet:-1, max-image-preview:large, max-video-preview:-1\" \/>\n<link rel=\"canonical\" href=\"https:\/\/www.ull.es\/portal\/boletininnovacion2\/x-premio-a-la-innovacion-y-transferencia-educativa-al-proyecto-el-aprendizaje-servicio-universitario-en-el-ambito-de-la-actividad-fisica-y-deporte-y-su-aplicacion-en-contextos-socioeducativos\/\" \/>\n<meta property=\"og:locale\" content=\"es_ES\" \/>\n<meta property=\"og:type\" content=\"article\" \/>\n<meta property=\"og:title\" content=\"X Premio a la Innovaci\u00f3n y Transferencia Educativa al proyecto \u201cEl aprendizaje-servicio universitario en el \u00e1mbito de la actividad f\u00edsica y deporte y su aplicaci\u00f3n en contextos socioeducativos vulnerados\u201d - Boletin de Innovaci\u00f3n\" \/>\n<meta property=\"og:description\" content=\"[vc_row][vc_column][vc_empty_space][\/vc_column][\/vc_row][vc_row full_width=\u00bbstretch_row\u00bb equal_height=\u00bbyes\u00bb][vc_column width=\u00bb1\/2&#8243; css=\u00bb.vc_custom_1619783944295{background-image: url(https:\/\/www.ull.es\/portal\/boletininnovacion2\/wp-content\/uploads\/sites\/45\/2021\/04\/20-image-2021.jpg?id=238) !important;background-position: center !important;background-repeat: no-repeat !important;background-size: cover !important;}\u00bb][vc_empty_space height=\u00bb400px\u00bb][\/vc_column][vc_column width=\u00bb1\/2&#8243; css=\u00bb.vc_custom_1616593459031{background-color: #9f416b !important;}\u00bb][vc_column_text] X Premio a la Innovaci\u00f3n y Transferencia Educativa al proyecto \u201cEl aprendizaje-servicio universitario en el \u00e1mbito de la actividad f\u00edsica y deporte y su aplicaci\u00f3n en contextos socioeducativos vulnerados\u201d Nuestro equipo de la Universidad de La Laguna...\" \/>\n<meta property=\"og:url\" content=\"https:\/\/www.ull.es\/portal\/boletininnovacion2\/x-premio-a-la-innovacion-y-transferencia-educativa-al-proyecto-el-aprendizaje-servicio-universitario-en-el-ambito-de-la-actividad-fisica-y-deporte-y-su-aplicacion-en-contextos-socioeducativos\/\" \/>\n<meta property=\"og:site_name\" content=\"Boletin de Innovaci\u00f3n\" \/>\n<meta property=\"article:modified_time\" content=\"2021-04-30T12:00:34+00:00\" \/>\n<meta name=\"twitter:card\" content=\"summary_large_image\" \/>\n<meta name=\"twitter:label1\" content=\"Tiempo de lectura\" \/>\n\t<meta name=\"twitter:data1\" content=\"1 minuto\" \/>\n<script type=\"application\/ld+json\" class=\"yoast-schema-graph\">{\"@context\":\"https:\/\/schema.org\",\"@graph\":[{\"@type\":\"WebPage\",\"@id\":\"https:\/\/www.ull.es\/portal\/boletininnovacion2\/x-premio-a-la-innovacion-y-transferencia-educativa-al-proyecto-el-aprendizaje-servicio-universitario-en-el-ambito-de-la-actividad-fisica-y-deporte-y-su-aplicacion-en-contextos-socioeducativos\/\",\"url\":\"https:\/\/www.ull.es\/portal\/boletininnovacion2\/x-premio-a-la-innovacion-y-transferencia-educativa-al-proyecto-el-aprendizaje-servicio-universitario-en-el-ambito-de-la-actividad-fisica-y-deporte-y-su-aplicacion-en-contextos-socioeducativos\/\",\"name\":\"X Premio a la Innovaci\u00f3n y Transferencia Educativa al proyecto \u201cEl aprendizaje-servicio universitario en el \u00e1mbito de la actividad f\u00edsica y deporte y su aplicaci\u00f3n en contextos socioeducativos vulnerados\u201d - Boletin de Innovaci\u00f3n\",\"isPartOf\":{\"@id\":\"https:\/\/www.ull.es\/portal\/boletininnovacion2\/#website\"},\"datePublished\":\"2021-04-30T11:59:22+00:00\",\"dateModified\":\"2021-04-30T12:00:34+00:00\",\"breadcrumb\":{\"@id\":\"https:\/\/www.ull.es\/portal\/boletininnovacion2\/x-premio-a-la-innovacion-y-transferencia-educativa-al-proyecto-el-aprendizaje-servicio-universitario-en-el-ambito-de-la-actividad-fisica-y-deporte-y-su-aplicacion-en-contextos-socioeducativos\/#breadcrumb\"},\"inLanguage\":\"es\",\"potentialAction\":[{\"@type\":\"ReadAction\",\"target\":[\"https:\/\/www.ull.es\/portal\/boletininnovacion2\/x-premio-a-la-innovacion-y-transferencia-educativa-al-proyecto-el-aprendizaje-servicio-universitario-en-el-ambito-de-la-actividad-fisica-y-deporte-y-su-aplicacion-en-contextos-socioeducativos\/\"]}]},{\"@type\":\"BreadcrumbList\",\"@id\":\"https:\/\/www.ull.es\/portal\/boletininnovacion2\/x-premio-a-la-innovacion-y-transferencia-educativa-al-proyecto-el-aprendizaje-servicio-universitario-en-el-ambito-de-la-actividad-fisica-y-deporte-y-su-aplicacion-en-contextos-socioeducativos\/#breadcrumb\",\"itemListElement\":[{\"@type\":\"ListItem\",\"position\":1,\"name\":\"Portada\",\"item\":\"https:\/\/www.ull.es\/portal\/boletininnovacion2\/\"},{\"@type\":\"ListItem\",\"position\":2,\"name\":\"X Premio a la Innovaci\u00f3n y Transferencia Educativa al proyecto \u201cEl aprendizaje-servicio universitario en el \u00e1mbito de la actividad f\u00edsica y deporte y su aplicaci\u00f3n en contextos socioeducativos vulnerados\u201d\"}]},{\"@type\":\"WebSite\",\"@id\":\"https:\/\/www.ull.es\/portal\/boletininnovacion2\/#website\",\"url\":\"https:\/\/www.ull.es\/portal\/boletininnovacion2\/\",\"name\":\"Boletin de Innovaci\u00f3n\",\"description\":\"\",\"potentialAction\":[{\"@type\":\"SearchAction\",\"target\":{\"@type\":\"EntryPoint\",\"urlTemplate\":\"https:\/\/www.ull.es\/portal\/boletininnovacion2\/?s={search_term_string}\"},\"query-input\":\"required name=search_term_string\"}],\"inLanguage\":\"es\"}]}<\/script>\n<!-- \/ Yoast SEO plugin. -->","yoast_head_json":{"title":"X Premio a la Innovaci\u00f3n y Transferencia Educativa al proyecto \u201cEl aprendizaje-servicio universitario en el \u00e1mbito de la actividad f\u00edsica y deporte y su aplicaci\u00f3n en contextos socioeducativos vulnerados\u201d - Boletin de Innovaci\u00f3n","robots":{"index":"index","follow":"follow","max-snippet":"max-snippet:-1","max-image-preview":"max-image-preview:large","max-video-preview":"max-video-preview:-1"},"canonical":"https:\/\/www.ull.es\/portal\/boletininnovacion2\/x-premio-a-la-innovacion-y-transferencia-educativa-al-proyecto-el-aprendizaje-servicio-universitario-en-el-ambito-de-la-actividad-fisica-y-deporte-y-su-aplicacion-en-contextos-socioeducativos\/","og_locale":"es_ES","og_type":"article","og_title":"X Premio a la Innovaci\u00f3n y Transferencia Educativa al proyecto \u201cEl aprendizaje-servicio universitario en el \u00e1mbito de la actividad f\u00edsica y deporte y su aplicaci\u00f3n en contextos socioeducativos vulnerados\u201d - Boletin de Innovaci\u00f3n","og_description":"[vc_row][vc_column][vc_empty_space][\/vc_column][\/vc_row][vc_row full_width=\u00bbstretch_row\u00bb equal_height=\u00bbyes\u00bb][vc_column width=\u00bb1\/2&#8243; css=\u00bb.vc_custom_1619783944295{background-image: url(https:\/\/www.ull.es\/portal\/boletininnovacion2\/wp-content\/uploads\/sites\/45\/2021\/04\/20-image-2021.jpg?id=238) !important;background-position: center !important;background-repeat: no-repeat !important;background-size: cover !important;}\u00bb][vc_empty_space height=\u00bb400px\u00bb][\/vc_column][vc_column width=\u00bb1\/2&#8243; css=\u00bb.vc_custom_1616593459031{background-color: #9f416b !important;}\u00bb][vc_column_text] X Premio a la Innovaci\u00f3n y Transferencia Educativa al proyecto \u201cEl aprendizaje-servicio universitario en el \u00e1mbito de la actividad f\u00edsica y deporte y su aplicaci\u00f3n en contextos socioeducativos vulnerados\u201d Nuestro equipo de la Universidad de La Laguna...","og_url":"https:\/\/www.ull.es\/portal\/boletininnovacion2\/x-premio-a-la-innovacion-y-transferencia-educativa-al-proyecto-el-aprendizaje-servicio-universitario-en-el-ambito-de-la-actividad-fisica-y-deporte-y-su-aplicacion-en-contextos-socioeducativos\/","og_site_name":"Boletin de Innovaci\u00f3n","article_modified_time":"2021-04-30T12:00:34+00:00","twitter_card":"summary_large_image","twitter_misc":{"Tiempo de lectura":"1 minuto"},"schema":{"@context":"https:\/\/schema.org","@graph":[{"@type":"WebPage","@id":"https:\/\/www.ull.es\/portal\/boletininnovacion2\/x-premio-a-la-innovacion-y-transferencia-educativa-al-proyecto-el-aprendizaje-servicio-universitario-en-el-ambito-de-la-actividad-fisica-y-deporte-y-su-aplicacion-en-contextos-socioeducativos\/","url":"https:\/\/www.ull.es\/portal\/boletininnovacion2\/x-premio-a-la-innovacion-y-transferencia-educativa-al-proyecto-el-aprendizaje-servicio-universitario-en-el-ambito-de-la-actividad-fisica-y-deporte-y-su-aplicacion-en-contextos-socioeducativos\/","name":"X Premio a la Innovaci\u00f3n y Transferencia Educativa al proyecto \u201cEl aprendizaje-servicio universitario en el \u00e1mbito de la actividad f\u00edsica y deporte y su aplicaci\u00f3n en contextos socioeducativos vulnerados\u201d - Boletin de Innovaci\u00f3n","isPartOf":{"@id":"https:\/\/www.ull.es\/portal\/boletininnovacion2\/#website"},"datePublished":"2021-04-30T11:59:22+00:00","dateModified":"2021-04-30T12:00:34+00:00","breadcrumb":{"@id":"https:\/\/www.ull.es\/portal\/boletininnovacion2\/x-premio-a-la-innovacion-y-transferencia-educativa-al-proyecto-el-aprendizaje-servicio-universitario-en-el-ambito-de-la-actividad-fisica-y-deporte-y-su-aplicacion-en-contextos-socioeducativos\/#breadcrumb"},"inLanguage":"es","potentialAction":[{"@type":"ReadAction","target":["https:\/\/www.ull.es\/portal\/boletininnovacion2\/x-premio-a-la-innovacion-y-transferencia-educativa-al-proyecto-el-aprendizaje-servicio-universitario-en-el-ambito-de-la-actividad-fisica-y-deporte-y-su-aplicacion-en-contextos-socioeducativos\/"]}]},{"@type":"BreadcrumbList","@id":"https:\/\/www.ull.es\/portal\/boletininnovacion2\/x-premio-a-la-innovacion-y-transferencia-educativa-al-proyecto-el-aprendizaje-servicio-universitario-en-el-ambito-de-la-actividad-fisica-y-deporte-y-su-aplicacion-en-contextos-socioeducativos\/#breadcrumb","itemListElement":[{"@type":"ListItem","position":1,"name":"Portada","item":"https:\/\/www.ull.es\/portal\/boletininnovacion2\/"},{"@type":"ListItem","position":2,"name":"X Premio a la Innovaci\u00f3n y Transferencia Educativa al proyecto \u201cEl aprendizaje-servicio universitario en el \u00e1mbito de la actividad f\u00edsica y deporte y su aplicaci\u00f3n en contextos socioeducativos vulnerados\u201d"}]},{"@type":"WebSite","@id":"https:\/\/www.ull.es\/portal\/boletininnovacion2\/#website","url":"https:\/\/www.ull.es\/portal\/boletininnovacion2\/","name":"Boletin de Innovaci\u00f3n","description":"","potentialAction":[{"@type":"SearchAction","target":{"@type":"EntryPoint","urlTemplate":"https:\/\/www.ull.es\/portal\/boletininnovacion2\/?s={search_term_string}"},"query-input":"required name=search_term_string"}],"inLanguage":"es"}]}},"_links":{"self":[{"href":"https:\/\/www.ull.es\/portal\/boletininnovacion2\/wp-json\/wp\/v2\/pages\/237"}],"collection":[{"href":"https:\/\/www.ull.es\/portal\/boletininnovacion2\/wp-json\/wp\/v2\/pages"}],"about":[{"href":"https:\/\/www.ull.es\/portal\/boletininnovacion2\/wp-json\/wp\/v2\/types\/page"}],"author":[{"embeddable":true,"href":"https:\/\/www.ull.es\/portal\/boletininnovacion2\/wp-json\/wp\/v2\/users\/41"}],"replies":[{"embeddable":true,"href":"https:\/\/www.ull.es\/portal\/boletininnovacion2\/wp-json\/wp\/v2\/comments?post=237"}],"version-history":[{"count":2,"href":"https:\/\/www.ull.es\/portal\/boletininnovacion2\/wp-json\/wp\/v2\/pages\/237\/revisions"}],"predecessor-version":[{"id":241,"href":"https:\/\/www.ull.es\/portal\/boletininnovacion2\/wp-json\/wp\/v2\/pages\/237\/revisions\/241"}],"wp:attachment":[{"href":"https:\/\/www.ull.es\/portal\/boletininnovacion2\/wp-json\/wp\/v2\/media?parent=237"}],"curies":[{"name":"wp","href":"https:\/\/api.w.org\/{rel}","templated":true}]}}