{"id":247,"date":"2021-04-30T13:07:25","date_gmt":"2021-04-30T13:07:25","guid":{"rendered":"https:\/\/www.ull.es\/portal\/boletininnovacion2\/?page_id=247"},"modified":"2021-05-04T08:20:29","modified_gmt":"2021-05-04T08:20:29","slug":"programa-de-orientacion-y-accion-tutorial-poat","status":"publish","type":"page","link":"https:\/\/www.ull.es\/portal\/boletininnovacion2\/programa-de-orientacion-y-accion-tutorial-poat\/","title":{"rendered":"Programa de Orientaci\u00f3n y Acci\u00f3n Tutorial (POAT)"},"content":{"rendered":"<p>[vc_row][vc_column][vc_empty_space][\/vc_column][\/vc_row][vc_row full_width=\u00bbstretch_row\u00bb equal_height=\u00bbyes\u00bb][vc_column width=\u00bb1\/2&#8243; css=\u00bb.vc_custom_1620116419206{background-image: url(https:\/\/www.ull.es\/portal\/boletininnovacion2\/wp-content\/uploads\/sites\/45\/2021\/05\/Captura-de-pantalla-boletin.jpg?id=320) !important;background-position: center !important;background-repeat: no-repeat !important;background-size: cover !important;}\u00bb][vc_empty_space height=\u00bb400px\u00bb][\/vc_column][vc_column width=\u00bb1\/2&#8243; css=\u00bb.vc_custom_1616593459031{background-color: #9f416b !important;}\u00bb][vc_column_text]<\/p>\n<h1><span style=\"font-weight: 400;color: #ffffff\">Programa de Orientaci\u00f3n y Acci\u00f3n Tutorial (POAT)<br \/>\n<\/span><\/h1>\n<p><span style=\"font-weight: 400;font-size: 20px;color: #ffffff\">A trav\u00e9s del Programa de Orientaci\u00f3n y Acci\u00f3n Tutorial (POAT) se dota al alumnado de primer grado de herramientas y un soporte acad\u00e9mico y social para su integraci\u00f3n y adaptaci\u00f3n en el \u00e1mbito universitario. La experiencia del estudiantado de cursos superiores sirve de gu\u00eda y enriquecimiento para los nuevos integrantes de la etapa acad\u00e9mica en la universidad.<br \/>\n<\/span>[\/vc_column_text][\/vc_column][\/vc_row][vc_row][vc_column][vc_empty_space][\/vc_column][\/vc_row][vc_row][vc_column][vc_column_text]<\/p>\n<p class=\"p1\"><span class=\"s1\">El programa de mentor\u00eda orienta al alumnado de nuevo ingreso a trav\u00e9s de la experiencia adquirida por el alumnado que ya est\u00e1 finalizando su etapa en el grado y que act\u00faan como mentores. Con esta mentor\u00eda se le da la bienvenida a un peque\u00f1o grupo de alumnos de primer a\u00f1o con la misma titulaci\u00f3n, se les asesora y acompa\u00f1a a lo largo del curso a trav\u00e9s de la experiencia adquirida con anterioridad.<\/span><\/p>\n<p class=\"p1\"><span class=\"s1\">Los mentores y tutores del POAT trabajan en conjunto para forjar una red de apoyo que, no solo trata de mejorar la adaptaci\u00f3n acad\u00e9mica, sino que, facilita el desarrollo de habilidades sociales y comunicativas. Es un programa que incentiva la creaci\u00f3n de lazos entre el los asistentes y los mentores, lo que ayuda al alumnado de nuevo ingreso a crear v\u00ednculos sociales en un entorno nuevo.<\/span><\/p>\n<p class=\"p1\"><span class=\"s1\">En los siguientes v\u00eddeos los mentores del POAT del Grado en Biolog\u00eda cuentan su experiencia durante el curso 2020-2021. A trav\u00e9s de su participaci\u00f3n se muestra la val\u00eda e importancia del programa de mentor\u00eda, que ayuda a la adaptaci\u00f3n de los nuevos miembros de la comunidad universitaria, la organizaci\u00f3n en este nuevo panorama y a la resoluci\u00f3n de posibles conflictos de una manera m\u00e1s cercana.<\/span><\/p>\n<p>[\/vc_column_text][vc_empty_space][\/vc_column][\/vc_row][vc_row equal_height=\u00bbyes\u00bb css=\u00bb.vc_custom_1616594513922{background-color: #9f416b !important;}\u00bb][vc_column css=\u00bb.vc_custom_1616594417780{background-position: center !important;background-repeat: no-repeat !important;background-size: cover !important;}\u00bb][vc_column_text]<span style=\"font-weight: 400;font-size: 20px;color: #ffffff\">El programa de mentor\u00eda<\/span>[\/vc_column_text][\/vc_column][\/vc_row][vc_row][vc_column][vc_row_inner equal_height=\u00bbyes\u00bb content_placement=\u00bbmiddle\u00bb gap=\u00bb2&#8243;][vc_column_inner width=\u00bb1\/2&#8243;][vc_column_text]<span style=\"font-weight: 400\">El programa de mentor\u00eda consiste en hacer part\u00edcipes a estudiantes de cursos avanzados de un t\u00edtulo en el Programa de Orientaci\u00f3n y Acci\u00f3n Tutorial (POAT) dirigido a los estudiantes de primer curso. Los mentores acogen a un peque\u00f1o grupo de estudiantes de primer a\u00f1o de su misma titulaci\u00f3n y, a trav\u00e9s de su experiencia adquirida, les aconsejan y acompa\u00f1an a lo largo del curso. En este v\u00eddeo los mentores del POAT del Grado en Biolog\u00eda cuentan su experiencia durante el curso 2020-2021.<\/span>[\/vc_column_text][\/vc_column_inner][vc_column_inner width=\u00bb1\/2&#8243;][vc_single_image image=\u00bb255&#8243; img_size=\u00bbfull\u00bb][\/vc_column_inner][\/vc_row_inner][vc_empty_space][\/vc_column][\/vc_row][vc_row][vc_column][vc_empty_space][\/vc_column][\/vc_row][vc_row][vc_column][vc_row_inner equal_height=\u00bbyes\u00bb content_placement=\u00bbmiddle\u00bb gap=\u00bb2&#8243;][vc_column_inner width=\u00bb1\/2&#8243;][vc_column_text]<\/p>\n<p style=\"text-align: center;background-color: #9f416b;color: #ffffff;padding: 10px\">\u00bfEn qu\u00e9 consiste el programa de mentor\u00eda?<\/p>\n<p>[\/vc_column_text][vc_column_text]<strong>Matt Oscar Juris<\/strong>[\/vc_column_text][vc_raw_html]JTNDaWZyYW1lJTIwc3JjJTNEJTIyaHR0cHMlM0ElMkYlMkZkcml2ZS5nb29nbGUuY29tJTJGZmlsZSUyRmQlMkYxaDdackh2bHpzYnFxTndkdTNtNkQ5a0NTX3gtWUJDd0MlMkZwcmV2aWV3JTIyJTIwd2lkdGglM0QlMjI1NTklMjIlMjBoZWlnaHQlM0QlMjIzODAlMjIlM0UlM0MlMkZpZnJhbWUlM0U=[\/vc_raw_html][\/vc_column_inner][vc_column_inner width=\u00bb1\/2&#8243;][vc_column_text]<\/p>\n<p style=\"text-align: center;background-color: #9f416b;color: #ffffff;padding: 10px\">\u00bfQu\u00e9 temas se han cubierto en el programa de mentor\u00eda?<\/p>\n<p>[\/vc_column_text][vc_column_text]<strong>Jezabel Chinea Acosta<\/strong>[\/vc_column_text][vc_raw_html]JTNDaWZyYW1lJTIwc3JjJTNEJTIyaHR0cHMlM0ElMkYlMkZkcml2ZS5nb29nbGUuY29tJTJGZmlsZSUyRmQlMkYxMEROOS1UYjVsOC11Y3VCd0Y1QXRtRUZIWHJhMmRBYmwlMkZwcmV2aWV3JTIyJTIwd2lkdGglM0QlMjI1NTklMjIlMjBoZWlnaHQlM0QlMjIzODAlMjIlM0UlM0MlMkZpZnJhbWUlM0U=[\/vc_raw_html][\/vc_column_inner][\/vc_row_inner][vc_empty_space][\/vc_column][\/vc_row][vc_row][vc_column][vc_column_text]<\/p>\n<p style=\"text-align: center;background-color: #9f416b;color: #ffffff;padding: 10px\">\u00bfQu\u00e9 necesidades han percibido en los estudiantes de primero de Biolog\u00eda durante las mentor\u00edas?<\/p>\n<p>[\/vc_column_text][vc_row_inner equal_height=\u00bbyes\u00bb content_placement=\u00bbmiddle\u00bb gap=\u00bb2&#8243;][vc_column_inner width=\u00bb1\/2&#8243;][vc_column_text]<strong>Marta Hern\u00e1ndez P\u00e9rez<\/strong>[\/vc_column_text][vc_raw_html]JTNDaWZyYW1lJTIwc3JjJTNEJTIyaHR0cHMlM0ElMkYlMkZkcml2ZS5nb29nbGUuY29tJTJGZmlsZSUyRmQlMkYxbno4R01yeUFyZjlnSnFtNHlqWkNqX1hxTnI3WWwySTIlMkZwcmV2aWV3JTIyJTIwd2lkdGglM0QlMjI1NTklMjIlMjBoZWlnaHQlM0QlMjIzODAlMjIlM0UlM0MlMkZpZnJhbWUlM0U=[\/vc_raw_html][\/vc_column_inner][vc_column_inner width=\u00bb1\/2&#8243;][vc_column_text]<strong>Mar\u00eda Dom\u00ednguez Santana<\/strong>[\/vc_column_text][vc_raw_html]JTNDaWZyYW1lJTIwc3JjJTNEJTIyaHR0cHMlM0ElMkYlMkZkcml2ZS5nb29nbGUuY29tJTJGZmlsZSUyRmQlMkYxQ2RvNEt3cnpwT0pZaWwwQms5QkVzeDI2Slk5ZGtoYWQlMkZwcmV2aWV3JTIyJTIwd2lkdGglM0QlMjI1NTklMjIlMjBoZWlnaHQlM0QlMjIzODAlMjIlM0UlM0MlMkZpZnJhbWUlM0U=[\/vc_raw_html][\/vc_column_inner][\/vc_row_inner][vc_empty_space][\/vc_column][\/vc_row][vc_row][vc_column][vc_column_text]<\/p>\n<p style=\"text-align: center;background-color: #9f416b;color: #ffffff;padding: 10px\">\u00bfDe qu\u00e9 forma te habr\u00eda servido tener un programa de mentor\u00eda cuando estabas en primero?<\/p>\n<p>[\/vc_column_text][vc_row_inner equal_height=\u00bbyes\u00bb content_placement=\u00bbmiddle\u00bb gap=\u00bb2&#8243;][vc_column_inner width=\u00bb1\/2&#8243;][vc_column_text]<strong>Marta Hern\u00e1ndez P\u00e9rez<\/strong>[\/vc_column_text][vc_raw_html]JTNDaWZyYW1lJTIwc3JjJTNEJTIyaHR0cHMlM0ElMkYlMkZkcml2ZS5nb29nbGUuY29tJTJGZmlsZSUyRmQlMkYxQUxocmtSNE1aUzM4RmtwRjNlc1M0R2VjdmV0NVlRLUslMkZwcmV2aWV3JTIyJTIwd2lkdGglM0QlMjI1NTklMjIlMjBoZWlnaHQlM0QlMjIzODAlMjIlM0UlM0MlMkZpZnJhbWUlM0U=[\/vc_raw_html][\/vc_column_inner][vc_column_inner width=\u00bb1\/2&#8243;][vc_column_text]<strong>Daniel Barreto Afonso<\/strong>[\/vc_column_text][vc_raw_html]JTNDaWZyYW1lJTIwc3JjJTNEJTIyaHR0cHMlM0ElMkYlMkZkcml2ZS5nb29nbGUuY29tJTJGZmlsZSUyRmQlMkYxYm1pX3lBSVM1TjluMlZ3NE9GZHR4LUR4bjV6SXpXUGIlMkZwcmV2aWV3JTIyJTIwd2lkdGglM0QlMjI1NTklMjIlMjBoZWlnaHQlM0QlMjIzODAlMjIlM0UlM0MlMkZpZnJhbWUlM0U=[\/vc_raw_html][\/vc_column_inner][\/vc_row_inner][vc_empty_space][\/vc_column][\/vc_row][vc_row][vc_column][vc_column_text]<\/p>\n<p style=\"text-align: center;background-color: #9f416b;color: #ffffff;padding: 10px\">\u00bfQu\u00e9 consideras que te ha proporcionado participar en el programa de mentor\u00eda?<\/p>\n<p>[\/vc_column_text][vc_row_inner equal_height=\u00bbyes\u00bb content_placement=\u00bbmiddle\u00bb gap=\u00bb2&#8243;][vc_column_inner width=\u00bb1\/2&#8243;][vc_column_text]<strong>Mar\u00eda Dom\u00ednguez Santana<\/strong>[\/vc_column_text][vc_raw_html]JTNDaWZyYW1lJTIwc3JjJTNEJTIyaHR0cHMlM0ElMkYlMkZkcml2ZS5nb29nbGUuY29tJTJGZmlsZSUyRmQlMkYxVWF1VDItRmVhWDdodkRydllMSkhqQzMtSXBNZ0lHOGElMkZwcmV2aWV3JTIyJTIwd2lkdGglM0QlMjI1NTklMjIlMjBoZWlnaHQlM0QlMjIzODAlMjIlM0UlM0MlMkZpZnJhbWUlM0U=[\/vc_raw_html][\/vc_column_inner][vc_column_inner width=\u00bb1\/2&#8243;][vc_column_text]<strong>Daniel Barreto Afonso<\/strong>[\/vc_column_text][vc_raw_html]JTNDaWZyYW1lJTIwc3JjJTNEJTIyaHR0cHMlM0ElMkYlMkZkcml2ZS5nb29nbGUuY29tJTJGZmlsZSUyRmQlMkYxZzZhSDMwbmUyUEpNM2o1TkRST0hUeTFiTDdILVN6bWclMkZwcmV2aWV3JTIyJTIwd2lkdGglM0QlMjI1NTklMjIlMjBoZWlnaHQlM0QlMjIzODAlMjIlM0UlM0MlMkZpZnJhbWUlM0U=[\/vc_raw_html][\/vc_column_inner][\/vc_row_inner][vc_empty_space][\/vc_column][\/vc_row][vc_row][vc_column][vc_row_inner equal_height=\u00bbyes\u00bb content_placement=\u00bbmiddle\u00bb gap=\u00bb2&#8243;][vc_column_inner width=\u00bb1\/2&#8243;][vc_column_text]<\/p>\n<p style=\"text-align: center;background-color: #9f416b;color: #ffffff;padding: 10px\">\u00bfQu\u00e9 beneficios podr\u00eda tener para la ULL la implantaci\u00f3n del programa de mentor\u00eda en todos los Grados?<\/p>\n<p><strong>Isabel Mar\u00eda Calero Docina<\/strong>[\/vc_column_text][\/vc_column_inner][vc_column_inner width=\u00bb1\/2&#8243;][vc_raw_html]JTNDaWZyYW1lJTIwc3JjJTNEJTIyaHR0cHMlM0ElMkYlMkZkcml2ZS5nb29nbGUuY29tJTJGZmlsZSUyRmQlMkYxUk12RGF0WmQ1eDVfRWFMVHBHa0pMVGRFQnh2TF9Pdk0lMkZwcmV2aWV3JTIyJTIwd2lkdGglM0QlMjI1NTklMjIlMjBoZWlnaHQlM0QlMjIzODAlMjIlM0UlM0MlMkZpZnJhbWUlM0U=[\/vc_raw_html][\/vc_column_inner][\/vc_row_inner][vc_empty_space][\/vc_column][\/vc_row][vc_row equal_height=\u00bbyes\u00bb css=\u00bb.vc_custom_1616594513922{background-color: #9f416b !important;}\u00bb][vc_column css=\u00bb.vc_custom_1616594417780{background-position: center !important;background-repeat: no-repeat !important;background-size: cover !important;}\u00bb][vc_column_text]<span style=\"font-weight: 400;font-size: 20px;color: #ffffff\">Datos POAT Biolog\u00eda 2020-2021:<\/span>[\/vc_column_text][\/vc_column][\/vc_row][vc_row][vc_column][vc_row_inner equal_height=\u00bbyes\u00bb content_placement=\u00bbmiddle\u00bb gap=\u00bb2&#8243;][vc_column_inner][vc_column_text]<span style=\"font-weight: 400\">N\u00famero de estudiantes de primero en el POAT: 73<\/span><\/p>\n<p><span style=\"font-weight: 400\">N\u00famero de mentores en el POAT: 16<\/span>[\/vc_column_text][\/vc_column_inner][\/vc_row_inner][vc_empty_space][\/vc_column][\/vc_row]<\/p>\n","protected":false},"excerpt":{"rendered":"<p>[vc_row][vc_column][vc_empty_space][\/vc_column][\/vc_row][vc_row full_width=\u00bbstretch_row\u00bb equal_height=\u00bbyes\u00bb][vc_column width=\u00bb1\/2&#8243; css=\u00bb.vc_custom_1620116419206{background-image: url(https:\/\/www.ull.es\/portal\/boletininnovacion2\/wp-content\/uploads\/sites\/45\/2021\/05\/Captura-de-pantalla-boletin.jpg?id=320) !important;background-position: center !important;background-repeat: no-repeat !important;background-size: cover !important;}\u00bb][vc_empty_space height=\u00bb400px\u00bb][\/vc_column][vc_column width=\u00bb1\/2&#8243; css=\u00bb.vc_custom_1616593459031{background-color: #9f416b !important;}\u00bb][vc_column_text] Programa de Orientaci\u00f3n y Acci\u00f3n Tutorial (POAT) A trav\u00e9s del Programa de Orientaci\u00f3n y Acci\u00f3n Tutorial (POAT) se dota al alumnado de primer grado de herramientas y un soporte acad\u00e9mico y social para su integraci\u00f3n y adaptaci\u00f3n&#8230;<\/p>\n","protected":false},"author":41,"featured_media":0,"parent":0,"menu_order":0,"comment_status":"closed","ping_status":"closed","template":"templates\/template-no-title.php","meta":{"inline_featured_image":false,"footnotes":""},"acf":[],"yoast_head":"<!-- This site is optimized with the Yoast SEO plugin v21.3 - https:\/\/yoast.com\/wordpress\/plugins\/seo\/ -->\n<title>Programa de Orientaci\u00f3n y Acci\u00f3n Tutorial (POAT) - Boletin de Innovaci\u00f3n<\/title>\n<meta name=\"robots\" content=\"index, follow, max-snippet:-1, max-image-preview:large, max-video-preview:-1\" \/>\n<link rel=\"canonical\" href=\"https:\/\/www.ull.es\/portal\/boletininnovacion2\/programa-de-orientacion-y-accion-tutorial-poat\/\" \/>\n<meta property=\"og:locale\" content=\"es_ES\" \/>\n<meta property=\"og:type\" content=\"article\" \/>\n<meta property=\"og:title\" content=\"Programa de Orientaci\u00f3n y Acci\u00f3n Tutorial (POAT) - Boletin de Innovaci\u00f3n\" \/>\n<meta property=\"og:description\" content=\"[vc_row][vc_column][vc_empty_space][\/vc_column][\/vc_row][vc_row full_width=\u00bbstretch_row\u00bb equal_height=\u00bbyes\u00bb][vc_column width=\u00bb1\/2&#8243; css=\u00bb.vc_custom_1620116419206{background-image: url(https:\/\/www.ull.es\/portal\/boletininnovacion2\/wp-content\/uploads\/sites\/45\/2021\/05\/Captura-de-pantalla-boletin.jpg?id=320) !important;background-position: center !important;background-repeat: no-repeat !important;background-size: cover !important;}\u00bb][vc_empty_space height=\u00bb400px\u00bb][\/vc_column][vc_column width=\u00bb1\/2&#8243; css=\u00bb.vc_custom_1616593459031{background-color: #9f416b !important;}\u00bb][vc_column_text] Programa de Orientaci\u00f3n y Acci\u00f3n Tutorial (POAT) A trav\u00e9s del Programa de Orientaci\u00f3n y Acci\u00f3n Tutorial (POAT) se dota al alumnado de primer grado de herramientas y un soporte acad\u00e9mico y social para su integraci\u00f3n y adaptaci\u00f3n...\" \/>\n<meta property=\"og:url\" content=\"https:\/\/www.ull.es\/portal\/boletininnovacion2\/programa-de-orientacion-y-accion-tutorial-poat\/\" \/>\n<meta property=\"og:site_name\" content=\"Boletin de Innovaci\u00f3n\" \/>\n<meta property=\"article:modified_time\" content=\"2021-05-04T08:20:29+00:00\" \/>\n<meta name=\"twitter:card\" content=\"summary_large_image\" \/>\n<meta name=\"twitter:label1\" content=\"Tiempo de lectura\" \/>\n\t<meta name=\"twitter:data1\" content=\"3 minutos\" \/>\n<script type=\"application\/ld+json\" class=\"yoast-schema-graph\">{\"@context\":\"https:\/\/schema.org\",\"@graph\":[{\"@type\":\"WebPage\",\"@id\":\"https:\/\/www.ull.es\/portal\/boletininnovacion2\/programa-de-orientacion-y-accion-tutorial-poat\/\",\"url\":\"https:\/\/www.ull.es\/portal\/boletininnovacion2\/programa-de-orientacion-y-accion-tutorial-poat\/\",\"name\":\"Programa de Orientaci\u00f3n y Acci\u00f3n Tutorial (POAT) - Boletin de Innovaci\u00f3n\",\"isPartOf\":{\"@id\":\"https:\/\/www.ull.es\/portal\/boletininnovacion2\/#website\"},\"datePublished\":\"2021-04-30T13:07:25+00:00\",\"dateModified\":\"2021-05-04T08:20:29+00:00\",\"breadcrumb\":{\"@id\":\"https:\/\/www.ull.es\/portal\/boletininnovacion2\/programa-de-orientacion-y-accion-tutorial-poat\/#breadcrumb\"},\"inLanguage\":\"es\",\"potentialAction\":[{\"@type\":\"ReadAction\",\"target\":[\"https:\/\/www.ull.es\/portal\/boletininnovacion2\/programa-de-orientacion-y-accion-tutorial-poat\/\"]}]},{\"@type\":\"BreadcrumbList\",\"@id\":\"https:\/\/www.ull.es\/portal\/boletininnovacion2\/programa-de-orientacion-y-accion-tutorial-poat\/#breadcrumb\",\"itemListElement\":[{\"@type\":\"ListItem\",\"position\":1,\"name\":\"Portada\",\"item\":\"https:\/\/www.ull.es\/portal\/boletininnovacion2\/\"},{\"@type\":\"ListItem\",\"position\":2,\"name\":\"Programa de Orientaci\u00f3n y Acci\u00f3n Tutorial (POAT)\"}]},{\"@type\":\"WebSite\",\"@id\":\"https:\/\/www.ull.es\/portal\/boletininnovacion2\/#website\",\"url\":\"https:\/\/www.ull.es\/portal\/boletininnovacion2\/\",\"name\":\"Boletin de Innovaci\u00f3n\",\"description\":\"\",\"potentialAction\":[{\"@type\":\"SearchAction\",\"target\":{\"@type\":\"EntryPoint\",\"urlTemplate\":\"https:\/\/www.ull.es\/portal\/boletininnovacion2\/?s={search_term_string}\"},\"query-input\":\"required name=search_term_string\"}],\"inLanguage\":\"es\"}]}<\/script>\n<!-- \/ Yoast SEO plugin. -->","yoast_head_json":{"title":"Programa de Orientaci\u00f3n y Acci\u00f3n Tutorial (POAT) - Boletin de Innovaci\u00f3n","robots":{"index":"index","follow":"follow","max-snippet":"max-snippet:-1","max-image-preview":"max-image-preview:large","max-video-preview":"max-video-preview:-1"},"canonical":"https:\/\/www.ull.es\/portal\/boletininnovacion2\/programa-de-orientacion-y-accion-tutorial-poat\/","og_locale":"es_ES","og_type":"article","og_title":"Programa de Orientaci\u00f3n y Acci\u00f3n Tutorial (POAT) - Boletin de Innovaci\u00f3n","og_description":"[vc_row][vc_column][vc_empty_space][\/vc_column][\/vc_row][vc_row full_width=\u00bbstretch_row\u00bb equal_height=\u00bbyes\u00bb][vc_column width=\u00bb1\/2&#8243; css=\u00bb.vc_custom_1620116419206{background-image: url(https:\/\/www.ull.es\/portal\/boletininnovacion2\/wp-content\/uploads\/sites\/45\/2021\/05\/Captura-de-pantalla-boletin.jpg?id=320) !important;background-position: center !important;background-repeat: no-repeat !important;background-size: cover !important;}\u00bb][vc_empty_space height=\u00bb400px\u00bb][\/vc_column][vc_column width=\u00bb1\/2&#8243; css=\u00bb.vc_custom_1616593459031{background-color: #9f416b !important;}\u00bb][vc_column_text] Programa de Orientaci\u00f3n y Acci\u00f3n Tutorial (POAT) A trav\u00e9s del Programa de Orientaci\u00f3n y Acci\u00f3n Tutorial (POAT) se dota al alumnado de primer grado de herramientas y un soporte acad\u00e9mico y social para su integraci\u00f3n y adaptaci\u00f3n...","og_url":"https:\/\/www.ull.es\/portal\/boletininnovacion2\/programa-de-orientacion-y-accion-tutorial-poat\/","og_site_name":"Boletin de Innovaci\u00f3n","article_modified_time":"2021-05-04T08:20:29+00:00","twitter_card":"summary_large_image","twitter_misc":{"Tiempo de lectura":"3 minutos"},"schema":{"@context":"https:\/\/schema.org","@graph":[{"@type":"WebPage","@id":"https:\/\/www.ull.es\/portal\/boletininnovacion2\/programa-de-orientacion-y-accion-tutorial-poat\/","url":"https:\/\/www.ull.es\/portal\/boletininnovacion2\/programa-de-orientacion-y-accion-tutorial-poat\/","name":"Programa de Orientaci\u00f3n y Acci\u00f3n Tutorial (POAT) - Boletin de Innovaci\u00f3n","isPartOf":{"@id":"https:\/\/www.ull.es\/portal\/boletininnovacion2\/#website"},"datePublished":"2021-04-30T13:07:25+00:00","dateModified":"2021-05-04T08:20:29+00:00","breadcrumb":{"@id":"https:\/\/www.ull.es\/portal\/boletininnovacion2\/programa-de-orientacion-y-accion-tutorial-poat\/#breadcrumb"},"inLanguage":"es","potentialAction":[{"@type":"ReadAction","target":["https:\/\/www.ull.es\/portal\/boletininnovacion2\/programa-de-orientacion-y-accion-tutorial-poat\/"]}]},{"@type":"BreadcrumbList","@id":"https:\/\/www.ull.es\/portal\/boletininnovacion2\/programa-de-orientacion-y-accion-tutorial-poat\/#breadcrumb","itemListElement":[{"@type":"ListItem","position":1,"name":"Portada","item":"https:\/\/www.ull.es\/portal\/boletininnovacion2\/"},{"@type":"ListItem","position":2,"name":"Programa de Orientaci\u00f3n y Acci\u00f3n Tutorial (POAT)"}]},{"@type":"WebSite","@id":"https:\/\/www.ull.es\/portal\/boletininnovacion2\/#website","url":"https:\/\/www.ull.es\/portal\/boletininnovacion2\/","name":"Boletin de Innovaci\u00f3n","description":"","potentialAction":[{"@type":"SearchAction","target":{"@type":"EntryPoint","urlTemplate":"https:\/\/www.ull.es\/portal\/boletininnovacion2\/?s={search_term_string}"},"query-input":"required name=search_term_string"}],"inLanguage":"es"}]}},"_links":{"self":[{"href":"https:\/\/www.ull.es\/portal\/boletininnovacion2\/wp-json\/wp\/v2\/pages\/247"}],"collection":[{"href":"https:\/\/www.ull.es\/portal\/boletininnovacion2\/wp-json\/wp\/v2\/pages"}],"about":[{"href":"https:\/\/www.ull.es\/portal\/boletininnovacion2\/wp-json\/wp\/v2\/types\/page"}],"author":[{"embeddable":true,"href":"https:\/\/www.ull.es\/portal\/boletininnovacion2\/wp-json\/wp\/v2\/users\/41"}],"replies":[{"embeddable":true,"href":"https:\/\/www.ull.es\/portal\/boletininnovacion2\/wp-json\/wp\/v2\/comments?post=247"}],"version-history":[{"count":43,"href":"https:\/\/www.ull.es\/portal\/boletininnovacion2\/wp-json\/wp\/v2\/pages\/247\/revisions"}],"predecessor-version":[{"id":321,"href":"https:\/\/www.ull.es\/portal\/boletininnovacion2\/wp-json\/wp\/v2\/pages\/247\/revisions\/321"}],"wp:attachment":[{"href":"https:\/\/www.ull.es\/portal\/boletininnovacion2\/wp-json\/wp\/v2\/media?parent=247"}],"curies":[{"name":"wp","href":"https:\/\/api.w.org\/{rel}","templated":true}]}}