{"id":1048,"date":"2024-10-03T14:19:25","date_gmt":"2024-10-03T14:19:25","guid":{"rendered":"https:\/\/www.ull.es\/portal\/campus-y-sostenibilidad\/?page_id=1048"},"modified":"2025-12-16T14:04:48","modified_gmt":"2025-12-16T14:04:48","slug":"guia-para-eventos-sostenibles-de-la-ull-2","status":"publish","type":"page","link":"https:\/\/www.ull.es\/portal\/campus-y-sostenibilidad\/guia-para-eventos-sostenibles-de-la-ull-2\/","title":{"rendered":"Gu\u00eda para eventos sostenibles de la ULL"},"content":{"rendered":"[vc_row full_width=\u00bbstretch_row_content_no_spaces\u00bb equal_height=\u00bbyes\u00bb content_placement=\u00bbmiddle\u00bb css=\u00bb.vc_custom_1616003515830{padding-right: 5% !important;padding-left: 5% !important;background-color: #ededed !important;}\u00bb][vc_column width=\u00bb1\/2&#8243; css=\u00bb.vc_custom_1616061984666{padding-right: 5% !important;}\u00bb][vc_empty_space height=\u00bb20px\u00bb][vc_column_text el_class=\u00bbsmall-text\u00bb]\n<h5 style=\"text-align: left; color: #909090;\">Campus y sostenibilidad<\/h5>\n<h1 style=\"text-align: left; color: #004d7a;\">Gu\u00eda para eventos Sostenibles de la ULL<\/h1>\n[\/vc_column_text][vc_empty_space height=\u00bb20px\u00bb][vc_column_text]La Universidad de La Laguna se suma a la iniciativa de reducir el impacto en eventos, elaborando una <a href=\"https:\/\/drive.google.com\/file\/d\/1vCaJHqCdwL0Rui_U9iFK13GTI-fkSnn8\/view?usp=sharing\" target=\"_blank\" rel=\"noopener\" target=\"_blank\" rel=\"noopener\"><strong>gu\u00eda de buenas pr\u00e1cticas<\/strong><\/a> para la realizaci\u00f3n de eventos sostenibles. Toda actividad genera un impacto, que para poder minimizarlo es necesario evaluarlo y conocerlo. Los eventos institucionales no se libran de generar un impacto ambiental. Si son eventos multitudinarios como congresos o jornadas, el impacto puede ser elevado, por lo que es necesario tener en cuenta la generaci\u00f3n de residuos, el gasto energ\u00e9tico y de agua, movilidad, etc.<\/p>\n<p>El objetivo que persigue esta gu\u00eda es orientar sobre la organizaci\u00f3n de eventos con criterios de sostenibilidad y responsabilidad social en el \u00e1mbito de la Universidad de La Laguna. A trav\u00e9s de la adopci\u00f3n de estas pr\u00e1cticas, se busca no solo reducir el impacto ambiental de los eventos universitarios, sino tambi\u00e9n fomentar una cultura de responsabilidad y conciencia ambiental entre todos los miembros de la comunidad.<\/p>\n<p>Pinche <strong><a href=\"https:\/\/forms.gle\/2b8kfY4Us464FyVJ7\" target=\"_blank\" rel=\"noopener\" target=\"_blank\" rel=\"noopener\">aqu\u00ed<\/a><\/strong> si desea solicitar material.<\/p>\n<p>Comprueba que cumples con los \u00edtems de sostenibilidad con la <a href=\"https:\/\/drive.google.com\/file\/d\/1vW5PrwQuMA4ypEVufnh0O7rLDq4N1Ntg\/view?usp=sharing\" target=\"_blank\" rel=\"noopener\" target=\"_blank\" rel=\"noopener\">check list de sostenibilidad<\/a>.[\/vc_column_text][vc_empty_space height=\u00bb20px\u00bb][\/vc_column][vc_column width=\u00bb1\/2&#8243;][vc_empty_space height=\u00bb20px\u00bb][vc_video link=\u00bbhttps:\/\/www.youtube.com\/watch?v=YJf4SPNjDsg\u00bb][vc_empty_space height=\u00bb20px\u00bb][\/vc_column][\/vc_row][vc_row full_width=\u00bbstretch_row_content\u00bb css=\u00bb.vc_custom_1615997266417{background-color: #e8e8e8 !important;}\u00bb][vc_column][vc_empty_space height=\u00bb10px\u00bb][vc_raw_html]JTNDZGl2JTIwY2xhc3MlM0QlMjJ0b2RvJTIyJTNFJTBBJTBBJTNDZGl2JTIwY2xhc3MlM0QlMjJjb250YWluZXIxJTIyJTNFJTBBJTNDYSUyMGNsYXNzJTNEJTIybGVhJTIyJTIwc3R5bGUlM0QlMjJjb2xvciUzQSUyMzAwNGQ3YSUzQiUyMiUyMGhyZWYlM0QlMjJodHRwcyUzQSUyRiUyRnd3dy51bGwuZXMlMkZwb3J0YWwlMkZjYW1wdXMteS1zb3N0ZW5pYmlsaWRhZCUyRmd1aWEtcGFyYS1ldmVudG9zLXNvc3RlbmlibGVzLWRlLWxhLXVsbCUyRmNvbnRyYXRhY2lvbi1kZS1zZXJ2aWNpb3MlMkYlMjIlM0UlM0NkaXYlMjBjbGFzcyUzRCUyMmNsaWVudDElMjIlM0UlMEElM0NkaXYlMjBzdHlsZSUzRCUyMmZvbnQtc2l6ZSUzQSUyMDMwcHglMjAlMjFpbXBvcnRhbnQlM0IlMjBtYXJnaW4tdG9wJTNBJTIwMTlweCUyMCUyMWltcG9ydGFudCUzQiUyMG1hcmdpbi1sZWZ0JTNBJTIwNXB4JTIwJTIxaW1wb3J0YW50JTNCJTIyJTNFJTBBJTNDaW1nJTIwc3JjJTNEJTIyaHR0cHMlM0ElMkYlMkZ3d3cudWxsLmVzJTJGcG9ydGFsJTJGY2FtcHVzLXktc29zdGVuaWJpbGlkYWQlMkZ3cC1jb250ZW50JTJGdXBsb2FkcyUyRnNpdGVzJTJGMjclMkYyMDI0JTJGMTElMkZDYXB0dXJhLWRlLXBhbnRhbGxhLTIwMjQtMTEtMjUtMDgzMTIxLnBuZyUyMiUyRiUzRSUwQSUzQyUyRmRpdiUzRSUwQSUzQyUyRmRpdiUzRSUzQyUyRmElM0UlMEElM0MlMkZkaXYlM0UlMEElMEElM0NkaXYlMjBjbGFzcyUzRCUyMmNvbnRhaW5lcjElMjIlM0UlMEElM0NhJTIwY2xhc3MlM0QlMjJsZWElMjIlMjBzdHlsZSUzRCUyMmNvbG9yJTNBJTIzMDA0ZDdhJTNCJTIyJTIwaHJlZiUzRCUyMmh0dHBzJTNBJTJGJTJGd3d3LnVsbC5lcyUyRnBvcnRhbCUyRmNhbXB1cy15LXNvc3RlbmliaWxpZGFkJTJGZ3VpYS1wYXJhLWV2ZW50b3Mtc29zdGVuaWJsZXMtZGUtbGEtdWxsJTJGZGVjb3JhY2lvbiUyRiUyMiUzRSUzQ2RpdiUyMGNsYXNzJTNEJTIyY2xpZW50MSUyMiUzRSUwQSUzQ2RpdiUyMHN0eWxlJTNEJTIyZm9udC1zaXplJTNBJTIwMzBweCUyMCUyMWltcG9ydGFudCUzQiUyMG1hcmdpbi10b3AlM0ElMjAxOXB4JTIwJTIxaW1wb3J0YW50JTNCJTIwbWFyZ2luLWxlZnQlM0ElMjA1cHglMjAlMjFpbXBvcnRhbnQlM0IlMjIlM0UlMEElM0NpbWclMjBzcmMlM0QlMjJodHRwcyUzQSUyRiUyRnd3dy51bGwuZXMlMkZwb3J0YWwlMkZjYW1wdXMteS1zb3N0ZW5pYmlsaWRhZCUyRndwLWNvbnRlbnQlMkZ1cGxvYWRzJTJGc2l0ZXMlMkYyNyUyRjIwMjQlMkYxMSUyRkNhcHR1cmEtZGUtcGFudGFsbGEtMjAyNC0xMS0yNS0wODMzNDEucG5nJTIyJTJGJTNFJTBBJTNDJTJGZGl2JTNFJTBBJTNDJTJGZGl2JTNFJTNDJTJGYSUzRSUwQSUzQyUyRmRpdiUzRSUwQSUwQSUzQ2RpdiUyMGNsYXNzJTNEJTIyY29udGFpbmVyMSUyMiUzRSUwQSUzQ2ElMjBjbGFzcyUzRCUyMmxlYSUyMiUyMHN0eWxlJTNEJTIyY29sb3IlM0ElMjMwMDRkN2ElM0IlMjIlMjBocmVmJTNEJTIyaHR0cHMlM0ElMkYlMkZ3d3cudWxsLmVzJTJGcG9ydGFsJTJGY2FtcHVzLXktc29zdGVuaWJpbGlkYWQlMkZndWlhLXBhcmEtZXZlbnRvcy1zb3N0ZW5pYmxlcy1kZS1sYS11bGwlMkZkZXNwbGF6YW1pZW50b3MlMkYlMjIlM0UlM0NkaXYlMjBjbGFzcyUzRCUyMmNsaWVudDElMjIlM0UlMEElM0NkaXYlMjBzdHlsZSUzRCUyMmZvbnQtc2l6ZSUzQSUyMDMwcHglMjAlMjFpbXBvcnRhbnQlM0IlMjBtYXJnaW4tdG9wJTNBJTIwMTlweCUyMCUyMWltcG9ydGFudCUzQiUyMG1hcmdpbi1sZWZ0JTNBJTIwNXB4JTIwJTIxaW1wb3J0YW50JTNCJTIyJTNFJTBBJTNDaW1nJTIwc3JjJTNEJTIyaHR0cHMlM0ElMkYlMkZ3d3cudWxsLmVzJTJGcG9ydGFsJTJGY2FtcHVzLXktc29zdGVuaWJpbGlkYWQlMkZ3cC1jb250ZW50JTJGdXBsb2FkcyUyRnNpdGVzJTJGMjclMkYyMDI0JTJGMTElMkZDYXB0dXJhLWRlLXBhbnRhbGxhLTIwMjQtMTEtMjUtMDgzMzAxLnBuZyUyMiUyRiUzRSUwQSUzQyUyRmRpdiUzRSUwQSUzQyUyRmRpdiUzRSUzQyUyRmElM0UlMEElM0MlMkZkaXYlM0UlMEElMEElM0NkaXYlMjBjbGFzcyUzRCUyMmNvbnRhaW5lcjElMjIlM0UlMEElM0NhJTIwY2xhc3MlM0QlMjJsZWElMjIlMjBzdHlsZSUzRCUyMmNvbG9yJTNBJTIzMDA0ZDdhJTNCJTIyJTIwaHJlZiUzRCUyMmh0dHBzJTNBJTJGJTJGd3d3LnVsbC5lcyUyRnBvcnRhbCUyRmNhbXB1cy15LXNvc3RlbmliaWxpZGFkJTJGZ3VpYS1wYXJhLWV2ZW50b3Mtc29zdGVuaWJsZXMtZGUtbGEtdWxsJTJGb2JzZXF1aW9zLXNvc3RlbmlibGVzJTJGJTIyJTNFJTNDZGl2JTIwY2xhc3MlM0QlMjJjbGllbnQxJTIyJTNFJTBBJTNDZGl2JTIwc3R5bGUlM0QlMjJmb250LXNpemUlM0ElMjAzMHB4JTIwJTIxaW1wb3J0YW50JTNCJTIwbWFyZ2luLXRvcCUzQSUyMDE5cHglMjAlMjFpbXBvcnRhbnQlM0IlMjBtYXJnaW4tbGVmdCUzQSUyMDVweCUyMCUyMWltcG9ydGFudCUzQiUyMiUzRSUwQSUzQ2ltZyUyMHNyYyUzRCUyMmh0dHBzJTNBJTJGJTJGd3d3LnVsbC5lcyUyRnBvcnRhbCUyRmNhbXB1cy15LXNvc3RlbmliaWxpZGFkJTJGd3AtY29udGVudCUyRnVwbG9hZHMlMkZzaXRlcyUyRjI3JTJGMjAyNCUyRjExJTJGQ2FwdHVyYS1kZS1wYW50YWxsYS0yMDI0LTExLTI1LTA4MzQxOS5wbmclMjIlMkYlM0UlMEElM0MlMkZkaXYlM0UlMEElM0MlMkZkaXYlM0UlM0MlMkZhJTNFJTBBJTNDJTJGZGl2JTNFJTBBJTBBJTNDJTJGZGl2JTNF[\/vc_raw_html][vc_empty_space height=\u00bb30px\u00bb][\/vc_column][\/vc_row][vc_row][vc_column][\/vc_column][\/vc_row]\n","protected":false},"excerpt":{"rendered":"<p>[vc_row full_width=\u00bbstretch_row_content_no_spaces\u00bb equal_height=\u00bbyes\u00bb content_placement=\u00bbmiddle\u00bb css=\u00bb.vc_custom_1616003515830{padding-right: 5% !important;padding-left: 5% !important;background-color: #ededed !important;}\u00bb][vc_column width=\u00bb1\/2&#8243; css=\u00bb.vc_custom_1616061984666{padding-right: 5% !important;}\u00bb][vc_empty_space height=\u00bb20px\u00bb][vc_column_text el_class=\u00bbsmall-text\u00bb] Campus y sostenibilidad Gu\u00eda para eventos Sostenibles de la ULL [\/vc_column_text][vc_empty_space height=\u00bb20px\u00bb][vc_column_text]La Universidad de La Laguna se suma a la iniciativa de reducir el impacto en eventos, elaborando una gu\u00eda de buenas pr\u00e1cticas para la realizaci\u00f3n de eventos&#8230;<\/p>\n","protected":false},"author":102,"featured_media":0,"parent":0,"menu_order":0,"comment_status":"closed","ping_status":"closed","template":"templates\/template-no-title.php","meta":{"inline_featured_image":false,"footnotes":""},"acf":[],"yoast_head":"<!-- This site is optimized with the Yoast SEO plugin v21.3 - https:\/\/yoast.com\/wordpress\/plugins\/seo\/ -->\n<title>Gu\u00eda para eventos sostenibles de la ULL - Sostenibilidad<\/title>\n<meta name=\"robots\" content=\"index, follow, max-snippet:-1, max-image-preview:large, max-video-preview:-1\" \/>\n<link rel=\"canonical\" href=\"https:\/\/www.ull.es\/portal\/campus-y-sostenibilidad\/guia-para-eventos-sostenibles-de-la-ull-2\/\" \/>\n<meta property=\"og:locale\" content=\"es_ES\" \/>\n<meta property=\"og:type\" content=\"article\" \/>\n<meta property=\"og:title\" content=\"Gu\u00eda para eventos sostenibles de la ULL - Sostenibilidad\" \/>\n<meta property=\"og:description\" content=\"[vc_row full_width=\u00bbstretch_row_content_no_spaces\u00bb equal_height=\u00bbyes\u00bb content_placement=\u00bbmiddle\u00bb css=\u00bb.vc_custom_1616003515830{padding-right: 5% !important;padding-left: 5% !important;background-color: #ededed !important;}\u00bb][vc_column width=\u00bb1\/2&#8243; css=\u00bb.vc_custom_1616061984666{padding-right: 5% !important;}\u00bb][vc_empty_space height=\u00bb20px\u00bb][vc_column_text el_class=\u00bbsmall-text\u00bb] Campus y sostenibilidad Gu\u00eda para eventos Sostenibles de la ULL [\/vc_column_text][vc_empty_space height=\u00bb20px\u00bb][vc_column_text]La Universidad de La Laguna se suma a la iniciativa de reducir el impacto en eventos, elaborando una gu\u00eda de buenas pr\u00e1cticas para la realizaci\u00f3n de eventos...\" \/>\n<meta property=\"og:url\" content=\"https:\/\/www.ull.es\/portal\/campus-y-sostenibilidad\/guia-para-eventos-sostenibles-de-la-ull-2\/\" \/>\n<meta property=\"og:site_name\" content=\"Sostenibilidad\" \/>\n<meta property=\"article:modified_time\" content=\"2025-12-16T14:04:48+00:00\" \/>\n<meta name=\"twitter:card\" content=\"summary_large_image\" \/>\n<meta name=\"twitter:label1\" content=\"Tiempo de lectura\" \/>\n\t<meta name=\"twitter:data1\" content=\"1 minuto\" \/>\n<script type=\"application\/ld+json\" class=\"yoast-schema-graph\">{\"@context\":\"https:\/\/schema.org\",\"@graph\":[{\"@type\":\"WebPage\",\"@id\":\"https:\/\/www.ull.es\/portal\/campus-y-sostenibilidad\/guia-para-eventos-sostenibles-de-la-ull-2\/\",\"url\":\"https:\/\/www.ull.es\/portal\/campus-y-sostenibilidad\/guia-para-eventos-sostenibles-de-la-ull-2\/\",\"name\":\"Gu\u00eda para eventos sostenibles de la ULL - Sostenibilidad\",\"isPartOf\":{\"@id\":\"https:\/\/www.ull.es\/portal\/campus-y-sostenibilidad\/#website\"},\"datePublished\":\"2024-10-03T14:19:25+00:00\",\"dateModified\":\"2025-12-16T14:04:48+00:00\",\"breadcrumb\":{\"@id\":\"https:\/\/www.ull.es\/portal\/campus-y-sostenibilidad\/guia-para-eventos-sostenibles-de-la-ull-2\/#breadcrumb\"},\"inLanguage\":\"es\",\"potentialAction\":[{\"@type\":\"ReadAction\",\"target\":[\"https:\/\/www.ull.es\/portal\/campus-y-sostenibilidad\/guia-para-eventos-sostenibles-de-la-ull-2\/\"]}]},{\"@type\":\"BreadcrumbList\",\"@id\":\"https:\/\/www.ull.es\/portal\/campus-y-sostenibilidad\/guia-para-eventos-sostenibles-de-la-ull-2\/#breadcrumb\",\"itemListElement\":[{\"@type\":\"ListItem\",\"position\":1,\"name\":\"Portada\",\"item\":\"https:\/\/www.ull.es\/portal\/campus-y-sostenibilidad\/\"},{\"@type\":\"ListItem\",\"position\":2,\"name\":\"Gu\u00eda para eventos sostenibles de la ULL\"}]},{\"@type\":\"WebSite\",\"@id\":\"https:\/\/www.ull.es\/portal\/campus-y-sostenibilidad\/#website\",\"url\":\"https:\/\/www.ull.es\/portal\/campus-y-sostenibilidad\/\",\"name\":\"Sostenibilidad\",\"description\":\"\",\"potentialAction\":[{\"@type\":\"SearchAction\",\"target\":{\"@type\":\"EntryPoint\",\"urlTemplate\":\"https:\/\/www.ull.es\/portal\/campus-y-sostenibilidad\/?s={search_term_string}\"},\"query-input\":\"required name=search_term_string\"}],\"inLanguage\":\"es\"}]}<\/script>\n<!-- \/ Yoast SEO plugin. -->","yoast_head_json":{"title":"Gu\u00eda para eventos sostenibles de la ULL - Sostenibilidad","robots":{"index":"index","follow":"follow","max-snippet":"max-snippet:-1","max-image-preview":"max-image-preview:large","max-video-preview":"max-video-preview:-1"},"canonical":"https:\/\/www.ull.es\/portal\/campus-y-sostenibilidad\/guia-para-eventos-sostenibles-de-la-ull-2\/","og_locale":"es_ES","og_type":"article","og_title":"Gu\u00eda para eventos sostenibles de la ULL - Sostenibilidad","og_description":"[vc_row full_width=\u00bbstretch_row_content_no_spaces\u00bb equal_height=\u00bbyes\u00bb content_placement=\u00bbmiddle\u00bb css=\u00bb.vc_custom_1616003515830{padding-right: 5% !important;padding-left: 5% !important;background-color: #ededed !important;}\u00bb][vc_column width=\u00bb1\/2&#8243; css=\u00bb.vc_custom_1616061984666{padding-right: 5% !important;}\u00bb][vc_empty_space height=\u00bb20px\u00bb][vc_column_text el_class=\u00bbsmall-text\u00bb] Campus y sostenibilidad Gu\u00eda para eventos Sostenibles de la ULL [\/vc_column_text][vc_empty_space height=\u00bb20px\u00bb][vc_column_text]La Universidad de La Laguna se suma a la iniciativa de reducir el impacto en eventos, elaborando una gu\u00eda de buenas pr\u00e1cticas para la realizaci\u00f3n de eventos...","og_url":"https:\/\/www.ull.es\/portal\/campus-y-sostenibilidad\/guia-para-eventos-sostenibles-de-la-ull-2\/","og_site_name":"Sostenibilidad","article_modified_time":"2025-12-16T14:04:48+00:00","twitter_card":"summary_large_image","twitter_misc":{"Tiempo de lectura":"1 minuto"},"schema":{"@context":"https:\/\/schema.org","@graph":[{"@type":"WebPage","@id":"https:\/\/www.ull.es\/portal\/campus-y-sostenibilidad\/guia-para-eventos-sostenibles-de-la-ull-2\/","url":"https:\/\/www.ull.es\/portal\/campus-y-sostenibilidad\/guia-para-eventos-sostenibles-de-la-ull-2\/","name":"Gu\u00eda para eventos sostenibles de la ULL - Sostenibilidad","isPartOf":{"@id":"https:\/\/www.ull.es\/portal\/campus-y-sostenibilidad\/#website"},"datePublished":"2024-10-03T14:19:25+00:00","dateModified":"2025-12-16T14:04:48+00:00","breadcrumb":{"@id":"https:\/\/www.ull.es\/portal\/campus-y-sostenibilidad\/guia-para-eventos-sostenibles-de-la-ull-2\/#breadcrumb"},"inLanguage":"es","potentialAction":[{"@type":"ReadAction","target":["https:\/\/www.ull.es\/portal\/campus-y-sostenibilidad\/guia-para-eventos-sostenibles-de-la-ull-2\/"]}]},{"@type":"BreadcrumbList","@id":"https:\/\/www.ull.es\/portal\/campus-y-sostenibilidad\/guia-para-eventos-sostenibles-de-la-ull-2\/#breadcrumb","itemListElement":[{"@type":"ListItem","position":1,"name":"Portada","item":"https:\/\/www.ull.es\/portal\/campus-y-sostenibilidad\/"},{"@type":"ListItem","position":2,"name":"Gu\u00eda para eventos sostenibles de la ULL"}]},{"@type":"WebSite","@id":"https:\/\/www.ull.es\/portal\/campus-y-sostenibilidad\/#website","url":"https:\/\/www.ull.es\/portal\/campus-y-sostenibilidad\/","name":"Sostenibilidad","description":"","potentialAction":[{"@type":"SearchAction","target":{"@type":"EntryPoint","urlTemplate":"https:\/\/www.ull.es\/portal\/campus-y-sostenibilidad\/?s={search_term_string}"},"query-input":"required name=search_term_string"}],"inLanguage":"es"}]}},"_links":{"self":[{"href":"https:\/\/www.ull.es\/portal\/campus-y-sostenibilidad\/wp-json\/wp\/v2\/pages\/1048"}],"collection":[{"href":"https:\/\/www.ull.es\/portal\/campus-y-sostenibilidad\/wp-json\/wp\/v2\/pages"}],"about":[{"href":"https:\/\/www.ull.es\/portal\/campus-y-sostenibilidad\/wp-json\/wp\/v2\/types\/page"}],"author":[{"embeddable":true,"href":"https:\/\/www.ull.es\/portal\/campus-y-sostenibilidad\/wp-json\/wp\/v2\/users\/102"}],"replies":[{"embeddable":true,"href":"https:\/\/www.ull.es\/portal\/campus-y-sostenibilidad\/wp-json\/wp\/v2\/comments?post=1048"}],"version-history":[{"count":43,"href":"https:\/\/www.ull.es\/portal\/campus-y-sostenibilidad\/wp-json\/wp\/v2\/pages\/1048\/revisions"}],"predecessor-version":[{"id":1292,"href":"https:\/\/www.ull.es\/portal\/campus-y-sostenibilidad\/wp-json\/wp\/v2\/pages\/1048\/revisions\/1292"}],"wp:attachment":[{"href":"https:\/\/www.ull.es\/portal\/campus-y-sostenibilidad\/wp-json\/wp\/v2\/media?parent=1048"}],"curies":[{"name":"wp","href":"https:\/\/api.w.org\/{rel}","templated":true}]}}