{"id":1198,"date":"2025-04-11T13:09:40","date_gmt":"2025-04-11T13:09:40","guid":{"rendered":"https:\/\/www.ull.es\/portal\/campus-y-sostenibilidad\/?page_id=1198"},"modified":"2025-04-11T13:28:57","modified_gmt":"2025-04-11T13:28:57","slug":"guia-de-sostenibilidad-ambiental-en-sesiones-practicas","status":"publish","type":"page","link":"https:\/\/www.ull.es\/portal\/campus-y-sostenibilidad\/guia-de-sostenibilidad-ambiental-en-sesiones-practicas\/","title":{"rendered":"Gu\u00eda de Sostenibilidad Ambiental en sesiones pr\u00e1cticas"},"content":{"rendered":"[vc_row full_width=\u00bbstretch_row_content_no_spaces\u00bb equal_height=\u00bbyes\u00bb content_placement=\u00bbmiddle\u00bb css=\u00bb.vc_custom_1616003515830{padding-right: 5% !important;padding-left: 5% !important;background-color: #ededed !important;}\u00bb][vc_column width=\u00bb1\/2&#8243; css=\u00bb.vc_custom_1616061984666{padding-right: 5% !important;}\u00bb][vc_empty_space height=\u00bb20px\u00bb][vc_column_text el_class=\u00bbsmall-text\u00bb]\n<h5 style=\"text-align: left; color: #909090;\">Campus y sostenibilidad<\/h5>\n<h1 style=\"text-align: left; color: #004d7a;\">Gu\u00eda de Sostenibilidad Ambiental en las sesiones pr\u00e1cticas de la Universidad de La Laguna<\/h1>\n[\/vc_column_text][vc_empty_space height=\u00bb20px\u00bb][vc_column_text]La <strong><a href=\"https:\/\/drive.google.com\/file\/d\/1t7K9eC12zezdWAngnq4DJgfN6bAaPnDG\/view?usp=sharing\" target=\"_blank\" rel=\"noopener\" target=\"_blank\" rel=\"noopener\">Gu\u00eda de Sostenibilidad Ambiental en las sesiones pr\u00e1cticas<\/a><\/strong> de la Universidad de La Laguna, es un documento clave para promover h\u00e1bitos responsables en la comunidad universitaria desde el punto de vista medioambiental y de la seguridad y salud. Esta gu\u00eda ofrece recomendaciones en \u00e1reas como la gesti\u00f3n eficiente de recursos, el consumo responsable y la reducci\u00f3n de residuos.<\/p>\n<p>El documento busca promover una serie de medidas para minimizar el impacto ambiental de las sesiones pr\u00e1cticas realizadas en la Universidad de La Laguna. Las propuestas presentadas van encaminadas a reducir el consumo de energ\u00eda y agua fomentando el uso responsable de los recursos naturales, a integrar, en la medida de lo posible, la pir\u00e1mide de los residuos, a reducir las emisiones de gases, as\u00ed como a fomentar la mejora de la seguridad y salud individual y colectiva.<\/p>\n<p>Con estas medidas, la ULL busca minimizar su impacto ambiental y avanzar hacia un modelo de desarrollo m\u00e1s sostenible. Invitamos a toda la comunidad universitaria a seguir estas recomendaciones y contribuir activamente a un entorno m\u00e1s saludable y responsable medioambientalmente.<\/p>\n<p>La gu\u00eda est\u00e1 en consonancia con distintos ejes del Plan de Sostenibilidad Ambiental y permite alcanzar la acci\u00f3n 2.1.4. Elaboraci\u00f3n de un documento de recomendaciones en sostenibilidad ambiental en las sesiones pr\u00e1cticas para el PDI.[\/vc_column_text][vc_empty_space height=\u00bb20px\u00bb][\/vc_column][vc_column width=\u00bb1\/2&#8243;][vc_empty_space height=\u00bb20px\u00bb][vc_single_image image=\u00bb1202&#8243; img_size=\u00bb436 x 621&#8243; onclick=\u00bbcustom_link\u00bb img_link_target=\u00bb_blank\u00bb css_animation=\u00bbbounceIn\u00bb link=\u00bbhttps:\/\/drive.google.com\/file\/d\/1t7K9eC12zezdWAngnq4DJgfN6bAaPnDG\/view?usp=sharing\u00bb][vc_empty_space height=\u00bb20px\u00bb][\/vc_column][\/vc_row]\n","protected":false},"excerpt":{"rendered":"<p>[vc_row full_width=\u00bbstretch_row_content_no_spaces\u00bb equal_height=\u00bbyes\u00bb content_placement=\u00bbmiddle\u00bb css=\u00bb.vc_custom_1616003515830{padding-right: 5% !important;padding-left: 5% !important;background-color: #ededed !important;}\u00bb][vc_column width=\u00bb1\/2&#8243; css=\u00bb.vc_custom_1616061984666{padding-right: 5% !important;}\u00bb][vc_empty_space height=\u00bb20px\u00bb][vc_column_text el_class=\u00bbsmall-text\u00bb] Campus y sostenibilidad Gu\u00eda de Sostenibilidad Ambiental en las sesiones pr\u00e1cticas de la Universidad de La Laguna [\/vc_column_text][vc_empty_space height=\u00bb20px\u00bb][vc_column_text]La Gu\u00eda de Sostenibilidad Ambiental en las sesiones pr\u00e1cticas de la Universidad de La Laguna, es un documento clave para&#8230;<\/p>\n","protected":false},"author":65,"featured_media":0,"parent":0,"menu_order":0,"comment_status":"closed","ping_status":"closed","template":"templates\/template-no-title.php","meta":{"inline_featured_image":false,"footnotes":""},"acf":[],"yoast_head":"<!-- This site is optimized with the Yoast SEO plugin v21.3 - https:\/\/yoast.com\/wordpress\/plugins\/seo\/ -->\n<title>Gu\u00eda de Sostenibilidad Ambiental en sesiones pr\u00e1cticas - Sostenibilidad<\/title>\n<meta name=\"robots\" content=\"index, follow, max-snippet:-1, max-image-preview:large, max-video-preview:-1\" \/>\n<link rel=\"canonical\" href=\"https:\/\/www.ull.es\/portal\/campus-y-sostenibilidad\/guia-de-sostenibilidad-ambiental-en-sesiones-practicas\/\" \/>\n<meta property=\"og:locale\" content=\"es_ES\" \/>\n<meta property=\"og:type\" content=\"article\" \/>\n<meta property=\"og:title\" content=\"Gu\u00eda de Sostenibilidad Ambiental en sesiones pr\u00e1cticas - Sostenibilidad\" \/>\n<meta property=\"og:description\" content=\"[vc_row full_width=\u00bbstretch_row_content_no_spaces\u00bb equal_height=\u00bbyes\u00bb content_placement=\u00bbmiddle\u00bb css=\u00bb.vc_custom_1616003515830{padding-right: 5% !important;padding-left: 5% !important;background-color: #ededed !important;}\u00bb][vc_column width=\u00bb1\/2&#8243; css=\u00bb.vc_custom_1616061984666{padding-right: 5% !important;}\u00bb][vc_empty_space height=\u00bb20px\u00bb][vc_column_text el_class=\u00bbsmall-text\u00bb] Campus y sostenibilidad Gu\u00eda de Sostenibilidad Ambiental en las sesiones pr\u00e1cticas de la Universidad de La Laguna [\/vc_column_text][vc_empty_space height=\u00bb20px\u00bb][vc_column_text]La Gu\u00eda de Sostenibilidad Ambiental en las sesiones pr\u00e1cticas de la Universidad de La Laguna, es un documento clave para...\" \/>\n<meta property=\"og:url\" content=\"https:\/\/www.ull.es\/portal\/campus-y-sostenibilidad\/guia-de-sostenibilidad-ambiental-en-sesiones-practicas\/\" \/>\n<meta property=\"og:site_name\" content=\"Sostenibilidad\" \/>\n<meta property=\"article:modified_time\" content=\"2025-04-11T13:28:57+00:00\" \/>\n<meta name=\"twitter:card\" content=\"summary_large_image\" \/>\n<meta name=\"twitter:label1\" content=\"Tiempo de lectura\" \/>\n\t<meta name=\"twitter:data1\" content=\"2 minutos\" \/>\n<script type=\"application\/ld+json\" class=\"yoast-schema-graph\">{\"@context\":\"https:\/\/schema.org\",\"@graph\":[{\"@type\":\"WebPage\",\"@id\":\"https:\/\/www.ull.es\/portal\/campus-y-sostenibilidad\/guia-de-sostenibilidad-ambiental-en-sesiones-practicas\/\",\"url\":\"https:\/\/www.ull.es\/portal\/campus-y-sostenibilidad\/guia-de-sostenibilidad-ambiental-en-sesiones-practicas\/\",\"name\":\"Gu\u00eda de Sostenibilidad Ambiental en sesiones pr\u00e1cticas - Sostenibilidad\",\"isPartOf\":{\"@id\":\"https:\/\/www.ull.es\/portal\/campus-y-sostenibilidad\/#website\"},\"datePublished\":\"2025-04-11T13:09:40+00:00\",\"dateModified\":\"2025-04-11T13:28:57+00:00\",\"breadcrumb\":{\"@id\":\"https:\/\/www.ull.es\/portal\/campus-y-sostenibilidad\/guia-de-sostenibilidad-ambiental-en-sesiones-practicas\/#breadcrumb\"},\"inLanguage\":\"es\",\"potentialAction\":[{\"@type\":\"ReadAction\",\"target\":[\"https:\/\/www.ull.es\/portal\/campus-y-sostenibilidad\/guia-de-sostenibilidad-ambiental-en-sesiones-practicas\/\"]}]},{\"@type\":\"BreadcrumbList\",\"@id\":\"https:\/\/www.ull.es\/portal\/campus-y-sostenibilidad\/guia-de-sostenibilidad-ambiental-en-sesiones-practicas\/#breadcrumb\",\"itemListElement\":[{\"@type\":\"ListItem\",\"position\":1,\"name\":\"Portada\",\"item\":\"https:\/\/www.ull.es\/portal\/campus-y-sostenibilidad\/\"},{\"@type\":\"ListItem\",\"position\":2,\"name\":\"Gu\u00eda de Sostenibilidad Ambiental en sesiones pr\u00e1cticas\"}]},{\"@type\":\"WebSite\",\"@id\":\"https:\/\/www.ull.es\/portal\/campus-y-sostenibilidad\/#website\",\"url\":\"https:\/\/www.ull.es\/portal\/campus-y-sostenibilidad\/\",\"name\":\"Sostenibilidad\",\"description\":\"\",\"potentialAction\":[{\"@type\":\"SearchAction\",\"target\":{\"@type\":\"EntryPoint\",\"urlTemplate\":\"https:\/\/www.ull.es\/portal\/campus-y-sostenibilidad\/?s={search_term_string}\"},\"query-input\":\"required name=search_term_string\"}],\"inLanguage\":\"es\"}]}<\/script>\n<!-- \/ Yoast SEO plugin. -->","yoast_head_json":{"title":"Gu\u00eda de Sostenibilidad Ambiental en sesiones pr\u00e1cticas - Sostenibilidad","robots":{"index":"index","follow":"follow","max-snippet":"max-snippet:-1","max-image-preview":"max-image-preview:large","max-video-preview":"max-video-preview:-1"},"canonical":"https:\/\/www.ull.es\/portal\/campus-y-sostenibilidad\/guia-de-sostenibilidad-ambiental-en-sesiones-practicas\/","og_locale":"es_ES","og_type":"article","og_title":"Gu\u00eda de Sostenibilidad Ambiental en sesiones pr\u00e1cticas - Sostenibilidad","og_description":"[vc_row full_width=\u00bbstretch_row_content_no_spaces\u00bb equal_height=\u00bbyes\u00bb content_placement=\u00bbmiddle\u00bb css=\u00bb.vc_custom_1616003515830{padding-right: 5% !important;padding-left: 5% !important;background-color: #ededed !important;}\u00bb][vc_column width=\u00bb1\/2&#8243; css=\u00bb.vc_custom_1616061984666{padding-right: 5% !important;}\u00bb][vc_empty_space height=\u00bb20px\u00bb][vc_column_text el_class=\u00bbsmall-text\u00bb] Campus y sostenibilidad Gu\u00eda de Sostenibilidad Ambiental en las sesiones pr\u00e1cticas de la Universidad de La Laguna [\/vc_column_text][vc_empty_space height=\u00bb20px\u00bb][vc_column_text]La Gu\u00eda de Sostenibilidad Ambiental en las sesiones pr\u00e1cticas de la Universidad de La Laguna, es un documento clave para...","og_url":"https:\/\/www.ull.es\/portal\/campus-y-sostenibilidad\/guia-de-sostenibilidad-ambiental-en-sesiones-practicas\/","og_site_name":"Sostenibilidad","article_modified_time":"2025-04-11T13:28:57+00:00","twitter_card":"summary_large_image","twitter_misc":{"Tiempo de lectura":"2 minutos"},"schema":{"@context":"https:\/\/schema.org","@graph":[{"@type":"WebPage","@id":"https:\/\/www.ull.es\/portal\/campus-y-sostenibilidad\/guia-de-sostenibilidad-ambiental-en-sesiones-practicas\/","url":"https:\/\/www.ull.es\/portal\/campus-y-sostenibilidad\/guia-de-sostenibilidad-ambiental-en-sesiones-practicas\/","name":"Gu\u00eda de Sostenibilidad Ambiental en sesiones pr\u00e1cticas - Sostenibilidad","isPartOf":{"@id":"https:\/\/www.ull.es\/portal\/campus-y-sostenibilidad\/#website"},"datePublished":"2025-04-11T13:09:40+00:00","dateModified":"2025-04-11T13:28:57+00:00","breadcrumb":{"@id":"https:\/\/www.ull.es\/portal\/campus-y-sostenibilidad\/guia-de-sostenibilidad-ambiental-en-sesiones-practicas\/#breadcrumb"},"inLanguage":"es","potentialAction":[{"@type":"ReadAction","target":["https:\/\/www.ull.es\/portal\/campus-y-sostenibilidad\/guia-de-sostenibilidad-ambiental-en-sesiones-practicas\/"]}]},{"@type":"BreadcrumbList","@id":"https:\/\/www.ull.es\/portal\/campus-y-sostenibilidad\/guia-de-sostenibilidad-ambiental-en-sesiones-practicas\/#breadcrumb","itemListElement":[{"@type":"ListItem","position":1,"name":"Portada","item":"https:\/\/www.ull.es\/portal\/campus-y-sostenibilidad\/"},{"@type":"ListItem","position":2,"name":"Gu\u00eda de Sostenibilidad Ambiental en sesiones pr\u00e1cticas"}]},{"@type":"WebSite","@id":"https:\/\/www.ull.es\/portal\/campus-y-sostenibilidad\/#website","url":"https:\/\/www.ull.es\/portal\/campus-y-sostenibilidad\/","name":"Sostenibilidad","description":"","potentialAction":[{"@type":"SearchAction","target":{"@type":"EntryPoint","urlTemplate":"https:\/\/www.ull.es\/portal\/campus-y-sostenibilidad\/?s={search_term_string}"},"query-input":"required name=search_term_string"}],"inLanguage":"es"}]}},"_links":{"self":[{"href":"https:\/\/www.ull.es\/portal\/campus-y-sostenibilidad\/wp-json\/wp\/v2\/pages\/1198"}],"collection":[{"href":"https:\/\/www.ull.es\/portal\/campus-y-sostenibilidad\/wp-json\/wp\/v2\/pages"}],"about":[{"href":"https:\/\/www.ull.es\/portal\/campus-y-sostenibilidad\/wp-json\/wp\/v2\/types\/page"}],"author":[{"embeddable":true,"href":"https:\/\/www.ull.es\/portal\/campus-y-sostenibilidad\/wp-json\/wp\/v2\/users\/65"}],"replies":[{"embeddable":true,"href":"https:\/\/www.ull.es\/portal\/campus-y-sostenibilidad\/wp-json\/wp\/v2\/comments?post=1198"}],"version-history":[{"count":5,"href":"https:\/\/www.ull.es\/portal\/campus-y-sostenibilidad\/wp-json\/wp\/v2\/pages\/1198\/revisions"}],"predecessor-version":[{"id":1205,"href":"https:\/\/www.ull.es\/portal\/campus-y-sostenibilidad\/wp-json\/wp\/v2\/pages\/1198\/revisions\/1205"}],"wp:attachment":[{"href":"https:\/\/www.ull.es\/portal\/campus-y-sostenibilidad\/wp-json\/wp\/v2\/media?parent=1198"}],"curies":[{"name":"wp","href":"https:\/\/api.w.org\/{rel}","templated":true}]}}