{"id":20,"date":"2018-12-10T09:34:50","date_gmt":"2018-12-10T09:34:50","guid":{"rendered":"https:\/\/www.ull.es\/portal\/sostenibilidad\/?page_id=20"},"modified":"2021-03-18T09:23:16","modified_gmt":"2021-03-18T09:23:16","slug":"docencia-e-investigacion","status":"publish","type":"page","link":"https:\/\/www.ull.es\/portal\/campus-y-sostenibilidad\/docencia-e-investigacion\/","title":{"rendered":"Docencia e Investigaci\u00f3n"},"content":{"rendered":"[vc_row full_width=\u00bbstretch_row_content\u00bb equal_height=\u00bbyes\u00bb content_placement=\u00bbmiddle\u00bb css=\u00bb.vc_custom_1616057209066{padding-right: 5% !important;padding-left: 5% !important;background-color: #ededed !important;}\u00bb][vc_column width=\u00bb1\/2&#8243;][vc_empty_space height=\u00bb20px\u00bb][vc_column_text el_class=\u00bbsmall-text\u00bb]\n<h5 style=\"text-align: left;color: #909090\">Campus y sostenibilidad\u00a0| Docencia e investigaci\u00f3n<\/h5>\n<h1 style=\"text-align: left;color: #004d7a\">Docencia e investigaci\u00f3n<\/h1>\n[\/vc_column_text][vc_empty_space height=\u00bb20px\u00bb][vc_column_text]La declaraci\u00f3n de Naciones Unidas \u201c<a href=\"https:\/\/unctad.org\/meetings\/es\/SessionalDocuments\/ares70d1_es.pdf\" data-saferedirecturl=\"https:\/\/www.google.com\/url?q=https:\/\/unctad.org\/meetings\/es\/SessionalDocuments\/ares70d1_es.pdf&amp;source=gmail&amp;ust=1552033260522000&amp;usg=AFQjCNG1qYoGj05hw05GdqK7UOeHXel--Q\" target=\"_blank\" rel=\"noopener\">Transformando nuestro mundo: la Agenda 2030 para el Desarrollo Sostenible<\/a>\u201d es uno de los acuerdos globales m\u00e1s ambiciosos y trascendentales en la historia reciente. La agenda, con los\u00a0<a href=\"https:\/\/www.un.org\/sustainabledevelopment\/es\/\" data-saferedirecturl=\"https:\/\/www.google.com\/url?q=https:\/\/www.un.org\/sustainabledevelopment\/es\/&amp;source=gmail&amp;ust=1552033260522000&amp;usg=AFQjCNGXz9UITCaQOilPY6tSHfOSenwPBA\" target=\"_blank\" rel=\"noopener\">17 Objetivos de Desarrollo Sostenible (ODS)<\/a>\u00a0como eje central, es una gu\u00eda para abordar los desaf\u00edos mundiales m\u00e1s acuciantes: acabar con la pobreza y promover la prosperidad econ\u00f3mica, la inclusi\u00f3n social, la sostenibilidad medioambiental, la paz y el buen gobierno para todos los pueblos para el 2030.[\/vc_column_text][vc_empty_space height=\u00bb20px\u00bb][\/vc_column][vc_column width=\u00bb1\/2&#8243;][vc_empty_space height=\u00bb20px\u00bb][vc_single_image image=\u00bb894&#8243; img_size=\u00bbfull\u00bb][vc_empty_space height=\u00bb20px\u00bb][\/vc_column][\/vc_row][vc_row full_width=\u00bbstretch_row_content\u00bb equal_height=\u00bbyes\u00bb content_placement=\u00bbmiddle\u00bb css=\u00bb.vc_custom_1616058703695{padding-right: 5% !important;padding-left: 5% !important;}\u00bb el_class=\u00bbfondo-usual\u00bb][vc_column width=\u00bb1\/3&#8243;][vc_empty_space height=\u00bb20px\u00bb][vc_single_image image=\u00bb893&#8243; img_size=\u00bbfull\u00bb][vc_empty_space height=\u00bb20px\u00bb][\/vc_column][vc_column width=\u00bb2\/3&#8243;][vc_empty_space height=\u00bb20px\u00bb][vc_column_text]\n<p style=\"color: #ffffff\">La educaci\u00f3n y la investigaci\u00f3n se reflejan expl\u00edcitamente en varios de los ODS en los que las universidades tienen un papel directo. Algunas de las \u00e1reas principales de contribuci\u00f3n de la universidad son:<\/p>\n<ul>\n<li style=\"color: #ffffff\"><strong>Aprendizaje y ense\u00f1anza:<\/strong>\u00a0Dotar al estudiantado del conocimiento, las habilidades y la motivaci\u00f3n suficiente para comprender y abordar los ODS (de manera general, \u201cEducaci\u00f3n para el Desarrollo Sostenible\u201d, EDS); proporcionar experiencia acad\u00e9mica o profesional en profundidad para implementar soluciones a los ODS; proporcionar una educaci\u00f3n asequible e inclusiva para todos; fomentar el desarrollo de las capacidades de estudiantes y profesionales de pa\u00edses en desarrollo; y empoderando y movilizando a la juventud.<\/li>\n<li style=\"color: #ffffff\"><strong>Investigaci\u00f3n<\/strong>: Dotar del conocimiento necesario, las pruebas cient\u00edficas, las soluciones, tecnolog\u00edas, v\u00edas e innovaciones para respaldar y apoyar la implementaci\u00f3n de los ODS por parte de la comunidad global -a trav\u00e9s tanto de enfoques disciplinarios tradicionales, como de nuevos enfoques interdisciplinarios, transdisciplinarios y de enfoque cient\u00edfico; dotar a los pa\u00edses en desarrollo de capacidad de emprendimiento y utilizaci\u00f3n de la investigaci\u00f3n; colaborar y apoyar a empresas innovadoras para implementar soluciones ODS; potenciar la diversidad en investigaci\u00f3n; y formar a los estudiantes en la investigaci\u00f3n del desarrollo sostenible.<\/li>\n<\/ul>\n<p style=\"color: #ffffff\"><em>Fuente: SDSN Australia\/Pacific (2017): Getting started with the SDGs in universities: A guide for universities, higher education institutions, and the academic sector. Australia, New Zealand and Pacific Edition. Sustainable Development Solutions Network \u2013 Australia\/Pacific, Melbourne<\/em><\/p>\n[\/vc_column_text][vc_empty_space height=\u00bb20px\u00bb][\/vc_column][\/vc_row][vc_row full_width=\u00bbstretch_row_content\u00bb css=\u00bb.vc_custom_1616058475127{padding-right: 5% !important;padding-left: 5% !important;background-color: #ededed !important;}\u00bb][vc_column][vc_empty_space height=\u00bb20px\u00bb][vc_raw_html]JTNDZGl2JTIwY2xhc3MlM0QlMjJ0b2RvJTIyJTNFJTBBJTNDZGl2JTIwY2xhc3MlM0QlMjJjb250YWluZXIxJTIyJTNFJTBBJTNDYSUyMGNsYXNzJTNEJTIybGVhJTIyJTIwc3R5bGUlM0QlMjJjb2xvciUzQSUyMzAwNGQ3YSUzQiUyMiUyMGhyZWYlM0QlMjJodHRwcyUzQSUyRiUyRnd3dy51bGwuZXMlMkZwb3J0YWwlMkZjYW1wdXMteS1zb3N0ZW5pYmlsaWRhZCUyRmRvY2VuY2lhLTIlMkYlMjIlM0UlMEElM0NkaXYlMjBjbGFzcyUzRCUyMmNsaWVudDElMjIlM0UlMEElM0NkaXYlMjBjbGFzcyUzRCUyMmxvZ28lMjIlM0UlMEElM0NkaXYlMjBjbGFzcyUzRCUyMnZjX2ljb25fZWxlbWVudC1pY29uJTIwZmElMjBmYS1ncmFkdWF0aW9uLWNhcCUyMiUyMHN0eWxlJTNEJTIyZm9udC1zaXplJTNBJTIwMzBweCUyMCUyMWltcG9ydGFudCUzQiUyMG1hcmdpbi10b3AlM0ElMjAxOXB4JTIwJTIxaW1wb3J0YW50JTNCJTIwbWFyZ2luLWxlZnQlM0ElMjA1cHglMjAlMjFpbXBvcnRhbnQlM0IlMjIlM0UlM0MlMkZkaXYlM0UlMEElM0MlMkZkaXYlM0UlMEElM0NoMiUzRURPQ0VOQ0lBJTNDJTJGaDIlM0UlMEElM0NoMyUzRSUzQyUyRmgzJTNFJTBBJTNDJTJGZGl2JTNFJTNDJTJGYSUzRSUwQSUzQyUyRmRpdiUzRSUwQSUzQ2RpdiUyMGNsYXNzJTNEJTIyY29udGFpbmVyMSUyMiUzRSUwQSUzQ2ElMjBjbGFzcyUzRCUyMmxlYSUyMiUyMHN0eWxlJTNEJTIyY29sb3IlM0ElMjMwMDRkN2ElM0IlMjIlMjBocmVmJTNEJTIyaHR0cHMlM0ElMkYlMkZ3d3cudWxsLmVzJTJGcG9ydGFsJTJGY2FtcHVzLXktc29zdGVuaWJpbGlkYWQlMkZpbnZlc3RpZ2FjaW9uLXktdHJhbnNmZXJlbmNpYS10ZWNub2xvZ2ljYSUyRiUyMiUzRSUzQ2RpdiUyMGNsYXNzJTNEJTIyY2xpZW50MSUyMiUzRSUwQSUzQ2RpdiUyMGNsYXNzJTNEJTIybG9nbyUyMiUzRSUwQSUzQ2RpdiUyMGNsYXNzJTNEJTIydmNfaWNvbl9lbGVtZW50LWljb24lMjBmYSUyMGZhLWZpbHRlciUyMiUyMHN0eWxlJTNEJTIyZm9udC1zaXplJTNBJTIwMzBweCUyMCUyMWltcG9ydGFudCUzQiUyMG1hcmdpbi10b3AlM0ElMjAxOHB4JTIwJTIxaW1wb3J0YW50JTNCJTIwbWFyZ2luLWxlZnQlM0ElMjAycHglMjAlMjFpbXBvcnRhbnQlM0IlMjIlM0UlM0MlMkZkaXYlM0UlMEElM0MlMkZkaXYlM0UlMEElM0NoMiUzRUlOVkVTVElHQUNJJUMzJTkzTiUzQyUyRmgyJTNFJTBBJTNDaDMlM0UlM0MlMkZoMyUzRSUwQSUzQyUyRmRpdiUzRSUzQyUyRmElM0UlMEElM0MlMkZkaXYlM0UlMEElM0MlMkZkaXYlM0U=[\/vc_raw_html][vc_empty_space height=\u00bb30px\u00bb][\/vc_column][\/vc_row]\n","protected":false},"excerpt":{"rendered":"<p>[vc_row full_width=\u00bbstretch_row_content\u00bb equal_height=\u00bbyes\u00bb content_placement=\u00bbmiddle\u00bb css=\u00bb.vc_custom_1616057209066{padding-right: 5% !important;padding-left: 5% !important;background-color: #ededed !important;}\u00bb][vc_column width=\u00bb1\/2&#8243;][vc_empty_space height=\u00bb20px\u00bb][vc_column_text el_class=\u00bbsmall-text\u00bb] Campus y sostenibilidad\u00a0| Docencia e investigaci\u00f3n Docencia e investigaci\u00f3n [\/vc_column_text][vc_empty_space height=\u00bb20px\u00bb][vc_column_text]La declaraci\u00f3n de Naciones Unidas \u201cTransformando nuestro mundo: la Agenda 2030 para el Desarrollo Sostenible\u201d es uno de los acuerdos globales m\u00e1s ambiciosos y trascendentales en la historia reciente. La agenda,&#8230;<\/p>\n","protected":false},"author":41,"featured_media":0,"parent":0,"menu_order":0,"comment_status":"closed","ping_status":"closed","template":"templates\/template-no-title.php","meta":{"inline_featured_image":false,"footnotes":""},"acf":[],"yoast_head":"<!-- This site is optimized with the Yoast SEO plugin v21.3 - https:\/\/yoast.com\/wordpress\/plugins\/seo\/ -->\n<title>Docencia e Investigaci\u00f3n - Sostenibilidad<\/title>\n<meta name=\"robots\" content=\"index, follow, max-snippet:-1, max-image-preview:large, max-video-preview:-1\" \/>\n<link rel=\"canonical\" href=\"https:\/\/www.ull.es\/portal\/campus-y-sostenibilidad\/docencia-e-investigacion\/\" \/>\n<meta property=\"og:locale\" content=\"es_ES\" \/>\n<meta property=\"og:type\" content=\"article\" \/>\n<meta property=\"og:title\" content=\"Docencia e Investigaci\u00f3n - Sostenibilidad\" \/>\n<meta property=\"og:description\" content=\"[vc_row full_width=\u00bbstretch_row_content\u00bb equal_height=\u00bbyes\u00bb content_placement=\u00bbmiddle\u00bb css=\u00bb.vc_custom_1616057209066{padding-right: 5% !important;padding-left: 5% !important;background-color: #ededed !important;}\u00bb][vc_column width=\u00bb1\/2&#8243;][vc_empty_space height=\u00bb20px\u00bb][vc_column_text el_class=\u00bbsmall-text\u00bb] Campus y sostenibilidad\u00a0| Docencia e investigaci\u00f3n Docencia e investigaci\u00f3n [\/vc_column_text][vc_empty_space height=\u00bb20px\u00bb][vc_column_text]La declaraci\u00f3n de Naciones Unidas \u201cTransformando nuestro mundo: la Agenda 2030 para el Desarrollo Sostenible\u201d es uno de los acuerdos globales m\u00e1s ambiciosos y trascendentales en la historia reciente. La agenda,...\" \/>\n<meta property=\"og:url\" content=\"https:\/\/www.ull.es\/portal\/campus-y-sostenibilidad\/docencia-e-investigacion\/\" \/>\n<meta property=\"og:site_name\" content=\"Sostenibilidad\" \/>\n<meta property=\"article:modified_time\" content=\"2021-03-18T09:23:16+00:00\" \/>\n<meta name=\"twitter:card\" content=\"summary_large_image\" \/>\n<meta name=\"twitter:label1\" content=\"Tiempo de lectura\" \/>\n\t<meta name=\"twitter:data1\" content=\"3 minutos\" \/>\n<script type=\"application\/ld+json\" class=\"yoast-schema-graph\">{\"@context\":\"https:\/\/schema.org\",\"@graph\":[{\"@type\":\"WebPage\",\"@id\":\"https:\/\/www.ull.es\/portal\/campus-y-sostenibilidad\/docencia-e-investigacion\/\",\"url\":\"https:\/\/www.ull.es\/portal\/campus-y-sostenibilidad\/docencia-e-investigacion\/\",\"name\":\"Docencia e Investigaci\u00f3n - Sostenibilidad\",\"isPartOf\":{\"@id\":\"https:\/\/www.ull.es\/portal\/campus-y-sostenibilidad\/#website\"},\"datePublished\":\"2018-12-10T09:34:50+00:00\",\"dateModified\":\"2021-03-18T09:23:16+00:00\",\"breadcrumb\":{\"@id\":\"https:\/\/www.ull.es\/portal\/campus-y-sostenibilidad\/docencia-e-investigacion\/#breadcrumb\"},\"inLanguage\":\"es\",\"potentialAction\":[{\"@type\":\"ReadAction\",\"target\":[\"https:\/\/www.ull.es\/portal\/campus-y-sostenibilidad\/docencia-e-investigacion\/\"]}]},{\"@type\":\"BreadcrumbList\",\"@id\":\"https:\/\/www.ull.es\/portal\/campus-y-sostenibilidad\/docencia-e-investigacion\/#breadcrumb\",\"itemListElement\":[{\"@type\":\"ListItem\",\"position\":1,\"name\":\"Portada\",\"item\":\"https:\/\/www.ull.es\/portal\/campus-y-sostenibilidad\/\"},{\"@type\":\"ListItem\",\"position\":2,\"name\":\"Docencia e Investigaci\u00f3n\"}]},{\"@type\":\"WebSite\",\"@id\":\"https:\/\/www.ull.es\/portal\/campus-y-sostenibilidad\/#website\",\"url\":\"https:\/\/www.ull.es\/portal\/campus-y-sostenibilidad\/\",\"name\":\"Sostenibilidad\",\"description\":\"\",\"potentialAction\":[{\"@type\":\"SearchAction\",\"target\":{\"@type\":\"EntryPoint\",\"urlTemplate\":\"https:\/\/www.ull.es\/portal\/campus-y-sostenibilidad\/?s={search_term_string}\"},\"query-input\":\"required name=search_term_string\"}],\"inLanguage\":\"es\"}]}<\/script>\n<!-- \/ Yoast SEO plugin. -->","yoast_head_json":{"title":"Docencia e Investigaci\u00f3n - Sostenibilidad","robots":{"index":"index","follow":"follow","max-snippet":"max-snippet:-1","max-image-preview":"max-image-preview:large","max-video-preview":"max-video-preview:-1"},"canonical":"https:\/\/www.ull.es\/portal\/campus-y-sostenibilidad\/docencia-e-investigacion\/","og_locale":"es_ES","og_type":"article","og_title":"Docencia e Investigaci\u00f3n - Sostenibilidad","og_description":"[vc_row full_width=\u00bbstretch_row_content\u00bb equal_height=\u00bbyes\u00bb content_placement=\u00bbmiddle\u00bb css=\u00bb.vc_custom_1616057209066{padding-right: 5% !important;padding-left: 5% !important;background-color: #ededed !important;}\u00bb][vc_column width=\u00bb1\/2&#8243;][vc_empty_space height=\u00bb20px\u00bb][vc_column_text el_class=\u00bbsmall-text\u00bb] Campus y sostenibilidad\u00a0| Docencia e investigaci\u00f3n Docencia e investigaci\u00f3n [\/vc_column_text][vc_empty_space height=\u00bb20px\u00bb][vc_column_text]La declaraci\u00f3n de Naciones Unidas \u201cTransformando nuestro mundo: la Agenda 2030 para el Desarrollo Sostenible\u201d es uno de los acuerdos globales m\u00e1s ambiciosos y trascendentales en la historia reciente. La agenda,...","og_url":"https:\/\/www.ull.es\/portal\/campus-y-sostenibilidad\/docencia-e-investigacion\/","og_site_name":"Sostenibilidad","article_modified_time":"2021-03-18T09:23:16+00:00","twitter_card":"summary_large_image","twitter_misc":{"Tiempo de lectura":"3 minutos"},"schema":{"@context":"https:\/\/schema.org","@graph":[{"@type":"WebPage","@id":"https:\/\/www.ull.es\/portal\/campus-y-sostenibilidad\/docencia-e-investigacion\/","url":"https:\/\/www.ull.es\/portal\/campus-y-sostenibilidad\/docencia-e-investigacion\/","name":"Docencia e Investigaci\u00f3n - Sostenibilidad","isPartOf":{"@id":"https:\/\/www.ull.es\/portal\/campus-y-sostenibilidad\/#website"},"datePublished":"2018-12-10T09:34:50+00:00","dateModified":"2021-03-18T09:23:16+00:00","breadcrumb":{"@id":"https:\/\/www.ull.es\/portal\/campus-y-sostenibilidad\/docencia-e-investigacion\/#breadcrumb"},"inLanguage":"es","potentialAction":[{"@type":"ReadAction","target":["https:\/\/www.ull.es\/portal\/campus-y-sostenibilidad\/docencia-e-investigacion\/"]}]},{"@type":"BreadcrumbList","@id":"https:\/\/www.ull.es\/portal\/campus-y-sostenibilidad\/docencia-e-investigacion\/#breadcrumb","itemListElement":[{"@type":"ListItem","position":1,"name":"Portada","item":"https:\/\/www.ull.es\/portal\/campus-y-sostenibilidad\/"},{"@type":"ListItem","position":2,"name":"Docencia e Investigaci\u00f3n"}]},{"@type":"WebSite","@id":"https:\/\/www.ull.es\/portal\/campus-y-sostenibilidad\/#website","url":"https:\/\/www.ull.es\/portal\/campus-y-sostenibilidad\/","name":"Sostenibilidad","description":"","potentialAction":[{"@type":"SearchAction","target":{"@type":"EntryPoint","urlTemplate":"https:\/\/www.ull.es\/portal\/campus-y-sostenibilidad\/?s={search_term_string}"},"query-input":"required name=search_term_string"}],"inLanguage":"es"}]}},"_links":{"self":[{"href":"https:\/\/www.ull.es\/portal\/campus-y-sostenibilidad\/wp-json\/wp\/v2\/pages\/20"}],"collection":[{"href":"https:\/\/www.ull.es\/portal\/campus-y-sostenibilidad\/wp-json\/wp\/v2\/pages"}],"about":[{"href":"https:\/\/www.ull.es\/portal\/campus-y-sostenibilidad\/wp-json\/wp\/v2\/types\/page"}],"author":[{"embeddable":true,"href":"https:\/\/www.ull.es\/portal\/campus-y-sostenibilidad\/wp-json\/wp\/v2\/users\/41"}],"replies":[{"embeddable":true,"href":"https:\/\/www.ull.es\/portal\/campus-y-sostenibilidad\/wp-json\/wp\/v2\/comments?post=20"}],"version-history":[{"count":21,"href":"https:\/\/www.ull.es\/portal\/campus-y-sostenibilidad\/wp-json\/wp\/v2\/pages\/20\/revisions"}],"predecessor-version":[{"id":895,"href":"https:\/\/www.ull.es\/portal\/campus-y-sostenibilidad\/wp-json\/wp\/v2\/pages\/20\/revisions\/895"}],"wp:attachment":[{"href":"https:\/\/www.ull.es\/portal\/campus-y-sostenibilidad\/wp-json\/wp\/v2\/media?parent=20"}],"curies":[{"name":"wp","href":"https:\/\/api.w.org\/{rel}","templated":true}]}}