{"id":24,"date":"2018-12-10T09:37:18","date_gmt":"2018-12-10T09:37:18","guid":{"rendered":"https:\/\/www.ull.es\/portal\/sostenibilidad\/?page_id=24"},"modified":"2022-01-26T13:18:07","modified_gmt":"2022-01-26T13:18:07","slug":"campus","status":"publish","type":"page","link":"https:\/\/www.ull.es\/portal\/campus-y-sostenibilidad\/campus\/","title":{"rendered":"Infraestructuras y equipamientos"},"content":{"rendered":"[vc_row full_width=\u00bbstretch_row_content\u00bb equal_height=\u00bbyes\u00bb content_placement=\u00bbmiddle\u00bb css=\u00bb.vc_custom_1616060907708{padding-right: 5% !important;padding-left: 5% !important;background-color: #ededed !important;}\u00bb el_id=\u00bbcampus\u00bb][vc_column width=\u00bb1\/2&#8243;][vc_empty_space height=\u00bb20px\u00bb][vc_column_text el_class=\u00bbsmall-text\u00bb]\n<h5 style=\"text-align: left; color: #909090;\">Campus y sostenibilidad | Campus<\/h5>\n<h1 style=\"text-align: left; color: #004d7a;\">Infraestructuras y equipamientos<\/h1>\n[\/vc_column_text][vc_empty_space height=\u00bb20px\u00bb][vc_column_text]<span style=\"font-weight: 400;\">Desde el Vicerrectorado de Infraestructuras y Sostenibilidad, a trav\u00e9s de los servicios de Oficina T\u00e9cnica y de Mantenimiento, se trabaja para conseguir que los edificios, infraestructuras e instalaciones de la Universidad de La Laguna se conserven a lo largo de su vida \u00fatil en \u00f3ptimo estado de funcionamiento. Su objetivo es asegurar el confort de los usuarios en los distintos espacios de esta Universidad.<\/span><\/p>\n<p><span style=\"font-weight: 400;\">Los tipos de trabajos que realizan se clasifican seg\u00fan las caracter\u00edsticas de la intervenci\u00f3n en:<\/span><\/p>\n<ul>\n<li style=\"font-weight: 400;\"><span style=\"font-weight: 400;\">Mantenimiento Correctivo: Atiende a la reparaci\u00f3n de los elementos constructivos y de las instalaciones cuando se produce un fallo de cualquiera de estas partes.<\/span><\/li>\n<li style=\"font-weight: 400;\"><span style=\"font-weight: 400;\">Mantenimiento Preventivo: Trata de anticiparse a la aparici\u00f3n de aver\u00edas, efectuando revisiones de forma c\u00edclica y programada. De este modo evitamos futuros fallos en los sistemas constructivos y de instalaciones.<\/span><\/li>\n<li style=\"font-weight: 400;\"><span style=\"font-weight: 400;\">Modificaci\u00f3n o mejora de elementos constructivos e instalaciones: Realiza obras de modificaci\u00f3n de espacios e instalaciones, para adaptar los sistemas constructivos a las necesidades de los usuarios.<\/span><\/li>\n<li style=\"font-weight: 400;\"><span style=\"font-weight: 400;\">Asesoramiento T\u00e9cnico: Desde el Servicio de Oficina T\u00e9cnica y Mantenimiento se presta asistencia para resolver problemas dentro de su \u00e1mbito de actuaci\u00f3n. El equipo de t\u00e9cnicos colabora en la b\u00fasqueda de soluciones y supervisa la ejecuci\u00f3n de trabajos por parte del personal propio o de empresas externas a la Universidad.<\/span><\/li>\n<\/ul>\n<p><a href=\"https:\/\/www.ull.es\/portal\/campus-y-sostenibilidad\/intervenciones-relacionadas-que-conllevan-ahorro\/\" target=\"_blank\" rel=\"noopener noreferrer\" target=\"_blank\" rel=\"noopener\"><span style=\"font-weight: 400;\">Intervenciones relacionadas que conllevan ahorro\u00a0<\/span><\/a><\/p>\n<h3><b>Infraestructuras sostenibles<\/b><\/h3>\n<ul>\n<li style=\"font-weight: 400;\"><a href=\"https:\/\/www.ull.es\/portal\/campus-y-sostenibilidad\/recarga-de-vehiculos-electricos\/\" target=\"_blank\" rel=\"noopener noreferrer\" target=\"_blank\" rel=\"noopener\"><span style=\"font-weight: 400;\">Recarga de veh\u00edculos el\u00e9ctricos\u00a0<\/span><\/a><\/li>\n<li style=\"font-weight: 400;\"><a href=\"https:\/\/www.ull.es\/portal\/campus-y-sostenibilidad\/aparcamientos-para-bicicletas\/\" target=\"_blank\" rel=\"noopener noreferrer\" target=\"_blank\" rel=\"noopener\"><span style=\"font-weight: 400;\">Aparcamientos para bicicletas<\/span><\/a><\/li>\n<li style=\"font-weight: 400;\"><a href=\"https:\/\/www.ull.es\/portal\/campus-y-sostenibilidad\/mapa-de-aparcabicicletas\/\" target=\"_blank\" rel=\"noopener noreferrer\" target=\"_blank\" rel=\"noopener\"><span style=\"font-weight: 400;\">Mapa de aparcabicicletas<\/span><\/a><\/li>\n<li><a href=\"https:\/\/www.ull.es\/centros\/jardin-campus-salud\/\" target=\"_blank\" rel=\"noopener\" target=\"_blank\" rel=\"noopener\">Jardines de Ciencias de la Salud<\/a><\/li>\n<li><a href=\"https:\/\/www.ull.es\/centros\/jardin-experimental\/\" target=\"_blank\" rel=\"noopener\" target=\"_blank\" rel=\"noopener\">Jard\u00edn Canario Experimental<\/a><\/li>\n<\/ul>\n[\/vc_column_text][vc_empty_space height=\u00bb30px\u00bb][\/vc_column][vc_column width=\u00bb1\/2&#8243;][vc_empty_space height=\u00bb20px\u00bb][vc_single_image image=\u00bb801&#8243; img_size=\u00bbfull\u00bb][vc_empty_space height=\u00bb20px\u00bb][\/vc_column][\/vc_row]\n","protected":false},"excerpt":{"rendered":"<p>[vc_row full_width=\u00bbstretch_row_content\u00bb equal_height=\u00bbyes\u00bb content_placement=\u00bbmiddle\u00bb css=\u00bb.vc_custom_1616060907708{padding-right: 5% !important;padding-left: 5% !important;background-color: #ededed !important;}\u00bb el_id=\u00bbcampus\u00bb][vc_column width=\u00bb1\/2&#8243;][vc_empty_space height=\u00bb20px\u00bb][vc_column_text el_class=\u00bbsmall-text\u00bb] Campus y sostenibilidad | Campus Infraestructuras y equipamientos [\/vc_column_text][vc_empty_space height=\u00bb20px\u00bb][vc_column_text]Desde el Vicerrectorado de Infraestructuras y Sostenibilidad, a trav\u00e9s de los servicios de Oficina T\u00e9cnica y de Mantenimiento, se trabaja para conseguir que los edificios, infraestructuras e instalaciones de la Universidad&#8230;<\/p>\n","protected":false},"author":41,"featured_media":0,"parent":0,"menu_order":0,"comment_status":"closed","ping_status":"closed","template":"templates\/template-no-title.php","meta":{"inline_featured_image":false,"footnotes":""},"acf":[],"yoast_head":"<!-- This site is optimized with the Yoast SEO plugin v21.3 - https:\/\/yoast.com\/wordpress\/plugins\/seo\/ -->\n<title>Infraestructuras y equipamientos - Sostenibilidad<\/title>\n<meta name=\"robots\" content=\"index, follow, max-snippet:-1, max-image-preview:large, max-video-preview:-1\" \/>\n<link rel=\"canonical\" href=\"https:\/\/www.ull.es\/portal\/campus-y-sostenibilidad\/campus\/\" \/>\n<meta property=\"og:locale\" content=\"es_ES\" \/>\n<meta property=\"og:type\" content=\"article\" \/>\n<meta property=\"og:title\" content=\"Infraestructuras y equipamientos - Sostenibilidad\" \/>\n<meta property=\"og:description\" content=\"[vc_row full_width=\u00bbstretch_row_content\u00bb equal_height=\u00bbyes\u00bb content_placement=\u00bbmiddle\u00bb css=\u00bb.vc_custom_1616060907708{padding-right: 5% !important;padding-left: 5% !important;background-color: #ededed !important;}\u00bb el_id=\u00bbcampus\u00bb][vc_column width=\u00bb1\/2&#8243;][vc_empty_space height=\u00bb20px\u00bb][vc_column_text el_class=\u00bbsmall-text\u00bb] Campus y sostenibilidad | Campus Infraestructuras y equipamientos [\/vc_column_text][vc_empty_space height=\u00bb20px\u00bb][vc_column_text]Desde el Vicerrectorado de Infraestructuras y Sostenibilidad, a trav\u00e9s de los servicios de Oficina T\u00e9cnica y de Mantenimiento, se trabaja para conseguir que los edificios, infraestructuras e instalaciones de la Universidad...\" \/>\n<meta property=\"og:url\" content=\"https:\/\/www.ull.es\/portal\/campus-y-sostenibilidad\/campus\/\" \/>\n<meta property=\"og:site_name\" content=\"Sostenibilidad\" \/>\n<meta property=\"article:modified_time\" content=\"2022-01-26T13:18:07+00:00\" \/>\n<meta name=\"twitter:card\" content=\"summary_large_image\" \/>\n<meta name=\"twitter:label1\" content=\"Tiempo de lectura\" \/>\n\t<meta name=\"twitter:data1\" content=\"2 minutos\" \/>\n<script type=\"application\/ld+json\" class=\"yoast-schema-graph\">{\"@context\":\"https:\/\/schema.org\",\"@graph\":[{\"@type\":\"WebPage\",\"@id\":\"https:\/\/www.ull.es\/portal\/campus-y-sostenibilidad\/campus\/\",\"url\":\"https:\/\/www.ull.es\/portal\/campus-y-sostenibilidad\/campus\/\",\"name\":\"Infraestructuras y equipamientos - Sostenibilidad\",\"isPartOf\":{\"@id\":\"https:\/\/www.ull.es\/portal\/campus-y-sostenibilidad\/#website\"},\"datePublished\":\"2018-12-10T09:37:18+00:00\",\"dateModified\":\"2022-01-26T13:18:07+00:00\",\"breadcrumb\":{\"@id\":\"https:\/\/www.ull.es\/portal\/campus-y-sostenibilidad\/campus\/#breadcrumb\"},\"inLanguage\":\"es\",\"potentialAction\":[{\"@type\":\"ReadAction\",\"target\":[\"https:\/\/www.ull.es\/portal\/campus-y-sostenibilidad\/campus\/\"]}]},{\"@type\":\"BreadcrumbList\",\"@id\":\"https:\/\/www.ull.es\/portal\/campus-y-sostenibilidad\/campus\/#breadcrumb\",\"itemListElement\":[{\"@type\":\"ListItem\",\"position\":1,\"name\":\"Portada\",\"item\":\"https:\/\/www.ull.es\/portal\/campus-y-sostenibilidad\/\"},{\"@type\":\"ListItem\",\"position\":2,\"name\":\"Infraestructuras y equipamientos\"}]},{\"@type\":\"WebSite\",\"@id\":\"https:\/\/www.ull.es\/portal\/campus-y-sostenibilidad\/#website\",\"url\":\"https:\/\/www.ull.es\/portal\/campus-y-sostenibilidad\/\",\"name\":\"Sostenibilidad\",\"description\":\"\",\"potentialAction\":[{\"@type\":\"SearchAction\",\"target\":{\"@type\":\"EntryPoint\",\"urlTemplate\":\"https:\/\/www.ull.es\/portal\/campus-y-sostenibilidad\/?s={search_term_string}\"},\"query-input\":\"required name=search_term_string\"}],\"inLanguage\":\"es\"}]}<\/script>\n<!-- \/ Yoast SEO plugin. -->","yoast_head_json":{"title":"Infraestructuras y equipamientos - Sostenibilidad","robots":{"index":"index","follow":"follow","max-snippet":"max-snippet:-1","max-image-preview":"max-image-preview:large","max-video-preview":"max-video-preview:-1"},"canonical":"https:\/\/www.ull.es\/portal\/campus-y-sostenibilidad\/campus\/","og_locale":"es_ES","og_type":"article","og_title":"Infraestructuras y equipamientos - Sostenibilidad","og_description":"[vc_row full_width=\u00bbstretch_row_content\u00bb equal_height=\u00bbyes\u00bb content_placement=\u00bbmiddle\u00bb css=\u00bb.vc_custom_1616060907708{padding-right: 5% !important;padding-left: 5% !important;background-color: #ededed !important;}\u00bb el_id=\u00bbcampus\u00bb][vc_column width=\u00bb1\/2&#8243;][vc_empty_space height=\u00bb20px\u00bb][vc_column_text el_class=\u00bbsmall-text\u00bb] Campus y sostenibilidad | Campus Infraestructuras y equipamientos [\/vc_column_text][vc_empty_space height=\u00bb20px\u00bb][vc_column_text]Desde el Vicerrectorado de Infraestructuras y Sostenibilidad, a trav\u00e9s de los servicios de Oficina T\u00e9cnica y de Mantenimiento, se trabaja para conseguir que los edificios, infraestructuras e instalaciones de la Universidad...","og_url":"https:\/\/www.ull.es\/portal\/campus-y-sostenibilidad\/campus\/","og_site_name":"Sostenibilidad","article_modified_time":"2022-01-26T13:18:07+00:00","twitter_card":"summary_large_image","twitter_misc":{"Tiempo de lectura":"2 minutos"},"schema":{"@context":"https:\/\/schema.org","@graph":[{"@type":"WebPage","@id":"https:\/\/www.ull.es\/portal\/campus-y-sostenibilidad\/campus\/","url":"https:\/\/www.ull.es\/portal\/campus-y-sostenibilidad\/campus\/","name":"Infraestructuras y equipamientos - Sostenibilidad","isPartOf":{"@id":"https:\/\/www.ull.es\/portal\/campus-y-sostenibilidad\/#website"},"datePublished":"2018-12-10T09:37:18+00:00","dateModified":"2022-01-26T13:18:07+00:00","breadcrumb":{"@id":"https:\/\/www.ull.es\/portal\/campus-y-sostenibilidad\/campus\/#breadcrumb"},"inLanguage":"es","potentialAction":[{"@type":"ReadAction","target":["https:\/\/www.ull.es\/portal\/campus-y-sostenibilidad\/campus\/"]}]},{"@type":"BreadcrumbList","@id":"https:\/\/www.ull.es\/portal\/campus-y-sostenibilidad\/campus\/#breadcrumb","itemListElement":[{"@type":"ListItem","position":1,"name":"Portada","item":"https:\/\/www.ull.es\/portal\/campus-y-sostenibilidad\/"},{"@type":"ListItem","position":2,"name":"Infraestructuras y equipamientos"}]},{"@type":"WebSite","@id":"https:\/\/www.ull.es\/portal\/campus-y-sostenibilidad\/#website","url":"https:\/\/www.ull.es\/portal\/campus-y-sostenibilidad\/","name":"Sostenibilidad","description":"","potentialAction":[{"@type":"SearchAction","target":{"@type":"EntryPoint","urlTemplate":"https:\/\/www.ull.es\/portal\/campus-y-sostenibilidad\/?s={search_term_string}"},"query-input":"required name=search_term_string"}],"inLanguage":"es"}]}},"_links":{"self":[{"href":"https:\/\/www.ull.es\/portal\/campus-y-sostenibilidad\/wp-json\/wp\/v2\/pages\/24"}],"collection":[{"href":"https:\/\/www.ull.es\/portal\/campus-y-sostenibilidad\/wp-json\/wp\/v2\/pages"}],"about":[{"href":"https:\/\/www.ull.es\/portal\/campus-y-sostenibilidad\/wp-json\/wp\/v2\/types\/page"}],"author":[{"embeddable":true,"href":"https:\/\/www.ull.es\/portal\/campus-y-sostenibilidad\/wp-json\/wp\/v2\/users\/41"}],"replies":[{"embeddable":true,"href":"https:\/\/www.ull.es\/portal\/campus-y-sostenibilidad\/wp-json\/wp\/v2\/comments?post=24"}],"version-history":[{"count":35,"href":"https:\/\/www.ull.es\/portal\/campus-y-sostenibilidad\/wp-json\/wp\/v2\/pages\/24\/revisions"}],"predecessor-version":[{"id":927,"href":"https:\/\/www.ull.es\/portal\/campus-y-sostenibilidad\/wp-json\/wp\/v2\/pages\/24\/revisions\/927"}],"wp:attachment":[{"href":"https:\/\/www.ull.es\/portal\/campus-y-sostenibilidad\/wp-json\/wp\/v2\/media?parent=24"}],"curies":[{"name":"wp","href":"https:\/\/api.w.org\/{rel}","templated":true}]}}