{"id":274,"date":"2018-12-18T12:46:18","date_gmt":"2018-12-18T12:46:18","guid":{"rendered":"https:\/\/www.ull.es\/portal\/sostenibilidad\/?page_id=274"},"modified":"2024-07-10T11:30:14","modified_gmt":"2024-07-10T11:30:14","slug":"campus-saludable","status":"publish","type":"page","link":"https:\/\/www.ull.es\/portal\/campus-y-sostenibilidad\/campus-saludable\/","title":{"rendered":"Campus Saludable"},"content":{"rendered":"[vc_row full_width=\u00bbstretch_row_content\u00bb content_placement=\u00bbmiddle\u00bb css=\u00bb.vc_custom_1616061233653{padding-right: 5% !important;padding-left: 5% !important;background-color: #ededed !important;}\u00bb el_id=\u00bbcampus\u00bb][vc_column width=\u00bb1\/2&#8243;][vc_empty_space height=\u00bb20px\u00bb][vc_column_text el_class=\u00bbsmall-text\u00bb]\n<h5 style=\"text-align: left; color: #909090;\">Campus y sostenibilidad\u00a0| Campus<\/h5>\n<h1 style=\"text-align: left; color: #004d7a;\">Deporte saludable<\/h1>\n[\/vc_column_text][vc_empty_space height=\u00bb20px\u00bb][vc_column_text]El <a href=\"https:\/\/www.ull.es\/servicios\/deportes\/\" target=\"_blank\" rel=\"noopener\"><span style=\"color: #1155cc;\"><u>Servicio de Deportes<\/u><\/span><\/a> <span style=\"font-weight: 400;\">de la Universidad de La Laguna se encarga de la organizaci\u00f3n de la oferta pr\u00e1ctica, educativa y formativa de las actividades f\u00edsico-deportivas, dirigida a los miembros de la comunidad universitaria, y a toda la sociedad en general, fomentando la participaci\u00f3n y adaptando la oferta de actividades e instalaciones a la demanda existente en los distintos campos de la actividad f\u00edsica y deportes, al objeto de contribuir a la educaci\u00f3n integral de la persona y favorecer su estado de bienestar a trav\u00e9s de la pr\u00e1ctica de la actividad f\u00edsica y el deporte.<\/span><\/p>\n<div>\n<p><span style=\"font-weight: 400;\">En este sentido el Servicio de Deportes te da herramientas para que cuides tu salud de manera integral.\u00a0 La Universidad de La Laguna forma parte activa de la Red Espa\u00f1ola de Universidades Promotoras de la Salud (R.E.U.P.S.), y te propone el reto de las \u201cpausas saludables\u201d para cuidar tu salud cada d\u00eda.<\/span><\/p>\n<p><span style=\"font-weight: 400;\">Mira estos 3 v\u00eddeos de 5 minutos y t\u00f3malos como referencia para crear tus propias secuencias diarias de ejercicios f\u00edsicos y realizar tus \u00abPausas Saludables\u00bb durante las horas de clases, de estudio o de trabajo, ya sea en la Facultad, Biblioteca, Sala de Estudio o en tu propia casa.<\/span><\/p>\n<p><span style=\"font-weight: 400;\">De igual manera, haz \u00abPausas Saludables\u00bb cuando est\u00e9s en casa delante de la tele mirando tus programas favoritos o navegando por la red, entretenido con tus videojuegos o atendiendo a tus redes sociales.<\/span><\/p>\n<p><span style=\"font-weight: 400;\">Aqu\u00ed tienes los tres v\u00eddeos que puedes tomar como referencia para crear a tu gusto una secuencia diaria distinta:<\/span><\/p>\n<div>\n<ol>\n<li><a href=\"https:\/\/www.youtube.com\/watch?v=D7BEH7w5x9g\" target=\"_blank\" rel=\"noopener\">Primer v\u00eddeo<\/a><\/li>\n<li><a href=\"https:\/\/www.youtube.com\/watch?v=Jf_9ZQhI6E8\" target=\"_blank\" rel=\"noopener\">Segundo v\u00eddeo<\/a><\/li>\n<li><a href=\"https:\/\/www.youtube.com\/watch?v=l9uizHoJz0o\" target=\"_blank\" rel=\"noopener\">Tercer v\u00eddeo<\/a><\/li>\n<\/ol>\n<\/div>\n<\/div>\n[\/vc_column_text][vc_empty_space height=\u00bb20px\u00bb][\/vc_column][vc_column width=\u00bb1\/2&#8243;][vc_empty_space height=\u00bb20px\u00bb][vc_single_image image=\u00bb917&#8243; img_size=\u00bbfull\u00bb][vc_empty_space height=\u00bb20px\u00bb][\/vc_column][\/vc_row][vc_row full_width=\u00bbstretch_row_content\u00bb equal_height=\u00bbyes\u00bb content_placement=\u00bbmiddle\u00bb css=\u00bb.vc_custom_1616061156768{padding-right: 5% !important;padding-left: 5% !important;}\u00bb][vc_column width=\u00bb1\/3&#8243;][vc_single_image image=\u00bb924&#8243; img_size=\u00bbfull\u00bb][vc_empty_space height=\u00bb20px\u00bb][\/vc_column][vc_column width=\u00bb2\/3&#8243;][vc_empty_space height=\u00bb70px\u00bb][vc_column_text]\n<div>\n<div>\n<p><span style=\"font-weight: 400;\">Realiza \u00abPausas saludables\u00bb de 5 minutos cada dos horas, o, al menos, una a media ma\u00f1ana y otra a media tarde, que te permitan \u00abdesconectar\u00bb del estudio o del trabajo, para luego rendir m\u00e1s y mejor, evitando las largas horas de sedentarismo que afectan seriamente a tu salud.<\/span><\/p>\n<p><span style=\"font-weight: 400;\">Ponte una alarma, y no te olvides de hacerlas cada d\u00eda. La puedes hacer solo\/a o en compa\u00f1\u00eda:<\/span><\/p>\n<ul>\n<li style=\"font-weight: 400;\"><span style=\"font-weight: 400;\">Est\u00edrate<\/span><\/li>\n<li style=\"font-weight: 400;\"><span style=\"font-weight: 400;\">Sal del edificio y respira<\/span><\/li>\n<li style=\"font-weight: 400;\"><span style=\"font-weight: 400;\">Comparte con tus compa\u00f1eras y compa\u00f1eros ese momento<\/span><\/li>\n<li style=\"font-weight: 400;\"><span style=\"font-weight: 400;\">Escoge las escaleras en lugar del ascensor (en la medida de lo posible)<\/span><\/li>\n<li style=\"font-weight: 400;\"><span style=\"font-weight: 400;\">Practica actividad f\u00edsica diariamente, despl\u00e1zate andando, en bici o en patines<\/span><\/li>\n<li style=\"font-weight: 400;\"><span style=\"font-weight: 400;\">Bebe agua en tu botella de cristal<\/span><\/li>\n<li style=\"font-weight: 400;\"><span style=\"font-weight: 400;\">Come de forma saludable<\/span><\/li>\n<\/ul>\n<p><span style=\"font-weight: 400;\">Si necesitas acudir a las m\u00e1quinas expendedoras de alimentos para un \u00abtentempi\u00e9, entre horas\u00bb, elige la opci\u00f3n saludable:<\/span><\/p>\n<ul>\n<li style=\"font-weight: 400;\"><span style=\"font-weight: 400;\">Evita las bebidas con az\u00facares a\u00f1adidos<\/span><\/li>\n<li style=\"font-weight: 400;\"><span style=\"font-weight: 400;\">Come fruta, tiene pocas calor\u00edas y muchos nutrientes<\/span><\/li>\n<li style=\"font-weight: 400;\"><span style=\"font-weight: 400;\">Los frutos secos, sin sal y en su justa medida<\/span><\/li>\n<li style=\"font-weight: 400;\"><span style=\"font-weight: 400;\">Elige productos a base de cereales integrales<\/span><\/li>\n<\/ul>\n<\/div>\n<\/div>\n[\/vc_column_text][vc_empty_space height=\u00bb20px\u00bb][\/vc_column][\/vc_row][vc_row full_width=\u00bbstretch_row_content\u00bb equal_height=\u00bbyes\u00bb content_placement=\u00bbmiddle\u00bb css=\u00bb.vc_custom_1616061247483{padding-right: 5% !important;padding-left: 5% !important;background-color: #ededed !important;}\u00bb][vc_column width=\u00bb2\/3&#8243;][vc_empty_space height=\u00bb20px\u00bb][vc_column_text el_class=\u00bbsmall-text\u00bb]\n<h1 style=\"text-align: left; color: #004d7a;\">Campa\u00f1as promocionales de Salud<\/h1>\n[\/vc_column_text][vc_empty_space height=\u00bb20px\u00bb][vc_column_text]<span style=\"font-weight: 400;\">Desde el Servicio de Deportes de la Universidad de La Laguna, en colaboraci\u00f3n con R.E.U.P.S. (Red Espa\u00f1ola de Universidades Promotoras de la Salud) se han realizado diferentes campa\u00f1as promocionales de salud<\/span><\/p>\n<ul>\n<li style=\"list-style-type: none;\">\n<ul>\n<li style=\"font-weight: 400;\"><span style=\"font-weight: 400;\">D\u00eda Europeo de la Salud sexual y reproductiva<\/span><\/li>\n<li style=\"font-weight: 400;\"><span style=\"font-weight: 400;\">Campa\u00f1a La Felicidad.<\/span><\/li>\n<li style=\"font-weight: 400;\"><span style=\"font-weight: 400;\">Campa\u00f1a Act\u00edvate contra el C\u00e1ncer<\/span><\/li>\n<li style=\"font-weight: 400;\"><span style=\"font-weight: 400;\">Campa\u00f1a Coronavirus<\/span><\/li>\n<li style=\"font-weight: 400;\"><span style=\"font-weight: 400;\">Reto 5000 mil donaciones de sangre<\/span><\/li>\n<\/ul>\n<\/li>\n<\/ul>\n[\/vc_column_text][vc_empty_space height=\u00bb20px\u00bb][\/vc_column][vc_column width=\u00bb1\/3&#8243;][vc_empty_space height=\u00bb20px\u00bb][vc_single_image image=\u00bb813&#8243; img_size=\u00bbfull\u00bb][vc_empty_space height=\u00bb20px\u00bb][\/vc_column][\/vc_row][vc_row full_width=\u00bbstretch_row_content\u00bb equal_height=\u00bbyes\u00bb content_placement=\u00bbmiddle\u00bb css=\u00bb.vc_custom_1616061156768{padding-right: 5% !important;padding-left: 5% !important;}\u00bb][vc_column width=\u00bb1\/2&#8243;][vc_empty_space height=\u00bb20px\u00bb][vc_single_image image=\u00bb918&#8243; img_size=\u00bbfull\u00bb][vc_empty_space height=\u00bb20px\u00bb][\/vc_column][vc_column width=\u00bb1\/2&#8243;][vc_empty_space height=\u00bb20px\u00bb][vc_column_text el_class=\u00bbsmall-text\u00bb]\n<h1 style=\"text-align: left; color: #004d7a;\">Semana Europea del Deporte<\/h1>\n[\/vc_column_text][vc_empty_space height=\u00bb20px\u00bb][vc_column_text]\n<div>\n<h3><span style=\"font-weight: 400;\">La Universidad de La Laguna ha participado en la campa\u00f1a #BeActive del Consejo Superior de Deportes<\/span><\/h3>\n<p><a href=\"https:\/\/www.ull.es\/portal\/agenda\/evento\/la-universidad-de-la-laguna-se-activa-al-aire-libre\/\" target=\"_blank\" rel=\"noopener\"><b>CAMPA\u00d1A LA ULL SE ACTIVA AL AIRE LIBRE<\/b><\/a><\/p>\n<p><span style=\"font-weight: 400;\">La iniciativa de la campa\u00f1a surgi\u00f3 tras finalizar el confinamiento decretado por la alerta sanitaria de la Covid 19, donde, una vez superada la alerta sanitaria, el gobierno de la naci\u00f3n estableci\u00f3 un plan de desescalada para planificar la vuelta a la nueva normalidad. Desde el Servicio de Deportes se vio necesario proyectar actuaciones que incentivara la realizaci\u00f3n de ejercicio para fomentar la actividad f\u00edsica saludable al aire libre de la comunidad universitaria (Alumnado, Personal Docente e Investigador, Personal de Administraci\u00f3n y Servicios y Personas asociadas a la Asociaci\u00f3n de Antiguos Alumnos y Amigos de la ULL), y as\u00ed surgi\u00f3 el Proyecto \u201cla ULL se activa al aire libre\u201d, que pretende crear el h\u00e1bito durante toda la vida<\/span><span style=\"font-weight: 400;\">.\u00a0<\/span><\/p>\n<p><span style=\"font-weight: 400;\">La campa\u00f1a trat\u00f3 de inspirar a la comunidad universitaria lanzando retos sencillos, de f\u00e1cil alcance y de diversas tipolog\u00edas de actividades al aire libre (caminar, rodar o nadar 10 km., correr o patinar 15 km. o pedalear 30 km), premiando con camisetas con un dise\u00f1o conmemorativo de la Campa\u00f1a y el sorteo de diversos premios.<\/span> <span style=\"font-weight: 400;\">Es una campa\u00f1a inclusiva, lo que se refleja en el dise\u00f1o del marketing y en la tipolog\u00eda de los retos donde se representa a mujeres, hombres, razas, la conciliaci\u00f3n y corresponsabilidad, la actividad en compa\u00f1\u00eda de otras personas y\/o mascotas , e incluso a marcarse su propio reto. En la Campa\u00f1a se manifiesta la necesidad de cumplir y extremar las precauciones y recomendaciones sanitarias de las autoridades competentes establecidas para que la pr\u00e1ctica de la actividad f\u00edsica se realice de forma segura tanto para cada participante como para el resto de la sociedad<\/span><span style=\"font-weight: 400;\">.<\/span><\/p>\n<p><span style=\"font-weight: 400;\">El impacto que tuvo en las personas fue muy positivo. Se consigui\u00f3 aumentar la participaci\u00f3n del profesorado y del personal administrativo de la Universidad, que en eventos deportivos es normalmente muy escasa. Asimismo, la campa\u00f1a aument\u00f3 el sentimiento de pertenencia y orgullo con la entidad universitaria.<\/span><\/p>\n<p><span style=\"font-weight: 400;\">Sin lugar a dudas, el mayor premio es conseguir activar en cada participante el \u00abbot\u00f3n m\u00e1gico\u00bb para vincularle a la actividad f\u00edsica, colaborando a crear una comunidad universitaria activa.<\/span><\/p>\n<\/div>\n[\/vc_column_text][vc_empty_space height=\u00bb20px\u00bb][\/vc_column][\/vc_row][vc_row full_width=\u00bbstretch_row_content\u00bb equal_height=\u00bbyes\u00bb content_placement=\u00bbmiddle\u00bb css=\u00bb.vc_custom_1616061247483{padding-right: 5% !important;padding-left: 5% !important;background-color: #ededed !important;}\u00bb][vc_column width=\u00bb1\/2&#8243;][vc_empty_space height=\u00bb20px\u00bb][vc_column_text el_class=\u00bbsmall-text\u00bb]\n<h1 style=\"text-align: left; color: #004d7a;\">Alimentaci\u00f3n saludable<\/h1>\n[\/vc_column_text][vc_column_text]\n<ul>\n<li style=\"list-style-type: none;\">\n<ul>\n<li style=\"list-style-type: none;\">\n<ul>\n<li><b>Formaci\u00f3n en Alimentaci\u00f3n Saludable<\/b><\/li>\n<\/ul>\n<\/li>\n<\/ul>\n<\/li>\n<\/ul>\n<p><span style=\"font-weight: 400;\">Se ha realizado desde el Servicio de Deportes de la Universidad de La Laguna, en colaboraci\u00f3n con distintas entidades:<\/span><\/p>\n<ul>\n<li><span style=\"font-weight: 400;\">Con la Fundaci\u00f3n Mapfre: la charla \u201cC\u00f3mo elaborar tu men\u00fa semanal en un d\u00eda\u201d y la campa\u00f1a \u201c<\/span><a href=\"https:\/\/tuempresa.fundacionmapfre.org\/pavasal10517\/2017\/06\/01\/bienvenidos-al-portal-elige-salud\/\" target=\"_blank\" rel=\"noopener\"><span style=\"font-weight: 400;\">Elige Salud<\/span><\/a><span style=\"font-weight: 400;\">\u201d.<\/span><\/li>\n<li>Con la <a href=\"https:\/\/www.unisaludables.es\/es\/\" target=\"_blank\" rel=\"noopener\">Red Espa\u00f1ola de Universidades Promotoras de la Salud (REUPS) <\/a>\u2013 <a href=\"https:\/\/www.unisaludables.es\/es\/noticias\/leer\/recetas-saludables-de-primavera-de-la-red-espanola-de-universidades-saludables\/\" target=\"_blank\" rel=\"noopener\">Recetas Saludables de Primavera de la Red Espa\u00f1ola de Universidades Saludables<\/a><\/li>\n<li><a href=\"https:\/\/www.unisaludables.es\/es\/campaigns\/\" target=\"_blank\" rel=\"noopener\">Campa\u00f1a\u00a0 \u201cUn mensaje saludable por un objetivo com\u00fan\u201d\u00a0\u00a0<\/a><\/li>\n<\/ul>\n<ul>\n<li style=\"list-style-type: none;\">\n<ul>\n<li style=\"list-style-type: none;\">\n<ul>\n<li><b>Expendedoras Saludables<\/b><\/li>\n<\/ul>\n<\/li>\n<\/ul>\n<\/li>\n<\/ul>\n<p><span style=\"font-weight: 400;\">El Servicio de Deportes de la Universidad de La Laguna, en su compromiso con la Responsabilidad Social y la Promoci\u00f3n de la Salud en materia de m\u00e1quinas expendedoras de productos alimenticios en sus instalaciones deportivas, en colaboraci\u00f3n con el Vicerrectorado de Cultura y Participaci\u00f3n Social y la empresa adjudicataria del servicio, est\u00e1 estableciendo unos criterios m\u00ednimos de exigencias as\u00ed como una serie de recomendaciones y medidas para fomentar la promoci\u00f3n y adquisici\u00f3n de h\u00e1bitos saludables.<\/span>[\/vc_column_text][vc_empty_space height=\u00bb20px\u00bb][\/vc_column][vc_column width=\u00bb1\/2&#8243;][vc_empty_space height=\u00bb20px\u00bb][vc_single_image image=\u00bb804&#8243; img_size=\u00bbfull\u00bb][vc_empty_space height=\u00bb20px\u00bb][\/vc_column][\/vc_row][vc_row full_width=\u00bbstretch_row_content\u00bb equal_height=\u00bbyes\u00bb content_placement=\u00bbmiddle\u00bb css=\u00bb.vc_custom_1616061156768{padding-right: 5% !important;padding-left: 5% !important;}\u00bb][vc_column width=\u00bb1\/2&#8243;][vc_empty_space height=\u00bb20px\u00bb][vc_single_image image=\u00bb948&#8243; img_size=\u00bbfull\u00bb][vc_empty_space height=\u00bb20px\u00bb][\/vc_column][vc_column width=\u00bb1\/2&#8243;][vc_empty_space height=\u00bb20px\u00bb][vc_column_text el_class=\u00bbsmall-text\u00bb]\n<h1 style=\"text-align: left; color: #004d7a;\">Recetas para t\u00e1per. Recetas saludables y sostenibles<\/h1>\n[\/vc_column_text][vc_empty_space height=\u00bb20px\u00bb][vc_column_text]\u00abRecetas para t\u00e1per\u00bb es un libro destinado especialmente al alumnado universitario y, en general, a todas las personas que en su d\u00eda a d\u00eda necesitan comer fuera de casa.<\/p>\n<p>En el recetario han participado 15 universidades y 31 chefs de 10 comunidades aut\u00f3nomas. Encontrar\u00e9is recetas variadas para todos los gustos y que seguro son \u00fatiles para vuestro almuerzo diario.<\/p>\n<p>El objetivo es poder mantener una alimentaci\u00f3n saludable, sabrosa y equilibrada incluso en los d\u00edas m\u00e1s ocupados.<\/p>\n<p>Para ver estas recetas, pulse este <a href=\"https:\/\/unisaludables.com\/wp-content\/uploads\/2024\/06\/recetas-para-taper.-publicacion-1.pdf\" target=\"_blank\" rel=\"noopener\" target=\"_blank\" rel=\"noopener\">enlace.\u00a0<\/a>[\/vc_column_text][vc_empty_space height=\u00bb20px\u00bb][\/vc_column][\/vc_row]\n","protected":false},"excerpt":{"rendered":"<p>[vc_row full_width=\u00bbstretch_row_content\u00bb content_placement=\u00bbmiddle\u00bb css=\u00bb.vc_custom_1616061233653{padding-right: 5% !important;padding-left: 5% !important;background-color: #ededed !important;}\u00bb el_id=\u00bbcampus\u00bb][vc_column width=\u00bb1\/2&#8243;][vc_empty_space height=\u00bb20px\u00bb][vc_column_text el_class=\u00bbsmall-text\u00bb] Campus y sostenibilidad\u00a0| Campus Deporte saludable [\/vc_column_text][vc_empty_space height=\u00bb20px\u00bb][vc_column_text]El Servicio de Deportes de la Universidad de La Laguna se encarga de la organizaci\u00f3n de la oferta pr\u00e1ctica, educativa y formativa de las actividades f\u00edsico-deportivas, dirigida a los miembros de la comunidad universitaria,&#8230;<\/p>\n","protected":false},"author":41,"featured_media":0,"parent":0,"menu_order":0,"comment_status":"closed","ping_status":"closed","template":"templates\/template-no-title.php","meta":{"inline_featured_image":false,"footnotes":""},"acf":[],"yoast_head":"<!-- This site is optimized with the Yoast SEO plugin v21.3 - https:\/\/yoast.com\/wordpress\/plugins\/seo\/ -->\n<title>Campus Saludable - Sostenibilidad<\/title>\n<meta name=\"robots\" content=\"index, follow, max-snippet:-1, max-image-preview:large, max-video-preview:-1\" \/>\n<link rel=\"canonical\" href=\"https:\/\/www.ull.es\/portal\/campus-y-sostenibilidad\/campus-saludable\/\" \/>\n<meta property=\"og:locale\" content=\"es_ES\" \/>\n<meta property=\"og:type\" content=\"article\" \/>\n<meta property=\"og:title\" content=\"Campus Saludable - Sostenibilidad\" \/>\n<meta property=\"og:description\" content=\"[vc_row full_width=\u00bbstretch_row_content\u00bb content_placement=\u00bbmiddle\u00bb css=\u00bb.vc_custom_1616061233653{padding-right: 5% !important;padding-left: 5% !important;background-color: #ededed !important;}\u00bb el_id=\u00bbcampus\u00bb][vc_column width=\u00bb1\/2&#8243;][vc_empty_space height=\u00bb20px\u00bb][vc_column_text el_class=\u00bbsmall-text\u00bb] Campus y sostenibilidad\u00a0| Campus Deporte saludable [\/vc_column_text][vc_empty_space height=\u00bb20px\u00bb][vc_column_text]El Servicio de Deportes de la Universidad de La Laguna se encarga de la organizaci\u00f3n de la oferta pr\u00e1ctica, educativa y formativa de las actividades f\u00edsico-deportivas, dirigida a los miembros de la comunidad universitaria,...\" \/>\n<meta property=\"og:url\" content=\"https:\/\/www.ull.es\/portal\/campus-y-sostenibilidad\/campus-saludable\/\" \/>\n<meta property=\"og:site_name\" content=\"Sostenibilidad\" \/>\n<meta property=\"article:modified_time\" content=\"2024-07-10T11:30:14+00:00\" \/>\n<meta name=\"twitter:card\" content=\"summary_large_image\" \/>\n<meta name=\"twitter:label1\" content=\"Tiempo de lectura\" \/>\n\t<meta name=\"twitter:data1\" content=\"6 minutos\" \/>\n<script type=\"application\/ld+json\" class=\"yoast-schema-graph\">{\"@context\":\"https:\/\/schema.org\",\"@graph\":[{\"@type\":\"WebPage\",\"@id\":\"https:\/\/www.ull.es\/portal\/campus-y-sostenibilidad\/campus-saludable\/\",\"url\":\"https:\/\/www.ull.es\/portal\/campus-y-sostenibilidad\/campus-saludable\/\",\"name\":\"Campus Saludable - Sostenibilidad\",\"isPartOf\":{\"@id\":\"https:\/\/www.ull.es\/portal\/campus-y-sostenibilidad\/#website\"},\"datePublished\":\"2018-12-18T12:46:18+00:00\",\"dateModified\":\"2024-07-10T11:30:14+00:00\",\"breadcrumb\":{\"@id\":\"https:\/\/www.ull.es\/portal\/campus-y-sostenibilidad\/campus-saludable\/#breadcrumb\"},\"inLanguage\":\"es\",\"potentialAction\":[{\"@type\":\"ReadAction\",\"target\":[\"https:\/\/www.ull.es\/portal\/campus-y-sostenibilidad\/campus-saludable\/\"]}]},{\"@type\":\"BreadcrumbList\",\"@id\":\"https:\/\/www.ull.es\/portal\/campus-y-sostenibilidad\/campus-saludable\/#breadcrumb\",\"itemListElement\":[{\"@type\":\"ListItem\",\"position\":1,\"name\":\"Portada\",\"item\":\"https:\/\/www.ull.es\/portal\/campus-y-sostenibilidad\/\"},{\"@type\":\"ListItem\",\"position\":2,\"name\":\"Campus Saludable\"}]},{\"@type\":\"WebSite\",\"@id\":\"https:\/\/www.ull.es\/portal\/campus-y-sostenibilidad\/#website\",\"url\":\"https:\/\/www.ull.es\/portal\/campus-y-sostenibilidad\/\",\"name\":\"Sostenibilidad\",\"description\":\"\",\"potentialAction\":[{\"@type\":\"SearchAction\",\"target\":{\"@type\":\"EntryPoint\",\"urlTemplate\":\"https:\/\/www.ull.es\/portal\/campus-y-sostenibilidad\/?s={search_term_string}\"},\"query-input\":\"required name=search_term_string\"}],\"inLanguage\":\"es\"}]}<\/script>\n<!-- \/ Yoast SEO plugin. -->","yoast_head_json":{"title":"Campus Saludable - Sostenibilidad","robots":{"index":"index","follow":"follow","max-snippet":"max-snippet:-1","max-image-preview":"max-image-preview:large","max-video-preview":"max-video-preview:-1"},"canonical":"https:\/\/www.ull.es\/portal\/campus-y-sostenibilidad\/campus-saludable\/","og_locale":"es_ES","og_type":"article","og_title":"Campus Saludable - Sostenibilidad","og_description":"[vc_row full_width=\u00bbstretch_row_content\u00bb content_placement=\u00bbmiddle\u00bb css=\u00bb.vc_custom_1616061233653{padding-right: 5% !important;padding-left: 5% !important;background-color: #ededed !important;}\u00bb el_id=\u00bbcampus\u00bb][vc_column width=\u00bb1\/2&#8243;][vc_empty_space height=\u00bb20px\u00bb][vc_column_text el_class=\u00bbsmall-text\u00bb] Campus y sostenibilidad\u00a0| Campus Deporte saludable [\/vc_column_text][vc_empty_space height=\u00bb20px\u00bb][vc_column_text]El Servicio de Deportes de la Universidad de La Laguna se encarga de la organizaci\u00f3n de la oferta pr\u00e1ctica, educativa y formativa de las actividades f\u00edsico-deportivas, dirigida a los miembros de la comunidad universitaria,...","og_url":"https:\/\/www.ull.es\/portal\/campus-y-sostenibilidad\/campus-saludable\/","og_site_name":"Sostenibilidad","article_modified_time":"2024-07-10T11:30:14+00:00","twitter_card":"summary_large_image","twitter_misc":{"Tiempo de lectura":"6 minutos"},"schema":{"@context":"https:\/\/schema.org","@graph":[{"@type":"WebPage","@id":"https:\/\/www.ull.es\/portal\/campus-y-sostenibilidad\/campus-saludable\/","url":"https:\/\/www.ull.es\/portal\/campus-y-sostenibilidad\/campus-saludable\/","name":"Campus Saludable - Sostenibilidad","isPartOf":{"@id":"https:\/\/www.ull.es\/portal\/campus-y-sostenibilidad\/#website"},"datePublished":"2018-12-18T12:46:18+00:00","dateModified":"2024-07-10T11:30:14+00:00","breadcrumb":{"@id":"https:\/\/www.ull.es\/portal\/campus-y-sostenibilidad\/campus-saludable\/#breadcrumb"},"inLanguage":"es","potentialAction":[{"@type":"ReadAction","target":["https:\/\/www.ull.es\/portal\/campus-y-sostenibilidad\/campus-saludable\/"]}]},{"@type":"BreadcrumbList","@id":"https:\/\/www.ull.es\/portal\/campus-y-sostenibilidad\/campus-saludable\/#breadcrumb","itemListElement":[{"@type":"ListItem","position":1,"name":"Portada","item":"https:\/\/www.ull.es\/portal\/campus-y-sostenibilidad\/"},{"@type":"ListItem","position":2,"name":"Campus Saludable"}]},{"@type":"WebSite","@id":"https:\/\/www.ull.es\/portal\/campus-y-sostenibilidad\/#website","url":"https:\/\/www.ull.es\/portal\/campus-y-sostenibilidad\/","name":"Sostenibilidad","description":"","potentialAction":[{"@type":"SearchAction","target":{"@type":"EntryPoint","urlTemplate":"https:\/\/www.ull.es\/portal\/campus-y-sostenibilidad\/?s={search_term_string}"},"query-input":"required name=search_term_string"}],"inLanguage":"es"}]}},"_links":{"self":[{"href":"https:\/\/www.ull.es\/portal\/campus-y-sostenibilidad\/wp-json\/wp\/v2\/pages\/274"}],"collection":[{"href":"https:\/\/www.ull.es\/portal\/campus-y-sostenibilidad\/wp-json\/wp\/v2\/pages"}],"about":[{"href":"https:\/\/www.ull.es\/portal\/campus-y-sostenibilidad\/wp-json\/wp\/v2\/types\/page"}],"author":[{"embeddable":true,"href":"https:\/\/www.ull.es\/portal\/campus-y-sostenibilidad\/wp-json\/wp\/v2\/users\/41"}],"replies":[{"embeddable":true,"href":"https:\/\/www.ull.es\/portal\/campus-y-sostenibilidad\/wp-json\/wp\/v2\/comments?post=274"}],"version-history":[{"count":43,"href":"https:\/\/www.ull.es\/portal\/campus-y-sostenibilidad\/wp-json\/wp\/v2\/pages\/274\/revisions"}],"predecessor-version":[{"id":950,"href":"https:\/\/www.ull.es\/portal\/campus-y-sostenibilidad\/wp-json\/wp\/v2\/pages\/274\/revisions\/950"}],"wp:attachment":[{"href":"https:\/\/www.ull.es\/portal\/campus-y-sostenibilidad\/wp-json\/wp\/v2\/media?parent=274"}],"curies":[{"name":"wp","href":"https:\/\/api.w.org\/{rel}","templated":true}]}}