{"id":627,"date":"2019-03-08T08:52:09","date_gmt":"2019-03-08T08:52:09","guid":{"rendered":"https:\/\/www.ull.es\/portal\/campus-y-sostenibilidad\/?page_id=627"},"modified":"2025-03-21T11:27:30","modified_gmt":"2025-03-21T11:27:30","slug":"urbanismo-y-biodiversidad","status":"publish","type":"page","link":"https:\/\/www.ull.es\/portal\/campus-y-sostenibilidad\/urbanismo-y-biodiversidad\/","title":{"rendered":"Urbanismo y biodiversidad"},"content":{"rendered":"[vc_row full_width=\u00bbstretch_row_content\u00bb equal_height=\u00bbyes\u00bb content_placement=\u00bbmiddle\u00bb css=\u00bb.vc_custom_1616059925593{padding-right: 5% !important;padding-left: 5% !important;background-color: #ededed !important;}\u00bb][vc_column width=\u00bb1\/2&#8243;][vc_column_text el_class=\u00bbsmall-text\u00bb]\n<h5 style=\"text-align: left; color: #909090;\">Campus y sostenibilidad | Gesti\u00f3n ambiental<\/h5>\n<h1 style=\"text-align: left; color: #004d7a;\">Urbanismo y Biodiversidad<\/h1>\n[\/vc_column_text][vc_empty_space height=\u00bb20px\u00bb][vc_column_text]<span style=\"font-weight: 400;\">La Universidad de La Laguna fomenta la biodiversidad dentro de los campus universitarios, incorporando criterios de sostenibilidad en el dise\u00f1o urbano y en el trabajo en los espacios verdes. Se desarrollan acciones en los siguientes \u00e1mbitos:<\/span><\/p>\n<ul>\n<li style=\"font-weight: 400;\"><span style=\"font-weight: 400;\">La conservaci\u00f3n de espacios verdes como fuente de biodiversidad, adapt\u00e1ndolos de forma progresiva a nuestro contexto canario<\/span><\/li>\n<li style=\"font-weight: 400;\"><span style=\"font-weight: 400;\">Uso de especies con bajos requerimientos h\u00eddricos y\/o aut\u00f3ctonas y\/o adaptadas a las condiciones clim\u00e1ticas<\/span><\/li>\n<li style=\"font-weight: 400;\"><span style=\"font-weight: 400;\">Utilizaci\u00f3n de compost en las zonas verdes del campus, producido con los propios residuos universitarios. El 80% del material vegetal generado en los jardines de la instituci\u00f3n se incorpora al suelo como picadillo y compost para mejorar la calidad de nuestros jardines, haciendo uso de una trituradora adquirida en 2013.\u00a0<\/span><\/li>\n<li style=\"font-weight: 400;\"><span style=\"font-weight: 400;\">Gesti\u00f3n mediante vermicultura de los residuos vegetales generados en las cocinas del C.M. San Fernando y de la cafeter\u00eda de la Facultad de Derecho para su posterior utilizaci\u00f3n como fertilizaci\u00f3n org\u00e1nica en los jardines.<\/span><\/li>\n<li style=\"font-weight: 400;\"><span style=\"font-weight: 400;\">Reducci\u00f3n progresiva de los tratamientos fitosanitarios, utilizando medios m\u00e1s ecol\u00f3gicos.<\/span><\/li>\n<li style=\"font-weight: 400;\"><span style=\"font-weight: 400;\">Desarrollo de acciones de sensibilizaci\u00f3n y participaci\u00f3n de la comunidad universitaria sobre biodiversidad:<\/span>\n<ul>\n<li style=\"font-weight: 400;\"><span style=\"font-weight: 400;\">Identificaci\u00f3n de especies (r\u00f3tulos y carteler\u00eda), en el Edificio Central, en la Secci\u00f3n de Biolog\u00eda, en la Facultad de Ciencias de la Salud<\/span><\/li>\n<li style=\"font-weight: 400;\"><span style=\"font-weight: 400;\">Colaboraci\u00f3n en las pr\u00e1cticas de estudiantes con diversidad funcional en Canarias del taller de jardiner\u00eda de <\/span><a href=\"http:\/\/www.complejoacaman.org\/opencms\/opencms\/menu_vertical\/alianzas_acuerdos\/\" target=\"_blank\" rel=\"noopener\"><span style=\"font-weight: 400;\">ACAMAN<\/span><\/a><span style=\"font-weight: 400;\"> y de estudiantes de segundo ciclo de paisajismo &#8211; jardiner\u00eda del IES Sobradillo<\/span><\/li>\n<li style=\"font-weight: 400;\"><span style=\"font-weight: 400;\">Colaboraci\u00f3n con voluntarios del Cabildo de Tenerife para realizaci\u00f3n de huertos ecol\u00f3gicos junto al edificio Garoe<\/span><\/li>\n<\/ul>\n<\/li>\n<\/ul>\n[\/vc_column_text][vc_empty_space height=\u00bb40px\u00bb][\/vc_column][vc_column width=\u00bb1\/2&#8243;][vc_empty_space height=\u00bb20px\u00bb][vc_single_image image=\u00bb636&#8243; img_size=\u00bbfull\u00bb][vc_empty_space height=\u00bb20px\u00bb][\/vc_column][\/vc_row][vc_row][vc_column][vc_empty_space height=\u00bb40px\u00bb][vc_video link=\u00bbhttps:\/\/youtu.be\/3k0AMOmocOk\u00bb][vc_empty_space height=\u00bb40px\u00bb][\/vc_column][\/vc_row][vc_row full_width=\u00bbstretch_row_content\u00bb equal_height=\u00bbyes\u00bb css=\u00bb.vc_custom_1729167829508{padding-right: 5% !important;padding-bottom: 5% !important;padding-left: 5% !important;background-color: #ededed !important;}\u00bb][vc_column][vc_column_text el_class=\u00bbsmall-text\u00bb]\n<h5 style=\"text-align: left; color: #909090;\">Campus y sostenibilidad | Gesti\u00f3n ambiental<\/h5>\n<h1 style=\"text-align: left; color: #004d7a;\">Biodiversidad en Jardines<\/h1>\n[\/vc_column_text][vc_empty_space height=\u00bb20px\u00bb][vc_row_inner content_placement=\u00bbmiddle\u00bb][vc_column_inner width=\u00bb1\/3&#8243;][vc_single_image image=\u00bb1066&#8243; img_size=\u00bb500&#215;500&#8243; onclick=\u00bbcustom_link\u00bb img_link_target=\u00bb_blank\u00bb link=\u00bbhttps:\/\/www.ull.es\/centros\/jardin-campus-salud\/\u00bb][vc_column_text el_class=\u00bbsmall-text\u00bb]\n<h4 style=\"color: #004d7a; text-align: left;\">Jardines de Ciencias de la Salud<\/h4>\n[\/vc_column_text][\/vc_column_inner][vc_column_inner width=\u00bb1\/3&#8243;][vc_single_image image=\u00bb1061&#8243; img_size=\u00bb500&#215;500&#8243; onclick=\u00bbcustom_link\u00bb img_link_target=\u00bb_blank\u00bb link=\u00bbhttps:\/\/www.ull.es\/centros\/jardin-experimental\/\u00bb][vc_column_text el_class=\u00bbsmall-text\u00bb]\n<h4 style=\"color: #004d7a; text-align: left;\">Jard\u00edn Canario Experimental<\/h4>\n[\/vc_column_text][\/vc_column_inner][vc_column_inner width=\u00bb1\/3&#8243;][vc_single_image image=\u00bb1062&#8243; img_size=\u00bb500&#215;500&#8243; onclick=\u00bbcustom_link\u00bb img_link_target=\u00bb_blank\u00bb link=\u00bbhttps:\/\/www.ull.es\/centros\/jardin-flora-canaria\/\u00bb][vc_column_text el_class=\u00bbsmall-text\u00bb]\n<h4 style=\"color: #004d7a; text-align: left;\">Jard\u00edn Flora Canaria<\/h4>\n[\/vc_column_text][\/vc_column_inner][\/vc_row_inner][\/vc_column][\/vc_row]\n","protected":false},"excerpt":{"rendered":"<p>[vc_row full_width=\u00bbstretch_row_content\u00bb equal_height=\u00bbyes\u00bb content_placement=\u00bbmiddle\u00bb css=\u00bb.vc_custom_1616059925593{padding-right: 5% !important;padding-left: 5% !important;background-color: #ededed !important;}\u00bb][vc_column width=\u00bb1\/2&#8243;][vc_column_text el_class=\u00bbsmall-text\u00bb] Campus y sostenibilidad | Gesti\u00f3n ambiental Urbanismo y Biodiversidad [\/vc_column_text][vc_empty_space height=\u00bb20px\u00bb][vc_column_text]La Universidad de La Laguna fomenta la biodiversidad dentro de los campus universitarios, incorporando criterios de sostenibilidad en el dise\u00f1o urbano y en el trabajo en los espacios verdes. Se desarrollan acciones&#8230;<\/p>\n","protected":false},"author":22,"featured_media":0,"parent":0,"menu_order":0,"comment_status":"closed","ping_status":"closed","template":"templates\/template-no-title.php","meta":{"inline_featured_image":false,"footnotes":""},"acf":[],"yoast_head":"<!-- This site is optimized with the Yoast SEO plugin v21.3 - https:\/\/yoast.com\/wordpress\/plugins\/seo\/ -->\n<title>Urbanismo y biodiversidad - Sostenibilidad<\/title>\n<meta name=\"robots\" content=\"index, follow, max-snippet:-1, max-image-preview:large, max-video-preview:-1\" \/>\n<link rel=\"canonical\" href=\"https:\/\/www.ull.es\/portal\/campus-y-sostenibilidad\/urbanismo-y-biodiversidad\/\" \/>\n<meta property=\"og:locale\" content=\"es_ES\" \/>\n<meta property=\"og:type\" content=\"article\" \/>\n<meta property=\"og:title\" content=\"Urbanismo y biodiversidad - Sostenibilidad\" \/>\n<meta property=\"og:description\" content=\"[vc_row full_width=\u00bbstretch_row_content\u00bb equal_height=\u00bbyes\u00bb content_placement=\u00bbmiddle\u00bb css=\u00bb.vc_custom_1616059925593{padding-right: 5% !important;padding-left: 5% !important;background-color: #ededed !important;}\u00bb][vc_column width=\u00bb1\/2&#8243;][vc_column_text el_class=\u00bbsmall-text\u00bb] Campus y sostenibilidad | Gesti\u00f3n ambiental Urbanismo y Biodiversidad [\/vc_column_text][vc_empty_space height=\u00bb20px\u00bb][vc_column_text]La Universidad de La Laguna fomenta la biodiversidad dentro de los campus universitarios, incorporando criterios de sostenibilidad en el dise\u00f1o urbano y en el trabajo en los espacios verdes. Se desarrollan acciones...\" \/>\n<meta property=\"og:url\" content=\"https:\/\/www.ull.es\/portal\/campus-y-sostenibilidad\/urbanismo-y-biodiversidad\/\" \/>\n<meta property=\"og:site_name\" content=\"Sostenibilidad\" \/>\n<meta property=\"article:modified_time\" content=\"2025-03-21T11:27:30+00:00\" \/>\n<meta name=\"twitter:card\" content=\"summary_large_image\" \/>\n<meta name=\"twitter:label1\" content=\"Tiempo de lectura\" \/>\n\t<meta name=\"twitter:data1\" content=\"2 minutos\" \/>\n<script type=\"application\/ld+json\" class=\"yoast-schema-graph\">{\"@context\":\"https:\/\/schema.org\",\"@graph\":[{\"@type\":\"WebPage\",\"@id\":\"https:\/\/www.ull.es\/portal\/campus-y-sostenibilidad\/urbanismo-y-biodiversidad\/\",\"url\":\"https:\/\/www.ull.es\/portal\/campus-y-sostenibilidad\/urbanismo-y-biodiversidad\/\",\"name\":\"Urbanismo y biodiversidad - Sostenibilidad\",\"isPartOf\":{\"@id\":\"https:\/\/www.ull.es\/portal\/campus-y-sostenibilidad\/#website\"},\"datePublished\":\"2019-03-08T08:52:09+00:00\",\"dateModified\":\"2025-03-21T11:27:30+00:00\",\"breadcrumb\":{\"@id\":\"https:\/\/www.ull.es\/portal\/campus-y-sostenibilidad\/urbanismo-y-biodiversidad\/#breadcrumb\"},\"inLanguage\":\"es\",\"potentialAction\":[{\"@type\":\"ReadAction\",\"target\":[\"https:\/\/www.ull.es\/portal\/campus-y-sostenibilidad\/urbanismo-y-biodiversidad\/\"]}]},{\"@type\":\"BreadcrumbList\",\"@id\":\"https:\/\/www.ull.es\/portal\/campus-y-sostenibilidad\/urbanismo-y-biodiversidad\/#breadcrumb\",\"itemListElement\":[{\"@type\":\"ListItem\",\"position\":1,\"name\":\"Portada\",\"item\":\"https:\/\/www.ull.es\/portal\/campus-y-sostenibilidad\/\"},{\"@type\":\"ListItem\",\"position\":2,\"name\":\"Urbanismo y biodiversidad\"}]},{\"@type\":\"WebSite\",\"@id\":\"https:\/\/www.ull.es\/portal\/campus-y-sostenibilidad\/#website\",\"url\":\"https:\/\/www.ull.es\/portal\/campus-y-sostenibilidad\/\",\"name\":\"Sostenibilidad\",\"description\":\"\",\"potentialAction\":[{\"@type\":\"SearchAction\",\"target\":{\"@type\":\"EntryPoint\",\"urlTemplate\":\"https:\/\/www.ull.es\/portal\/campus-y-sostenibilidad\/?s={search_term_string}\"},\"query-input\":\"required name=search_term_string\"}],\"inLanguage\":\"es\"}]}<\/script>\n<!-- \/ Yoast SEO plugin. -->","yoast_head_json":{"title":"Urbanismo y biodiversidad - Sostenibilidad","robots":{"index":"index","follow":"follow","max-snippet":"max-snippet:-1","max-image-preview":"max-image-preview:large","max-video-preview":"max-video-preview:-1"},"canonical":"https:\/\/www.ull.es\/portal\/campus-y-sostenibilidad\/urbanismo-y-biodiversidad\/","og_locale":"es_ES","og_type":"article","og_title":"Urbanismo y biodiversidad - Sostenibilidad","og_description":"[vc_row full_width=\u00bbstretch_row_content\u00bb equal_height=\u00bbyes\u00bb content_placement=\u00bbmiddle\u00bb css=\u00bb.vc_custom_1616059925593{padding-right: 5% !important;padding-left: 5% !important;background-color: #ededed !important;}\u00bb][vc_column width=\u00bb1\/2&#8243;][vc_column_text el_class=\u00bbsmall-text\u00bb] Campus y sostenibilidad | Gesti\u00f3n ambiental Urbanismo y Biodiversidad [\/vc_column_text][vc_empty_space height=\u00bb20px\u00bb][vc_column_text]La Universidad de La Laguna fomenta la biodiversidad dentro de los campus universitarios, incorporando criterios de sostenibilidad en el dise\u00f1o urbano y en el trabajo en los espacios verdes. Se desarrollan acciones...","og_url":"https:\/\/www.ull.es\/portal\/campus-y-sostenibilidad\/urbanismo-y-biodiversidad\/","og_site_name":"Sostenibilidad","article_modified_time":"2025-03-21T11:27:30+00:00","twitter_card":"summary_large_image","twitter_misc":{"Tiempo de lectura":"2 minutos"},"schema":{"@context":"https:\/\/schema.org","@graph":[{"@type":"WebPage","@id":"https:\/\/www.ull.es\/portal\/campus-y-sostenibilidad\/urbanismo-y-biodiversidad\/","url":"https:\/\/www.ull.es\/portal\/campus-y-sostenibilidad\/urbanismo-y-biodiversidad\/","name":"Urbanismo y biodiversidad - Sostenibilidad","isPartOf":{"@id":"https:\/\/www.ull.es\/portal\/campus-y-sostenibilidad\/#website"},"datePublished":"2019-03-08T08:52:09+00:00","dateModified":"2025-03-21T11:27:30+00:00","breadcrumb":{"@id":"https:\/\/www.ull.es\/portal\/campus-y-sostenibilidad\/urbanismo-y-biodiversidad\/#breadcrumb"},"inLanguage":"es","potentialAction":[{"@type":"ReadAction","target":["https:\/\/www.ull.es\/portal\/campus-y-sostenibilidad\/urbanismo-y-biodiversidad\/"]}]},{"@type":"BreadcrumbList","@id":"https:\/\/www.ull.es\/portal\/campus-y-sostenibilidad\/urbanismo-y-biodiversidad\/#breadcrumb","itemListElement":[{"@type":"ListItem","position":1,"name":"Portada","item":"https:\/\/www.ull.es\/portal\/campus-y-sostenibilidad\/"},{"@type":"ListItem","position":2,"name":"Urbanismo y biodiversidad"}]},{"@type":"WebSite","@id":"https:\/\/www.ull.es\/portal\/campus-y-sostenibilidad\/#website","url":"https:\/\/www.ull.es\/portal\/campus-y-sostenibilidad\/","name":"Sostenibilidad","description":"","potentialAction":[{"@type":"SearchAction","target":{"@type":"EntryPoint","urlTemplate":"https:\/\/www.ull.es\/portal\/campus-y-sostenibilidad\/?s={search_term_string}"},"query-input":"required name=search_term_string"}],"inLanguage":"es"}]}},"_links":{"self":[{"href":"https:\/\/www.ull.es\/portal\/campus-y-sostenibilidad\/wp-json\/wp\/v2\/pages\/627"}],"collection":[{"href":"https:\/\/www.ull.es\/portal\/campus-y-sostenibilidad\/wp-json\/wp\/v2\/pages"}],"about":[{"href":"https:\/\/www.ull.es\/portal\/campus-y-sostenibilidad\/wp-json\/wp\/v2\/types\/page"}],"author":[{"embeddable":true,"href":"https:\/\/www.ull.es\/portal\/campus-y-sostenibilidad\/wp-json\/wp\/v2\/users\/22"}],"replies":[{"embeddable":true,"href":"https:\/\/www.ull.es\/portal\/campus-y-sostenibilidad\/wp-json\/wp\/v2\/comments?post=627"}],"version-history":[{"count":29,"href":"https:\/\/www.ull.es\/portal\/campus-y-sostenibilidad\/wp-json\/wp\/v2\/pages\/627\/revisions"}],"predecessor-version":[{"id":1195,"href":"https:\/\/www.ull.es\/portal\/campus-y-sostenibilidad\/wp-json\/wp\/v2\/pages\/627\/revisions\/1195"}],"wp:attachment":[{"href":"https:\/\/www.ull.es\/portal\/campus-y-sostenibilidad\/wp-json\/wp\/v2\/media?parent=627"}],"curies":[{"name":"wp","href":"https:\/\/api.w.org\/{rel}","templated":true}]}}