{"id":629,"date":"2019-03-08T08:53:05","date_gmt":"2019-03-08T08:53:05","guid":{"rendered":"https:\/\/www.ull.es\/portal\/campus-y-sostenibilidad\/?page_id=629"},"modified":"2019-03-08T13:33:34","modified_gmt":"2019-03-08T13:33:34","slug":"movilidad-2","status":"publish","type":"page","link":"https:\/\/www.ull.es\/portal\/campus-y-sostenibilidad\/gestion-ambiental\/movilidad-2\/","title":{"rendered":"Movilidad"},"content":{"rendered":"[vc_row full_width=\u00bbstretch_row\u00bb content_placement=\u00bbmiddle\u00bb css=\u00bb.vc_custom_1544013444491{margin-top: 0px !important;margin-right: 0px !important;margin-bottom: 0px !important;margin-left: 0px !important;background-image: url(http:\/\/arcocrossmarketing.info\/wp-content\/uploads\/2018\/11\/movilidad-road.png?id=814) !important;background-position: center !important;background-repeat: no-repeat !important;background-size: cover !important;}\u00bb el_class=\u00bbfila1&#8243;][vc_column css=\u00bb.vc_custom_1494852981099{padding-top: 80px !important;padding-bottom: 120px !important;}\u00bb][\/vc_column][\/vc_row][vc_row full_width=\u00bbstretch_row_content\u00bb content_placement=\u00bbmiddle\u00bb css=\u00bb.vc_custom_1543583880471{padding-right: 5% !important;padding-left: 5% !important;}\u00bb][vc_column width=\u00bb1\/2&#8243;][vc_column_text el_class=\u00bbsmall-text\u00bb]\n<h5 style=\"text-align: left;\">CAMPUS Y SOSTENIBILIDAD | GESTI\u00d3N AMBIENTAL<\/h5>\n<h1 style=\"text-align: left;\">MOVILIDAD<\/h1>\n[\/vc_column_text][vc_empty_space height=\u00bb20px\u00bb][vc_column_text]La Universidad de La Laguna promueve una movilidad m\u00e1s sostenible mediante convenios con distintas instituciones y en distintos \u00e1mbitos:<\/p>\n<ul>\n<li>En el transporte p\u00fablico, la <a href=\"http:\/\/www.titsa.com\/index.php\/tus-guaguas\/lineas-y-horarios\/linea-610\" target=\"_blank\" rel=\"noopener\">L\u00ednea 610 circuito universitario,<\/a> la <a href=\"https:\/\/titsa.com\/\" target=\"_blank\" rel=\"noopener\">Guagua y el <\/a><a href=\"https:\/\/metrotenerife.com\/\" target=\"_blank\" rel=\"noopener\">Tranv\u00eda<\/a><u>.<\/u><\/li>\n<li>Fomentando el uso del veh\u00edculo compartido, colaborando con el Cabildo de Tenerife en el proyecto <a href=\"https:\/\/vao.tenmasmovil.es\/\" target=\"_blank\" rel=\"noopener\">Ten+ VAO<\/a> y con la plataforma<\/li>\n<li>Fomentando el uso de la bicicleta, mediante la organizaci\u00f3n del <a href=\"https:\/\/www.ull.es\/portal\/noticias\/tag\/dia-de-la-bici\/\" target=\"_blank\" rel=\"noopener\">\u201cD\u00eda de la Bici\u201d<\/a> y su participaci\u00f3n en la iniciativa <a href=\"https:\/\/www.ull.es\/portal\/noticias\/2018\/ull-colabora-biciguagua\/\" target=\"_blank\" rel=\"noopener\">Biciguagua<\/a> que promueve la movilidad sostenible en el marco de la iniciativa europea <a href=\"http:\/\/starseurope.org\/es\/\" target=\"_blank\" rel=\"noopener\">STARS<\/a>.<\/li>\n<li>Incorporando puntos de recarga para veh\u00edculos el\u00e9ctricos con energ\u00eda fotovoltaica.<\/li>\n<li>Forma parte del <a href=\"https:\/\/u-mob.eu\/es\/\" target=\"_blank\" rel=\"noopener\">proyecto U-MOB<\/a>, red de universidades por la movilidad sostenible, desde la que tenemos acceso a materiales como las <a href=\"https:\/\/u-mob.eu\/extra-best-practices\/\" target=\"_blank\" rel=\"noopener\">Buenas Pr\u00e1cticas Extra<\/a> y la <a href=\"https:\/\/u-mob.eu\/es\/herramienta-calculo-co2\/\" target=\"_blank\" rel=\"noopener\">Herramienta de medici\u00f3n de CO2<\/a>.<\/li>\n<\/ul>\n<p>Se dispone de plazas de aparcamiento para personas con movilidad reducida en los diferentes espacios destinados al <a href=\"https:\/\/docs.google.com\/spreadsheets\/d\/e\/2PACX-1vSy_cKT6BKbGZNPVcNHUxcYbo6gaokenV_gg24d_lMv53nlB2BYZjq-w4tk1jBwegZTVLMu5joTs7nr\/pubhtml\" target=\"_blank\" rel=\"noopener\">estacionamiento en los campus<\/a>. El acceso a los aparcamientos se realiza mediante tarjeta universitaria en vigor.<\/p>\n<p>Adem\u00e1s, a trav\u00e9s de la <a href=\"http:\/\/catedraecomovil.es\/\" target=\"_blank\" rel=\"noopener\">C\u00e1tedra de Econom\u00eda y Movilidad<\/a> ha llevado a cabo distintas <a href=\"https:\/\/www.ull.es\/portal\/noticias\/tag\/catedra-de-economia-y-movilidad\/\" target=\"_blank\" rel=\"noopener\">acciones y estudios sobre movilidad sostenible<\/a>, charlas de promoci\u00f3n del uso de coche compartido o promoviendo las Jornadas T\u00e9cnicas sobre el carril Bus-VAO, de alto inter\u00e9s para la comunidad Universitaria.<\/p>\n<p><a href=\"https:\/\/www.ull.es\/portal\/campus-y-sostenibilidad\/wp-content\/uploads\/sites\/27\/2019\/03\/logo-movilidad.jpg\" target=\"_blank\" rel=\"noopener\"><img decoding=\"async\" loading=\"lazy\" class=\"alignleft size-full wp-image-638\" src=\"https:\/\/www.ull.es\/portal\/campus-y-sostenibilidad\/wp-content\/uploads\/sites\/27\/2019\/03\/logo-movilidad.jpg\" alt=\"Logo movilidad\" width=\"160\" height=\"106\" \/><\/a>En noviembre de 2018, la Universidad de La Laguna ha recibido el <strong>reconocimiento por su compromiso con la movilidad sostenible y segura<\/strong>, de la Direcci\u00f3n General de Tr\u00e1fico y el proyecto STARS.[\/vc_column_text][\/vc_column][vc_column width=\u00bb1\/2&#8243;][vc_single_image image=\u00bb640&#8243; img_size=\u00bb800&#215;500&#8243;][vc_empty_space height=\u00bb10px\u00bb][\/vc_column][\/vc_row][vc_row full_width=\u00bbstretch_row_content\u00bb][vc_column][vc_raw_html]JTNDZGl2JTIwY2xhc3MlM0QlMjJjb250YWluZXIxJTIyJTNFJTBBJTBBJTNDZGl2JTIwY2xhc3MlM0QlMjJjbGllbnQxJTIyJTNFJTBBJTBBJTNDZGl2JTIwY2xhc3MlM0QlMjJsb2dvJTIyJTNFJTBBJTBBJTNDYSUyMGNsYXNzJTNEJTIybGVhJTIyJTIwc3R5bGUlM0QlMjJjb2xvciUzQSUyMzVjMDY4YyUyMiUyMGhyZWYlM0QlMjJodHRwcyUzQSUyRiUyRnd3dy51bGwuZXMlMkZwb3J0YWwlMkZzb3N0ZW5pYmlsaWRhZCUyRmVuZXJnaWEtMyUyRiUyMiUzRSUzQ2RpdiUyMGNsYXNzJTNEJTIydmNfaWNvbl9lbGVtZW50LWljb24lMjBmYSUyMGZhLWJvbHQlMjIlMjBzdHlsZSUzRCUyMmZvbnQtc2l6ZSUzQSUyMDMwcHglMjAlMjFpbXBvcnRhbnQlM0IlMjBtYXJnaW4tdG9wJTNBJTIwMTlweCUyMCUyMWltcG9ydGFudCUzQiUyMG1hcmdpbi1sZWZ0JTNBJTIwNXB4JTIwJTIxaW1wb3J0YW50JTNCJTIyJTNFJTNDJTJGZGl2JTNFJTBBJTNDJTJGZGl2JTNFJTNDJTJGYSUzRSUwQSUzQ2gyJTNFRU5FUkclQzMlOERBJTNDJTJGaDIlM0UlMEElM0NoMyUzRSUzQyUyRmgzJTNFJTBBJTBBJTNDJTJGZGl2JTNFJTBBJTBBJTNDZGl2JTIwY2xhc3MlM0QlMjJjbGllbnQxJTIyJTNFJTBBJTBBJTNDZGl2JTIwY2xhc3MlM0QlMjJsb2dvJTIyJTNFJTBBJTBBJTNDYSUyMGNsYXNzJTNEJTIybGVhJTIyJTIwc3R5bGUlM0QlMjJjb2xvciUzQSUyMzVjMDY4YyUyMiUyMGhyZWYlM0QlMjJodHRwcyUzQSUyRiUyRnd3dy51bGwuZXMlMkZwb3J0YWwlMkZzb3N0ZW5pYmlsaWRhZCUyRmFndWEtMiUyRiUyMiUzRSUzQ2RpdiUyMGNsYXNzJTNEJTIydmNfaWNvbl9lbGVtZW50LWljb24lMjBmYSUyMGZhLXRpbnQlMjIlMjBzdHlsZSUzRCUyMmZvbnQtc2l6ZSUzQSUyMDMwcHglMjAlMjFpbXBvcnRhbnQlM0IlMjBtYXJnaW4tdG9wJTNBJTIwMThweCUyMCUyMWltcG9ydGFudCUzQiUyMG1hcmdpbi1sZWZ0JTNBJTIwMnB4JTIwJTIxaW1wb3J0YW50JTNCJTIyJTNFJTNDJTJGZGl2JTNFJTBBJTNDJTJGZGl2JTNFJTNDJTJGYSUzRSUwQSUzQ2gyJTNFQUdVQSUzQyUyRmgyJTNFJTBBJTNDaDMlM0UlM0MlMkZoMyUzRSUwQSUwQSUzQyUyRmRpdiUzRSUwQSUwQSUzQ2RpdiUyMGNsYXNzJTNEJTIyY2xpZW50MSUyMiUzRSUwQSUwQSUzQ2RpdiUyMGNsYXNzJTNEJTIybG9nbyUyMiUzRSUwQSUzQ2ElMjBjbGFzcyUzRCUyMmxlYSUyMiUyMHN0eWxlJTNEJTIyY29sb3IlM0ElMjM1YzA2OGMlMjIlMjBocmVmJTNEJTIyaHR0cHMlM0ElMkYlMkZ3d3cudWxsLmVzJTJGcG9ydGFsJTJGc29zdGVuaWJpbGlkYWQlMkZtb3ZpbGlkYWQlMkYlMjIlM0UlM0NkaXYlMjBjbGFzcyUzRCUyMnZjX2ljb25fZWxlbWVudC1pY29uJTIwZmElMjBmYS1hcnJvd3MlMjIlMjBzdHlsZSUzRCUyMmZvbnQtc2l6ZSUzQSUyMDMwcHglMjAlMjFpbXBvcnRhbnQlM0IlMjBtYXJnaW4tdG9wJTNBJTIwMThweCUyMCUyMWltcG9ydGFudCUzQiUyMG1hcmdpbi1sZWZ0JTNBJTIwMnB4JTIwJTIxaW1wb3J0YW50JTNCJTIyJTNFJTNDJTJGZGl2JTNFJTBBJTNDJTJGZGl2JTNFJTNDJTJGYSUzRSUwQSUzQ2gyJTNFTU9WSUxJREFEJTNDJTJGaDIlM0UlMEElM0NoMyUzRSUzQyUyRmgzJTNFJTBBJTBBJTNDJTJGZGl2JTNFJTBBJTNDZGl2JTIwY2xhc3MlM0QlMjJjbGllbnQxJTIyJTNFJTBBJTNDZGl2JTIwY2xhc3MlM0QlMjJsb2dvJTIyJTNFJTBBJTNDYSUyMGNsYXNzJTNEJTIybGVhJTIyJTIwc3R5bGUlM0QlMjJjb2xvciUzQSUyMzVjMDY4YyUyMiUyMGhyZWYlM0QlMjJodHRwcyUzQSUyRiUyRnd3dy51bGwuZXMlMkZwb3J0YWwlMkZzb3N0ZW5pYmlsaWRhZCUyRnJlc2lkdW9zLTIlMkYlMjIlM0UlM0NkaXYlMjBjbGFzcyUzRCUyMnZjX2ljb25fZWxlbWVudC1pY29uJTIwZmElMjBmYS10cmFzaC1vJTIyJTIwc3R5bGUlM0QlMjJmb250LXNpemUlM0ElMjAzMHB4JTIwJTIxaW1wb3J0YW50JTNCJTIwbWFyZ2luLXRvcCUzQSUyMDE5cHglMjAlMjFpbXBvcnRhbnQlM0IlMjBtYXJnaW4tbGVmdCUzQSUyMDJweCUyMCUyMWltcG9ydGFudCUzQiUyMiUzRSUzQyUyRmRpdiUzRSUwQSUzQyUyRmRpdiUzRSUzQyUyRmElM0UlMEElM0NoMiUzRVJFU0lEVU9TJTNDJTJGaDIlM0UlMEElM0NoMyUzRSUzQyUyRmgzJTNFJTBBJTNDJTJGZGl2JTNFJTBBJTNDZGl2JTIwY2xhc3MlM0QlMjJjbGllbnQxJTIyJTNFJTBBJTNDZGl2JTIwY2xhc3MlM0QlMjJsb2dvJTIyJTNFJTBBJTNDYSUyMGNsYXNzJTNEJTIybGVhJTIyJTIwc3R5bGUlM0QlMjJjb2xvciUzQSUyMzVjMDY4YyUyMiUyMGhyZWYlM0QlMjJodHRwcyUzQSUyRiUyRnd3dy51bGwuZXMlMkZwb3J0YWwlMkZzb3N0ZW5pYmlsaWRhZCUyRmV2YWx1YWNpb24tZGUtbGEtc29zdGVuaWJpbGlkYWQlMkYlMjIlM0UlM0NkaXYlMjBjbGFzcyUzRCUyMnZjX2ljb25fZWxlbWVudC1pY29uJTIwZmElMjBmYS1mb2xkZXItb3Blbi1vJTIyJTIwc3R5bGUlM0QlMjJmb250LXNpemUlM0ElMjAzMHB4JTIwJTIxaW1wb3J0YW50JTNCJTIwbWFyZ2luLXRvcCUzQSUyMDE4cHglMjAlMjFpbXBvcnRhbnQlM0IlMjBtYXJnaW4tbGVmdCUzQSUyMDlweCUyMCUyMWltcG9ydGFudCUzQiUyMiUzRSUzQyUyRmRpdiUzRSUwQSUzQyUyRmRpdiUzRSUzQyUyRmElM0UlMEElM0NoMiUzRUVWQUxVQUNJJUMzJTkzTiUzQyUyRmgyJTNFJTBBJTNDaDMlM0UlM0MlMkZoMyUzRSUwQSUzQyUyRmRpdiUzRSUwQSUzQ2RpdiUyMGNsYXNzJTNEJTIyY2xpZW50MSUyMiUzRSUwQSUzQ2RpdiUyMGNsYXNzJTNEJTIybG9nbyUyMiUzRSUwQSUzQ2ElMjBjbGFzcyUzRCUyMmxlYSUyMiUyMHN0eWxlJTNEJTIyY29sb3IlM0ElMjM1YzA2OGMlMjIlMjBocmVmJTNEJTIyaHR0cHMlM0ElMkYlMkZ3d3cudWxsLmVzJTJGcG9ydGFsJTJGc29zdGVuaWJpbGlkYWQlMkZ1bGwtaW1wcmltZSUyRiUyMiUzRSUzQ2RpdiUyMGNsYXNzJTNEJTIydmNfaWNvbl9lbGVtZW50LWljb24lMjBmYSUyMGZhLXByaW50JTIyJTIwc3R5bGUlM0QlMjJmb250LXNpemUlM0ElMjAzMHB4JTIwJTIxaW1wb3J0YW50JTNCJTIwbWFyZ2luLXRvcCUzQSUyMDE4cHglMjAlMjFpbXBvcnRhbnQlM0IlMjBtYXJnaW4tbGVmdCUzQSUyMDJweCUyMCUyMWltcG9ydGFudCUzQiUyMiUzRSUzQyUyRmRpdiUzRSUwQSUzQyUyRmRpdiUzRSUzQyUyRmElM0UlMEElM0NoMiUzRVVMTCUyMElNUFJJTUUlM0MlMkZoMiUzRSUwQSUzQ2gzJTNFJTNDJTJGaDMlM0UlMEElM0MlMkZkaXYlM0UlMEElM0MlMkZkaXYlM0UlMEElMEElMEE=[\/vc_raw_html][\/vc_column][\/vc_row]\n","protected":false},"excerpt":{"rendered":"<p>[vc_row full_width=\u00bbstretch_row\u00bb content_placement=\u00bbmiddle\u00bb css=\u00bb.vc_custom_1544013444491{margin-top: 0px !important;margin-right: 0px !important;margin-bottom: 0px !important;margin-left: 0px !important;background-image: url(http:\/\/arcocrossmarketing.info\/wp-content\/uploads\/2018\/11\/movilidad-road.png?id=814) !important;background-position: center !important;background-repeat: no-repeat !important;background-size: cover !important;}\u00bb el_class=\u00bbfila1&#8243;][vc_column css=\u00bb.vc_custom_1494852981099{padding-top: 80px !important;padding-bottom: 120px !important;}\u00bb][\/vc_column][\/vc_row][vc_row full_width=\u00bbstretch_row_content\u00bb content_placement=\u00bbmiddle\u00bb css=\u00bb.vc_custom_1543583880471{padding-right: 5% !important;padding-left: 5% !important;}\u00bb][vc_column width=\u00bb1\/2&#8243;][vc_column_text el_class=\u00bbsmall-text\u00bb] CAMPUS Y SOSTENIBILIDAD | GESTI\u00d3N AMBIENTAL MOVILIDAD [\/vc_column_text][vc_empty_space height=\u00bb20px\u00bb][vc_column_text]La Universidad de La Laguna promueve una movilidad m\u00e1s sostenible mediante convenios&#8230;<\/p>\n","protected":false},"author":22,"featured_media":0,"parent":22,"menu_order":0,"comment_status":"closed","ping_status":"closed","template":"","meta":{"inline_featured_image":false,"footnotes":""},"acf":[],"yoast_head":"<!-- This site is optimized with the Yoast SEO plugin v21.3 - https:\/\/yoast.com\/wordpress\/plugins\/seo\/ -->\n<title>Movilidad - Sostenibilidad<\/title>\n<meta name=\"robots\" content=\"index, follow, max-snippet:-1, max-image-preview:large, max-video-preview:-1\" \/>\n<link rel=\"canonical\" href=\"https:\/\/www.ull.es\/portal\/campus-y-sostenibilidad\/gestion-ambiental\/movilidad-2\/\" \/>\n<meta property=\"og:locale\" content=\"es_ES\" \/>\n<meta property=\"og:type\" content=\"article\" \/>\n<meta property=\"og:title\" content=\"Movilidad - Sostenibilidad\" \/>\n<meta property=\"og:description\" content=\"[vc_row full_width=\u00bbstretch_row\u00bb content_placement=\u00bbmiddle\u00bb css=\u00bb.vc_custom_1544013444491{margin-top: 0px !important;margin-right: 0px !important;margin-bottom: 0px !important;margin-left: 0px !important;background-image: url(http:\/\/arcocrossmarketing.info\/wp-content\/uploads\/2018\/11\/movilidad-road.png?id=814) !important;background-position: center !important;background-repeat: no-repeat !important;background-size: cover !important;}\u00bb el_class=\u00bbfila1&#8243;][vc_column css=\u00bb.vc_custom_1494852981099{padding-top: 80px !important;padding-bottom: 120px !important;}\u00bb][\/vc_column][\/vc_row][vc_row full_width=\u00bbstretch_row_content\u00bb content_placement=\u00bbmiddle\u00bb css=\u00bb.vc_custom_1543583880471{padding-right: 5% !important;padding-left: 5% !important;}\u00bb][vc_column width=\u00bb1\/2&#8243;][vc_column_text el_class=\u00bbsmall-text\u00bb] CAMPUS Y SOSTENIBILIDAD | GESTI\u00d3N AMBIENTAL MOVILIDAD [\/vc_column_text][vc_empty_space height=\u00bb20px\u00bb][vc_column_text]La Universidad de La Laguna promueve una movilidad m\u00e1s sostenible mediante convenios...\" \/>\n<meta property=\"og:url\" content=\"https:\/\/www.ull.es\/portal\/campus-y-sostenibilidad\/gestion-ambiental\/movilidad-2\/\" \/>\n<meta property=\"og:site_name\" content=\"Sostenibilidad\" \/>\n<meta property=\"article:modified_time\" content=\"2019-03-08T13:33:34+00:00\" \/>\n<meta property=\"og:image\" content=\"https:\/\/www.ull.es\/portal\/campus-y-sostenibilidad\/wp-content\/uploads\/sites\/27\/2019\/03\/logo-movilidad.jpg\" \/>\n<meta name=\"twitter:card\" content=\"summary_large_image\" \/>\n<meta name=\"twitter:label1\" content=\"Tiempo de lectura\" \/>\n\t<meta name=\"twitter:data1\" content=\"4 minutos\" \/>\n<script type=\"application\/ld+json\" class=\"yoast-schema-graph\">{\"@context\":\"https:\/\/schema.org\",\"@graph\":[{\"@type\":\"WebPage\",\"@id\":\"https:\/\/www.ull.es\/portal\/campus-y-sostenibilidad\/gestion-ambiental\/movilidad-2\/\",\"url\":\"https:\/\/www.ull.es\/portal\/campus-y-sostenibilidad\/gestion-ambiental\/movilidad-2\/\",\"name\":\"Movilidad - Sostenibilidad\",\"isPartOf\":{\"@id\":\"https:\/\/www.ull.es\/portal\/campus-y-sostenibilidad\/#website\"},\"datePublished\":\"2019-03-08T08:53:05+00:00\",\"dateModified\":\"2019-03-08T13:33:34+00:00\",\"breadcrumb\":{\"@id\":\"https:\/\/www.ull.es\/portal\/campus-y-sostenibilidad\/gestion-ambiental\/movilidad-2\/#breadcrumb\"},\"inLanguage\":\"es\",\"potentialAction\":[{\"@type\":\"ReadAction\",\"target\":[\"https:\/\/www.ull.es\/portal\/campus-y-sostenibilidad\/gestion-ambiental\/movilidad-2\/\"]}]},{\"@type\":\"BreadcrumbList\",\"@id\":\"https:\/\/www.ull.es\/portal\/campus-y-sostenibilidad\/gestion-ambiental\/movilidad-2\/#breadcrumb\",\"itemListElement\":[{\"@type\":\"ListItem\",\"position\":1,\"name\":\"Portada\",\"item\":\"https:\/\/www.ull.es\/portal\/campus-y-sostenibilidad\/\"},{\"@type\":\"ListItem\",\"position\":2,\"name\":\"Gesti\u00f3n Ambiental\",\"item\":\"https:\/\/www.ull.es\/portal\/campus-y-sostenibilidad\/gestion-ambiental\/\"},{\"@type\":\"ListItem\",\"position\":3,\"name\":\"Movilidad\"}]},{\"@type\":\"WebSite\",\"@id\":\"https:\/\/www.ull.es\/portal\/campus-y-sostenibilidad\/#website\",\"url\":\"https:\/\/www.ull.es\/portal\/campus-y-sostenibilidad\/\",\"name\":\"Sostenibilidad\",\"description\":\"\",\"potentialAction\":[{\"@type\":\"SearchAction\",\"target\":{\"@type\":\"EntryPoint\",\"urlTemplate\":\"https:\/\/www.ull.es\/portal\/campus-y-sostenibilidad\/?s={search_term_string}\"},\"query-input\":\"required name=search_term_string\"}],\"inLanguage\":\"es\"}]}<\/script>\n<!-- \/ Yoast SEO plugin. -->","yoast_head_json":{"title":"Movilidad - Sostenibilidad","robots":{"index":"index","follow":"follow","max-snippet":"max-snippet:-1","max-image-preview":"max-image-preview:large","max-video-preview":"max-video-preview:-1"},"canonical":"https:\/\/www.ull.es\/portal\/campus-y-sostenibilidad\/gestion-ambiental\/movilidad-2\/","og_locale":"es_ES","og_type":"article","og_title":"Movilidad - Sostenibilidad","og_description":"[vc_row full_width=\u00bbstretch_row\u00bb content_placement=\u00bbmiddle\u00bb css=\u00bb.vc_custom_1544013444491{margin-top: 0px !important;margin-right: 0px !important;margin-bottom: 0px !important;margin-left: 0px !important;background-image: url(http:\/\/arcocrossmarketing.info\/wp-content\/uploads\/2018\/11\/movilidad-road.png?id=814) !important;background-position: center !important;background-repeat: no-repeat !important;background-size: cover !important;}\u00bb el_class=\u00bbfila1&#8243;][vc_column css=\u00bb.vc_custom_1494852981099{padding-top: 80px !important;padding-bottom: 120px !important;}\u00bb][\/vc_column][\/vc_row][vc_row full_width=\u00bbstretch_row_content\u00bb content_placement=\u00bbmiddle\u00bb css=\u00bb.vc_custom_1543583880471{padding-right: 5% !important;padding-left: 5% !important;}\u00bb][vc_column width=\u00bb1\/2&#8243;][vc_column_text el_class=\u00bbsmall-text\u00bb] CAMPUS Y SOSTENIBILIDAD | GESTI\u00d3N AMBIENTAL MOVILIDAD [\/vc_column_text][vc_empty_space height=\u00bb20px\u00bb][vc_column_text]La Universidad de La Laguna promueve una movilidad m\u00e1s sostenible mediante convenios...","og_url":"https:\/\/www.ull.es\/portal\/campus-y-sostenibilidad\/gestion-ambiental\/movilidad-2\/","og_site_name":"Sostenibilidad","article_modified_time":"2019-03-08T13:33:34+00:00","og_image":[{"url":"https:\/\/www.ull.es\/portal\/campus-y-sostenibilidad\/wp-content\/uploads\/sites\/27\/2019\/03\/logo-movilidad.jpg"}],"twitter_card":"summary_large_image","twitter_misc":{"Tiempo de lectura":"4 minutos"},"schema":{"@context":"https:\/\/schema.org","@graph":[{"@type":"WebPage","@id":"https:\/\/www.ull.es\/portal\/campus-y-sostenibilidad\/gestion-ambiental\/movilidad-2\/","url":"https:\/\/www.ull.es\/portal\/campus-y-sostenibilidad\/gestion-ambiental\/movilidad-2\/","name":"Movilidad - Sostenibilidad","isPartOf":{"@id":"https:\/\/www.ull.es\/portal\/campus-y-sostenibilidad\/#website"},"datePublished":"2019-03-08T08:53:05+00:00","dateModified":"2019-03-08T13:33:34+00:00","breadcrumb":{"@id":"https:\/\/www.ull.es\/portal\/campus-y-sostenibilidad\/gestion-ambiental\/movilidad-2\/#breadcrumb"},"inLanguage":"es","potentialAction":[{"@type":"ReadAction","target":["https:\/\/www.ull.es\/portal\/campus-y-sostenibilidad\/gestion-ambiental\/movilidad-2\/"]}]},{"@type":"BreadcrumbList","@id":"https:\/\/www.ull.es\/portal\/campus-y-sostenibilidad\/gestion-ambiental\/movilidad-2\/#breadcrumb","itemListElement":[{"@type":"ListItem","position":1,"name":"Portada","item":"https:\/\/www.ull.es\/portal\/campus-y-sostenibilidad\/"},{"@type":"ListItem","position":2,"name":"Gesti\u00f3n Ambiental","item":"https:\/\/www.ull.es\/portal\/campus-y-sostenibilidad\/gestion-ambiental\/"},{"@type":"ListItem","position":3,"name":"Movilidad"}]},{"@type":"WebSite","@id":"https:\/\/www.ull.es\/portal\/campus-y-sostenibilidad\/#website","url":"https:\/\/www.ull.es\/portal\/campus-y-sostenibilidad\/","name":"Sostenibilidad","description":"","potentialAction":[{"@type":"SearchAction","target":{"@type":"EntryPoint","urlTemplate":"https:\/\/www.ull.es\/portal\/campus-y-sostenibilidad\/?s={search_term_string}"},"query-input":"required name=search_term_string"}],"inLanguage":"es"}]}},"_links":{"self":[{"href":"https:\/\/www.ull.es\/portal\/campus-y-sostenibilidad\/wp-json\/wp\/v2\/pages\/629"}],"collection":[{"href":"https:\/\/www.ull.es\/portal\/campus-y-sostenibilidad\/wp-json\/wp\/v2\/pages"}],"about":[{"href":"https:\/\/www.ull.es\/portal\/campus-y-sostenibilidad\/wp-json\/wp\/v2\/types\/page"}],"author":[{"embeddable":true,"href":"https:\/\/www.ull.es\/portal\/campus-y-sostenibilidad\/wp-json\/wp\/v2\/users\/22"}],"replies":[{"embeddable":true,"href":"https:\/\/www.ull.es\/portal\/campus-y-sostenibilidad\/wp-json\/wp\/v2\/comments?post=629"}],"version-history":[{"count":2,"href":"https:\/\/www.ull.es\/portal\/campus-y-sostenibilidad\/wp-json\/wp\/v2\/pages\/629\/revisions"}],"predecessor-version":[{"id":652,"href":"https:\/\/www.ull.es\/portal\/campus-y-sostenibilidad\/wp-json\/wp\/v2\/pages\/629\/revisions\/652"}],"up":[{"embeddable":true,"href":"https:\/\/www.ull.es\/portal\/campus-y-sostenibilidad\/wp-json\/wp\/v2\/pages\/22"}],"wp:attachment":[{"href":"https:\/\/www.ull.es\/portal\/campus-y-sostenibilidad\/wp-json\/wp\/v2\/media?parent=629"}],"curies":[{"name":"wp","href":"https:\/\/api.w.org\/{rel}","templated":true}]}}