{"id":76,"date":"2018-12-10T10:08:34","date_gmt":"2018-12-10T10:08:34","guid":{"rendered":"https:\/\/www.ull.es\/portal\/sostenibilidad\/?page_id=76"},"modified":"2021-03-17T21:09:07","modified_gmt":"2021-03-17T21:09:07","slug":"mision-y-politica-de-sostenibilidad","status":"publish","type":"page","link":"https:\/\/www.ull.es\/portal\/campus-y-sostenibilidad\/mision-y-politica-de-sostenibilidad\/","title":{"rendered":"Misi\u00f3n y Pol\u00edtica de Sostenibilidad"},"content":{"rendered":"[vc_row full_width=\u00bbstretch_row_content_no_spaces\u00bb equal_height=\u00bbyes\u00bb content_placement=\u00bbmiddle\u00bb css=\u00bb.vc_custom_1616003068452{padding-right: 5% !important;padding-left: 5% !important;background-color: #ededed !important;}\u00bb el_class=\u00bbfull-me\u00bb][vc_column width=\u00bb1\/2&#8243; css=\u00bb.vc_custom_1616002883699{padding-right: 5% !important;padding-left: 5% !important;}\u00bb][vc_empty_space height=\u00bb20px\u00bb][vc_column_text el_class=\u00bbsmall-text\u00bb]\n<h5 style=\"text-align: left;color: #909090\">Campus y sostenibilidad | Compromiso institucional<\/h5>\n<h1 style=\"text-align: left;color: #004d7a\">Misi\u00f3n y pol\u00edtica de sostenibilidad<\/h1>\n[\/vc_column_text][vc_empty_space height=\u00bb20px\u00bb][vc_column_text]\n<p style=\"text-align: justify\">En coherencia con la misi\u00f3n y visi\u00f3n de la ULL, a comienzos del a\u00f1o 2018 se aprueba la <a href=\"https:\/\/riull.ull.es\/xmlui\/bitstream\/handle\/915\/7771\/acuerdo5.pdf?sequence=1&amp;isAllowed=y\" target=\"_blank\" rel=\"noopener noreferrer\" target=\"_blank\" rel=\"noopener\">Declaraci\u00f3n de Pol\u00edtica de Sostenibilidad Ambiental de la Universidad de La Laguna<\/a>.<\/p>\n<p style=\"text-align: justify\">La Universidad de La Laguna manifiesta, a trav\u00e9s de la presente declaraci\u00f3n de pol\u00edtica de sostenibilidad ambiental su voluntad de asumir los compromisos del siguiente dec\u00e1logo:<\/p>\n[\/vc_column_text][\/vc_column][vc_column width=\u00bb1\/2&#8243;][vc_single_image image=\u00bb54&#8243; img_size=\u00bblarge\u00bb][vc_empty_space height=\u00bb20px\u00bb][\/vc_column][\/vc_row][vc_row full_width=\u00bbstretch_row_content\u00bb equal_height=\u00bbyes\u00bb content_placement=\u00bbmiddle\u00bb css=\u00bb.vc_custom_1615987265244{padding-right: 5% !important;padding-left: 5% !important;background-color: #11849b !important;}\u00bb el_class=\u00bbfondo-usual\u00bb][vc_column][vc_empty_space height=\u00bb20px\u00bb][vc_toggle title=\u00bbO1.- Legalidad ambiental\u00bb color=\u00bbwhite\u00bb]Adoptar las medidas necesarias para garantizar el cumplimiento de la normativa medioambiental que le sea aplicable, con el compromiso de avanzar m\u00e1s all\u00e1 de los m\u00ednimos reglamentarios en aquellas actividades que le sea posible.[\/vc_toggle][vc_toggle title=\u00bbO2.- Gesti\u00f3n eficiente de los recursos\u00bb color=\u00bbwhite\u00bb]Establecer las pautas necesarias para la minimizaci\u00f3n del impacto ambiental generado en las actividades desarrolladas por la Universidad. Optimizar los consumos de agua, papel, recursos de laboratorio, as\u00ed como la mejora de la eficiencia energ\u00e9tica, con el compromiso de una mejora continua.[\/vc_toggle][vc_toggle title=\u00bbO3.- Convenios y contratos\u00bb color=\u00bbwhite\u00bb]Introducir cl\u00e1usulas sociales y ambientales en los procedimientos, concursos de compras y contratas. Priorizar a los proveedores que tengan certificaci\u00f3n de gesti\u00f3n ambiental o eficiencia energ\u00e9tica, o que incluyan procedimientos que aseguren un adecuado nivel de calidad ambiental.[\/vc_toggle][vc_toggle title=\u00bbO4.- Promover la reducci\u00f3n y valorizaci\u00f3n (reutilizaci\u00f3n, reciclaje y recuperaci\u00f3n) de los residuos generados por la actividad universitaria\u00bb color=\u00bbwhite\u00bb]Optimizar la gesti\u00f3n de los residuos generados, procurando implantar normas de calidad ambiental y procedimientos que potencien los procesos de reducci\u00f3n, reutilizaci\u00f3n y reciclaje.[\/vc_toggle][vc_toggle title=\u00bbO5.- Considerar criterios ambientales en la planificaci\u00f3n y gesti\u00f3n de las infraestructuras\u00bb color=\u00bbwhite\u00bb]Considerar criterios ambientales en la planificaci\u00f3n y gesti\u00f3n de las infraestructuras, dise\u00f1o, adecuaci\u00f3n y uso de los espacios, inmuebles y viales propios de la Universidad de La Laguna, as\u00ed como en los sistemas de transporte ligados a su actividad, de tal manera que se minimicen los impactos sobre el entorno y se prevengan los posibles riesgos para los usuarios y las usuarias.[\/vc_toggle][vc_toggle title=\u00bbO6.- Sensibilizar, informar y formar a toda la comunidad universitaria\u00bb color=\u00bbwhite\u00bb]Sensibilizar, informar y formar a toda la comunidad universitaria para que se observen las directrices marcadas en la pol\u00edtica ambiental, promoviendo su participaci\u00f3n activa en la gesti\u00f3n ambiental y en la mejora de la calidad del entorno universitario.[\/vc_toggle][vc_toggle title=\u00bbO7.- Fomentar la incorporaci\u00f3n de los conceptos de responsabilidad social y desarrollo sostenible\u00bb color=\u00bbwhite\u00bb]Fomentar la incorporaci\u00f3n de los conceptos de responsabilidad social y desarrollo sostenible, y sus principales contenidos, en las competencias transversales de las titulaciones oficiales.[\/vc_toggle][vc_toggle title=\u00bbO8.- Desarrollar y fomentar l\u00edneas de investigaci\u00f3n\u00bb color=\u00bbwhite\u00bb]Desarrollar y fomentar l\u00edneas de investigaci\u00f3n que propicien la transferencia del conocimiento cient\u00edfico y tecnol\u00f3gico que avance hacia la sostenibilidad.[\/vc_toggle][vc_toggle title=\u00bbO9.- Establecer objetivos y metas anualmente\u00bb color=\u00bbwhite\u00bb]Establecer objetivos y metas anualmente que permitan asumir los compromisos de la presente declaraci\u00f3n, as\u00ed como realizar un seguimiento continuo de la repercusi\u00f3n ambiental de la actividad universitaria, evaluando el grado de cumplimiento de los objetivos y metas establecidos, para lo cual, realizar\u00e1 memorias anuales que ser\u00e1n p\u00fablicas y difundidas para su conocimiento por toda la Instituci\u00f3n, como proceso de mejora continua con respecto al medio ambiente.[\/vc_toggle][vc_toggle title=\u00bb10.- Asumir el compromiso de difundir la presente declaraci\u00f3n y las acciones\u00bb color=\u00bbwhite\u00bb]Asumir el compromiso de difundir la presente declaraci\u00f3n y las acciones que se realicen como resultado de su implantaci\u00f3n, e incorporar de sistemas de mejora continua al presente documento con el fin de que se pueda adecuar a futuras exigencias socio-ambientales como a las demandas de la propia comunidad universitaria.[\/vc_toggle][vc_empty_space height=\u00bb20px\u00bb][\/vc_column][\/vc_row][vc_row full_width=\u00bbstretch_row_content\u00bb content_placement=\u00bbmiddle\u00bb css=\u00bb.vc_custom_1615987810056{padding-right: 5% !important;padding-left: 5% !important;background-color: #e8e8e8 !important;}\u00bb][vc_column][vc_empty_space height=\u00bb10px\u00bb][vc_raw_html]JTNDZGl2JTIwY2xhc3MlM0QlMjJ0b2RvJTIyJTNFJTBBJTBBJTNDZGl2JTIwY2xhc3MlM0QlMjJjb250YWluZXIxJTIyJTNFJTBBJTNDYSUyMGNsYXNzJTNEJTIybGVhJTIyJTIwc3R5bGUlM0QlMjJjb2xvciUzQSUyMzAwNGQ3YSUzQiUyMiUyMGhyZWYlM0QlMjIlMkZwb3J0YWwlMkZjYW1wdXMteS1zb3N0ZW5pYmlsaWRhZCUyRm1pc2lvbi15LXBvbGl0aWNhLWRlLXNvc3RlbmliaWxpZGFkJTJGJTIyJTNFJTNDZGl2JTIwY2xhc3MlM0QlMjJjbGllbnQxJTIyJTNFJTBBJTNDZGl2JTIwY2xhc3MlM0QlMjJsb2dvJTIyJTNFJTBBJTNDZGl2JTIwY2xhc3MlM0QlMjJ2Y19pY29uX2VsZW1lbnQtaWNvbiUyMGZhJTIwZmEtdXNlci1wbHVzJTIyJTIwc3R5bGUlM0QlMjJmb250LXNpemUlM0ElMjAzMHB4JTIwJTIxaW1wb3J0YW50JTNCJTIwbWFyZ2luLXRvcCUzQSUyMDE5cHglMjAlMjFpbXBvcnRhbnQlM0IlMjBtYXJnaW4tbGVmdCUzQSUyMDVweCUyMCUyMWltcG9ydGFudCUzQiUyMiUzRSUzQyUyRmRpdiUzRSUwQSUzQyUyRmRpdiUzRSUwQSUzQ2gyJTNFTUlTSSVDMyU5M04lM0MlMkZoMiUzRSUwQSUzQ2gzJTNFJTNDJTJGaDMlM0UlMEElM0MlMkZkaXYlM0UlM0MlMkZhJTNFJTBBJTNDJTJGZGl2JTNFJTBBJTBBJTNDZGl2JTIwY2xhc3MlM0QlMjJjb250YWluZXIxJTIyJTNFJTBBJTNDYSUyMGNsYXNzJTNEJTIybGVhJTIyJTIwc3R5bGUlM0QlMjJjb2xvciUzQSUyMzAwNGQ3YSUzQiUyMiUyMGhyZWYlM0QlMjIlMkZwb3J0YWwlMkZjYW1wdXMteS1zb3N0ZW5pYmlsaWRhZCUyRmltcGxpY2FjaW9uLXktc2Vuc2liaWxpZGFkLWRlLWxhLWNvbXVuaWRhZC11bml2ZXJzaXRhcmlhJTJGJTIyJTNFJTNDZGl2JTIwY2xhc3MlM0QlMjJjbGllbnQxJTIyJTNFJTBBJTNDZGl2JTIwY2xhc3MlM0QlMjJsb2dvJTIyJTNFJTBBJTNDZGl2JTIwY2xhc3MlM0QlMjJ2Y19pY29uX2VsZW1lbnQtaWNvbiUyMGZhJTIwZmEtdGh1bWJzLXVwJTIyJTIwc3R5bGUlM0QlMjJmb250LXNpemUlM0ElMjAzMHB4JTIwJTIxaW1wb3J0YW50JTNCJTIwbWFyZ2luLXRvcCUzQSUyMDE4cHglMjAlMjFpbXBvcnRhbnQlM0IlMjBtYXJnaW4tbGVmdCUzQSUyMDJweCUyMCUyMWltcG9ydGFudCUzQiUyMiUzRSUzQyUyRmRpdiUzRSUwQSUzQyUyRmRpdiUzRSUwQSUzQ2gyJTNFSU1QTElDQUNJJUMzJTkzTiUzQyUyRmgyJTNFJTBBJTNDaDMlM0UlM0MlMkZoMyUzRSUwQSUzQyUyRmRpdiUzRSUzQyUyRmElM0UlMEElM0MlMkZkaXYlM0UlMEElMEElM0NkaXYlMjBjbGFzcyUzRCUyMmNvbnRhaW5lcjElMjIlM0UlMEElM0NhJTIwY2xhc3MlM0QlMjJsZWElMjIlMjBzdHlsZSUzRCUyMmNvbG9yJTNBJTIzMDA0ZDdhJTNCJTIyJTIwaHJlZiUzRCUyMiUyRnBvcnRhbCUyRmNhbXB1cy15LXNvc3RlbmliaWxpZGFkJTJGZXZhbHVhY2lvbi1kZS1sYS1zb3N0ZW5pYmlsaWRhZCUyRiUyMiUzRSUzQ2RpdiUyMGNsYXNzJTNEJTIyY2xpZW50MSUyMiUzRSUwQSUzQ2RpdiUyMGNsYXNzJTNEJTIybG9nbyUyMiUzRSUwQSUzQ2RpdiUyMGNsYXNzJTNEJTIydmNfaWNvbl9lbGVtZW50LWljb24lMjBmYSUyMGZhLWV4Y2hhbmdlJTIyJTIwc3R5bGUlM0QlMjJmb250LXNpemUlM0ElMjAzMHB4JTIwJTIxaW1wb3J0YW50JTNCJTIwbWFyZ2luLXRvcCUzQSUyMDE4cHglMjAlMjFpbXBvcnRhbnQlM0IlMjBtYXJnaW4tbGVmdCUzQSUyMDJweCUyMCUyMWltcG9ydGFudCUzQiUyMiUzRSUzQyUyRmRpdiUzRSUwQSUzQyUyRmRpdiUzRSUwQSUzQ2gyJTNFRVZBTFVBQ0klQzMlOTNOJTNDJTJGaDIlM0UlMEElM0MlMkZkaXYlM0UlM0MlMkZhJTNFJTBBJTNDJTJGZGl2JTNFJTBBJTBBJTNDZGl2JTIwY2xhc3MlM0QlMjJjb250YWluZXIxJTIyJTNFJTBBJTNDYSUyMGNsYXNzJTNEJTIybGVhJTIyJTIwc3R5bGUlM0QlMjJjb2xvciUzQSUyMzAwNGQ3YSUzQiUyMiUyMGhyZWYlM0QlMjJodHRwcyUzQSUyRiUyRnd3dy51bGwuZXMlMkZwb3J0YWwlMkZjYW1wdXMteS1zb3N0ZW5pYmlsaWRhZCUyRnJlc3VsdGFkb3MtZS1pbmRpY2Fkb3JlcyUyRiUyMiUzRSUzQ2RpdiUyMGNsYXNzJTNEJTIyY2xpZW50MSUyMiUzRSUwQSUzQ2RpdiUyMGNsYXNzJTNEJTIybG9nbyUyMiUzRSUwQSUzQ2RpdiUyMGNsYXNzJTNEJTIydmNfaWNvbl9lbGVtZW50LWljb24lMjBmYSUyMGZhLWxpbmUtY2hhcnQlMjIlMjBzdHlsZSUzRCUyMmZvbnQtc2l6ZSUzQSUyMDMwcHglMjAlMjFpbXBvcnRhbnQlM0IlMjBtYXJnaW4tdG9wJTNBJTIwMThweCUyMCUyMWltcG9ydGFudCUzQiUyMG1hcmdpbi1sZWZ0JTNBJTIwMnB4JTIwJTIxaW1wb3J0YW50JTNCJTIyJTNFJTNDJTJGZGl2JTNFJTBBJTNDJTJGZGl2JTNFJTBBJTNDaDIlM0VSRVNVTFRBRE9TJTNDJTJGaDIlM0UlMEElM0MlMkZkaXYlM0UlM0MlMkZhJTNFJTBBJTNDJTJGZGl2JTNFJTBBJTBBJTNDJTJGZGl2JTNF[\/vc_raw_html][vc_empty_space height=\u00bb30px\u00bb][\/vc_column][\/vc_row]\n","protected":false},"excerpt":{"rendered":"<p>[vc_row full_width=\u00bbstretch_row_content_no_spaces\u00bb equal_height=\u00bbyes\u00bb content_placement=\u00bbmiddle\u00bb css=\u00bb.vc_custom_1616003068452{padding-right: 5% !important;padding-left: 5% !important;background-color: #ededed !important;}\u00bb el_class=\u00bbfull-me\u00bb][vc_column width=\u00bb1\/2&#8243; css=\u00bb.vc_custom_1616002883699{padding-right: 5% !important;padding-left: 5% !important;}\u00bb][vc_empty_space height=\u00bb20px\u00bb][vc_column_text el_class=\u00bbsmall-text\u00bb] Campus y sostenibilidad | Compromiso institucional Misi\u00f3n y pol\u00edtica de sostenibilidad [\/vc_column_text][vc_empty_space height=\u00bb20px\u00bb][vc_column_text] En coherencia con la misi\u00f3n y visi\u00f3n de la ULL, a comienzos del a\u00f1o 2018 se aprueba la Declaraci\u00f3n de Pol\u00edtica de&#8230;<\/p>\n","protected":false},"author":41,"featured_media":0,"parent":0,"menu_order":0,"comment_status":"closed","ping_status":"closed","template":"templates\/template-no-title.php","meta":{"inline_featured_image":false,"footnotes":""},"acf":[],"yoast_head":"<!-- This site is optimized with the Yoast SEO plugin v21.3 - https:\/\/yoast.com\/wordpress\/plugins\/seo\/ -->\n<title>Misi\u00f3n y Pol\u00edtica de Sostenibilidad - Sostenibilidad<\/title>\n<meta name=\"robots\" content=\"index, follow, max-snippet:-1, max-image-preview:large, max-video-preview:-1\" \/>\n<link rel=\"canonical\" href=\"https:\/\/www.ull.es\/portal\/campus-y-sostenibilidad\/mision-y-politica-de-sostenibilidad\/\" \/>\n<meta property=\"og:locale\" content=\"es_ES\" \/>\n<meta property=\"og:type\" content=\"article\" \/>\n<meta property=\"og:title\" content=\"Misi\u00f3n y Pol\u00edtica de Sostenibilidad - Sostenibilidad\" \/>\n<meta property=\"og:description\" content=\"[vc_row full_width=\u00bbstretch_row_content_no_spaces\u00bb equal_height=\u00bbyes\u00bb content_placement=\u00bbmiddle\u00bb css=\u00bb.vc_custom_1616003068452{padding-right: 5% !important;padding-left: 5% !important;background-color: #ededed !important;}\u00bb el_class=\u00bbfull-me\u00bb][vc_column width=\u00bb1\/2&#8243; css=\u00bb.vc_custom_1616002883699{padding-right: 5% !important;padding-left: 5% !important;}\u00bb][vc_empty_space height=\u00bb20px\u00bb][vc_column_text el_class=\u00bbsmall-text\u00bb] Campus y sostenibilidad | Compromiso institucional Misi\u00f3n y pol\u00edtica de sostenibilidad [\/vc_column_text][vc_empty_space height=\u00bb20px\u00bb][vc_column_text] En coherencia con la misi\u00f3n y visi\u00f3n de la ULL, a comienzos del a\u00f1o 2018 se aprueba la Declaraci\u00f3n de Pol\u00edtica de...\" \/>\n<meta property=\"og:url\" content=\"https:\/\/www.ull.es\/portal\/campus-y-sostenibilidad\/mision-y-politica-de-sostenibilidad\/\" \/>\n<meta property=\"og:site_name\" content=\"Sostenibilidad\" \/>\n<meta property=\"article:modified_time\" content=\"2021-03-17T21:09:07+00:00\" \/>\n<meta name=\"twitter:card\" content=\"summary_large_image\" \/>\n<meta name=\"twitter:label1\" content=\"Tiempo de lectura\" \/>\n\t<meta name=\"twitter:data1\" content=\"6 minutos\" \/>\n<script type=\"application\/ld+json\" class=\"yoast-schema-graph\">{\"@context\":\"https:\/\/schema.org\",\"@graph\":[{\"@type\":\"WebPage\",\"@id\":\"https:\/\/www.ull.es\/portal\/campus-y-sostenibilidad\/mision-y-politica-de-sostenibilidad\/\",\"url\":\"https:\/\/www.ull.es\/portal\/campus-y-sostenibilidad\/mision-y-politica-de-sostenibilidad\/\",\"name\":\"Misi\u00f3n y Pol\u00edtica de Sostenibilidad - Sostenibilidad\",\"isPartOf\":{\"@id\":\"https:\/\/www.ull.es\/portal\/campus-y-sostenibilidad\/#website\"},\"datePublished\":\"2018-12-10T10:08:34+00:00\",\"dateModified\":\"2021-03-17T21:09:07+00:00\",\"breadcrumb\":{\"@id\":\"https:\/\/www.ull.es\/portal\/campus-y-sostenibilidad\/mision-y-politica-de-sostenibilidad\/#breadcrumb\"},\"inLanguage\":\"es\",\"potentialAction\":[{\"@type\":\"ReadAction\",\"target\":[\"https:\/\/www.ull.es\/portal\/campus-y-sostenibilidad\/mision-y-politica-de-sostenibilidad\/\"]}]},{\"@type\":\"BreadcrumbList\",\"@id\":\"https:\/\/www.ull.es\/portal\/campus-y-sostenibilidad\/mision-y-politica-de-sostenibilidad\/#breadcrumb\",\"itemListElement\":[{\"@type\":\"ListItem\",\"position\":1,\"name\":\"Portada\",\"item\":\"https:\/\/www.ull.es\/portal\/campus-y-sostenibilidad\/\"},{\"@type\":\"ListItem\",\"position\":2,\"name\":\"Misi\u00f3n y Pol\u00edtica de Sostenibilidad\"}]},{\"@type\":\"WebSite\",\"@id\":\"https:\/\/www.ull.es\/portal\/campus-y-sostenibilidad\/#website\",\"url\":\"https:\/\/www.ull.es\/portal\/campus-y-sostenibilidad\/\",\"name\":\"Sostenibilidad\",\"description\":\"\",\"potentialAction\":[{\"@type\":\"SearchAction\",\"target\":{\"@type\":\"EntryPoint\",\"urlTemplate\":\"https:\/\/www.ull.es\/portal\/campus-y-sostenibilidad\/?s={search_term_string}\"},\"query-input\":\"required name=search_term_string\"}],\"inLanguage\":\"es\"}]}<\/script>\n<!-- \/ Yoast SEO plugin. -->","yoast_head_json":{"title":"Misi\u00f3n y Pol\u00edtica de Sostenibilidad - Sostenibilidad","robots":{"index":"index","follow":"follow","max-snippet":"max-snippet:-1","max-image-preview":"max-image-preview:large","max-video-preview":"max-video-preview:-1"},"canonical":"https:\/\/www.ull.es\/portal\/campus-y-sostenibilidad\/mision-y-politica-de-sostenibilidad\/","og_locale":"es_ES","og_type":"article","og_title":"Misi\u00f3n y Pol\u00edtica de Sostenibilidad - Sostenibilidad","og_description":"[vc_row full_width=\u00bbstretch_row_content_no_spaces\u00bb equal_height=\u00bbyes\u00bb content_placement=\u00bbmiddle\u00bb css=\u00bb.vc_custom_1616003068452{padding-right: 5% !important;padding-left: 5% !important;background-color: #ededed !important;}\u00bb el_class=\u00bbfull-me\u00bb][vc_column width=\u00bb1\/2&#8243; css=\u00bb.vc_custom_1616002883699{padding-right: 5% !important;padding-left: 5% !important;}\u00bb][vc_empty_space height=\u00bb20px\u00bb][vc_column_text el_class=\u00bbsmall-text\u00bb] Campus y sostenibilidad | Compromiso institucional Misi\u00f3n y pol\u00edtica de sostenibilidad [\/vc_column_text][vc_empty_space height=\u00bb20px\u00bb][vc_column_text] En coherencia con la misi\u00f3n y visi\u00f3n de la ULL, a comienzos del a\u00f1o 2018 se aprueba la Declaraci\u00f3n de Pol\u00edtica de...","og_url":"https:\/\/www.ull.es\/portal\/campus-y-sostenibilidad\/mision-y-politica-de-sostenibilidad\/","og_site_name":"Sostenibilidad","article_modified_time":"2021-03-17T21:09:07+00:00","twitter_card":"summary_large_image","twitter_misc":{"Tiempo de lectura":"6 minutos"},"schema":{"@context":"https:\/\/schema.org","@graph":[{"@type":"WebPage","@id":"https:\/\/www.ull.es\/portal\/campus-y-sostenibilidad\/mision-y-politica-de-sostenibilidad\/","url":"https:\/\/www.ull.es\/portal\/campus-y-sostenibilidad\/mision-y-politica-de-sostenibilidad\/","name":"Misi\u00f3n y Pol\u00edtica de Sostenibilidad - Sostenibilidad","isPartOf":{"@id":"https:\/\/www.ull.es\/portal\/campus-y-sostenibilidad\/#website"},"datePublished":"2018-12-10T10:08:34+00:00","dateModified":"2021-03-17T21:09:07+00:00","breadcrumb":{"@id":"https:\/\/www.ull.es\/portal\/campus-y-sostenibilidad\/mision-y-politica-de-sostenibilidad\/#breadcrumb"},"inLanguage":"es","potentialAction":[{"@type":"ReadAction","target":["https:\/\/www.ull.es\/portal\/campus-y-sostenibilidad\/mision-y-politica-de-sostenibilidad\/"]}]},{"@type":"BreadcrumbList","@id":"https:\/\/www.ull.es\/portal\/campus-y-sostenibilidad\/mision-y-politica-de-sostenibilidad\/#breadcrumb","itemListElement":[{"@type":"ListItem","position":1,"name":"Portada","item":"https:\/\/www.ull.es\/portal\/campus-y-sostenibilidad\/"},{"@type":"ListItem","position":2,"name":"Misi\u00f3n y Pol\u00edtica de Sostenibilidad"}]},{"@type":"WebSite","@id":"https:\/\/www.ull.es\/portal\/campus-y-sostenibilidad\/#website","url":"https:\/\/www.ull.es\/portal\/campus-y-sostenibilidad\/","name":"Sostenibilidad","description":"","potentialAction":[{"@type":"SearchAction","target":{"@type":"EntryPoint","urlTemplate":"https:\/\/www.ull.es\/portal\/campus-y-sostenibilidad\/?s={search_term_string}"},"query-input":"required name=search_term_string"}],"inLanguage":"es"}]}},"_links":{"self":[{"href":"https:\/\/www.ull.es\/portal\/campus-y-sostenibilidad\/wp-json\/wp\/v2\/pages\/76"}],"collection":[{"href":"https:\/\/www.ull.es\/portal\/campus-y-sostenibilidad\/wp-json\/wp\/v2\/pages"}],"about":[{"href":"https:\/\/www.ull.es\/portal\/campus-y-sostenibilidad\/wp-json\/wp\/v2\/types\/page"}],"author":[{"embeddable":true,"href":"https:\/\/www.ull.es\/portal\/campus-y-sostenibilidad\/wp-json\/wp\/v2\/users\/41"}],"replies":[{"embeddable":true,"href":"https:\/\/www.ull.es\/portal\/campus-y-sostenibilidad\/wp-json\/wp\/v2\/comments?post=76"}],"version-history":[{"count":45,"href":"https:\/\/www.ull.es\/portal\/campus-y-sostenibilidad\/wp-json\/wp\/v2\/pages\/76\/revisions"}],"predecessor-version":[{"id":882,"href":"https:\/\/www.ull.es\/portal\/campus-y-sostenibilidad\/wp-json\/wp\/v2\/pages\/76\/revisions\/882"}],"wp:attachment":[{"href":"https:\/\/www.ull.es\/portal\/campus-y-sostenibilidad\/wp-json\/wp\/v2\/media?parent=76"}],"curies":[{"name":"wp","href":"https:\/\/api.w.org\/{rel}","templated":true}]}}