{"id":762,"date":"2020-12-17T15:05:51","date_gmt":"2020-12-17T15:05:51","guid":{"rendered":"https:\/\/www.ull.es\/portal\/campus-y-sostenibilidad\/?page_id=762"},"modified":"2020-12-17T15:08:39","modified_gmt":"2020-12-17T15:08:39","slug":"intervenciones-relacionadas-que-conllevan-ahorro","status":"publish","type":"page","link":"https:\/\/www.ull.es\/portal\/campus-y-sostenibilidad\/intervenciones-relacionadas-que-conllevan-ahorro\/","title":{"rendered":"Intervenciones relacionadas que conllevan ahorro"},"content":{"rendered":"[vc_row][vc_column][vc_column_text]\n<h1><span style=\"font-weight: 400;\">Intervenciones relacionadas que conllevan ahorro<\/span><\/h1>\n[\/vc_column_text][\/vc_column][\/vc_row][vc_row][vc_column][vc_column_text]\n<h3><strong>Mejor control de la regulaci\u00f3n t\u00e9rmica ambiente<\/strong><\/h3>\n<ul>\n<li style=\"font-weight: 400;\"><span style=\"font-weight: 400;\">Puertas autom\u00e1ticas\u00a0<\/span>\n<ul>\n<li style=\"font-weight: 400;\"><span style=\"font-weight: 400;\">Entrada Biblioteca de la Secci\u00f3n de Medicina<\/span><\/li>\n<li style=\"font-weight: 400;\"><span style=\"font-weight: 400;\">Entrada principal al edificio de la Facultad de Psicolog\u00eda y Logopedia<\/span><\/li>\n<li style=\"font-weight: 400;\"><span style=\"font-weight: 400;\">Entrada principal a Edificios Departamentales de Geograf\u00eda e Historia, Filolog\u00eda y Psicolog\u00eda<\/span><\/li>\n<li style=\"font-weight: 400;\"><span style=\"font-weight: 400;\">Entrada principal al edificio de Filolog\u00eda<\/span><\/li>\n<\/ul>\n<\/li>\n<\/ul>\n<ul>\n<li style=\"font-weight: 400;\"><span style=\"font-weight: 400;\">Reparaci\u00f3n o sustituci\u00f3n de ventanas<\/span>\n<ul>\n<li style=\"font-weight: 400;\"><span style=\"font-weight: 400;\">Edificio Central<\/span><\/li>\n<li style=\"font-weight: 400;\"><span style=\"font-weight: 400;\">Biblioteca general<\/span><\/li>\n<li style=\"font-weight: 400;\"><span style=\"font-weight: 400;\">Periodismo<\/span><\/li>\n<li style=\"font-weight: 400;\"><span style=\"font-weight: 400;\">Derecho<\/span><\/li>\n<li style=\"font-weight: 400;\"><span style=\"font-weight: 400;\">Facultad de Educaci\u00f3n<\/span><\/li>\n<li style=\"font-weight: 400;\"><span style=\"font-weight: 400;\">Aulario General de Guajara y Anexo<\/span><\/li>\n<\/ul>\n<\/li>\n<li style=\"list-style-type: none;\"><\/li>\n<li style=\"font-weight: 400;\"><span style=\"font-weight: 400;\">Instalaci\u00f3n de red de tuber\u00eda para aire comprimido para adecuado funcionamiento de exutorios en la Facultad de Ciencias Sociales y de la Comunicaci\u00f3n<\/span><\/li>\n<\/ul>\n<h3><strong>Ahorro en consumos de agua<\/strong><\/h3>\n<ul>\n<li style=\"font-weight: 400;\"><span style=\"font-weight: 400;\">Reemplazo de c\u00e9sped natural por c\u00e9sped artificial en campo de f\u00fatbol (Polideportivo Central). Tambi\u00e9n conlleva ahorro en fertilizantes y labores de mantenimiento.<\/span><\/li>\n<\/ul>\n<h3><strong>Mejora del rendimiento energ\u00e9tico de equipos<\/strong><\/h3>\n<ul>\n<li style=\"font-weight: 400;\"><span style=\"font-weight: 400;\">Sustituci\u00f3n de dos enfriadoras en el Estabulario del Campus de Anchieta.<\/span><\/li>\n<li style=\"font-weight: 400;\"><span style=\"font-weight: 400;\">Reforma integral de la sala de caldera de ACS con parque solar fotot\u00e9rmico en alojamientos universitarios (RUPI y CM Santa Mar\u00eda).<\/span><\/li>\n<li style=\"font-weight: 400;\"><span style=\"font-weight: 400;\">Reparaci\u00f3n de dos equipos de aire acondicionado en Cribado Neonatos de Enfermer\u00eda.<\/span><\/li>\n<\/ul>\n<h3><strong>Cambio a luminarias m\u00e1s eficientes tipo LED<\/strong><\/h3>\n<ul>\n<li style=\"font-weight: 400;\"><span style=\"font-weight: 400;\">Biblioteca general<\/span><\/li>\n<li style=\"font-weight: 400;\"><span style=\"font-weight: 400;\">Secci\u00f3n de Medicina<\/span><\/li>\n<li style=\"font-weight: 400;\"><span style=\"font-weight: 400;\">Aulas en la Escuela Superior de Inform\u00e1tica y Tecnolog\u00eda\u00a0<\/span><\/li>\n<\/ul>\n[\/vc_column_text][\/vc_column][\/vc_row]\n","protected":false},"excerpt":{"rendered":"<p>[vc_row][vc_column][vc_column_text] Intervenciones relacionadas que conllevan ahorro [\/vc_column_text][\/vc_column][\/vc_row][vc_row][vc_column][vc_column_text] Mejor control de la regulaci\u00f3n t\u00e9rmica ambiente Puertas autom\u00e1ticas\u00a0 Entrada Biblioteca de la Secci\u00f3n de Medicina Entrada principal al edificio de la Facultad de Psicolog\u00eda y Logopedia Entrada principal a Edificios Departamentales de Geograf\u00eda e Historia, Filolog\u00eda y Psicolog\u00eda Entrada principal al edificio de Filolog\u00eda Reparaci\u00f3n o sustituci\u00f3n&#8230;<\/p>\n","protected":false},"author":65,"featured_media":0,"parent":0,"menu_order":0,"comment_status":"closed","ping_status":"closed","template":"","meta":{"inline_featured_image":false,"footnotes":""},"acf":[],"yoast_head":"<!-- This site is optimized with the Yoast SEO plugin v21.3 - https:\/\/yoast.com\/wordpress\/plugins\/seo\/ -->\n<title>Intervenciones relacionadas que conllevan ahorro - Sostenibilidad<\/title>\n<meta name=\"robots\" content=\"index, follow, max-snippet:-1, max-image-preview:large, max-video-preview:-1\" \/>\n<link rel=\"canonical\" href=\"https:\/\/www.ull.es\/portal\/campus-y-sostenibilidad\/intervenciones-relacionadas-que-conllevan-ahorro\/\" \/>\n<meta property=\"og:locale\" content=\"es_ES\" \/>\n<meta property=\"og:type\" content=\"article\" \/>\n<meta property=\"og:title\" content=\"Intervenciones relacionadas que conllevan ahorro - Sostenibilidad\" \/>\n<meta property=\"og:description\" content=\"[vc_row][vc_column][vc_column_text] Intervenciones relacionadas que conllevan ahorro [\/vc_column_text][\/vc_column][\/vc_row][vc_row][vc_column][vc_column_text] Mejor control de la regulaci\u00f3n t\u00e9rmica ambiente Puertas autom\u00e1ticas\u00a0 Entrada Biblioteca de la Secci\u00f3n de Medicina Entrada principal al edificio de la Facultad de Psicolog\u00eda y Logopedia Entrada principal a Edificios Departamentales de Geograf\u00eda e Historia, Filolog\u00eda y Psicolog\u00eda Entrada principal al edificio de Filolog\u00eda Reparaci\u00f3n o sustituci\u00f3n...\" \/>\n<meta property=\"og:url\" content=\"https:\/\/www.ull.es\/portal\/campus-y-sostenibilidad\/intervenciones-relacionadas-que-conllevan-ahorro\/\" \/>\n<meta property=\"og:site_name\" content=\"Sostenibilidad\" \/>\n<meta property=\"article:modified_time\" content=\"2020-12-17T15:08:39+00:00\" \/>\n<meta name=\"twitter:card\" content=\"summary_large_image\" \/>\n<meta name=\"twitter:label1\" content=\"Tiempo de lectura\" \/>\n\t<meta name=\"twitter:data1\" content=\"1 minuto\" \/>\n<script type=\"application\/ld+json\" class=\"yoast-schema-graph\">{\"@context\":\"https:\/\/schema.org\",\"@graph\":[{\"@type\":\"WebPage\",\"@id\":\"https:\/\/www.ull.es\/portal\/campus-y-sostenibilidad\/intervenciones-relacionadas-que-conllevan-ahorro\/\",\"url\":\"https:\/\/www.ull.es\/portal\/campus-y-sostenibilidad\/intervenciones-relacionadas-que-conllevan-ahorro\/\",\"name\":\"Intervenciones relacionadas que conllevan ahorro - Sostenibilidad\",\"isPartOf\":{\"@id\":\"https:\/\/www.ull.es\/portal\/campus-y-sostenibilidad\/#website\"},\"datePublished\":\"2020-12-17T15:05:51+00:00\",\"dateModified\":\"2020-12-17T15:08:39+00:00\",\"breadcrumb\":{\"@id\":\"https:\/\/www.ull.es\/portal\/campus-y-sostenibilidad\/intervenciones-relacionadas-que-conllevan-ahorro\/#breadcrumb\"},\"inLanguage\":\"es\",\"potentialAction\":[{\"@type\":\"ReadAction\",\"target\":[\"https:\/\/www.ull.es\/portal\/campus-y-sostenibilidad\/intervenciones-relacionadas-que-conllevan-ahorro\/\"]}]},{\"@type\":\"BreadcrumbList\",\"@id\":\"https:\/\/www.ull.es\/portal\/campus-y-sostenibilidad\/intervenciones-relacionadas-que-conllevan-ahorro\/#breadcrumb\",\"itemListElement\":[{\"@type\":\"ListItem\",\"position\":1,\"name\":\"Portada\",\"item\":\"https:\/\/www.ull.es\/portal\/campus-y-sostenibilidad\/\"},{\"@type\":\"ListItem\",\"position\":2,\"name\":\"Intervenciones relacionadas que conllevan ahorro\"}]},{\"@type\":\"WebSite\",\"@id\":\"https:\/\/www.ull.es\/portal\/campus-y-sostenibilidad\/#website\",\"url\":\"https:\/\/www.ull.es\/portal\/campus-y-sostenibilidad\/\",\"name\":\"Sostenibilidad\",\"description\":\"\",\"potentialAction\":[{\"@type\":\"SearchAction\",\"target\":{\"@type\":\"EntryPoint\",\"urlTemplate\":\"https:\/\/www.ull.es\/portal\/campus-y-sostenibilidad\/?s={search_term_string}\"},\"query-input\":\"required name=search_term_string\"}],\"inLanguage\":\"es\"}]}<\/script>\n<!-- \/ Yoast SEO plugin. -->","yoast_head_json":{"title":"Intervenciones relacionadas que conllevan ahorro - Sostenibilidad","robots":{"index":"index","follow":"follow","max-snippet":"max-snippet:-1","max-image-preview":"max-image-preview:large","max-video-preview":"max-video-preview:-1"},"canonical":"https:\/\/www.ull.es\/portal\/campus-y-sostenibilidad\/intervenciones-relacionadas-que-conllevan-ahorro\/","og_locale":"es_ES","og_type":"article","og_title":"Intervenciones relacionadas que conllevan ahorro - Sostenibilidad","og_description":"[vc_row][vc_column][vc_column_text] Intervenciones relacionadas que conllevan ahorro [\/vc_column_text][\/vc_column][\/vc_row][vc_row][vc_column][vc_column_text] Mejor control de la regulaci\u00f3n t\u00e9rmica ambiente Puertas autom\u00e1ticas\u00a0 Entrada Biblioteca de la Secci\u00f3n de Medicina Entrada principal al edificio de la Facultad de Psicolog\u00eda y Logopedia Entrada principal a Edificios Departamentales de Geograf\u00eda e Historia, Filolog\u00eda y Psicolog\u00eda Entrada principal al edificio de Filolog\u00eda Reparaci\u00f3n o sustituci\u00f3n...","og_url":"https:\/\/www.ull.es\/portal\/campus-y-sostenibilidad\/intervenciones-relacionadas-que-conllevan-ahorro\/","og_site_name":"Sostenibilidad","article_modified_time":"2020-12-17T15:08:39+00:00","twitter_card":"summary_large_image","twitter_misc":{"Tiempo de lectura":"1 minuto"},"schema":{"@context":"https:\/\/schema.org","@graph":[{"@type":"WebPage","@id":"https:\/\/www.ull.es\/portal\/campus-y-sostenibilidad\/intervenciones-relacionadas-que-conllevan-ahorro\/","url":"https:\/\/www.ull.es\/portal\/campus-y-sostenibilidad\/intervenciones-relacionadas-que-conllevan-ahorro\/","name":"Intervenciones relacionadas que conllevan ahorro - Sostenibilidad","isPartOf":{"@id":"https:\/\/www.ull.es\/portal\/campus-y-sostenibilidad\/#website"},"datePublished":"2020-12-17T15:05:51+00:00","dateModified":"2020-12-17T15:08:39+00:00","breadcrumb":{"@id":"https:\/\/www.ull.es\/portal\/campus-y-sostenibilidad\/intervenciones-relacionadas-que-conllevan-ahorro\/#breadcrumb"},"inLanguage":"es","potentialAction":[{"@type":"ReadAction","target":["https:\/\/www.ull.es\/portal\/campus-y-sostenibilidad\/intervenciones-relacionadas-que-conllevan-ahorro\/"]}]},{"@type":"BreadcrumbList","@id":"https:\/\/www.ull.es\/portal\/campus-y-sostenibilidad\/intervenciones-relacionadas-que-conllevan-ahorro\/#breadcrumb","itemListElement":[{"@type":"ListItem","position":1,"name":"Portada","item":"https:\/\/www.ull.es\/portal\/campus-y-sostenibilidad\/"},{"@type":"ListItem","position":2,"name":"Intervenciones relacionadas que conllevan ahorro"}]},{"@type":"WebSite","@id":"https:\/\/www.ull.es\/portal\/campus-y-sostenibilidad\/#website","url":"https:\/\/www.ull.es\/portal\/campus-y-sostenibilidad\/","name":"Sostenibilidad","description":"","potentialAction":[{"@type":"SearchAction","target":{"@type":"EntryPoint","urlTemplate":"https:\/\/www.ull.es\/portal\/campus-y-sostenibilidad\/?s={search_term_string}"},"query-input":"required name=search_term_string"}],"inLanguage":"es"}]}},"_links":{"self":[{"href":"https:\/\/www.ull.es\/portal\/campus-y-sostenibilidad\/wp-json\/wp\/v2\/pages\/762"}],"collection":[{"href":"https:\/\/www.ull.es\/portal\/campus-y-sostenibilidad\/wp-json\/wp\/v2\/pages"}],"about":[{"href":"https:\/\/www.ull.es\/portal\/campus-y-sostenibilidad\/wp-json\/wp\/v2\/types\/page"}],"author":[{"embeddable":true,"href":"https:\/\/www.ull.es\/portal\/campus-y-sostenibilidad\/wp-json\/wp\/v2\/users\/65"}],"replies":[{"embeddable":true,"href":"https:\/\/www.ull.es\/portal\/campus-y-sostenibilidad\/wp-json\/wp\/v2\/comments?post=762"}],"version-history":[{"count":3,"href":"https:\/\/www.ull.es\/portal\/campus-y-sostenibilidad\/wp-json\/wp\/v2\/pages\/762\/revisions"}],"predecessor-version":[{"id":766,"href":"https:\/\/www.ull.es\/portal\/campus-y-sostenibilidad\/wp-json\/wp\/v2\/pages\/762\/revisions\/766"}],"wp:attachment":[{"href":"https:\/\/www.ull.es\/portal\/campus-y-sostenibilidad\/wp-json\/wp\/v2\/media?parent=762"}],"curies":[{"name":"wp","href":"https:\/\/api.w.org\/{rel}","templated":true}]}}