{"id":78,"date":"2018-12-10T10:09:29","date_gmt":"2018-12-10T10:09:29","guid":{"rendered":"https:\/\/www.ull.es\/portal\/sostenibilidad\/?page_id=78"},"modified":"2021-03-18T09:23:37","modified_gmt":"2021-03-18T09:23:37","slug":"implicacion-y-sensibilidad-de-la-comunidad-universitaria","status":"publish","type":"page","link":"https:\/\/www.ull.es\/portal\/campus-y-sostenibilidad\/implicacion-y-sensibilidad-de-la-comunidad-universitaria\/","title":{"rendered":"Implicaci\u00f3n y Sensibilizaci\u00f3n de la Comunidad Universitaria"},"content":{"rendered":"[vc_row full_width=\u00bbstretch_row_content\u00bb content_placement=\u00bbmiddle\u00bb css=\u00bb.vc_custom_1616004569216{padding-right: 5% !important;padding-left: 5% !important;background-color: #ededed !important;}\u00bb][vc_column width=\u00bb1\/2&#8243;][vc_empty_space height=\u00bb20px\u00bb][vc_column_text el_class=\u00bbsmall-text\u00bb]\n<h5 style=\"text-align: left;color: #909090\">Campus y sostenibilidad | Compromiso institucional<\/h5>\n<h1 style=\"text-align: left;color: #004d7a\">Implicaci\u00f3n y sensibilizaci\u00f3n de la comunidad universitaria<\/h1>\n[\/vc_column_text][vc_empty_space height=\u00bb20px\u00bb][vc_column_text]La sensibilizaci\u00f3n en relaci\u00f3n a los recursos y sus limitaciones es uno de los pilares centrales de la sostenibilidad. En este \u00e1mbito, la Universidad de La Laguna mantiene diversas estrategias para incluirla en las actividades docentes curriculares, actividades extracurriculares de sensibilizaci\u00f3n y concienciaci\u00f3n, con el objetivo de ofrecer una formaci\u00f3n integral a toda la comunidad universitaria.\u00a0Ejemplo de ello y con gran impacto social, son las actividades de <a href=\"http:\/\/debates.webs.ull.es\/ull\/eventos-pasados\/\" target=\"_blank\" rel=\"noopener\">ULL Debates<\/a> y <a href=\"https:\/\/opina.webs.ull.es\/inicio\/eventos-pasados\/\" target=\"_blank\" rel=\"noopener\">ULL Opina<\/a>, organizadas por el Vicerrectorado de Relaciones con la Sociedad, pretenden fomentar el debate y la reflexi\u00f3n de temas de actualidad, promoviendo un modelo de desarrollo sostenible y solidario, que favorezca la integraci\u00f3n social, la participaci\u00f3n ciudadana, la justicia econ\u00f3mica y la paz.[\/vc_column_text][\/vc_column][vc_column width=\u00bb1\/2&#8243;][rev_slider_vc alias=\u00bbimplicacion\u00bb][vc_empty_space height=\u00bb20px\u00bb][\/vc_column][\/vc_row][vc_row full_width=\u00bbstretch_row_content\u00bb content_placement=\u00bbmiddle\u00bb css=\u00bb.vc_custom_1616004783908{padding-right: 5% !important;padding-left: 5% !important;background-color: #11849b !important;}\u00bb el_class=\u00bbfondo-usual\u00bb][vc_column width=\u00bb1\/3&#8243;][vc_single_image image=\u00bb866&#8243; img_size=\u00bb700&#215;700&#8243;][\/vc_column][vc_column width=\u00bb2\/3&#8243;][vc_empty_space height=\u00bb20px\u00bb][vc_column_text]\n<p style=\"color: #ffffff\">La implicaci\u00f3n de la ULL con la sostenibilidad se ha estado desarrollando en estos \u00faltimos a\u00f1os de manera activa, materializado la adhesi\u00f3n a distintas redes y grupos de trabajo:<\/p>\n<p style=\"color: #ffffff\">&#8211; Adhesi\u00f3n a la <span style=\"color: #0563c1\"><u><a href=\"http:\/\/reds-sdsn.es\/quienes-somos\/sdsn-global\" target=\"_top\" rel=\"noopener noreferrer\" target=\"_blank\" rel=\"noopener\">Red de Soluciones para un Desarrollo Sostenible<\/a><\/u><\/span> (Sustainable Development Solutions Network &#8211; SDSN). Se trata de una iniciativa global lanzada por el ex secretario general de Naciones Unidas Ban Ki-Moon en 2012, fundamentada en la idea de que los centros de conocimiento, en colaboraci\u00f3n con la ONU y el mundo empresarial e institucional, pueden ser impulsores de un cambio basado en objetivos. La misi\u00f3n de esta red es movilizar la experiencia y los recursos \u2013 tanto t\u00e9cnicos como cient\u00edficos \u2013 del \u00e1mbito acad\u00e9mico, de la sociedad civil y del sector privado, aportando soluciones para un desarrollo sostenible a nivel local, nacional y global.<\/p>\n<p style=\"color: #ffffff\">&#8211; <a href=\"https:\/\/www.unisaludables.es\/es\/\" target=\"_top\" rel=\"noopener noreferrer\" target=\"_blank\" rel=\"noopener\"><span style=\"color: #0563c1\"><u>Adhesi\u00f3n a<\/u><\/span><span style=\"color: #0563c1\"><u> la Red Espa\u00f1ola de Universidades Saludables<\/u><\/span><\/a> (REUS). La misi\u00f3n de la Red es ser un espacio de intercambio, reflexi\u00f3n, y an\u00e1lisis de los temas que inciden en el \u00e1mbito de la promoci\u00f3n de la salud y en el desarrollo, implementaci\u00f3n y evaluaci\u00f3n de proyectos que potencien favorezcan entornos saludables.<\/p>\n<p style=\"color: #ffffff\">&#8211; Participaci\u00f3n activa en los grupos de trabajo de la Conferencia de Rectores de las Universidades Espa\u00f1olas (CRUE) en la <a href=\"http:\/\/www.crue.org\/SitePages\/Crue-Sostenibilidad.aspx\" target=\"_top\" rel=\"noopener noreferrer\" target=\"_blank\" rel=\"noopener\"><span style=\"color: #0563c1\"><u>Comisi\u00f3n Sectorial de S<\/u><\/span><span style=\"color: #0563c1\"><u>ostenibilidad<\/u><\/span><\/a>, con el objetivo de realizar intercambio de experiencias y buenas pr\u00e1cticas en el campo de la Sostenibilidad.<\/p>\n[\/vc_column_text][vc_empty_space height=\u00bb20px\u00bb][\/vc_column][\/vc_row][vc_row full_width=\u00bbstretch_row_content\u00bb content_placement=\u00bbmiddle\u00bb css=\u00bb.vc_custom_1616004624935{padding-right: 5% !important;padding-left: 5% !important;background-color: #e8e8e8 !important;}\u00bb][vc_column][vc_empty_space height=\u00bb20px\u00bb][vc_raw_html]JTNDZGl2JTIwY2xhc3MlM0QlMjJ0b2RvJTIyJTNFJTBBJTBBJTNDZGl2JTIwY2xhc3MlM0QlMjJjb250YWluZXIxJTIyJTNFJTBBJTNDYSUyMGNsYXNzJTNEJTIybGVhJTIyJTIwc3R5bGUlM0QlMjJjb2xvciUzQSUyMzAwNGQ3YSUzQiUyMiUyMGhyZWYlM0QlMjIlMkZwb3J0YWwlMkZjYW1wdXMteS1zb3N0ZW5pYmlsaWRhZCUyRm1pc2lvbi15LXBvbGl0aWNhLWRlLXNvc3RlbmliaWxpZGFkJTJGJTIyJTNFJTNDZGl2JTIwY2xhc3MlM0QlMjJjbGllbnQxJTIyJTNFJTBBJTNDZGl2JTIwY2xhc3MlM0QlMjJsb2dvJTIyJTNFJTBBJTNDZGl2JTIwY2xhc3MlM0QlMjJ2Y19pY29uX2VsZW1lbnQtaWNvbiUyMGZhJTIwZmEtdXNlci1wbHVzJTIyJTIwc3R5bGUlM0QlMjJmb250LXNpemUlM0ElMjAzMHB4JTIwJTIxaW1wb3J0YW50JTNCJTIwbWFyZ2luLXRvcCUzQSUyMDE5cHglMjAlMjFpbXBvcnRhbnQlM0IlMjBtYXJnaW4tbGVmdCUzQSUyMDVweCUyMCUyMWltcG9ydGFudCUzQiUyMiUzRSUzQyUyRmRpdiUzRSUwQSUzQyUyRmRpdiUzRSUwQSUzQ2gyJTNFTUlTSSVDMyU5M04lM0MlMkZoMiUzRSUwQSUzQ2gzJTNFJTNDJTJGaDMlM0UlMEElM0MlMkZkaXYlM0UlM0MlMkZhJTNFJTBBJTNDJTJGZGl2JTNFJTBBJTBBJTNDZGl2JTIwY2xhc3MlM0QlMjJjb250YWluZXIxJTIyJTNFJTBBJTNDYSUyMGNsYXNzJTNEJTIybGVhJTIyJTIwc3R5bGUlM0QlMjJjb2xvciUzQSUyMzAwNGQ3YSUzQiUyMiUyMGhyZWYlM0QlMjIlMkZwb3J0YWwlMkZjYW1wdXMteS1zb3N0ZW5pYmlsaWRhZCUyRmltcGxpY2FjaW9uLXktc2Vuc2liaWxpZGFkLWRlLWxhLWNvbXVuaWRhZC11bml2ZXJzaXRhcmlhJTJGJTIyJTNFJTNDZGl2JTIwY2xhc3MlM0QlMjJjbGllbnQxJTIyJTNFJTBBJTNDZGl2JTIwY2xhc3MlM0QlMjJsb2dvJTIyJTNFJTBBJTNDZGl2JTIwY2xhc3MlM0QlMjJ2Y19pY29uX2VsZW1lbnQtaWNvbiUyMGZhJTIwZmEtdGh1bWJzLXVwJTIyJTIwc3R5bGUlM0QlMjJmb250LXNpemUlM0ElMjAzMHB4JTIwJTIxaW1wb3J0YW50JTNCJTIwbWFyZ2luLXRvcCUzQSUyMDE4cHglMjAlMjFpbXBvcnRhbnQlM0IlMjBtYXJnaW4tbGVmdCUzQSUyMDJweCUyMCUyMWltcG9ydGFudCUzQiUyMiUzRSUzQyUyRmRpdiUzRSUwQSUzQyUyRmRpdiUzRSUwQSUzQ2gyJTNFSU1QTElDQUNJJUMzJTkzTiUzQyUyRmgyJTNFJTBBJTNDaDMlM0UlM0MlMkZoMyUzRSUwQSUzQyUyRmRpdiUzRSUzQyUyRmElM0UlMEElM0MlMkZkaXYlM0UlMEElMEElM0NkaXYlMjBjbGFzcyUzRCUyMmNvbnRhaW5lcjElMjIlM0UlMEElM0NhJTIwY2xhc3MlM0QlMjJsZWElMjIlMjBzdHlsZSUzRCUyMmNvbG9yJTNBJTIzMDA0ZDdhJTNCJTIyJTIwaHJlZiUzRCUyMiUyRnBvcnRhbCUyRmNhbXB1cy15LXNvc3RlbmliaWxpZGFkJTJGZXZhbHVhY2lvbi1kZS1sYS1zb3N0ZW5pYmlsaWRhZCUyRiUyMiUzRSUzQ2RpdiUyMGNsYXNzJTNEJTIyY2xpZW50MSUyMiUzRSUwQSUzQ2RpdiUyMGNsYXNzJTNEJTIybG9nbyUyMiUzRSUwQSUzQ2RpdiUyMGNsYXNzJTNEJTIydmNfaWNvbl9lbGVtZW50LWljb24lMjBmYSUyMGZhLWV4Y2hhbmdlJTIyJTIwc3R5bGUlM0QlMjJmb250LXNpemUlM0ElMjAzMHB4JTIwJTIxaW1wb3J0YW50JTNCJTIwbWFyZ2luLXRvcCUzQSUyMDE4cHglMjAlMjFpbXBvcnRhbnQlM0IlMjBtYXJnaW4tbGVmdCUzQSUyMDJweCUyMCUyMWltcG9ydGFudCUzQiUyMiUzRSUzQyUyRmRpdiUzRSUwQSUzQyUyRmRpdiUzRSUwQSUzQ2gyJTNFRVZBTFVBQ0klQzMlOTNOJTNDJTJGaDIlM0UlMEElM0MlMkZkaXYlM0UlM0MlMkZhJTNFJTBBJTNDJTJGZGl2JTNFJTBBJTBBJTNDZGl2JTIwY2xhc3MlM0QlMjJjb250YWluZXIxJTIyJTNFJTBBJTNDYSUyMGNsYXNzJTNEJTIybGVhJTIyJTIwc3R5bGUlM0QlMjJjb2xvciUzQSUyMzAwNGQ3YSUzQiUyMiUyMGhyZWYlM0QlMjJodHRwcyUzQSUyRiUyRnd3dy51bGwuZXMlMkZwb3J0YWwlMkZjYW1wdXMteS1zb3N0ZW5pYmlsaWRhZCUyRnJlc3VsdGFkb3MtZS1pbmRpY2Fkb3JlcyUyRiUyMiUzRSUzQ2RpdiUyMGNsYXNzJTNEJTIyY2xpZW50MSUyMiUzRSUwQSUzQ2RpdiUyMGNsYXNzJTNEJTIybG9nbyUyMiUzRSUwQSUzQ2RpdiUyMGNsYXNzJTNEJTIydmNfaWNvbl9lbGVtZW50LWljb24lMjBmYSUyMGZhLWxpbmUtY2hhcnQlMjIlMjBzdHlsZSUzRCUyMmZvbnQtc2l6ZSUzQSUyMDMwcHglMjAlMjFpbXBvcnRhbnQlM0IlMjBtYXJnaW4tdG9wJTNBJTIwMThweCUyMCUyMWltcG9ydGFudCUzQiUyMG1hcmdpbi1sZWZ0JTNBJTIwMnB4JTIwJTIxaW1wb3J0YW50JTNCJTIyJTNFJTNDJTJGZGl2JTNFJTBBJTNDJTJGZGl2JTNFJTBBJTNDaDIlM0VSRVNVTFRBRE9TJTNDJTJGaDIlM0UlMEElM0MlMkZkaXYlM0UlM0MlMkZhJTNFJTBBJTNDJTJGZGl2JTNFJTBBJTBBJTNDJTJGZGl2JTNF[\/vc_raw_html][vc_empty_space height=\u00bb30px\u00bb][\/vc_column][\/vc_row]\n","protected":false},"excerpt":{"rendered":"<p>[vc_row full_width=\u00bbstretch_row_content\u00bb content_placement=\u00bbmiddle\u00bb css=\u00bb.vc_custom_1616004569216{padding-right: 5% !important;padding-left: 5% !important;background-color: #ededed !important;}\u00bb][vc_column width=\u00bb1\/2&#8243;][vc_empty_space height=\u00bb20px\u00bb][vc_column_text el_class=\u00bbsmall-text\u00bb] Campus y sostenibilidad | Compromiso institucional Implicaci\u00f3n y sensibilizaci\u00f3n de la comunidad universitaria [\/vc_column_text][vc_empty_space height=\u00bb20px\u00bb][vc_column_text]La sensibilizaci\u00f3n en relaci\u00f3n a los recursos y sus limitaciones es uno de los pilares centrales de la sostenibilidad. En este \u00e1mbito, la Universidad de La Laguna mantiene&#8230;<\/p>\n","protected":false},"author":41,"featured_media":0,"parent":0,"menu_order":0,"comment_status":"closed","ping_status":"closed","template":"templates\/template-no-title.php","meta":{"inline_featured_image":false,"footnotes":""},"acf":[],"yoast_head":"<!-- This site is optimized with the Yoast SEO plugin v21.3 - https:\/\/yoast.com\/wordpress\/plugins\/seo\/ -->\n<title>Implicaci\u00f3n y Sensibilizaci\u00f3n de la Comunidad Universitaria - Sostenibilidad<\/title>\n<meta name=\"robots\" content=\"index, follow, max-snippet:-1, max-image-preview:large, max-video-preview:-1\" \/>\n<link rel=\"canonical\" href=\"https:\/\/www.ull.es\/portal\/campus-y-sostenibilidad\/implicacion-y-sensibilidad-de-la-comunidad-universitaria\/\" \/>\n<meta property=\"og:locale\" content=\"es_ES\" \/>\n<meta property=\"og:type\" content=\"article\" \/>\n<meta property=\"og:title\" content=\"Implicaci\u00f3n y Sensibilizaci\u00f3n de la Comunidad Universitaria - Sostenibilidad\" \/>\n<meta property=\"og:description\" content=\"[vc_row full_width=\u00bbstretch_row_content\u00bb content_placement=\u00bbmiddle\u00bb css=\u00bb.vc_custom_1616004569216{padding-right: 5% !important;padding-left: 5% !important;background-color: #ededed !important;}\u00bb][vc_column width=\u00bb1\/2&#8243;][vc_empty_space height=\u00bb20px\u00bb][vc_column_text el_class=\u00bbsmall-text\u00bb] Campus y sostenibilidad | Compromiso institucional Implicaci\u00f3n y sensibilizaci\u00f3n de la comunidad universitaria [\/vc_column_text][vc_empty_space height=\u00bb20px\u00bb][vc_column_text]La sensibilizaci\u00f3n en relaci\u00f3n a los recursos y sus limitaciones es uno de los pilares centrales de la sostenibilidad. En este \u00e1mbito, la Universidad de La Laguna mantiene...\" \/>\n<meta property=\"og:url\" content=\"https:\/\/www.ull.es\/portal\/campus-y-sostenibilidad\/implicacion-y-sensibilidad-de-la-comunidad-universitaria\/\" \/>\n<meta property=\"og:site_name\" content=\"Sostenibilidad\" \/>\n<meta property=\"article:modified_time\" content=\"2021-03-18T09:23:37+00:00\" \/>\n<meta name=\"twitter:card\" content=\"summary_large_image\" \/>\n<meta name=\"twitter:label1\" content=\"Tiempo de lectura\" \/>\n\t<meta name=\"twitter:data1\" content=\"4 minutos\" \/>\n<script type=\"application\/ld+json\" class=\"yoast-schema-graph\">{\"@context\":\"https:\/\/schema.org\",\"@graph\":[{\"@type\":\"WebPage\",\"@id\":\"https:\/\/www.ull.es\/portal\/campus-y-sostenibilidad\/implicacion-y-sensibilidad-de-la-comunidad-universitaria\/\",\"url\":\"https:\/\/www.ull.es\/portal\/campus-y-sostenibilidad\/implicacion-y-sensibilidad-de-la-comunidad-universitaria\/\",\"name\":\"Implicaci\u00f3n y Sensibilizaci\u00f3n de la Comunidad Universitaria - Sostenibilidad\",\"isPartOf\":{\"@id\":\"https:\/\/www.ull.es\/portal\/campus-y-sostenibilidad\/#website\"},\"datePublished\":\"2018-12-10T10:09:29+00:00\",\"dateModified\":\"2021-03-18T09:23:37+00:00\",\"breadcrumb\":{\"@id\":\"https:\/\/www.ull.es\/portal\/campus-y-sostenibilidad\/implicacion-y-sensibilidad-de-la-comunidad-universitaria\/#breadcrumb\"},\"inLanguage\":\"es\",\"potentialAction\":[{\"@type\":\"ReadAction\",\"target\":[\"https:\/\/www.ull.es\/portal\/campus-y-sostenibilidad\/implicacion-y-sensibilidad-de-la-comunidad-universitaria\/\"]}]},{\"@type\":\"BreadcrumbList\",\"@id\":\"https:\/\/www.ull.es\/portal\/campus-y-sostenibilidad\/implicacion-y-sensibilidad-de-la-comunidad-universitaria\/#breadcrumb\",\"itemListElement\":[{\"@type\":\"ListItem\",\"position\":1,\"name\":\"Portada\",\"item\":\"https:\/\/www.ull.es\/portal\/campus-y-sostenibilidad\/\"},{\"@type\":\"ListItem\",\"position\":2,\"name\":\"Implicaci\u00f3n y Sensibilizaci\u00f3n de la Comunidad Universitaria\"}]},{\"@type\":\"WebSite\",\"@id\":\"https:\/\/www.ull.es\/portal\/campus-y-sostenibilidad\/#website\",\"url\":\"https:\/\/www.ull.es\/portal\/campus-y-sostenibilidad\/\",\"name\":\"Sostenibilidad\",\"description\":\"\",\"potentialAction\":[{\"@type\":\"SearchAction\",\"target\":{\"@type\":\"EntryPoint\",\"urlTemplate\":\"https:\/\/www.ull.es\/portal\/campus-y-sostenibilidad\/?s={search_term_string}\"},\"query-input\":\"required name=search_term_string\"}],\"inLanguage\":\"es\"}]}<\/script>\n<!-- \/ Yoast SEO plugin. -->","yoast_head_json":{"title":"Implicaci\u00f3n y Sensibilizaci\u00f3n de la Comunidad Universitaria - Sostenibilidad","robots":{"index":"index","follow":"follow","max-snippet":"max-snippet:-1","max-image-preview":"max-image-preview:large","max-video-preview":"max-video-preview:-1"},"canonical":"https:\/\/www.ull.es\/portal\/campus-y-sostenibilidad\/implicacion-y-sensibilidad-de-la-comunidad-universitaria\/","og_locale":"es_ES","og_type":"article","og_title":"Implicaci\u00f3n y Sensibilizaci\u00f3n de la Comunidad Universitaria - Sostenibilidad","og_description":"[vc_row full_width=\u00bbstretch_row_content\u00bb content_placement=\u00bbmiddle\u00bb css=\u00bb.vc_custom_1616004569216{padding-right: 5% !important;padding-left: 5% !important;background-color: #ededed !important;}\u00bb][vc_column width=\u00bb1\/2&#8243;][vc_empty_space height=\u00bb20px\u00bb][vc_column_text el_class=\u00bbsmall-text\u00bb] Campus y sostenibilidad | Compromiso institucional Implicaci\u00f3n y sensibilizaci\u00f3n de la comunidad universitaria [\/vc_column_text][vc_empty_space height=\u00bb20px\u00bb][vc_column_text]La sensibilizaci\u00f3n en relaci\u00f3n a los recursos y sus limitaciones es uno de los pilares centrales de la sostenibilidad. En este \u00e1mbito, la Universidad de La Laguna mantiene...","og_url":"https:\/\/www.ull.es\/portal\/campus-y-sostenibilidad\/implicacion-y-sensibilidad-de-la-comunidad-universitaria\/","og_site_name":"Sostenibilidad","article_modified_time":"2021-03-18T09:23:37+00:00","twitter_card":"summary_large_image","twitter_misc":{"Tiempo de lectura":"4 minutos"},"schema":{"@context":"https:\/\/schema.org","@graph":[{"@type":"WebPage","@id":"https:\/\/www.ull.es\/portal\/campus-y-sostenibilidad\/implicacion-y-sensibilidad-de-la-comunidad-universitaria\/","url":"https:\/\/www.ull.es\/portal\/campus-y-sostenibilidad\/implicacion-y-sensibilidad-de-la-comunidad-universitaria\/","name":"Implicaci\u00f3n y Sensibilizaci\u00f3n de la Comunidad Universitaria - Sostenibilidad","isPartOf":{"@id":"https:\/\/www.ull.es\/portal\/campus-y-sostenibilidad\/#website"},"datePublished":"2018-12-10T10:09:29+00:00","dateModified":"2021-03-18T09:23:37+00:00","breadcrumb":{"@id":"https:\/\/www.ull.es\/portal\/campus-y-sostenibilidad\/implicacion-y-sensibilidad-de-la-comunidad-universitaria\/#breadcrumb"},"inLanguage":"es","potentialAction":[{"@type":"ReadAction","target":["https:\/\/www.ull.es\/portal\/campus-y-sostenibilidad\/implicacion-y-sensibilidad-de-la-comunidad-universitaria\/"]}]},{"@type":"BreadcrumbList","@id":"https:\/\/www.ull.es\/portal\/campus-y-sostenibilidad\/implicacion-y-sensibilidad-de-la-comunidad-universitaria\/#breadcrumb","itemListElement":[{"@type":"ListItem","position":1,"name":"Portada","item":"https:\/\/www.ull.es\/portal\/campus-y-sostenibilidad\/"},{"@type":"ListItem","position":2,"name":"Implicaci\u00f3n y Sensibilizaci\u00f3n de la Comunidad Universitaria"}]},{"@type":"WebSite","@id":"https:\/\/www.ull.es\/portal\/campus-y-sostenibilidad\/#website","url":"https:\/\/www.ull.es\/portal\/campus-y-sostenibilidad\/","name":"Sostenibilidad","description":"","potentialAction":[{"@type":"SearchAction","target":{"@type":"EntryPoint","urlTemplate":"https:\/\/www.ull.es\/portal\/campus-y-sostenibilidad\/?s={search_term_string}"},"query-input":"required name=search_term_string"}],"inLanguage":"es"}]}},"_links":{"self":[{"href":"https:\/\/www.ull.es\/portal\/campus-y-sostenibilidad\/wp-json\/wp\/v2\/pages\/78"}],"collection":[{"href":"https:\/\/www.ull.es\/portal\/campus-y-sostenibilidad\/wp-json\/wp\/v2\/pages"}],"about":[{"href":"https:\/\/www.ull.es\/portal\/campus-y-sostenibilidad\/wp-json\/wp\/v2\/types\/page"}],"author":[{"embeddable":true,"href":"https:\/\/www.ull.es\/portal\/campus-y-sostenibilidad\/wp-json\/wp\/v2\/users\/41"}],"replies":[{"embeddable":true,"href":"https:\/\/www.ull.es\/portal\/campus-y-sostenibilidad\/wp-json\/wp\/v2\/comments?post=78"}],"version-history":[{"count":24,"href":"https:\/\/www.ull.es\/portal\/campus-y-sostenibilidad\/wp-json\/wp\/v2\/pages\/78\/revisions"}],"predecessor-version":[{"id":884,"href":"https:\/\/www.ull.es\/portal\/campus-y-sostenibilidad\/wp-json\/wp\/v2\/pages\/78\/revisions\/884"}],"wp:attachment":[{"href":"https:\/\/www.ull.es\/portal\/campus-y-sostenibilidad\/wp-json\/wp\/v2\/media?parent=78"}],"curies":[{"name":"wp","href":"https:\/\/api.w.org\/{rel}","templated":true}]}}