{"id":84,"date":"2018-12-10T10:12:38","date_gmt":"2018-12-10T10:12:38","guid":{"rendered":"https:\/\/www.ull.es\/portal\/sostenibilidad\/?page_id=84"},"modified":"2021-03-18T08:39:42","modified_gmt":"2021-03-18T08:39:42","slug":"docencia-2","status":"publish","type":"page","link":"https:\/\/www.ull.es\/portal\/campus-y-sostenibilidad\/docencia-2\/","title":{"rendered":"Docencia"},"content":{"rendered":"[vc_row full_width=\u00bbstretch_row_content\u00bb equal_height=\u00bbyes\u00bb content_placement=\u00bbmiddle\u00bb css=\u00bb.vc_custom_1616056041201{padding-right: 5% !important;padding-left: 5% !important;background-color: #ededed !important;}\u00bb][vc_column width=\u00bb1\/2&#8243;][vc_empty_space height=\u00bb20px\u00bb][vc_column_text el_class=\u00bbsmall-text\u00bb]\n<h5 style=\"text-align: left;color: #909090\">Campus y sostenibilidad\u00a0| Docencia e investigaci\u00f3n<\/h5>\n<h1 style=\"text-align: left;color: #004d7a\">Docencia<\/h1>\n[\/vc_column_text][vc_empty_space height=\u00bb20px\u00bb][vc_column_text]<i><span style=\"font-weight: 400\">El camino hacia un futuro sostenible requiere tecnolog\u00edas revolucionarias y, sobre todo, una educaci\u00f3n adecuada.<\/span><\/i><\/p>\n<p><span style=\"font-weight: 400\">En octubre de 2020 la Conferencia de Rectores y Rectoras de las Universidades Espa\u00f1olas (CRUE) present\u00f3 el documento <\/span><a href=\"https:\/\/www.crue.org\/wp-content\/uploads\/2020\/10\/Universidad2030_presentacion.pdf\" target=\"_blank\" rel=\"noopener\"><span style=\"font-weight: 400\">Universidad 2030. Propuestas para el debate<\/span><\/a><span style=\"font-weight: 400\">, Uno de los ejes en los que se mueven las propuestas de este documento es que el cambio del Sistema Universitario Espa\u00f1ol debe estar presidido por los Objetivos de Desarrollo Sostenible (ODS) y que en la transformaci\u00f3n hacia un futuro m\u00e1s sostenible, las universidades deben asumir un rol de liderazgo. De cara a conseguir un cambio significativo en las actitudes de los futuros profesionales en relaci\u00f3n con la sostenibilidad, las titulaciones universitarias deben incluir contenidos y objetivos formativos relacionados con los mismos en el marco de una visi\u00f3n sist\u00e9mica, necesaria para abordar los problemas socio ambientales y entender las repercusiones de la actividad humana a nivel local y global.<\/span><\/p>\n<p><span style=\"font-weight: 400\">La Universidad de La Laguna ha incluido en su oferta formativa, desde el 2016, <\/span><a href=\"https:\/\/www.ull.es\/estudios-docencia\/formacion-profesorado\/\" target=\"_blank\" rel=\"noopener noreferrer\" target=\"_blank\" rel=\"noopener\"><span style=\"font-weight: 400\">cursos de formaci\u00f3n<\/span><\/a><span style=\"font-weight: 400\"> en materia de sostenibilidad. Pero a ra\u00edz de la declaraci\u00f3n de la CRUE del 2020 antes aludida, el Vicerrectorado de Innovaci\u00f3n Docente, Calidad y Campus Anchieta, ha reactivado la reflexi\u00f3n sobre hasta qu\u00e9 punto la organizaci\u00f3n del aprendizaje y la ense\u00f1anza en nuestra universidad se realiza de manera econ\u00f3mica, ambiental y socialmente sostenible y sobre c\u00f3mo el aprendizaje y la ense\u00f1anza as\u00ed entendidos pueden garantizar el acceso al conocimiento y a las habilidades necesarias para alcanzar los ODS.\u00a0<\/span>[\/vc_column_text][\/vc_column][vc_column width=\u00bb1\/2&#8243; css=\u00bb.vc_custom_1547225073463{padding-top: 10% !important;}\u00bb][vc_empty_space height=\u00bb20px\u00bb][rev_slider_vc alias=\u00bbinvestigacion\u00bb][vc_empty_space height=\u00bb20px\u00bb][\/vc_column][\/vc_row][vc_row full_width=\u00bbstretch_row_content\u00bb content_placement=\u00bbmiddle\u00bb css=\u00bb.vc_custom_1545134148818{padding-right: 5% !important;padding-left: 5% !important;}\u00bb][vc_column width=\u00bb1\/2&#8243;][vc_empty_space height=\u00bb20px\u00bb][vc_single_image image=\u00bb885&#8243; img_size=\u00bbfull\u00bb][vc_empty_space height=\u00bb20px\u00bb][\/vc_column][vc_column width=\u00bb1\/2&#8243; css=\u00bb.vc_custom_1547225073463{padding-top: 10% !important;}\u00bb][vc_empty_space height=\u00bb20px\u00bb][vc_column_text]<span style=\"font-weight: 400\">Fruto de esta reflexi\u00f3n se ha desarrollado a lo largo de los dos \u00faltimos a\u00f1os un programa de trabajo en materia de docencia, alineado con las l\u00edneas estrat\u00e9gicas trazadas por la CRUE:<\/span><\/p>\n<ul>\n<li style=\"font-weight: 400\"><span style=\"font-weight: 400\">Implantaci\u00f3n del <\/span><i><span style=\"font-weight: 400\">M\u00e1ster Universitario en An\u00e1lisis Aplicado para las Ciencias Sociales<\/span><\/i><span style=\"font-weight: 400\">, que tiene entre sus objetivos la formaci\u00f3n de posgrado en m\u00e9todos de an\u00e1lisis cuantitativos, cualitativos y avanzados, dirigidos al estudio de la desigualdad, la pobreza, la migraci\u00f3n, el cambio clim\u00e1tico y el desarrollo sostenible..<\/span><\/li>\n<li style=\"font-weight: 400\"><span style=\"font-weight: 400\">Promoci\u00f3n de la ense\u00f1anza a distancia, la formaci\u00f3n permanente (apoyada en los t\u00edtulos propios) y la internacionalizaci\u00f3n de la oferta formativa.<\/span><\/li>\n<li style=\"font-weight: 400\"><span style=\"font-weight: 400\">Fortalecimiento del modelo de ense\u00f1anza-aprendizaje centrado en el alumnado de manera que este se convierta en el centro y protagonista de su propio proceso formativo.\u00a0<\/span><\/li>\n<li style=\"font-weight: 400\"><span style=\"font-weight: 400\">Impulso al Aprendizaje por Servicio y a la formaci\u00f3n con perspectiva de g\u00e9nero.<\/span><\/li>\n<li style=\"font-weight: 400\"><span style=\"font-weight: 400\">Formativas en el uso de las TIC y la TAC para paliar las brechas tecnol\u00f3gicas y metodol\u00f3gicas que afloraron como consecuencia de la COVID19.\u00a0<\/span><\/li>\n<li style=\"font-weight: 400\"><span style=\"font-weight: 400\">Programa de Innovaci\u00f3n Educativa para el fomento de la formaci\u00f3n cooperativa y colaborativa. <\/span><i><span style=\"font-weight: 400\">\u00a0<\/span><\/i><span style=\"font-weight: 400\">En el curso 2020-2021 se est\u00e1n desarrollando 20 proyectos de innovaci\u00f3n relacionados con tem\u00e1ticas de sostenibilidad, aprendizaje por servicio y sensibilidad medioambiental.\u00a0<\/span><\/li>\n<\/ul>\n[\/vc_column_text][vc_empty_space height=\u00bb20px\u00bb][\/vc_column][\/vc_row][vc_row full_width=\u00bbstretch_row_content\u00bb equal_height=\u00bbyes\u00bb content_placement=\u00bbmiddle\u00bb css=\u00bb.vc_custom_1616056041201{padding-right: 5% !important;padding-left: 5% !important;background-color: #ededed !important;}\u00bb][vc_column width=\u00bb1\/2&#8243;][vc_empty_space height=\u00bb20px\u00bb][vc_column_text]<span style=\"font-weight: 400\">Unido a esto, el Vicerrectorado de Cultura, Participaci\u00f3n Social y Campus de Ofra y La Palma organiza diferentes ciclos de coloquios tem\u00e1ticos a trav\u00e9s de<\/span><a href=\"https:\/\/www.ull.es\/portal\/noticias\/tag\/ull-debates\/\" target=\"_blank\" rel=\"noopener noreferrer\" target=\"_blank\" rel=\"noopener\"><span style=\"font-weight: 400\"> ULL Opina<\/span><\/a><span style=\"font-weight: 400\">,<\/span><a href=\"https:\/\/www.ull.es\/portal\/noticias\/tag\/ull-opina\/\" target=\"_blank\" rel=\"noopener noreferrer\" target=\"_blank\" rel=\"noopener\"><span style=\"font-weight: 400\"> ULL Debates<\/span><\/a><span style=\"font-weight: 400\"> y <\/span><a href=\"https:\/\/www.ull.es\/portal\/cursosextension\/\" target=\"_blank\" rel=\"noopener noreferrer\" target=\"_blank\" rel=\"noopener\"><span style=\"font-weight: 400\">\u00a0Cursos de Extensi\u00f3n Universitaria<\/span><\/a><span style=\"font-weight: 400\"> con tem\u00e1ticas relacionadas con la Sostenibilidad. Adem\u00e1s, a trav\u00e9s de sus <\/span><a href=\"https:\/\/www.ull.es\/la-universidad\/catedras-institucionales-empresa\/\" target=\"_blank\" rel=\"noopener noreferrer\" target=\"_blank\" rel=\"noopener\"><span style=\"font-weight: 400\">C\u00e1tedras Institucionales y de Empresa,<\/span><\/a><span style=\"font-weight: 400\"> as\u00ed como sus <\/span><a href=\"https:\/\/www.ull.es\/portal\/aulasycatedrasculturales\/\" target=\"_blank\" rel=\"noopener\"><span style=\"font-weight: 400\">Aulas y C\u00e1tedras Culturales<\/span><\/a><span style=\"font-weight: 400\">, despliega anualmente cientos de actuaciones, de car\u00e1cter formativo-educativo, relacionadas directa e indirectamente con la sostenibilidad social, econ\u00f3mica y ambiental, y orientadas a la consecuci\u00f3n de los objetivos de la Adenda 2030 de Desarrollo Sostenible.\u00a0<\/span><\/p>\n<p><span style=\"font-weight: 400\">De manera complementaria, en el \u00e1mbito formativo, mediante sus programas de Responsabilidad Social Universitaria (RSU), el Vicerrectorado de Cultura, Participaci\u00f3n Social y Campus de Ofra y La Palma promueve un aprendizaje que tenga un car\u00e1cter social y sea aplicable a la soluci\u00f3n de problemas reales, favoreciendo que el estudiante se forme como ciudadano informado y responsable.\u00a0<\/span><\/p>\n<p><span style=\"font-weight: 400\">Sus actuaciones van dirigidas a concienciar al colectivo universitario en tem\u00e1ticas relacionadas con la justicia, los valores \u00e9ticos y el compromiso social; impulsar la capacidad solidaria en acciones de voluntariado y aprendizaje servicio; proporcionar una educaci\u00f3n inclusiva para todos; empoderar y movilizar a la juventud; abordar la sostenibilidad en un sentido amplio; as\u00ed como <\/span><span style=\"font-weight: 400\">d<\/span><span style=\"font-weight: 400\">otar del conocimiento, habilidades y la motivaci\u00f3n suficiente para comprender y afrontar la consecuci\u00f3n de los ODS.<\/span>[\/vc_column_text][vc_empty_space height=\u00bb20px\u00bb][\/vc_column][vc_column width=\u00bb1\/2&#8243; css=\u00bb.vc_custom_1547225073463{padding-top: 10% !important;}\u00bb][vc_empty_space height=\u00bb20px\u00bb][vc_single_image image=\u00bb886&#8243; img_size=\u00bbfull\u00bb][vc_empty_space height=\u00bb20px\u00bb][\/vc_column][\/vc_row][vc_row full_width=\u00bbstretch_row_content\u00bb css=\u00bb.vc_custom_1616056166383{padding-right: 5% !important;padding-left: 5% !important;background-color: #e8e8e8 !important;}\u00bb][vc_column][vc_empty_space height=\u00bb20px\u00bb][vc_raw_html]JTNDZGl2JTIwY2xhc3MlM0QlMjJ0b2RvJTIyJTNFJTBBJTNDZGl2JTIwY2xhc3MlM0QlMjJjb250YWluZXIxJTIyJTNFJTBBJTNDYSUyMGNsYXNzJTNEJTIybGVhJTIyJTIwc3R5bGUlM0QlMjJjb2xvciUzQSUyMzAwNGQ3YSUzQiUyMiUyMGhyZWYlM0QlMjJodHRwcyUzQSUyRiUyRnd3dy51bGwuZXMlMkZwb3J0YWwlMkZjYW1wdXMteS1zb3N0ZW5pYmlsaWRhZCUyRmRvY2VuY2lhLTIlMkYlMjIlM0UlMEElM0NkaXYlMjBjbGFzcyUzRCUyMmNsaWVudDElMjIlM0UlMEElM0NkaXYlMjBjbGFzcyUzRCUyMmxvZ28lMjIlM0UlMEElM0NkaXYlMjBjbGFzcyUzRCUyMnZjX2ljb25fZWxlbWVudC1pY29uJTIwZmElMjBmYS1ncmFkdWF0aW9uLWNhcCUyMiUyMHN0eWxlJTNEJTIyZm9udC1zaXplJTNBJTIwMzBweCUyMCUyMWltcG9ydGFudCUzQiUyMG1hcmdpbi10b3AlM0ElMjAxOXB4JTIwJTIxaW1wb3J0YW50JTNCJTIwbWFyZ2luLWxlZnQlM0ElMjA1cHglMjAlMjFpbXBvcnRhbnQlM0IlMjIlM0UlM0MlMkZkaXYlM0UlMEElM0MlMkZkaXYlM0UlMEElM0NoMiUzRURPQ0VOQ0lBJTNDJTJGaDIlM0UlMEElM0NoMyUzRSUzQyUyRmgzJTNFJTBBJTNDJTJGZGl2JTNFJTNDJTJGYSUzRSUwQSUzQyUyRmRpdiUzRSUwQSUzQ2RpdiUyMGNsYXNzJTNEJTIyY29udGFpbmVyMSUyMiUzRSUwQSUzQ2ElMjBjbGFzcyUzRCUyMmxlYSUyMiUyMHN0eWxlJTNEJTIyY29sb3IlM0ElMjMwMDRkN2ElM0IlMjIlMjBocmVmJTNEJTIyaHR0cHMlM0ElMkYlMkZ3d3cudWxsLmVzJTJGcG9ydGFsJTJGY2FtcHVzLXktc29zdGVuaWJpbGlkYWQlMkZpbnZlc3RpZ2FjaW9uLXktdHJhbnNmZXJlbmNpYS10ZWNub2xvZ2ljYSUyRiUyMiUzRSUzQ2RpdiUyMGNsYXNzJTNEJTIyY2xpZW50MSUyMiUzRSUwQSUzQ2RpdiUyMGNsYXNzJTNEJTIybG9nbyUyMiUzRSUwQSUzQ2RpdiUyMGNsYXNzJTNEJTIydmNfaWNvbl9lbGVtZW50LWljb24lMjBmYSUyMGZhLWZpbHRlciUyMiUyMHN0eWxlJTNEJTIyZm9udC1zaXplJTNBJTIwMzBweCUyMCUyMWltcG9ydGFudCUzQiUyMG1hcmdpbi10b3AlM0ElMjAxOHB4JTIwJTIxaW1wb3J0YW50JTNCJTIwbWFyZ2luLWxlZnQlM0ElMjAycHglMjAlMjFpbXBvcnRhbnQlM0IlMjIlM0UlM0MlMkZkaXYlM0UlMEElM0MlMkZkaXYlM0UlMEElM0NoMiUzRUlOVkVTVElHQUNJJUMzJTkzTiUzQyUyRmgyJTNFJTBBJTNDaDMlM0UlM0MlMkZoMyUzRSUwQSUzQyUyRmRpdiUzRSUzQyUyRmElM0UlMEElM0MlMkZkaXYlM0UlMEElM0MlMkZkaXYlM0U=[\/vc_raw_html][vc_empty_space height=\u00bb20px\u00bb][\/vc_column][\/vc_row]\n","protected":false},"excerpt":{"rendered":"<p>[vc_row full_width=\u00bbstretch_row_content\u00bb equal_height=\u00bbyes\u00bb content_placement=\u00bbmiddle\u00bb css=\u00bb.vc_custom_1616056041201{padding-right: 5% !important;padding-left: 5% !important;background-color: #ededed !important;}\u00bb][vc_column width=\u00bb1\/2&#8243;][vc_empty_space height=\u00bb20px\u00bb][vc_column_text el_class=\u00bbsmall-text\u00bb] Campus y sostenibilidad\u00a0| Docencia e investigaci\u00f3n Docencia [\/vc_column_text][vc_empty_space height=\u00bb20px\u00bb][vc_column_text]El camino hacia un futuro sostenible requiere tecnolog\u00edas revolucionarias y, sobre todo, una educaci\u00f3n adecuada. En octubre de 2020 la Conferencia de Rectores y Rectoras de las Universidades Espa\u00f1olas (CRUE) present\u00f3 el documento&#8230;<\/p>\n","protected":false},"author":41,"featured_media":0,"parent":0,"menu_order":0,"comment_status":"closed","ping_status":"closed","template":"templates\/template-no-title.php","meta":{"inline_featured_image":false,"footnotes":""},"acf":[],"yoast_head":"<!-- This site is optimized with the Yoast SEO plugin v21.3 - https:\/\/yoast.com\/wordpress\/plugins\/seo\/ -->\n<title>Docencia - Sostenibilidad<\/title>\n<meta name=\"robots\" content=\"index, follow, max-snippet:-1, max-image-preview:large, max-video-preview:-1\" \/>\n<link rel=\"canonical\" href=\"https:\/\/www.ull.es\/portal\/campus-y-sostenibilidad\/docencia-2\/\" \/>\n<meta property=\"og:locale\" content=\"es_ES\" \/>\n<meta property=\"og:type\" content=\"article\" \/>\n<meta property=\"og:title\" content=\"Docencia - Sostenibilidad\" \/>\n<meta property=\"og:description\" content=\"[vc_row full_width=\u00bbstretch_row_content\u00bb equal_height=\u00bbyes\u00bb content_placement=\u00bbmiddle\u00bb css=\u00bb.vc_custom_1616056041201{padding-right: 5% !important;padding-left: 5% !important;background-color: #ededed !important;}\u00bb][vc_column width=\u00bb1\/2&#8243;][vc_empty_space height=\u00bb20px\u00bb][vc_column_text el_class=\u00bbsmall-text\u00bb] Campus y sostenibilidad\u00a0| Docencia e investigaci\u00f3n Docencia [\/vc_column_text][vc_empty_space height=\u00bb20px\u00bb][vc_column_text]El camino hacia un futuro sostenible requiere tecnolog\u00edas revolucionarias y, sobre todo, una educaci\u00f3n adecuada. En octubre de 2020 la Conferencia de Rectores y Rectoras de las Universidades Espa\u00f1olas (CRUE) present\u00f3 el documento...\" \/>\n<meta property=\"og:url\" content=\"https:\/\/www.ull.es\/portal\/campus-y-sostenibilidad\/docencia-2\/\" \/>\n<meta property=\"og:site_name\" content=\"Sostenibilidad\" \/>\n<meta property=\"article:modified_time\" content=\"2021-03-18T08:39:42+00:00\" \/>\n<meta name=\"twitter:card\" content=\"summary_large_image\" \/>\n<meta name=\"twitter:label1\" content=\"Tiempo de lectura\" \/>\n\t<meta name=\"twitter:data1\" content=\"6 minutos\" \/>\n<script type=\"application\/ld+json\" class=\"yoast-schema-graph\">{\"@context\":\"https:\/\/schema.org\",\"@graph\":[{\"@type\":\"WebPage\",\"@id\":\"https:\/\/www.ull.es\/portal\/campus-y-sostenibilidad\/docencia-2\/\",\"url\":\"https:\/\/www.ull.es\/portal\/campus-y-sostenibilidad\/docencia-2\/\",\"name\":\"Docencia - Sostenibilidad\",\"isPartOf\":{\"@id\":\"https:\/\/www.ull.es\/portal\/campus-y-sostenibilidad\/#website\"},\"datePublished\":\"2018-12-10T10:12:38+00:00\",\"dateModified\":\"2021-03-18T08:39:42+00:00\",\"breadcrumb\":{\"@id\":\"https:\/\/www.ull.es\/portal\/campus-y-sostenibilidad\/docencia-2\/#breadcrumb\"},\"inLanguage\":\"es\",\"potentialAction\":[{\"@type\":\"ReadAction\",\"target\":[\"https:\/\/www.ull.es\/portal\/campus-y-sostenibilidad\/docencia-2\/\"]}]},{\"@type\":\"BreadcrumbList\",\"@id\":\"https:\/\/www.ull.es\/portal\/campus-y-sostenibilidad\/docencia-2\/#breadcrumb\",\"itemListElement\":[{\"@type\":\"ListItem\",\"position\":1,\"name\":\"Portada\",\"item\":\"https:\/\/www.ull.es\/portal\/campus-y-sostenibilidad\/\"},{\"@type\":\"ListItem\",\"position\":2,\"name\":\"Docencia\"}]},{\"@type\":\"WebSite\",\"@id\":\"https:\/\/www.ull.es\/portal\/campus-y-sostenibilidad\/#website\",\"url\":\"https:\/\/www.ull.es\/portal\/campus-y-sostenibilidad\/\",\"name\":\"Sostenibilidad\",\"description\":\"\",\"potentialAction\":[{\"@type\":\"SearchAction\",\"target\":{\"@type\":\"EntryPoint\",\"urlTemplate\":\"https:\/\/www.ull.es\/portal\/campus-y-sostenibilidad\/?s={search_term_string}\"},\"query-input\":\"required name=search_term_string\"}],\"inLanguage\":\"es\"}]}<\/script>\n<!-- \/ Yoast SEO plugin. -->","yoast_head_json":{"title":"Docencia - Sostenibilidad","robots":{"index":"index","follow":"follow","max-snippet":"max-snippet:-1","max-image-preview":"max-image-preview:large","max-video-preview":"max-video-preview:-1"},"canonical":"https:\/\/www.ull.es\/portal\/campus-y-sostenibilidad\/docencia-2\/","og_locale":"es_ES","og_type":"article","og_title":"Docencia - Sostenibilidad","og_description":"[vc_row full_width=\u00bbstretch_row_content\u00bb equal_height=\u00bbyes\u00bb content_placement=\u00bbmiddle\u00bb css=\u00bb.vc_custom_1616056041201{padding-right: 5% !important;padding-left: 5% !important;background-color: #ededed !important;}\u00bb][vc_column width=\u00bb1\/2&#8243;][vc_empty_space height=\u00bb20px\u00bb][vc_column_text el_class=\u00bbsmall-text\u00bb] Campus y sostenibilidad\u00a0| Docencia e investigaci\u00f3n Docencia [\/vc_column_text][vc_empty_space height=\u00bb20px\u00bb][vc_column_text]El camino hacia un futuro sostenible requiere tecnolog\u00edas revolucionarias y, sobre todo, una educaci\u00f3n adecuada. En octubre de 2020 la Conferencia de Rectores y Rectoras de las Universidades Espa\u00f1olas (CRUE) present\u00f3 el documento...","og_url":"https:\/\/www.ull.es\/portal\/campus-y-sostenibilidad\/docencia-2\/","og_site_name":"Sostenibilidad","article_modified_time":"2021-03-18T08:39:42+00:00","twitter_card":"summary_large_image","twitter_misc":{"Tiempo de lectura":"6 minutos"},"schema":{"@context":"https:\/\/schema.org","@graph":[{"@type":"WebPage","@id":"https:\/\/www.ull.es\/portal\/campus-y-sostenibilidad\/docencia-2\/","url":"https:\/\/www.ull.es\/portal\/campus-y-sostenibilidad\/docencia-2\/","name":"Docencia - Sostenibilidad","isPartOf":{"@id":"https:\/\/www.ull.es\/portal\/campus-y-sostenibilidad\/#website"},"datePublished":"2018-12-10T10:12:38+00:00","dateModified":"2021-03-18T08:39:42+00:00","breadcrumb":{"@id":"https:\/\/www.ull.es\/portal\/campus-y-sostenibilidad\/docencia-2\/#breadcrumb"},"inLanguage":"es","potentialAction":[{"@type":"ReadAction","target":["https:\/\/www.ull.es\/portal\/campus-y-sostenibilidad\/docencia-2\/"]}]},{"@type":"BreadcrumbList","@id":"https:\/\/www.ull.es\/portal\/campus-y-sostenibilidad\/docencia-2\/#breadcrumb","itemListElement":[{"@type":"ListItem","position":1,"name":"Portada","item":"https:\/\/www.ull.es\/portal\/campus-y-sostenibilidad\/"},{"@type":"ListItem","position":2,"name":"Docencia"}]},{"@type":"WebSite","@id":"https:\/\/www.ull.es\/portal\/campus-y-sostenibilidad\/#website","url":"https:\/\/www.ull.es\/portal\/campus-y-sostenibilidad\/","name":"Sostenibilidad","description":"","potentialAction":[{"@type":"SearchAction","target":{"@type":"EntryPoint","urlTemplate":"https:\/\/www.ull.es\/portal\/campus-y-sostenibilidad\/?s={search_term_string}"},"query-input":"required name=search_term_string"}],"inLanguage":"es"}]}},"_links":{"self":[{"href":"https:\/\/www.ull.es\/portal\/campus-y-sostenibilidad\/wp-json\/wp\/v2\/pages\/84"}],"collection":[{"href":"https:\/\/www.ull.es\/portal\/campus-y-sostenibilidad\/wp-json\/wp\/v2\/pages"}],"about":[{"href":"https:\/\/www.ull.es\/portal\/campus-y-sostenibilidad\/wp-json\/wp\/v2\/types\/page"}],"author":[{"embeddable":true,"href":"https:\/\/www.ull.es\/portal\/campus-y-sostenibilidad\/wp-json\/wp\/v2\/users\/41"}],"replies":[{"embeddable":true,"href":"https:\/\/www.ull.es\/portal\/campus-y-sostenibilidad\/wp-json\/wp\/v2\/comments?post=84"}],"version-history":[{"count":48,"href":"https:\/\/www.ull.es\/portal\/campus-y-sostenibilidad\/wp-json\/wp\/v2\/pages\/84\/revisions"}],"predecessor-version":[{"id":887,"href":"https:\/\/www.ull.es\/portal\/campus-y-sostenibilidad\/wp-json\/wp\/v2\/pages\/84\/revisions\/887"}],"wp:attachment":[{"href":"https:\/\/www.ull.es\/portal\/campus-y-sostenibilidad\/wp-json\/wp\/v2\/media?parent=84"}],"curies":[{"name":"wp","href":"https:\/\/api.w.org\/{rel}","templated":true}]}}