{"id":87,"date":"2018-12-10T10:13:44","date_gmt":"2018-12-10T10:13:44","guid":{"rendered":"https:\/\/www.ull.es\/portal\/sostenibilidad\/?page_id=87"},"modified":"2021-03-18T09:02:18","modified_gmt":"2021-03-18T09:02:18","slug":"investigacion-y-transferencia-tecnologica","status":"publish","type":"page","link":"https:\/\/www.ull.es\/portal\/campus-y-sostenibilidad\/investigacion-y-transferencia-tecnologica\/","title":{"rendered":"Investigaci\u00f3n y Transferencia Tecnol\u00f3gica"},"content":{"rendered":"[vc_row full_width=\u00bbstretch_row_content\u00bb equal_height=\u00bbyes\u00bb content_placement=\u00bbmiddle\u00bb css=\u00bb.vc_custom_1616057209066{padding-right: 5% !important;padding-left: 5% !important;background-color: #ededed !important;}\u00bb][vc_column width=\u00bb1\/2&#8243;][vc_empty_space height=\u00bb20px\u00bb][vc_column_text el_class=\u00bbsmall-text\u00bb]\n<h5 style=\"text-align: left;color: #909090\">Campus y sostenibilidad\u00a0| Docencia e investigaci\u00f3n<\/h5>\n<h1 style=\"text-align: left;color: #004d7a\">Investigaci\u00f3n y transferencia tecnol\u00f3gica<\/h1>\n[\/vc_column_text][vc_empty_space height=\u00bb20px\u00bb][vc_column_text]<span style=\"font-weight: 400\">La investigaci\u00f3n y la transferencia de tecnolog\u00eda son importantes actividades que desarrolla la Universidad de La Laguna. La actividad investigadora contribuye a la resoluci\u00f3n de los problemas sociales y al progreso de la sociedad. La Universidad de La Laguna debe tener un papel relevante no s\u00f3lo en poner remedio a los impactos sobre el medio sino tambi\u00e9n ser capaz de prevenir dichos impactos, por medio del desarrollo de nuevos paradigmas, metodolog\u00edas y tecnolog\u00edas.<\/span>[\/vc_column_text][vc_empty_space height=\u00bb20px\u00bb][\/vc_column][vc_column width=\u00bb1\/2&#8243;][vc_empty_space height=\u00bb20px\u00bb][vc_video link=\u00bbhttps:\/\/www.youtube.com\/playlist?list=PLyI8YAENA9ihT1DHLVboe0doyaIan-chz\u00bb][vc_empty_space height=\u00bb20px\u00bb][\/vc_column][\/vc_row][vc_row full_width=\u00bbstretch_row_content\u00bb equal_height=\u00bbyes\u00bb content_placement=\u00bbmiddle\u00bb css=\u00bb.vc_custom_1616057189355{padding-right: 5% !important;padding-left: 5% !important;}\u00bb][vc_column width=\u00bb1\/2&#8243;][vc_empty_space height=\u00bb20px\u00bb][vc_single_image image=\u00bb888&#8243; img_size=\u00bbfull\u00bb][vc_empty_space height=\u00bb20px\u00bb][\/vc_column][vc_column width=\u00bb1\/2&#8243;][vc_empty_space height=\u00bb20px\u00bb][vc_column_text]<span style=\"font-weight: 400\">Los <\/span><a href=\"https:\/\/www.ull.es\/investigacion\/grupos-investigacion\/\" target=\"_blank\" rel=\"noopener\"><span style=\"font-weight: 400\">Grupos de Investigaci\u00f3n de la Universidad de La Laguna<\/span><\/a><span style=\"font-weight: 400\"> abordan en sus l\u00edneas de trabajo, parcial o totalmente, aspectos relacionados con la sostenibilidad.<\/span>[\/vc_column_text][vc_column_text]<span style=\"font-weight: 400\">La <\/span><a href=\"https:\/\/www.ull.es\/servicios\/otri\/\" target=\"_blank\" rel=\"noopener\"><span style=\"font-weight: 400\">Oficina de Transferencia de Resultados de Investigaci\u00f3n<\/span><\/a><span style=\"font-weight: 400\"> de la Universidad de La Laguna (OTRI) <\/span><span style=\"font-weight: 400\">es el servicio dependiente del Vicerrectorado de Investigaci\u00f3n encargado de establecer cauces de colaboraci\u00f3n y cooperaci\u00f3n entre la investigaci\u00f3n que se desarrolla en la universidad y el entorno socioecon\u00f3mico y empresarial.<\/span>[\/vc_column_text][vc_column_text]<span style=\"font-weight: 400\">El Vicerrectorado de Cultura, Participaci\u00f3n Social y Campus Ofra y La Palma desarrolla actuaciones dirigidas a profundizar en el v\u00ednculo entre la Universidad de La Laguna y la sociedad. Las <a href=\"https:\/\/www.ull.es\/la-universidad\/catedras-institucionales-empresa\/\" target=\"_blank\" rel=\"noopener\">C\u00e1tedras Institucionales y de Empresa<\/a> son instrumentos espec\u00edficos que facilitan la relaci\u00f3n entre la universidad y el entorno socioecon\u00f3mico y empresarial, con el objetivo de que las actividades que se desarrollen desde las mismas redunden, por un lado, en la comunidad universitaria y, por otro, sirvan de veh\u00edculo de transferencia y difusi\u00f3n de conocimiento, impulso de la investigaci\u00f3n, as\u00ed como de promoci\u00f3n de la innovaci\u00f3n socioecon\u00f3mica y tecnol\u00f3gica. <\/span><!-- \u00bfBerni podr\u00eda hacer alg\u00fan dise\u00f1o teniendo en cuenta esto? -->[\/vc_column_text][vc_empty_space height=\u00bb20px\u00bb][\/vc_column][\/vc_row][vc_row full_width=\u00bbstretch_row_content\u00bb equal_height=\u00bbyes\u00bb content_placement=\u00bbmiddle\u00bb css=\u00bb.vc_custom_1616057209066{padding-right: 5% !important;padding-left: 5% !important;background-color: #ededed !important;}\u00bb][vc_column width=\u00bb1\/2&#8243;][vc_empty_space height=\u00bb20px\u00bb][vc_column_text]<span style=\"font-weight: 400\">Las 15 <\/span><a href=\"https:\/\/www.ull.es\/la-universidad\/catedras-institucionales-empresa\/\" target=\"_blank\" rel=\"noopener\"><span style=\"font-weight: 400\">C\u00e1tedras Institucionales y de Empresa<\/span><\/a><span style=\"font-weight: 400\"> realizan, directa o indirectamente, acciones de impacto relacionadas con la Sostenibilidad. Destaca la actividad desarrollada por la C\u00e1tedra de Medio Ambiente y Desarrollo Sostenible Cabildo de Tenerife &#8211; Universidad de La Laguna.\u00a0 <\/span><\/p>\n<p><span style=\"font-weight: 400\">Asimismo, sus <\/span><a href=\"https:\/\/www.ull.es\/portal\/aulasycatedrasculturales\/\" target=\"_blank\" rel=\"noopener\"><span style=\"font-weight: 400\">Aulas y C\u00e1tedras Culturales<\/span><\/a><span style=\"font-weight: 400\"> tienen como objetivo promover la dinamizaci\u00f3n cultural y la participaci\u00f3n conjunta en actividades culturales. Se pueden destacar en este \u00e1mbito las siguientes Aulas y C\u00e1tedras culturales:<\/span><\/p>\n<p><span style=\"font-weight: 400\"><span class=\"m_3244573295169372242gmail-MsoHyperlink\"><a href=\"https:\/\/www.ull.es\/portal\/aulasycatedrasculturales\/catedra-cultural-globalizacion-migraciones-y-nuevas-ciudadanias\/\" target=\"_blank\" rel=\"noopener noreferrer\" data-saferedirecturl=\"https:\/\/www.google.com\/url?q=https:\/\/www.ull.es\/portal\/aulasycatedrasculturales\/catedra-cultural-globalizacion-migraciones-y-nuevas-ciudadanias\/&amp;source=gmail&amp;ust=1551964126472000&amp;usg=AFQjCNG_XFbqL5TK3GCdlBYagu4qqA2V9A\" target=\"_blank\" rel=\"noopener\">Globalizaci\u00f3n, migraciones y nuevas ciudadan\u00edas<\/a><\/span><\/span><\/p>\n<p><span style=\"font-weight: 400\"><span class=\"m_3244573295169372242gmail-MsoHyperlink\"><a href=\"https:\/\/www.ull.es\/portal\/aulasycatedrasculturales\/catedra-cultural-reduccion-de-riesgos-de-desastres-ciudades-resilientes\/\" target=\"_blank\" rel=\"noopener noreferrer\" data-saferedirecturl=\"https:\/\/www.google.com\/url?q=https:\/\/www.ull.es\/portal\/aulasycatedrasculturales\/catedra-cultural-reduccion-de-riesgos-de-desastres-ciudades-resilientes\/&amp;source=gmail&amp;ust=1551964126472000&amp;usg=AFQjCNHKERNe1SCUzkFltYT-HpsdiaAKIA\" target=\"_blank\" rel=\"noopener\">C\u00e1tedra Cultural Reducci\u00f3n de Riesgos de Desastres. Ciudades Resilientes<\/a><\/span><\/span><\/p>\n<p><span style=\"font-weight: 400\"><span class=\"m_3244573295169372242gmail-MsoHyperlink\"><a href=\"https:\/\/www.ull.es\/portal\/aulasycatedrasculturales\/catedra-de-convivencia-y-seguridad\/\" target=\"_blank\" rel=\"noopener noreferrer\" data-saferedirecturl=\"https:\/\/www.google.com\/url?q=https:\/\/www.ull.es\/portal\/aulasycatedrasculturales\/catedra-de-convivencia-y-seguridad\/&amp;source=gmail&amp;ust=1551964126472000&amp;usg=AFQjCNHnrmuYjUbY-ayWlxHO4vXSzyI90A\" target=\"_blank\" rel=\"noopener\">C\u00e1tedra Cultural Convivencia y Seguridad<\/a><\/span><\/span><\/p>\n<p><span style=\"font-weight: 400\"><span class=\"m_3244573295169372242gmail-MsoHyperlink\"><a href=\"https:\/\/www.ull.es\/portal\/aulasycatedrasculturales\/aula-turismo-cultural\" target=\"_blank\" rel=\"noopener noreferrer\" data-saferedirecturl=\"https:\/\/www.google.com\/url?q=https:\/\/www.ull.es\/portal\/aulasycatedrasculturales\/aula-turismo-cultural&amp;source=gmail&amp;ust=1551964126472000&amp;usg=AFQjCNF1jKDW622HUy18M6N335AHBQjx0w\" target=\"_blank\" rel=\"noopener\">Aula Cultural de Turismo Cultural<\/a><\/span><\/span><\/p>\n<div class=\"yj6qo ajU\"><\/div>\n[\/vc_column_text][vc_empty_space height=\u00bb20px\u00bb][\/vc_column][vc_column width=\u00bb1\/2&#8243;][vc_empty_space height=\u00bb20px\u00bb][vc_single_image image=\u00bb890&#8243; img_size=\u00bbfull\u00bb][vc_empty_space height=\u00bb20px\u00bb][\/vc_column][\/vc_row][vc_row full_width=\u00bbstretch_row_content\u00bb equal_height=\u00bbyes\u00bb content_placement=\u00bbmiddle\u00bb css=\u00bb.vc_custom_1616057189355{padding-right: 5% !important;padding-left: 5% !important;}\u00bb][vc_column width=\u00bb1\/2&#8243;][vc_empty_space height=\u00bb20px\u00bb][vc_single_image image=\u00bb889&#8243; img_size=\u00bbfull\u00bb][vc_empty_space height=\u00bb20px\u00bb][\/vc_column][vc_column width=\u00bb1\/2&#8243;][vc_empty_space height=\u00bb20px\u00bb][vc_column_text]Adem\u00e1s, el Vicerrectorado de Cultura, Participaci\u00f3n Social y Campus Ofra y La Palma desarrolla la estrategia de\u00a0<a href=\"https:\/\/www.ull.es\/portal\/responsabilidad-social\/\" target=\"_blank\" rel=\"noopener\">Responsabilidad Social Universitaria (RSU)<\/a>\u00a0Sus actuaciones exigen articular las diversas partes que conforman la Universidad de La Laguna en un proyecto de promoci\u00f3n social que contemple principios \u00e9ticos y de desarrollo social equitativo y sostenible, para la producci\u00f3n y transmisi\u00f3n de saberes comprometidos con la sociedad y la formaci\u00f3n de ciudadanos responsables.<\/p>\n<p>Algunos de los diferentes ejes tem\u00e1ticos que son abordados por la pol\u00edtica de Responsabilidad Social de la Universidad de La Laguna, son los siguientes: desarrollo humano y calidad de vida; desarrollo econ\u00f3mico, generaci\u00f3n de riqueza y redistribuci\u00f3n; desarrollo tecno-cient\u00edfico sostenible; protecci\u00f3n del Medioambiente; cambio clim\u00e1tico; transici\u00f3n energ\u00e9tica; desarrollo ciudadano, democracia, capital social buena gobernanza; Estado del bienestar; desarrollo cultural; ayuda humanitaria, asistencia y cooperaci\u00f3n al desarrollo; generaci\u00f3n de empleo de calidad y futuro del trabajo; emprendimiento social; atenci\u00f3n a la diversidad; voluntariado y Aprendizaje Servicio; compromiso con las personas mayores; movilidad; pr\u00e1cticas comunitarias colaborativas; cuidados cercanos; etc.[\/vc_column_text][vc_empty_space height=\u00bb20px\u00bb][\/vc_column][\/vc_row][vc_row full_width=\u00bbstretch_row_content\u00bb equal_height=\u00bbyes\u00bb content_placement=\u00bbmiddle\u00bb css=\u00bb.vc_custom_1616057209066{padding-right: 5% !important;padding-left: 5% !important;background-color: #ededed !important;}\u00bb][vc_column width=\u00bb1\/2&#8243;][vc_empty_space height=\u00bb20px\u00bb][vc_column_text]Todas esas actuaciones est\u00e1n dirigidas a alinear a la Universidad de la Laguna con los objetivos de la Agenda 2030 de Desarrollo Sostenible.<br \/>\nDe manera espec\u00edfica, en el \u00e1mbito de investigaci\u00f3n y la transferencia del conocimiento, las actuaciones de Responsabilidad Social Universitaria (RSU) est\u00e1n orientadas a<\/p>\n<ul>\n<li>Promover una investigaci\u00f3n comprometida con la soluci\u00f3n de los problemas sociales y el desarrollo end\u00f3geno regional.<\/li>\n<li>Fomentar un enfoque investigador multidisciplinar e interdisciplinar para abordar la problem\u00e1tica social.<\/li>\n<li>Impulsar actividades de investigaci\u00f3n en tem\u00e1ticas relacionadas con la Sostenibilidad Social econ\u00f3mica y ambiental.<\/li>\n<\/ul>\n[\/vc_column_text][vc_empty_space height=\u00bb20px\u00bb][\/vc_column][vc_column width=\u00bb1\/2&#8243;][vc_empty_space height=\u00bb20px\u00bb][vc_single_image image=\u00bb891&#8243; img_size=\u00bbfull\u00bb][vc_empty_space height=\u00bb20px\u00bb][\/vc_column][\/vc_row][vc_row full_width=\u00bbstretch_row_content\u00bb content_placement=\u00bbtop\u00bb css=\u00bb.vc_custom_1616057218192{padding-right: 5% !important;padding-left: 5% !important;background-color: #ededed !important;}\u00bb][vc_column][vc_separator color=\u00bbcustom\u00bb accent_color=\u00bb#004d7a\u00bb][vc_empty_space height=\u00bb20px\u00bb][vc_raw_html]JTNDZGl2JTIwY2xhc3MlM0QlMjJ0b2RvJTIyJTNFJTBBJTNDZGl2JTIwY2xhc3MlM0QlMjJjb250YWluZXIxJTIyJTNFJTBBJTNDYSUyMGNsYXNzJTNEJTIybGVhJTIyJTIwc3R5bGUlM0QlMjJjb2xvciUzQSUyMzAwNGQ3YSUzQiUyMiUyMGhyZWYlM0QlMjJodHRwcyUzQSUyRiUyRnd3dy51bGwuZXMlMkZwb3J0YWwlMkZjYW1wdXMteS1zb3N0ZW5pYmlsaWRhZCUyRmRvY2VuY2lhLTIlMkYlMjIlM0UlMEElM0NkaXYlMjBjbGFzcyUzRCUyMmNsaWVudDElMjIlM0UlMEElM0NkaXYlMjBjbGFzcyUzRCUyMmxvZ28lMjIlM0UlMEElM0NkaXYlMjBjbGFzcyUzRCUyMnZjX2ljb25fZWxlbWVudC1pY29uJTIwZmElMjBmYS1ncmFkdWF0aW9uLWNhcCUyMiUyMHN0eWxlJTNEJTIyZm9udC1zaXplJTNBJTIwMzBweCUyMCUyMWltcG9ydGFudCUzQiUyMG1hcmdpbi10b3AlM0ElMjAxOXB4JTIwJTIxaW1wb3J0YW50JTNCJTIwbWFyZ2luLWxlZnQlM0ElMjA1cHglMjAlMjFpbXBvcnRhbnQlM0IlMjIlM0UlM0MlMkZkaXYlM0UlMEElM0MlMkZkaXYlM0UlMEElM0NoMiUzRURPQ0VOQ0lBJTNDJTJGaDIlM0UlMEElM0NoMyUzRSUzQyUyRmgzJTNFJTBBJTNDJTJGZGl2JTNFJTNDJTJGYSUzRSUwQSUzQyUyRmRpdiUzRSUwQSUzQ2RpdiUyMGNsYXNzJTNEJTIyY29udGFpbmVyMSUyMiUzRSUwQSUzQ2ElMjBjbGFzcyUzRCUyMmxlYSUyMiUyMHN0eWxlJTNEJTIyY29sb3IlM0ElMjMwMDRkN2ElM0IlMjIlMjBocmVmJTNEJTIyaHR0cHMlM0ElMkYlMkZ3d3cudWxsLmVzJTJGcG9ydGFsJTJGY2FtcHVzLXktc29zdGVuaWJpbGlkYWQlMkZpbnZlc3RpZ2FjaW9uLXktdHJhbnNmZXJlbmNpYS10ZWNub2xvZ2ljYSUyRiUyMiUzRSUzQ2RpdiUyMGNsYXNzJTNEJTIyY2xpZW50MSUyMiUzRSUwQSUzQ2RpdiUyMGNsYXNzJTNEJTIybG9nbyUyMiUzRSUwQSUzQ2RpdiUyMGNsYXNzJTNEJTIydmNfaWNvbl9lbGVtZW50LWljb24lMjBmYSUyMGZhLWZpbHRlciUyMiUyMHN0eWxlJTNEJTIyZm9udC1zaXplJTNBJTIwMzBweCUyMCUyMWltcG9ydGFudCUzQiUyMG1hcmdpbi10b3AlM0ElMjAxOHB4JTIwJTIxaW1wb3J0YW50JTNCJTIwbWFyZ2luLWxlZnQlM0ElMjAycHglMjAlMjFpbXBvcnRhbnQlM0IlMjIlM0UlM0MlMkZkaXYlM0UlMEElM0MlMkZkaXYlM0UlMEElM0NoMiUzRUlOVkVTVElHQUNJJUMzJTkzTiUzQyUyRmgyJTNFJTBBJTNDaDMlM0UlM0MlMkZoMyUzRSUwQSUzQyUyRmRpdiUzRSUzQyUyRmElM0UlMEElM0MlMkZkaXYlM0UlMEElM0MlMkZkaXYlM0U=[\/vc_raw_html][vc_empty_space height=\u00bb20px\u00bb][\/vc_column][\/vc_row]\n","protected":false},"excerpt":{"rendered":"<p>[vc_row full_width=\u00bbstretch_row_content\u00bb equal_height=\u00bbyes\u00bb content_placement=\u00bbmiddle\u00bb css=\u00bb.vc_custom_1616057209066{padding-right: 5% !important;padding-left: 5% !important;background-color: #ededed !important;}\u00bb][vc_column width=\u00bb1\/2&#8243;][vc_empty_space height=\u00bb20px\u00bb][vc_column_text el_class=\u00bbsmall-text\u00bb] Campus y sostenibilidad\u00a0| Docencia e investigaci\u00f3n Investigaci\u00f3n y transferencia tecnol\u00f3gica [\/vc_column_text][vc_empty_space height=\u00bb20px\u00bb][vc_column_text]La investigaci\u00f3n y la transferencia de tecnolog\u00eda son importantes actividades que desarrolla la Universidad de La Laguna. La actividad investigadora contribuye a la resoluci\u00f3n de los problemas sociales y al&#8230;<\/p>\n","protected":false},"author":41,"featured_media":0,"parent":0,"menu_order":0,"comment_status":"closed","ping_status":"closed","template":"templates\/template-no-title.php","meta":{"inline_featured_image":false,"footnotes":""},"acf":[],"yoast_head":"<!-- This site is optimized with the Yoast SEO plugin v21.3 - https:\/\/yoast.com\/wordpress\/plugins\/seo\/ -->\n<title>Investigaci\u00f3n y Transferencia Tecnol\u00f3gica - Sostenibilidad<\/title>\n<meta name=\"robots\" content=\"index, follow, max-snippet:-1, max-image-preview:large, max-video-preview:-1\" \/>\n<link rel=\"canonical\" href=\"https:\/\/www.ull.es\/portal\/campus-y-sostenibilidad\/investigacion-y-transferencia-tecnologica\/\" \/>\n<meta property=\"og:locale\" content=\"es_ES\" \/>\n<meta property=\"og:type\" content=\"article\" \/>\n<meta property=\"og:title\" content=\"Investigaci\u00f3n y Transferencia Tecnol\u00f3gica - Sostenibilidad\" \/>\n<meta property=\"og:description\" content=\"[vc_row full_width=\u00bbstretch_row_content\u00bb equal_height=\u00bbyes\u00bb content_placement=\u00bbmiddle\u00bb css=\u00bb.vc_custom_1616057209066{padding-right: 5% !important;padding-left: 5% !important;background-color: #ededed !important;}\u00bb][vc_column width=\u00bb1\/2&#8243;][vc_empty_space height=\u00bb20px\u00bb][vc_column_text el_class=\u00bbsmall-text\u00bb] Campus y sostenibilidad\u00a0| Docencia e investigaci\u00f3n Investigaci\u00f3n y transferencia tecnol\u00f3gica [\/vc_column_text][vc_empty_space height=\u00bb20px\u00bb][vc_column_text]La investigaci\u00f3n y la transferencia de tecnolog\u00eda son importantes actividades que desarrolla la Universidad de La Laguna. La actividad investigadora contribuye a la resoluci\u00f3n de los problemas sociales y al...\" \/>\n<meta property=\"og:url\" content=\"https:\/\/www.ull.es\/portal\/campus-y-sostenibilidad\/investigacion-y-transferencia-tecnologica\/\" \/>\n<meta property=\"og:site_name\" content=\"Sostenibilidad\" \/>\n<meta property=\"article:modified_time\" content=\"2021-03-18T09:02:18+00:00\" \/>\n<meta name=\"twitter:card\" content=\"summary_large_image\" \/>\n<meta name=\"twitter:label1\" content=\"Tiempo de lectura\" \/>\n\t<meta name=\"twitter:data1\" content=\"6 minutos\" \/>\n<script type=\"application\/ld+json\" class=\"yoast-schema-graph\">{\"@context\":\"https:\/\/schema.org\",\"@graph\":[{\"@type\":\"WebPage\",\"@id\":\"https:\/\/www.ull.es\/portal\/campus-y-sostenibilidad\/investigacion-y-transferencia-tecnologica\/\",\"url\":\"https:\/\/www.ull.es\/portal\/campus-y-sostenibilidad\/investigacion-y-transferencia-tecnologica\/\",\"name\":\"Investigaci\u00f3n y Transferencia Tecnol\u00f3gica - Sostenibilidad\",\"isPartOf\":{\"@id\":\"https:\/\/www.ull.es\/portal\/campus-y-sostenibilidad\/#website\"},\"datePublished\":\"2018-12-10T10:13:44+00:00\",\"dateModified\":\"2021-03-18T09:02:18+00:00\",\"breadcrumb\":{\"@id\":\"https:\/\/www.ull.es\/portal\/campus-y-sostenibilidad\/investigacion-y-transferencia-tecnologica\/#breadcrumb\"},\"inLanguage\":\"es\",\"potentialAction\":[{\"@type\":\"ReadAction\",\"target\":[\"https:\/\/www.ull.es\/portal\/campus-y-sostenibilidad\/investigacion-y-transferencia-tecnologica\/\"]}]},{\"@type\":\"BreadcrumbList\",\"@id\":\"https:\/\/www.ull.es\/portal\/campus-y-sostenibilidad\/investigacion-y-transferencia-tecnologica\/#breadcrumb\",\"itemListElement\":[{\"@type\":\"ListItem\",\"position\":1,\"name\":\"Portada\",\"item\":\"https:\/\/www.ull.es\/portal\/campus-y-sostenibilidad\/\"},{\"@type\":\"ListItem\",\"position\":2,\"name\":\"Investigaci\u00f3n y Transferencia Tecnol\u00f3gica\"}]},{\"@type\":\"WebSite\",\"@id\":\"https:\/\/www.ull.es\/portal\/campus-y-sostenibilidad\/#website\",\"url\":\"https:\/\/www.ull.es\/portal\/campus-y-sostenibilidad\/\",\"name\":\"Sostenibilidad\",\"description\":\"\",\"potentialAction\":[{\"@type\":\"SearchAction\",\"target\":{\"@type\":\"EntryPoint\",\"urlTemplate\":\"https:\/\/www.ull.es\/portal\/campus-y-sostenibilidad\/?s={search_term_string}\"},\"query-input\":\"required name=search_term_string\"}],\"inLanguage\":\"es\"}]}<\/script>\n<!-- \/ Yoast SEO plugin. -->","yoast_head_json":{"title":"Investigaci\u00f3n y Transferencia Tecnol\u00f3gica - Sostenibilidad","robots":{"index":"index","follow":"follow","max-snippet":"max-snippet:-1","max-image-preview":"max-image-preview:large","max-video-preview":"max-video-preview:-1"},"canonical":"https:\/\/www.ull.es\/portal\/campus-y-sostenibilidad\/investigacion-y-transferencia-tecnologica\/","og_locale":"es_ES","og_type":"article","og_title":"Investigaci\u00f3n y Transferencia Tecnol\u00f3gica - Sostenibilidad","og_description":"[vc_row full_width=\u00bbstretch_row_content\u00bb equal_height=\u00bbyes\u00bb content_placement=\u00bbmiddle\u00bb css=\u00bb.vc_custom_1616057209066{padding-right: 5% !important;padding-left: 5% !important;background-color: #ededed !important;}\u00bb][vc_column width=\u00bb1\/2&#8243;][vc_empty_space height=\u00bb20px\u00bb][vc_column_text el_class=\u00bbsmall-text\u00bb] Campus y sostenibilidad\u00a0| Docencia e investigaci\u00f3n Investigaci\u00f3n y transferencia tecnol\u00f3gica [\/vc_column_text][vc_empty_space height=\u00bb20px\u00bb][vc_column_text]La investigaci\u00f3n y la transferencia de tecnolog\u00eda son importantes actividades que desarrolla la Universidad de La Laguna. La actividad investigadora contribuye a la resoluci\u00f3n de los problemas sociales y al...","og_url":"https:\/\/www.ull.es\/portal\/campus-y-sostenibilidad\/investigacion-y-transferencia-tecnologica\/","og_site_name":"Sostenibilidad","article_modified_time":"2021-03-18T09:02:18+00:00","twitter_card":"summary_large_image","twitter_misc":{"Tiempo de lectura":"6 minutos"},"schema":{"@context":"https:\/\/schema.org","@graph":[{"@type":"WebPage","@id":"https:\/\/www.ull.es\/portal\/campus-y-sostenibilidad\/investigacion-y-transferencia-tecnologica\/","url":"https:\/\/www.ull.es\/portal\/campus-y-sostenibilidad\/investigacion-y-transferencia-tecnologica\/","name":"Investigaci\u00f3n y Transferencia Tecnol\u00f3gica - Sostenibilidad","isPartOf":{"@id":"https:\/\/www.ull.es\/portal\/campus-y-sostenibilidad\/#website"},"datePublished":"2018-12-10T10:13:44+00:00","dateModified":"2021-03-18T09:02:18+00:00","breadcrumb":{"@id":"https:\/\/www.ull.es\/portal\/campus-y-sostenibilidad\/investigacion-y-transferencia-tecnologica\/#breadcrumb"},"inLanguage":"es","potentialAction":[{"@type":"ReadAction","target":["https:\/\/www.ull.es\/portal\/campus-y-sostenibilidad\/investigacion-y-transferencia-tecnologica\/"]}]},{"@type":"BreadcrumbList","@id":"https:\/\/www.ull.es\/portal\/campus-y-sostenibilidad\/investigacion-y-transferencia-tecnologica\/#breadcrumb","itemListElement":[{"@type":"ListItem","position":1,"name":"Portada","item":"https:\/\/www.ull.es\/portal\/campus-y-sostenibilidad\/"},{"@type":"ListItem","position":2,"name":"Investigaci\u00f3n y Transferencia Tecnol\u00f3gica"}]},{"@type":"WebSite","@id":"https:\/\/www.ull.es\/portal\/campus-y-sostenibilidad\/#website","url":"https:\/\/www.ull.es\/portal\/campus-y-sostenibilidad\/","name":"Sostenibilidad","description":"","potentialAction":[{"@type":"SearchAction","target":{"@type":"EntryPoint","urlTemplate":"https:\/\/www.ull.es\/portal\/campus-y-sostenibilidad\/?s={search_term_string}"},"query-input":"required name=search_term_string"}],"inLanguage":"es"}]}},"_links":{"self":[{"href":"https:\/\/www.ull.es\/portal\/campus-y-sostenibilidad\/wp-json\/wp\/v2\/pages\/87"}],"collection":[{"href":"https:\/\/www.ull.es\/portal\/campus-y-sostenibilidad\/wp-json\/wp\/v2\/pages"}],"about":[{"href":"https:\/\/www.ull.es\/portal\/campus-y-sostenibilidad\/wp-json\/wp\/v2\/types\/page"}],"author":[{"embeddable":true,"href":"https:\/\/www.ull.es\/portal\/campus-y-sostenibilidad\/wp-json\/wp\/v2\/users\/41"}],"replies":[{"embeddable":true,"href":"https:\/\/www.ull.es\/portal\/campus-y-sostenibilidad\/wp-json\/wp\/v2\/comments?post=87"}],"version-history":[{"count":49,"href":"https:\/\/www.ull.es\/portal\/campus-y-sostenibilidad\/wp-json\/wp\/v2\/pages\/87\/revisions"}],"predecessor-version":[{"id":892,"href":"https:\/\/www.ull.es\/portal\/campus-y-sostenibilidad\/wp-json\/wp\/v2\/pages\/87\/revisions\/892"}],"wp:attachment":[{"href":"https:\/\/www.ull.es\/portal\/campus-y-sostenibilidad\/wp-json\/wp\/v2\/media?parent=87"}],"curies":[{"name":"wp","href":"https:\/\/api.w.org\/{rel}","templated":true}]}}