{"id":957,"date":"2024-09-06T07:40:35","date_gmt":"2024-09-06T07:40:35","guid":{"rendered":"https:\/\/www.ull.es\/portal\/campus-y-sostenibilidad\/?page_id=957"},"modified":"2026-02-24T08:29:09","modified_gmt":"2026-02-24T08:29:09","slug":"huella-de-carbono","status":"publish","type":"page","link":"https:\/\/www.ull.es\/portal\/campus-y-sostenibilidad\/huella-de-carbono\/","title":{"rendered":"Huella de carbono"},"content":{"rendered":"[vc_row full_width=\u00bbstretch_row_content_no_spaces\u00bb equal_height=\u00bbyes\u00bb content_placement=\u00bbmiddle\u00bb disable_element=\u00bbyes\u00bb css=\u00bb.vc_custom_1725617770427{padding-right: 5% !important;padding-left: 5% !important;background-color: #ededed !important;}\u00bb el_class=\u00bbfull-me\u00bb][vc_column width=\u00bb1\/2&#8243; css=\u00bb.vc_custom_1616002883699{padding-right: 5% !important;padding-left: 5% !important;}\u00bb][vc_empty_space height=\u00bb20px\u00bb][vc_column_text el_class=\u00bbsmall-text\u00bb]\n<h1 style=\"text-align: left; color: #004d7a;\">Huella de carbono<\/h1>\n[\/vc_column_text][\/vc_column][vc_column width=\u00bb1\/2&#8243; el_class=\u00bbfoto\u00bb][\/vc_column][\/vc_row][vc_row full_width=\u00bbstretch_row_content_no_spaces\u00bb equal_height=\u00bbyes\u00bb content_placement=\u00bbmiddle\u00bb css=\u00bb.vc_custom_1725617698051{padding-right: 5% !important;padding-left: 3.5% !important;background-color: #ededed !important;}\u00bb el_class=\u00bbfull-me\u00bb][vc_column width=\u00bb1\/2&#8243; css=\u00bb.vc_custom_1616002883699{padding-right: 5% !important;padding-left: 5% !important;}\u00bb][vc_column_text]\n<h1 style=\"text-align: left; color: #004d7a;\">Huella de carbono<\/h1>\n<p>La huella de carbono es un indicador ambiental que representa el volumen total de gases de efecto invernadero (GEI) que producen las actividades desarrolladas por la comunidad universitaria en la Universidad de La Lagua.<\/p>\n<p>El dato se expresa en toneladas de CO2 equivalentes emitidas. La importancia del indicador radica en la posibilidad de establecer mejoras para reducir, en la medida de lo posible, ese valor.<\/p>\n<p>La ULL registra en el Ministerio para la Transici\u00f3n Ecol\u00f3gica y el Reto Demogr\u00e1fico el c\u00e1lculo de su huella por primera vez en el a\u00f1o 2022. En la huella calculada incluye actividades de docencia e investigaci\u00f3n que son desarrolladas en los distintos campus, as\u00ed como en los edificios de uso residencial (colegios mayores). El valor de la huella calculada en el 2022 es de 3209,29 toneladas de CO2 equivalente.[\/vc_column_text][\/vc_column][vc_column width=\u00bb1\/2&#8243; el_class=\u00bbfoto\u00bb][vc_empty_space height=\u00bb20px\u00bb][vc_empty_space height=\u00bb20px\u00bb][vc_empty_space height=\u00bb20px\u00bb][vc_single_image image=\u00bb955&#8243; img_size=\u00bblarge\u00bb][\/vc_column][\/vc_row][vc_row full_width=\u00bbstretch_row_content_no_spaces\u00bb equal_height=\u00bbyes\u00bb content_placement=\u00bbmiddle\u00bb css=\u00bb.vc_custom_1725617528781{background-color: #ededed !important;}\u00bb el_class=\u00bbfull-me\u00bb][vc_column css=\u00bb.vc_custom_1616002883699{padding-right: 5% !important;padding-left: 5% !important;}\u00bb][vc_column_text]El c\u00e1lculo de la huella recoge el alcance 1 que corresponde a todas las fuentes de emisiones de gases de efecto invernadero que sean propiedad o son controladas por la universidad, as\u00ed como el alcance 2 correspondiente al consumo el\u00e9ctrico en edificios y veh\u00edculos, as\u00ed como el consumo de otras energ\u00edas.<\/p>\n<p>El c\u00e1lculo de la huella de carbono est\u00e1 relacionado con el cumplimiento de las metas del Objetivo del Desarrollo Sostenible 13: Acci\u00f3n por el clima y con la Agenda Canaria de Desarrollo Sostenible. De este modo, este c\u00e1lculo permite incorporar medidas relativas al cambio clim\u00e1tico en las pol\u00edticas, estrategias y planes desarrollados en Canarias, tanto regionales como insulares y municipales y en el caso de la ULL, institucionales.<\/p>\n<ul>\n<li><a href=\"https:\/\/drive.google.com\/file\/d\/1oE-eXf4H6pXMTvyLlORmTx_ly7PtNXZk\/view?usp=sharing\" target=\"_blank\" rel=\"noopener\">Certificado \u201cCalculo\u201d de la huella de carbono 2024 de la Universidad de La Laguna<\/a><\/li>\n<li><a href=\"https:\/\/drive.google.com\/file\/d\/1NOTAPXrOMiZHKxx5BI615Z8W4SZSV2SL\/view\" target=\"_blank\" rel=\"noopener\" target=\"_blank\" rel=\"noopener\">Certificado \u201cCalculo\u201d de la huella de carbono 2023 de la Universidad de La Laguna<\/a><\/li>\n<li><a href=\"https:\/\/www.ull.es\/portal\/campus-y-sostenibilidad\/wp-content\/uploads\/sites\/27\/2024\/09\/Certificado-2024-a0988-CERTIFICADO-INSCRIPCION_2022_C.pdf\" target=\"_blank\" rel=\"noopener\">Certificado \u201cCalculo\u201d de la huella de carbono 2022 de la Universidad de La Laguna<\/a><\/li>\n<\/ul>\n[\/vc_column_text][vc_empty_space height=\u00bb20px\u00bb][\/vc_column][\/vc_row][vc_row full_width=\u00bbstretch_row_content\u00bb content_placement=\u00bbmiddle\u00bb disable_element=\u00bbyes\u00bb css=\u00bb.vc_custom_1725615234430{padding-right: 5% !important;padding-left: 5% !important;background-color: #ffffff !important;}\u00bb][vc_column][vc_raw_html]JTNDZGl2JTIwY2xhc3MlM0QlMjJ0b2RvJTIyJTNFJTBBJTBBJTNDZGl2JTIwY2xhc3MlM0QlMjJjb250YWluZXIxJTIyJTNFJTBBJTNDYSUyMGNsYXNzJTNEJTIybGVhJTIyJTIwc3R5bGUlM0QlMjJjb2xvciUzQSUyMzAwNGQ3YSUzQiUyMiUyMGhyZWYlM0QlMjIlMkZwb3J0YWwlMkZjYW1wdXMteS1zb3N0ZW5pYmlsaWRhZCUyRm1pc2lvbi15LXBvbGl0aWNhLWRlLXNvc3RlbmliaWxpZGFkJTJGJTIyJTNFJTNDZGl2JTIwY2xhc3MlM0QlMjJjbGllbnQxJTIyJTNFJTBBJTNDZGl2JTIwY2xhc3MlM0QlMjJsb2dvJTIyJTNFJTBBJTNDZGl2JTIwY2xhc3MlM0QlMjJ2Y19pY29uX2VsZW1lbnQtaWNvbiUyMGZhJTIwZmEtdXNlci1wbHVzJTIyJTIwc3R5bGUlM0QlMjJmb250LXNpemUlM0ElMjAzMHB4JTIwJTIxaW1wb3J0YW50JTNCJTIwbWFyZ2luLXRvcCUzQSUyMDE5cHglMjAlMjFpbXBvcnRhbnQlM0IlMjBtYXJnaW4tbGVmdCUzQSUyMDVweCUyMCUyMWltcG9ydGFudCUzQiUyMiUzRSUzQyUyRmRpdiUzRSUwQSUzQyUyRmRpdiUzRSUwQSUzQ2gyJTNFTUlTSSVDMyU5M04lM0MlMkZoMiUzRSUwQSUzQ2gzJTNFJTNDJTJGaDMlM0UlMEElM0MlMkZkaXYlM0UlM0MlMkZhJTNFJTBBJTNDJTJGZGl2JTNFJTBBJTBBJTNDZGl2JTIwY2xhc3MlM0QlMjJjb250YWluZXIxJTIyJTNFJTBBJTNDYSUyMGNsYXNzJTNEJTIybGVhJTIyJTIwc3R5bGUlM0QlMjJjb2xvciUzQSUyMzAwNGQ3YSUzQiUyMiUyMGhyZWYlM0QlMjIlMkZwb3J0YWwlMkZjYW1wdXMteS1zb3N0ZW5pYmlsaWRhZCUyRmltcGxpY2FjaW9uLXktc2Vuc2liaWxpZGFkLWRlLWxhLWNvbXVuaWRhZC11bml2ZXJzaXRhcmlhJTJGJTIyJTNFJTNDZGl2JTIwY2xhc3MlM0QlMjJjbGllbnQxJTIyJTNFJTBBJTNDZGl2JTIwY2xhc3MlM0QlMjJsb2dvJTIyJTNFJTBBJTNDZGl2JTIwY2xhc3MlM0QlMjJ2Y19pY29uX2VsZW1lbnQtaWNvbiUyMGZhJTIwZmEtdGh1bWJzLXVwJTIyJTIwc3R5bGUlM0QlMjJmb250LXNpemUlM0ElMjAzMHB4JTIwJTIxaW1wb3J0YW50JTNCJTIwbWFyZ2luLXRvcCUzQSUyMDE4cHglMjAlMjFpbXBvcnRhbnQlM0IlMjBtYXJnaW4tbGVmdCUzQSUyMDJweCUyMCUyMWltcG9ydGFudCUzQiUyMiUzRSUzQyUyRmRpdiUzRSUwQSUzQyUyRmRpdiUzRSUwQSUzQ2gyJTNFSU1QTElDQUNJJUMzJTkzTiUzQyUyRmgyJTNFJTBBJTNDaDMlM0UlM0MlMkZoMyUzRSUwQSUzQyUyRmRpdiUzRSUzQyUyRmElM0UlMEElM0MlMkZkaXYlM0UlMEElMEElM0NkaXYlMjBjbGFzcyUzRCUyMmNvbnRhaW5lcjElMjIlM0UlMEElM0NhJTIwY2xhc3MlM0QlMjJsZWElMjIlMjBzdHlsZSUzRCUyMmNvbG9yJTNBJTIzMDA0ZDdhJTNCJTIyJTIwaHJlZiUzRCUyMiUyRnBvcnRhbCUyRmNhbXB1cy15LXNvc3RlbmliaWxpZGFkJTJGZXZhbHVhY2lvbi1kZS1sYS1zb3N0ZW5pYmlsaWRhZCUyRiUyMiUzRSUzQ2RpdiUyMGNsYXNzJTNEJTIyY2xpZW50MSUyMiUzRSUwQSUzQ2RpdiUyMGNsYXNzJTNEJTIybG9nbyUyMiUzRSUwQSUzQ2RpdiUyMGNsYXNzJTNEJTIydmNfaWNvbl9lbGVtZW50LWljb24lMjBmYSUyMGZhLWV4Y2hhbmdlJTIyJTIwc3R5bGUlM0QlMjJmb250LXNpemUlM0ElMjAzMHB4JTIwJTIxaW1wb3J0YW50JTNCJTIwbWFyZ2luLXRvcCUzQSUyMDE4cHglMjAlMjFpbXBvcnRhbnQlM0IlMjBtYXJnaW4tbGVmdCUzQSUyMDJweCUyMCUyMWltcG9ydGFudCUzQiUyMiUzRSUzQyUyRmRpdiUzRSUwQSUzQyUyRmRpdiUzRSUwQSUzQ2gyJTNFRVZBTFVBQ0klQzMlOTNOJTNDJTJGaDIlM0UlMEElM0MlMkZkaXYlM0UlM0MlMkZhJTNFJTBBJTNDJTJGZGl2JTNFJTBBJTBBJTNDZGl2JTIwY2xhc3MlM0QlMjJjb250YWluZXIxJTIyJTNFJTBBJTNDYSUyMGNsYXNzJTNEJTIybGVhJTIyJTIwc3R5bGUlM0QlMjJjb2xvciUzQSUyMzAwNGQ3YSUzQiUyMiUyMGhyZWYlM0QlMjJodHRwcyUzQSUyRiUyRnd3dy51bGwuZXMlMkZwb3J0YWwlMkZjYW1wdXMteS1zb3N0ZW5pYmlsaWRhZCUyRnJlc3VsdGFkb3MtZS1pbmRpY2Fkb3JlcyUyRiUyMiUzRSUzQ2RpdiUyMGNsYXNzJTNEJTIyY2xpZW50MSUyMiUzRSUwQSUzQ2RpdiUyMGNsYXNzJTNEJTIybG9nbyUyMiUzRSUwQSUzQ2RpdiUyMGNsYXNzJTNEJTIydmNfaWNvbl9lbGVtZW50LWljb24lMjBmYSUyMGZhLWxpbmUtY2hhcnQlMjIlMjBzdHlsZSUzRCUyMmZvbnQtc2l6ZSUzQSUyMDMwcHglMjAlMjFpbXBvcnRhbnQlM0IlMjBtYXJnaW4tdG9wJTNBJTIwMThweCUyMCUyMWltcG9ydGFudCUzQiUyMG1hcmdpbi1sZWZ0JTNBJTIwMnB4JTIwJTIxaW1wb3J0YW50JTNCJTIyJTNFJTNDJTJGZGl2JTNFJTBBJTNDJTJGZGl2JTNFJTBBJTNDaDIlM0VSRVNVTFRBRE9TJTNDJTJGaDIlM0UlMEElM0MlMkZkaXYlM0UlM0MlMkZhJTNFJTBBJTNDJTJGZGl2JTNFJTBBJTBBJTNDJTJGZGl2JTNF[\/vc_raw_html][vc_empty_space height=\u00bb30px\u00bb][\/vc_column][\/vc_row][vc_row full_width=\u00bbstretch_row_content_no_spaces\u00bb content_placement=\u00bbmiddle\u00bb css=\u00bb.vc_custom_1725617358222{background-image: url(https:\/\/www.ull.es\/portal\/campus-y-sostenibilidad\/wp-content\/uploads\/sites\/27\/2024\/09\/pexels-akos-szabo-145938-440731.png?id=994) !important;background-position: center !important;background-repeat: no-repeat !important;background-size: cover !important;}\u00bb][vc_column][vc_empty_space height=\u00bb350px\u00bb][\/vc_column][\/vc_row]\n","protected":false},"excerpt":{"rendered":"<p>[vc_row full_width=\u00bbstretch_row_content_no_spaces\u00bb equal_height=\u00bbyes\u00bb content_placement=\u00bbmiddle\u00bb disable_element=\u00bbyes\u00bb css=\u00bb.vc_custom_1725617770427{padding-right: 5% !important;padding-left: 5% !important;background-color: #ededed !important;}\u00bb el_class=\u00bbfull-me\u00bb][vc_column width=\u00bb1\/2&#8243; css=\u00bb.vc_custom_1616002883699{padding-right: 5% !important;padding-left: 5% !important;}\u00bb][vc_empty_space height=\u00bb20px\u00bb][vc_column_text el_class=\u00bbsmall-text\u00bb] Huella de carbono [\/vc_column_text][\/vc_column][vc_column width=\u00bb1\/2&#8243; el_class=\u00bbfoto\u00bb][\/vc_column][\/vc_row][vc_row full_width=\u00bbstretch_row_content_no_spaces\u00bb equal_height=\u00bbyes\u00bb content_placement=\u00bbmiddle\u00bb css=\u00bb.vc_custom_1725617698051{padding-right: 5% !important;padding-left: 3.5% !important;background-color: #ededed !important;}\u00bb el_class=\u00bbfull-me\u00bb][vc_column width=\u00bb1\/2&#8243; css=\u00bb.vc_custom_1616002883699{padding-right: 5% !important;padding-left: 5% !important;}\u00bb][vc_column_text] Huella de carbono La huella de carbono es un indicador ambiental&#8230;<\/p>\n","protected":false},"author":102,"featured_media":0,"parent":0,"menu_order":0,"comment_status":"closed","ping_status":"closed","template":"templates\/template-no-title.php","meta":{"inline_featured_image":false,"footnotes":""},"acf":[],"yoast_head":"<!-- This site is optimized with the Yoast SEO plugin v21.3 - https:\/\/yoast.com\/wordpress\/plugins\/seo\/ -->\n<title>Huella de carbono - Sostenibilidad<\/title>\n<meta name=\"robots\" content=\"index, follow, max-snippet:-1, max-image-preview:large, max-video-preview:-1\" \/>\n<link rel=\"canonical\" href=\"https:\/\/www.ull.es\/portal\/campus-y-sostenibilidad\/huella-de-carbono\/\" \/>\n<meta property=\"og:locale\" content=\"es_ES\" \/>\n<meta property=\"og:type\" content=\"article\" \/>\n<meta property=\"og:title\" content=\"Huella de carbono - Sostenibilidad\" \/>\n<meta property=\"og:description\" content=\"[vc_row full_width=\u00bbstretch_row_content_no_spaces\u00bb equal_height=\u00bbyes\u00bb content_placement=\u00bbmiddle\u00bb disable_element=\u00bbyes\u00bb css=\u00bb.vc_custom_1725617770427{padding-right: 5% !important;padding-left: 5% !important;background-color: #ededed !important;}\u00bb el_class=\u00bbfull-me\u00bb][vc_column width=\u00bb1\/2&#8243; css=\u00bb.vc_custom_1616002883699{padding-right: 5% !important;padding-left: 5% !important;}\u00bb][vc_empty_space height=\u00bb20px\u00bb][vc_column_text el_class=\u00bbsmall-text\u00bb] Huella de carbono [\/vc_column_text][\/vc_column][vc_column width=\u00bb1\/2&#8243; el_class=\u00bbfoto\u00bb][\/vc_column][\/vc_row][vc_row full_width=\u00bbstretch_row_content_no_spaces\u00bb equal_height=\u00bbyes\u00bb content_placement=\u00bbmiddle\u00bb css=\u00bb.vc_custom_1725617698051{padding-right: 5% !important;padding-left: 3.5% !important;background-color: #ededed !important;}\u00bb el_class=\u00bbfull-me\u00bb][vc_column width=\u00bb1\/2&#8243; css=\u00bb.vc_custom_1616002883699{padding-right: 5% !important;padding-left: 5% !important;}\u00bb][vc_column_text] Huella de carbono La huella de carbono es un indicador ambiental...\" \/>\n<meta property=\"og:url\" content=\"https:\/\/www.ull.es\/portal\/campus-y-sostenibilidad\/huella-de-carbono\/\" \/>\n<meta property=\"og:site_name\" content=\"Sostenibilidad\" \/>\n<meta property=\"article:modified_time\" content=\"2026-02-24T08:29:09+00:00\" \/>\n<meta name=\"twitter:card\" content=\"summary_large_image\" \/>\n<meta name=\"twitter:label1\" content=\"Tiempo de lectura\" \/>\n\t<meta name=\"twitter:data1\" content=\"2 minutos\" \/>\n<script type=\"application\/ld+json\" class=\"yoast-schema-graph\">{\"@context\":\"https:\/\/schema.org\",\"@graph\":[{\"@type\":\"WebPage\",\"@id\":\"https:\/\/www.ull.es\/portal\/campus-y-sostenibilidad\/huella-de-carbono\/\",\"url\":\"https:\/\/www.ull.es\/portal\/campus-y-sostenibilidad\/huella-de-carbono\/\",\"name\":\"Huella de carbono - Sostenibilidad\",\"isPartOf\":{\"@id\":\"https:\/\/www.ull.es\/portal\/campus-y-sostenibilidad\/#website\"},\"datePublished\":\"2024-09-06T07:40:35+00:00\",\"dateModified\":\"2026-02-24T08:29:09+00:00\",\"breadcrumb\":{\"@id\":\"https:\/\/www.ull.es\/portal\/campus-y-sostenibilidad\/huella-de-carbono\/#breadcrumb\"},\"inLanguage\":\"es\",\"potentialAction\":[{\"@type\":\"ReadAction\",\"target\":[\"https:\/\/www.ull.es\/portal\/campus-y-sostenibilidad\/huella-de-carbono\/\"]}]},{\"@type\":\"BreadcrumbList\",\"@id\":\"https:\/\/www.ull.es\/portal\/campus-y-sostenibilidad\/huella-de-carbono\/#breadcrumb\",\"itemListElement\":[{\"@type\":\"ListItem\",\"position\":1,\"name\":\"Portada\",\"item\":\"https:\/\/www.ull.es\/portal\/campus-y-sostenibilidad\/\"},{\"@type\":\"ListItem\",\"position\":2,\"name\":\"Huella de carbono\"}]},{\"@type\":\"WebSite\",\"@id\":\"https:\/\/www.ull.es\/portal\/campus-y-sostenibilidad\/#website\",\"url\":\"https:\/\/www.ull.es\/portal\/campus-y-sostenibilidad\/\",\"name\":\"Sostenibilidad\",\"description\":\"\",\"potentialAction\":[{\"@type\":\"SearchAction\",\"target\":{\"@type\":\"EntryPoint\",\"urlTemplate\":\"https:\/\/www.ull.es\/portal\/campus-y-sostenibilidad\/?s={search_term_string}\"},\"query-input\":\"required name=search_term_string\"}],\"inLanguage\":\"es\"}]}<\/script>\n<!-- \/ Yoast SEO plugin. -->","yoast_head_json":{"title":"Huella de carbono - Sostenibilidad","robots":{"index":"index","follow":"follow","max-snippet":"max-snippet:-1","max-image-preview":"max-image-preview:large","max-video-preview":"max-video-preview:-1"},"canonical":"https:\/\/www.ull.es\/portal\/campus-y-sostenibilidad\/huella-de-carbono\/","og_locale":"es_ES","og_type":"article","og_title":"Huella de carbono - Sostenibilidad","og_description":"[vc_row full_width=\u00bbstretch_row_content_no_spaces\u00bb equal_height=\u00bbyes\u00bb content_placement=\u00bbmiddle\u00bb disable_element=\u00bbyes\u00bb css=\u00bb.vc_custom_1725617770427{padding-right: 5% !important;padding-left: 5% !important;background-color: #ededed !important;}\u00bb el_class=\u00bbfull-me\u00bb][vc_column width=\u00bb1\/2&#8243; css=\u00bb.vc_custom_1616002883699{padding-right: 5% !important;padding-left: 5% !important;}\u00bb][vc_empty_space height=\u00bb20px\u00bb][vc_column_text el_class=\u00bbsmall-text\u00bb] Huella de carbono [\/vc_column_text][\/vc_column][vc_column width=\u00bb1\/2&#8243; el_class=\u00bbfoto\u00bb][\/vc_column][\/vc_row][vc_row full_width=\u00bbstretch_row_content_no_spaces\u00bb equal_height=\u00bbyes\u00bb content_placement=\u00bbmiddle\u00bb css=\u00bb.vc_custom_1725617698051{padding-right: 5% !important;padding-left: 3.5% !important;background-color: #ededed !important;}\u00bb el_class=\u00bbfull-me\u00bb][vc_column width=\u00bb1\/2&#8243; css=\u00bb.vc_custom_1616002883699{padding-right: 5% !important;padding-left: 5% !important;}\u00bb][vc_column_text] Huella de carbono La huella de carbono es un indicador ambiental...","og_url":"https:\/\/www.ull.es\/portal\/campus-y-sostenibilidad\/huella-de-carbono\/","og_site_name":"Sostenibilidad","article_modified_time":"2026-02-24T08:29:09+00:00","twitter_card":"summary_large_image","twitter_misc":{"Tiempo de lectura":"2 minutos"},"schema":{"@context":"https:\/\/schema.org","@graph":[{"@type":"WebPage","@id":"https:\/\/www.ull.es\/portal\/campus-y-sostenibilidad\/huella-de-carbono\/","url":"https:\/\/www.ull.es\/portal\/campus-y-sostenibilidad\/huella-de-carbono\/","name":"Huella de carbono - Sostenibilidad","isPartOf":{"@id":"https:\/\/www.ull.es\/portal\/campus-y-sostenibilidad\/#website"},"datePublished":"2024-09-06T07:40:35+00:00","dateModified":"2026-02-24T08:29:09+00:00","breadcrumb":{"@id":"https:\/\/www.ull.es\/portal\/campus-y-sostenibilidad\/huella-de-carbono\/#breadcrumb"},"inLanguage":"es","potentialAction":[{"@type":"ReadAction","target":["https:\/\/www.ull.es\/portal\/campus-y-sostenibilidad\/huella-de-carbono\/"]}]},{"@type":"BreadcrumbList","@id":"https:\/\/www.ull.es\/portal\/campus-y-sostenibilidad\/huella-de-carbono\/#breadcrumb","itemListElement":[{"@type":"ListItem","position":1,"name":"Portada","item":"https:\/\/www.ull.es\/portal\/campus-y-sostenibilidad\/"},{"@type":"ListItem","position":2,"name":"Huella de carbono"}]},{"@type":"WebSite","@id":"https:\/\/www.ull.es\/portal\/campus-y-sostenibilidad\/#website","url":"https:\/\/www.ull.es\/portal\/campus-y-sostenibilidad\/","name":"Sostenibilidad","description":"","potentialAction":[{"@type":"SearchAction","target":{"@type":"EntryPoint","urlTemplate":"https:\/\/www.ull.es\/portal\/campus-y-sostenibilidad\/?s={search_term_string}"},"query-input":"required name=search_term_string"}],"inLanguage":"es"}]}},"_links":{"self":[{"href":"https:\/\/www.ull.es\/portal\/campus-y-sostenibilidad\/wp-json\/wp\/v2\/pages\/957"}],"collection":[{"href":"https:\/\/www.ull.es\/portal\/campus-y-sostenibilidad\/wp-json\/wp\/v2\/pages"}],"about":[{"href":"https:\/\/www.ull.es\/portal\/campus-y-sostenibilidad\/wp-json\/wp\/v2\/types\/page"}],"author":[{"embeddable":true,"href":"https:\/\/www.ull.es\/portal\/campus-y-sostenibilidad\/wp-json\/wp\/v2\/users\/102"}],"replies":[{"embeddable":true,"href":"https:\/\/www.ull.es\/portal\/campus-y-sostenibilidad\/wp-json\/wp\/v2\/comments?post=957"}],"version-history":[{"count":38,"href":"https:\/\/www.ull.es\/portal\/campus-y-sostenibilidad\/wp-json\/wp\/v2\/pages\/957\/revisions"}],"predecessor-version":[{"id":1300,"href":"https:\/\/www.ull.es\/portal\/campus-y-sostenibilidad\/wp-json\/wp\/v2\/pages\/957\/revisions\/1300"}],"wp:attachment":[{"href":"https:\/\/www.ull.es\/portal\/campus-y-sostenibilidad\/wp-json\/wp\/v2\/media?parent=957"}],"curies":[{"name":"wp","href":"https:\/\/api.w.org\/{rel}","templated":true}]}}