{"id":97,"date":"2018-12-10T10:18:53","date_gmt":"2018-12-10T10:18:53","guid":{"rendered":"https:\/\/www.ull.es\/portal\/sostenibilidad\/?page_id=97"},"modified":"2025-11-11T16:11:23","modified_gmt":"2025-11-11T16:11:23","slug":"residuos","status":"publish","type":"page","link":"https:\/\/www.ull.es\/portal\/campus-y-sostenibilidad\/residuos\/","title":{"rendered":"Residuos"},"content":{"rendered":"[vc_row full_width=\u00bbstretch_row_content\u00bb equal_height=\u00bbyes\u00bb content_placement=\u00bbmiddle\u00bb css=\u00bb.vc_custom_1616060601853{padding-right: 5% !important;padding-left: 5% !important;background-color: #ededed !important;}\u00bb][vc_column][vc_empty_space height=\u00bb20px\u00bb][vc_column_text el_class=\u00bbsmall-text\u00bb]\n<h5 style=\"text-align: left; color: #909090;\">Campus y sostenibilidad | Gesti\u00f3n ambiental<\/h5>\n<h1 style=\"text-align: left; color: #004d7a;\">Residuos<\/h1>\n[\/vc_column_text][vc_empty_space height=\u00bb20px\u00bb][vc_column_text]<span style=\"font-weight: 400;\">Desde el a\u00f1o 2011, la Gerencia de la Universidad de La Laguna inici\u00f3 el Plan de Recogida de Residuos con la firma de convenios con empresas certificadas para la recogida selectiva, transporte y tratamiento de dichos restos. Con esta medida se trata de favorecer una correcta gesti\u00f3n de residuos entre los que se encuentran los residuos s\u00f3lidos urbanos, vidrio, envases pl\u00e1sticos, papel, residuos peligrosos y el aceite usado.<\/span><\/p>\n<p>El <a href=\"https:\/\/www.ull.es\/servicios\/contratacion-patrimonio\/\" target=\"_blank\" rel=\"noopener\">Servicio de Contrataci\u00f3n y Patrimonio<\/a> de la Universidad de La Laguna se encarga de supervisar el contrato con las empresas encargadas de la recogida y tratamiento de los residuos siguientes:<\/p>\n<ul>\n<li style=\"font-weight: 400;\"><span style=\"font-weight: 400;\">Residuos urbanos: Limpieza de los campus de Anchieta y Guajara, con la retirada del material resultante de la poda de jardines, limpieza de contenedores y su traslado al vertedero. En 2019 se gestionaron un total de 49 toneladas de residuos vegetales, de los cuales el 80 % fue destinado a compostaje en la propia Universidad.<\/span><\/li>\n<li style=\"font-weight: 400;\"><span style=\"font-weight: 400;\">Envases ligeros (contenedor amarillo), papel y cart\u00f3n (contenedor azul y destrucci\u00f3n): la recogida de estos residuos se realiza a trav\u00e9s de un gestor. En el a\u00f1o 2019 se recogieron 13 toneladas de envases ligeros, lo que supone un incremento del 60,5 % con respecto al 2015, y 57 toneladas de papel y cart\u00f3n, siendo esta cantidad un 78 % superior que la registrada en 2015.<\/span><\/li>\n<li style=\"font-weight: 400;\"><span style=\"font-weight: 400;\">Peque\u00f1os aparatos el\u00e9ctricos y electr\u00f3nicos, pilas y acumuladores: se produce una recogida de este tipo de residuos a trav\u00e9s de un gestor desde el 2013. En el 2019, se recogieron 9,5 toneladas de equipos el\u00e9ctricos y electr\u00f3nicos desechados, y casi 1 tonelada de residuos de pilas y acumuladores.<\/span><\/li>\n<li style=\"font-weight: 400;\"><span style=\"font-weight: 400;\">L\u00e1mparas.<\/span><\/li>\n<li style=\"font-weight: 400;\"><span style=\"font-weight: 400;\">Aceites y grasas de origen vegetal usado. El reciclado de esta sustancia se realiza desde el a\u00f1o 2012. Estos residuos de origen vegetal son almacenados en las diferentes cafeter\u00edas y bares de los edificios de la universidad, as\u00ed como en los comedores de los tres colegios mayores y la residencia universitaria. La cantidad de residuos animales y de productos alimenticios mezclados (incluyendo aceites y grasas comestibles) ascendi\u00f3 hasta 9 toneladas en el a\u00f1o 2019.<\/span><\/li>\n<li style=\"font-weight: 400;\"><span style=\"font-weight: 400;\">Vidrio.<\/span><\/li>\n<\/ul>\n[\/vc_column_text][vc_empty_space height=\u00bb20px\u00bb][vc_row_inner gap=\u00bb35&#8243; css=\u00bb.vc_custom_1734336523799{padding-right: 250px !important;padding-left: 250px !important;}\u00bb][vc_column_inner width=\u00bb1\/3&#8243; css=\u00bb.vc_custom_1734437136160{border-top-width: 2px !important;border-right-width: 2px !important;border-bottom-width: 2px !important;border-left-width: 2px !important;padding-right: 0px !important;padding-left: 0px !important;border-left-style: solid !important;border-right-style: solid !important;border-top-style: solid !important;border-bottom-style: solid !important;}\u00bb][vc_custom_heading text=\u00bbPir\u00e1mide de residuos\u00bb font_container=\u00bbtag:h2|text_align:center|color:%23000000&#8243; google_fonts=\u00bbfont_family:Roboto%3A100%2C100italic%2C300%2C300italic%2Cregular%2Citalic%2C500%2C500italic%2C700%2C700italic%2C900%2C900italic|font_style:700%20bold%20regular%3A700%3Anormal\u00bb][vc_single_image image=\u00bb1139&#8243; img_size=\u00bbmedium\u00bb alignment=\u00bbcenter\u00bb onclick=\u00bbcustom_link\u00bb el_id=\u00bbpiramide_residuos\u00bb link=\u00bb#piramide-residuos\u00bb][\/vc_column_inner][vc_column_inner width=\u00bb1\/3&#8243; css=\u00bb.vc_custom_1734437149303{border-top-width: 2px !important;border-right-width: 2px !important;border-bottom-width: 2px !important;border-left-width: 2px !important;border-left-color: #000000 !important;border-left-style: solid !important;border-right-color: #000000 !important;border-right-style: solid !important;border-top-color: #000000 !important;border-top-style: solid !important;border-bottom-color: #000000 !important;border-bottom-style: solid !important;}\u00bb][vc_custom_heading text=\u00bbResiduos no peligrosos\u00bb font_container=\u00bbtag:h2|text_align:center|color:%23000000&#8243; google_fonts=\u00bbfont_family:Roboto%3A100%2C100italic%2C300%2C300italic%2Cregular%2Citalic%2C500%2C500italic%2C700%2C700italic%2C900%2C900italic|font_style:700%20bold%20regular%3A700%3Anormal\u00bb][vc_single_image image=\u00bb1172&#8243; img_size=\u00bb200&#215;170&#8243; alignment=\u00bbcenter\u00bb onclick=\u00bbcustom_link\u00bb link=\u00bb#residuos-no-peligrosos\u00bb][\/vc_column_inner][vc_column_inner width=\u00bb1\/3&#8243; css=\u00bb.vc_custom_1734437164256{border-top-width: 2px !important;border-right-width: 2px !important;border-bottom-width: 2px !important;border-left-width: 2px !important;border-left-color: #000000 !important;border-left-style: solid !important;border-right-color: #000000 !important;border-right-style: solid !important;border-top-color: #000000 !important;border-top-style: solid !important;border-bottom-color: #000000 !important;border-bottom-style: solid !important;}\u00bb][vc_custom_heading text=\u00bbResiduos peligrosos\u00bb font_container=\u00bbtag:h2|text_align:center|color:%23000000&#8243; google_fonts=\u00bbfont_family:Roboto%3A100%2C100italic%2C300%2C300italic%2Cregular%2Citalic%2C500%2C500italic%2C700%2C700italic%2C900%2C900italic|font_style:700%20bold%20regular%3A700%3Anormal\u00bb][vc_single_image image=\u00bb1137&#8243; img_size=\u00bb200&#215;170&#8243; alignment=\u00bbcenter\u00bb onclick=\u00bbcustom_link\u00bb link=\u00bb#residuos-peligrosos\u00bb][\/vc_column_inner][\/vc_row_inner][vc_row_inner gap=\u00bb35&#8243; css=\u00bb.vc_custom_1734336535445{padding-right: 250px !important;padding-left: 250px !important;}\u00bb][vc_column_inner width=\u00bb1\/3&#8243; css=\u00bb.vc_custom_1734437177519{border-top-width: 2px !important;border-right-width: 2px !important;border-bottom-width: 2px !important;border-left-width: 2px !important;border-left-color: #000000 !important;border-left-style: solid !important;border-right-color: #000000 !important;border-right-style: solid !important;border-top-color: #000000 !important;border-top-style: solid !important;border-bottom-color: #000000 !important;border-bottom-style: solid !important;}\u00bb][vc_custom_heading text=\u00bbCompostaje\u00bb font_container=\u00bbtag:h2|text_align:center|color:%23000000&#8243; google_fonts=\u00bbfont_family:Roboto%3A100%2C100italic%2C300%2C300italic%2Cregular%2Citalic%2C500%2C500italic%2C700%2C700italic%2C900%2C900italic|font_style:700%20bold%20regular%3A700%3Anormal\u00bb][vc_single_image image=\u00bb1140&#8243; img_size=\u00bb200&#215;200&#8243; alignment=\u00bbcenter\u00bb onclick=\u00bbcustom_link\u00bb link=\u00bb#compostaje\u00bb][\/vc_column_inner][vc_column_inner width=\u00bb1\/3&#8243; css=\u00bb.vc_custom_1734437190887{border-top-width: 2px !important;border-right-width: 2px !important;border-bottom-width: 2px !important;border-left-width: 2px !important;border-left-color: #000000 !important;border-left-style: solid !important;border-right-color: #000000 !important;border-right-style: solid !important;border-top-color: #000000 !important;border-top-style: solid !important;border-bottom-color: #000000 !important;border-bottom-style: solid !important;}\u00bb][vc_custom_heading text=\u00bbResiduos textiles\u00bb font_container=\u00bbtag:h2|text_align:center|color:%23000000&#8243; google_fonts=\u00bbfont_family:Roboto%3A100%2C100italic%2C300%2C300italic%2Cregular%2Citalic%2C500%2C500italic%2C700%2C700italic%2C900%2C900italic|font_style:700%20bold%20regular%3A700%3Anormal\u00bb][vc_single_image image=\u00bb1134&#8243; img_size=\u00bb200&#215;200&#8243; alignment=\u00bbcenter\u00bb onclick=\u00bbcustom_link\u00bb link=\u00bb#residuos-textiles\u00bb][\/vc_column_inner][vc_column_inner width=\u00bb1\/3&#8243; css=\u00bb.vc_custom_1762877480289{border-top-width: 2px !important;border-right-width: 2px !important;border-bottom-width: 2px !important;border-left-width: 2px !important;border-left-color: #000000 !important;border-left-style: solid !important;border-right-color: #000000 !important;border-right-style: solid !important;border-top-color: #000000 !important;border-top-style: solid !important;border-bottom-color: #000000 !important;border-bottom-style: solid !important;}\u00bb][vc_custom_heading text=\u00bbEcopuntos\u00bb font_container=\u00bbtag:h2|text_align:center|color:%23000000&#8243; google_fonts=\u00bbfont_family:Roboto%3A100%2C100italic%2C300%2C300italic%2Cregular%2Citalic%2C500%2C500italic%2C700%2C700italic%2C900%2C900italic|font_style:700%20bold%20regular%3A700%3Anormal\u00bb][vc_single_image image=\u00bb1136&#8243; img_size=\u00bb350&#215;200&#8243; alignment=\u00bbcenter\u00bb onclick=\u00bbcustom_link\u00bb link=\u00bb#ecopuntos\u00bb][\/vc_column_inner][\/vc_row_inner][vc_empty_space height=\u00bb50px\u00bb][vc_empty_space height=\u00bb50px\u00bb][\/vc_column][\/vc_row][vc_row full_width=\u00bbstretch_row_content\u00bb content_placement=\u00bbtop\u00bb css=\u00bb.vc_custom_1545136161621{padding-right: 5% !important;padding-left: 5% !important;}\u00bb][vc_column][vc_empty_space height=\u00bb20px\u00bb][vc_column_text]<strong>Gesti\u00f3n de t\u00f3ners<\/strong><\/p>\n<p>desde ULL-imprime para la gesti\u00f3n de t\u00f3ners, se realizar\u00e1 mediante los contenedores adecuados de Tragat\u00f3ner\u00a0con el <a href=\"https:\/\/drive.google.com\/file\/d\/1l8oTMS1LCZBHUJ7qaALIBSxJDvU7b1Cg\/view?usp=sharing\" target=\"_blank\" rel=\"noopener\">siguiente procedimiento<\/a>.<\/p>\n<p>El\u00a0<a href=\"https:\/\/www.ull.es\/servicios\/contratacion-patrimonio\/\" target=\"_blank\" rel=\"noopener\" data-saferedirecturl=\"https:\/\/www.google.com\/url?q=https:\/\/www.ull.es\/servicios\/contratacion-patrimonio\/&amp;source=gmail&amp;ust=1759573345240000&amp;usg=AOvVaw2EzyXnFF_B-BiO36uq-hsF\" target=\"_blank\" rel=\"noopener\">Servicio de Contrataci\u00f3n y Patrimonio<\/a>\u00a0de la Universidad de La Laguna se encarga de supervisar el contrato con las empresas encargadas de la recogida selectiva y tratamiento de los siguientes residuos:<\/p>\n<ul>\n<li>Residuos urbanos: Limpieza de los campus, con la retirada del material resultante de la poda de jardines, limpieza de contenedores.<\/li>\n<li>Envases ligeros<\/li>\n<li>Papel y cart\u00f3n<\/li>\n<li>Peque\u00f1os residuos de aparatos el\u00e9ctricos y electr\u00f3nicos<\/li>\n<li>Pilas y acumuladores<\/li>\n<li>Vidrio.<\/li>\n<\/ul>\n[\/vc_column_text][vc_empty_space height=\u00bb30px\u00bb][\/vc_column][\/vc_row][vc_row full_width=\u00bbstretch_row_content\u00bb content_placement=\u00bbtop\u00bb disable_element=\u00bbyes\u00bb css=\u00bb.vc_custom_1552392741780{padding-right: 5% !important;padding-left: 5% !important;}\u00bb][vc_column][vc_raw_html]JTNDZGl2JTIwY2xhc3MlM0QlMjJ0b2RvJTIyJTNFJTBBJTNDZGl2JTIwY2xhc3MlM0QlMjJjb250YWluZXIxJTIyJTNFJTBBJTBBJTA5JTNDYSUyMGNsYXNzJTNEJTIybGVhJTIyJTIwc3R5bGUlM0QlMjJjb2xvciUzQSUyMzVjMDY4YyUyMiUyMGhyZWYlM0QlMjIlMkZwb3J0YWwlMkZjYW1wdXMteS1zb3N0ZW5pYmlsaWRhZCUyRmFndWEtMiUyRiUyMiUzRSUzQ2RpdiUyMGNsYXNzJTNEJTIyY2xpZW50MSUyMiUzRSUwQSUwQSUwOSUwOSUzQ2RpdiUyMGNsYXNzJTNEJTIybG9nbyUyMiUzRSUwQSUwQSUwOSUwOSUzQ2RpdiUyMGNsYXNzJTNEJTIydmNfaWNvbl9lbGVtZW50LWljb24lMjBmYSUyMGZhLXRpbnQlMjIlMjBzdHlsZSUzRCUyMmZvbnQtc2l6ZSUzQSUyMDMwcHglMjAlMjFpbXBvcnRhbnQlM0IlMjBtYXJnaW4tdG9wJTNBJTIwMThweCUyMCUyMWltcG9ydGFudCUzQiUyMG1hcmdpbi1sZWZ0JTNBJTIwMnB4JTIwJTIxaW1wb3J0YW50JTNCJTIyJTNFJTNDJTJGZGl2JTNFJTBBJTA5JTA5JTNDJTJGZGl2JTNFJTBBJTA5JTA5JTNDaDIlM0VBR1VBJTNDJTJGaDIlM0UlMEElMDklMDklM0NoMyUzRSUzQyUyRmgzJTNFJTBBJTBBJTA5JTNDJTJGZGl2JTNFJTNDJTJGYSUzRSUwQSUzQyUyRmRpdiUzRSUwQSUwQSUzQ2RpdiUyMGNsYXNzJTNEJTIyY29udGFpbmVyMSUyMiUzRSUwQSUwQSUwOSUzQ2ElMjBjbGFzcyUzRCUyMmxlYSUyMiUyMHN0eWxlJTNEJTIyY29sb3IlM0ElMjM1YzA2OGMlMjIlMjBocmVmJTNEJTIyJTJGcG9ydGFsJTJGY2FtcHVzLXktc29zdGVuaWJpbGlkYWQlMkZlbmVyZ2lhLTMlMkYlMjIlM0UlM0NkaXYlMjBjbGFzcyUzRCUyMmNsaWVudDElMjIlM0UlMEElMEElMDklMDklM0NkaXYlMjBjbGFzcyUzRCUyMmxvZ28lMjIlM0UlMEElMEElMDklMDklM0NkaXYlMjBjbGFzcyUzRCUyMnZjX2ljb25fZWxlbWVudC1pY29uJTIwZmElMjBmYS1ib2x0JTIyJTIwc3R5bGUlM0QlMjJmb250LXNpemUlM0ElMjAzMHB4JTIwJTIxaW1wb3J0YW50JTNCJTIwbWFyZ2luLXRvcCUzQSUyMDE5cHglMjAlMjFpbXBvcnRhbnQlM0IlMjBtYXJnaW4tbGVmdCUzQSUyMDVweCUyMCUyMWltcG9ydGFudCUzQiUyMiUzRSUzQyUyRmRpdiUzRSUwQSUwOSUwOSUzQyUyRmRpdiUzRSUwQSUwOSUwOSUzQ2gyJTNFRU5FUkclQzMlOERBJTNDJTJGaDIlM0UlMEElMDklMDklM0NoMyUzRSUzQyUyRmgzJTNFJTBBJTBBJTA5JTNDJTJGZGl2JTNFJTNDJTJGYSUzRSUwQSUzQyUyRmRpdiUzRSUwQSUwQSUzQ2RpdiUyMGNsYXNzJTNEJTIyY29udGFpbmVyMSUyMiUzRSUwQSUyMCUyMCUyMCUyMCUyMCUyMCUyMCUzQ2ElMjBjbGFzcyUzRCUyMmxlYSUyMiUyMHN0eWxlJTNEJTIyY29sb3IlM0ElMjM1YzA2OGMlMjIlMjBocmVmJTNEJTIyJTJGcG9ydGFsJTJGY2FtcHVzLXktc29zdGVuaWJpbGlkYWQlMkZyZXNpZHVvcy0yJTJGJTIyJTNFJTNDZGl2JTIwY2xhc3MlM0QlMjJjbGllbnQxJTIyJTNFJTBBJTA5JTA5JTNDZGl2JTIwY2xhc3MlM0QlMjJsb2dvJTIyJTNFJTBBJTA5JTA5JTNDZGl2JTIwY2xhc3MlM0QlMjJ2Y19pY29uX2VsZW1lbnQtaWNvbiUyMGZhJTIwZmEtdHJhc2gtbyUyMiUyMHN0eWxlJTNEJTIyZm9udC1zaXplJTNBJTIwMzBweCUyMCUyMWltcG9ydGFudCUzQiUyMG1hcmdpbi10b3AlM0ElMjAxOXB4JTIwJTIxaW1wb3J0YW50JTNCJTIwbWFyZ2luLWxlZnQlM0ElMjAycHglMjAlMjFpbXBvcnRhbnQlM0IlMjIlM0UlM0MlMkZkaXYlM0UlMEElMDklMDklM0MlMkZkaXYlM0UlMEElMDklMDklM0NoMiUzRVJFU0lEVU9TJTNDJTJGaDIlM0UlMEElMDklMDklM0NoMyUzRSUzQyUyRmgzJTNFJTBBJTA5JTNDJTJGZGl2JTNFJTNDJTJGYSUzRSUwQSUwQSUzQyUyRmRpdiUzRSUwQSUwQSUzQ2RpdiUyMGNsYXNzJTNEJTIyY29udGFpbmVyMSUyMiUzRSUwOSUwQSUyMCUyMCUyMCUyMCUyMCUyMCUyMCUyMCUzQ2ElMjBjbGFzcyUzRCUyMmxlYSUyMiUyMHN0eWxlJTNEJTIyY29sb3IlM0ElMjM1YzA2OGMlMjIlMjBocmVmJTNEJTIyJTJGcG9ydGFsJTJGY2FtcHVzLXktc29zdGVuaWJpbGlkYWQlMkZjb21wcmEtdmVyZGUlMkYlMjIlM0UlM0NkaXYlMjBjbGFzcyUzRCUyMmNsaWVudDElMjIlM0UlMEElMDklMDklM0NkaXYlMjBjbGFzcyUzRCUyMmxvZ28lMjIlM0UlMEElMDklMDklM0NkaXYlMjBjbGFzcyUzRCUyMnZjX2ljb25fZWxlbWVudC1pY29uJTIwZmElMjBmYS1wcmludCUyMiUyMHN0eWxlJTNEJTIyZm9udC1zaXplJTNBJTIwMzBweCUyMCUyMWltcG9ydGFudCUzQiUyMG1hcmdpbi10b3AlM0ElMjAxOHB4JTIwJTIxaW1wb3J0YW50JTNCJTIwbWFyZ2luLWxlZnQlM0ElMjAycHglMjAlMjFpbXBvcnRhbnQlM0IlMjIlM0UlM0MlMkZkaXYlM0UlMEElMDklMDklM0MlMkZkaXYlM0UlMEElMDklMDklM0NoMiUzRUNPTVBSQSUyMFZFUkRFJTNDJTJGaDIlM0UlMEElMDklMDklM0NoMyUzRSUzQyUyRmgzJTNFJTBBJTA5JTNDJTJGZGl2JTNFJTNDJTJGYSUzRSUwQSUwQSUzQyUyRmRpdiUzRSUwQSUwQSUzQyUyRmRpdiUzRQ==[\/vc_raw_html][\/vc_column][\/vc_row][vc_row][vc_column][vc_empty_space][vc_video link=\u00bbhttps:\/\/youtu.be\/1KBZOiNSnJo\u00bb][\/vc_column][\/vc_row]\n","protected":false},"excerpt":{"rendered":"<p>[vc_row full_width=\u00bbstretch_row_content\u00bb equal_height=\u00bbyes\u00bb content_placement=\u00bbmiddle\u00bb css=\u00bb.vc_custom_1616060601853{padding-right: 5% !important;padding-left: 5% !important;background-color: #ededed !important;}\u00bb][vc_column][vc_empty_space height=\u00bb20px\u00bb][vc_column_text el_class=\u00bbsmall-text\u00bb] Campus y sostenibilidad | Gesti\u00f3n ambiental Residuos [\/vc_column_text][vc_empty_space height=\u00bb20px\u00bb][vc_column_text]Desde el a\u00f1o 2011, la Gerencia de la Universidad de La Laguna inici\u00f3 el Plan de Recogida de Residuos con la firma de convenios con empresas certificadas para la recogida selectiva, transporte y tratamiento&#8230;<\/p>\n","protected":false},"author":41,"featured_media":0,"parent":0,"menu_order":0,"comment_status":"closed","ping_status":"closed","template":"templates\/template-no-title.php","meta":{"inline_featured_image":false,"footnotes":""},"acf":[],"yoast_head":"<!-- This site is optimized with the Yoast SEO plugin v21.3 - https:\/\/yoast.com\/wordpress\/plugins\/seo\/ -->\n<title>Residuos - Sostenibilidad<\/title>\n<meta name=\"robots\" content=\"index, follow, max-snippet:-1, max-image-preview:large, max-video-preview:-1\" \/>\n<link rel=\"canonical\" href=\"https:\/\/www.ull.es\/portal\/campus-y-sostenibilidad\/residuos\/\" \/>\n<meta property=\"og:locale\" content=\"es_ES\" \/>\n<meta property=\"og:type\" content=\"article\" \/>\n<meta property=\"og:title\" content=\"Residuos - Sostenibilidad\" \/>\n<meta property=\"og:description\" content=\"[vc_row full_width=\u00bbstretch_row_content\u00bb equal_height=\u00bbyes\u00bb content_placement=\u00bbmiddle\u00bb css=\u00bb.vc_custom_1616060601853{padding-right: 5% !important;padding-left: 5% !important;background-color: #ededed !important;}\u00bb][vc_column][vc_empty_space height=\u00bb20px\u00bb][vc_column_text el_class=\u00bbsmall-text\u00bb] Campus y sostenibilidad | Gesti\u00f3n ambiental Residuos [\/vc_column_text][vc_empty_space height=\u00bb20px\u00bb][vc_column_text]Desde el a\u00f1o 2011, la Gerencia de la Universidad de La Laguna inici\u00f3 el Plan de Recogida de Residuos con la firma de convenios con empresas certificadas para la recogida selectiva, transporte y tratamiento...\" \/>\n<meta property=\"og:url\" content=\"https:\/\/www.ull.es\/portal\/campus-y-sostenibilidad\/residuos\/\" \/>\n<meta property=\"og:site_name\" content=\"Sostenibilidad\" \/>\n<meta property=\"article:modified_time\" content=\"2025-11-11T16:11:23+00:00\" \/>\n<meta name=\"twitter:card\" content=\"summary_large_image\" \/>\n<meta name=\"twitter:label1\" content=\"Tiempo de lectura\" \/>\n\t<meta name=\"twitter:data1\" content=\"4 minutos\" \/>\n<script type=\"application\/ld+json\" class=\"yoast-schema-graph\">{\"@context\":\"https:\/\/schema.org\",\"@graph\":[{\"@type\":\"WebPage\",\"@id\":\"https:\/\/www.ull.es\/portal\/campus-y-sostenibilidad\/residuos\/\",\"url\":\"https:\/\/www.ull.es\/portal\/campus-y-sostenibilidad\/residuos\/\",\"name\":\"Residuos - Sostenibilidad\",\"isPartOf\":{\"@id\":\"https:\/\/www.ull.es\/portal\/campus-y-sostenibilidad\/#website\"},\"datePublished\":\"2018-12-10T10:18:53+00:00\",\"dateModified\":\"2025-11-11T16:11:23+00:00\",\"breadcrumb\":{\"@id\":\"https:\/\/www.ull.es\/portal\/campus-y-sostenibilidad\/residuos\/#breadcrumb\"},\"inLanguage\":\"es\",\"potentialAction\":[{\"@type\":\"ReadAction\",\"target\":[\"https:\/\/www.ull.es\/portal\/campus-y-sostenibilidad\/residuos\/\"]}]},{\"@type\":\"BreadcrumbList\",\"@id\":\"https:\/\/www.ull.es\/portal\/campus-y-sostenibilidad\/residuos\/#breadcrumb\",\"itemListElement\":[{\"@type\":\"ListItem\",\"position\":1,\"name\":\"Portada\",\"item\":\"https:\/\/www.ull.es\/portal\/campus-y-sostenibilidad\/\"},{\"@type\":\"ListItem\",\"position\":2,\"name\":\"Residuos\"}]},{\"@type\":\"WebSite\",\"@id\":\"https:\/\/www.ull.es\/portal\/campus-y-sostenibilidad\/#website\",\"url\":\"https:\/\/www.ull.es\/portal\/campus-y-sostenibilidad\/\",\"name\":\"Sostenibilidad\",\"description\":\"\",\"potentialAction\":[{\"@type\":\"SearchAction\",\"target\":{\"@type\":\"EntryPoint\",\"urlTemplate\":\"https:\/\/www.ull.es\/portal\/campus-y-sostenibilidad\/?s={search_term_string}\"},\"query-input\":\"required name=search_term_string\"}],\"inLanguage\":\"es\"}]}<\/script>\n<!-- \/ Yoast SEO plugin. -->","yoast_head_json":{"title":"Residuos - Sostenibilidad","robots":{"index":"index","follow":"follow","max-snippet":"max-snippet:-1","max-image-preview":"max-image-preview:large","max-video-preview":"max-video-preview:-1"},"canonical":"https:\/\/www.ull.es\/portal\/campus-y-sostenibilidad\/residuos\/","og_locale":"es_ES","og_type":"article","og_title":"Residuos - Sostenibilidad","og_description":"[vc_row full_width=\u00bbstretch_row_content\u00bb equal_height=\u00bbyes\u00bb content_placement=\u00bbmiddle\u00bb css=\u00bb.vc_custom_1616060601853{padding-right: 5% !important;padding-left: 5% !important;background-color: #ededed !important;}\u00bb][vc_column][vc_empty_space height=\u00bb20px\u00bb][vc_column_text el_class=\u00bbsmall-text\u00bb] Campus y sostenibilidad | Gesti\u00f3n ambiental Residuos [\/vc_column_text][vc_empty_space height=\u00bb20px\u00bb][vc_column_text]Desde el a\u00f1o 2011, la Gerencia de la Universidad de La Laguna inici\u00f3 el Plan de Recogida de Residuos con la firma de convenios con empresas certificadas para la recogida selectiva, transporte y tratamiento...","og_url":"https:\/\/www.ull.es\/portal\/campus-y-sostenibilidad\/residuos\/","og_site_name":"Sostenibilidad","article_modified_time":"2025-11-11T16:11:23+00:00","twitter_card":"summary_large_image","twitter_misc":{"Tiempo de lectura":"4 minutos"},"schema":{"@context":"https:\/\/schema.org","@graph":[{"@type":"WebPage","@id":"https:\/\/www.ull.es\/portal\/campus-y-sostenibilidad\/residuos\/","url":"https:\/\/www.ull.es\/portal\/campus-y-sostenibilidad\/residuos\/","name":"Residuos - Sostenibilidad","isPartOf":{"@id":"https:\/\/www.ull.es\/portal\/campus-y-sostenibilidad\/#website"},"datePublished":"2018-12-10T10:18:53+00:00","dateModified":"2025-11-11T16:11:23+00:00","breadcrumb":{"@id":"https:\/\/www.ull.es\/portal\/campus-y-sostenibilidad\/residuos\/#breadcrumb"},"inLanguage":"es","potentialAction":[{"@type":"ReadAction","target":["https:\/\/www.ull.es\/portal\/campus-y-sostenibilidad\/residuos\/"]}]},{"@type":"BreadcrumbList","@id":"https:\/\/www.ull.es\/portal\/campus-y-sostenibilidad\/residuos\/#breadcrumb","itemListElement":[{"@type":"ListItem","position":1,"name":"Portada","item":"https:\/\/www.ull.es\/portal\/campus-y-sostenibilidad\/"},{"@type":"ListItem","position":2,"name":"Residuos"}]},{"@type":"WebSite","@id":"https:\/\/www.ull.es\/portal\/campus-y-sostenibilidad\/#website","url":"https:\/\/www.ull.es\/portal\/campus-y-sostenibilidad\/","name":"Sostenibilidad","description":"","potentialAction":[{"@type":"SearchAction","target":{"@type":"EntryPoint","urlTemplate":"https:\/\/www.ull.es\/portal\/campus-y-sostenibilidad\/?s={search_term_string}"},"query-input":"required name=search_term_string"}],"inLanguage":"es"}]}},"_links":{"self":[{"href":"https:\/\/www.ull.es\/portal\/campus-y-sostenibilidad\/wp-json\/wp\/v2\/pages\/97"}],"collection":[{"href":"https:\/\/www.ull.es\/portal\/campus-y-sostenibilidad\/wp-json\/wp\/v2\/pages"}],"about":[{"href":"https:\/\/www.ull.es\/portal\/campus-y-sostenibilidad\/wp-json\/wp\/v2\/types\/page"}],"author":[{"embeddable":true,"href":"https:\/\/www.ull.es\/portal\/campus-y-sostenibilidad\/wp-json\/wp\/v2\/users\/41"}],"replies":[{"embeddable":true,"href":"https:\/\/www.ull.es\/portal\/campus-y-sostenibilidad\/wp-json\/wp\/v2\/comments?post=97"}],"version-history":[{"count":68,"href":"https:\/\/www.ull.es\/portal\/campus-y-sostenibilidad\/wp-json\/wp\/v2\/pages\/97\/revisions"}],"predecessor-version":[{"id":1291,"href":"https:\/\/www.ull.es\/portal\/campus-y-sostenibilidad\/wp-json\/wp\/v2\/pages\/97\/revisions\/1291"}],"wp:attachment":[{"href":"https:\/\/www.ull.es\/portal\/campus-y-sostenibilidad\/wp-json\/wp\/v2\/media?parent=97"}],"curies":[{"name":"wp","href":"https:\/\/api.w.org\/{rel}","templated":true}]}}