{"id":1206,"date":"2022-07-19T14:31:08","date_gmt":"2022-07-19T14:31:08","guid":{"rendered":"https:\/\/www.ull.es\/portal\/campusamerica\/?page_id=1206"},"modified":"2024-06-28T07:57:02","modified_gmt":"2024-06-28T07:57:02","slug":"actos-institucionales","status":"publish","type":"page","link":"https:\/\/www.ull.es\/portal\/campusamerica\/programa\/actos-institucionales\/","title":{"rendered":"Actos Institucionales"},"content":{"rendered":"<p>[vc_row][vc_column][vc_empty_space][vc_custom_heading text=\u00bbActos Institucionales\u00bb font_container=\u00bbtag:h2|font_size:50px|text_align:left|color:%23171e32&#8243; google_fonts=\u00bbfont_family:Roboto%20Condensed%3A300%2C300italic%2Cregular%2Citalic%2C700%2C700italic|font_style:700%20bold%20regular%3A700%3Anormal\u00bb][vc_empty_space][vc_column_text]<strong>Haga clic sobre el evento en el que est\u00e9 interesado para conocer todos los detalles, fechas y horas de celebraci\u00f3n completas<\/strong>[\/vc_column_text][vc_empty_space][vc_column_text]<style>\n\n    .row.programa{\n        border-bottom: 1px solid;\n    }\n    .row.programa:last-child{\n        border-bottom: none;\n    }\n\n    .row.programa .horas{\n        text-align: center;\n    }\n\n    .date {\n        font-size: 2.5vh;\n        font-weight: bold;\n        margin-top: 15px;\n    }\n\n    .date .nombredia{\n        margin-bottom: 0;\n        color: #0e0e0e;\n    }\n\n    .date .fecha{\n        color: #808080;\n    }\n\n    .info {\n        padding: 0 !important;\n        border-left: 3px solid #171e32;\n    }\n\n    .info .localizacion, .info .categoria,.info .horario, .info .duracion{\n        color: #717171;\n        font-size: 1.9vh;\n    }\n    .info .duracion{\n        color: #989898;\n    }\n\n    .info .evento{\n        border-bottom: dashed 1px #bfbfbf;\n        padding: 12px 20px;\n    }\n    .info .evento h3{\n        margin: 0 !important;\n        color: #1d71b8;\n        font-size: 2.5vh;\n\n    }\n    .info .evento:last-child{\n        border-bottom: none;\n    }\n\n    .info .evento a{\n        text-decoration: none;\n    }\n\n    .info .evento:hover{\n        background: rgba(240, 240, 240, 0.57);\n    }\n\n\n    @media (max-width: 768px) {\n        \/* Estos estilos solo se aplicar\u00e1n hasta el tama\u00f1o indicado *\/\n        .row.programa{\n            border-bottom: none;\n        }\n        .info {\n            border-left: none;\n        }\n        .date{\n            border-bottom: 3px solid #171e32;\n        }\n        .row.programa .horas{\n            text-align: left;\n        }\n        .date .nombredia, .date .fecha, .info .horario, .info .duracion{\n            display: inline-block;\n            margin-right: 10px;\n        }\n    }\n\n<\/style>\n\n\n<div class=\"row programa\">\n    <div class=\"col-md-2\">\n        <div class=\"date\">\n            <p class='nombredia'>Mi\u00e9rcoles<\/p><p class='fecha'>18\/09<\/p>        <\/div>\n    <\/div>\n\n    <div class=\"col-md-10 info\">\n                <div class=\"evento\">\n            <a target=\"_blank\" href=\"https:\/\/www.ull.es\/portal\/agenda\/evento\/presentacion-de-campus-america-2024\/\">\n                <div class=\"row programa\">\n                    <div class=\"col-md-2 horas\">\n                        <div class='horario'><i class='fa fa-clock-o'><\/i> 11:00 - 12:00<\/div><div class='duracion'>1h <\/div>                    <\/div>\n                    <div class=\"col-md-10\">\n                        <h3>Presentaci\u00f3n de la IV Edici\u00f3n de Campus Am\u00e9rica 2024<\/h3><div class='localizacion'><i class='fa fa-map-marker'><\/i> Casa de Am\u00e9rica<\/div>                    <\/div>\n                <\/div>\n            <\/a>\n        <\/div>\n            <\/div>\n<\/div>\n\n<div class=\"row programa\">\n    <div class=\"col-md-2\">\n        <div class=\"date\">\n            <p class='nombredia'>Mi\u00e9rcoles<\/p><p class='fecha'>09\/10<\/p>        <\/div>\n    <\/div>\n\n    <div class=\"col-md-10 info\">\n                <div class=\"evento\">\n            <a target=\"_blank\" href=\"https:\/\/www.ull.es\/portal\/agenda\/evento\/inauguracion-campus-america-2024\/\">\n                <div class=\"row programa\">\n                    <div class=\"col-md-2 horas\">\n                        <div class='horario'><i class='fa fa-clock-o'><\/i> 12:00 - 14:00<\/div><div class='duracion'>2h <\/div>                    <\/div>\n                    <div class=\"col-md-10\">\n                        <h3>Inauguraci\u00f3n Campus Am\u00e9rica 2024<\/h3><div class='localizacion'><i class='fa fa-map-marker'><\/i> Paraninfo<\/div>                    <\/div>\n                <\/div>\n            <\/a>\n        <\/div>\n            <\/div>\n<\/div>\n\n<div class=\"row programa\">\n    <div class=\"col-md-2\">\n        <div class=\"date\">\n            <p class='nombredia'>Jueves<\/p><p class='fecha'>10\/10<\/p>        <\/div>\n    <\/div>\n\n    <div class=\"col-md-10 info\">\n                <div class=\"evento\">\n            <a target=\"_blank\" href=\"https:\/\/www.ull.es\/portal\/agenda\/evento\/mesa-institucional-internacionalizacion-y-cooperacion-en-el-espacio-iberoamericano\/\">\n                <div class=\"row programa\">\n                    <div class=\"col-md-2 horas\">\n                        <div class='horario'><i class='fa fa-clock-o'><\/i> 12:00 - 14:00<\/div><div class='duracion'>2h <\/div>                    <\/div>\n                    <div class=\"col-md-10\">\n                        <h3>Mesa institucional: 'Internacionalizaci\u00f3n y Cooperaci\u00f3n en el Espacio Iberoamericano'<\/h3><div class='localizacion'><i class='fa fa-map-marker'><\/i> Aula Magna del Edificio Central<\/div>                    <\/div>\n                <\/div>\n            <\/a>\n        <\/div>\n            <\/div>\n<\/div>\n\n<div class=\"row programa\">\n    <div class=\"col-md-2\">\n        <div class=\"date\">\n            <p class='nombredia'>Viernes<\/p><p class='fecha'>11\/10<\/p>        <\/div>\n    <\/div>\n\n    <div class=\"col-md-10 info\">\n                <div class=\"evento\">\n            <a target=\"_blank\" href=\"https:\/\/www.ull.es\/portal\/agenda\/evento\/mesa-institucional-participacion-juvenil-y-compromiso-social\/\">\n                <div class=\"row programa\">\n                    <div class=\"col-md-2 horas\">\n                        <div class='horario'><i class='fa fa-clock-o'><\/i> 12:00 - 14:00<\/div><div class='duracion'>2h <\/div>                    <\/div>\n                    <div class=\"col-md-10\">\n                        <h3>Mesa institucional: 'Participaci\u00f3n juvenil y compromiso social'<\/h3><div class='localizacion'><i class='fa fa-map-marker'><\/i> Aula Magna del Edificio Central<\/div>                    <\/div>\n                <\/div>\n            <\/a>\n        <\/div>\n            <\/div>\n<\/div>\n\n<div class=\"row programa\">\n    <div class=\"col-md-2\">\n        <div class=\"date\">\n            <p class='nombredia'>Martes<\/p><p class='fecha'>15\/10<\/p>        <\/div>\n    <\/div>\n\n    <div class=\"col-md-10 info\">\n                <div class=\"evento\">\n            <a target=\"_blank\" href=\"https:\/\/www.ull.es\/portal\/agenda\/evento\/mesa-institucional-titulaciones-internacionales\/\">\n                <div class=\"row programa\">\n                    <div class=\"col-md-2 horas\">\n                        <div class='horario'><i class='fa fa-clock-o'><\/i> 12:00 - 14:00<\/div><div class='duracion'>2h <\/div>                    <\/div>\n                    <div class=\"col-md-10\">\n                        <h3>Mesa institucional: 'Titulaciones Internacionales: construyendo el Espacio Iberoamericano de Educaci\u00f3n Superior'<\/h3><div class='localizacion'><i class='fa fa-map-marker'><\/i> Aula Magna del Edificio Central<\/div>                    <\/div>\n                <\/div>\n            <\/a>\n        <\/div>\n            <\/div>\n<\/div>\n\n<div class=\"row programa\">\n    <div class=\"col-md-2\">\n        <div class=\"date\">\n            <p class='nombredia'>Mi\u00e9rcoles<\/p><p class='fecha'>16\/10<\/p>        <\/div>\n    <\/div>\n\n    <div class=\"col-md-10 info\">\n                <div class=\"evento\">\n            <a target=\"_blank\" href=\"https:\/\/www.ull.es\/portal\/agenda\/evento\/mesa-institucional-universidad-ante-el-reto-de-la-transformacion-digital\/\">\n                <div class=\"row programa\">\n                    <div class=\"col-md-2 horas\">\n                        <div class='horario'><i class='fa fa-clock-o'><\/i> 12:00 - 14:00<\/div><div class='duracion'>2h <\/div>                    <\/div>\n                    <div class=\"col-md-10\">\n                        <h3>Mesa institucional: 'Universidad ante el reto de la Transformaci\u00f3n Digital'<\/h3><div class='localizacion'><i class='fa fa-map-marker'><\/i> Aula Magna del Edificio Central<\/div>                    <\/div>\n                <\/div>\n            <\/a>\n        <\/div>\n            <\/div>\n<\/div>\n\n<div class=\"row programa\">\n    <div class=\"col-md-2\">\n        <div class=\"date\">\n            <p class='nombredia'>Jueves<\/p><p class='fecha'>17\/10<\/p>        <\/div>\n    <\/div>\n\n    <div class=\"col-md-10 info\">\n                <div class=\"evento\">\n            <a target=\"_blank\" href=\"https:\/\/www.ull.es\/portal\/agenda\/evento\/mesa-institucional-cultura-y-patrimonio-ciudades-patrimonio-mundial-y-universidades-iberoamericanas\/\">\n                <div class=\"row programa\">\n                    <div class=\"col-md-2 horas\">\n                        <div class='horario'><i class='fa fa-clock-o'><\/i> 12:00 - 14:00<\/div><div class='duracion'>2h <\/div>                    <\/div>\n                    <div class=\"col-md-10\">\n                        <h3>Mesa institucional: 'Cultura y Patrimonio: ciudades patrimonio mundial y universidades iberoamericanas'<\/h3><div class='localizacion'><i class='fa fa-map-marker'><\/i> Aula Magna del Edificio Central<\/div>                    <\/div>\n                <\/div>\n            <\/a>\n        <\/div>\n            <\/div>\n<\/div>\n\n<div class=\"row programa\">\n    <div class=\"col-md-2\">\n        <div class=\"date\">\n            <p class='nombredia'>Viernes<\/p><p class='fecha'>18\/10<\/p>        <\/div>\n    <\/div>\n\n    <div class=\"col-md-10 info\">\n                <div class=\"evento\">\n            <a target=\"_blank\" href=\"https:\/\/www.ull.es\/portal\/agenda\/evento\/clausura-campus-america-2024\/\">\n                <div class=\"row programa\">\n                    <div class=\"col-md-2 horas\">\n                        <div class='horario'><i class='fa fa-clock-o'><\/i> 18:00 - 20:00<\/div><div class='duracion'>2h <\/div>                    <\/div>\n                    <div class=\"col-md-10\">\n                        <h3>Clausura Campus Am\u00e9rica 2024<\/h3><div class='localizacion'><i class='fa fa-map-marker'><\/i> Paraninfo<\/div>                    <\/div>\n                <\/div>\n            <\/a>\n        <\/div>\n            <\/div>\n<\/div>\n[\/vc_column_text][vc_empty_space height=\u00bb60px\u00bb][\/vc_column][\/vc_row][vc_row][vc_column][vc_empty_space][\/vc_column][\/vc_row][vc_row][vc_column width=\u00bb1\/4&#8243;][\/vc_column][vc_column width=\u00bb1\/4&#8243;][\/vc_column][vc_column width=\u00bb1\/4&#8243;][\/vc_column][vc_column width=\u00bb1\/4&#8243;][vc_column_text]<a class=\"btn-destacado\" style=\"background-color: #149aa1; font-size: 22px;\" href=\"https:\/\/www.ull.es\/portal\/campusamerica\/programa\/\" rel=\"noopener noreferrer\" target=\"_blank\" rel=\"noopener\">Ir al programa completo <i class=\"fa fa-arrow-right\"><\/i><\/a>[\/vc_column_text][\/vc_column][\/vc_row][vc_row][vc_column][vc_empty_space height=\u00bb100px\u00bb][\/vc_column][\/vc_row][vc_row][vc_column][vc_column_text]<\/p>\n<p>[\/vc_column_text][\/vc_column][\/vc_row]<\/p>\n","protected":false},"excerpt":{"rendered":"<p>[vc_row][vc_column][vc_empty_space][vc_custom_heading text=\u00bbActos Institucionales\u00bb font_container=\u00bbtag:h2|font_size:50px|text_align:left|color:%23171e32&#8243; google_fonts=\u00bbfont_family:Roboto%20Condensed%3A300%2C300italic%2Cregular%2Citalic%2C700%2C700italic|font_style:700%20bold%20regular%3A700%3Anormal\u00bb][vc_empty_space][vc_column_text]Haga clic sobre el evento en el que est\u00e9 interesado para conocer todos los detalles, fechas y horas de celebraci\u00f3n completas[\/vc_column_text][vc_empty_space][vc_column_text][\/vc_column_text][vc_empty_space height=\u00bb60px\u00bb][\/vc_column][\/vc_row][vc_row][vc_column][vc_empty_space][\/vc_column][\/vc_row][vc_row][vc_column width=\u00bb1\/4&#8243;][\/vc_column][vc_column width=\u00bb1\/4&#8243;][\/vc_column][vc_column width=\u00bb1\/4&#8243;][\/vc_column][vc_column width=\u00bb1\/4&#8243;][vc_column_text]Ir al programa completo [\/vc_column_text][\/vc_column][\/vc_row][vc_row][vc_column][vc_empty_space height=\u00bb100px\u00bb][\/vc_column][\/vc_row][vc_row][vc_column][vc_column_text] [\/vc_column_text][\/vc_column][\/vc_row]<\/p>\n","protected":false},"author":86,"featured_media":0,"parent":1706,"menu_order":0,"comment_status":"closed","ping_status":"closed","template":"templates\/template-frontpage.php","meta":{"inline_featured_image":false,"footnotes":""},"acf":[],"yoast_head":"<!-- This site is optimized with the Yoast SEO plugin v21.3 - https:\/\/yoast.com\/wordpress\/plugins\/seo\/ -->\n<title>Actos Institucionales - Campus Am\u00e9rica<\/title>\n<meta name=\"robots\" content=\"index, follow, max-snippet:-1, max-image-preview:large, max-video-preview:-1\" \/>\n<link rel=\"canonical\" href=\"https:\/\/www.ull.es\/portal\/campusamerica\/programa\/actos-institucionales\/\" \/>\n<meta property=\"og:locale\" content=\"es_ES\" \/>\n<meta property=\"og:type\" content=\"article\" \/>\n<meta property=\"og:title\" content=\"Actos Institucionales - Campus Am\u00e9rica\" \/>\n<meta property=\"og:description\" content=\"[vc_row][vc_column][vc_empty_space][vc_custom_heading text=\u00bbActos Institucionales\u00bb font_container=\u00bbtag:h2|font_size:50px|text_align:left|color:%23171e32&#8243; google_fonts=\u00bbfont_family:Roboto%20Condensed%3A300%2C300italic%2Cregular%2Citalic%2C700%2C700italic|font_style:700%20bold%20regular%3A700%3Anormal\u00bb][vc_empty_space][vc_column_text]Haga clic sobre el evento en el que est\u00e9 interesado para conocer todos los detalles, fechas y horas de celebraci\u00f3n completas[\/vc_column_text][vc_empty_space][vc_column_text][\/vc_column_text][vc_empty_space height=\u00bb60px\u00bb][\/vc_column][\/vc_row][vc_row][vc_column][vc_empty_space][\/vc_column][\/vc_row][vc_row][vc_column width=\u00bb1\/4&#8243;][\/vc_column][vc_column width=\u00bb1\/4&#8243;][\/vc_column][vc_column width=\u00bb1\/4&#8243;][\/vc_column][vc_column width=\u00bb1\/4&#8243;][vc_column_text]Ir al programa completo [\/vc_column_text][\/vc_column][\/vc_row][vc_row][vc_column][vc_empty_space height=\u00bb100px\u00bb][\/vc_column][\/vc_row][vc_row][vc_column][vc_column_text] [\/vc_column_text][\/vc_column][\/vc_row]\" \/>\n<meta property=\"og:url\" content=\"https:\/\/www.ull.es\/portal\/campusamerica\/programa\/actos-institucionales\/\" \/>\n<meta property=\"og:site_name\" content=\"Campus Am\u00e9rica\" \/>\n<meta property=\"article:modified_time\" content=\"2024-06-28T07:57:02+00:00\" \/>\n<meta name=\"twitter:card\" content=\"summary_large_image\" \/>\n<meta name=\"twitter:label1\" content=\"Tiempo de lectura\" \/>\n\t<meta name=\"twitter:data1\" content=\"1 minuto\" \/>\n<script type=\"application\/ld+json\" class=\"yoast-schema-graph\">{\"@context\":\"https:\/\/schema.org\",\"@graph\":[{\"@type\":\"WebPage\",\"@id\":\"https:\/\/www.ull.es\/portal\/campusamerica\/programa\/actos-institucionales\/\",\"url\":\"https:\/\/www.ull.es\/portal\/campusamerica\/programa\/actos-institucionales\/\",\"name\":\"Actos Institucionales - Campus Am\u00e9rica\",\"isPartOf\":{\"@id\":\"https:\/\/www.ull.es\/portal\/campusamerica\/#website\"},\"datePublished\":\"2022-07-19T14:31:08+00:00\",\"dateModified\":\"2024-06-28T07:57:02+00:00\",\"breadcrumb\":{\"@id\":\"https:\/\/www.ull.es\/portal\/campusamerica\/programa\/actos-institucionales\/#breadcrumb\"},\"inLanguage\":\"es\",\"potentialAction\":[{\"@type\":\"ReadAction\",\"target\":[\"https:\/\/www.ull.es\/portal\/campusamerica\/programa\/actos-institucionales\/\"]}]},{\"@type\":\"BreadcrumbList\",\"@id\":\"https:\/\/www.ull.es\/portal\/campusamerica\/programa\/actos-institucionales\/#breadcrumb\",\"itemListElement\":[{\"@type\":\"ListItem\",\"position\":1,\"name\":\"Portada\",\"item\":\"https:\/\/www.ull.es\/portal\/campusamerica\/\"},{\"@type\":\"ListItem\",\"position\":2,\"name\":\"Programa 2026\",\"item\":\"https:\/\/www.ull.es\/portal\/campusamerica\/programa\/\"},{\"@type\":\"ListItem\",\"position\":3,\"name\":\"Actos Institucionales\"}]},{\"@type\":\"WebSite\",\"@id\":\"https:\/\/www.ull.es\/portal\/campusamerica\/#website\",\"url\":\"https:\/\/www.ull.es\/portal\/campusamerica\/\",\"name\":\"Campus Am\u00e9rica\",\"description\":\"\",\"potentialAction\":[{\"@type\":\"SearchAction\",\"target\":{\"@type\":\"EntryPoint\",\"urlTemplate\":\"https:\/\/www.ull.es\/portal\/campusamerica\/?s={search_term_string}\"},\"query-input\":\"required name=search_term_string\"}],\"inLanguage\":\"es\"}]}<\/script>\n<!-- \/ Yoast SEO plugin. -->","yoast_head_json":{"title":"Actos Institucionales - Campus Am\u00e9rica","robots":{"index":"index","follow":"follow","max-snippet":"max-snippet:-1","max-image-preview":"max-image-preview:large","max-video-preview":"max-video-preview:-1"},"canonical":"https:\/\/www.ull.es\/portal\/campusamerica\/programa\/actos-institucionales\/","og_locale":"es_ES","og_type":"article","og_title":"Actos Institucionales - Campus Am\u00e9rica","og_description":"[vc_row][vc_column][vc_empty_space][vc_custom_heading text=\u00bbActos Institucionales\u00bb font_container=\u00bbtag:h2|font_size:50px|text_align:left|color:%23171e32&#8243; google_fonts=\u00bbfont_family:Roboto%20Condensed%3A300%2C300italic%2Cregular%2Citalic%2C700%2C700italic|font_style:700%20bold%20regular%3A700%3Anormal\u00bb][vc_empty_space][vc_column_text]Haga clic sobre el evento en el que est\u00e9 interesado para conocer todos los detalles, fechas y horas de celebraci\u00f3n completas[\/vc_column_text][vc_empty_space][vc_column_text][\/vc_column_text][vc_empty_space height=\u00bb60px\u00bb][\/vc_column][\/vc_row][vc_row][vc_column][vc_empty_space][\/vc_column][\/vc_row][vc_row][vc_column width=\u00bb1\/4&#8243;][\/vc_column][vc_column width=\u00bb1\/4&#8243;][\/vc_column][vc_column width=\u00bb1\/4&#8243;][\/vc_column][vc_column width=\u00bb1\/4&#8243;][vc_column_text]Ir al programa completo [\/vc_column_text][\/vc_column][\/vc_row][vc_row][vc_column][vc_empty_space height=\u00bb100px\u00bb][\/vc_column][\/vc_row][vc_row][vc_column][vc_column_text] [\/vc_column_text][\/vc_column][\/vc_row]","og_url":"https:\/\/www.ull.es\/portal\/campusamerica\/programa\/actos-institucionales\/","og_site_name":"Campus Am\u00e9rica","article_modified_time":"2024-06-28T07:57:02+00:00","twitter_card":"summary_large_image","twitter_misc":{"Tiempo de lectura":"1 minuto"},"schema":{"@context":"https:\/\/schema.org","@graph":[{"@type":"WebPage","@id":"https:\/\/www.ull.es\/portal\/campusamerica\/programa\/actos-institucionales\/","url":"https:\/\/www.ull.es\/portal\/campusamerica\/programa\/actos-institucionales\/","name":"Actos Institucionales - Campus Am\u00e9rica","isPartOf":{"@id":"https:\/\/www.ull.es\/portal\/campusamerica\/#website"},"datePublished":"2022-07-19T14:31:08+00:00","dateModified":"2024-06-28T07:57:02+00:00","breadcrumb":{"@id":"https:\/\/www.ull.es\/portal\/campusamerica\/programa\/actos-institucionales\/#breadcrumb"},"inLanguage":"es","potentialAction":[{"@type":"ReadAction","target":["https:\/\/www.ull.es\/portal\/campusamerica\/programa\/actos-institucionales\/"]}]},{"@type":"BreadcrumbList","@id":"https:\/\/www.ull.es\/portal\/campusamerica\/programa\/actos-institucionales\/#breadcrumb","itemListElement":[{"@type":"ListItem","position":1,"name":"Portada","item":"https:\/\/www.ull.es\/portal\/campusamerica\/"},{"@type":"ListItem","position":2,"name":"Programa 2026","item":"https:\/\/www.ull.es\/portal\/campusamerica\/programa\/"},{"@type":"ListItem","position":3,"name":"Actos Institucionales"}]},{"@type":"WebSite","@id":"https:\/\/www.ull.es\/portal\/campusamerica\/#website","url":"https:\/\/www.ull.es\/portal\/campusamerica\/","name":"Campus Am\u00e9rica","description":"","potentialAction":[{"@type":"SearchAction","target":{"@type":"EntryPoint","urlTemplate":"https:\/\/www.ull.es\/portal\/campusamerica\/?s={search_term_string}"},"query-input":"required name=search_term_string"}],"inLanguage":"es"}]}},"_links":{"self":[{"href":"https:\/\/www.ull.es\/portal\/campusamerica\/wp-json\/wp\/v2\/pages\/1206"}],"collection":[{"href":"https:\/\/www.ull.es\/portal\/campusamerica\/wp-json\/wp\/v2\/pages"}],"about":[{"href":"https:\/\/www.ull.es\/portal\/campusamerica\/wp-json\/wp\/v2\/types\/page"}],"author":[{"embeddable":true,"href":"https:\/\/www.ull.es\/portal\/campusamerica\/wp-json\/wp\/v2\/users\/86"}],"replies":[{"embeddable":true,"href":"https:\/\/www.ull.es\/portal\/campusamerica\/wp-json\/wp\/v2\/comments?post=1206"}],"version-history":[{"count":11,"href":"https:\/\/www.ull.es\/portal\/campusamerica\/wp-json\/wp\/v2\/pages\/1206\/revisions"}],"predecessor-version":[{"id":2074,"href":"https:\/\/www.ull.es\/portal\/campusamerica\/wp-json\/wp\/v2\/pages\/1206\/revisions\/2074"}],"up":[{"embeddable":true,"href":"https:\/\/www.ull.es\/portal\/campusamerica\/wp-json\/wp\/v2\/pages\/1706"}],"wp:attachment":[{"href":"https:\/\/www.ull.es\/portal\/campusamerica\/wp-json\/wp\/v2\/media?parent=1206"}],"curies":[{"name":"wp","href":"https:\/\/api.w.org\/{rel}","templated":true}]}}